{"id":7737,"date":"2024-10-11T15:01:07","date_gmt":"2024-10-11T12:01:07","guid":{"rendered":"https:\/\/tuunerstuudio.ee\/uuswp\/?post_type=product&#038;p=7737"},"modified":"2025-02-25T19:09:54","modified_gmt":"2025-02-25T17:09:54","slug":"audi-s3-a4-1-8t-me-7-5-maxxecu-race-plugin-standard","status":"publish","type":"product","link":"https:\/\/tuunerstuudio.ee\/ru\/toode\/audi-s3-a4-1-8t-me-7-5-maxxecu-race-plugin-standard\/","title":{"rendered":"Audi S3\/A4 1.8T (ME 7.5) MaxxECU RACE Plugin STANDARD"},"content":{"rendered":"<p><a href=\"https:\/\/tuunerstuudio.ee\/wp-content\/uploads\/2023\/12\/1889-maxxecu_plugin_race_a4_s3-03-1.jpg\"><img loading=\"lazy\" decoding=\"async\" class=\" wd-lazy-fade alignnone size-medium wp-image-20291\" src=\"https:\/\/tuunerstuudio.ee\/wp-content\/themes\/tuunerstuudio5\/images\/lazy.svg\" data-src=\"https:\/\/tuunerstuudio.ee\/wp-content\/uploads\/2023\/12\/1889-maxxecu_plugin_race_a4_s3-03-1-300x225.jpg\" alt=\"\" width=\"300\" height=\"225\" \/><\/a><\/p>\n","protected":false},"excerpt":{"rendered":"<p id=\"tw-target-text\" class=\"tw-data-text tw-text-large tw-ta\" dir=\"ltr\" data-placeholder=\"T\u00f5lge\" data-ved=\"2ahUKEwjbjb7Hh6WDAxVG6AIHHcafDbAQ3ewLegQIChAQ\"><strong><span class=\"Y2IQFc\" lang=\"et\">MaxxECU RACE on usaldusv\u00e4\u00e4rne ja kiire. MaxxECU annab teile t\u00e4ieliku mootori juhtimise! <\/span><\/strong><\/p>\n<ul>\n<li class=\"tw-data-text tw-text-large tw-ta\" dir=\"ltr\" data-placeholder=\"T\u00f5lge\" data-ved=\"2ahUKEwjbjb7Hh6WDAxVG6AIHHcafDbAQ3ewLegQIChAQ\"><span class=\"Y2IQFc\" lang=\"et\">8 sisseehitatud heitgaasi temperatuuri (t\u00fc\u00fcp k) v\u00f5imendit (l\u00e4heb vaja teist juhtmestikku veel)<\/span><\/li>\n<li class=\"tw-data-text tw-text-large tw-ta\" dir=\"ltr\" data-placeholder=\"T\u00f5lge\" data-ved=\"2ahUKEwjbjb7Hh6WDAxVG6AIHHcafDbAQ3ewLegQIChAQ\"><span class=\"Y2IQFc\" lang=\"et\">Sisseehitatud 400kPa (3bar boost) MAP-andur<\/span><\/li>\n<li class=\"tw-data-text tw-text-large tw-ta\" dir=\"ltr\" data-placeholder=\"T\u00f5lge\" data-ved=\"2ahUKEwjbjb7Hh6WDAxVG6AIHHcafDbAQ3ewLegQIChAQ\"><span class=\"Y2IQFc\" lang=\"et\">Kiire ja t\u00f6\u00f6kindel USB-arvuti side<\/span><\/li>\n<li class=\"tw-data-text tw-text-large tw-ta\" dir=\"ltr\" data-placeholder=\"T\u00f5lge\" data-ved=\"2ahUKEwjbjb7Hh6WDAxVG6AIHHcafDbAQ3ewLegQIChAQ\"><span class=\"Y2IQFc\" lang=\"et\">Android MDash rakendus juhtmevaba BT-side\u00a0<\/span><\/li>\n<li class=\"tw-data-text tw-text-large tw-ta\" dir=\"ltr\" data-placeholder=\"T\u00f5lge\" data-ved=\"2ahUKEwjbjb7Hh6WDAxVG6AIHHcafDbAQ3ewLegQIChAQ\"><span class=\"Y2IQFc\" lang=\"et\">Varu MAF-anduri saab eemaldada (kui on olemas) ja asendada MaxxECU sisemise MAP-anduriga<\/span><\/li>\n<li class=\"tw-data-text tw-text-large tw-ta\" dir=\"ltr\" data-placeholder=\"T\u00f5lge\" data-ved=\"2ahUKEwjbjb7Hh6WDAxVG6AIHHcafDbAQ3ewLegQIChAQ\"><span class=\"Y2IQFc\" lang=\"et\">Juhtige algset t\u00fchik\u00e4igu solenoidi, kliimat, tahhomeetrit ja muud originaalvarustust<\/span><\/li>\n<li class=\"tw-data-text tw-text-large tw-ta\" dir=\"ltr\" data-placeholder=\"T\u00f5lge\" data-ved=\"2ahUKEwjbjb7Hh6WDAxVG6AIHHcafDbAQ3ewLegQIChAQ\"><span class=\"Y2IQFc\" lang=\"et\">K\u00fctusepihustid saab asendada valikulise k\u00f5rge v\u00f5i madala oomiga<\/span><\/li>\n<li class=\"tw-data-text tw-text-large tw-ta\" dir=\"ltr\" data-placeholder=\"T\u00f5lge\" data-ved=\"2ahUKEwjbjb7Hh6WDAxVG6AIHHcafDbAQ3ewLegQIChAQ\"><span class=\"Y2IQFc\" lang=\"et\">Lambdaanduri(d) saab eemaldada (ei kasutata) ja asendada LSU 4.2 lairiba lambdaanduriga (ei kuulu komplekti)<\/span><\/li>\n<li class=\"tw-data-text tw-text-large tw-ta\" dir=\"ltr\" data-placeholder=\"T\u00f5lge\" data-ved=\"2ahUKEwjbjb7Hh6WDAxVG6AIHHcafDbAQ3ewLegQIChAQ\"><span class=\"Y2IQFc\" lang=\"et\">S\u00f5iduki algs\u00fcsteemis ei ole vaja muudatusi teha<\/span><\/li>\n<\/ul>\n","protected":false},"featured_media":7767,"comment_status":"closed","ping_status":"closed","template":"","meta":[],"product_brand":[],"product_cat":[51,52,329,332,333],"product_tag":[1425],"class_list":{"0":"post-7737","1":"product","2":"type-product","3":"status-publish","4":"has-post-thumbnail","6":"product_cat-juhtajud","7":"product_cat-maxxecu","8":"product_cat-plugin-ecu-tarvikud","9":"product_cat-plugin-ecu","10":"product_cat-audi-plugin-ecu","11":"product_tag-maxxecu","13":"first","14":"onbackorder","15":"taxable","16":"shipping-taxable","17":"purchasable","18":"product-type-simple"},"yoast_head":"<!-- This site is optimized with the Yoast SEO plugin v26.9 - https:\/\/yoast.com\/product\/yoast-seo-wordpress\/ -->\n<title>Audi S3\/A4 1.8T (ME 7.5) MaxxECU RACE Plugin STANDARD - TuunerStuudio<\/title>\n<meta name=\"robots\" content=\"index, follow, max-snippet:-1, max-image-preview:large, max-video-preview:-1\" \/>\n<link rel=\"canonical\" href=\"https:\/\/tuunerstuudio.ee\/ru\/toode\/audi-s3-a4-1-8t-me-7-5-maxxecu-race-plugin-standard\/\" \/>\n<meta property=\"og:locale\" content=\"ru_RU\" \/>\n<meta property=\"og:type\" content=\"article\" \/>\n<meta property=\"og:title\" content=\"Audi S3\/A4 1.8T (ME 7.5) MaxxECU RACE Plugin STANDARD - TuunerStuudio\" \/>\n<meta property=\"og:description\" content=\"MaxxECU RACE on usaldusv\u00e4\u00e4rne ja kiire. MaxxECU annab teile t\u00e4ieliku mootori juhtimise!     8 sisseehitatud heitgaasi temperatuuri (t\u00fc\u00fcp k) v\u00f5imendit (l\u00e4heb vaja teist juhtmestikku veel)  Sisseehitatud 400kPa (3bar boost) MAP-andur  Kiire ja t\u00f6\u00f6kindel USB-arvuti side  Android MDash rakendus juhtmevaba BT-side\u00a0  Varu MAF-anduri saab eemaldada (kui on olemas) ja asendada MaxxECU sisemise MAP-anduriga  Juhtige algset t\u00fchik\u00e4igu solenoidi, kliimat, tahhomeetrit ja muud originaalvarustust  K\u00fctusepihustid saab asendada valikulise k\u00f5rge v\u00f5i madala oomiga  Lambdaanduri(d) saab eemaldada (ei kasutata) ja asendada LSU 4.2 lairiba lambdaanduriga (ei kuulu komplekti)  S\u00f5iduki algs\u00fcsteemis ei ole vaja muudatusi teha\" \/>\n<meta property=\"og:url\" content=\"https:\/\/tuunerstuudio.ee\/ru\/toode\/audi-s3-a4-1-8t-me-7-5-maxxecu-race-plugin-standard\/\" \/>\n<meta property=\"og:site_name\" content=\"TuunerStuudio\" \/>\n<meta property=\"article:modified_time\" content=\"2025-02-25T17:09:54+00:00\" \/>\n<meta property=\"og:image\" content=\"https:\/\/tuunerstuudio.ee\/wp-content\/uploads\/2024\/10\/1889-maxxecu_plugin_race_a4_s3-01-1.jpg\" \/>\n\t<meta property=\"og:image:width\" content=\"800\" \/>\n\t<meta property=\"og:image:height\" content=\"600\" \/>\n\t<meta property=\"og:image:type\" content=\"image\/jpeg\" \/>\n<meta name=\"twitter:card\" content=\"summary_large_image\" \/>\n<meta name=\"twitter:label1\" content=\"\u041f\u0440\u0438\u043c\u0435\u0440\u043d\u043e\u0435 \u0432\u0440\u0435\u043c\u044f \u0434\u043b\u044f \u0447\u0442\u0435\u043d\u0438\u044f\" \/>\n\t<meta name=\"twitter:data1\" content=\"1 \u043c\u0438\u043d\u0443\u0442\u0430\" \/>\n<script type=\"application\/ld+json\" class=\"yoast-schema-graph\">{\"@context\":\"https:\/\/schema.org\",\"@graph\":[{\"@type\":\"WebPage\",\"@id\":\"https:\/\/tuunerstuudio.ee\/ru\/toode\/audi-s3-a4-1-8t-me-7-5-maxxecu-race-plugin-standard\/\",\"url\":\"https:\/\/tuunerstuudio.ee\/ru\/toode\/audi-s3-a4-1-8t-me-7-5-maxxecu-race-plugin-standard\/\",\"name\":\"Audi S3\/A4 1.8T (ME 7.5) MaxxECU RACE Plugin STANDARD - TuunerStuudio\",\"isPartOf\":{\"@id\":\"https:\/\/tuunerstuudio.ee\/ru\/#website\"},\"primaryImageOfPage\":{\"@id\":\"https:\/\/tuunerstuudio.ee\/ru\/toode\/audi-s3-a4-1-8t-me-7-5-maxxecu-race-plugin-standard\/#primaryimage\"},\"image\":{\"@id\":\"https:\/\/tuunerstuudio.ee\/toode\/audi-s3-a4-1-8t-me-7-5-maxxecu-race-plugin-standard\/#primaryimage\"},\"thumbnailUrl\":\"https:\/\/tuunerstuudio.ee\/wp-content\/uploads\/2024\/10\/1889-maxxecu_plugin_race_a4_s3-01-1.jpg\",\"datePublished\":\"2024-10-11T12:01:07+00:00\",\"dateModified\":\"2025-02-25T17:09:54+00:00\",\"breadcrumb\":{\"@id\":\"https:\/\/tuunerstuudio.ee\/ru\/toode\/audi-s3-a4-1-8t-me-7-5-maxxecu-race-plugin-standard\/#breadcrumb\"},\"inLanguage\":\"ru-RU\",\"potentialAction\":[{\"@type\":\"ReadAction\",\"target\":[[\"https:\/\/tuunerstuudio.ee\/ru\/toode\/audi-s3-a4-1-8t-me-7-5-maxxecu-race-plugin-standard\/\"]]}]},{\"@type\":\"ImageObject\",\"inLanguage\":\"ru-RU\",\"@id\":\"https:\/\/tuunerstuudio.ee\/ru\/toode\/audi-s3-a4-1-8t-me-7-5-maxxecu-race-plugin-standard\/#primaryimage\",\"url\":\"https:\/\/tuunerstuudio.ee\/wp-content\/uploads\/2024\/10\/1889-maxxecu_plugin_race_a4_s3-01-1.jpg\",\"contentUrl\":\"https:\/\/tuunerstuudio.ee\/wp-content\/uploads\/2024\/10\/1889-maxxecu_plugin_race_a4_s3-01-1.jpg\",\"width\":800,\"height\":600},{\"@type\":\"BreadcrumbList\",\"@id\":\"https:\/\/tuunerstuudio.ee\/ru\/toode\/audi-s3-a4-1-8t-me-7-5-maxxecu-race-plugin-standard\/#breadcrumb\",\"itemListElement\":[{\"@type\":\"ListItem\",\"position\":1,\"name\":\"Home\",\"item\":\"https:\/\/tuunerstuudio.ee\/ru\/\"},{\"@type\":\"ListItem\",\"position\":2,\"name\":\"Tooted\",\"item\":\"https:\/\/www.tuunerstuudio.ee\/tooted\/\"},{\"@type\":\"ListItem\",\"position\":3,\"name\":\"Audi S3\/A4 1.8T (ME 7.5) MaxxECU RACE Plugin STANDARD\"}]},{\"@type\":\"WebSite\",\"@id\":\"https:\/\/tuunerstuudio.ee\/ru\/#website\",\"url\":\"https:\/\/tuunerstuudio.ee\/ru\/\",\"name\":\"tuunerstuudio\",\"description\":\"\",\"potentialAction\":[{\"@type\":\"SearchAction\",\"target\":{\"@type\":\"EntryPoint\",\"urlTemplate\":\"https:\/\/tuunerstuudio.ee\/ru\/?s={search_term_string}\"},\"query-input\":{\"@type\":\"PropertyValueSpecification\",\"valueRequired\":true,\"valueName\":\"search_term_string\"}}],\"inLanguage\":\"ru-RU\"}]}<\/script>\n<!-- \/ Yoast SEO plugin. -->","yoast_head_json":{"title":"Audi S3\/A4 1.8T (ME 7.5) MaxxECU RACE Plugin STANDARD - TuunerStuudio","robots":{"index":"index","follow":"follow","max-snippet":"max-snippet:-1","max-image-preview":"max-image-preview:large","max-video-preview":"max-video-preview:-1"},"canonical":"https:\/\/tuunerstuudio.ee\/ru\/toode\/audi-s3-a4-1-8t-me-7-5-maxxecu-race-plugin-standard\/","og_locale":"ru_RU","og_type":"article","og_title":"Audi S3\/A4 1.8T (ME 7.5) MaxxECU RACE Plugin STANDARD - TuunerStuudio","og_description":"MaxxECU RACE on usaldusv\u00e4\u00e4rne ja kiire. MaxxECU annab teile t\u00e4ieliku mootori juhtimise!     8 sisseehitatud heitgaasi temperatuuri (t\u00fc\u00fcp k) v\u00f5imendit (l\u00e4heb vaja teist juhtmestikku veel)  Sisseehitatud 400kPa (3bar boost) MAP-andur  Kiire ja t\u00f6\u00f6kindel USB-arvuti side  Android MDash rakendus juhtmevaba BT-side\u00a0  Varu MAF-anduri saab eemaldada (kui on olemas) ja asendada MaxxECU sisemise MAP-anduriga  Juhtige algset t\u00fchik\u00e4igu solenoidi, kliimat, tahhomeetrit ja muud originaalvarustust  K\u00fctusepihustid saab asendada valikulise k\u00f5rge v\u00f5i madala oomiga  Lambdaanduri(d) saab eemaldada (ei kasutata) ja asendada LSU 4.2 lairiba lambdaanduriga (ei kuulu komplekti)  S\u00f5iduki algs\u00fcsteemis ei ole vaja muudatusi teha","og_url":"https:\/\/tuunerstuudio.ee\/ru\/toode\/audi-s3-a4-1-8t-me-7-5-maxxecu-race-plugin-standard\/","og_site_name":"TuunerStuudio","article_modified_time":"2025-02-25T17:09:54+00:00","og_image":[{"width":800,"height":600,"url":"https:\/\/tuunerstuudio.ee\/wp-content\/uploads\/2024\/10\/1889-maxxecu_plugin_race_a4_s3-01-1.jpg","type":"image\/jpeg"}],"twitter_card":"summary_large_image","twitter_misc":{"\u041f\u0440\u0438\u043c\u0435\u0440\u043d\u043e\u0435 \u0432\u0440\u0435\u043c\u044f \u0434\u043b\u044f \u0447\u0442\u0435\u043d\u0438\u044f":"1 \u043c\u0438\u043d\u0443\u0442\u0430"},"schema":{"@context":"https:\/\/schema.org","@graph":[{"@type":"WebPage","@id":"https:\/\/tuunerstuudio.ee\/ru\/toode\/audi-s3-a4-1-8t-me-7-5-maxxecu-race-plugin-standard\/","url":"https:\/\/tuunerstuudio.ee\/ru\/toode\/audi-s3-a4-1-8t-me-7-5-maxxecu-race-plugin-standard\/","name":"Audi S3\/A4 1.8T (ME 7.5) MaxxECU RACE Plugin STANDARD - TuunerStuudio","isPartOf":{"@id":"https:\/\/tuunerstuudio.ee\/ru\/#website"},"primaryImageOfPage":{"@id":"https:\/\/tuunerstuudio.ee\/ru\/toode\/audi-s3-a4-1-8t-me-7-5-maxxecu-race-plugin-standard\/#primaryimage"},"image":{"@id":"https:\/\/tuunerstuudio.ee\/toode\/audi-s3-a4-1-8t-me-7-5-maxxecu-race-plugin-standard\/#primaryimage"},"thumbnailUrl":"https:\/\/tuunerstuudio.ee\/wp-content\/uploads\/2024\/10\/1889-maxxecu_plugin_race_a4_s3-01-1.jpg","datePublished":"2024-10-11T12:01:07+00:00","dateModified":"2025-02-25T17:09:54+00:00","breadcrumb":{"@id":"https:\/\/tuunerstuudio.ee\/ru\/toode\/audi-s3-a4-1-8t-me-7-5-maxxecu-race-plugin-standard\/#breadcrumb"},"inLanguage":"ru-RU","potentialAction":[{"@type":"ReadAction","target":[["https:\/\/tuunerstuudio.ee\/ru\/toode\/audi-s3-a4-1-8t-me-7-5-maxxecu-race-plugin-standard\/"]]}]},{"@type":"ImageObject","inLanguage":"ru-RU","@id":"https:\/\/tuunerstuudio.ee\/ru\/toode\/audi-s3-a4-1-8t-me-7-5-maxxecu-race-plugin-standard\/#primaryimage","url":"https:\/\/tuunerstuudio.ee\/wp-content\/uploads\/2024\/10\/1889-maxxecu_plugin_race_a4_s3-01-1.jpg","contentUrl":"https:\/\/tuunerstuudio.ee\/wp-content\/uploads\/2024\/10\/1889-maxxecu_plugin_race_a4_s3-01-1.jpg","width":800,"height":600},{"@type":"BreadcrumbList","@id":"https:\/\/tuunerstuudio.ee\/ru\/toode\/audi-s3-a4-1-8t-me-7-5-maxxecu-race-plugin-standard\/#breadcrumb","itemListElement":[{"@type":"ListItem","position":1,"name":"Home","item":"https:\/\/tuunerstuudio.ee\/ru\/"},{"@type":"ListItem","position":2,"name":"Tooted","item":"https:\/\/www.tuunerstuudio.ee\/tooted\/"},{"@type":"ListItem","position":3,"name":"Audi S3\/A4 1.8T (ME 7.5) MaxxECU RACE Plugin STANDARD"}]},{"@type":"WebSite","@id":"https:\/\/tuunerstuudio.ee\/ru\/#website","url":"https:\/\/tuunerstuudio.ee\/ru\/","name":"tuunerstuudio","description":"","potentialAction":[{"@type":"SearchAction","target":{"@type":"EntryPoint","urlTemplate":"https:\/\/tuunerstuudio.ee\/ru\/?s={search_term_string}"},"query-input":{"@type":"PropertyValueSpecification","valueRequired":true,"valueName":"search_term_string"}}],"inLanguage":"ru-RU"}]}},"_links":{"self":[{"href":"https:\/\/tuunerstuudio.ee\/ru\/wp-json\/wp\/v2\/product\/7737","targetHints":{"allow":["GET"]}}],"collection":[{"href":"https:\/\/tuunerstuudio.ee\/ru\/wp-json\/wp\/v2\/product"}],"about":[{"href":"https:\/\/tuunerstuudio.ee\/ru\/wp-json\/wp\/v2\/types\/product"}],"replies":[{"embeddable":true,"href":"https:\/\/tuunerstuudio.ee\/ru\/wp-json\/wp\/v2\/comments?post=7737"}],"wp:featuredmedia":[{"embeddable":true,"href":"https:\/\/tuunerstuudio.ee\/ru\/wp-json\/wp\/v2\/media\/7767"}],"wp:attachment":[{"href":"https:\/\/tuunerstuudio.ee\/ru\/wp-json\/wp\/v2\/media?parent=7737"}],"wp:term":[{"taxonomy":"product_brand","embeddable":true,"href":"https:\/\/tuunerstuudio.ee\/ru\/wp-json\/wp\/v2\/product_brand?post=7737"},{"taxonomy":"product_cat","embeddable":true,"href":"https:\/\/tuunerstuudio.ee\/ru\/wp-json\/wp\/v2\/product_cat?post=7737"},{"taxonomy":"product_tag","embeddable":true,"href":"https:\/\/tuunerstuudio.ee\/ru\/wp-json\/wp\/v2\/product_tag?post=7737"}],"curies":[{"name":"wp","href":"https:\/\/api.w.org\/{rel}","templated":true}]}}