{"id":7452,"date":"2024-10-11T14:59:03","date_gmt":"2024-10-11T11:59:03","guid":{"rendered":"https:\/\/tuunerstuudio.ee\/uuswp\/?post_type=product&#038;p=7452"},"modified":"2025-04-22T17:10:34","modified_gmt":"2025-04-22T14:10:34","slug":"suvi-performance-hudrokasipidur-pro-v2","status":"publish","type":"product","link":"https:\/\/tuunerstuudio.ee\/ru\/toode\/suvi-performance-hudrokasipidur-pro-v2\/","title":{"rendered":"Suvi Performance h\u00fcdrok\u00e4sipidur &#171;PRO V2&#187;"},"content":{"rendered":"<p>&nbsp;<\/p>\n<p>&nbsp;<\/p>\n<p><a href=\"https:\/\/tuunerstuudio.ee\/wp-content\/uploads\/2023\/12\/2B6BAD41-9C24-47CB-950E-208A7DF0B686-scaled.jpeg\"><img loading=\"lazy\" decoding=\"async\" class=\" wd-lazy-fade alignnone wp-image-19917 size-medium\" src=\"https:\/\/tuunerstuudio.ee\/wp-content\/themes\/tuunerstuudio5\/images\/lazy.svg\" data-src=\"https:\/\/tuunerstuudio.ee\/wp-content\/uploads\/2023\/12\/2B6BAD41-9C24-47CB-950E-208A7DF0B686-225x300.jpeg\" alt=\"\" width=\"225\" height=\"300\" \/><\/a><\/p>\n<p><strong>ENG<\/strong><\/p>\n<p>Strenx steel frame<br \/>\nAluminium handle<br \/>\nFEA optimized design<br \/>\nAluminium parts anodized<br \/>\nSteel frame rumbled and coated with black zinc<br \/>\nPretensioned lubrication free bushings on handle. Resistant to moisture and dirt<br \/>\nMade in Estonia<\/p>\n<p id=\"tw-target-text\" class=\"tw-data-text tw-text-large tw-ta\" dir=\"ltr\" data-placeholder=\"T\u00f5lge\" data-ved=\"2ahUKEwjvu-P09KyEAxVMIBAIHTg2B2gQ3ewLegQIBxAU\"><strong><span class=\"Y2IQFc\" lang=\"en\">The cylinder is not included!<\/span><\/strong><\/p>\n<p><strong>SWE<\/strong><\/p>\n<p>Strenx st\u00e5l ram<br \/>\nAluminium handtag<br \/>\nFEA optimerat design<br \/>\nAluminium detaljer eloxerade<br \/>\nSt\u00e5l ram ytbehandlad med svart zinc<br \/>\nF\u00f6rsp\u00e4nda sm\u00f6rjfria bussningar p\u00e5 handtaget. Motst\u00e5ndskraftig mot fukt och smuts<br \/>\nTillverkad Estland<\/p>\n<p id=\"tw-target-text\" class=\"tw-data-text tw-text-large tw-ta\" dir=\"ltr\" data-placeholder=\"T\u00f5lge\" data-ved=\"2ahUKEwjvu-P09KyEAxVMIBAIHTg2B2gQ3ewLegQIBxAU\"><strong><span class=\"Y2IQFc\" lang=\"sv\">Cylindern ing\u00e5r ej!<\/span><\/strong><\/p>\n<p>&nbsp;<\/p>\n","protected":false},"excerpt":{"rendered":"<p><strong>EST<\/strong><\/p>\n<p>Strenx terasest raam<br \/>\nAlumiinium hoob<br \/>\nFEA optimeeritud disain<br \/>\nAlumiinium detailid anodeeritud<br \/>\nTerasraam trummeldatud ja kaetud musta tsingiga<br \/>\nSpetsiaalsed eelpingega ja m\u00e4\u00e4rdevabad puksid pedaalidel. Ei karda niiskust ega mustust<br \/>\nValmistatud Eestis<\/p>\n<p><strong>Silinder ei kuulu komplekti!<\/strong><\/p>\n","protected":false},"featured_media":7481,"comment_status":"closed","ping_status":"closed","template":"","meta":[],"product_brand":[],"product_cat":[154,155],"product_tag":[],"class_list":{"0":"post-7452","1":"product","2":"type-product","3":"status-publish","4":"has-post-thumbnail","6":"product_cat-hudraulilised-kasipidurid","7":"product_cat-suvi-performance","9":"first","10":"onbackorder","11":"taxable","12":"shipping-taxable","13":"purchasable","14":"product-type-simple"},"yoast_head":"<!-- This site is optimized with the Yoast SEO plugin v26.9 - https:\/\/yoast.com\/product\/yoast-seo-wordpress\/ -->\n<title>Suvi Performance h\u00fcdrok\u00e4sipidur &quot;PRO V2&quot; - TuunerStuudio<\/title>\n<meta name=\"robots\" content=\"index, follow, max-snippet:-1, max-image-preview:large, max-video-preview:-1\" \/>\n<link rel=\"canonical\" href=\"https:\/\/tuunerstuudio.ee\/ru\/toode\/suvi-performance-hudrokasipidur-pro-v2\/\" \/>\n<meta property=\"og:locale\" content=\"ru_RU\" \/>\n<meta property=\"og:type\" content=\"article\" \/>\n<meta property=\"og:title\" content=\"Suvi Performance h\u00fcdrok\u00e4sipidur &quot;PRO V2&quot; - TuunerStuudio\" \/>\n<meta property=\"og:description\" content=\"EST  Strenx terasest raam Alumiinium hoob FEA optimeeritud disain Alumiinium detailid anodeeritud Terasraam trummeldatud ja kaetud musta tsingiga Spetsiaalsed eelpingega ja m\u00e4\u00e4rdevabad puksid pedaalidel. Ei karda niiskust ega mustust Valmistatud Eestis  Silinder ei kuulu komplekti!\" \/>\n<meta property=\"og:url\" content=\"https:\/\/tuunerstuudio.ee\/ru\/toode\/suvi-performance-hudrokasipidur-pro-v2\/\" \/>\n<meta property=\"og:site_name\" content=\"TuunerStuudio\" \/>\n<meta property=\"article:modified_time\" content=\"2025-04-22T14:10:34+00:00\" \/>\n<meta property=\"og:image\" content=\"https:\/\/tuunerstuudio.ee\/wp-content\/uploads\/2024\/10\/932913BA-B80E-4C04-A3D6-CA624E838721-scaled-1.jpeg\" \/>\n\t<meta property=\"og:image:width\" content=\"1920\" \/>\n\t<meta property=\"og:image:height\" content=\"2560\" \/>\n\t<meta property=\"og:image:type\" content=\"image\/jpeg\" \/>\n<meta name=\"twitter:card\" content=\"summary_large_image\" \/>\n<meta name=\"twitter:label1\" content=\"\u041f\u0440\u0438\u043c\u0435\u0440\u043d\u043e\u0435 \u0432\u0440\u0435\u043c\u044f \u0434\u043b\u044f \u0447\u0442\u0435\u043d\u0438\u044f\" \/>\n\t<meta name=\"twitter:data1\" content=\"1 \u043c\u0438\u043d\u0443\u0442\u0430\" \/>\n<script type=\"application\/ld+json\" class=\"yoast-schema-graph\">{\"@context\":\"https:\/\/schema.org\",\"@graph\":[{\"@type\":\"WebPage\",\"@id\":\"https:\/\/tuunerstuudio.ee\/ru\/toode\/suvi-performance-hudrokasipidur-pro-v2\/\",\"url\":\"https:\/\/tuunerstuudio.ee\/ru\/toode\/suvi-performance-hudrokasipidur-pro-v2\/\",\"name\":\"Suvi Performance h\u00fcdrok\u00e4sipidur \\\"PRO V2\\\" - TuunerStuudio\",\"isPartOf\":{\"@id\":\"https:\/\/tuunerstuudio.ee\/ru\/#website\"},\"primaryImageOfPage\":{\"@id\":\"https:\/\/tuunerstuudio.ee\/ru\/toode\/suvi-performance-hudrokasipidur-pro-v2\/#primaryimage\"},\"image\":{\"@id\":\"https:\/\/tuunerstuudio.ee\/toode\/suvi-performance-hudrokasipidur-pro-v2\/#primaryimage\"},\"thumbnailUrl\":\"https:\/\/tuunerstuudio.ee\/wp-content\/uploads\/2024\/10\/932913BA-B80E-4C04-A3D6-CA624E838721-scaled-1.jpeg\",\"datePublished\":\"2024-10-11T11:59:03+00:00\",\"dateModified\":\"2025-04-22T14:10:34+00:00\",\"breadcrumb\":{\"@id\":\"https:\/\/tuunerstuudio.ee\/ru\/toode\/suvi-performance-hudrokasipidur-pro-v2\/#breadcrumb\"},\"inLanguage\":\"ru-RU\",\"potentialAction\":[{\"@type\":\"ReadAction\",\"target\":[[\"https:\/\/tuunerstuudio.ee\/ru\/toode\/suvi-performance-hudrokasipidur-pro-v2\/\"]]}]},{\"@type\":\"ImageObject\",\"inLanguage\":\"ru-RU\",\"@id\":\"https:\/\/tuunerstuudio.ee\/ru\/toode\/suvi-performance-hudrokasipidur-pro-v2\/#primaryimage\",\"url\":\"https:\/\/tuunerstuudio.ee\/wp-content\/uploads\/2024\/10\/932913BA-B80E-4C04-A3D6-CA624E838721-scaled-1.jpeg\",\"contentUrl\":\"https:\/\/tuunerstuudio.ee\/wp-content\/uploads\/2024\/10\/932913BA-B80E-4C04-A3D6-CA624E838721-scaled-1.jpeg\",\"width\":1920,\"height\":2560},{\"@type\":\"BreadcrumbList\",\"@id\":\"https:\/\/tuunerstuudio.ee\/ru\/toode\/suvi-performance-hudrokasipidur-pro-v2\/#breadcrumb\",\"itemListElement\":[{\"@type\":\"ListItem\",\"position\":1,\"name\":\"Home\",\"item\":\"https:\/\/tuunerstuudio.ee\/ru\/\"},{\"@type\":\"ListItem\",\"position\":2,\"name\":\"Tooted\",\"item\":\"https:\/\/www.tuunerstuudio.ee\/tooted\/\"},{\"@type\":\"ListItem\",\"position\":3,\"name\":\"Suvi Performance h\u00fcdrok\u00e4sipidur &#8220;PRO V2&#8221;\"}]},{\"@type\":\"WebSite\",\"@id\":\"https:\/\/tuunerstuudio.ee\/ru\/#website\",\"url\":\"https:\/\/tuunerstuudio.ee\/ru\/\",\"name\":\"tuunerstuudio\",\"description\":\"\",\"potentialAction\":[{\"@type\":\"SearchAction\",\"target\":{\"@type\":\"EntryPoint\",\"urlTemplate\":\"https:\/\/tuunerstuudio.ee\/ru\/?s={search_term_string}\"},\"query-input\":{\"@type\":\"PropertyValueSpecification\",\"valueRequired\":true,\"valueName\":\"search_term_string\"}}],\"inLanguage\":\"ru-RU\"}]}<\/script>\n<!-- \/ Yoast SEO plugin. -->","yoast_head_json":{"title":"Suvi Performance h\u00fcdrok\u00e4sipidur \"PRO V2\" - TuunerStuudio","robots":{"index":"index","follow":"follow","max-snippet":"max-snippet:-1","max-image-preview":"max-image-preview:large","max-video-preview":"max-video-preview:-1"},"canonical":"https:\/\/tuunerstuudio.ee\/ru\/toode\/suvi-performance-hudrokasipidur-pro-v2\/","og_locale":"ru_RU","og_type":"article","og_title":"Suvi Performance h\u00fcdrok\u00e4sipidur \"PRO V2\" - TuunerStuudio","og_description":"EST  Strenx terasest raam Alumiinium hoob FEA optimeeritud disain Alumiinium detailid anodeeritud Terasraam trummeldatud ja kaetud musta tsingiga Spetsiaalsed eelpingega ja m\u00e4\u00e4rdevabad puksid pedaalidel. Ei karda niiskust ega mustust Valmistatud Eestis  Silinder ei kuulu komplekti!","og_url":"https:\/\/tuunerstuudio.ee\/ru\/toode\/suvi-performance-hudrokasipidur-pro-v2\/","og_site_name":"TuunerStuudio","article_modified_time":"2025-04-22T14:10:34+00:00","og_image":[{"width":1920,"height":2560,"url":"https:\/\/tuunerstuudio.ee\/wp-content\/uploads\/2024\/10\/932913BA-B80E-4C04-A3D6-CA624E838721-scaled-1.jpeg","type":"image\/jpeg"}],"twitter_card":"summary_large_image","twitter_misc":{"\u041f\u0440\u0438\u043c\u0435\u0440\u043d\u043e\u0435 \u0432\u0440\u0435\u043c\u044f \u0434\u043b\u044f \u0447\u0442\u0435\u043d\u0438\u044f":"1 \u043c\u0438\u043d\u0443\u0442\u0430"},"schema":{"@context":"https:\/\/schema.org","@graph":[{"@type":"WebPage","@id":"https:\/\/tuunerstuudio.ee\/ru\/toode\/suvi-performance-hudrokasipidur-pro-v2\/","url":"https:\/\/tuunerstuudio.ee\/ru\/toode\/suvi-performance-hudrokasipidur-pro-v2\/","name":"Suvi Performance h\u00fcdrok\u00e4sipidur \"PRO V2\" - TuunerStuudio","isPartOf":{"@id":"https:\/\/tuunerstuudio.ee\/ru\/#website"},"primaryImageOfPage":{"@id":"https:\/\/tuunerstuudio.ee\/ru\/toode\/suvi-performance-hudrokasipidur-pro-v2\/#primaryimage"},"image":{"@id":"https:\/\/tuunerstuudio.ee\/toode\/suvi-performance-hudrokasipidur-pro-v2\/#primaryimage"},"thumbnailUrl":"https:\/\/tuunerstuudio.ee\/wp-content\/uploads\/2024\/10\/932913BA-B80E-4C04-A3D6-CA624E838721-scaled-1.jpeg","datePublished":"2024-10-11T11:59:03+00:00","dateModified":"2025-04-22T14:10:34+00:00","breadcrumb":{"@id":"https:\/\/tuunerstuudio.ee\/ru\/toode\/suvi-performance-hudrokasipidur-pro-v2\/#breadcrumb"},"inLanguage":"ru-RU","potentialAction":[{"@type":"ReadAction","target":[["https:\/\/tuunerstuudio.ee\/ru\/toode\/suvi-performance-hudrokasipidur-pro-v2\/"]]}]},{"@type":"ImageObject","inLanguage":"ru-RU","@id":"https:\/\/tuunerstuudio.ee\/ru\/toode\/suvi-performance-hudrokasipidur-pro-v2\/#primaryimage","url":"https:\/\/tuunerstuudio.ee\/wp-content\/uploads\/2024\/10\/932913BA-B80E-4C04-A3D6-CA624E838721-scaled-1.jpeg","contentUrl":"https:\/\/tuunerstuudio.ee\/wp-content\/uploads\/2024\/10\/932913BA-B80E-4C04-A3D6-CA624E838721-scaled-1.jpeg","width":1920,"height":2560},{"@type":"BreadcrumbList","@id":"https:\/\/tuunerstuudio.ee\/ru\/toode\/suvi-performance-hudrokasipidur-pro-v2\/#breadcrumb","itemListElement":[{"@type":"ListItem","position":1,"name":"Home","item":"https:\/\/tuunerstuudio.ee\/ru\/"},{"@type":"ListItem","position":2,"name":"Tooted","item":"https:\/\/www.tuunerstuudio.ee\/tooted\/"},{"@type":"ListItem","position":3,"name":"Suvi Performance h\u00fcdrok\u00e4sipidur &#8220;PRO V2&#8221;"}]},{"@type":"WebSite","@id":"https:\/\/tuunerstuudio.ee\/ru\/#website","url":"https:\/\/tuunerstuudio.ee\/ru\/","name":"tuunerstuudio","description":"","potentialAction":[{"@type":"SearchAction","target":{"@type":"EntryPoint","urlTemplate":"https:\/\/tuunerstuudio.ee\/ru\/?s={search_term_string}"},"query-input":{"@type":"PropertyValueSpecification","valueRequired":true,"valueName":"search_term_string"}}],"inLanguage":"ru-RU"}]}},"_links":{"self":[{"href":"https:\/\/tuunerstuudio.ee\/ru\/wp-json\/wp\/v2\/product\/7452","targetHints":{"allow":["GET"]}}],"collection":[{"href":"https:\/\/tuunerstuudio.ee\/ru\/wp-json\/wp\/v2\/product"}],"about":[{"href":"https:\/\/tuunerstuudio.ee\/ru\/wp-json\/wp\/v2\/types\/product"}],"replies":[{"embeddable":true,"href":"https:\/\/tuunerstuudio.ee\/ru\/wp-json\/wp\/v2\/comments?post=7452"}],"wp:featuredmedia":[{"embeddable":true,"href":"https:\/\/tuunerstuudio.ee\/ru\/wp-json\/wp\/v2\/media\/7481"}],"wp:attachment":[{"href":"https:\/\/tuunerstuudio.ee\/ru\/wp-json\/wp\/v2\/media?parent=7452"}],"wp:term":[{"taxonomy":"product_brand","embeddable":true,"href":"https:\/\/tuunerstuudio.ee\/ru\/wp-json\/wp\/v2\/product_brand?post=7452"},{"taxonomy":"product_cat","embeddable":true,"href":"https:\/\/tuunerstuudio.ee\/ru\/wp-json\/wp\/v2\/product_cat?post=7452"},{"taxonomy":"product_tag","embeddable":true,"href":"https:\/\/tuunerstuudio.ee\/ru\/wp-json\/wp\/v2\/product_tag?post=7452"}],"curies":[{"name":"wp","href":"https:\/\/api.w.org\/{rel}","templated":true}]}}