{"id":7384,"date":"2024-10-11T14:58:47","date_gmt":"2024-10-11T11:58:47","guid":{"rendered":"https:\/\/tuunerstuudio.ee\/uuswp\/?post_type=product&#038;p=7384"},"modified":"2024-10-11T14:58:52","modified_gmt":"2024-10-11T11:58:52","slug":"iwg75-wastegate-fiat124-spider-500t-l-x-abarth-2012-0-5bar","status":"publish","type":"product","link":"https:\/\/tuunerstuudio.ee\/ru\/toode\/iwg75-wastegate-fiat124-spider-500t-l-x-abarth-2012-0-5bar\/","title":{"rendered":"IWG75 Wastegate (Fiat124\/Spider\/500T\/L\/X\/Abarth 2012+\/ 0.5bar)"},"content":{"rendered":"","protected":false},"excerpt":{"rendered":"<p id=\"tw-target-text\" class=\"tw-data-text tw-text-large tw-ta\" dir=\"ltr\" data-placeholder=\"T\u00f5lge\" data-ved=\"2ahUKEwiZhfegycCCAxUUcvEDHb6eAU8Q3ewLegQICxAQ\"><span class=\"Y2IQFc\" lang=\"et\">1,4-liitrine MultiAir Fiat Turbo sisemine Wastegate (IWG) tagab \u00fclelaadimisr\u00f5hu juhtimisel parema turboreaktsiooni ja suurema tundlikkuse. Tehaseosade otseseks poltidega asenduseks m\u00f5eldud Fiat Turbo sisemine Wastegate on kergesti paigaldatav ega vaja erit\u00f6\u00f6riistu ega valmistamist. See ei saa enam lihtsamaks minna!<\/span><\/p>\n","protected":false},"featured_media":7403,"comment_status":"closed","ping_status":"closed","template":"","meta":[],"product_brand":[],"product_cat":[49,287,292,294],"product_tag":[],"class_list":{"0":"post-7384","1":"product","2":"type-product","3":"status-publish","4":"has-post-thumbnail","6":"product_cat-turbod-ja-tarvikud","7":"product_cat-sisemine-wastegate","8":"product_cat-mudeli-pohised-wastegated","9":"product_cat-turbosmart-mudeli-pohised-wastegated","11":"first","12":"onbackorder","13":"taxable","14":"shipping-taxable","15":"purchasable","16":"product-type-simple"},"yoast_head":"<!-- This site is optimized with the Yoast SEO plugin v26.9 - https:\/\/yoast.com\/product\/yoast-seo-wordpress\/ -->\n<title>IWG75 Wastegate (Fiat124\/Spider\/500T\/L\/X\/Abarth 2012+\/ 0.5bar) - TuunerStuudio<\/title>\n<meta name=\"robots\" content=\"index, follow, max-snippet:-1, max-image-preview:large, max-video-preview:-1\" \/>\n<link rel=\"canonical\" href=\"https:\/\/tuunerstuudio.ee\/ru\/toode\/iwg75-wastegate-fiat124-spider-500t-l-x-abarth-2012-0-5bar\/\" \/>\n<meta property=\"og:locale\" content=\"ru_RU\" \/>\n<meta property=\"og:type\" content=\"article\" \/>\n<meta property=\"og:title\" content=\"IWG75 Wastegate (Fiat124\/Spider\/500T\/L\/X\/Abarth 2012+\/ 0.5bar) - TuunerStuudio\" \/>\n<meta property=\"og:description\" content=\"1,4-liitrine MultiAir Fiat Turbo sisemine Wastegate (IWG) tagab \u00fclelaadimisr\u00f5hu juhtimisel parema turboreaktsiooni ja suurema tundlikkuse. Tehaseosade otseseks poltidega asenduseks m\u00f5eldud Fiat Turbo sisemine Wastegate on kergesti paigaldatav ega vaja erit\u00f6\u00f6riistu ega valmistamist. See ei saa enam lihtsamaks minna!\" \/>\n<meta property=\"og:url\" content=\"https:\/\/tuunerstuudio.ee\/ru\/toode\/iwg75-wastegate-fiat124-spider-500t-l-x-abarth-2012-0-5bar\/\" \/>\n<meta property=\"og:site_name\" content=\"TuunerStuudio\" \/>\n<meta property=\"article:modified_time\" content=\"2024-10-11T11:58:52+00:00\" \/>\n<meta property=\"og:image\" content=\"https:\/\/tuunerstuudio.ee\/wp-content\/uploads\/2024\/10\/Turbosmart-Intern-wastegate-Mottryck-2.webp\" \/>\n\t<meta property=\"og:image:width\" content=\"1000\" \/>\n\t<meta property=\"og:image:height\" content=\"1000\" \/>\n\t<meta property=\"og:image:type\" content=\"image\/webp\" \/>\n<meta name=\"twitter:card\" content=\"summary_large_image\" \/>\n<script type=\"application\/ld+json\" class=\"yoast-schema-graph\">{\"@context\":\"https:\/\/schema.org\",\"@graph\":[{\"@type\":\"WebPage\",\"@id\":\"https:\/\/tuunerstuudio.ee\/ru\/toode\/iwg75-wastegate-fiat124-spider-500t-l-x-abarth-2012-0-5bar\/\",\"url\":\"https:\/\/tuunerstuudio.ee\/ru\/toode\/iwg75-wastegate-fiat124-spider-500t-l-x-abarth-2012-0-5bar\/\",\"name\":\"IWG75 Wastegate (Fiat124\/Spider\/500T\/L\/X\/Abarth 2012+\/ 0.5bar) - TuunerStuudio\",\"isPartOf\":{\"@id\":\"https:\/\/tuunerstuudio.ee\/ru\/#website\"},\"primaryImageOfPage\":{\"@id\":\"https:\/\/tuunerstuudio.ee\/ru\/toode\/iwg75-wastegate-fiat124-spider-500t-l-x-abarth-2012-0-5bar\/#primaryimage\"},\"image\":{\"@id\":\"https:\/\/tuunerstuudio.ee\/toode\/iwg75-wastegate-fiat124-spider-500t-l-x-abarth-2012-0-5bar\/#primaryimage\"},\"thumbnailUrl\":\"https:\/\/tuunerstuudio.ee\/wp-content\/uploads\/2024\/10\/Turbosmart-Intern-wastegate-Mottryck-2.webp\",\"datePublished\":\"2024-10-11T11:58:47+00:00\",\"dateModified\":\"2024-10-11T11:58:52+00:00\",\"breadcrumb\":{\"@id\":\"https:\/\/tuunerstuudio.ee\/ru\/toode\/iwg75-wastegate-fiat124-spider-500t-l-x-abarth-2012-0-5bar\/#breadcrumb\"},\"inLanguage\":\"ru-RU\",\"potentialAction\":[{\"@type\":\"ReadAction\",\"target\":[[\"https:\/\/tuunerstuudio.ee\/ru\/toode\/iwg75-wastegate-fiat124-spider-500t-l-x-abarth-2012-0-5bar\/\"]]}]},{\"@type\":\"ImageObject\",\"inLanguage\":\"ru-RU\",\"@id\":\"https:\/\/tuunerstuudio.ee\/ru\/toode\/iwg75-wastegate-fiat124-spider-500t-l-x-abarth-2012-0-5bar\/#primaryimage\",\"url\":\"https:\/\/tuunerstuudio.ee\/wp-content\/uploads\/2024\/10\/Turbosmart-Intern-wastegate-Mottryck-2.webp\",\"contentUrl\":\"https:\/\/tuunerstuudio.ee\/wp-content\/uploads\/2024\/10\/Turbosmart-Intern-wastegate-Mottryck-2.webp\",\"width\":1000,\"height\":1000},{\"@type\":\"BreadcrumbList\",\"@id\":\"https:\/\/tuunerstuudio.ee\/ru\/toode\/iwg75-wastegate-fiat124-spider-500t-l-x-abarth-2012-0-5bar\/#breadcrumb\",\"itemListElement\":[{\"@type\":\"ListItem\",\"position\":1,\"name\":\"Home\",\"item\":\"https:\/\/tuunerstuudio.ee\/ru\/\"},{\"@type\":\"ListItem\",\"position\":2,\"name\":\"Tooted\",\"item\":\"https:\/\/www.tuunerstuudio.ee\/tooted\/\"},{\"@type\":\"ListItem\",\"position\":3,\"name\":\"IWG75 Wastegate (Fiat124\/Spider\/500T\/L\/X\/Abarth 2012+\/ 0.5bar)\"}]},{\"@type\":\"WebSite\",\"@id\":\"https:\/\/tuunerstuudio.ee\/ru\/#website\",\"url\":\"https:\/\/tuunerstuudio.ee\/ru\/\",\"name\":\"tuunerstuudio\",\"description\":\"\",\"potentialAction\":[{\"@type\":\"SearchAction\",\"target\":{\"@type\":\"EntryPoint\",\"urlTemplate\":\"https:\/\/tuunerstuudio.ee\/ru\/?s={search_term_string}\"},\"query-input\":{\"@type\":\"PropertyValueSpecification\",\"valueRequired\":true,\"valueName\":\"search_term_string\"}}],\"inLanguage\":\"ru-RU\"}]}<\/script>\n<!-- \/ Yoast SEO plugin. -->","yoast_head_json":{"title":"IWG75 Wastegate (Fiat124\/Spider\/500T\/L\/X\/Abarth 2012+\/ 0.5bar) - TuunerStuudio","robots":{"index":"index","follow":"follow","max-snippet":"max-snippet:-1","max-image-preview":"max-image-preview:large","max-video-preview":"max-video-preview:-1"},"canonical":"https:\/\/tuunerstuudio.ee\/ru\/toode\/iwg75-wastegate-fiat124-spider-500t-l-x-abarth-2012-0-5bar\/","og_locale":"ru_RU","og_type":"article","og_title":"IWG75 Wastegate (Fiat124\/Spider\/500T\/L\/X\/Abarth 2012+\/ 0.5bar) - TuunerStuudio","og_description":"1,4-liitrine MultiAir Fiat Turbo sisemine Wastegate (IWG) tagab \u00fclelaadimisr\u00f5hu juhtimisel parema turboreaktsiooni ja suurema tundlikkuse. Tehaseosade otseseks poltidega asenduseks m\u00f5eldud Fiat Turbo sisemine Wastegate on kergesti paigaldatav ega vaja erit\u00f6\u00f6riistu ega valmistamist. See ei saa enam lihtsamaks minna!","og_url":"https:\/\/tuunerstuudio.ee\/ru\/toode\/iwg75-wastegate-fiat124-spider-500t-l-x-abarth-2012-0-5bar\/","og_site_name":"TuunerStuudio","article_modified_time":"2024-10-11T11:58:52+00:00","og_image":[{"width":1000,"height":1000,"url":"https:\/\/tuunerstuudio.ee\/wp-content\/uploads\/2024\/10\/Turbosmart-Intern-wastegate-Mottryck-2.webp","type":"image\/webp"}],"twitter_card":"summary_large_image","schema":{"@context":"https:\/\/schema.org","@graph":[{"@type":"WebPage","@id":"https:\/\/tuunerstuudio.ee\/ru\/toode\/iwg75-wastegate-fiat124-spider-500t-l-x-abarth-2012-0-5bar\/","url":"https:\/\/tuunerstuudio.ee\/ru\/toode\/iwg75-wastegate-fiat124-spider-500t-l-x-abarth-2012-0-5bar\/","name":"IWG75 Wastegate (Fiat124\/Spider\/500T\/L\/X\/Abarth 2012+\/ 0.5bar) - TuunerStuudio","isPartOf":{"@id":"https:\/\/tuunerstuudio.ee\/ru\/#website"},"primaryImageOfPage":{"@id":"https:\/\/tuunerstuudio.ee\/ru\/toode\/iwg75-wastegate-fiat124-spider-500t-l-x-abarth-2012-0-5bar\/#primaryimage"},"image":{"@id":"https:\/\/tuunerstuudio.ee\/toode\/iwg75-wastegate-fiat124-spider-500t-l-x-abarth-2012-0-5bar\/#primaryimage"},"thumbnailUrl":"https:\/\/tuunerstuudio.ee\/wp-content\/uploads\/2024\/10\/Turbosmart-Intern-wastegate-Mottryck-2.webp","datePublished":"2024-10-11T11:58:47+00:00","dateModified":"2024-10-11T11:58:52+00:00","breadcrumb":{"@id":"https:\/\/tuunerstuudio.ee\/ru\/toode\/iwg75-wastegate-fiat124-spider-500t-l-x-abarth-2012-0-5bar\/#breadcrumb"},"inLanguage":"ru-RU","potentialAction":[{"@type":"ReadAction","target":[["https:\/\/tuunerstuudio.ee\/ru\/toode\/iwg75-wastegate-fiat124-spider-500t-l-x-abarth-2012-0-5bar\/"]]}]},{"@type":"ImageObject","inLanguage":"ru-RU","@id":"https:\/\/tuunerstuudio.ee\/ru\/toode\/iwg75-wastegate-fiat124-spider-500t-l-x-abarth-2012-0-5bar\/#primaryimage","url":"https:\/\/tuunerstuudio.ee\/wp-content\/uploads\/2024\/10\/Turbosmart-Intern-wastegate-Mottryck-2.webp","contentUrl":"https:\/\/tuunerstuudio.ee\/wp-content\/uploads\/2024\/10\/Turbosmart-Intern-wastegate-Mottryck-2.webp","width":1000,"height":1000},{"@type":"BreadcrumbList","@id":"https:\/\/tuunerstuudio.ee\/ru\/toode\/iwg75-wastegate-fiat124-spider-500t-l-x-abarth-2012-0-5bar\/#breadcrumb","itemListElement":[{"@type":"ListItem","position":1,"name":"Home","item":"https:\/\/tuunerstuudio.ee\/ru\/"},{"@type":"ListItem","position":2,"name":"Tooted","item":"https:\/\/www.tuunerstuudio.ee\/tooted\/"},{"@type":"ListItem","position":3,"name":"IWG75 Wastegate (Fiat124\/Spider\/500T\/L\/X\/Abarth 2012+\/ 0.5bar)"}]},{"@type":"WebSite","@id":"https:\/\/tuunerstuudio.ee\/ru\/#website","url":"https:\/\/tuunerstuudio.ee\/ru\/","name":"tuunerstuudio","description":"","potentialAction":[{"@type":"SearchAction","target":{"@type":"EntryPoint","urlTemplate":"https:\/\/tuunerstuudio.ee\/ru\/?s={search_term_string}"},"query-input":{"@type":"PropertyValueSpecification","valueRequired":true,"valueName":"search_term_string"}}],"inLanguage":"ru-RU"}]}},"_links":{"self":[{"href":"https:\/\/tuunerstuudio.ee\/ru\/wp-json\/wp\/v2\/product\/7384","targetHints":{"allow":["GET"]}}],"collection":[{"href":"https:\/\/tuunerstuudio.ee\/ru\/wp-json\/wp\/v2\/product"}],"about":[{"href":"https:\/\/tuunerstuudio.ee\/ru\/wp-json\/wp\/v2\/types\/product"}],"replies":[{"embeddable":true,"href":"https:\/\/tuunerstuudio.ee\/ru\/wp-json\/wp\/v2\/comments?post=7384"}],"wp:featuredmedia":[{"embeddable":true,"href":"https:\/\/tuunerstuudio.ee\/ru\/wp-json\/wp\/v2\/media\/7403"}],"wp:attachment":[{"href":"https:\/\/tuunerstuudio.ee\/ru\/wp-json\/wp\/v2\/media?parent=7384"}],"wp:term":[{"taxonomy":"product_brand","embeddable":true,"href":"https:\/\/tuunerstuudio.ee\/ru\/wp-json\/wp\/v2\/product_brand?post=7384"},{"taxonomy":"product_cat","embeddable":true,"href":"https:\/\/tuunerstuudio.ee\/ru\/wp-json\/wp\/v2\/product_cat?post=7384"},{"taxonomy":"product_tag","embeddable":true,"href":"https:\/\/tuunerstuudio.ee\/ru\/wp-json\/wp\/v2\/product_tag?post=7384"}],"curies":[{"name":"wp","href":"https:\/\/api.w.org\/{rel}","templated":true}]}}