{"id":7249,"date":"2024-10-11T14:58:18","date_gmt":"2024-10-11T11:58:18","guid":{"rendered":"https:\/\/tuunerstuudio.ee\/uuswp\/?post_type=product&#038;p=7249"},"modified":"2025-05-15T18:10:44","modified_gmt":"2025-05-15T15:10:44","slug":"turbosmart-hp-wg-gen-v-hyper-gate-45","status":"publish","type":"product","link":"https:\/\/tuunerstuudio.ee\/ru\/toode\/turbosmart-hp-wg-gen-v-hyper-gate-45\/","title":{"rendered":"Turbosmart &#171;HP&#187; WG Gen-V Hyper-Gate 45"},"content":{"rendered":"","protected":false},"excerpt":{"rendered":"<p id=\"tw-target-text\" class=\"tw-data-text tw-text-large tw-ta\" dir=\"ltr\" data-placeholder=\"T\u00f5lge\" data-ved=\"2ahUKEwiVz9mRuLGCAxU7SfEDHZ4-B7sQ3ewLegQIDhAQ\"><strong><span class=\"Y2IQFc\" lang=\"et\">Funktsioonid:<\/span><\/strong><\/p>\n<ul>\n<li class=\"tw-data-text tw-text-large tw-ta\" dir=\"ltr\" data-placeholder=\"T\u00f5lge\" data-ved=\"2ahUKEwiVz9mRuLGCAxU7SfEDHZ4-B7sQ3ewLegQIDhAQ\"><span class=\"Y2IQFc\" lang=\"et\">Termiline j\u00f5udlus <\/span><\/li>\n<li class=\"tw-data-text tw-text-large tw-ta\" dir=\"ltr\" data-placeholder=\"T\u00f5lge\" data-ved=\"2ahUKEwiVz9mRuLGCAxU7SfEDHZ4-B7sQ3ewLegQIDhAQ\"><span class=\"Y2IQFc\" lang=\"et\">\u00a0CFD ja staa\u017eiga kinnitatud voo j\u00f5udlus <\/span><\/li>\n<li class=\"tw-data-text tw-text-large tw-ta\" dir=\"ltr\" data-placeholder=\"T\u00f5lge\" data-ved=\"2ahUKEwiVz9mRuLGCAxU7SfEDHZ4-B7sQ3ewLegQIDhAQ\"><span class=\"Y2IQFc\" lang=\"et\">Nitronic 60 klapijuhik ja k\u00f5rge temperatuuriga 347 SS korpus<\/span><\/li>\n<li class=\"tw-data-text tw-text-large tw-ta\" dir=\"ltr\" data-placeholder=\"T\u00f5lge\" data-ved=\"2ahUKEwiVz9mRuLGCAxU7SfEDHZ4-B7sQ3ewLegQIDhAQ\"><span class=\"Y2IQFc\" lang=\"et\">17\/7 PH roostevabast terasest vedrud <\/span><\/li>\n<li class=\"tw-data-text tw-text-large tw-ta\" dir=\"ltr\" data-placeholder=\"T\u00f5lge\" data-ved=\"2ahUKEwiVz9mRuLGCAxU7SfEDHZ4-B7sQ3ewLegQIDhAQ\"><span class=\"Y2IQFc\" lang=\"et\">Jahutusv\u00f5imalus<\/span><\/li>\n<li class=\"tw-data-text tw-text-large tw-ta\" dir=\"ltr\" data-placeholder=\"T\u00f5lge\" data-ved=\"2ahUKEwiVz9mRuLGCAxU7SfEDHZ4-B7sQ3ewLegQIDhAQ\"><span class=\"Y2IQFc\" lang=\"et\">V-Band<\/span><\/li>\n<li class=\"tw-data-text tw-text-large tw-ta\" dir=\"ltr\" data-placeholder=\"T\u00f5lge\" data-ved=\"2ahUKEwiVz9mRuLGCAxU7SfEDHZ4-B7sQ3ewLegQIDhAQ\"><span class=\"Y2IQFc\" lang=\"et\">35psi(2,41bar) vedrud, eelseadistatud<\/span><\/li>\n<\/ul>\n","protected":false},"featured_media":7265,"comment_status":"closed","ping_status":"closed","template":"","meta":[],"product_brand":[],"product_cat":[49,270,271,273],"product_tag":[],"class_list":{"0":"post-7249","1":"product","2":"type-product","3":"status-publish","4":"has-post-thumbnail","6":"product_cat-turbod-ja-tarvikud","7":"product_cat-valine-wastegate","8":"product_cat-turbosmart","9":"product_cat-gen-v","11":"first","12":"onbackorder","13":"taxable","14":"shipping-taxable","15":"purchasable","16":"product-type-simple"},"yoast_head":"<!-- This site is optimized with the Yoast SEO plugin v26.9 - https:\/\/yoast.com\/product\/yoast-seo-wordpress\/ -->\n<title>Turbosmart &quot;HP&quot; WG Gen-V Hyper-Gate 45 - TuunerStuudio<\/title>\n<meta name=\"robots\" content=\"index, follow, max-snippet:-1, max-image-preview:large, max-video-preview:-1\" \/>\n<link rel=\"canonical\" href=\"https:\/\/tuunerstuudio.ee\/ru\/toode\/turbosmart-hp-wg-gen-v-hyper-gate-45\/\" \/>\n<meta property=\"og:locale\" content=\"ru_RU\" \/>\n<meta property=\"og:type\" content=\"article\" \/>\n<meta property=\"og:title\" content=\"Turbosmart &quot;HP&quot; WG Gen-V Hyper-Gate 45 - TuunerStuudio\" \/>\n<meta property=\"og:description\" content=\"Funktsioonid:    Termiline j\u00f5udlus   \u00a0CFD ja staa\u017eiga kinnitatud voo j\u00f5udlus   Nitronic 60 klapijuhik ja k\u00f5rge temperatuuriga 347 SS korpus  17\/7 PH roostevabast terasest vedrud   Jahutusv\u00f5imalus  V-Band  35psi(2,41bar) vedrud, eelseadistatud\" \/>\n<meta property=\"og:url\" content=\"https:\/\/tuunerstuudio.ee\/ru\/toode\/turbosmart-hp-wg-gen-v-hyper-gate-45\/\" \/>\n<meta property=\"og:site_name\" content=\"TuunerStuudio\" \/>\n<meta property=\"article:modified_time\" content=\"2025-05-15T15:10:44+00:00\" \/>\n<meta property=\"og:image\" content=\"https:\/\/tuunerstuudio.ee\/wp-content\/uploads\/2024\/10\/Turbosmart-HP-WG-Gen-V-Hyper-Gate-45.jpg\" \/>\n\t<meta property=\"og:image:width\" content=\"1536\" \/>\n\t<meta property=\"og:image:height\" content=\"1024\" \/>\n\t<meta property=\"og:image:type\" content=\"image\/jpeg\" \/>\n<meta name=\"twitter:card\" content=\"summary_large_image\" \/>\n<meta name=\"twitter:label1\" content=\"\u041f\u0440\u0438\u043c\u0435\u0440\u043d\u043e\u0435 \u0432\u0440\u0435\u043c\u044f \u0434\u043b\u044f \u0447\u0442\u0435\u043d\u0438\u044f\" \/>\n\t<meta name=\"twitter:data1\" content=\"1 \u043c\u0438\u043d\u0443\u0442\u0430\" \/>\n<script type=\"application\/ld+json\" class=\"yoast-schema-graph\">{\"@context\":\"https:\/\/schema.org\",\"@graph\":[{\"@type\":\"WebPage\",\"@id\":\"https:\/\/tuunerstuudio.ee\/ru\/toode\/turbosmart-hp-wg-gen-v-hyper-gate-45\/\",\"url\":\"https:\/\/tuunerstuudio.ee\/ru\/toode\/turbosmart-hp-wg-gen-v-hyper-gate-45\/\",\"name\":\"Turbosmart \\\"HP\\\" WG Gen-V Hyper-Gate 45 - TuunerStuudio\",\"isPartOf\":{\"@id\":\"https:\/\/tuunerstuudio.ee\/ru\/#website\"},\"primaryImageOfPage\":{\"@id\":\"https:\/\/tuunerstuudio.ee\/ru\/toode\/turbosmart-hp-wg-gen-v-hyper-gate-45\/#primaryimage\"},\"image\":{\"@id\":\"https:\/\/tuunerstuudio.ee\/toode\/turbosmart-hp-wg-gen-v-hyper-gate-45\/#primaryimage\"},\"thumbnailUrl\":\"https:\/\/tuunerstuudio.ee\/wp-content\/uploads\/2024\/10\/Turbosmart-HP-WG-Gen-V-Hyper-Gate-45.jpg\",\"datePublished\":\"2024-10-11T11:58:18+00:00\",\"dateModified\":\"2025-05-15T15:10:44+00:00\",\"breadcrumb\":{\"@id\":\"https:\/\/tuunerstuudio.ee\/ru\/toode\/turbosmart-hp-wg-gen-v-hyper-gate-45\/#breadcrumb\"},\"inLanguage\":\"ru-RU\",\"potentialAction\":[{\"@type\":\"ReadAction\",\"target\":[[\"https:\/\/tuunerstuudio.ee\/ru\/toode\/turbosmart-hp-wg-gen-v-hyper-gate-45\/\"]]}]},{\"@type\":\"ImageObject\",\"inLanguage\":\"ru-RU\",\"@id\":\"https:\/\/tuunerstuudio.ee\/ru\/toode\/turbosmart-hp-wg-gen-v-hyper-gate-45\/#primaryimage\",\"url\":\"https:\/\/tuunerstuudio.ee\/wp-content\/uploads\/2024\/10\/Turbosmart-HP-WG-Gen-V-Hyper-Gate-45.jpg\",\"contentUrl\":\"https:\/\/tuunerstuudio.ee\/wp-content\/uploads\/2024\/10\/Turbosmart-HP-WG-Gen-V-Hyper-Gate-45.jpg\",\"width\":1536,\"height\":1024},{\"@type\":\"BreadcrumbList\",\"@id\":\"https:\/\/tuunerstuudio.ee\/ru\/toode\/turbosmart-hp-wg-gen-v-hyper-gate-45\/#breadcrumb\",\"itemListElement\":[{\"@type\":\"ListItem\",\"position\":1,\"name\":\"Home\",\"item\":\"https:\/\/tuunerstuudio.ee\/ru\/\"},{\"@type\":\"ListItem\",\"position\":2,\"name\":\"Tooted\",\"item\":\"https:\/\/www.tuunerstuudio.ee\/tooted\/\"},{\"@type\":\"ListItem\",\"position\":3,\"name\":\"Turbosmart &#8220;HP&#8221; WG Gen-V Hyper-Gate 45\"}]},{\"@type\":\"WebSite\",\"@id\":\"https:\/\/tuunerstuudio.ee\/ru\/#website\",\"url\":\"https:\/\/tuunerstuudio.ee\/ru\/\",\"name\":\"tuunerstuudio\",\"description\":\"\",\"potentialAction\":[{\"@type\":\"SearchAction\",\"target\":{\"@type\":\"EntryPoint\",\"urlTemplate\":\"https:\/\/tuunerstuudio.ee\/ru\/?s={search_term_string}\"},\"query-input\":{\"@type\":\"PropertyValueSpecification\",\"valueRequired\":true,\"valueName\":\"search_term_string\"}}],\"inLanguage\":\"ru-RU\"}]}<\/script>\n<!-- \/ Yoast SEO plugin. -->","yoast_head_json":{"title":"Turbosmart \"HP\" WG Gen-V Hyper-Gate 45 - TuunerStuudio","robots":{"index":"index","follow":"follow","max-snippet":"max-snippet:-1","max-image-preview":"max-image-preview:large","max-video-preview":"max-video-preview:-1"},"canonical":"https:\/\/tuunerstuudio.ee\/ru\/toode\/turbosmart-hp-wg-gen-v-hyper-gate-45\/","og_locale":"ru_RU","og_type":"article","og_title":"Turbosmart \"HP\" WG Gen-V Hyper-Gate 45 - TuunerStuudio","og_description":"Funktsioonid:    Termiline j\u00f5udlus   \u00a0CFD ja staa\u017eiga kinnitatud voo j\u00f5udlus   Nitronic 60 klapijuhik ja k\u00f5rge temperatuuriga 347 SS korpus  17\/7 PH roostevabast terasest vedrud   Jahutusv\u00f5imalus  V-Band  35psi(2,41bar) vedrud, eelseadistatud","og_url":"https:\/\/tuunerstuudio.ee\/ru\/toode\/turbosmart-hp-wg-gen-v-hyper-gate-45\/","og_site_name":"TuunerStuudio","article_modified_time":"2025-05-15T15:10:44+00:00","og_image":[{"width":1536,"height":1024,"url":"https:\/\/tuunerstuudio.ee\/wp-content\/uploads\/2024\/10\/Turbosmart-HP-WG-Gen-V-Hyper-Gate-45.jpg","type":"image\/jpeg"}],"twitter_card":"summary_large_image","twitter_misc":{"\u041f\u0440\u0438\u043c\u0435\u0440\u043d\u043e\u0435 \u0432\u0440\u0435\u043c\u044f \u0434\u043b\u044f \u0447\u0442\u0435\u043d\u0438\u044f":"1 \u043c\u0438\u043d\u0443\u0442\u0430"},"schema":{"@context":"https:\/\/schema.org","@graph":[{"@type":"WebPage","@id":"https:\/\/tuunerstuudio.ee\/ru\/toode\/turbosmart-hp-wg-gen-v-hyper-gate-45\/","url":"https:\/\/tuunerstuudio.ee\/ru\/toode\/turbosmart-hp-wg-gen-v-hyper-gate-45\/","name":"Turbosmart \"HP\" WG Gen-V Hyper-Gate 45 - TuunerStuudio","isPartOf":{"@id":"https:\/\/tuunerstuudio.ee\/ru\/#website"},"primaryImageOfPage":{"@id":"https:\/\/tuunerstuudio.ee\/ru\/toode\/turbosmart-hp-wg-gen-v-hyper-gate-45\/#primaryimage"},"image":{"@id":"https:\/\/tuunerstuudio.ee\/toode\/turbosmart-hp-wg-gen-v-hyper-gate-45\/#primaryimage"},"thumbnailUrl":"https:\/\/tuunerstuudio.ee\/wp-content\/uploads\/2024\/10\/Turbosmart-HP-WG-Gen-V-Hyper-Gate-45.jpg","datePublished":"2024-10-11T11:58:18+00:00","dateModified":"2025-05-15T15:10:44+00:00","breadcrumb":{"@id":"https:\/\/tuunerstuudio.ee\/ru\/toode\/turbosmart-hp-wg-gen-v-hyper-gate-45\/#breadcrumb"},"inLanguage":"ru-RU","potentialAction":[{"@type":"ReadAction","target":[["https:\/\/tuunerstuudio.ee\/ru\/toode\/turbosmart-hp-wg-gen-v-hyper-gate-45\/"]]}]},{"@type":"ImageObject","inLanguage":"ru-RU","@id":"https:\/\/tuunerstuudio.ee\/ru\/toode\/turbosmart-hp-wg-gen-v-hyper-gate-45\/#primaryimage","url":"https:\/\/tuunerstuudio.ee\/wp-content\/uploads\/2024\/10\/Turbosmart-HP-WG-Gen-V-Hyper-Gate-45.jpg","contentUrl":"https:\/\/tuunerstuudio.ee\/wp-content\/uploads\/2024\/10\/Turbosmart-HP-WG-Gen-V-Hyper-Gate-45.jpg","width":1536,"height":1024},{"@type":"BreadcrumbList","@id":"https:\/\/tuunerstuudio.ee\/ru\/toode\/turbosmart-hp-wg-gen-v-hyper-gate-45\/#breadcrumb","itemListElement":[{"@type":"ListItem","position":1,"name":"Home","item":"https:\/\/tuunerstuudio.ee\/ru\/"},{"@type":"ListItem","position":2,"name":"Tooted","item":"https:\/\/www.tuunerstuudio.ee\/tooted\/"},{"@type":"ListItem","position":3,"name":"Turbosmart &#8220;HP&#8221; WG Gen-V Hyper-Gate 45"}]},{"@type":"WebSite","@id":"https:\/\/tuunerstuudio.ee\/ru\/#website","url":"https:\/\/tuunerstuudio.ee\/ru\/","name":"tuunerstuudio","description":"","potentialAction":[{"@type":"SearchAction","target":{"@type":"EntryPoint","urlTemplate":"https:\/\/tuunerstuudio.ee\/ru\/?s={search_term_string}"},"query-input":{"@type":"PropertyValueSpecification","valueRequired":true,"valueName":"search_term_string"}}],"inLanguage":"ru-RU"}]}},"_links":{"self":[{"href":"https:\/\/tuunerstuudio.ee\/ru\/wp-json\/wp\/v2\/product\/7249","targetHints":{"allow":["GET"]}}],"collection":[{"href":"https:\/\/tuunerstuudio.ee\/ru\/wp-json\/wp\/v2\/product"}],"about":[{"href":"https:\/\/tuunerstuudio.ee\/ru\/wp-json\/wp\/v2\/types\/product"}],"replies":[{"embeddable":true,"href":"https:\/\/tuunerstuudio.ee\/ru\/wp-json\/wp\/v2\/comments?post=7249"}],"wp:featuredmedia":[{"embeddable":true,"href":"https:\/\/tuunerstuudio.ee\/ru\/wp-json\/wp\/v2\/media\/7265"}],"wp:attachment":[{"href":"https:\/\/tuunerstuudio.ee\/ru\/wp-json\/wp\/v2\/media?parent=7249"}],"wp:term":[{"taxonomy":"product_brand","embeddable":true,"href":"https:\/\/tuunerstuudio.ee\/ru\/wp-json\/wp\/v2\/product_brand?post=7249"},{"taxonomy":"product_cat","embeddable":true,"href":"https:\/\/tuunerstuudio.ee\/ru\/wp-json\/wp\/v2\/product_cat?post=7249"},{"taxonomy":"product_tag","embeddable":true,"href":"https:\/\/tuunerstuudio.ee\/ru\/wp-json\/wp\/v2\/product_tag?post=7249"}],"curies":[{"name":"wp","href":"https:\/\/api.w.org\/{rel}","templated":true}]}}