{"id":6623,"date":"2024-10-11T14:56:14","date_gmt":"2024-10-11T11:56:14","guid":{"rendered":"https:\/\/tuunerstuudio.ee\/uuswp\/?post_type=product&#038;p=6623"},"modified":"2024-10-11T14:56:35","modified_gmt":"2024-10-11T11:56:35","slug":"ecumaster-emu-pro-16","status":"publish","type":"product","link":"https:\/\/tuunerstuudio.ee\/ru\/toode\/ecumaster-emu-pro-16\/","title":{"rendered":"ECUMASTER EMU PRO-16"},"content":{"rendered":"<p><a href=\"https:\/\/tuunerstuudio.ee\/wp-content\/uploads\/2023\/09\/ECUMASTER-TABEL.jpg\"><img loading=\"lazy\" decoding=\"async\" class=\" wd-lazy-fade aligncenter wp-image-18447 size-full\" src=\"https:\/\/tuunerstuudio.ee\/wp-content\/themes\/tuunerstuudio5\/images\/lazy.svg\" data-src=\"https:\/\/tuunerstuudio.ee\/wp-content\/uploads\/2023\/09\/ECUMASTER-TABEL.jpg\" alt=\"\" width=\"1000\" height=\"800\" \/><\/a><\/p>\n","protected":false},"excerpt":{"rendered":"<p><strong>Omadused:<\/strong><\/p>\n<ul>\n<li>K\u00f5rgetasemeline k\u00fctuse mudel (fuel film model), mis tagab erakordse t\u00e4psuse pihustite juhtimisele. Sisaldab ka short-term ja long-term korrektsiooni algor\u00fctme.<\/li>\n<li>Kasutajaliides, ehk tarkvara on \u00fclesehitatud tagamaks seadistajale enneolematut paindlikkust erinevate strateegiate konfigureerimiseks.<\/li>\n<li>K\u00f5ikide tabelite suurused on vabalt muudetavad ning telgede kanalid vabalt valitavad. Samuti on muudetavad teljepunktide v\u00e4\u00e4rtused, kui on vajadus mittelineaarsele teljele.<\/li>\n<li>Paindlik s\u00fcsteem kasutaja custom funktsioonide \u00fclesehitamiseks. Math ja loogika funktsioonid. CAN sisendite ja CAN export \u00fclesehitus sarnaneb Ecumaster PMU ja ADU platvormidele.<\/li>\n<li>Pihustite v\u00e4ljundid \u2013 Peak and hold, 16 ja 8tk vastavalt ajule.<\/li>\n<li>GDI \u2013 lisamooduliga, kuni 8 pihustit.<\/li>\n<li>S\u00fc\u00fctev\u00e4ljundid \u2013 aktiiv ja passiiv s\u00fc\u00fctepoolidele, 10 ja 8tk vastavalt ajule.<\/li>\n<li>VVTi juhtimine \u2013 4 muutuva ajastusega nukkv\u00f5lli.<\/li>\n<li>Otsel\u00fclitusega k\u00e4igukasti juhtimine, labadega k\u00e4iguvahetus, kuni 4x closed-loop stage\u2019i, PWM solenoidide juhtimine.<\/li>\n<li>DBW \u2013 2 elektrilise siibri juhtimine, automaatne kalibreerimine.<\/li>\n<li>Knock \u2013 2 sisendit.<\/li>\n<li>Lambda \u2013 2x LSU4.9 sisest kontrollerit, lisaks v\u00e4lise kontrolleriga, kokku kuni 4 lambdat.<\/li>\n<li>EGT \u2013 kuni 8x, kuni 4x vastavalt ajule (high precision analoog sisenditega)<\/li>\n<li>Analoog sisendid \u2013 20x12bit + 8x16bit ning 16x12bit + 4x16bit vastavalt ajule.<\/li>\n<li>Digital sisendid \u2013 VR v\u00f5i HALL anduritele, 10x ja 8x vastavalt ajule.<\/li>\n<li>Aux v\u00e4ljundid \u2013 protected, short &amp; open circ diagnostika, current control, 16x ja 12x vastavalt ajule.<\/li>\n<li>H-bridge \u2013 4x full H-bridge ja 3x vastavalt ajule.<\/li>\n<li>CAN-bus \u2013 2x CAN 2.0 A\/B.<\/li>\n<li>LIN-bus \u2013 1x<\/li>\n<li>Datalogging \u2013 kuni 500Hz, PC logger, v\u00e4line logger USB m\u00e4lupulgale.<\/li>\n<li>Oskilloskoop \u2013 trigger (2) ja nukkv\u00f5lli asendi (4) sisenditele.<\/li>\n<li>Pistikud \u2013 AMP Superseal, 120 kontakti (4 pistikut) ja 96 kontakti (3 pistikut) vastavalt ajule<\/li>\n<li>Kasutajaliides \u2013 CAN-bus \u00fchendus, seadistamiseks vajalik\u00a0<a href=\"https:\/\/esracing.ee\/product\/usb-to-can\/\">USB2CAN<\/a>.<\/li>\n<li>K\u00f5ik tarkvara uuendused ja k\u00f5ik aju funktsioonid on hinna sees.<\/li>\n<\/ul>\n","protected":false},"featured_media":6647,"comment_status":"closed","ping_status":"closed","template":"","meta":[],"product_brand":[],"product_cat":[51,68,69],"product_tag":[],"class_list":{"0":"post-6623","1":"product","2":"type-product","3":"status-publish","4":"has-post-thumbnail","6":"product_cat-juhtajud","7":"product_cat-ecumaster","8":"product_cat-ecumaster-emu","10":"first","11":"instock","12":"taxable","13":"shipping-taxable","14":"purchasable","15":"product-type-simple"},"yoast_head":"<!-- This site is optimized with the Yoast SEO plugin v26.9 - https:\/\/yoast.com\/product\/yoast-seo-wordpress\/ -->\n<title>ECUMASTER EMU PRO-16 - TuunerStuudio<\/title>\n<meta name=\"robots\" content=\"index, follow, max-snippet:-1, max-image-preview:large, max-video-preview:-1\" \/>\n<link rel=\"canonical\" href=\"https:\/\/tuunerstuudio.ee\/ru\/toode\/ecumaster-emu-pro-16\/\" \/>\n<meta property=\"og:locale\" content=\"ru_RU\" \/>\n<meta property=\"og:type\" content=\"article\" \/>\n<meta property=\"og:title\" content=\"ECUMASTER EMU PRO-16 - TuunerStuudio\" \/>\n<meta property=\"og:description\" content=\"Omadused:   K\u00f5rgetasemeline k\u00fctuse mudel (fuel film model), mis tagab erakordse t\u00e4psuse pihustite juhtimisele. Sisaldab ka short-term ja long-term korrektsiooni algor\u00fctme.  Kasutajaliides, ehk tarkvara on \u00fclesehitatud tagamaks seadistajale enneolematut paindlikkust erinevate strateegiate konfigureerimiseks.  K\u00f5ikide tabelite suurused on vabalt muudetavad ning telgede kanalid vabalt valitavad. Samuti on muudetavad teljepunktide v\u00e4\u00e4rtused, kui on vajadus mittelineaarsele teljele.  Paindlik s\u00fcsteem kasutaja custom funktsioonide \u00fclesehitamiseks. Math ja loogika funktsioonid. CAN sisendite ja CAN export \u00fclesehitus sarnaneb Ecumaster PMU ja ADU platvormidele.  Pihustite v\u00e4ljundid \u2013 Peak and hold, 16 ja 8tk vastavalt ajule.  GDI \u2013 lisamooduliga, kuni 8 pihustit.  S\u00fc\u00fctev\u00e4ljundid \u2013 aktiiv ja passiiv s\u00fc\u00fctepoolidele, 10 ja 8tk vastavalt ajule.  VVTi juhtimine \u2013 4 muutuva ajastusega nukkv\u00f5lli.  Otsel\u00fclitusega k\u00e4igukasti juhtimine, labadega k\u00e4iguvahetus, kuni 4x closed-loop stage\u2019i, PWM solenoidide juhtimine.  DBW \u2013 2 elektrilise siibri juhtimine, automaatne kalibreerimine.  Knock \u2013 2 sisendit.  Lambda \u2013 2x LSU4.9 sisest kontrollerit, lisaks v\u00e4lise kontrolleriga, kokku kuni 4 lambdat.  EGT \u2013 kuni 8x, kuni 4x vastavalt ajule (high precision analoog sisenditega)  Analoog sisendid \u2013 20x12bit + 8x16bit ning 16x12bit + 4x16bit vastavalt ajule.  Digital sisendid \u2013 VR v\u00f5i HALL anduritele, 10x ja 8x vastavalt ajule.  Aux v\u00e4ljundid \u2013 protected, short &amp; open circ diagnostika, current control, 16x ja 12x vastavalt ajule.  H-bridge \u2013 4x full H-bridge ja 3x vastavalt ajule.  CAN-bus \u2013 2x CAN 2.0 A\/B.  LIN-bus \u2013 1x  Datalogging \u2013 kuni 500Hz, PC logger, v\u00e4line logger USB m\u00e4lupulgale.  Oskilloskoop \u2013 trigger (2) ja nukkv\u00f5lli asendi (4) sisenditele.  Pistikud \u2013 AMP Superseal, 120 kontakti (4 pistikut) ja 96 kontakti (3 pistikut) vastavalt ajule  Kasutajaliides \u2013 CAN-bus \u00fchendus, seadistamiseks vajalik\u00a0USB2CAN.  K\u00f5ik tarkvara uuendused ja k\u00f5ik aju funktsioonid on hinna sees.\" \/>\n<meta property=\"og:url\" content=\"https:\/\/tuunerstuudio.ee\/ru\/toode\/ecumaster-emu-pro-16\/\" \/>\n<meta property=\"og:site_name\" content=\"TuunerStuudio\" \/>\n<meta property=\"article:modified_time\" content=\"2024-10-11T11:56:35+00:00\" \/>\n<meta property=\"og:image\" content=\"https:\/\/tuunerstuudio.ee\/wp-content\/uploads\/2024\/10\/EMU-PRO-16.png\" \/>\n\t<meta property=\"og:image:width\" content=\"1200\" \/>\n\t<meta property=\"og:image:height\" content=\"796\" \/>\n\t<meta property=\"og:image:type\" content=\"image\/png\" \/>\n<meta name=\"twitter:card\" content=\"summary_large_image\" \/>\n<meta name=\"twitter:label1\" content=\"\u041f\u0440\u0438\u043c\u0435\u0440\u043d\u043e\u0435 \u0432\u0440\u0435\u043c\u044f \u0434\u043b\u044f \u0447\u0442\u0435\u043d\u0438\u044f\" \/>\n\t<meta name=\"twitter:data1\" content=\"1 \u043c\u0438\u043d\u0443\u0442\u0430\" \/>\n<script type=\"application\/ld+json\" class=\"yoast-schema-graph\">{\"@context\":\"https:\/\/schema.org\",\"@graph\":[{\"@type\":\"WebPage\",\"@id\":\"https:\/\/tuunerstuudio.ee\/ru\/toode\/ecumaster-emu-pro-16\/\",\"url\":\"https:\/\/tuunerstuudio.ee\/ru\/toode\/ecumaster-emu-pro-16\/\",\"name\":\"ECUMASTER EMU PRO-16 - TuunerStuudio\",\"isPartOf\":{\"@id\":\"https:\/\/tuunerstuudio.ee\/ru\/#website\"},\"primaryImageOfPage\":{\"@id\":\"https:\/\/tuunerstuudio.ee\/ru\/toode\/ecumaster-emu-pro-16\/#primaryimage\"},\"image\":{\"@id\":\"https:\/\/tuunerstuudio.ee\/toode\/ecumaster-emu-pro-16\/#primaryimage\"},\"thumbnailUrl\":\"https:\/\/tuunerstuudio.ee\/wp-content\/uploads\/2024\/10\/EMU-PRO-16.png\",\"datePublished\":\"2024-10-11T11:56:14+00:00\",\"dateModified\":\"2024-10-11T11:56:35+00:00\",\"breadcrumb\":{\"@id\":\"https:\/\/tuunerstuudio.ee\/ru\/toode\/ecumaster-emu-pro-16\/#breadcrumb\"},\"inLanguage\":\"ru-RU\",\"potentialAction\":[{\"@type\":\"ReadAction\",\"target\":[[\"https:\/\/tuunerstuudio.ee\/ru\/toode\/ecumaster-emu-pro-16\/\"]]}]},{\"@type\":\"ImageObject\",\"inLanguage\":\"ru-RU\",\"@id\":\"https:\/\/tuunerstuudio.ee\/ru\/toode\/ecumaster-emu-pro-16\/#primaryimage\",\"url\":\"https:\/\/tuunerstuudio.ee\/wp-content\/uploads\/2024\/10\/EMU-PRO-16.png\",\"contentUrl\":\"https:\/\/tuunerstuudio.ee\/wp-content\/uploads\/2024\/10\/EMU-PRO-16.png\",\"width\":1200,\"height\":796},{\"@type\":\"BreadcrumbList\",\"@id\":\"https:\/\/tuunerstuudio.ee\/ru\/toode\/ecumaster-emu-pro-16\/#breadcrumb\",\"itemListElement\":[{\"@type\":\"ListItem\",\"position\":1,\"name\":\"Home\",\"item\":\"https:\/\/tuunerstuudio.ee\/ru\/\"},{\"@type\":\"ListItem\",\"position\":2,\"name\":\"Tooted\",\"item\":\"https:\/\/www.tuunerstuudio.ee\/tooted\/\"},{\"@type\":\"ListItem\",\"position\":3,\"name\":\"ECUMASTER EMU PRO-16\"}]},{\"@type\":\"WebSite\",\"@id\":\"https:\/\/tuunerstuudio.ee\/ru\/#website\",\"url\":\"https:\/\/tuunerstuudio.ee\/ru\/\",\"name\":\"tuunerstuudio\",\"description\":\"\",\"potentialAction\":[{\"@type\":\"SearchAction\",\"target\":{\"@type\":\"EntryPoint\",\"urlTemplate\":\"https:\/\/tuunerstuudio.ee\/ru\/?s={search_term_string}\"},\"query-input\":{\"@type\":\"PropertyValueSpecification\",\"valueRequired\":true,\"valueName\":\"search_term_string\"}}],\"inLanguage\":\"ru-RU\"}]}<\/script>\n<!-- \/ Yoast SEO plugin. -->","yoast_head_json":{"title":"ECUMASTER EMU PRO-16 - TuunerStuudio","robots":{"index":"index","follow":"follow","max-snippet":"max-snippet:-1","max-image-preview":"max-image-preview:large","max-video-preview":"max-video-preview:-1"},"canonical":"https:\/\/tuunerstuudio.ee\/ru\/toode\/ecumaster-emu-pro-16\/","og_locale":"ru_RU","og_type":"article","og_title":"ECUMASTER EMU PRO-16 - TuunerStuudio","og_description":"Omadused:   K\u00f5rgetasemeline k\u00fctuse mudel (fuel film model), mis tagab erakordse t\u00e4psuse pihustite juhtimisele. Sisaldab ka short-term ja long-term korrektsiooni algor\u00fctme.  Kasutajaliides, ehk tarkvara on \u00fclesehitatud tagamaks seadistajale enneolematut paindlikkust erinevate strateegiate konfigureerimiseks.  K\u00f5ikide tabelite suurused on vabalt muudetavad ning telgede kanalid vabalt valitavad. Samuti on muudetavad teljepunktide v\u00e4\u00e4rtused, kui on vajadus mittelineaarsele teljele.  Paindlik s\u00fcsteem kasutaja custom funktsioonide \u00fclesehitamiseks. Math ja loogika funktsioonid. CAN sisendite ja CAN export \u00fclesehitus sarnaneb Ecumaster PMU ja ADU platvormidele.  Pihustite v\u00e4ljundid \u2013 Peak and hold, 16 ja 8tk vastavalt ajule.  GDI \u2013 lisamooduliga, kuni 8 pihustit.  S\u00fc\u00fctev\u00e4ljundid \u2013 aktiiv ja passiiv s\u00fc\u00fctepoolidele, 10 ja 8tk vastavalt ajule.  VVTi juhtimine \u2013 4 muutuva ajastusega nukkv\u00f5lli.  Otsel\u00fclitusega k\u00e4igukasti juhtimine, labadega k\u00e4iguvahetus, kuni 4x closed-loop stage\u2019i, PWM solenoidide juhtimine.  DBW \u2013 2 elektrilise siibri juhtimine, automaatne kalibreerimine.  Knock \u2013 2 sisendit.  Lambda \u2013 2x LSU4.9 sisest kontrollerit, lisaks v\u00e4lise kontrolleriga, kokku kuni 4 lambdat.  EGT \u2013 kuni 8x, kuni 4x vastavalt ajule (high precision analoog sisenditega)  Analoog sisendid \u2013 20x12bit + 8x16bit ning 16x12bit + 4x16bit vastavalt ajule.  Digital sisendid \u2013 VR v\u00f5i HALL anduritele, 10x ja 8x vastavalt ajule.  Aux v\u00e4ljundid \u2013 protected, short &amp; open circ diagnostika, current control, 16x ja 12x vastavalt ajule.  H-bridge \u2013 4x full H-bridge ja 3x vastavalt ajule.  CAN-bus \u2013 2x CAN 2.0 A\/B.  LIN-bus \u2013 1x  Datalogging \u2013 kuni 500Hz, PC logger, v\u00e4line logger USB m\u00e4lupulgale.  Oskilloskoop \u2013 trigger (2) ja nukkv\u00f5lli asendi (4) sisenditele.  Pistikud \u2013 AMP Superseal, 120 kontakti (4 pistikut) ja 96 kontakti (3 pistikut) vastavalt ajule  Kasutajaliides \u2013 CAN-bus \u00fchendus, seadistamiseks vajalik\u00a0USB2CAN.  K\u00f5ik tarkvara uuendused ja k\u00f5ik aju funktsioonid on hinna sees.","og_url":"https:\/\/tuunerstuudio.ee\/ru\/toode\/ecumaster-emu-pro-16\/","og_site_name":"TuunerStuudio","article_modified_time":"2024-10-11T11:56:35+00:00","og_image":[{"width":1200,"height":796,"url":"https:\/\/tuunerstuudio.ee\/wp-content\/uploads\/2024\/10\/EMU-PRO-16.png","type":"image\/png"}],"twitter_card":"summary_large_image","twitter_misc":{"\u041f\u0440\u0438\u043c\u0435\u0440\u043d\u043e\u0435 \u0432\u0440\u0435\u043c\u044f \u0434\u043b\u044f \u0447\u0442\u0435\u043d\u0438\u044f":"1 \u043c\u0438\u043d\u0443\u0442\u0430"},"schema":{"@context":"https:\/\/schema.org","@graph":[{"@type":"WebPage","@id":"https:\/\/tuunerstuudio.ee\/ru\/toode\/ecumaster-emu-pro-16\/","url":"https:\/\/tuunerstuudio.ee\/ru\/toode\/ecumaster-emu-pro-16\/","name":"ECUMASTER EMU PRO-16 - TuunerStuudio","isPartOf":{"@id":"https:\/\/tuunerstuudio.ee\/ru\/#website"},"primaryImageOfPage":{"@id":"https:\/\/tuunerstuudio.ee\/ru\/toode\/ecumaster-emu-pro-16\/#primaryimage"},"image":{"@id":"https:\/\/tuunerstuudio.ee\/toode\/ecumaster-emu-pro-16\/#primaryimage"},"thumbnailUrl":"https:\/\/tuunerstuudio.ee\/wp-content\/uploads\/2024\/10\/EMU-PRO-16.png","datePublished":"2024-10-11T11:56:14+00:00","dateModified":"2024-10-11T11:56:35+00:00","breadcrumb":{"@id":"https:\/\/tuunerstuudio.ee\/ru\/toode\/ecumaster-emu-pro-16\/#breadcrumb"},"inLanguage":"ru-RU","potentialAction":[{"@type":"ReadAction","target":[["https:\/\/tuunerstuudio.ee\/ru\/toode\/ecumaster-emu-pro-16\/"]]}]},{"@type":"ImageObject","inLanguage":"ru-RU","@id":"https:\/\/tuunerstuudio.ee\/ru\/toode\/ecumaster-emu-pro-16\/#primaryimage","url":"https:\/\/tuunerstuudio.ee\/wp-content\/uploads\/2024\/10\/EMU-PRO-16.png","contentUrl":"https:\/\/tuunerstuudio.ee\/wp-content\/uploads\/2024\/10\/EMU-PRO-16.png","width":1200,"height":796},{"@type":"BreadcrumbList","@id":"https:\/\/tuunerstuudio.ee\/ru\/toode\/ecumaster-emu-pro-16\/#breadcrumb","itemListElement":[{"@type":"ListItem","position":1,"name":"Home","item":"https:\/\/tuunerstuudio.ee\/ru\/"},{"@type":"ListItem","position":2,"name":"Tooted","item":"https:\/\/www.tuunerstuudio.ee\/tooted\/"},{"@type":"ListItem","position":3,"name":"ECUMASTER EMU PRO-16"}]},{"@type":"WebSite","@id":"https:\/\/tuunerstuudio.ee\/ru\/#website","url":"https:\/\/tuunerstuudio.ee\/ru\/","name":"tuunerstuudio","description":"","potentialAction":[{"@type":"SearchAction","target":{"@type":"EntryPoint","urlTemplate":"https:\/\/tuunerstuudio.ee\/ru\/?s={search_term_string}"},"query-input":{"@type":"PropertyValueSpecification","valueRequired":true,"valueName":"search_term_string"}}],"inLanguage":"ru-RU"}]}},"_links":{"self":[{"href":"https:\/\/tuunerstuudio.ee\/ru\/wp-json\/wp\/v2\/product\/6623","targetHints":{"allow":["GET"]}}],"collection":[{"href":"https:\/\/tuunerstuudio.ee\/ru\/wp-json\/wp\/v2\/product"}],"about":[{"href":"https:\/\/tuunerstuudio.ee\/ru\/wp-json\/wp\/v2\/types\/product"}],"replies":[{"embeddable":true,"href":"https:\/\/tuunerstuudio.ee\/ru\/wp-json\/wp\/v2\/comments?post=6623"}],"wp:featuredmedia":[{"embeddable":true,"href":"https:\/\/tuunerstuudio.ee\/ru\/wp-json\/wp\/v2\/media\/6647"}],"wp:attachment":[{"href":"https:\/\/tuunerstuudio.ee\/ru\/wp-json\/wp\/v2\/media?parent=6623"}],"wp:term":[{"taxonomy":"product_brand","embeddable":true,"href":"https:\/\/tuunerstuudio.ee\/ru\/wp-json\/wp\/v2\/product_brand?post=6623"},{"taxonomy":"product_cat","embeddable":true,"href":"https:\/\/tuunerstuudio.ee\/ru\/wp-json\/wp\/v2\/product_cat?post=6623"},{"taxonomy":"product_tag","embeddable":true,"href":"https:\/\/tuunerstuudio.ee\/ru\/wp-json\/wp\/v2\/product_tag?post=6623"}],"curies":[{"name":"wp","href":"https:\/\/api.w.org\/{rel}","templated":true}]}}