{"id":6546,"date":"2024-10-11T14:56:00","date_gmt":"2024-10-11T11:56:00","guid":{"rendered":"https:\/\/tuunerstuudio.ee\/uuswp\/?post_type=product&#038;p=6546"},"modified":"2025-11-04T13:15:22","modified_gmt":"2025-11-04T11:15:22","slug":"kutuserohu-andur-m10x1-11bar","status":"publish","type":"product","link":"https:\/\/tuunerstuudio.ee\/ru\/toode\/kutuserohu-andur-m10x1-11bar\/","title":{"rendered":"K\u00fctuser\u00f5hu andur (M10x1, 11BAR)"},"content":{"rendered":"<p><strong>Pin 1: Sensor GND<\/strong><\/p>\n<p><strong>Pin 2: Signal<\/strong><\/p>\n<p><strong>Pin 3: +5V in<\/strong><\/p>\n<p>&nbsp;<\/p>\n<p>Suitable connector<\/p>\n<p><a href=\"https:\/\/tuunerstuudio.ee\/toode\/pistikukomplekt-3-pin-vag-5\/\">https:\/\/tuunerstuudio.ee\/toode\/pistikukomplekt-3-pin-vag-5\/<\/a><\/p>\n<p>Adapter to NPT thread<\/p>\n<p>&nbsp;<\/p>\n<p><a href=\"https:\/\/tuunerstuudio.ee\/en\/toode\/adapter-m10-x-1-female-to-1-8-npt-male-stainless-steel\/\">https:\/\/tuunerstuudio.ee\/en\/toode\/adapter-m10-x-1-female-to-1-8-npt-male-stainless-steel\/<\/a><\/p>","protected":false},"excerpt":{"rendered":"<ul>\n<li>Surve: 11bar<\/li>\n<li>V\u00e4liskeerme m\u00f5\u00f5de: M10x1<\/li>\n<\/ul>\n","protected":false},"featured_media":6575,"comment_status":"closed","ping_status":"closed","template":"","meta":[],"product_brand":[],"product_cat":[73,955,70],"product_tag":[],"class_list":{"0":"post-6546","1":"product","2":"type-product","3":"status-publish","4":"has-post-thumbnail","6":"product_cat-andurid","7":"product_cat-andurid-andurid","8":"product_cat-muud-tooted","10":"first","11":"onbackorder","12":"taxable","13":"shipping-taxable","14":"purchasable","15":"product-type-simple"},"yoast_head":"<!-- This site is optimized with the Yoast SEO plugin v26.9 - https:\/\/yoast.com\/product\/yoast-seo-wordpress\/ -->\n<title>K\u00fctuser\u00f5hu andur (M10x1, 11BAR) - TuunerStuudio<\/title>\n<meta name=\"robots\" content=\"index, follow, max-snippet:-1, max-image-preview:large, max-video-preview:-1\" \/>\n<link rel=\"canonical\" href=\"https:\/\/tuunerstuudio.ee\/ru\/toode\/kutuserohu-andur-m10x1-11bar\/\" \/>\n<meta property=\"og:locale\" content=\"ru_RU\" \/>\n<meta property=\"og:type\" content=\"article\" \/>\n<meta property=\"og:title\" content=\"K\u00fctuser\u00f5hu andur (M10x1, 11BAR) - TuunerStuudio\" \/>\n<meta property=\"og:description\" content=\"Surve: 11bar  V\u00e4liskeerme m\u00f5\u00f5de: M10x1\" \/>\n<meta property=\"og:url\" content=\"https:\/\/tuunerstuudio.ee\/ru\/toode\/kutuserohu-andur-m10x1-11bar\/\" \/>\n<meta property=\"og:site_name\" content=\"TuunerStuudio\" \/>\n<meta property=\"article:modified_time\" content=\"2025-11-04T11:15:22+00:00\" \/>\n<meta property=\"og:image\" content=\"https:\/\/tuunerstuudio.ee\/wp-content\/uploads\/2024\/10\/Kutuserohu-andur.jpg\" \/>\n\t<meta property=\"og:image:width\" content=\"600\" \/>\n\t<meta property=\"og:image:height\" content=\"600\" \/>\n\t<meta property=\"og:image:type\" content=\"image\/jpeg\" \/>\n<meta name=\"twitter:card\" content=\"summary_large_image\" \/>\n<meta name=\"twitter:label1\" content=\"\u041f\u0440\u0438\u043c\u0435\u0440\u043d\u043e\u0435 \u0432\u0440\u0435\u043c\u044f \u0434\u043b\u044f \u0447\u0442\u0435\u043d\u0438\u044f\" \/>\n\t<meta name=\"twitter:data1\" content=\"1 \u043c\u0438\u043d\u0443\u0442\u0430\" \/>\n<script type=\"application\/ld+json\" class=\"yoast-schema-graph\">{\"@context\":\"https:\/\/schema.org\",\"@graph\":[{\"@type\":\"WebPage\",\"@id\":\"https:\/\/tuunerstuudio.ee\/ru\/toode\/kutuserohu-andur-m10x1-11bar\/\",\"url\":\"https:\/\/tuunerstuudio.ee\/ru\/toode\/kutuserohu-andur-m10x1-11bar\/\",\"name\":\"K\u00fctuser\u00f5hu andur (M10x1, 11BAR) - TuunerStuudio\",\"isPartOf\":{\"@id\":\"https:\/\/tuunerstuudio.ee\/ru\/#website\"},\"primaryImageOfPage\":{\"@id\":\"https:\/\/tuunerstuudio.ee\/ru\/toode\/kutuserohu-andur-m10x1-11bar\/#primaryimage\"},\"image\":{\"@id\":\"https:\/\/tuunerstuudio.ee\/toode\/kutuserohu-andur-m10x1-11bar\/#primaryimage\"},\"thumbnailUrl\":\"https:\/\/tuunerstuudio.ee\/wp-content\/uploads\/2024\/10\/Kutuserohu-andur.jpg\",\"datePublished\":\"2024-10-11T11:56:00+00:00\",\"dateModified\":\"2025-11-04T11:15:22+00:00\",\"breadcrumb\":{\"@id\":\"https:\/\/tuunerstuudio.ee\/ru\/toode\/kutuserohu-andur-m10x1-11bar\/#breadcrumb\"},\"inLanguage\":\"ru-RU\",\"potentialAction\":[{\"@type\":\"ReadAction\",\"target\":[[\"https:\/\/tuunerstuudio.ee\/ru\/toode\/kutuserohu-andur-m10x1-11bar\/\"]]}]},{\"@type\":\"ImageObject\",\"inLanguage\":\"ru-RU\",\"@id\":\"https:\/\/tuunerstuudio.ee\/ru\/toode\/kutuserohu-andur-m10x1-11bar\/#primaryimage\",\"url\":\"https:\/\/tuunerstuudio.ee\/wp-content\/uploads\/2024\/10\/Kutuserohu-andur.jpg\",\"contentUrl\":\"https:\/\/tuunerstuudio.ee\/wp-content\/uploads\/2024\/10\/Kutuserohu-andur.jpg\",\"width\":600,\"height\":600},{\"@type\":\"BreadcrumbList\",\"@id\":\"https:\/\/tuunerstuudio.ee\/ru\/toode\/kutuserohu-andur-m10x1-11bar\/#breadcrumb\",\"itemListElement\":[{\"@type\":\"ListItem\",\"position\":1,\"name\":\"Home\",\"item\":\"https:\/\/tuunerstuudio.ee\/ru\/\"},{\"@type\":\"ListItem\",\"position\":2,\"name\":\"Tooted\",\"item\":\"https:\/\/www.tuunerstuudio.ee\/tooted\/\"},{\"@type\":\"ListItem\",\"position\":3,\"name\":\"K\u00fctuser\u00f5hu andur (M10x1, 11BAR)\"}]},{\"@type\":\"WebSite\",\"@id\":\"https:\/\/tuunerstuudio.ee\/ru\/#website\",\"url\":\"https:\/\/tuunerstuudio.ee\/ru\/\",\"name\":\"tuunerstuudio\",\"description\":\"\",\"potentialAction\":[{\"@type\":\"SearchAction\",\"target\":{\"@type\":\"EntryPoint\",\"urlTemplate\":\"https:\/\/tuunerstuudio.ee\/ru\/?s={search_term_string}\"},\"query-input\":{\"@type\":\"PropertyValueSpecification\",\"valueRequired\":true,\"valueName\":\"search_term_string\"}}],\"inLanguage\":\"ru-RU\"}]}<\/script>\n<!-- \/ Yoast SEO plugin. -->","yoast_head_json":{"title":"K\u00fctuser\u00f5hu andur (M10x1, 11BAR) - TuunerStuudio","robots":{"index":"index","follow":"follow","max-snippet":"max-snippet:-1","max-image-preview":"max-image-preview:large","max-video-preview":"max-video-preview:-1"},"canonical":"https:\/\/tuunerstuudio.ee\/ru\/toode\/kutuserohu-andur-m10x1-11bar\/","og_locale":"ru_RU","og_type":"article","og_title":"K\u00fctuser\u00f5hu andur (M10x1, 11BAR) - TuunerStuudio","og_description":"Surve: 11bar  V\u00e4liskeerme m\u00f5\u00f5de: M10x1","og_url":"https:\/\/tuunerstuudio.ee\/ru\/toode\/kutuserohu-andur-m10x1-11bar\/","og_site_name":"TuunerStuudio","article_modified_time":"2025-11-04T11:15:22+00:00","og_image":[{"width":600,"height":600,"url":"https:\/\/tuunerstuudio.ee\/wp-content\/uploads\/2024\/10\/Kutuserohu-andur.jpg","type":"image\/jpeg"}],"twitter_card":"summary_large_image","twitter_misc":{"\u041f\u0440\u0438\u043c\u0435\u0440\u043d\u043e\u0435 \u0432\u0440\u0435\u043c\u044f \u0434\u043b\u044f \u0447\u0442\u0435\u043d\u0438\u044f":"1 \u043c\u0438\u043d\u0443\u0442\u0430"},"schema":{"@context":"https:\/\/schema.org","@graph":[{"@type":"WebPage","@id":"https:\/\/tuunerstuudio.ee\/ru\/toode\/kutuserohu-andur-m10x1-11bar\/","url":"https:\/\/tuunerstuudio.ee\/ru\/toode\/kutuserohu-andur-m10x1-11bar\/","name":"K\u00fctuser\u00f5hu andur (M10x1, 11BAR) - TuunerStuudio","isPartOf":{"@id":"https:\/\/tuunerstuudio.ee\/ru\/#website"},"primaryImageOfPage":{"@id":"https:\/\/tuunerstuudio.ee\/ru\/toode\/kutuserohu-andur-m10x1-11bar\/#primaryimage"},"image":{"@id":"https:\/\/tuunerstuudio.ee\/toode\/kutuserohu-andur-m10x1-11bar\/#primaryimage"},"thumbnailUrl":"https:\/\/tuunerstuudio.ee\/wp-content\/uploads\/2024\/10\/Kutuserohu-andur.jpg","datePublished":"2024-10-11T11:56:00+00:00","dateModified":"2025-11-04T11:15:22+00:00","breadcrumb":{"@id":"https:\/\/tuunerstuudio.ee\/ru\/toode\/kutuserohu-andur-m10x1-11bar\/#breadcrumb"},"inLanguage":"ru-RU","potentialAction":[{"@type":"ReadAction","target":[["https:\/\/tuunerstuudio.ee\/ru\/toode\/kutuserohu-andur-m10x1-11bar\/"]]}]},{"@type":"ImageObject","inLanguage":"ru-RU","@id":"https:\/\/tuunerstuudio.ee\/ru\/toode\/kutuserohu-andur-m10x1-11bar\/#primaryimage","url":"https:\/\/tuunerstuudio.ee\/wp-content\/uploads\/2024\/10\/Kutuserohu-andur.jpg","contentUrl":"https:\/\/tuunerstuudio.ee\/wp-content\/uploads\/2024\/10\/Kutuserohu-andur.jpg","width":600,"height":600},{"@type":"BreadcrumbList","@id":"https:\/\/tuunerstuudio.ee\/ru\/toode\/kutuserohu-andur-m10x1-11bar\/#breadcrumb","itemListElement":[{"@type":"ListItem","position":1,"name":"Home","item":"https:\/\/tuunerstuudio.ee\/ru\/"},{"@type":"ListItem","position":2,"name":"Tooted","item":"https:\/\/www.tuunerstuudio.ee\/tooted\/"},{"@type":"ListItem","position":3,"name":"K\u00fctuser\u00f5hu andur (M10x1, 11BAR)"}]},{"@type":"WebSite","@id":"https:\/\/tuunerstuudio.ee\/ru\/#website","url":"https:\/\/tuunerstuudio.ee\/ru\/","name":"tuunerstuudio","description":"","potentialAction":[{"@type":"SearchAction","target":{"@type":"EntryPoint","urlTemplate":"https:\/\/tuunerstuudio.ee\/ru\/?s={search_term_string}"},"query-input":{"@type":"PropertyValueSpecification","valueRequired":true,"valueName":"search_term_string"}}],"inLanguage":"ru-RU"}]}},"_links":{"self":[{"href":"https:\/\/tuunerstuudio.ee\/ru\/wp-json\/wp\/v2\/product\/6546","targetHints":{"allow":["GET"]}}],"collection":[{"href":"https:\/\/tuunerstuudio.ee\/ru\/wp-json\/wp\/v2\/product"}],"about":[{"href":"https:\/\/tuunerstuudio.ee\/ru\/wp-json\/wp\/v2\/types\/product"}],"replies":[{"embeddable":true,"href":"https:\/\/tuunerstuudio.ee\/ru\/wp-json\/wp\/v2\/comments?post=6546"}],"wp:featuredmedia":[{"embeddable":true,"href":"https:\/\/tuunerstuudio.ee\/ru\/wp-json\/wp\/v2\/media\/6575"}],"wp:attachment":[{"href":"https:\/\/tuunerstuudio.ee\/ru\/wp-json\/wp\/v2\/media?parent=6546"}],"wp:term":[{"taxonomy":"product_brand","embeddable":true,"href":"https:\/\/tuunerstuudio.ee\/ru\/wp-json\/wp\/v2\/product_brand?post=6546"},{"taxonomy":"product_cat","embeddable":true,"href":"https:\/\/tuunerstuudio.ee\/ru\/wp-json\/wp\/v2\/product_cat?post=6546"},{"taxonomy":"product_tag","embeddable":true,"href":"https:\/\/tuunerstuudio.ee\/ru\/wp-json\/wp\/v2\/product_tag?post=6546"}],"curies":[{"name":"wp","href":"https:\/\/api.w.org\/{rel}","templated":true}]}}