{"id":547,"date":"2024-10-11T13:55:01","date_gmt":"2024-10-11T10:55:01","guid":{"rendered":"https:\/\/tuunerstuudio.ee\/uuswp\/?post_type=product&#038;p=547"},"modified":"2025-10-18T14:20:44","modified_gmt":"2025-10-18T11:20:44","slug":"nuke-performance-cfc-unit-low-profile-competition-fuel-cell-unit-with-integrated-fuel-surge-tank","status":"publish","type":"product","link":"https:\/\/tuunerstuudio.ee\/ru\/toode\/nuke-performance-cfc-unit-low-profile-competition-fuel-cell-unit-with-integrated-fuel-surge-tank\/","title":{"rendered":"Nuke Performance CFC \u0431\u043b\u043e\u043a &#8212; \u0422\u043e\u043f\u043b\u0438\u0432\u043d\u044b\u0439 \u0431\u0430\u043a \u0434\u043b\u044f \u0441\u043e\u0440\u0435\u0432\u043d\u043e\u0432\u0430\u043d\u0438\u0439 \u0441 \u043d\u0438\u0437\u043a\u0438\u043c \u043f\u0440\u043e\u0444\u0438\u043b\u0435\u043c, \u0441 \u0438\u043d\u0442\u0435\u0433\u0440\u0438\u0440\u043e\u0432\u0430\u043d\u043d\u044b\u043c \u0431\u0430\u043a\u043e\u043c \u0434\u043b\u044f \u0438\u0437\u0431\u044b\u0442\u043e\u0447\u043d\u043e\u0433\u043e \u0442\u043e\u043f\u043b\u0438\u0432\u0430"},"content":{"rendered":"","protected":false},"excerpt":{"rendered":"<p>\u041c\u0438\u043d\u0438\u043c\u0430\u043b\u044c\u043d\u0430\u044f \u0433\u043b\u0443\u0431\u0438\u043d\u0430 \u043c\u043e\u043d\u0442\u0430\u0436\u0430: 219 \u043c\u043c<br \/>\n\u0414\u043b\u0438\u043d\u0430: 295 \u043c\u043c<br \/>\n\u0428\u0438\u0440\u0438\u043d\u0430: 194 \u043c\u043c<br \/>\n\u0412\u0435\u0441: 1934 \u0433<br \/>\n\u0421\u043e\u0432\u043c\u0435\u0441\u0442\u0438\u043c\u043e \u0441: \u0411\u0435\u043d\u0437\u0438\u043d, \u043c\u0435\u0442\u0430\u043d\u043e\u043b, \u044d\u0442\u0430\u043d\u043e\u043b, E85<br \/>\n\u041e\u0431\u044a\u0435\u043c \u0432\u043d\u0443\u0442\u0440\u0435\u043d\u043d\u0435\u0433\u043e \u0431\u0430\u043a\u0430 \u0434\u043b\u044f \u0438\u0437\u0431\u044b\u0442\u043e\u0447\u043d\u043e\u0433\u043e \u0442\u043e\u043f\u043b\u0438\u0432\u0430: \u043f\u0440\u0438\u043c\u0435\u0440\u043d\u043e 2,0 \u043b\u0438\u0442\u0440\u0430<br \/>\n\u0412\u044b\u0445\u043e\u0434\u043d\u043e\u0439 \u043f\u043e\u0440\u0442, \u0442\u0438\u043f \u0440\u0435\u0437\u044c\u0431\u044b: AN-10<br \/>\n\u041f\u043e\u0440\u0442 \u0434\u043b\u044f \u0432\u043e\u0437\u0432\u0440\u0430\u0442\u0430, \u0442\u0438\u043f \u0440\u0435\u0437\u044c\u0431\u044b: AN-8<br \/>\n\u0412\u0435\u043d\u0442\u0438\u043b\u0438\u0440\u0443\u044e\u0449\u0438\u0439 \u043a\u043b\u0430\u043f\u0430\u043d, \u0442\u0438\u043f \u0440\u0435\u0437\u044c\u0431\u044b: AN-8<br \/>\n\u0414\u043b\u044f \u0438\u0441\u043f\u043e\u043b\u044c\u0437\u043e\u0432\u0430\u043d\u0438\u044f \u0432 \u0430\u0432\u0442\u043e\u0441\u043f\u043e\u0440\u0442\u0435: \u0414\u0430<\/p>\n","protected":false},"featured_media":666,"comment_status":"closed","ping_status":"closed","template":"","meta":[],"product_brand":[],"product_cat":[16,79,88,91],"product_tag":[],"class_list":{"0":"post-547","1":"product","2":"type-product","3":"status-publish","4":"has-post-thumbnail","6":"product_cat-kutusesusteem","7":"product_cat-paagid","8":"product_cat-kutusepaagid","9":"product_cat-nuke-performance-kutusepaagid","11":"first","12":"onbackorder","13":"taxable","14":"shipping-taxable","15":"purchasable","16":"product-type-simple"},"yoast_head":"<!-- This site is optimized with the Yoast SEO plugin v26.9 - https:\/\/yoast.com\/product\/yoast-seo-wordpress\/ -->\n<title>Nuke Performance CFC \u0431\u043b\u043e\u043a - \u0422\u043e\u043f\u043b\u0438\u0432\u043d\u044b\u0439 \u0431\u0430\u043a \u0434\u043b\u044f \u0441\u043e\u0440\u0435\u0432\u043d\u043e\u0432\u0430\u043d\u0438\u0439 \u0441 \u043d\u0438\u0437\u043a\u0438\u043c \u043f\u0440\u043e\u0444\u0438\u043b\u0435\u043c, \u0441 \u0438\u043d\u0442\u0435\u0433\u0440\u0438\u0440\u043e\u0432\u0430\u043d\u043d\u044b\u043c \u0431\u0430\u043a\u043e\u043c \u0434\u043b\u044f \u0438\u0437\u0431\u044b\u0442\u043e\u0447\u043d\u043e\u0433\u043e \u0442\u043e\u043f\u043b\u0438\u0432\u0430 - TuunerStuudio<\/title>\n<meta name=\"robots\" content=\"index, follow, max-snippet:-1, max-image-preview:large, max-video-preview:-1\" \/>\n<link rel=\"canonical\" href=\"https:\/\/tuunerstuudio.ee\/ru\/toode\/nuke-performance-cfc-unit-low-profile-competition-fuel-cell-unit-with-integrated-fuel-surge-tank\/\" \/>\n<meta property=\"og:locale\" content=\"ru_RU\" \/>\n<meta property=\"og:type\" content=\"article\" \/>\n<meta property=\"og:title\" content=\"Nuke Performance CFC \u0431\u043b\u043e\u043a - \u0422\u043e\u043f\u043b\u0438\u0432\u043d\u044b\u0439 \u0431\u0430\u043a \u0434\u043b\u044f \u0441\u043e\u0440\u0435\u0432\u043d\u043e\u0432\u0430\u043d\u0438\u0439 \u0441 \u043d\u0438\u0437\u043a\u0438\u043c \u043f\u0440\u043e\u0444\u0438\u043b\u0435\u043c, \u0441 \u0438\u043d\u0442\u0435\u0433\u0440\u0438\u0440\u043e\u0432\u0430\u043d\u043d\u044b\u043c \u0431\u0430\u043a\u043e\u043c \u0434\u043b\u044f \u0438\u0437\u0431\u044b\u0442\u043e\u0447\u043d\u043e\u0433\u043e \u0442\u043e\u043f\u043b\u0438\u0432\u0430 - TuunerStuudio\" \/>\n<meta property=\"og:description\" content=\"\u041c\u0438\u043d\u0438\u043c\u0430\u043b\u044c\u043d\u0430\u044f \u0433\u043b\u0443\u0431\u0438\u043d\u0430 \u043c\u043e\u043d\u0442\u0430\u0436\u0430: 219 \u043c\u043c \u0414\u043b\u0438\u043d\u0430: 295 \u043c\u043c \u0428\u0438\u0440\u0438\u043d\u0430: 194 \u043c\u043c \u0412\u0435\u0441: 1934 \u0433 \u0421\u043e\u0432\u043c\u0435\u0441\u0442\u0438\u043c\u043e \u0441: \u0411\u0435\u043d\u0437\u0438\u043d, \u043c\u0435\u0442\u0430\u043d\u043e\u043b, \u044d\u0442\u0430\u043d\u043e\u043b, E85 \u041e\u0431\u044a\u0435\u043c \u0432\u043d\u0443\u0442\u0440\u0435\u043d\u043d\u0435\u0433\u043e \u0431\u0430\u043a\u0430 \u0434\u043b\u044f \u0438\u0437\u0431\u044b\u0442\u043e\u0447\u043d\u043e\u0433\u043e \u0442\u043e\u043f\u043b\u0438\u0432\u0430: \u043f\u0440\u0438\u043c\u0435\u0440\u043d\u043e 2,0 \u043b\u0438\u0442\u0440\u0430 \u0412\u044b\u0445\u043e\u0434\u043d\u043e\u0439 \u043f\u043e\u0440\u0442, \u0442\u0438\u043f \u0440\u0435\u0437\u044c\u0431\u044b: AN-10 \u041f\u043e\u0440\u0442 \u0434\u043b\u044f \u0432\u043e\u0437\u0432\u0440\u0430\u0442\u0430, \u0442\u0438\u043f \u0440\u0435\u0437\u044c\u0431\u044b: AN-8 \u0412\u0435\u043d\u0442\u0438\u043b\u0438\u0440\u0443\u044e\u0449\u0438\u0439 \u043a\u043b\u0430\u043f\u0430\u043d, \u0442\u0438\u043f \u0440\u0435\u0437\u044c\u0431\u044b: AN-8 \u0414\u043b\u044f \u0438\u0441\u043f\u043e\u043b\u044c\u0437\u043e\u0432\u0430\u043d\u0438\u044f \u0432 \u0430\u0432\u0442\u043e\u0441\u043f\u043e\u0440\u0442\u0435: \u0414\u0430\" \/>\n<meta property=\"og:url\" content=\"https:\/\/tuunerstuudio.ee\/ru\/toode\/nuke-performance-cfc-unit-low-profile-competition-fuel-cell-unit-with-integrated-fuel-surge-tank\/\" \/>\n<meta property=\"og:site_name\" content=\"TuunerStuudio\" \/>\n<meta property=\"article:modified_time\" content=\"2025-10-18T11:20:44+00:00\" \/>\n<meta property=\"og:image\" content=\"https:\/\/tuunerstuudio.ee\/wp-content\/uploads\/2024\/10\/192556.jpg\" \/>\n\t<meta property=\"og:image:width\" content=\"780\" \/>\n\t<meta property=\"og:image:height\" content=\"780\" \/>\n\t<meta property=\"og:image:type\" content=\"image\/jpeg\" \/>\n<meta name=\"twitter:card\" content=\"summary_large_image\" \/>\n<meta name=\"twitter:label1\" content=\"\u041f\u0440\u0438\u043c\u0435\u0440\u043d\u043e\u0435 \u0432\u0440\u0435\u043c\u044f \u0434\u043b\u044f \u0447\u0442\u0435\u043d\u0438\u044f\" \/>\n\t<meta name=\"twitter:data1\" content=\"1 \u043c\u0438\u043d\u0443\u0442\u0430\" \/>\n<script type=\"application\/ld+json\" class=\"yoast-schema-graph\">{\"@context\":\"https:\/\/schema.org\",\"@graph\":[{\"@type\":\"WebPage\",\"@id\":\"https:\/\/tuunerstuudio.ee\/ru\/toode\/nuke-performance-cfc-unit-low-profile-competition-fuel-cell-unit-with-integrated-fuel-surge-tank\/\",\"url\":\"https:\/\/tuunerstuudio.ee\/ru\/toode\/nuke-performance-cfc-unit-low-profile-competition-fuel-cell-unit-with-integrated-fuel-surge-tank\/\",\"name\":\"Nuke Performance CFC \u0431\u043b\u043e\u043a - \u0422\u043e\u043f\u043b\u0438\u0432\u043d\u044b\u0439 \u0431\u0430\u043a \u0434\u043b\u044f \u0441\u043e\u0440\u0435\u0432\u043d\u043e\u0432\u0430\u043d\u0438\u0439 \u0441 \u043d\u0438\u0437\u043a\u0438\u043c \u043f\u0440\u043e\u0444\u0438\u043b\u0435\u043c, \u0441 \u0438\u043d\u0442\u0435\u0433\u0440\u0438\u0440\u043e\u0432\u0430\u043d\u043d\u044b\u043c \u0431\u0430\u043a\u043e\u043c \u0434\u043b\u044f \u0438\u0437\u0431\u044b\u0442\u043e\u0447\u043d\u043e\u0433\u043e \u0442\u043e\u043f\u043b\u0438\u0432\u0430 - TuunerStuudio\",\"isPartOf\":{\"@id\":\"https:\/\/tuunerstuudio.ee\/ru\/#website\"},\"primaryImageOfPage\":{\"@id\":\"https:\/\/tuunerstuudio.ee\/ru\/toode\/nuke-performance-cfc-unit-low-profile-competition-fuel-cell-unit-with-integrated-fuel-surge-tank\/#primaryimage\"},\"image\":{\"@id\":\"https:\/\/tuunerstuudio.ee\/toode\/nuke-performance-cfc-unit-low-profile-competition-fuel-cell-unit-with-integrated-fuel-surge-tank\/#primaryimage\"},\"thumbnailUrl\":\"https:\/\/tuunerstuudio.ee\/wp-content\/uploads\/2024\/10\/192556.jpg\",\"datePublished\":\"2024-10-11T10:55:01+00:00\",\"dateModified\":\"2025-10-18T11:20:44+00:00\",\"breadcrumb\":{\"@id\":\"https:\/\/tuunerstuudio.ee\/ru\/toode\/nuke-performance-cfc-unit-low-profile-competition-fuel-cell-unit-with-integrated-fuel-surge-tank\/#breadcrumb\"},\"inLanguage\":\"ru-RU\",\"potentialAction\":[{\"@type\":\"ReadAction\",\"target\":[[\"https:\/\/tuunerstuudio.ee\/ru\/toode\/nuke-performance-cfc-unit-low-profile-competition-fuel-cell-unit-with-integrated-fuel-surge-tank\/\"]]}]},{\"@type\":\"ImageObject\",\"inLanguage\":\"ru-RU\",\"@id\":\"https:\/\/tuunerstuudio.ee\/ru\/toode\/nuke-performance-cfc-unit-low-profile-competition-fuel-cell-unit-with-integrated-fuel-surge-tank\/#primaryimage\",\"url\":\"https:\/\/tuunerstuudio.ee\/wp-content\/uploads\/2024\/10\/192556.jpg\",\"contentUrl\":\"https:\/\/tuunerstuudio.ee\/wp-content\/uploads\/2024\/10\/192556.jpg\",\"width\":780,\"height\":780},{\"@type\":\"BreadcrumbList\",\"@id\":\"https:\/\/tuunerstuudio.ee\/ru\/toode\/nuke-performance-cfc-unit-low-profile-competition-fuel-cell-unit-with-integrated-fuel-surge-tank\/#breadcrumb\",\"itemListElement\":[{\"@type\":\"ListItem\",\"position\":1,\"name\":\"Home\",\"item\":\"https:\/\/tuunerstuudio.ee\/ru\/\"},{\"@type\":\"ListItem\",\"position\":2,\"name\":\"Tooted\",\"item\":\"https:\/\/www.tuunerstuudio.ee\/tooted\/\"},{\"@type\":\"ListItem\",\"position\":3,\"name\":\"Nuke Performance CFC- Madalaprofiilne k\u00fctusepaak koos integreeritud k\u00fctuse \u00fclevoolu mahutiga\"}]},{\"@type\":\"WebSite\",\"@id\":\"https:\/\/tuunerstuudio.ee\/ru\/#website\",\"url\":\"https:\/\/tuunerstuudio.ee\/ru\/\",\"name\":\"tuunerstuudio\",\"description\":\"\",\"potentialAction\":[{\"@type\":\"SearchAction\",\"target\":{\"@type\":\"EntryPoint\",\"urlTemplate\":\"https:\/\/tuunerstuudio.ee\/ru\/?s={search_term_string}\"},\"query-input\":{\"@type\":\"PropertyValueSpecification\",\"valueRequired\":true,\"valueName\":\"search_term_string\"}}],\"inLanguage\":\"ru-RU\"}]}<\/script>\n<!-- \/ Yoast SEO plugin. -->","yoast_head_json":{"title":"Nuke Performance CFC \u0431\u043b\u043e\u043a - \u0422\u043e\u043f\u043b\u0438\u0432\u043d\u044b\u0439 \u0431\u0430\u043a \u0434\u043b\u044f \u0441\u043e\u0440\u0435\u0432\u043d\u043e\u0432\u0430\u043d\u0438\u0439 \u0441 \u043d\u0438\u0437\u043a\u0438\u043c \u043f\u0440\u043e\u0444\u0438\u043b\u0435\u043c, \u0441 \u0438\u043d\u0442\u0435\u0433\u0440\u0438\u0440\u043e\u0432\u0430\u043d\u043d\u044b\u043c \u0431\u0430\u043a\u043e\u043c \u0434\u043b\u044f \u0438\u0437\u0431\u044b\u0442\u043e\u0447\u043d\u043e\u0433\u043e \u0442\u043e\u043f\u043b\u0438\u0432\u0430 - TuunerStuudio","robots":{"index":"index","follow":"follow","max-snippet":"max-snippet:-1","max-image-preview":"max-image-preview:large","max-video-preview":"max-video-preview:-1"},"canonical":"https:\/\/tuunerstuudio.ee\/ru\/toode\/nuke-performance-cfc-unit-low-profile-competition-fuel-cell-unit-with-integrated-fuel-surge-tank\/","og_locale":"ru_RU","og_type":"article","og_title":"Nuke Performance CFC \u0431\u043b\u043e\u043a - \u0422\u043e\u043f\u043b\u0438\u0432\u043d\u044b\u0439 \u0431\u0430\u043a \u0434\u043b\u044f \u0441\u043e\u0440\u0435\u0432\u043d\u043e\u0432\u0430\u043d\u0438\u0439 \u0441 \u043d\u0438\u0437\u043a\u0438\u043c \u043f\u0440\u043e\u0444\u0438\u043b\u0435\u043c, \u0441 \u0438\u043d\u0442\u0435\u0433\u0440\u0438\u0440\u043e\u0432\u0430\u043d\u043d\u044b\u043c \u0431\u0430\u043a\u043e\u043c \u0434\u043b\u044f \u0438\u0437\u0431\u044b\u0442\u043e\u0447\u043d\u043e\u0433\u043e \u0442\u043e\u043f\u043b\u0438\u0432\u0430 - TuunerStuudio","og_description":"\u041c\u0438\u043d\u0438\u043c\u0430\u043b\u044c\u043d\u0430\u044f \u0433\u043b\u0443\u0431\u0438\u043d\u0430 \u043c\u043e\u043d\u0442\u0430\u0436\u0430: 219 \u043c\u043c \u0414\u043b\u0438\u043d\u0430: 295 \u043c\u043c \u0428\u0438\u0440\u0438\u043d\u0430: 194 \u043c\u043c \u0412\u0435\u0441: 1934 \u0433 \u0421\u043e\u0432\u043c\u0435\u0441\u0442\u0438\u043c\u043e \u0441: \u0411\u0435\u043d\u0437\u0438\u043d, \u043c\u0435\u0442\u0430\u043d\u043e\u043b, \u044d\u0442\u0430\u043d\u043e\u043b, E85 \u041e\u0431\u044a\u0435\u043c \u0432\u043d\u0443\u0442\u0440\u0435\u043d\u043d\u0435\u0433\u043e \u0431\u0430\u043a\u0430 \u0434\u043b\u044f \u0438\u0437\u0431\u044b\u0442\u043e\u0447\u043d\u043e\u0433\u043e \u0442\u043e\u043f\u043b\u0438\u0432\u0430: \u043f\u0440\u0438\u043c\u0435\u0440\u043d\u043e 2,0 \u043b\u0438\u0442\u0440\u0430 \u0412\u044b\u0445\u043e\u0434\u043d\u043e\u0439 \u043f\u043e\u0440\u0442, \u0442\u0438\u043f \u0440\u0435\u0437\u044c\u0431\u044b: AN-10 \u041f\u043e\u0440\u0442 \u0434\u043b\u044f \u0432\u043e\u0437\u0432\u0440\u0430\u0442\u0430, \u0442\u0438\u043f \u0440\u0435\u0437\u044c\u0431\u044b: AN-8 \u0412\u0435\u043d\u0442\u0438\u043b\u0438\u0440\u0443\u044e\u0449\u0438\u0439 \u043a\u043b\u0430\u043f\u0430\u043d, \u0442\u0438\u043f \u0440\u0435\u0437\u044c\u0431\u044b: AN-8 \u0414\u043b\u044f \u0438\u0441\u043f\u043e\u043b\u044c\u0437\u043e\u0432\u0430\u043d\u0438\u044f \u0432 \u0430\u0432\u0442\u043e\u0441\u043f\u043e\u0440\u0442\u0435: \u0414\u0430","og_url":"https:\/\/tuunerstuudio.ee\/ru\/toode\/nuke-performance-cfc-unit-low-profile-competition-fuel-cell-unit-with-integrated-fuel-surge-tank\/","og_site_name":"TuunerStuudio","article_modified_time":"2025-10-18T11:20:44+00:00","og_image":[{"width":780,"height":780,"url":"https:\/\/tuunerstuudio.ee\/wp-content\/uploads\/2024\/10\/192556.jpg","type":"image\/jpeg"}],"twitter_card":"summary_large_image","twitter_misc":{"\u041f\u0440\u0438\u043c\u0435\u0440\u043d\u043e\u0435 \u0432\u0440\u0435\u043c\u044f \u0434\u043b\u044f \u0447\u0442\u0435\u043d\u0438\u044f":"1 \u043c\u0438\u043d\u0443\u0442\u0430"},"schema":{"@context":"https:\/\/schema.org","@graph":[{"@type":"WebPage","@id":"https:\/\/tuunerstuudio.ee\/ru\/toode\/nuke-performance-cfc-unit-low-profile-competition-fuel-cell-unit-with-integrated-fuel-surge-tank\/","url":"https:\/\/tuunerstuudio.ee\/ru\/toode\/nuke-performance-cfc-unit-low-profile-competition-fuel-cell-unit-with-integrated-fuel-surge-tank\/","name":"Nuke Performance CFC \u0431\u043b\u043e\u043a - \u0422\u043e\u043f\u043b\u0438\u0432\u043d\u044b\u0439 \u0431\u0430\u043a \u0434\u043b\u044f \u0441\u043e\u0440\u0435\u0432\u043d\u043e\u0432\u0430\u043d\u0438\u0439 \u0441 \u043d\u0438\u0437\u043a\u0438\u043c \u043f\u0440\u043e\u0444\u0438\u043b\u0435\u043c, \u0441 \u0438\u043d\u0442\u0435\u0433\u0440\u0438\u0440\u043e\u0432\u0430\u043d\u043d\u044b\u043c \u0431\u0430\u043a\u043e\u043c \u0434\u043b\u044f \u0438\u0437\u0431\u044b\u0442\u043e\u0447\u043d\u043e\u0433\u043e \u0442\u043e\u043f\u043b\u0438\u0432\u0430 - TuunerStuudio","isPartOf":{"@id":"https:\/\/tuunerstuudio.ee\/ru\/#website"},"primaryImageOfPage":{"@id":"https:\/\/tuunerstuudio.ee\/ru\/toode\/nuke-performance-cfc-unit-low-profile-competition-fuel-cell-unit-with-integrated-fuel-surge-tank\/#primaryimage"},"image":{"@id":"https:\/\/tuunerstuudio.ee\/toode\/nuke-performance-cfc-unit-low-profile-competition-fuel-cell-unit-with-integrated-fuel-surge-tank\/#primaryimage"},"thumbnailUrl":"https:\/\/tuunerstuudio.ee\/wp-content\/uploads\/2024\/10\/192556.jpg","datePublished":"2024-10-11T10:55:01+00:00","dateModified":"2025-10-18T11:20:44+00:00","breadcrumb":{"@id":"https:\/\/tuunerstuudio.ee\/ru\/toode\/nuke-performance-cfc-unit-low-profile-competition-fuel-cell-unit-with-integrated-fuel-surge-tank\/#breadcrumb"},"inLanguage":"ru-RU","potentialAction":[{"@type":"ReadAction","target":[["https:\/\/tuunerstuudio.ee\/ru\/toode\/nuke-performance-cfc-unit-low-profile-competition-fuel-cell-unit-with-integrated-fuel-surge-tank\/"]]}]},{"@type":"ImageObject","inLanguage":"ru-RU","@id":"https:\/\/tuunerstuudio.ee\/ru\/toode\/nuke-performance-cfc-unit-low-profile-competition-fuel-cell-unit-with-integrated-fuel-surge-tank\/#primaryimage","url":"https:\/\/tuunerstuudio.ee\/wp-content\/uploads\/2024\/10\/192556.jpg","contentUrl":"https:\/\/tuunerstuudio.ee\/wp-content\/uploads\/2024\/10\/192556.jpg","width":780,"height":780},{"@type":"BreadcrumbList","@id":"https:\/\/tuunerstuudio.ee\/ru\/toode\/nuke-performance-cfc-unit-low-profile-competition-fuel-cell-unit-with-integrated-fuel-surge-tank\/#breadcrumb","itemListElement":[{"@type":"ListItem","position":1,"name":"Home","item":"https:\/\/tuunerstuudio.ee\/ru\/"},{"@type":"ListItem","position":2,"name":"Tooted","item":"https:\/\/www.tuunerstuudio.ee\/tooted\/"},{"@type":"ListItem","position":3,"name":"Nuke Performance CFC- Madalaprofiilne k\u00fctusepaak koos integreeritud k\u00fctuse \u00fclevoolu mahutiga"}]},{"@type":"WebSite","@id":"https:\/\/tuunerstuudio.ee\/ru\/#website","url":"https:\/\/tuunerstuudio.ee\/ru\/","name":"tuunerstuudio","description":"","potentialAction":[{"@type":"SearchAction","target":{"@type":"EntryPoint","urlTemplate":"https:\/\/tuunerstuudio.ee\/ru\/?s={search_term_string}"},"query-input":{"@type":"PropertyValueSpecification","valueRequired":true,"valueName":"search_term_string"}}],"inLanguage":"ru-RU"}]}},"_links":{"self":[{"href":"https:\/\/tuunerstuudio.ee\/ru\/wp-json\/wp\/v2\/product\/547","targetHints":{"allow":["GET"]}}],"collection":[{"href":"https:\/\/tuunerstuudio.ee\/ru\/wp-json\/wp\/v2\/product"}],"about":[{"href":"https:\/\/tuunerstuudio.ee\/ru\/wp-json\/wp\/v2\/types\/product"}],"replies":[{"embeddable":true,"href":"https:\/\/tuunerstuudio.ee\/ru\/wp-json\/wp\/v2\/comments?post=547"}],"wp:featuredmedia":[{"embeddable":true,"href":"https:\/\/tuunerstuudio.ee\/ru\/wp-json\/wp\/v2\/media\/666"}],"wp:attachment":[{"href":"https:\/\/tuunerstuudio.ee\/ru\/wp-json\/wp\/v2\/media?parent=547"}],"wp:term":[{"taxonomy":"product_brand","embeddable":true,"href":"https:\/\/tuunerstuudio.ee\/ru\/wp-json\/wp\/v2\/product_brand?post=547"},{"taxonomy":"product_cat","embeddable":true,"href":"https:\/\/tuunerstuudio.ee\/ru\/wp-json\/wp\/v2\/product_cat?post=547"},{"taxonomy":"product_tag","embeddable":true,"href":"https:\/\/tuunerstuudio.ee\/ru\/wp-json\/wp\/v2\/product_tag?post=547"}],"curies":[{"name":"wp","href":"https:\/\/api.w.org\/{rel}","templated":true}]}}