{"id":34255,"date":"2026-03-03T20:17:11","date_gmt":"2026-03-03T18:17:11","guid":{"rendered":"https:\/\/tuunerstuudio.ee\/?post_type=product&#038;p=34255"},"modified":"2026-03-03T20:21:36","modified_gmt":"2026-03-03T18:21:36","slug":"spd-kutusepaak-30l-valimiste-kutusepumpade-jaoks","status":"publish","type":"product","link":"https:\/\/tuunerstuudio.ee\/ru\/toode\/spd-kutusepaak-30l-valimiste-kutusepumpade-jaoks\/","title":{"rendered":"\u0422\u043e\u043f\u043b\u0438\u0432\u043d\u044b\u0439 \u0431\u0430\u043a SPD (30L) (\u0414\u043b\u044f \u0432\u043d\u0435\u0448\u043d\u0438\u0445 \u0442\u043e\u043f\u043b\u0438\u0432\u043d\u044b\u0445 \u043d\u0430\u0441\u043e\u0441\u043e\u0432)"},"content":{"rendered":"","protected":false},"excerpt":{"rendered":"<p data-start=\"1091\" data-end=\"1190\">\u041a\u043e\u043c\u043f\u043b\u0435\u043a\u0442\u0430\u0446\u0438\u044f:<br data-start=\"1114\" data-end=\"1117\" \/>\u041a\u0440\u044b\u0448\u043a\u0430 \u0442\u043e\u043f\u043b\u0438\u0432\u043d\u043e\u0433\u043e \u0431\u0430\u043a\u0430.<br data-start=\"1140\" data-end=\"1143\" \/>\u041a\u0440\u044b\u0448\u043a\u0438.<br data-start=\"1150\" data-end=\"1153\" \/>\u041f\u0440\u043e\u0441\u0442\u0430\u0432\u043a\u0438 \u0434\u043b\u044f \u043f\u043e\u0434\u044a\u0435\u043c\u0430 \u0431\u0430\u043a\u0430 \u043e\u0442 \u043f\u043e\u043b\u0430.<\/p>\n<p data-start=\"1192\" data-end=\"1221\">\u0422\u0435\u0445\u043d\u0438\u0447\u0435\u0441\u043a\u0438\u0435 \u0445\u0430\u0440\u0430\u043a\u0442\u0435\u0440\u0438\u0441\u0442\u0438\u043a\u0438:<\/p>\n<ul>\n<li data-start=\"1224\" data-end=\"1261\">\u041f\u0440\u043e\u0447\u043d\u0430\u044f \u043a\u043e\u043d\u0441\u0442\u0440\u0443\u043a\u0446\u0438\u044f, \u043c\u0430\u0442\u0435\u0440\u0438\u0430\u043b 3 \u043c\u043c.<\/li>\n<li data-start=\"1264\" data-end=\"1295\">\u0410\u043d\u043e\u0434\u0438\u0440\u043e\u0432\u0430\u043d\u043e \u0441\u043d\u0430\u0440\u0443\u0436\u0438 \u0438 \u0432\u043d\u0443\u0442\u0440\u0438.<\/li>\n<li data-start=\"1298\" data-end=\"1357\">\u0412\u043e\u0437\u043c\u043e\u0436\u043d\u043e\u0441\u0442\u044c \u043f\u0435\u0440\u0435\u0441\u0442\u0440\u043e\u0439\u043a\u0438 \u0434\u043b\u044f \u0432\u043d\u0443\u0442\u0440\u0435\u043d\u043d\u0438\u0445 \u0442\u043e\u043f\u043b\u0438\u0432\u043d\u044b\u0445 \u043d\u0430\u0441\u043e\u0441\u043e\u0432.<\/li>\n<li data-start=\"1360\" data-end=\"1401\">\u0412\u0441\u0442\u0440\u043e\u0435\u043d\u043d\u0430\u044f \u0444\u0443\u043d\u043a\u0446\u0438\u044f \u043d\u0430\u043a\u043e\u043f\u0438\u0442\u0435\u043b\u044c\u043d\u043e\u0433\u043e \u0431\u0430\u043a\u0430.<\/li>\n<li data-start=\"1404\" data-end=\"1422\">\u0411\u0435\u0437 \u043b\u0438\u0448\u043d\u0435\u0439 \u043f\u0435\u043d\u044b.<\/li>\n<li data-start=\"1425\" data-end=\"1438\">\u041e\u0431\u044a\u0435\u043c 30 \u043b.<\/li>\n<li data-start=\"1441\" data-end=\"1465\">\u0420\u0430\u0437\u043c\u0435\u0440\u044b \u0441 \u043f\u0440\u043e\u0441\u0442\u0430\u0432\u043a\u0430\u043c\u0438:<\/li>\n<li data-start=\"1468\" data-end=\"1492\">\u0420\u0430\u0437\u043c\u0435\u0440\u044b \u0431\u0435\u0437 \u043f\u0440\u043e\u0441\u0442\u0430\u0432\u043e\u043a:<\/li>\n<li data-start=\"1495\" data-end=\"1542\">\u0412\u043d\u0435\u0448\u043d\u0438\u0435 \u043f\u043e\u0434\u043a\u043b\u044e\u0447\u0435\u043d\u0438\u044f \u0442\u043e\u043f\u043b\u0438\u0432\u043d\u043e\u0433\u043e \u043d\u0430\u0441\u043e\u0441\u0430 2xAN12.<\/li>\n<li data-start=\"1545\" data-end=\"1573\">2xAN12 \u043f\u043e\u0434\u043a\u043b\u044e\u0447\u0435\u043d\u0438\u044f \u0441\u0432\u0435\u0440\u0445\u0443.<\/li>\n<li data-start=\"1576\" data-end=\"1631\">\u0412\u043d\u0443\u0442\u0440\u0435\u043d\u043d\u0438\u0439 \u043a\u043b\u0430\u043f\u0430\u043d \u043e\u0442 \u043f\u0435\u0440\u0435\u0432\u043e\u0440\u043e\u0442\u0430 \u0441\u0432\u0435\u0440\u0445\u0443 (\u043e\u043f\u0446\u0438\u043e\u043d\u0430\u043b\u044c\u043d\u043e).<\/li>\n<li data-start=\"1634\" data-end=\"1657\">29,8 \u043b (399x294x254 \u043c\u043c)<\/li>\n<\/ul>\n","protected":false},"featured_media":34259,"comment_status":"closed","ping_status":"closed","template":"","meta":[],"product_brand":[],"product_cat":[16,79,88,246],"product_tag":[],"class_list":{"0":"post-34255","1":"product","2":"type-product","3":"status-publish","4":"has-post-thumbnail","6":"product_cat-kutusesusteem","7":"product_cat-paagid","8":"product_cat-kutusepaagid","9":"product_cat-speeding","11":"first","12":"onbackorder","13":"taxable","14":"shipping-taxable","15":"purchasable","16":"product-type-variable"},"yoast_head":"<!-- This site is optimized with the Yoast SEO plugin v26.9 - https:\/\/yoast.com\/product\/yoast-seo-wordpress\/ -->\n<title>\u0422\u043e\u043f\u043b\u0438\u0432\u043d\u044b\u0439 \u0431\u0430\u043a SPD (30L) (\u0414\u043b\u044f \u0432\u043d\u0435\u0448\u043d\u0438\u0445 \u0442\u043e\u043f\u043b\u0438\u0432\u043d\u044b\u0445 \u043d\u0430\u0441\u043e\u0441\u043e\u0432) - TuunerStuudio<\/title>\n<meta name=\"robots\" content=\"index, follow, max-snippet:-1, max-image-preview:large, max-video-preview:-1\" \/>\n<link rel=\"canonical\" href=\"https:\/\/tuunerstuudio.ee\/ru\/toode\/spd-kutusepaak-30l-valimiste-kutusepumpade-jaoks\/\" \/>\n<meta property=\"og:locale\" content=\"ru_RU\" \/>\n<meta property=\"og:type\" content=\"article\" \/>\n<meta property=\"og:title\" content=\"\u0422\u043e\u043f\u043b\u0438\u0432\u043d\u044b\u0439 \u0431\u0430\u043a SPD (30L) (\u0414\u043b\u044f \u0432\u043d\u0435\u0448\u043d\u0438\u0445 \u0442\u043e\u043f\u043b\u0438\u0432\u043d\u044b\u0445 \u043d\u0430\u0441\u043e\u0441\u043e\u0432) - TuunerStuudio\" \/>\n<meta property=\"og:description\" content=\"\u041a\u043e\u043c\u043f\u043b\u0435\u043a\u0442\u0430\u0446\u0438\u044f:\u041a\u0440\u044b\u0448\u043a\u0430 \u0442\u043e\u043f\u043b\u0438\u0432\u043d\u043e\u0433\u043e \u0431\u0430\u043a\u0430.\u041a\u0440\u044b\u0448\u043a\u0438.\u041f\u0440\u043e\u0441\u0442\u0430\u0432\u043a\u0438 \u0434\u043b\u044f \u043f\u043e\u0434\u044a\u0435\u043c\u0430 \u0431\u0430\u043a\u0430 \u043e\u0442 \u043f\u043e\u043b\u0430. \u0422\u0435\u0445\u043d\u0438\u0447\u0435\u0441\u043a\u0438\u0435 \u0445\u0430\u0440\u0430\u043a\u0442\u0435\u0440\u0438\u0441\u0442\u0438\u043a\u0438:    \u041f\u0440\u043e\u0447\u043d\u0430\u044f \u043a\u043e\u043d\u0441\u0442\u0440\u0443\u043a\u0446\u0438\u044f, \u043c\u0430\u0442\u0435\u0440\u0438\u0430\u043b 3 \u043c\u043c.  \u0410\u043d\u043e\u0434\u0438\u0440\u043e\u0432\u0430\u043d\u043e \u0441\u043d\u0430\u0440\u0443\u0436\u0438 \u0438 \u0432\u043d\u0443\u0442\u0440\u0438.  \u0412\u043e\u0437\u043c\u043e\u0436\u043d\u043e\u0441\u0442\u044c \u043f\u0435\u0440\u0435\u0441\u0442\u0440\u043e\u0439\u043a\u0438 \u0434\u043b\u044f \u0432\u043d\u0443\u0442\u0440\u0435\u043d\u043d\u0438\u0445 \u0442\u043e\u043f\u043b\u0438\u0432\u043d\u044b\u0445 \u043d\u0430\u0441\u043e\u0441\u043e\u0432.  \u0412\u0441\u0442\u0440\u043e\u0435\u043d\u043d\u0430\u044f \u0444\u0443\u043d\u043a\u0446\u0438\u044f \u043d\u0430\u043a\u043e\u043f\u0438\u0442\u0435\u043b\u044c\u043d\u043e\u0433\u043e \u0431\u0430\u043a\u0430.  \u0411\u0435\u0437 \u043b\u0438\u0448\u043d\u0435\u0439 \u043f\u0435\u043d\u044b.  \u041e\u0431\u044a\u0435\u043c 30 \u043b.  \u0420\u0430\u0437\u043c\u0435\u0440\u044b \u0441 \u043f\u0440\u043e\u0441\u0442\u0430\u0432\u043a\u0430\u043c\u0438:  \u0420\u0430\u0437\u043c\u0435\u0440\u044b \u0431\u0435\u0437 \u043f\u0440\u043e\u0441\u0442\u0430\u0432\u043e\u043a:  \u0412\u043d\u0435\u0448\u043d\u0438\u0435 \u043f\u043e\u0434\u043a\u043b\u044e\u0447\u0435\u043d\u0438\u044f \u0442\u043e\u043f\u043b\u0438\u0432\u043d\u043e\u0433\u043e \u043d\u0430\u0441\u043e\u0441\u0430 2xAN12.  2xAN12 \u043f\u043e\u0434\u043a\u043b\u044e\u0447\u0435\u043d\u0438\u044f \u0441\u0432\u0435\u0440\u0445\u0443.  \u0412\u043d\u0443\u0442\u0440\u0435\u043d\u043d\u0438\u0439 \u043a\u043b\u0430\u043f\u0430\u043d \u043e\u0442 \u043f\u0435\u0440\u0435\u0432\u043e\u0440\u043e\u0442\u0430 \u0441\u0432\u0435\u0440\u0445\u0443 (\u043e\u043f\u0446\u0438\u043e\u043d\u0430\u043b\u044c\u043d\u043e).  29,8 \u043b (399x294x254 \u043c\u043c)\" \/>\n<meta property=\"og:url\" content=\"https:\/\/tuunerstuudio.ee\/ru\/toode\/spd-kutusepaak-30l-valimiste-kutusepumpade-jaoks\/\" \/>\n<meta property=\"og:site_name\" content=\"TuunerStuudio\" \/>\n<meta property=\"article:modified_time\" content=\"2026-03-03T18:21:36+00:00\" \/>\n<meta property=\"og:image\" content=\"https:\/\/tuunerstuudio.ee\/wp-content\/uploads\/2026\/03\/SPD02FC30E_bild01.webp\" \/>\n\t<meta property=\"og:image:width\" content=\"1280\" \/>\n\t<meta property=\"og:image:height\" content=\"1177\" \/>\n\t<meta property=\"og:image:type\" content=\"image\/webp\" \/>\n<meta name=\"twitter:card\" content=\"summary_large_image\" \/>\n<meta name=\"twitter:label1\" content=\"\u041f\u0440\u0438\u043c\u0435\u0440\u043d\u043e\u0435 \u0432\u0440\u0435\u043c\u044f \u0434\u043b\u044f \u0447\u0442\u0435\u043d\u0438\u044f\" \/>\n\t<meta name=\"twitter:data1\" content=\"1 \u043c\u0438\u043d\u0443\u0442\u0430\" \/>\n<script type=\"application\/ld+json\" class=\"yoast-schema-graph\">{\"@context\":\"https:\/\/schema.org\",\"@graph\":[{\"@type\":\"WebPage\",\"@id\":\"https:\/\/tuunerstuudio.ee\/ru\/toode\/spd-kutusepaak-30l-valimiste-kutusepumpade-jaoks\/\",\"url\":\"https:\/\/tuunerstuudio.ee\/ru\/toode\/spd-kutusepaak-30l-valimiste-kutusepumpade-jaoks\/\",\"name\":\"\u0422\u043e\u043f\u043b\u0438\u0432\u043d\u044b\u0439 \u0431\u0430\u043a SPD (30L) (\u0414\u043b\u044f \u0432\u043d\u0435\u0448\u043d\u0438\u0445 \u0442\u043e\u043f\u043b\u0438\u0432\u043d\u044b\u0445 \u043d\u0430\u0441\u043e\u0441\u043e\u0432) - TuunerStuudio\",\"isPartOf\":{\"@id\":\"https:\/\/tuunerstuudio.ee\/ru\/#website\"},\"primaryImageOfPage\":{\"@id\":\"https:\/\/tuunerstuudio.ee\/ru\/toode\/spd-kutusepaak-30l-valimiste-kutusepumpade-jaoks\/#primaryimage\"},\"image\":{\"@id\":\"https:\/\/tuunerstuudio.ee\/toode\/spd-kutusepaak-30l-valimiste-kutusepumpade-jaoks\/#primaryimage\"},\"thumbnailUrl\":\"https:\/\/tuunerstuudio.ee\/wp-content\/uploads\/2026\/03\/SPD02FC30E_bild01.webp\",\"datePublished\":\"2026-03-03T18:17:11+00:00\",\"dateModified\":\"2026-03-03T18:21:36+00:00\",\"breadcrumb\":{\"@id\":\"https:\/\/tuunerstuudio.ee\/ru\/toode\/spd-kutusepaak-30l-valimiste-kutusepumpade-jaoks\/#breadcrumb\"},\"inLanguage\":\"ru-RU\",\"potentialAction\":[{\"@type\":\"ReadAction\",\"target\":[[\"https:\/\/tuunerstuudio.ee\/ru\/toode\/spd-kutusepaak-30l-valimiste-kutusepumpade-jaoks\/\"]]}]},{\"@type\":\"ImageObject\",\"inLanguage\":\"ru-RU\",\"@id\":\"https:\/\/tuunerstuudio.ee\/ru\/toode\/spd-kutusepaak-30l-valimiste-kutusepumpade-jaoks\/#primaryimage\",\"url\":\"https:\/\/tuunerstuudio.ee\/wp-content\/uploads\/2026\/03\/SPD02FC30E_bild01.webp\",\"contentUrl\":\"https:\/\/tuunerstuudio.ee\/wp-content\/uploads\/2026\/03\/SPD02FC30E_bild01.webp\",\"width\":1280,\"height\":1177},{\"@type\":\"BreadcrumbList\",\"@id\":\"https:\/\/tuunerstuudio.ee\/ru\/toode\/spd-kutusepaak-30l-valimiste-kutusepumpade-jaoks\/#breadcrumb\",\"itemListElement\":[{\"@type\":\"ListItem\",\"position\":1,\"name\":\"Home\",\"item\":\"https:\/\/tuunerstuudio.ee\/ru\/\"},{\"@type\":\"ListItem\",\"position\":2,\"name\":\"Tooted\",\"item\":\"https:\/\/www.tuunerstuudio.ee\/tooted\/\"},{\"@type\":\"ListItem\",\"position\":3,\"name\":\"SPD K\u00fctusepaak (30L) (V\u00e4limiste k\u00fctusepumpade jaoks)\"}]},{\"@type\":\"WebSite\",\"@id\":\"https:\/\/tuunerstuudio.ee\/ru\/#website\",\"url\":\"https:\/\/tuunerstuudio.ee\/ru\/\",\"name\":\"tuunerstuudio\",\"description\":\"\",\"potentialAction\":[{\"@type\":\"SearchAction\",\"target\":{\"@type\":\"EntryPoint\",\"urlTemplate\":\"https:\/\/tuunerstuudio.ee\/ru\/?s={search_term_string}\"},\"query-input\":{\"@type\":\"PropertyValueSpecification\",\"valueRequired\":true,\"valueName\":\"search_term_string\"}}],\"inLanguage\":\"ru-RU\"}]}<\/script>\n<!-- \/ Yoast SEO plugin. -->","yoast_head_json":{"title":"\u0422\u043e\u043f\u043b\u0438\u0432\u043d\u044b\u0439 \u0431\u0430\u043a SPD (30L) (\u0414\u043b\u044f \u0432\u043d\u0435\u0448\u043d\u0438\u0445 \u0442\u043e\u043f\u043b\u0438\u0432\u043d\u044b\u0445 \u043d\u0430\u0441\u043e\u0441\u043e\u0432) - TuunerStuudio","robots":{"index":"index","follow":"follow","max-snippet":"max-snippet:-1","max-image-preview":"max-image-preview:large","max-video-preview":"max-video-preview:-1"},"canonical":"https:\/\/tuunerstuudio.ee\/ru\/toode\/spd-kutusepaak-30l-valimiste-kutusepumpade-jaoks\/","og_locale":"ru_RU","og_type":"article","og_title":"\u0422\u043e\u043f\u043b\u0438\u0432\u043d\u044b\u0439 \u0431\u0430\u043a SPD (30L) (\u0414\u043b\u044f \u0432\u043d\u0435\u0448\u043d\u0438\u0445 \u0442\u043e\u043f\u043b\u0438\u0432\u043d\u044b\u0445 \u043d\u0430\u0441\u043e\u0441\u043e\u0432) - TuunerStuudio","og_description":"\u041a\u043e\u043c\u043f\u043b\u0435\u043a\u0442\u0430\u0446\u0438\u044f:\u041a\u0440\u044b\u0448\u043a\u0430 \u0442\u043e\u043f\u043b\u0438\u0432\u043d\u043e\u0433\u043e \u0431\u0430\u043a\u0430.\u041a\u0440\u044b\u0448\u043a\u0438.\u041f\u0440\u043e\u0441\u0442\u0430\u0432\u043a\u0438 \u0434\u043b\u044f \u043f\u043e\u0434\u044a\u0435\u043c\u0430 \u0431\u0430\u043a\u0430 \u043e\u0442 \u043f\u043e\u043b\u0430. \u0422\u0435\u0445\u043d\u0438\u0447\u0435\u0441\u043a\u0438\u0435 \u0445\u0430\u0440\u0430\u043a\u0442\u0435\u0440\u0438\u0441\u0442\u0438\u043a\u0438:    \u041f\u0440\u043e\u0447\u043d\u0430\u044f \u043a\u043e\u043d\u0441\u0442\u0440\u0443\u043a\u0446\u0438\u044f, \u043c\u0430\u0442\u0435\u0440\u0438\u0430\u043b 3 \u043c\u043c.  \u0410\u043d\u043e\u0434\u0438\u0440\u043e\u0432\u0430\u043d\u043e \u0441\u043d\u0430\u0440\u0443\u0436\u0438 \u0438 \u0432\u043d\u0443\u0442\u0440\u0438.  \u0412\u043e\u0437\u043c\u043e\u0436\u043d\u043e\u0441\u0442\u044c \u043f\u0435\u0440\u0435\u0441\u0442\u0440\u043e\u0439\u043a\u0438 \u0434\u043b\u044f \u0432\u043d\u0443\u0442\u0440\u0435\u043d\u043d\u0438\u0445 \u0442\u043e\u043f\u043b\u0438\u0432\u043d\u044b\u0445 \u043d\u0430\u0441\u043e\u0441\u043e\u0432.  \u0412\u0441\u0442\u0440\u043e\u0435\u043d\u043d\u0430\u044f \u0444\u0443\u043d\u043a\u0446\u0438\u044f \u043d\u0430\u043a\u043e\u043f\u0438\u0442\u0435\u043b\u044c\u043d\u043e\u0433\u043e \u0431\u0430\u043a\u0430.  \u0411\u0435\u0437 \u043b\u0438\u0448\u043d\u0435\u0439 \u043f\u0435\u043d\u044b.  \u041e\u0431\u044a\u0435\u043c 30 \u043b.  \u0420\u0430\u0437\u043c\u0435\u0440\u044b \u0441 \u043f\u0440\u043e\u0441\u0442\u0430\u0432\u043a\u0430\u043c\u0438:  \u0420\u0430\u0437\u043c\u0435\u0440\u044b \u0431\u0435\u0437 \u043f\u0440\u043e\u0441\u0442\u0430\u0432\u043e\u043a:  \u0412\u043d\u0435\u0448\u043d\u0438\u0435 \u043f\u043e\u0434\u043a\u043b\u044e\u0447\u0435\u043d\u0438\u044f \u0442\u043e\u043f\u043b\u0438\u0432\u043d\u043e\u0433\u043e \u043d\u0430\u0441\u043e\u0441\u0430 2xAN12.  2xAN12 \u043f\u043e\u0434\u043a\u043b\u044e\u0447\u0435\u043d\u0438\u044f \u0441\u0432\u0435\u0440\u0445\u0443.  \u0412\u043d\u0443\u0442\u0440\u0435\u043d\u043d\u0438\u0439 \u043a\u043b\u0430\u043f\u0430\u043d \u043e\u0442 \u043f\u0435\u0440\u0435\u0432\u043e\u0440\u043e\u0442\u0430 \u0441\u0432\u0435\u0440\u0445\u0443 (\u043e\u043f\u0446\u0438\u043e\u043d\u0430\u043b\u044c\u043d\u043e).  29,8 \u043b (399x294x254 \u043c\u043c)","og_url":"https:\/\/tuunerstuudio.ee\/ru\/toode\/spd-kutusepaak-30l-valimiste-kutusepumpade-jaoks\/","og_site_name":"TuunerStuudio","article_modified_time":"2026-03-03T18:21:36+00:00","og_image":[{"width":1280,"height":1177,"url":"https:\/\/tuunerstuudio.ee\/wp-content\/uploads\/2026\/03\/SPD02FC30E_bild01.webp","type":"image\/webp"}],"twitter_card":"summary_large_image","twitter_misc":{"\u041f\u0440\u0438\u043c\u0435\u0440\u043d\u043e\u0435 \u0432\u0440\u0435\u043c\u044f \u0434\u043b\u044f \u0447\u0442\u0435\u043d\u0438\u044f":"1 \u043c\u0438\u043d\u0443\u0442\u0430"},"schema":{"@context":"https:\/\/schema.org","@graph":[{"@type":"WebPage","@id":"https:\/\/tuunerstuudio.ee\/ru\/toode\/spd-kutusepaak-30l-valimiste-kutusepumpade-jaoks\/","url":"https:\/\/tuunerstuudio.ee\/ru\/toode\/spd-kutusepaak-30l-valimiste-kutusepumpade-jaoks\/","name":"\u0422\u043e\u043f\u043b\u0438\u0432\u043d\u044b\u0439 \u0431\u0430\u043a SPD (30L) (\u0414\u043b\u044f \u0432\u043d\u0435\u0448\u043d\u0438\u0445 \u0442\u043e\u043f\u043b\u0438\u0432\u043d\u044b\u0445 \u043d\u0430\u0441\u043e\u0441\u043e\u0432) - TuunerStuudio","isPartOf":{"@id":"https:\/\/tuunerstuudio.ee\/ru\/#website"},"primaryImageOfPage":{"@id":"https:\/\/tuunerstuudio.ee\/ru\/toode\/spd-kutusepaak-30l-valimiste-kutusepumpade-jaoks\/#primaryimage"},"image":{"@id":"https:\/\/tuunerstuudio.ee\/toode\/spd-kutusepaak-30l-valimiste-kutusepumpade-jaoks\/#primaryimage"},"thumbnailUrl":"https:\/\/tuunerstuudio.ee\/wp-content\/uploads\/2026\/03\/SPD02FC30E_bild01.webp","datePublished":"2026-03-03T18:17:11+00:00","dateModified":"2026-03-03T18:21:36+00:00","breadcrumb":{"@id":"https:\/\/tuunerstuudio.ee\/ru\/toode\/spd-kutusepaak-30l-valimiste-kutusepumpade-jaoks\/#breadcrumb"},"inLanguage":"ru-RU","potentialAction":[{"@type":"ReadAction","target":[["https:\/\/tuunerstuudio.ee\/ru\/toode\/spd-kutusepaak-30l-valimiste-kutusepumpade-jaoks\/"]]}]},{"@type":"ImageObject","inLanguage":"ru-RU","@id":"https:\/\/tuunerstuudio.ee\/ru\/toode\/spd-kutusepaak-30l-valimiste-kutusepumpade-jaoks\/#primaryimage","url":"https:\/\/tuunerstuudio.ee\/wp-content\/uploads\/2026\/03\/SPD02FC30E_bild01.webp","contentUrl":"https:\/\/tuunerstuudio.ee\/wp-content\/uploads\/2026\/03\/SPD02FC30E_bild01.webp","width":1280,"height":1177},{"@type":"BreadcrumbList","@id":"https:\/\/tuunerstuudio.ee\/ru\/toode\/spd-kutusepaak-30l-valimiste-kutusepumpade-jaoks\/#breadcrumb","itemListElement":[{"@type":"ListItem","position":1,"name":"Home","item":"https:\/\/tuunerstuudio.ee\/ru\/"},{"@type":"ListItem","position":2,"name":"Tooted","item":"https:\/\/www.tuunerstuudio.ee\/tooted\/"},{"@type":"ListItem","position":3,"name":"SPD K\u00fctusepaak (30L) (V\u00e4limiste k\u00fctusepumpade jaoks)"}]},{"@type":"WebSite","@id":"https:\/\/tuunerstuudio.ee\/ru\/#website","url":"https:\/\/tuunerstuudio.ee\/ru\/","name":"tuunerstuudio","description":"","potentialAction":[{"@type":"SearchAction","target":{"@type":"EntryPoint","urlTemplate":"https:\/\/tuunerstuudio.ee\/ru\/?s={search_term_string}"},"query-input":{"@type":"PropertyValueSpecification","valueRequired":true,"valueName":"search_term_string"}}],"inLanguage":"ru-RU"}]}},"_links":{"self":[{"href":"https:\/\/tuunerstuudio.ee\/ru\/wp-json\/wp\/v2\/product\/34255","targetHints":{"allow":["GET"]}}],"collection":[{"href":"https:\/\/tuunerstuudio.ee\/ru\/wp-json\/wp\/v2\/product"}],"about":[{"href":"https:\/\/tuunerstuudio.ee\/ru\/wp-json\/wp\/v2\/types\/product"}],"replies":[{"embeddable":true,"href":"https:\/\/tuunerstuudio.ee\/ru\/wp-json\/wp\/v2\/comments?post=34255"}],"wp:featuredmedia":[{"embeddable":true,"href":"https:\/\/tuunerstuudio.ee\/ru\/wp-json\/wp\/v2\/media\/34259"}],"wp:attachment":[{"href":"https:\/\/tuunerstuudio.ee\/ru\/wp-json\/wp\/v2\/media?parent=34255"}],"wp:term":[{"taxonomy":"product_brand","embeddable":true,"href":"https:\/\/tuunerstuudio.ee\/ru\/wp-json\/wp\/v2\/product_brand?post=34255"},{"taxonomy":"product_cat","embeddable":true,"href":"https:\/\/tuunerstuudio.ee\/ru\/wp-json\/wp\/v2\/product_cat?post=34255"},{"taxonomy":"product_tag","embeddable":true,"href":"https:\/\/tuunerstuudio.ee\/ru\/wp-json\/wp\/v2\/product_tag?post=34255"}],"curies":[{"name":"wp","href":"https:\/\/api.w.org\/{rel}","templated":true}]}}