{"id":342,"date":"2024-10-11T13:53:29","date_gmt":"2024-10-11T10:53:29","guid":{"rendered":"https:\/\/tuunerstuudio.ee\/uuswp\/?post_type=product&#038;p=342"},"modified":"2024-10-11T13:53:55","modified_gmt":"2024-10-11T10:53:55","slug":"ecumaster-adu-7-autosport","status":"publish","type":"product","link":"https:\/\/tuunerstuudio.ee\/ru\/toode\/ecumaster-adu-7-autosport\/","title":{"rendered":"Ecumaster ADU 7\u201d &#8212; Autosport"},"content":{"rendered":"","protected":false},"excerpt":{"rendered":"<p><strong>\u00a0Omadused:<\/strong><\/p>\n<ul>\n<li>Korpus: Alumiiniumist CNC t\u00f6\u00f6deldud ja anodeeritud, IP61<\/li>\n<li>Protsessor: 32 bit 90MIPS autot\u00f6\u00f6stuse standardile vastav<\/li>\n<li>Pistik: 36-way AMP autot\u00f6\u00f6stuse standardile vastav<\/li>\n<li>T\u00f6\u00f6pinge: 6-22V, p\u00f6\u00f6rdpolaarsuse kaitsega<\/li>\n<li>T\u00f6\u00f6temperatuur: -30\/+80C<\/li>\n<li>5\u2033 displei: peegeldusvastane TFT 800\u00d7480 ekraan, aktiivne pind 108\u00d764.8mm, ekraani heledus 600cd\/m2<\/li>\n<li>7\u2033 displei: peegeldusvastane TFT 800\u00d7480 ekraan, aktiivne pind 154\u00d785.9mm, ekraani heledus 500cd\/m2<\/li>\n<li>Hoiatustuled: 15 x suure heledusega RGB ledid (kasutaja konfigureeritavad alarmid, mitmeastmeline k\u00e4iguvahetustuli)<\/li>\n<li>CAN-kommunikatsioon: 2 x CAN 2.0B (250, 500, 1000kbps), s\u00f5ltumatud, kasutaja konfigureeritavad, kuni 48 s\u00f5numit. Eelnevalt valmis defineeritud populaarsemate juhtajude andmevood.<\/li>\n<li>Serial-kommunikatsioon: RS232 (Rx,Tx)<\/li>\n<li>Analoog sisendid: 8tk, 10bits, 500Hz, tarkvarast m\u00e4\u00e4ratavad pullup\/pulldown\u2019id (temperatuurid, r\u00f5hud, lambda jms)<\/li>\n<li>Digitaalsed sisendid: 8tk, kasutaja konfigureeritavad (p\u00f6\u00f6rete andurid, kiirused jms)<\/li>\n<li>V\u00e4ljundid: 2tk, 3A, juhtimine massiga<\/li>\n<li>Kiirendusandur: sisene, 3 telje g\u00fcro ja kiirendus<\/li>\n<li>Valgusandur: sisene, automaatseks heleduse reguleerimiseks<\/li>\n<li>Temperatuuri andur: sisene, seadme sisetemperatuuri j\u00e4lgimiseks<\/li>\n<li>Reaalajakell: sisene<\/li>\n<li>Andmete kuvamine: kuni 48 lehek\u00fclge, eel-konfigureeritud, kasutaja konfigureeritavad, ka custom graafika lisamine<\/li>\n<li>Funktsioonid: matemaatilised kanalid, loogika funktsioonid<\/li>\n<li>Ajav\u00f5tt: ringi aegade m\u00f5\u00f5tmine, ennustatav m\u00f5\u00f5tmine, IR-majakaga v\u00f5i l\u00e4bi GPSi (vajalik\u00a0GPS moodul)<\/li>\n<li>Datalogging: USB m\u00e4lule, kuni 500Hz kanali kohta<\/li>\n<\/ul>\n<p>Konfigureerimiseks on vajalik USB-CAN moodul.<\/p>\n","protected":false},"featured_media":414,"comment_status":"closed","ping_status":"closed","template":"","meta":[],"product_brand":[],"product_cat":[51,74],"product_tag":[],"class_list":{"0":"post-342","1":"product","2":"type-product","3":"status-publish","4":"has-post-thumbnail","6":"product_cat-juhtajud","7":"product_cat-ecumaster-adu","9":"first","10":"onbackorder","11":"taxable","12":"shipping-taxable","13":"purchasable","14":"product-type-simple"},"yoast_head":"<!-- This site is optimized with the Yoast SEO plugin v26.9 - https:\/\/yoast.com\/product\/yoast-seo-wordpress\/ -->\n<title>Ecumaster ADU 7\u201d - Autosport - TuunerStuudio<\/title>\n<meta name=\"robots\" content=\"index, follow, max-snippet:-1, max-image-preview:large, max-video-preview:-1\" \/>\n<link rel=\"canonical\" href=\"https:\/\/tuunerstuudio.ee\/ru\/toode\/ecumaster-adu-7-autosport\/\" \/>\n<meta property=\"og:locale\" content=\"ru_RU\" \/>\n<meta property=\"og:type\" content=\"article\" \/>\n<meta property=\"og:title\" content=\"Ecumaster ADU 7\u201d - Autosport - TuunerStuudio\" \/>\n<meta property=\"og:description\" content=\"\u00a0Omadused:   Korpus: Alumiiniumist CNC t\u00f6\u00f6deldud ja anodeeritud, IP61  Protsessor: 32 bit 90MIPS autot\u00f6\u00f6stuse standardile vastav  Pistik: 36-way AMP autot\u00f6\u00f6stuse standardile vastav  T\u00f6\u00f6pinge: 6-22V, p\u00f6\u00f6rdpolaarsuse kaitsega  T\u00f6\u00f6temperatuur: -30\/+80C  5\u2033 displei: peegeldusvastane TFT 800\u00d7480 ekraan, aktiivne pind 108\u00d764.8mm, ekraani heledus 600cd\/m2  7\u2033 displei: peegeldusvastane TFT 800\u00d7480 ekraan, aktiivne pind 154\u00d785.9mm, ekraani heledus 500cd\/m2  Hoiatustuled: 15 x suure heledusega RGB ledid (kasutaja konfigureeritavad alarmid, mitmeastmeline k\u00e4iguvahetustuli)  CAN-kommunikatsioon: 2 x CAN 2.0B (250, 500, 1000kbps), s\u00f5ltumatud, kasutaja konfigureeritavad, kuni 48 s\u00f5numit. Eelnevalt valmis defineeritud populaarsemate juhtajude andmevood.  Serial-kommunikatsioon: RS232 (Rx,Tx)  Analoog sisendid: 8tk, 10bits, 500Hz, tarkvarast m\u00e4\u00e4ratavad pullup\/pulldown\u2019id (temperatuurid, r\u00f5hud, lambda jms)  Digitaalsed sisendid: 8tk, kasutaja konfigureeritavad (p\u00f6\u00f6rete andurid, kiirused jms)  V\u00e4ljundid: 2tk, 3A, juhtimine massiga  Kiirendusandur: sisene, 3 telje g\u00fcro ja kiirendus  Valgusandur: sisene, automaatseks heleduse reguleerimiseks  Temperatuuri andur: sisene, seadme sisetemperatuuri j\u00e4lgimiseks  Reaalajakell: sisene  Andmete kuvamine: kuni 48 lehek\u00fclge, eel-konfigureeritud, kasutaja konfigureeritavad, ka custom graafika lisamine  Funktsioonid: matemaatilised kanalid, loogika funktsioonid  Ajav\u00f5tt: ringi aegade m\u00f5\u00f5tmine, ennustatav m\u00f5\u00f5tmine, IR-majakaga v\u00f5i l\u00e4bi GPSi (vajalik\u00a0GPS moodul)  Datalogging: USB m\u00e4lule, kuni 500Hz kanali kohta  Konfigureerimiseks on vajalik USB-CAN moodul.\" \/>\n<meta property=\"og:url\" content=\"https:\/\/tuunerstuudio.ee\/ru\/toode\/ecumaster-adu-7-autosport\/\" \/>\n<meta property=\"og:site_name\" content=\"TuunerStuudio\" \/>\n<meta property=\"article:modified_time\" content=\"2024-10-11T10:53:55+00:00\" \/>\n<meta property=\"og:image\" content=\"https:\/\/tuunerstuudio.ee\/wp-content\/uploads\/2024\/10\/220849.jpg\" \/>\n\t<meta property=\"og:image:width\" content=\"1000\" \/>\n\t<meta property=\"og:image:height\" content=\"800\" \/>\n\t<meta property=\"og:image:type\" content=\"image\/jpeg\" \/>\n<meta name=\"twitter:card\" content=\"summary_large_image\" \/>\n<meta name=\"twitter:label1\" content=\"\u041f\u0440\u0438\u043c\u0435\u0440\u043d\u043e\u0435 \u0432\u0440\u0435\u043c\u044f \u0434\u043b\u044f \u0447\u0442\u0435\u043d\u0438\u044f\" \/>\n\t<meta name=\"twitter:data1\" content=\"1 \u043c\u0438\u043d\u0443\u0442\u0430\" \/>\n<script type=\"application\/ld+json\" class=\"yoast-schema-graph\">{\"@context\":\"https:\/\/schema.org\",\"@graph\":[{\"@type\":\"WebPage\",\"@id\":\"https:\/\/tuunerstuudio.ee\/ru\/toode\/ecumaster-adu-7-autosport\/\",\"url\":\"https:\/\/tuunerstuudio.ee\/ru\/toode\/ecumaster-adu-7-autosport\/\",\"name\":\"Ecumaster ADU 7\u201d - Autosport - TuunerStuudio\",\"isPartOf\":{\"@id\":\"https:\/\/tuunerstuudio.ee\/ru\/#website\"},\"primaryImageOfPage\":{\"@id\":\"https:\/\/tuunerstuudio.ee\/ru\/toode\/ecumaster-adu-7-autosport\/#primaryimage\"},\"image\":{\"@id\":\"https:\/\/tuunerstuudio.ee\/toode\/ecumaster-adu-7-autosport\/#primaryimage\"},\"thumbnailUrl\":\"https:\/\/tuunerstuudio.ee\/wp-content\/uploads\/2024\/10\/220849.jpg\",\"datePublished\":\"2024-10-11T10:53:29+00:00\",\"dateModified\":\"2024-10-11T10:53:55+00:00\",\"breadcrumb\":{\"@id\":\"https:\/\/tuunerstuudio.ee\/ru\/toode\/ecumaster-adu-7-autosport\/#breadcrumb\"},\"inLanguage\":\"ru-RU\",\"potentialAction\":[{\"@type\":\"ReadAction\",\"target\":[[\"https:\/\/tuunerstuudio.ee\/ru\/toode\/ecumaster-adu-7-autosport\/\"]]}]},{\"@type\":\"ImageObject\",\"inLanguage\":\"ru-RU\",\"@id\":\"https:\/\/tuunerstuudio.ee\/ru\/toode\/ecumaster-adu-7-autosport\/#primaryimage\",\"url\":\"https:\/\/tuunerstuudio.ee\/wp-content\/uploads\/2024\/10\/220849.jpg\",\"contentUrl\":\"https:\/\/tuunerstuudio.ee\/wp-content\/uploads\/2024\/10\/220849.jpg\",\"width\":1000,\"height\":800},{\"@type\":\"BreadcrumbList\",\"@id\":\"https:\/\/tuunerstuudio.ee\/ru\/toode\/ecumaster-adu-7-autosport\/#breadcrumb\",\"itemListElement\":[{\"@type\":\"ListItem\",\"position\":1,\"name\":\"Home\",\"item\":\"https:\/\/tuunerstuudio.ee\/ru\/\"},{\"@type\":\"ListItem\",\"position\":2,\"name\":\"Tooted\",\"item\":\"https:\/\/www.tuunerstuudio.ee\/tooted\/\"},{\"@type\":\"ListItem\",\"position\":3,\"name\":\"Ecumaster ADU 7\u201d &#8211; Autosport\"}]},{\"@type\":\"WebSite\",\"@id\":\"https:\/\/tuunerstuudio.ee\/ru\/#website\",\"url\":\"https:\/\/tuunerstuudio.ee\/ru\/\",\"name\":\"tuunerstuudio\",\"description\":\"\",\"potentialAction\":[{\"@type\":\"SearchAction\",\"target\":{\"@type\":\"EntryPoint\",\"urlTemplate\":\"https:\/\/tuunerstuudio.ee\/ru\/?s={search_term_string}\"},\"query-input\":{\"@type\":\"PropertyValueSpecification\",\"valueRequired\":true,\"valueName\":\"search_term_string\"}}],\"inLanguage\":\"ru-RU\"}]}<\/script>\n<!-- \/ Yoast SEO plugin. -->","yoast_head_json":{"title":"Ecumaster ADU 7\u201d - Autosport - TuunerStuudio","robots":{"index":"index","follow":"follow","max-snippet":"max-snippet:-1","max-image-preview":"max-image-preview:large","max-video-preview":"max-video-preview:-1"},"canonical":"https:\/\/tuunerstuudio.ee\/ru\/toode\/ecumaster-adu-7-autosport\/","og_locale":"ru_RU","og_type":"article","og_title":"Ecumaster ADU 7\u201d - Autosport - TuunerStuudio","og_description":"\u00a0Omadused:   Korpus: Alumiiniumist CNC t\u00f6\u00f6deldud ja anodeeritud, IP61  Protsessor: 32 bit 90MIPS autot\u00f6\u00f6stuse standardile vastav  Pistik: 36-way AMP autot\u00f6\u00f6stuse standardile vastav  T\u00f6\u00f6pinge: 6-22V, p\u00f6\u00f6rdpolaarsuse kaitsega  T\u00f6\u00f6temperatuur: -30\/+80C  5\u2033 displei: peegeldusvastane TFT 800\u00d7480 ekraan, aktiivne pind 108\u00d764.8mm, ekraani heledus 600cd\/m2  7\u2033 displei: peegeldusvastane TFT 800\u00d7480 ekraan, aktiivne pind 154\u00d785.9mm, ekraani heledus 500cd\/m2  Hoiatustuled: 15 x suure heledusega RGB ledid (kasutaja konfigureeritavad alarmid, mitmeastmeline k\u00e4iguvahetustuli)  CAN-kommunikatsioon: 2 x CAN 2.0B (250, 500, 1000kbps), s\u00f5ltumatud, kasutaja konfigureeritavad, kuni 48 s\u00f5numit. Eelnevalt valmis defineeritud populaarsemate juhtajude andmevood.  Serial-kommunikatsioon: RS232 (Rx,Tx)  Analoog sisendid: 8tk, 10bits, 500Hz, tarkvarast m\u00e4\u00e4ratavad pullup\/pulldown\u2019id (temperatuurid, r\u00f5hud, lambda jms)  Digitaalsed sisendid: 8tk, kasutaja konfigureeritavad (p\u00f6\u00f6rete andurid, kiirused jms)  V\u00e4ljundid: 2tk, 3A, juhtimine massiga  Kiirendusandur: sisene, 3 telje g\u00fcro ja kiirendus  Valgusandur: sisene, automaatseks heleduse reguleerimiseks  Temperatuuri andur: sisene, seadme sisetemperatuuri j\u00e4lgimiseks  Reaalajakell: sisene  Andmete kuvamine: kuni 48 lehek\u00fclge, eel-konfigureeritud, kasutaja konfigureeritavad, ka custom graafika lisamine  Funktsioonid: matemaatilised kanalid, loogika funktsioonid  Ajav\u00f5tt: ringi aegade m\u00f5\u00f5tmine, ennustatav m\u00f5\u00f5tmine, IR-majakaga v\u00f5i l\u00e4bi GPSi (vajalik\u00a0GPS moodul)  Datalogging: USB m\u00e4lule, kuni 500Hz kanali kohta  Konfigureerimiseks on vajalik USB-CAN moodul.","og_url":"https:\/\/tuunerstuudio.ee\/ru\/toode\/ecumaster-adu-7-autosport\/","og_site_name":"TuunerStuudio","article_modified_time":"2024-10-11T10:53:55+00:00","og_image":[{"width":1000,"height":800,"url":"https:\/\/tuunerstuudio.ee\/wp-content\/uploads\/2024\/10\/220849.jpg","type":"image\/jpeg"}],"twitter_card":"summary_large_image","twitter_misc":{"\u041f\u0440\u0438\u043c\u0435\u0440\u043d\u043e\u0435 \u0432\u0440\u0435\u043c\u044f \u0434\u043b\u044f \u0447\u0442\u0435\u043d\u0438\u044f":"1 \u043c\u0438\u043d\u0443\u0442\u0430"},"schema":{"@context":"https:\/\/schema.org","@graph":[{"@type":"WebPage","@id":"https:\/\/tuunerstuudio.ee\/ru\/toode\/ecumaster-adu-7-autosport\/","url":"https:\/\/tuunerstuudio.ee\/ru\/toode\/ecumaster-adu-7-autosport\/","name":"Ecumaster ADU 7\u201d - Autosport - TuunerStuudio","isPartOf":{"@id":"https:\/\/tuunerstuudio.ee\/ru\/#website"},"primaryImageOfPage":{"@id":"https:\/\/tuunerstuudio.ee\/ru\/toode\/ecumaster-adu-7-autosport\/#primaryimage"},"image":{"@id":"https:\/\/tuunerstuudio.ee\/toode\/ecumaster-adu-7-autosport\/#primaryimage"},"thumbnailUrl":"https:\/\/tuunerstuudio.ee\/wp-content\/uploads\/2024\/10\/220849.jpg","datePublished":"2024-10-11T10:53:29+00:00","dateModified":"2024-10-11T10:53:55+00:00","breadcrumb":{"@id":"https:\/\/tuunerstuudio.ee\/ru\/toode\/ecumaster-adu-7-autosport\/#breadcrumb"},"inLanguage":"ru-RU","potentialAction":[{"@type":"ReadAction","target":[["https:\/\/tuunerstuudio.ee\/ru\/toode\/ecumaster-adu-7-autosport\/"]]}]},{"@type":"ImageObject","inLanguage":"ru-RU","@id":"https:\/\/tuunerstuudio.ee\/ru\/toode\/ecumaster-adu-7-autosport\/#primaryimage","url":"https:\/\/tuunerstuudio.ee\/wp-content\/uploads\/2024\/10\/220849.jpg","contentUrl":"https:\/\/tuunerstuudio.ee\/wp-content\/uploads\/2024\/10\/220849.jpg","width":1000,"height":800},{"@type":"BreadcrumbList","@id":"https:\/\/tuunerstuudio.ee\/ru\/toode\/ecumaster-adu-7-autosport\/#breadcrumb","itemListElement":[{"@type":"ListItem","position":1,"name":"Home","item":"https:\/\/tuunerstuudio.ee\/ru\/"},{"@type":"ListItem","position":2,"name":"Tooted","item":"https:\/\/www.tuunerstuudio.ee\/tooted\/"},{"@type":"ListItem","position":3,"name":"Ecumaster ADU 7\u201d &#8211; Autosport"}]},{"@type":"WebSite","@id":"https:\/\/tuunerstuudio.ee\/ru\/#website","url":"https:\/\/tuunerstuudio.ee\/ru\/","name":"tuunerstuudio","description":"","potentialAction":[{"@type":"SearchAction","target":{"@type":"EntryPoint","urlTemplate":"https:\/\/tuunerstuudio.ee\/ru\/?s={search_term_string}"},"query-input":{"@type":"PropertyValueSpecification","valueRequired":true,"valueName":"search_term_string"}}],"inLanguage":"ru-RU"}]}},"_links":{"self":[{"href":"https:\/\/tuunerstuudio.ee\/ru\/wp-json\/wp\/v2\/product\/342","targetHints":{"allow":["GET"]}}],"collection":[{"href":"https:\/\/tuunerstuudio.ee\/ru\/wp-json\/wp\/v2\/product"}],"about":[{"href":"https:\/\/tuunerstuudio.ee\/ru\/wp-json\/wp\/v2\/types\/product"}],"replies":[{"embeddable":true,"href":"https:\/\/tuunerstuudio.ee\/ru\/wp-json\/wp\/v2\/comments?post=342"}],"wp:featuredmedia":[{"embeddable":true,"href":"https:\/\/tuunerstuudio.ee\/ru\/wp-json\/wp\/v2\/media\/414"}],"wp:attachment":[{"href":"https:\/\/tuunerstuudio.ee\/ru\/wp-json\/wp\/v2\/media?parent=342"}],"wp:term":[{"taxonomy":"product_brand","embeddable":true,"href":"https:\/\/tuunerstuudio.ee\/ru\/wp-json\/wp\/v2\/product_brand?post=342"},{"taxonomy":"product_cat","embeddable":true,"href":"https:\/\/tuunerstuudio.ee\/ru\/wp-json\/wp\/v2\/product_cat?post=342"},{"taxonomy":"product_tag","embeddable":true,"href":"https:\/\/tuunerstuudio.ee\/ru\/wp-json\/wp\/v2\/product_tag?post=342"}],"curies":[{"name":"wp","href":"https:\/\/api.w.org\/{rel}","templated":true}]}}