{"id":301,"date":"2024-10-11T13:53:06","date_gmt":"2024-10-11T10:53:06","guid":{"rendered":"https:\/\/tuunerstuudio.ee\/uuswp\/?post_type=product&#038;p=301"},"modified":"2024-10-11T13:53:36","modified_gmt":"2024-10-11T10:53:36","slug":"ecumaster-pmu16","status":"publish","type":"product","link":"https:\/\/tuunerstuudio.ee\/ru\/toode\/ecumaster-pmu16\/","title":{"rendered":"Ecumaster PMU16"},"content":{"rendered":"","protected":false},"excerpt":{"rendered":"<p><strong>P\u00f5hiomadused:<\/strong><\/p>\n<ul>\n<li>Sisendid \u2013 16 analoog, 0-5V. CAN-nupupaneelid \u2013 kuni 2, CAN-s\u00f5numid<\/li>\n<li>V\u00e4ljundid \u2013 10 x 25A(cont), 6 x 15A(cont). \u00dclevoolu ja temperatuuri kaitse. Suurema voolu vajadusel v\u00f5ib v\u00e4ljundeid \u00fchendada kokku. V\u00e4ljundite voolu ja pinge m\u00f5\u00f5tmine.<\/li>\n<li>Kojameeste eriv\u00e4ljund<\/li>\n<li>3D kiirenduse andur, 3D g\u00fcroskoop \u2013 andmete kogumiseks ja \u201cinertsl\u00fclitina\u201d \u00f5nnetuse korral<\/li>\n<li>+5V v\u00e4ljund v\u00e4liste andurite \u00fchendamiseks<\/li>\n<li>Staatuse ledid \u2013 2 v\u00e4rvilised, igale v\u00e4ljundile<\/li>\n<li>Loogika operaatorid<em>\u00a0\u2013\u00a0<\/em>100 funktsiooni, 250 operaatorit (AND, OR, NOT, XOR,\u00a0 &gt;, &lt;, =, &gt;=, &lt;=, !=, isTrue, isFalse, Toggle, Flash, Pulse)<\/li>\n<li>Kommunikatsioon \u2013 2x CAN-BUS. Ecumaster standard stream ning kasutaja poolt vabalt defineeritav CAN-stream. Seadme seadistus toimub samuti l\u00e4bi CANi.<\/li>\n<li>Konfigureerimiseks vajalik USB-CAN adapter.<\/li>\n<\/ul>\n","protected":false},"featured_media":360,"comment_status":"closed","ping_status":"closed","template":"","meta":[],"product_brand":[],"product_cat":[51,75],"product_tag":[],"class_list":{"0":"post-301","1":"product","2":"type-product","3":"status-publish","4":"has-post-thumbnail","6":"product_cat-juhtajud","7":"product_cat-ecumaster-pmu","9":"first","10":"instock","11":"taxable","12":"shipping-taxable","13":"purchasable","14":"product-type-simple"},"yoast_head":"<!-- This site is optimized with the Yoast SEO plugin v26.9 - https:\/\/yoast.com\/product\/yoast-seo-wordpress\/ -->\n<title>Ecumaster PMU16 - TuunerStuudio<\/title>\n<meta name=\"robots\" content=\"index, follow, max-snippet:-1, max-image-preview:large, max-video-preview:-1\" \/>\n<link rel=\"canonical\" href=\"https:\/\/tuunerstuudio.ee\/ru\/toode\/ecumaster-pmu16\/\" \/>\n<meta property=\"og:locale\" content=\"ru_RU\" \/>\n<meta property=\"og:type\" content=\"article\" \/>\n<meta property=\"og:title\" content=\"Ecumaster PMU16 - TuunerStuudio\" \/>\n<meta property=\"og:description\" content=\"P\u00f5hiomadused:   Sisendid \u2013 16 analoog, 0-5V. CAN-nupupaneelid \u2013 kuni 2, CAN-s\u00f5numid  V\u00e4ljundid \u2013 10 x 25A(cont), 6 x 15A(cont). \u00dclevoolu ja temperatuuri kaitse. Suurema voolu vajadusel v\u00f5ib v\u00e4ljundeid \u00fchendada kokku. V\u00e4ljundite voolu ja pinge m\u00f5\u00f5tmine.  Kojameeste eriv\u00e4ljund  3D kiirenduse andur, 3D g\u00fcroskoop \u2013 andmete kogumiseks ja \u201cinertsl\u00fclitina\u201d \u00f5nnetuse korral  +5V v\u00e4ljund v\u00e4liste andurite \u00fchendamiseks  Staatuse ledid \u2013 2 v\u00e4rvilised, igale v\u00e4ljundile  Loogika operaatorid\u00a0\u2013\u00a0100 funktsiooni, 250 operaatorit (AND, OR, NOT, XOR,\u00a0 &gt;, &lt;, =, &gt;=, &lt;=, !=, isTrue, isFalse, Toggle, Flash, Pulse)  Kommunikatsioon \u2013 2x CAN-BUS. Ecumaster standard stream ning kasutaja poolt vabalt defineeritav CAN-stream. Seadme seadistus toimub samuti l\u00e4bi CANi.  Konfigureerimiseks vajalik USB-CAN adapter.\" \/>\n<meta property=\"og:url\" content=\"https:\/\/tuunerstuudio.ee\/ru\/toode\/ecumaster-pmu16\/\" \/>\n<meta property=\"og:site_name\" content=\"TuunerStuudio\" \/>\n<meta property=\"article:modified_time\" content=\"2024-10-11T10:53:36+00:00\" \/>\n<meta property=\"og:image\" content=\"https:\/\/tuunerstuudio.ee\/wp-content\/uploads\/2024\/10\/55032-scaled-1.jpg\" \/>\n\t<meta property=\"og:image:width\" content=\"2560\" \/>\n\t<meta property=\"og:image:height\" content=\"1707\" \/>\n\t<meta property=\"og:image:type\" content=\"image\/jpeg\" \/>\n<meta name=\"twitter:card\" content=\"summary_large_image\" \/>\n<meta name=\"twitter:label1\" content=\"\u041f\u0440\u0438\u043c\u0435\u0440\u043d\u043e\u0435 \u0432\u0440\u0435\u043c\u044f \u0434\u043b\u044f \u0447\u0442\u0435\u043d\u0438\u044f\" \/>\n\t<meta name=\"twitter:data1\" content=\"1 \u043c\u0438\u043d\u0443\u0442\u0430\" \/>\n<script type=\"application\/ld+json\" class=\"yoast-schema-graph\">{\"@context\":\"https:\/\/schema.org\",\"@graph\":[{\"@type\":\"WebPage\",\"@id\":\"https:\/\/tuunerstuudio.ee\/ru\/toode\/ecumaster-pmu16\/\",\"url\":\"https:\/\/tuunerstuudio.ee\/ru\/toode\/ecumaster-pmu16\/\",\"name\":\"Ecumaster PMU16 - TuunerStuudio\",\"isPartOf\":{\"@id\":\"https:\/\/tuunerstuudio.ee\/ru\/#website\"},\"primaryImageOfPage\":{\"@id\":\"https:\/\/tuunerstuudio.ee\/ru\/toode\/ecumaster-pmu16\/#primaryimage\"},\"image\":{\"@id\":\"https:\/\/tuunerstuudio.ee\/toode\/ecumaster-pmu16\/#primaryimage\"},\"thumbnailUrl\":\"https:\/\/tuunerstuudio.ee\/wp-content\/uploads\/2024\/10\/55032-scaled-1.jpg\",\"datePublished\":\"2024-10-11T10:53:06+00:00\",\"dateModified\":\"2024-10-11T10:53:36+00:00\",\"breadcrumb\":{\"@id\":\"https:\/\/tuunerstuudio.ee\/ru\/toode\/ecumaster-pmu16\/#breadcrumb\"},\"inLanguage\":\"ru-RU\",\"potentialAction\":[{\"@type\":\"ReadAction\",\"target\":[[\"https:\/\/tuunerstuudio.ee\/ru\/toode\/ecumaster-pmu16\/\"]]}]},{\"@type\":\"ImageObject\",\"inLanguage\":\"ru-RU\",\"@id\":\"https:\/\/tuunerstuudio.ee\/ru\/toode\/ecumaster-pmu16\/#primaryimage\",\"url\":\"https:\/\/tuunerstuudio.ee\/wp-content\/uploads\/2024\/10\/55032-scaled-1.jpg\",\"contentUrl\":\"https:\/\/tuunerstuudio.ee\/wp-content\/uploads\/2024\/10\/55032-scaled-1.jpg\",\"width\":2560,\"height\":1707},{\"@type\":\"BreadcrumbList\",\"@id\":\"https:\/\/tuunerstuudio.ee\/ru\/toode\/ecumaster-pmu16\/#breadcrumb\",\"itemListElement\":[{\"@type\":\"ListItem\",\"position\":1,\"name\":\"Home\",\"item\":\"https:\/\/tuunerstuudio.ee\/ru\/\"},{\"@type\":\"ListItem\",\"position\":2,\"name\":\"Tooted\",\"item\":\"https:\/\/www.tuunerstuudio.ee\/tooted\/\"},{\"@type\":\"ListItem\",\"position\":3,\"name\":\"Ecumaster PMU16\"}]},{\"@type\":\"WebSite\",\"@id\":\"https:\/\/tuunerstuudio.ee\/ru\/#website\",\"url\":\"https:\/\/tuunerstuudio.ee\/ru\/\",\"name\":\"tuunerstuudio\",\"description\":\"\",\"potentialAction\":[{\"@type\":\"SearchAction\",\"target\":{\"@type\":\"EntryPoint\",\"urlTemplate\":\"https:\/\/tuunerstuudio.ee\/ru\/?s={search_term_string}\"},\"query-input\":{\"@type\":\"PropertyValueSpecification\",\"valueRequired\":true,\"valueName\":\"search_term_string\"}}],\"inLanguage\":\"ru-RU\"}]}<\/script>\n<!-- \/ Yoast SEO plugin. -->","yoast_head_json":{"title":"Ecumaster PMU16 - TuunerStuudio","robots":{"index":"index","follow":"follow","max-snippet":"max-snippet:-1","max-image-preview":"max-image-preview:large","max-video-preview":"max-video-preview:-1"},"canonical":"https:\/\/tuunerstuudio.ee\/ru\/toode\/ecumaster-pmu16\/","og_locale":"ru_RU","og_type":"article","og_title":"Ecumaster PMU16 - TuunerStuudio","og_description":"P\u00f5hiomadused:   Sisendid \u2013 16 analoog, 0-5V. CAN-nupupaneelid \u2013 kuni 2, CAN-s\u00f5numid  V\u00e4ljundid \u2013 10 x 25A(cont), 6 x 15A(cont). \u00dclevoolu ja temperatuuri kaitse. Suurema voolu vajadusel v\u00f5ib v\u00e4ljundeid \u00fchendada kokku. V\u00e4ljundite voolu ja pinge m\u00f5\u00f5tmine.  Kojameeste eriv\u00e4ljund  3D kiirenduse andur, 3D g\u00fcroskoop \u2013 andmete kogumiseks ja \u201cinertsl\u00fclitina\u201d \u00f5nnetuse korral  +5V v\u00e4ljund v\u00e4liste andurite \u00fchendamiseks  Staatuse ledid \u2013 2 v\u00e4rvilised, igale v\u00e4ljundile  Loogika operaatorid\u00a0\u2013\u00a0100 funktsiooni, 250 operaatorit (AND, OR, NOT, XOR,\u00a0 &gt;, &lt;, =, &gt;=, &lt;=, !=, isTrue, isFalse, Toggle, Flash, Pulse)  Kommunikatsioon \u2013 2x CAN-BUS. Ecumaster standard stream ning kasutaja poolt vabalt defineeritav CAN-stream. Seadme seadistus toimub samuti l\u00e4bi CANi.  Konfigureerimiseks vajalik USB-CAN adapter.","og_url":"https:\/\/tuunerstuudio.ee\/ru\/toode\/ecumaster-pmu16\/","og_site_name":"TuunerStuudio","article_modified_time":"2024-10-11T10:53:36+00:00","og_image":[{"width":2560,"height":1707,"url":"https:\/\/tuunerstuudio.ee\/wp-content\/uploads\/2024\/10\/55032-scaled-1.jpg","type":"image\/jpeg"}],"twitter_card":"summary_large_image","twitter_misc":{"\u041f\u0440\u0438\u043c\u0435\u0440\u043d\u043e\u0435 \u0432\u0440\u0435\u043c\u044f \u0434\u043b\u044f \u0447\u0442\u0435\u043d\u0438\u044f":"1 \u043c\u0438\u043d\u0443\u0442\u0430"},"schema":{"@context":"https:\/\/schema.org","@graph":[{"@type":"WebPage","@id":"https:\/\/tuunerstuudio.ee\/ru\/toode\/ecumaster-pmu16\/","url":"https:\/\/tuunerstuudio.ee\/ru\/toode\/ecumaster-pmu16\/","name":"Ecumaster PMU16 - TuunerStuudio","isPartOf":{"@id":"https:\/\/tuunerstuudio.ee\/ru\/#website"},"primaryImageOfPage":{"@id":"https:\/\/tuunerstuudio.ee\/ru\/toode\/ecumaster-pmu16\/#primaryimage"},"image":{"@id":"https:\/\/tuunerstuudio.ee\/toode\/ecumaster-pmu16\/#primaryimage"},"thumbnailUrl":"https:\/\/tuunerstuudio.ee\/wp-content\/uploads\/2024\/10\/55032-scaled-1.jpg","datePublished":"2024-10-11T10:53:06+00:00","dateModified":"2024-10-11T10:53:36+00:00","breadcrumb":{"@id":"https:\/\/tuunerstuudio.ee\/ru\/toode\/ecumaster-pmu16\/#breadcrumb"},"inLanguage":"ru-RU","potentialAction":[{"@type":"ReadAction","target":[["https:\/\/tuunerstuudio.ee\/ru\/toode\/ecumaster-pmu16\/"]]}]},{"@type":"ImageObject","inLanguage":"ru-RU","@id":"https:\/\/tuunerstuudio.ee\/ru\/toode\/ecumaster-pmu16\/#primaryimage","url":"https:\/\/tuunerstuudio.ee\/wp-content\/uploads\/2024\/10\/55032-scaled-1.jpg","contentUrl":"https:\/\/tuunerstuudio.ee\/wp-content\/uploads\/2024\/10\/55032-scaled-1.jpg","width":2560,"height":1707},{"@type":"BreadcrumbList","@id":"https:\/\/tuunerstuudio.ee\/ru\/toode\/ecumaster-pmu16\/#breadcrumb","itemListElement":[{"@type":"ListItem","position":1,"name":"Home","item":"https:\/\/tuunerstuudio.ee\/ru\/"},{"@type":"ListItem","position":2,"name":"Tooted","item":"https:\/\/www.tuunerstuudio.ee\/tooted\/"},{"@type":"ListItem","position":3,"name":"Ecumaster PMU16"}]},{"@type":"WebSite","@id":"https:\/\/tuunerstuudio.ee\/ru\/#website","url":"https:\/\/tuunerstuudio.ee\/ru\/","name":"tuunerstuudio","description":"","potentialAction":[{"@type":"SearchAction","target":{"@type":"EntryPoint","urlTemplate":"https:\/\/tuunerstuudio.ee\/ru\/?s={search_term_string}"},"query-input":{"@type":"PropertyValueSpecification","valueRequired":true,"valueName":"search_term_string"}}],"inLanguage":"ru-RU"}]}},"_links":{"self":[{"href":"https:\/\/tuunerstuudio.ee\/ru\/wp-json\/wp\/v2\/product\/301","targetHints":{"allow":["GET"]}}],"collection":[{"href":"https:\/\/tuunerstuudio.ee\/ru\/wp-json\/wp\/v2\/product"}],"about":[{"href":"https:\/\/tuunerstuudio.ee\/ru\/wp-json\/wp\/v2\/types\/product"}],"replies":[{"embeddable":true,"href":"https:\/\/tuunerstuudio.ee\/ru\/wp-json\/wp\/v2\/comments?post=301"}],"wp:featuredmedia":[{"embeddable":true,"href":"https:\/\/tuunerstuudio.ee\/ru\/wp-json\/wp\/v2\/media\/360"}],"wp:attachment":[{"href":"https:\/\/tuunerstuudio.ee\/ru\/wp-json\/wp\/v2\/media?parent=301"}],"wp:term":[{"taxonomy":"product_brand","embeddable":true,"href":"https:\/\/tuunerstuudio.ee\/ru\/wp-json\/wp\/v2\/product_brand?post=301"},{"taxonomy":"product_cat","embeddable":true,"href":"https:\/\/tuunerstuudio.ee\/ru\/wp-json\/wp\/v2\/product_cat?post=301"},{"taxonomy":"product_tag","embeddable":true,"href":"https:\/\/tuunerstuudio.ee\/ru\/wp-json\/wp\/v2\/product_tag?post=301"}],"curies":[{"name":"wp","href":"https:\/\/api.w.org\/{rel}","templated":true}]}}