{"id":296,"date":"2024-10-11T13:53:06","date_gmt":"2024-10-11T10:53:06","guid":{"rendered":"https:\/\/tuunerstuudio.ee\/uuswp\/?post_type=product&#038;p=296"},"modified":"2024-10-11T13:53:25","modified_gmt":"2024-10-11T10:53:25","slug":"ecumaster-bluetooth-can-bus-moodul","status":"publish","type":"product","link":"https:\/\/tuunerstuudio.ee\/ru\/toode\/ecumaster-bluetooth-can-bus-moodul\/","title":{"rendered":"Ecumaster bluetooth can-bus moodul"},"content":{"rendered":"","protected":false},"excerpt":{"rendered":"<p id=\"tw-target-text\" class=\"tw-data-text tw-text-large tw-ta\" dir=\"ltr\" data-placeholder=\"T\u00f5lge\" data-ved=\"2ahUKEwi04-H937SEAxVPAxAIHcAmCoQQ3ewLegQIDhAU\"><span class=\"Y2IQFc\" lang=\"et\">ECUMaster EMU Blacki CAN Busi Bluetooth-adapter v\u00f5imaldab ECU parameetrite juhtmevaba kuvamist Android-tahvelarvutis v\u00f5i telefonis. See adapter on m\u00f5eldud kasutamiseks EMU CAN-versiooniga (6 kontakti laienduspordil, erinevalt 5 kontaktist tavalisel EMU-l) v\u00f5i standardse EMU-ga koos CAN-laiendusmooduliga v\u00f5i EMU Blackiga. Kui teil on 5 kontaktiga laienduspordiga EMU Classic, ostke selle asemel Bluetoothi \u200b\u200bjadaadapter.\u00a0<\/span><\/p>\n","protected":false},"featured_media":335,"comment_status":"closed","ping_status":"closed","template":"","meta":[],"product_brand":[],"product_cat":[51,72],"product_tag":[],"class_list":{"0":"post-296","1":"product","2":"type-product","3":"status-publish","4":"has-post-thumbnail","6":"product_cat-juhtajud","7":"product_cat-lisatarvikud-ecumaster","9":"first","10":"instock","11":"taxable","12":"shipping-taxable","13":"purchasable","14":"product-type-simple"},"yoast_head":"<!-- This site is optimized with the Yoast SEO plugin v26.9 - https:\/\/yoast.com\/product\/yoast-seo-wordpress\/ -->\n<title>Ecumaster bluetooth can-bus moodul - TuunerStuudio<\/title>\n<meta name=\"robots\" content=\"index, follow, max-snippet:-1, max-image-preview:large, max-video-preview:-1\" \/>\n<link rel=\"canonical\" href=\"https:\/\/tuunerstuudio.ee\/ru\/toode\/ecumaster-bluetooth-can-bus-moodul\/\" \/>\n<meta property=\"og:locale\" content=\"ru_RU\" \/>\n<meta property=\"og:type\" content=\"article\" \/>\n<meta property=\"og:title\" content=\"Ecumaster bluetooth can-bus moodul - TuunerStuudio\" \/>\n<meta property=\"og:description\" content=\"ECUMaster EMU Blacki CAN Busi Bluetooth-adapter v\u00f5imaldab ECU parameetrite juhtmevaba kuvamist Android-tahvelarvutis v\u00f5i telefonis. See adapter on m\u00f5eldud kasutamiseks EMU CAN-versiooniga (6 kontakti laienduspordil, erinevalt 5 kontaktist tavalisel EMU-l) v\u00f5i standardse EMU-ga koos CAN-laiendusmooduliga v\u00f5i EMU Blackiga. Kui teil on 5 kontaktiga laienduspordiga EMU Classic, ostke selle asemel Bluetoothi \u200b\u200bjadaadapter.\u00a0\" \/>\n<meta property=\"og:url\" content=\"https:\/\/tuunerstuudio.ee\/ru\/toode\/ecumaster-bluetooth-can-bus-moodul\/\" \/>\n<meta property=\"og:site_name\" content=\"TuunerStuudio\" \/>\n<meta property=\"article:modified_time\" content=\"2024-10-11T10:53:25+00:00\" \/>\n<meta property=\"og:image\" content=\"https:\/\/tuunerstuudio.ee\/wp-content\/uploads\/2024\/10\/217220-scaled-1.jpg\" \/>\n\t<meta property=\"og:image:width\" content=\"2560\" \/>\n\t<meta property=\"og:image:height\" content=\"2560\" \/>\n\t<meta property=\"og:image:type\" content=\"image\/jpeg\" \/>\n<meta name=\"twitter:card\" content=\"summary_large_image\" \/>\n<meta name=\"twitter:label1\" content=\"\u041f\u0440\u0438\u043c\u0435\u0440\u043d\u043e\u0435 \u0432\u0440\u0435\u043c\u044f \u0434\u043b\u044f \u0447\u0442\u0435\u043d\u0438\u044f\" \/>\n\t<meta name=\"twitter:data1\" content=\"1 \u043c\u0438\u043d\u0443\u0442\u0430\" \/>\n<script type=\"application\/ld+json\" class=\"yoast-schema-graph\">{\"@context\":\"https:\/\/schema.org\",\"@graph\":[{\"@type\":\"WebPage\",\"@id\":\"https:\/\/tuunerstuudio.ee\/ru\/toode\/ecumaster-bluetooth-can-bus-moodul\/\",\"url\":\"https:\/\/tuunerstuudio.ee\/ru\/toode\/ecumaster-bluetooth-can-bus-moodul\/\",\"name\":\"Ecumaster bluetooth can-bus moodul - TuunerStuudio\",\"isPartOf\":{\"@id\":\"https:\/\/tuunerstuudio.ee\/ru\/#website\"},\"primaryImageOfPage\":{\"@id\":\"https:\/\/tuunerstuudio.ee\/ru\/toode\/ecumaster-bluetooth-can-bus-moodul\/#primaryimage\"},\"image\":{\"@id\":\"https:\/\/tuunerstuudio.ee\/toode\/ecumaster-bluetooth-can-bus-moodul\/#primaryimage\"},\"thumbnailUrl\":\"https:\/\/tuunerstuudio.ee\/wp-content\/uploads\/2024\/10\/217220-scaled-1.jpg\",\"datePublished\":\"2024-10-11T10:53:06+00:00\",\"dateModified\":\"2024-10-11T10:53:25+00:00\",\"breadcrumb\":{\"@id\":\"https:\/\/tuunerstuudio.ee\/ru\/toode\/ecumaster-bluetooth-can-bus-moodul\/#breadcrumb\"},\"inLanguage\":\"ru-RU\",\"potentialAction\":[{\"@type\":\"ReadAction\",\"target\":[[\"https:\/\/tuunerstuudio.ee\/ru\/toode\/ecumaster-bluetooth-can-bus-moodul\/\"]]}]},{\"@type\":\"ImageObject\",\"inLanguage\":\"ru-RU\",\"@id\":\"https:\/\/tuunerstuudio.ee\/ru\/toode\/ecumaster-bluetooth-can-bus-moodul\/#primaryimage\",\"url\":\"https:\/\/tuunerstuudio.ee\/wp-content\/uploads\/2024\/10\/217220-scaled-1.jpg\",\"contentUrl\":\"https:\/\/tuunerstuudio.ee\/wp-content\/uploads\/2024\/10\/217220-scaled-1.jpg\",\"width\":2560,\"height\":2560},{\"@type\":\"BreadcrumbList\",\"@id\":\"https:\/\/tuunerstuudio.ee\/ru\/toode\/ecumaster-bluetooth-can-bus-moodul\/#breadcrumb\",\"itemListElement\":[{\"@type\":\"ListItem\",\"position\":1,\"name\":\"Home\",\"item\":\"https:\/\/tuunerstuudio.ee\/ru\/\"},{\"@type\":\"ListItem\",\"position\":2,\"name\":\"Tooted\",\"item\":\"https:\/\/www.tuunerstuudio.ee\/tooted\/\"},{\"@type\":\"ListItem\",\"position\":3,\"name\":\"Ecumaster bluetooth can-bus moodul\"}]},{\"@type\":\"WebSite\",\"@id\":\"https:\/\/tuunerstuudio.ee\/ru\/#website\",\"url\":\"https:\/\/tuunerstuudio.ee\/ru\/\",\"name\":\"tuunerstuudio\",\"description\":\"\",\"potentialAction\":[{\"@type\":\"SearchAction\",\"target\":{\"@type\":\"EntryPoint\",\"urlTemplate\":\"https:\/\/tuunerstuudio.ee\/ru\/?s={search_term_string}\"},\"query-input\":{\"@type\":\"PropertyValueSpecification\",\"valueRequired\":true,\"valueName\":\"search_term_string\"}}],\"inLanguage\":\"ru-RU\"}]}<\/script>\n<!-- \/ Yoast SEO plugin. -->","yoast_head_json":{"title":"Ecumaster bluetooth can-bus moodul - TuunerStuudio","robots":{"index":"index","follow":"follow","max-snippet":"max-snippet:-1","max-image-preview":"max-image-preview:large","max-video-preview":"max-video-preview:-1"},"canonical":"https:\/\/tuunerstuudio.ee\/ru\/toode\/ecumaster-bluetooth-can-bus-moodul\/","og_locale":"ru_RU","og_type":"article","og_title":"Ecumaster bluetooth can-bus moodul - TuunerStuudio","og_description":"ECUMaster EMU Blacki CAN Busi Bluetooth-adapter v\u00f5imaldab ECU parameetrite juhtmevaba kuvamist Android-tahvelarvutis v\u00f5i telefonis. See adapter on m\u00f5eldud kasutamiseks EMU CAN-versiooniga (6 kontakti laienduspordil, erinevalt 5 kontaktist tavalisel EMU-l) v\u00f5i standardse EMU-ga koos CAN-laiendusmooduliga v\u00f5i EMU Blackiga. Kui teil on 5 kontaktiga laienduspordiga EMU Classic, ostke selle asemel Bluetoothi \u200b\u200bjadaadapter.\u00a0","og_url":"https:\/\/tuunerstuudio.ee\/ru\/toode\/ecumaster-bluetooth-can-bus-moodul\/","og_site_name":"TuunerStuudio","article_modified_time":"2024-10-11T10:53:25+00:00","og_image":[{"width":2560,"height":2560,"url":"https:\/\/tuunerstuudio.ee\/wp-content\/uploads\/2024\/10\/217220-scaled-1.jpg","type":"image\/jpeg"}],"twitter_card":"summary_large_image","twitter_misc":{"\u041f\u0440\u0438\u043c\u0435\u0440\u043d\u043e\u0435 \u0432\u0440\u0435\u043c\u044f \u0434\u043b\u044f \u0447\u0442\u0435\u043d\u0438\u044f":"1 \u043c\u0438\u043d\u0443\u0442\u0430"},"schema":{"@context":"https:\/\/schema.org","@graph":[{"@type":"WebPage","@id":"https:\/\/tuunerstuudio.ee\/ru\/toode\/ecumaster-bluetooth-can-bus-moodul\/","url":"https:\/\/tuunerstuudio.ee\/ru\/toode\/ecumaster-bluetooth-can-bus-moodul\/","name":"Ecumaster bluetooth can-bus moodul - TuunerStuudio","isPartOf":{"@id":"https:\/\/tuunerstuudio.ee\/ru\/#website"},"primaryImageOfPage":{"@id":"https:\/\/tuunerstuudio.ee\/ru\/toode\/ecumaster-bluetooth-can-bus-moodul\/#primaryimage"},"image":{"@id":"https:\/\/tuunerstuudio.ee\/toode\/ecumaster-bluetooth-can-bus-moodul\/#primaryimage"},"thumbnailUrl":"https:\/\/tuunerstuudio.ee\/wp-content\/uploads\/2024\/10\/217220-scaled-1.jpg","datePublished":"2024-10-11T10:53:06+00:00","dateModified":"2024-10-11T10:53:25+00:00","breadcrumb":{"@id":"https:\/\/tuunerstuudio.ee\/ru\/toode\/ecumaster-bluetooth-can-bus-moodul\/#breadcrumb"},"inLanguage":"ru-RU","potentialAction":[{"@type":"ReadAction","target":[["https:\/\/tuunerstuudio.ee\/ru\/toode\/ecumaster-bluetooth-can-bus-moodul\/"]]}]},{"@type":"ImageObject","inLanguage":"ru-RU","@id":"https:\/\/tuunerstuudio.ee\/ru\/toode\/ecumaster-bluetooth-can-bus-moodul\/#primaryimage","url":"https:\/\/tuunerstuudio.ee\/wp-content\/uploads\/2024\/10\/217220-scaled-1.jpg","contentUrl":"https:\/\/tuunerstuudio.ee\/wp-content\/uploads\/2024\/10\/217220-scaled-1.jpg","width":2560,"height":2560},{"@type":"BreadcrumbList","@id":"https:\/\/tuunerstuudio.ee\/ru\/toode\/ecumaster-bluetooth-can-bus-moodul\/#breadcrumb","itemListElement":[{"@type":"ListItem","position":1,"name":"Home","item":"https:\/\/tuunerstuudio.ee\/ru\/"},{"@type":"ListItem","position":2,"name":"Tooted","item":"https:\/\/www.tuunerstuudio.ee\/tooted\/"},{"@type":"ListItem","position":3,"name":"Ecumaster bluetooth can-bus moodul"}]},{"@type":"WebSite","@id":"https:\/\/tuunerstuudio.ee\/ru\/#website","url":"https:\/\/tuunerstuudio.ee\/ru\/","name":"tuunerstuudio","description":"","potentialAction":[{"@type":"SearchAction","target":{"@type":"EntryPoint","urlTemplate":"https:\/\/tuunerstuudio.ee\/ru\/?s={search_term_string}"},"query-input":{"@type":"PropertyValueSpecification","valueRequired":true,"valueName":"search_term_string"}}],"inLanguage":"ru-RU"}]}},"_links":{"self":[{"href":"https:\/\/tuunerstuudio.ee\/ru\/wp-json\/wp\/v2\/product\/296","targetHints":{"allow":["GET"]}}],"collection":[{"href":"https:\/\/tuunerstuudio.ee\/ru\/wp-json\/wp\/v2\/product"}],"about":[{"href":"https:\/\/tuunerstuudio.ee\/ru\/wp-json\/wp\/v2\/types\/product"}],"replies":[{"embeddable":true,"href":"https:\/\/tuunerstuudio.ee\/ru\/wp-json\/wp\/v2\/comments?post=296"}],"wp:featuredmedia":[{"embeddable":true,"href":"https:\/\/tuunerstuudio.ee\/ru\/wp-json\/wp\/v2\/media\/335"}],"wp:attachment":[{"href":"https:\/\/tuunerstuudio.ee\/ru\/wp-json\/wp\/v2\/media?parent=296"}],"wp:term":[{"taxonomy":"product_brand","embeddable":true,"href":"https:\/\/tuunerstuudio.ee\/ru\/wp-json\/wp\/v2\/product_brand?post=296"},{"taxonomy":"product_cat","embeddable":true,"href":"https:\/\/tuunerstuudio.ee\/ru\/wp-json\/wp\/v2\/product_cat?post=296"},{"taxonomy":"product_tag","embeddable":true,"href":"https:\/\/tuunerstuudio.ee\/ru\/wp-json\/wp\/v2\/product_tag?post=296"}],"curies":[{"name":"wp","href":"https:\/\/api.w.org\/{rel}","templated":true}]}}