{"id":29470,"date":"2025-10-23T16:31:52","date_gmt":"2025-10-23T13:31:52","guid":{"rendered":"https:\/\/tuunerstuudio.ee\/?post_type=product&#038;p=29470"},"modified":"2025-10-23T16:31:52","modified_gmt":"2025-10-23T13:31:52","slug":"kutuserohu-regulaator-ja-kutusefilter-roostevabast-terasestbmw-e46-01-06","status":"publish","type":"product","link":"https:\/\/tuunerstuudio.ee\/ru\/toode\/kutuserohu-regulaator-ja-kutusefilter-roostevabast-terasestbmw-e46-01-06\/","title":{"rendered":"\u0420\u0435\u0433\u0443\u043b\u044f\u0442\u043e\u0440 \u0434\u0430\u0432\u043b\u0435\u043d\u0438\u044f \u0442\u043e\u043f\u043b\u0438\u0432\u0430 \u0438 \u0442\u043e\u043f\u043b\u0438\u0432\u043d\u044b\u0439 \u0444\u0438\u043b\u044c\u0442\u0440 \u0438\u0437 \u043d\u0435\u0440\u0436\u0430\u0432\u0435\u044e\u0449\u0435\u0439 \u0441\u0442\u0430\u043b\u0438  (BMW E46 01\u201306)"},"content":{"rendered":"","protected":false},"excerpt":{"rendered":"<p data-start=\"1293\" data-end=\"1403\">\u0412 \u043a\u043e\u043c\u043f\u043b\u0435\u043a\u0442\u0435 \u0435\u0441\u0442\u044c 4 \u0432\u0437\u0430\u0438\u043c\u043e\u0437\u0430\u043c\u0435\u043d\u044f\u0435\u043c\u044b\u0445 \u0432\u0430\u043a\u0443\u0443\u043c\u043d\u044b\u0445 \u043f\u043e\u0440\u0442\u0430 \u0441 \u0440\u0435\u0437\u044c\u0431\u043e\u0439 10-32 \u0434\u043b\u044f \u043b\u044e\u0431\u044b\u0445 \u0432\u0430\u0440\u0438\u0430\u043d\u0442\u043e\u0432 \u043f\u043e\u0434\u043a\u043b\u044e\u0447\u0435\u043d\u0438\u044f:<\/p>\n<ol data-start=\"1404\" data-end=\"2013\" data-is-last-node=\"\" data-is-only-node=\"\">\n<li data-start=\"1404\" data-end=\"1569\">\n<p data-start=\"1407\" data-end=\"1569\"><strong data-start=\"1407\" data-end=\"1428\">\u0428\u0442\u0443\u0446\u0435\u0440 \u043f\u043e\u0434 \u0448\u043b\u0430\u043d\u0433:<\/strong> \u0428\u0442\u0443\u0446\u0435\u0440 3\/16&#8243; (5 \u043c\u043c) \u0441 \u0447\u0435\u0440\u043d\u044b\u043c \u0446\u0438\u043d\u043a\u043e\u0432\u044b\u043c \u043f\u043e\u043a\u0440\u044b\u0442\u0438\u0435\u043c \u0438\u0437 \u0432\u044b\u0441\u043e\u043a\u043e\u043f\u0440\u043e\u0447\u043d\u043e\u0439 \u0441\u0442\u0430\u043b\u0438, \u0441\u043e\u0432\u043c\u0435\u0441\u0442\u0438\u043c\u044b\u0439 \u0441\u043e \u0448\u043b\u0430\u043d\u0433\u0430\u043c\u0438 5\/32&#8243; (4 \u043c\u043c), 3\/16&#8243; (5 \u043c\u043c) \u0438 7\/32&#8243; (6 \u043c\u043c).<\/p>\n<\/li>\n<li data-start=\"1570\" data-end=\"1691\">\n<p data-start=\"1573\" data-end=\"1691\"><strong data-start=\"1573\" data-end=\"1610\">\u041f\u0435\u0440\u0435\u0445\u043e\u0434\u043d\u0438\u043a 3AN (\u043d\u0430\u0440\u0443\u0436\u043d\u0430\u044f \u0440\u0435\u0437\u044c\u0431\u0430):<\/strong> \u0421\u0442\u0430\u043b\u044c\u043d\u043e\u0439 \u0430\u0434\u0430\u043f\u0442\u0435\u0440 \u0441 \u0447\u0435\u0440\u043d\u044b\u043c \u0446\u0438\u043d\u043a\u043e\u0432\u044b\u043c \u043f\u043e\u043a\u0440\u044b\u0442\u0438\u0435\u043c, \u0441\u043e\u0432\u043c\u0435\u0441\u0442\u0438\u043c\u044b\u0439 \u0441 \u043d\u0430\u043a\u043e\u043d\u0435\u0447\u043d\u0438\u043a\u0430\u043c\u0438 3AN.<\/p>\n<\/li>\n<li data-start=\"1692\" data-end=\"1857\">\n<p data-start=\"1695\" data-end=\"1857\"><strong data-start=\"1695\" data-end=\"1722\">\u0424\u0438\u0442\u0438\u043d\u0433 push-to-connect:<\/strong> \u041b\u0430\u0442\u0443\u043d\u043d\u044b\u0439 \u043d\u0438\u043a\u0435\u043b\u0438\u0440\u043e\u0432\u0430\u043d\u043d\u044b\u0439 \u0444\u0438\u0442\u0438\u043d\u0433 \u0441 \u0443\u043f\u043b\u043e\u0442\u043d\u0438\u0442\u0435\u043b\u044c\u043d\u044b\u043c\u0438 \u043a\u043e\u043b\u044c\u0446\u0430\u043c\u0438 Buna-N, \u0441\u043e\u0432\u043c\u0435\u0441\u0442\u0438\u043c\u044b\u0439 \u0441 \u0436\u0435\u0441\u0442\u043a\u043e\u0439 \u043f\u043b\u0430\u0441\u0442\u0438\u043a\u043e\u0432\u043e\u0439 \u0442\u0440\u0443\u0431\u043a\u043e\u0439 1\/4&#8243; (\u043d\u0430\u0440\u0443\u0436\u043d\u044b\u0439 \u0434\u0438\u0430\u043c\u0435\u0442\u0440).<\/p>\n<\/li>\n<li data-start=\"1858\" data-end=\"2013\" data-is-last-node=\"\">\n<p data-start=\"1861\" data-end=\"2013\" data-is-last-node=\"\"><strong data-start=\"1861\" data-end=\"1884\">\u0412\u0430\u043a\u0443\u0443\u043c\u043d\u0430\u044f \u0437\u0430\u0433\u043b\u0443\u0448\u043a\u0430:<\/strong> \u0412\u0438\u043d\u0442 \u0438\u0437 \u043d\u0435\u0440\u0436\u0430\u0432\u0435\u044e\u0449\u0435\u0439 \u0441\u0442\u0430\u043b\u0438 \u0441 \u0447\u0435\u0440\u043d\u044b\u043c \u043e\u043a\u0441\u0438\u0434\u0438\u0440\u043e\u0432\u0430\u043d\u0438\u0435\u043c, \u0438\u0441\u043f\u043e\u043b\u044c\u0437\u0443\u0435\u043c\u044b\u0439 \u0434\u043b\u044f \u043f\u043e\u0434\u0434\u0435\u0440\u0436\u0430\u043d\u0438\u044f \u043f\u043e\u0441\u0442\u043e\u044f\u043d\u043d\u043e\u0433\u043e (\u043d\u0435 \u0434\u0438\u043d\u0430\u043c\u0438\u0447\u0435\u0441\u043a\u043e\u0433\u043e) \u0434\u0430\u0432\u043b\u0435\u043d\u0438\u044f \u0442\u043e\u043f\u043b\u0438\u0432\u0430.<\/p>\n<\/li>\n<\/ol>\n","protected":false},"featured_media":29472,"comment_status":"closed","ping_status":"closed","template":"","meta":[],"product_brand":[],"product_cat":[1533,16,121],"product_tag":[],"class_list":{"0":"post-29470","1":"product","2":"type-product","3":"status-publish","4":"has-post-thumbnail","6":"product_cat-radium-engineering-filtrid","7":"product_cat-kutusesusteem","8":"product_cat-filtrid","10":"first","11":"onbackorder","12":"taxable","13":"shipping-taxable","14":"purchasable","15":"product-type-simple"},"yoast_head":"<!-- This site is optimized with the Yoast SEO plugin v26.9 - https:\/\/yoast.com\/product\/yoast-seo-wordpress\/ -->\n<title>\u0420\u0435\u0433\u0443\u043b\u044f\u0442\u043e\u0440 \u0434\u0430\u0432\u043b\u0435\u043d\u0438\u044f \u0442\u043e\u043f\u043b\u0438\u0432\u0430 \u0438 \u0442\u043e\u043f\u043b\u0438\u0432\u043d\u044b\u0439 \u0444\u0438\u043b\u044c\u0442\u0440 \u0438\u0437 \u043d\u0435\u0440\u0436\u0430\u0432\u0435\u044e\u0449\u0435\u0439 \u0441\u0442\u0430\u043b\u0438 (BMW E46 01\u201306) - TuunerStuudio<\/title>\n<meta name=\"robots\" content=\"index, follow, max-snippet:-1, max-image-preview:large, max-video-preview:-1\" \/>\n<link rel=\"canonical\" href=\"https:\/\/tuunerstuudio.ee\/ru\/toode\/kutuserohu-regulaator-ja-kutusefilter-roostevabast-terasestbmw-e46-01-06\/\" \/>\n<meta property=\"og:locale\" content=\"ru_RU\" \/>\n<meta property=\"og:type\" content=\"article\" \/>\n<meta property=\"og:title\" content=\"\u0420\u0435\u0433\u0443\u043b\u044f\u0442\u043e\u0440 \u0434\u0430\u0432\u043b\u0435\u043d\u0438\u044f \u0442\u043e\u043f\u043b\u0438\u0432\u0430 \u0438 \u0442\u043e\u043f\u043b\u0438\u0432\u043d\u044b\u0439 \u0444\u0438\u043b\u044c\u0442\u0440 \u0438\u0437 \u043d\u0435\u0440\u0436\u0430\u0432\u0435\u044e\u0449\u0435\u0439 \u0441\u0442\u0430\u043b\u0438 (BMW E46 01\u201306) - TuunerStuudio\" \/>\n<meta property=\"og:description\" content=\"\u0412 \u043a\u043e\u043c\u043f\u043b\u0435\u043a\u0442\u0435 \u0435\u0441\u0442\u044c 4 \u0432\u0437\u0430\u0438\u043c\u043e\u0437\u0430\u043c\u0435\u043d\u044f\u0435\u043c\u044b\u0445 \u0432\u0430\u043a\u0443\u0443\u043c\u043d\u044b\u0445 \u043f\u043e\u0440\u0442\u0430 \u0441 \u0440\u0435\u0437\u044c\u0431\u043e\u0439 10-32 \u0434\u043b\u044f \u043b\u044e\u0431\u044b\u0445 \u0432\u0430\u0440\u0438\u0430\u043d\u0442\u043e\u0432 \u043f\u043e\u0434\u043a\u043b\u044e\u0447\u0435\u043d\u0438\u044f:     \u0428\u0442\u0443\u0446\u0435\u0440 \u043f\u043e\u0434 \u0448\u043b\u0430\u043d\u0433: \u0428\u0442\u0443\u0446\u0435\u0440 3\/16&quot; (5 \u043c\u043c) \u0441 \u0447\u0435\u0440\u043d\u044b\u043c \u0446\u0438\u043d\u043a\u043e\u0432\u044b\u043c \u043f\u043e\u043a\u0440\u044b\u0442\u0438\u0435\u043c \u0438\u0437 \u0432\u044b\u0441\u043e\u043a\u043e\u043f\u0440\u043e\u0447\u043d\u043e\u0439 \u0441\u0442\u0430\u043b\u0438, \u0441\u043e\u0432\u043c\u0435\u0441\u0442\u0438\u043c\u044b\u0439 \u0441\u043e \u0448\u043b\u0430\u043d\u0433\u0430\u043c\u0438 5\/32&quot; (4 \u043c\u043c), 3\/16&quot; (5 \u043c\u043c) \u0438 7\/32&quot; (6 \u043c\u043c).    \u041f\u0435\u0440\u0435\u0445\u043e\u0434\u043d\u0438\u043a 3AN (\u043d\u0430\u0440\u0443\u0436\u043d\u0430\u044f \u0440\u0435\u0437\u044c\u0431\u0430): \u0421\u0442\u0430\u043b\u044c\u043d\u043e\u0439 \u0430\u0434\u0430\u043f\u0442\u0435\u0440 \u0441 \u0447\u0435\u0440\u043d\u044b\u043c \u0446\u0438\u043d\u043a\u043e\u0432\u044b\u043c \u043f\u043e\u043a\u0440\u044b\u0442\u0438\u0435\u043c, \u0441\u043e\u0432\u043c\u0435\u0441\u0442\u0438\u043c\u044b\u0439 \u0441 \u043d\u0430\u043a\u043e\u043d\u0435\u0447\u043d\u0438\u043a\u0430\u043c\u0438 3AN.    \u0424\u0438\u0442\u0438\u043d\u0433 push-to-connect: \u041b\u0430\u0442\u0443\u043d\u043d\u044b\u0439 \u043d\u0438\u043a\u0435\u043b\u0438\u0440\u043e\u0432\u0430\u043d\u043d\u044b\u0439 \u0444\u0438\u0442\u0438\u043d\u0433 \u0441 \u0443\u043f\u043b\u043e\u0442\u043d\u0438\u0442\u0435\u043b\u044c\u043d\u044b\u043c\u0438 \u043a\u043e\u043b\u044c\u0446\u0430\u043c\u0438 Buna-N, \u0441\u043e\u0432\u043c\u0435\u0441\u0442\u0438\u043c\u044b\u0439 \u0441 \u0436\u0435\u0441\u0442\u043a\u043e\u0439 \u043f\u043b\u0430\u0441\u0442\u0438\u043a\u043e\u0432\u043e\u0439 \u0442\u0440\u0443\u0431\u043a\u043e\u0439 1\/4&quot; (\u043d\u0430\u0440\u0443\u0436\u043d\u044b\u0439 \u0434\u0438\u0430\u043c\u0435\u0442\u0440).    \u0412\u0430\u043a\u0443\u0443\u043c\u043d\u0430\u044f \u0437\u0430\u0433\u043b\u0443\u0448\u043a\u0430: \u0412\u0438\u043d\u0442 \u0438\u0437 \u043d\u0435\u0440\u0436\u0430\u0432\u0435\u044e\u0449\u0435\u0439 \u0441\u0442\u0430\u043b\u0438 \u0441 \u0447\u0435\u0440\u043d\u044b\u043c \u043e\u043a\u0441\u0438\u0434\u0438\u0440\u043e\u0432\u0430\u043d\u0438\u0435\u043c, \u0438\u0441\u043f\u043e\u043b\u044c\u0437\u0443\u0435\u043c\u044b\u0439 \u0434\u043b\u044f \u043f\u043e\u0434\u0434\u0435\u0440\u0436\u0430\u043d\u0438\u044f \u043f\u043e\u0441\u0442\u043e\u044f\u043d\u043d\u043e\u0433\u043e (\u043d\u0435 \u0434\u0438\u043d\u0430\u043c\u0438\u0447\u0435\u0441\u043a\u043e\u0433\u043e) \u0434\u0430\u0432\u043b\u0435\u043d\u0438\u044f \u0442\u043e\u043f\u043b\u0438\u0432\u0430.\" \/>\n<meta property=\"og:url\" content=\"https:\/\/tuunerstuudio.ee\/ru\/toode\/kutuserohu-regulaator-ja-kutusefilter-roostevabast-terasestbmw-e46-01-06\/\" \/>\n<meta property=\"og:site_name\" content=\"TuunerStuudio\" \/>\n<meta property=\"og:image\" content=\"https:\/\/tuunerstuudio.ee\/wp-content\/uploads\/2025\/10\/20-0932.jpg\" \/>\n\t<meta property=\"og:image:width\" content=\"700\" \/>\n\t<meta property=\"og:image:height\" content=\"700\" \/>\n\t<meta property=\"og:image:type\" content=\"image\/jpeg\" \/>\n<meta name=\"twitter:card\" content=\"summary_large_image\" \/>\n<meta name=\"twitter:label1\" content=\"\u041f\u0440\u0438\u043c\u0435\u0440\u043d\u043e\u0435 \u0432\u0440\u0435\u043c\u044f \u0434\u043b\u044f \u0447\u0442\u0435\u043d\u0438\u044f\" \/>\n\t<meta name=\"twitter:data1\" content=\"1 \u043c\u0438\u043d\u0443\u0442\u0430\" \/>\n<script type=\"application\/ld+json\" class=\"yoast-schema-graph\">{\"@context\":\"https:\/\/schema.org\",\"@graph\":[{\"@type\":\"WebPage\",\"@id\":\"https:\/\/tuunerstuudio.ee\/ru\/toode\/kutuserohu-regulaator-ja-kutusefilter-roostevabast-terasestbmw-e46-01-06\/\",\"url\":\"https:\/\/tuunerstuudio.ee\/ru\/toode\/kutuserohu-regulaator-ja-kutusefilter-roostevabast-terasestbmw-e46-01-06\/\",\"name\":\"\u0420\u0435\u0433\u0443\u043b\u044f\u0442\u043e\u0440 \u0434\u0430\u0432\u043b\u0435\u043d\u0438\u044f \u0442\u043e\u043f\u043b\u0438\u0432\u0430 \u0438 \u0442\u043e\u043f\u043b\u0438\u0432\u043d\u044b\u0439 \u0444\u0438\u043b\u044c\u0442\u0440 \u0438\u0437 \u043d\u0435\u0440\u0436\u0430\u0432\u0435\u044e\u0449\u0435\u0439 \u0441\u0442\u0430\u043b\u0438 (BMW E46 01\u201306) - TuunerStuudio\",\"isPartOf\":{\"@id\":\"https:\/\/tuunerstuudio.ee\/ru\/#website\"},\"primaryImageOfPage\":{\"@id\":\"https:\/\/tuunerstuudio.ee\/ru\/toode\/kutuserohu-regulaator-ja-kutusefilter-roostevabast-terasestbmw-e46-01-06\/#primaryimage\"},\"image\":{\"@id\":\"https:\/\/tuunerstuudio.ee\/toode\/kutuserohu-regulaator-ja-kutusefilter-roostevabast-terasestbmw-e46-01-06\/#primaryimage\"},\"thumbnailUrl\":\"https:\/\/tuunerstuudio.ee\/wp-content\/uploads\/2025\/10\/20-0932.jpg\",\"datePublished\":\"2025-10-23T13:31:52+00:00\",\"breadcrumb\":{\"@id\":\"https:\/\/tuunerstuudio.ee\/ru\/toode\/kutuserohu-regulaator-ja-kutusefilter-roostevabast-terasestbmw-e46-01-06\/#breadcrumb\"},\"inLanguage\":\"ru-RU\",\"potentialAction\":[{\"@type\":\"ReadAction\",\"target\":[[\"https:\/\/tuunerstuudio.ee\/ru\/toode\/kutuserohu-regulaator-ja-kutusefilter-roostevabast-terasestbmw-e46-01-06\/\"]]}]},{\"@type\":\"ImageObject\",\"inLanguage\":\"ru-RU\",\"@id\":\"https:\/\/tuunerstuudio.ee\/ru\/toode\/kutuserohu-regulaator-ja-kutusefilter-roostevabast-terasestbmw-e46-01-06\/#primaryimage\",\"url\":\"https:\/\/tuunerstuudio.ee\/wp-content\/uploads\/2025\/10\/20-0932.jpg\",\"contentUrl\":\"https:\/\/tuunerstuudio.ee\/wp-content\/uploads\/2025\/10\/20-0932.jpg\",\"width\":700,\"height\":700},{\"@type\":\"BreadcrumbList\",\"@id\":\"https:\/\/tuunerstuudio.ee\/ru\/toode\/kutuserohu-regulaator-ja-kutusefilter-roostevabast-terasestbmw-e46-01-06\/#breadcrumb\",\"itemListElement\":[{\"@type\":\"ListItem\",\"position\":1,\"name\":\"Home\",\"item\":\"https:\/\/tuunerstuudio.ee\/ru\/\"},{\"@type\":\"ListItem\",\"position\":2,\"name\":\"Tooted\",\"item\":\"https:\/\/www.tuunerstuudio.ee\/tooted\/\"},{\"@type\":\"ListItem\",\"position\":3,\"name\":\"K\u00fctuser\u00f5hu regulaator ja k\u00fctusefilter roostevabast terasest(BMW E46 01\u201306)\"}]},{\"@type\":\"WebSite\",\"@id\":\"https:\/\/tuunerstuudio.ee\/ru\/#website\",\"url\":\"https:\/\/tuunerstuudio.ee\/ru\/\",\"name\":\"tuunerstuudio\",\"description\":\"\",\"potentialAction\":[{\"@type\":\"SearchAction\",\"target\":{\"@type\":\"EntryPoint\",\"urlTemplate\":\"https:\/\/tuunerstuudio.ee\/ru\/?s={search_term_string}\"},\"query-input\":{\"@type\":\"PropertyValueSpecification\",\"valueRequired\":true,\"valueName\":\"search_term_string\"}}],\"inLanguage\":\"ru-RU\"}]}<\/script>\n<!-- \/ Yoast SEO plugin. -->","yoast_head_json":{"title":"\u0420\u0435\u0433\u0443\u043b\u044f\u0442\u043e\u0440 \u0434\u0430\u0432\u043b\u0435\u043d\u0438\u044f \u0442\u043e\u043f\u043b\u0438\u0432\u0430 \u0438 \u0442\u043e\u043f\u043b\u0438\u0432\u043d\u044b\u0439 \u0444\u0438\u043b\u044c\u0442\u0440 \u0438\u0437 \u043d\u0435\u0440\u0436\u0430\u0432\u0435\u044e\u0449\u0435\u0439 \u0441\u0442\u0430\u043b\u0438 (BMW E46 01\u201306) - TuunerStuudio","robots":{"index":"index","follow":"follow","max-snippet":"max-snippet:-1","max-image-preview":"max-image-preview:large","max-video-preview":"max-video-preview:-1"},"canonical":"https:\/\/tuunerstuudio.ee\/ru\/toode\/kutuserohu-regulaator-ja-kutusefilter-roostevabast-terasestbmw-e46-01-06\/","og_locale":"ru_RU","og_type":"article","og_title":"\u0420\u0435\u0433\u0443\u043b\u044f\u0442\u043e\u0440 \u0434\u0430\u0432\u043b\u0435\u043d\u0438\u044f \u0442\u043e\u043f\u043b\u0438\u0432\u0430 \u0438 \u0442\u043e\u043f\u043b\u0438\u0432\u043d\u044b\u0439 \u0444\u0438\u043b\u044c\u0442\u0440 \u0438\u0437 \u043d\u0435\u0440\u0436\u0430\u0432\u0435\u044e\u0449\u0435\u0439 \u0441\u0442\u0430\u043b\u0438 (BMW E46 01\u201306) - TuunerStuudio","og_description":"\u0412 \u043a\u043e\u043c\u043f\u043b\u0435\u043a\u0442\u0435 \u0435\u0441\u0442\u044c 4 \u0432\u0437\u0430\u0438\u043c\u043e\u0437\u0430\u043c\u0435\u043d\u044f\u0435\u043c\u044b\u0445 \u0432\u0430\u043a\u0443\u0443\u043c\u043d\u044b\u0445 \u043f\u043e\u0440\u0442\u0430 \u0441 \u0440\u0435\u0437\u044c\u0431\u043e\u0439 10-32 \u0434\u043b\u044f \u043b\u044e\u0431\u044b\u0445 \u0432\u0430\u0440\u0438\u0430\u043d\u0442\u043e\u0432 \u043f\u043e\u0434\u043a\u043b\u044e\u0447\u0435\u043d\u0438\u044f:     \u0428\u0442\u0443\u0446\u0435\u0440 \u043f\u043e\u0434 \u0448\u043b\u0430\u043d\u0433: \u0428\u0442\u0443\u0446\u0435\u0440 3\/16\" (5 \u043c\u043c) \u0441 \u0447\u0435\u0440\u043d\u044b\u043c \u0446\u0438\u043d\u043a\u043e\u0432\u044b\u043c \u043f\u043e\u043a\u0440\u044b\u0442\u0438\u0435\u043c \u0438\u0437 \u0432\u044b\u0441\u043e\u043a\u043e\u043f\u0440\u043e\u0447\u043d\u043e\u0439 \u0441\u0442\u0430\u043b\u0438, \u0441\u043e\u0432\u043c\u0435\u0441\u0442\u0438\u043c\u044b\u0439 \u0441\u043e \u0448\u043b\u0430\u043d\u0433\u0430\u043c\u0438 5\/32\" (4 \u043c\u043c), 3\/16\" (5 \u043c\u043c) \u0438 7\/32\" (6 \u043c\u043c).    \u041f\u0435\u0440\u0435\u0445\u043e\u0434\u043d\u0438\u043a 3AN (\u043d\u0430\u0440\u0443\u0436\u043d\u0430\u044f \u0440\u0435\u0437\u044c\u0431\u0430): \u0421\u0442\u0430\u043b\u044c\u043d\u043e\u0439 \u0430\u0434\u0430\u043f\u0442\u0435\u0440 \u0441 \u0447\u0435\u0440\u043d\u044b\u043c \u0446\u0438\u043d\u043a\u043e\u0432\u044b\u043c \u043f\u043e\u043a\u0440\u044b\u0442\u0438\u0435\u043c, \u0441\u043e\u0432\u043c\u0435\u0441\u0442\u0438\u043c\u044b\u0439 \u0441 \u043d\u0430\u043a\u043e\u043d\u0435\u0447\u043d\u0438\u043a\u0430\u043c\u0438 3AN.    \u0424\u0438\u0442\u0438\u043d\u0433 push-to-connect: \u041b\u0430\u0442\u0443\u043d\u043d\u044b\u0439 \u043d\u0438\u043a\u0435\u043b\u0438\u0440\u043e\u0432\u0430\u043d\u043d\u044b\u0439 \u0444\u0438\u0442\u0438\u043d\u0433 \u0441 \u0443\u043f\u043b\u043e\u0442\u043d\u0438\u0442\u0435\u043b\u044c\u043d\u044b\u043c\u0438 \u043a\u043e\u043b\u044c\u0446\u0430\u043c\u0438 Buna-N, \u0441\u043e\u0432\u043c\u0435\u0441\u0442\u0438\u043c\u044b\u0439 \u0441 \u0436\u0435\u0441\u0442\u043a\u043e\u0439 \u043f\u043b\u0430\u0441\u0442\u0438\u043a\u043e\u0432\u043e\u0439 \u0442\u0440\u0443\u0431\u043a\u043e\u0439 1\/4\" (\u043d\u0430\u0440\u0443\u0436\u043d\u044b\u0439 \u0434\u0438\u0430\u043c\u0435\u0442\u0440).    \u0412\u0430\u043a\u0443\u0443\u043c\u043d\u0430\u044f \u0437\u0430\u0433\u043b\u0443\u0448\u043a\u0430: \u0412\u0438\u043d\u0442 \u0438\u0437 \u043d\u0435\u0440\u0436\u0430\u0432\u0435\u044e\u0449\u0435\u0439 \u0441\u0442\u0430\u043b\u0438 \u0441 \u0447\u0435\u0440\u043d\u044b\u043c \u043e\u043a\u0441\u0438\u0434\u0438\u0440\u043e\u0432\u0430\u043d\u0438\u0435\u043c, \u0438\u0441\u043f\u043e\u043b\u044c\u0437\u0443\u0435\u043c\u044b\u0439 \u0434\u043b\u044f \u043f\u043e\u0434\u0434\u0435\u0440\u0436\u0430\u043d\u0438\u044f \u043f\u043e\u0441\u0442\u043e\u044f\u043d\u043d\u043e\u0433\u043e (\u043d\u0435 \u0434\u0438\u043d\u0430\u043c\u0438\u0447\u0435\u0441\u043a\u043e\u0433\u043e) \u0434\u0430\u0432\u043b\u0435\u043d\u0438\u044f \u0442\u043e\u043f\u043b\u0438\u0432\u0430.","og_url":"https:\/\/tuunerstuudio.ee\/ru\/toode\/kutuserohu-regulaator-ja-kutusefilter-roostevabast-terasestbmw-e46-01-06\/","og_site_name":"TuunerStuudio","og_image":[{"width":700,"height":700,"url":"https:\/\/tuunerstuudio.ee\/wp-content\/uploads\/2025\/10\/20-0932.jpg","type":"image\/jpeg"}],"twitter_card":"summary_large_image","twitter_misc":{"\u041f\u0440\u0438\u043c\u0435\u0440\u043d\u043e\u0435 \u0432\u0440\u0435\u043c\u044f \u0434\u043b\u044f \u0447\u0442\u0435\u043d\u0438\u044f":"1 \u043c\u0438\u043d\u0443\u0442\u0430"},"schema":{"@context":"https:\/\/schema.org","@graph":[{"@type":"WebPage","@id":"https:\/\/tuunerstuudio.ee\/ru\/toode\/kutuserohu-regulaator-ja-kutusefilter-roostevabast-terasestbmw-e46-01-06\/","url":"https:\/\/tuunerstuudio.ee\/ru\/toode\/kutuserohu-regulaator-ja-kutusefilter-roostevabast-terasestbmw-e46-01-06\/","name":"\u0420\u0435\u0433\u0443\u043b\u044f\u0442\u043e\u0440 \u0434\u0430\u0432\u043b\u0435\u043d\u0438\u044f \u0442\u043e\u043f\u043b\u0438\u0432\u0430 \u0438 \u0442\u043e\u043f\u043b\u0438\u0432\u043d\u044b\u0439 \u0444\u0438\u043b\u044c\u0442\u0440 \u0438\u0437 \u043d\u0435\u0440\u0436\u0430\u0432\u0435\u044e\u0449\u0435\u0439 \u0441\u0442\u0430\u043b\u0438 (BMW E46 01\u201306) - TuunerStuudio","isPartOf":{"@id":"https:\/\/tuunerstuudio.ee\/ru\/#website"},"primaryImageOfPage":{"@id":"https:\/\/tuunerstuudio.ee\/ru\/toode\/kutuserohu-regulaator-ja-kutusefilter-roostevabast-terasestbmw-e46-01-06\/#primaryimage"},"image":{"@id":"https:\/\/tuunerstuudio.ee\/toode\/kutuserohu-regulaator-ja-kutusefilter-roostevabast-terasestbmw-e46-01-06\/#primaryimage"},"thumbnailUrl":"https:\/\/tuunerstuudio.ee\/wp-content\/uploads\/2025\/10\/20-0932.jpg","datePublished":"2025-10-23T13:31:52+00:00","breadcrumb":{"@id":"https:\/\/tuunerstuudio.ee\/ru\/toode\/kutuserohu-regulaator-ja-kutusefilter-roostevabast-terasestbmw-e46-01-06\/#breadcrumb"},"inLanguage":"ru-RU","potentialAction":[{"@type":"ReadAction","target":[["https:\/\/tuunerstuudio.ee\/ru\/toode\/kutuserohu-regulaator-ja-kutusefilter-roostevabast-terasestbmw-e46-01-06\/"]]}]},{"@type":"ImageObject","inLanguage":"ru-RU","@id":"https:\/\/tuunerstuudio.ee\/ru\/toode\/kutuserohu-regulaator-ja-kutusefilter-roostevabast-terasestbmw-e46-01-06\/#primaryimage","url":"https:\/\/tuunerstuudio.ee\/wp-content\/uploads\/2025\/10\/20-0932.jpg","contentUrl":"https:\/\/tuunerstuudio.ee\/wp-content\/uploads\/2025\/10\/20-0932.jpg","width":700,"height":700},{"@type":"BreadcrumbList","@id":"https:\/\/tuunerstuudio.ee\/ru\/toode\/kutuserohu-regulaator-ja-kutusefilter-roostevabast-terasestbmw-e46-01-06\/#breadcrumb","itemListElement":[{"@type":"ListItem","position":1,"name":"Home","item":"https:\/\/tuunerstuudio.ee\/ru\/"},{"@type":"ListItem","position":2,"name":"Tooted","item":"https:\/\/www.tuunerstuudio.ee\/tooted\/"},{"@type":"ListItem","position":3,"name":"K\u00fctuser\u00f5hu regulaator ja k\u00fctusefilter roostevabast terasest(BMW E46 01\u201306)"}]},{"@type":"WebSite","@id":"https:\/\/tuunerstuudio.ee\/ru\/#website","url":"https:\/\/tuunerstuudio.ee\/ru\/","name":"tuunerstuudio","description":"","potentialAction":[{"@type":"SearchAction","target":{"@type":"EntryPoint","urlTemplate":"https:\/\/tuunerstuudio.ee\/ru\/?s={search_term_string}"},"query-input":{"@type":"PropertyValueSpecification","valueRequired":true,"valueName":"search_term_string"}}],"inLanguage":"ru-RU"}]}},"_links":{"self":[{"href":"https:\/\/tuunerstuudio.ee\/ru\/wp-json\/wp\/v2\/product\/29470","targetHints":{"allow":["GET"]}}],"collection":[{"href":"https:\/\/tuunerstuudio.ee\/ru\/wp-json\/wp\/v2\/product"}],"about":[{"href":"https:\/\/tuunerstuudio.ee\/ru\/wp-json\/wp\/v2\/types\/product"}],"replies":[{"embeddable":true,"href":"https:\/\/tuunerstuudio.ee\/ru\/wp-json\/wp\/v2\/comments?post=29470"}],"wp:featuredmedia":[{"embeddable":true,"href":"https:\/\/tuunerstuudio.ee\/ru\/wp-json\/wp\/v2\/media\/29472"}],"wp:attachment":[{"href":"https:\/\/tuunerstuudio.ee\/ru\/wp-json\/wp\/v2\/media?parent=29470"}],"wp:term":[{"taxonomy":"product_brand","embeddable":true,"href":"https:\/\/tuunerstuudio.ee\/ru\/wp-json\/wp\/v2\/product_brand?post=29470"},{"taxonomy":"product_cat","embeddable":true,"href":"https:\/\/tuunerstuudio.ee\/ru\/wp-json\/wp\/v2\/product_cat?post=29470"},{"taxonomy":"product_tag","embeddable":true,"href":"https:\/\/tuunerstuudio.ee\/ru\/wp-json\/wp\/v2\/product_tag?post=29470"}],"curies":[{"name":"wp","href":"https:\/\/api.w.org\/{rel}","templated":true}]}}