{"id":17308,"date":"2024-10-11T15:40:25","date_gmt":"2024-10-11T12:40:25","guid":{"rendered":"https:\/\/tuunerstuudio.ee\/uuswp\/?post_type=product&#038;p=17308"},"modified":"2024-10-11T15:40:28","modified_gmt":"2024-10-11T12:40:28","slug":"w-light-wave-500","status":"publish","type":"product","link":"https:\/\/tuunerstuudio.ee\/ru\/toode\/w-light-wave-500\/","title":{"rendered":"W-light wave 500"},"content":{"rendered":"<p><img loading=\"lazy\" decoding=\"async\" class=\" wd-lazy-fade alignnone size-medium wp-image-33988\" src=\"https:\/\/tuunerstuudio.ee\/wp-content\/themes\/tuunerstuudio5\/images\/lazy.svg\" data-src=\"https:\/\/tuunerstuudio.ee\/wp-content\/uploads\/2024\/10\/1605-NS3819_003-300x225.jpg\" alt=\"\" width=\"300\" height=\"225\" \/> <img loading=\"lazy\" decoding=\"async\" class=\" wd-lazy-fade alignnone size-medium wp-image-33989\" src=\"https:\/\/tuunerstuudio.ee\/wp-content\/themes\/tuunerstuudio5\/images\/lazy.svg\" data-src=\"https:\/\/tuunerstuudio.ee\/wp-content\/uploads\/2024\/10\/1605-NS3819_004-300x225.jpg\" alt=\"\" width=\"300\" height=\"225\" \/><\/p>\n","protected":false},"excerpt":{"rendered":"<div class=\"product_manufacturer\"><strong>Tootjad:<\/strong>\u00a0<span class=\"manufacturer_name\">W-LIGHT<\/span><\/div>\n<div class=\"product_voltage\"><strong>Pinge:<\/strong>\u00a0<span class=\"product_filter\" data-header=\"Pinge\" data-field_name=\"voltage\" data-value=\"12-48V\">12-48V<\/span><\/div>\n<div class=\"product_reference_value\"><strong>Reference value:<\/strong>\u00a0<span class=\"product_filter\" data-header=\"Reference value\" data-field_name=\"reference_value\" data-value=\"45\">45<\/span><\/div>\n<div class=\"product_shape\"><strong>Vorm:<\/strong>\u00a0<span class=\"product_filter\" data-header=\"Vorm\" data-field_name=\"shape\" data-value=\"Riba\">Riba<\/span><\/div>\n<div class=\"product_dimensions\"><strong>M\u00f5\u00f5tmed:<\/strong>\u00a0532.00 x 46.00 x 70.00mm<\/div>\n<div class=\"product_plug_type\"><strong>Pistiku t\u00fc\u00fcp:<\/strong>\u00a0<span class=\"product_filter\" data-header=\"Pistiku t\u00fc\u00fcp\" data-field_name=\"plug_type\" data-value=\"2-pin DT\">2-pin DT<\/span><\/div>\n<div class=\"product_wire_length\"><strong>Juhtme pikkus:<\/strong>\u00a0<span class=\"product_filter\" data-header=\"Juhtme pikkus\" data-field_name=\"wire_length\" data-value=\"2,20 m\">2,20 m<\/span><\/div>\n<div class=\"product_ip_rating\"><strong>IP klassifikatsioon:<\/strong>\u00a0<span class=\"product_filter\" data-header=\"IP klassifikatsioon\" data-field_name=\"ip_rating\" data-value=\"IP67\">IP67<\/span><\/div>\n<div class=\"product_approvals\"><strong>Sertifikaadid:<\/strong>\u00a0<span class=\"product_filter\" data-header=\"Sertifikaadid\" data-field_name=\"approvals\" data-value=\"R10, R112\">R10, R112<\/span><\/div>\n<div class=\"product_lumens\"><strong>Lumenid:<\/strong>\u00a0<span class=\"product_filter\" data-header=\"Lumenid\" data-field_name=\"lumens\" data-value=\"8400 lm\">8400 lm<\/span><\/div>\n<div class=\"product_color_temperature\"><strong>V\u00e4rvitemperatuur:<\/strong>\u00a0<span class=\"product_filter\" data-header=\"V\u00e4rvitemperatuur\" data-field_name=\"color_temperature\" data-value=\"6000 K\">6000 K<\/span><\/div>\n<div class=\"product_package_size\"><strong>Pakendi suurus:<\/strong>\u00a0<span class=\"product_filter\" data-header=\"Pakendi suurus\" data-field_name=\"package_size\" data-value=\"1\/6\">1\/6<\/span><\/div>\n<div class=\"product_description\"><strong>Kirjeldus:<\/strong>\u00a0Wave 500. 15x CREE LED, 8400lm, IP67, 6000K, R10\/R112. W-Light Wave on stiilne, madala profiiliga kaugtuli. Kumer disain v\u00f5imaldab silmatorkamatut paigaldust. 2,2m juhe koos Deutsch klemmide ja eraldi Deutsch korpusega v\u00f5imaldab v\u00e4ga lihtsalt ja v\u00f5imalikult akul\u00e4hedast \u00fchendust. Alumise ja k\u00fcljekinnitusega.<\/div>\n","protected":false},"featured_media":17318,"comment_status":"closed","ping_status":"closed","template":"","meta":[],"product_brand":[],"product_cat":[70,268,269],"product_tag":[],"class_list":{"0":"post-17308","1":"product","2":"type-product","3":"status-publish","4":"has-post-thumbnail","6":"product_cat-muud-tooted","7":"product_cat-lisatuled","8":"product_cat-w-light","10":"first","11":"onbackorder","12":"taxable","13":"shipping-taxable","14":"purchasable","15":"product-type-simple"},"yoast_head":"<!-- This site is optimized with the Yoast SEO plugin v26.9 - https:\/\/yoast.com\/product\/yoast-seo-wordpress\/ -->\n<title>W-light wave 500 - TuunerStuudio<\/title>\n<meta name=\"robots\" content=\"index, follow, max-snippet:-1, max-image-preview:large, max-video-preview:-1\" \/>\n<link rel=\"canonical\" href=\"https:\/\/tuunerstuudio.ee\/ru\/toode\/w-light-wave-500\/\" \/>\n<meta property=\"og:locale\" content=\"ru_RU\" \/>\n<meta property=\"og:type\" content=\"article\" \/>\n<meta property=\"og:title\" content=\"W-light wave 500 - TuunerStuudio\" \/>\n<meta property=\"og:description\" content=\"Tootjad:\u00a0W-LIGHT Pinge:\u00a012-48V Reference value:\u00a045 Vorm:\u00a0Riba M\u00f5\u00f5tmed:\u00a0532.00 x 46.00 x 70.00mm Pistiku t\u00fc\u00fcp:\u00a02-pin DT Juhtme pikkus:\u00a02,20 m IP klassifikatsioon:\u00a0IP67 Sertifikaadid:\u00a0R10, R112 Lumenid:\u00a08400 lm V\u00e4rvitemperatuur:\u00a06000 K Pakendi suurus:\u00a01\/6 Kirjeldus:\u00a0Wave 500. 15x CREE LED, 8400lm, IP67, 6000K, R10\/R112. W-Light Wave on stiilne, madala profiiliga kaugtuli. Kumer disain v\u00f5imaldab silmatorkamatut paigaldust. 2,2m juhe koos Deutsch klemmide ja eraldi Deutsch korpusega v\u00f5imaldab v\u00e4ga lihtsalt ja v\u00f5imalikult akul\u00e4hedast \u00fchendust. Alumise ja k\u00fcljekinnitusega.\" \/>\n<meta property=\"og:url\" content=\"https:\/\/tuunerstuudio.ee\/ru\/toode\/w-light-wave-500\/\" \/>\n<meta property=\"og:site_name\" content=\"TuunerStuudio\" \/>\n<meta property=\"article:modified_time\" content=\"2024-10-11T12:40:28+00:00\" \/>\n<meta property=\"og:image\" content=\"https:\/\/tuunerstuudio.ee\/wp-content\/uploads\/2024\/10\/1605-NS3819_001.jpg\" \/>\n\t<meta property=\"og:image:width\" content=\"800\" \/>\n\t<meta property=\"og:image:height\" content=\"600\" \/>\n\t<meta property=\"og:image:type\" content=\"image\/jpeg\" \/>\n<meta name=\"twitter:card\" content=\"summary_large_image\" \/>\n<meta name=\"twitter:label1\" content=\"\u041f\u0440\u0438\u043c\u0435\u0440\u043d\u043e\u0435 \u0432\u0440\u0435\u043c\u044f \u0434\u043b\u044f \u0447\u0442\u0435\u043d\u0438\u044f\" \/>\n\t<meta name=\"twitter:data1\" content=\"1 \u043c\u0438\u043d\u0443\u0442\u0430\" \/>\n<script type=\"application\/ld+json\" class=\"yoast-schema-graph\">{\"@context\":\"https:\/\/schema.org\",\"@graph\":[{\"@type\":\"WebPage\",\"@id\":\"https:\/\/tuunerstuudio.ee\/ru\/toode\/w-light-wave-500\/\",\"url\":\"https:\/\/tuunerstuudio.ee\/ru\/toode\/w-light-wave-500\/\",\"name\":\"W-light wave 500 - TuunerStuudio\",\"isPartOf\":{\"@id\":\"https:\/\/tuunerstuudio.ee\/ru\/#website\"},\"primaryImageOfPage\":{\"@id\":\"https:\/\/tuunerstuudio.ee\/ru\/toode\/w-light-wave-500\/#primaryimage\"},\"image\":{\"@id\":\"https:\/\/tuunerstuudio.ee\/toode\/w-light-wave-500\/#primaryimage\"},\"thumbnailUrl\":\"https:\/\/tuunerstuudio.ee\/wp-content\/uploads\/2024\/10\/1605-NS3819_001.jpg\",\"datePublished\":\"2024-10-11T12:40:25+00:00\",\"dateModified\":\"2024-10-11T12:40:28+00:00\",\"breadcrumb\":{\"@id\":\"https:\/\/tuunerstuudio.ee\/ru\/toode\/w-light-wave-500\/#breadcrumb\"},\"inLanguage\":\"ru-RU\",\"potentialAction\":[{\"@type\":\"ReadAction\",\"target\":[[\"https:\/\/tuunerstuudio.ee\/ru\/toode\/w-light-wave-500\/\"]]}]},{\"@type\":\"ImageObject\",\"inLanguage\":\"ru-RU\",\"@id\":\"https:\/\/tuunerstuudio.ee\/ru\/toode\/w-light-wave-500\/#primaryimage\",\"url\":\"https:\/\/tuunerstuudio.ee\/wp-content\/uploads\/2024\/10\/1605-NS3819_001.jpg\",\"contentUrl\":\"https:\/\/tuunerstuudio.ee\/wp-content\/uploads\/2024\/10\/1605-NS3819_001.jpg\",\"width\":800,\"height\":600},{\"@type\":\"BreadcrumbList\",\"@id\":\"https:\/\/tuunerstuudio.ee\/ru\/toode\/w-light-wave-500\/#breadcrumb\",\"itemListElement\":[{\"@type\":\"ListItem\",\"position\":1,\"name\":\"Home\",\"item\":\"https:\/\/tuunerstuudio.ee\/ru\/\"},{\"@type\":\"ListItem\",\"position\":2,\"name\":\"Tooted\",\"item\":\"https:\/\/www.tuunerstuudio.ee\/tooted\/\"},{\"@type\":\"ListItem\",\"position\":3,\"name\":\"W-light wave 500\"}]},{\"@type\":\"WebSite\",\"@id\":\"https:\/\/tuunerstuudio.ee\/ru\/#website\",\"url\":\"https:\/\/tuunerstuudio.ee\/ru\/\",\"name\":\"tuunerstuudio\",\"description\":\"\",\"potentialAction\":[{\"@type\":\"SearchAction\",\"target\":{\"@type\":\"EntryPoint\",\"urlTemplate\":\"https:\/\/tuunerstuudio.ee\/ru\/?s={search_term_string}\"},\"query-input\":{\"@type\":\"PropertyValueSpecification\",\"valueRequired\":true,\"valueName\":\"search_term_string\"}}],\"inLanguage\":\"ru-RU\"}]}<\/script>\n<!-- \/ Yoast SEO plugin. -->","yoast_head_json":{"title":"W-light wave 500 - TuunerStuudio","robots":{"index":"index","follow":"follow","max-snippet":"max-snippet:-1","max-image-preview":"max-image-preview:large","max-video-preview":"max-video-preview:-1"},"canonical":"https:\/\/tuunerstuudio.ee\/ru\/toode\/w-light-wave-500\/","og_locale":"ru_RU","og_type":"article","og_title":"W-light wave 500 - TuunerStuudio","og_description":"Tootjad:\u00a0W-LIGHT Pinge:\u00a012-48V Reference value:\u00a045 Vorm:\u00a0Riba M\u00f5\u00f5tmed:\u00a0532.00 x 46.00 x 70.00mm Pistiku t\u00fc\u00fcp:\u00a02-pin DT Juhtme pikkus:\u00a02,20 m IP klassifikatsioon:\u00a0IP67 Sertifikaadid:\u00a0R10, R112 Lumenid:\u00a08400 lm V\u00e4rvitemperatuur:\u00a06000 K Pakendi suurus:\u00a01\/6 Kirjeldus:\u00a0Wave 500. 15x CREE LED, 8400lm, IP67, 6000K, R10\/R112. W-Light Wave on stiilne, madala profiiliga kaugtuli. Kumer disain v\u00f5imaldab silmatorkamatut paigaldust. 2,2m juhe koos Deutsch klemmide ja eraldi Deutsch korpusega v\u00f5imaldab v\u00e4ga lihtsalt ja v\u00f5imalikult akul\u00e4hedast \u00fchendust. Alumise ja k\u00fcljekinnitusega.","og_url":"https:\/\/tuunerstuudio.ee\/ru\/toode\/w-light-wave-500\/","og_site_name":"TuunerStuudio","article_modified_time":"2024-10-11T12:40:28+00:00","og_image":[{"width":800,"height":600,"url":"https:\/\/tuunerstuudio.ee\/wp-content\/uploads\/2024\/10\/1605-NS3819_001.jpg","type":"image\/jpeg"}],"twitter_card":"summary_large_image","twitter_misc":{"\u041f\u0440\u0438\u043c\u0435\u0440\u043d\u043e\u0435 \u0432\u0440\u0435\u043c\u044f \u0434\u043b\u044f \u0447\u0442\u0435\u043d\u0438\u044f":"1 \u043c\u0438\u043d\u0443\u0442\u0430"},"schema":{"@context":"https:\/\/schema.org","@graph":[{"@type":"WebPage","@id":"https:\/\/tuunerstuudio.ee\/ru\/toode\/w-light-wave-500\/","url":"https:\/\/tuunerstuudio.ee\/ru\/toode\/w-light-wave-500\/","name":"W-light wave 500 - TuunerStuudio","isPartOf":{"@id":"https:\/\/tuunerstuudio.ee\/ru\/#website"},"primaryImageOfPage":{"@id":"https:\/\/tuunerstuudio.ee\/ru\/toode\/w-light-wave-500\/#primaryimage"},"image":{"@id":"https:\/\/tuunerstuudio.ee\/toode\/w-light-wave-500\/#primaryimage"},"thumbnailUrl":"https:\/\/tuunerstuudio.ee\/wp-content\/uploads\/2024\/10\/1605-NS3819_001.jpg","datePublished":"2024-10-11T12:40:25+00:00","dateModified":"2024-10-11T12:40:28+00:00","breadcrumb":{"@id":"https:\/\/tuunerstuudio.ee\/ru\/toode\/w-light-wave-500\/#breadcrumb"},"inLanguage":"ru-RU","potentialAction":[{"@type":"ReadAction","target":[["https:\/\/tuunerstuudio.ee\/ru\/toode\/w-light-wave-500\/"]]}]},{"@type":"ImageObject","inLanguage":"ru-RU","@id":"https:\/\/tuunerstuudio.ee\/ru\/toode\/w-light-wave-500\/#primaryimage","url":"https:\/\/tuunerstuudio.ee\/wp-content\/uploads\/2024\/10\/1605-NS3819_001.jpg","contentUrl":"https:\/\/tuunerstuudio.ee\/wp-content\/uploads\/2024\/10\/1605-NS3819_001.jpg","width":800,"height":600},{"@type":"BreadcrumbList","@id":"https:\/\/tuunerstuudio.ee\/ru\/toode\/w-light-wave-500\/#breadcrumb","itemListElement":[{"@type":"ListItem","position":1,"name":"Home","item":"https:\/\/tuunerstuudio.ee\/ru\/"},{"@type":"ListItem","position":2,"name":"Tooted","item":"https:\/\/www.tuunerstuudio.ee\/tooted\/"},{"@type":"ListItem","position":3,"name":"W-light wave 500"}]},{"@type":"WebSite","@id":"https:\/\/tuunerstuudio.ee\/ru\/#website","url":"https:\/\/tuunerstuudio.ee\/ru\/","name":"tuunerstuudio","description":"","potentialAction":[{"@type":"SearchAction","target":{"@type":"EntryPoint","urlTemplate":"https:\/\/tuunerstuudio.ee\/ru\/?s={search_term_string}"},"query-input":{"@type":"PropertyValueSpecification","valueRequired":true,"valueName":"search_term_string"}}],"inLanguage":"ru-RU"}]}},"_links":{"self":[{"href":"https:\/\/tuunerstuudio.ee\/ru\/wp-json\/wp\/v2\/product\/17308","targetHints":{"allow":["GET"]}}],"collection":[{"href":"https:\/\/tuunerstuudio.ee\/ru\/wp-json\/wp\/v2\/product"}],"about":[{"href":"https:\/\/tuunerstuudio.ee\/ru\/wp-json\/wp\/v2\/types\/product"}],"replies":[{"embeddable":true,"href":"https:\/\/tuunerstuudio.ee\/ru\/wp-json\/wp\/v2\/comments?post=17308"}],"wp:featuredmedia":[{"embeddable":true,"href":"https:\/\/tuunerstuudio.ee\/ru\/wp-json\/wp\/v2\/media\/17318"}],"wp:attachment":[{"href":"https:\/\/tuunerstuudio.ee\/ru\/wp-json\/wp\/v2\/media?parent=17308"}],"wp:term":[{"taxonomy":"product_brand","embeddable":true,"href":"https:\/\/tuunerstuudio.ee\/ru\/wp-json\/wp\/v2\/product_brand?post=17308"},{"taxonomy":"product_cat","embeddable":true,"href":"https:\/\/tuunerstuudio.ee\/ru\/wp-json\/wp\/v2\/product_cat?post=17308"},{"taxonomy":"product_tag","embeddable":true,"href":"https:\/\/tuunerstuudio.ee\/ru\/wp-json\/wp\/v2\/product_tag?post=17308"}],"curies":[{"name":"wp","href":"https:\/\/api.w.org\/{rel}","templated":true}]}}