{"id":16129,"date":"2024-10-11T15:35:04","date_gmt":"2024-10-11T12:35:04","guid":{"rendered":"https:\/\/tuunerstuudio.ee\/uuswp\/?post_type=product&#038;p=16129"},"modified":"2024-10-11T15:35:15","modified_gmt":"2024-10-11T12:35:15","slug":"sparco-r330-nahast-rool","status":"publish","type":"product","link":"https:\/\/tuunerstuudio.ee\/ru\/toode\/sparco-r330-nahast-rool\/","title":{"rendered":"Sparco R330 (Nahast rool)"},"content":{"rendered":"<p><a href=\"https:\/\/tuunerstuudio.ee\/wp-content\/uploads\/2024\/09\/Sparco-R330-Steering-wheel-leather_2.webp\"><img loading=\"lazy\" decoding=\"async\" class=\" wd-lazy-fade alignnone size-medium wp-image-31966\" src=\"https:\/\/tuunerstuudio.ee\/wp-content\/themes\/tuunerstuudio5\/images\/lazy.svg\" data-src=\"https:\/\/tuunerstuudio.ee\/wp-content\/uploads\/2024\/09\/Sparco-R330-Steering-wheel-leather_2-300x251.webp\" alt=\"\" width=\"300\" height=\"251\" \/><\/a><\/p>\n","protected":false},"excerpt":{"rendered":"<ul>\n<li id=\"tw-target-text\" class=\"tw-data-text tw-text-large tw-ta\" dir=\"ltr\" data-placeholder=\"T\u00f5lge\" aria-label=\"T\u00f5lgitud tekst\" data-ved=\"2ahUKEwiF96y0jbuIAxWQHhAIHS2RCgsQ3ewLegQIBxAU\"><span class=\"Y2IQFc\" lang=\"et\">L\u00e4bim\u00f5\u00f5t: 330 mm<\/span><\/li>\n<li class=\"tw-data-text tw-text-large tw-ta\" dir=\"ltr\" data-placeholder=\"T\u00f5lge\" aria-label=\"T\u00f5lgitud tekst\" data-ved=\"2ahUKEwiF96y0jbuIAxWQHhAIHS2RCgsQ3ewLegQIBxAU\"><span class=\"Y2IQFc\" lang=\"et\">S\u00fcgavus: 0 mm<\/span><\/li>\n<li class=\"tw-data-text tw-text-large tw-ta\" dir=\"ltr\" data-placeholder=\"T\u00f5lge\" aria-label=\"T\u00f5lgitud tekst\" data-ved=\"2ahUKEwiF96y0jbuIAxWQHhAIHS2RCgsQ3ewLegQIBxAU\"><span class=\"Y2IQFc\" lang=\"et\">K\u00e4epide: 33\/25 mm<\/span><\/li>\n<\/ul>\n","protected":false},"featured_media":16158,"comment_status":"closed","ping_status":"closed","template":"","meta":[],"product_brand":[],"product_cat":[24,817,819],"product_tag":[],"class_list":{"0":"post-16129","1":"product","2":"type-product","3":"status-publish","4":"has-post-thumbnail","6":"product_cat-kere-salong","7":"product_cat-rool-rooli-lisatarvikud","8":"product_cat-sparco-roolid","10":"first","11":"onbackorder","12":"taxable","13":"shipping-taxable","14":"purchasable","15":"product-type-simple"},"yoast_head":"<!-- This site is optimized with the Yoast SEO plugin v26.9 - https:\/\/yoast.com\/product\/yoast-seo-wordpress\/ -->\n<title>Sparco R330 (Nahast rool) - TuunerStuudio<\/title>\n<meta name=\"robots\" content=\"index, follow, max-snippet:-1, max-image-preview:large, max-video-preview:-1\" \/>\n<link rel=\"canonical\" href=\"https:\/\/tuunerstuudio.ee\/ru\/toode\/sparco-r330-nahast-rool\/\" \/>\n<meta property=\"og:locale\" content=\"ru_RU\" \/>\n<meta property=\"og:type\" content=\"article\" \/>\n<meta property=\"og:title\" content=\"Sparco R330 (Nahast rool) - TuunerStuudio\" \/>\n<meta property=\"og:description\" content=\"L\u00e4bim\u00f5\u00f5t: 330 mm  S\u00fcgavus: 0 mm  K\u00e4epide: 33\/25 mm\" \/>\n<meta property=\"og:url\" content=\"https:\/\/tuunerstuudio.ee\/ru\/toode\/sparco-r330-nahast-rool\/\" \/>\n<meta property=\"og:site_name\" content=\"TuunerStuudio\" \/>\n<meta property=\"article:modified_time\" content=\"2024-10-11T12:35:15+00:00\" \/>\n<meta property=\"og:image\" content=\"https:\/\/tuunerstuudio.ee\/wp-content\/uploads\/2024\/10\/Sparco-R330-Steering-wheel-leather.webp\" \/>\n\t<meta property=\"og:image:width\" content=\"1024\" \/>\n\t<meta property=\"og:image:height\" content=\"682\" \/>\n\t<meta property=\"og:image:type\" content=\"image\/webp\" \/>\n<meta name=\"twitter:card\" content=\"summary_large_image\" \/>\n<meta name=\"twitter:label1\" content=\"\u041f\u0440\u0438\u043c\u0435\u0440\u043d\u043e\u0435 \u0432\u0440\u0435\u043c\u044f \u0434\u043b\u044f \u0447\u0442\u0435\u043d\u0438\u044f\" \/>\n\t<meta name=\"twitter:data1\" content=\"1 \u043c\u0438\u043d\u0443\u0442\u0430\" \/>\n<script type=\"application\/ld+json\" class=\"yoast-schema-graph\">{\"@context\":\"https:\/\/schema.org\",\"@graph\":[{\"@type\":\"WebPage\",\"@id\":\"https:\/\/tuunerstuudio.ee\/ru\/toode\/sparco-r330-nahast-rool\/\",\"url\":\"https:\/\/tuunerstuudio.ee\/ru\/toode\/sparco-r330-nahast-rool\/\",\"name\":\"Sparco R330 (Nahast rool) - TuunerStuudio\",\"isPartOf\":{\"@id\":\"https:\/\/tuunerstuudio.ee\/ru\/#website\"},\"primaryImageOfPage\":{\"@id\":\"https:\/\/tuunerstuudio.ee\/ru\/toode\/sparco-r330-nahast-rool\/#primaryimage\"},\"image\":{\"@id\":\"https:\/\/tuunerstuudio.ee\/toode\/sparco-r330-nahast-rool\/#primaryimage\"},\"thumbnailUrl\":\"https:\/\/tuunerstuudio.ee\/wp-content\/uploads\/2024\/10\/Sparco-R330-Steering-wheel-leather.webp\",\"datePublished\":\"2024-10-11T12:35:04+00:00\",\"dateModified\":\"2024-10-11T12:35:15+00:00\",\"breadcrumb\":{\"@id\":\"https:\/\/tuunerstuudio.ee\/ru\/toode\/sparco-r330-nahast-rool\/#breadcrumb\"},\"inLanguage\":\"ru-RU\",\"potentialAction\":[{\"@type\":\"ReadAction\",\"target\":[[\"https:\/\/tuunerstuudio.ee\/ru\/toode\/sparco-r330-nahast-rool\/\"]]}]},{\"@type\":\"ImageObject\",\"inLanguage\":\"ru-RU\",\"@id\":\"https:\/\/tuunerstuudio.ee\/ru\/toode\/sparco-r330-nahast-rool\/#primaryimage\",\"url\":\"https:\/\/tuunerstuudio.ee\/wp-content\/uploads\/2024\/10\/Sparco-R330-Steering-wheel-leather.webp\",\"contentUrl\":\"https:\/\/tuunerstuudio.ee\/wp-content\/uploads\/2024\/10\/Sparco-R330-Steering-wheel-leather.webp\",\"width\":1024,\"height\":682},{\"@type\":\"BreadcrumbList\",\"@id\":\"https:\/\/tuunerstuudio.ee\/ru\/toode\/sparco-r330-nahast-rool\/#breadcrumb\",\"itemListElement\":[{\"@type\":\"ListItem\",\"position\":1,\"name\":\"Home\",\"item\":\"https:\/\/tuunerstuudio.ee\/ru\/\"},{\"@type\":\"ListItem\",\"position\":2,\"name\":\"Tooted\",\"item\":\"https:\/\/www.tuunerstuudio.ee\/tooted\/\"},{\"@type\":\"ListItem\",\"position\":3,\"name\":\"Sparco R330 (Nahast rool)\"}]},{\"@type\":\"WebSite\",\"@id\":\"https:\/\/tuunerstuudio.ee\/ru\/#website\",\"url\":\"https:\/\/tuunerstuudio.ee\/ru\/\",\"name\":\"tuunerstuudio\",\"description\":\"\",\"potentialAction\":[{\"@type\":\"SearchAction\",\"target\":{\"@type\":\"EntryPoint\",\"urlTemplate\":\"https:\/\/tuunerstuudio.ee\/ru\/?s={search_term_string}\"},\"query-input\":{\"@type\":\"PropertyValueSpecification\",\"valueRequired\":true,\"valueName\":\"search_term_string\"}}],\"inLanguage\":\"ru-RU\"}]}<\/script>\n<!-- \/ Yoast SEO plugin. -->","yoast_head_json":{"title":"Sparco R330 (Nahast rool) - TuunerStuudio","robots":{"index":"index","follow":"follow","max-snippet":"max-snippet:-1","max-image-preview":"max-image-preview:large","max-video-preview":"max-video-preview:-1"},"canonical":"https:\/\/tuunerstuudio.ee\/ru\/toode\/sparco-r330-nahast-rool\/","og_locale":"ru_RU","og_type":"article","og_title":"Sparco R330 (Nahast rool) - TuunerStuudio","og_description":"L\u00e4bim\u00f5\u00f5t: 330 mm  S\u00fcgavus: 0 mm  K\u00e4epide: 33\/25 mm","og_url":"https:\/\/tuunerstuudio.ee\/ru\/toode\/sparco-r330-nahast-rool\/","og_site_name":"TuunerStuudio","article_modified_time":"2024-10-11T12:35:15+00:00","og_image":[{"width":1024,"height":682,"url":"https:\/\/tuunerstuudio.ee\/wp-content\/uploads\/2024\/10\/Sparco-R330-Steering-wheel-leather.webp","type":"image\/webp"}],"twitter_card":"summary_large_image","twitter_misc":{"\u041f\u0440\u0438\u043c\u0435\u0440\u043d\u043e\u0435 \u0432\u0440\u0435\u043c\u044f \u0434\u043b\u044f \u0447\u0442\u0435\u043d\u0438\u044f":"1 \u043c\u0438\u043d\u0443\u0442\u0430"},"schema":{"@context":"https:\/\/schema.org","@graph":[{"@type":"WebPage","@id":"https:\/\/tuunerstuudio.ee\/ru\/toode\/sparco-r330-nahast-rool\/","url":"https:\/\/tuunerstuudio.ee\/ru\/toode\/sparco-r330-nahast-rool\/","name":"Sparco R330 (Nahast rool) - TuunerStuudio","isPartOf":{"@id":"https:\/\/tuunerstuudio.ee\/ru\/#website"},"primaryImageOfPage":{"@id":"https:\/\/tuunerstuudio.ee\/ru\/toode\/sparco-r330-nahast-rool\/#primaryimage"},"image":{"@id":"https:\/\/tuunerstuudio.ee\/toode\/sparco-r330-nahast-rool\/#primaryimage"},"thumbnailUrl":"https:\/\/tuunerstuudio.ee\/wp-content\/uploads\/2024\/10\/Sparco-R330-Steering-wheel-leather.webp","datePublished":"2024-10-11T12:35:04+00:00","dateModified":"2024-10-11T12:35:15+00:00","breadcrumb":{"@id":"https:\/\/tuunerstuudio.ee\/ru\/toode\/sparco-r330-nahast-rool\/#breadcrumb"},"inLanguage":"ru-RU","potentialAction":[{"@type":"ReadAction","target":[["https:\/\/tuunerstuudio.ee\/ru\/toode\/sparco-r330-nahast-rool\/"]]}]},{"@type":"ImageObject","inLanguage":"ru-RU","@id":"https:\/\/tuunerstuudio.ee\/ru\/toode\/sparco-r330-nahast-rool\/#primaryimage","url":"https:\/\/tuunerstuudio.ee\/wp-content\/uploads\/2024\/10\/Sparco-R330-Steering-wheel-leather.webp","contentUrl":"https:\/\/tuunerstuudio.ee\/wp-content\/uploads\/2024\/10\/Sparco-R330-Steering-wheel-leather.webp","width":1024,"height":682},{"@type":"BreadcrumbList","@id":"https:\/\/tuunerstuudio.ee\/ru\/toode\/sparco-r330-nahast-rool\/#breadcrumb","itemListElement":[{"@type":"ListItem","position":1,"name":"Home","item":"https:\/\/tuunerstuudio.ee\/ru\/"},{"@type":"ListItem","position":2,"name":"Tooted","item":"https:\/\/www.tuunerstuudio.ee\/tooted\/"},{"@type":"ListItem","position":3,"name":"Sparco R330 (Nahast rool)"}]},{"@type":"WebSite","@id":"https:\/\/tuunerstuudio.ee\/ru\/#website","url":"https:\/\/tuunerstuudio.ee\/ru\/","name":"tuunerstuudio","description":"","potentialAction":[{"@type":"SearchAction","target":{"@type":"EntryPoint","urlTemplate":"https:\/\/tuunerstuudio.ee\/ru\/?s={search_term_string}"},"query-input":{"@type":"PropertyValueSpecification","valueRequired":true,"valueName":"search_term_string"}}],"inLanguage":"ru-RU"}]}},"_links":{"self":[{"href":"https:\/\/tuunerstuudio.ee\/ru\/wp-json\/wp\/v2\/product\/16129","targetHints":{"allow":["GET"]}}],"collection":[{"href":"https:\/\/tuunerstuudio.ee\/ru\/wp-json\/wp\/v2\/product"}],"about":[{"href":"https:\/\/tuunerstuudio.ee\/ru\/wp-json\/wp\/v2\/types\/product"}],"replies":[{"embeddable":true,"href":"https:\/\/tuunerstuudio.ee\/ru\/wp-json\/wp\/v2\/comments?post=16129"}],"wp:featuredmedia":[{"embeddable":true,"href":"https:\/\/tuunerstuudio.ee\/ru\/wp-json\/wp\/v2\/media\/16158"}],"wp:attachment":[{"href":"https:\/\/tuunerstuudio.ee\/ru\/wp-json\/wp\/v2\/media?parent=16129"}],"wp:term":[{"taxonomy":"product_brand","embeddable":true,"href":"https:\/\/tuunerstuudio.ee\/ru\/wp-json\/wp\/v2\/product_brand?post=16129"},{"taxonomy":"product_cat","embeddable":true,"href":"https:\/\/tuunerstuudio.ee\/ru\/wp-json\/wp\/v2\/product_cat?post=16129"},{"taxonomy":"product_tag","embeddable":true,"href":"https:\/\/tuunerstuudio.ee\/ru\/wp-json\/wp\/v2\/product_tag?post=16129"}],"curies":[{"name":"wp","href":"https:\/\/api.w.org\/{rel}","templated":true}]}}