{"id":13334,"date":"2024-10-11T15:23:06","date_gmt":"2024-10-11T12:23:06","guid":{"rendered":"https:\/\/tuunerstuudio.ee\/uuswp\/?post_type=product&#038;p=13334"},"modified":"2024-11-01T14:43:34","modified_gmt":"2024-11-01T12:43:34","slug":"bmw-m50-mootori-juhtmestik","status":"publish","type":"product","link":"https:\/\/tuunerstuudio.ee\/ru\/toode\/bmw-m50-mootori-juhtmestik\/","title":{"rendered":"BMW M50 mootori juhtmestik"},"content":{"rendered":"<p><a href=\"https:\/\/tuunerstuudio.ee\/wp-content\/uploads\/2024\/07\/3EA9E571-CAC3-4334-8B47-FFD9F367438C-scaled.jpeg\"><img loading=\"lazy\" decoding=\"async\" class=\" wd-lazy-fade alignnone wp-image-28268 size-medium\" src=\"https:\/\/tuunerstuudio.ee\/wp-content\/themes\/tuunerstuudio5\/images\/lazy.svg\" data-src=\"https:\/\/tuunerstuudio.ee\/wp-content\/uploads\/2024\/07\/3EA9E571-CAC3-4334-8B47-FFD9F367438C-225x300.jpeg\" alt=\"\" width=\"225\" height=\"300\" \/><\/a> <a href=\"https:\/\/tuunerstuudio.ee\/wp-content\/uploads\/2024\/07\/A3728AA4-058E-44F6-A1DD-984BCB54BCF4-scaled.jpeg\"><img loading=\"lazy\" decoding=\"async\" class=\" wd-lazy-fade alignnone wp-image-28263 size-medium\" src=\"https:\/\/tuunerstuudio.ee\/wp-content\/themes\/tuunerstuudio5\/images\/lazy.svg\" data-src=\"https:\/\/tuunerstuudio.ee\/wp-content\/uploads\/2024\/07\/A3728AA4-058E-44F6-A1DD-984BCB54BCF4-225x300.jpeg\" alt=\"\" width=\"225\" height=\"300\" \/><\/a> <a href=\"https:\/\/tuunerstuudio.ee\/wp-content\/uploads\/2024\/07\/759B4C3F-918F-4A15-9F9B-F14C602AA98E-scaled.jpeg\"><img loading=\"lazy\" decoding=\"async\" class=\" wd-lazy-fade alignnone wp-image-28267 size-medium\" src=\"https:\/\/tuunerstuudio.ee\/wp-content\/themes\/tuunerstuudio5\/images\/lazy.svg\" data-src=\"https:\/\/tuunerstuudio.ee\/wp-content\/uploads\/2024\/07\/759B4C3F-918F-4A15-9F9B-F14C602AA98E-225x300.jpeg\" alt=\"\" width=\"225\" height=\"300\" \/><\/a> <a href=\"https:\/\/tuunerstuudio.ee\/wp-content\/uploads\/2024\/07\/51709EA1-3A66-4534-9369-EA90CB29CBB5-scaled.jpeg\"><img loading=\"lazy\" decoding=\"async\" class=\" wd-lazy-fade alignnone wp-image-28266 size-medium\" src=\"https:\/\/tuunerstuudio.ee\/wp-content\/themes\/tuunerstuudio5\/images\/lazy.svg\" data-src=\"https:\/\/tuunerstuudio.ee\/wp-content\/uploads\/2024\/07\/51709EA1-3A66-4534-9369-EA90CB29CBB5-225x300.jpeg\" alt=\"\" width=\"225\" height=\"300\" \/><\/a> <a href=\"https:\/\/tuunerstuudio.ee\/wp-content\/uploads\/2024\/07\/52B2638D-25C6-43D2-9A4A-AFC57DC8EE1B-scaled.jpeg\"><img loading=\"lazy\" decoding=\"async\" class=\" wd-lazy-fade alignnone wp-image-28264 size-medium\" src=\"https:\/\/tuunerstuudio.ee\/wp-content\/themes\/tuunerstuudio5\/images\/lazy.svg\" data-src=\"https:\/\/tuunerstuudio.ee\/wp-content\/uploads\/2024\/07\/52B2638D-25C6-43D2-9A4A-AFC57DC8EE1B-225x300.jpeg\" alt=\"\" width=\"225\" height=\"300\" \/><\/a><\/p>\n","protected":false},"excerpt":{"rendered":"<p>EST<\/p>\n<p>Juhtmestik on valmistatud programmeeritavatele juhtajudele mis teeb paigalduse lihtsaks ja kiireks.<\/p>\n<p><strong>Juhtmestiku informatsioon<\/strong><\/p>\n<p>6x Vag-i punased s\u00fc\u00fctepoolid (<a href=\"https:\/\/tuunerstuudio.ee\/toode\/suutepool-ngk\/\">S\u00fc\u00fctepool<\/a>)<\/p>\n<p>6x pihustid<\/p>\n<p>2x Knock sensor (<a href=\"https:\/\/tuunerstuudio.ee\/toode\/detonatsiooni-andur-bosch\/\">Andur)<\/a><\/p>\n<p>IAT (<a href=\"https:\/\/tuunerstuudio.ee\/toode\/sissevoetava-ohu-andur-iat-andur\/\">IAT andur<\/a>)<\/p>\n<p>CLT (<a href=\"https:\/\/tuunerstuudio.ee\/toode\/jahutusvedeliku-temperatuuri-andur-m14x15\/\">CLT andur<\/a>)<\/p>\n<p>VVT<\/p>\n<p>TPS (v\u00f5imalik tellida ka DBW) (<a href=\"https:\/\/tuunerstuudio.ee\/toode\/drosselklapi-asendiandur\/\">TPS andur<\/a>)<\/p>\n<p>Lambda LSU 4.2 (v\u00f5imalik tellida ka 4.9) (<a href=\"https:\/\/tuunerstuudio.ee\/toode\/lambda-andur-lsu-4-2\/\">Lambda LSU 4.2)<\/a><\/p>\n<p>\u00d5lisurve\/temperatuuri anduri v\u00f5imalus ( <a href=\"https:\/\/tuunerstuudio.ee\/toode\/combined-pressure-and-temperature-sensor\/\">Andur<\/a>)<\/p>\n<p>K\u00fctusesurve\/temperatuuri anduri v\u00f5imalus (<a href=\"https:\/\/tuunerstuudio.ee\/toode\/combined-pressure-and-temperature-sensor\/\">Andur<\/a>)<\/p>\n<p>Nukkv\u00f5lli asendi andur<\/p>\n<p>V\u00e4ntv\u00f5lli andur<\/p>\n<p>Kui soov tellida koos juhtaju paigaldusega siis v\u00f5tke \u00fchendust info@tuunerstuudio.ee .<\/p>\n","protected":false},"featured_media":13362,"comment_status":"closed","ping_status":"closed","template":"","meta":[],"product_brand":[],"product_cat":[958,77,138],"product_tag":[],"class_list":{"0":"post-13334","1":"product","2":"type-product","3":"status-publish","4":"has-post-thumbnail","6":"product_cat-mootori-juhtmestikud","7":"product_cat-tuunerstuudio-tooted","8":"product_cat-engine-management","10":"first","11":"instock","12":"taxable","13":"shipping-taxable","14":"purchasable","15":"product-type-variable"},"yoast_head":"<!-- This site is optimized with the Yoast SEO plugin v26.9 - https:\/\/yoast.com\/product\/yoast-seo-wordpress\/ -->\n<title>BMW M50 mootori juhtmestik - TuunerStuudio<\/title>\n<meta name=\"robots\" content=\"index, follow, max-snippet:-1, max-image-preview:large, max-video-preview:-1\" \/>\n<link rel=\"canonical\" href=\"https:\/\/tuunerstuudio.ee\/ru\/toode\/bmw-m50-mootori-juhtmestik\/\" \/>\n<meta property=\"og:locale\" content=\"ru_RU\" \/>\n<meta property=\"og:type\" content=\"article\" \/>\n<meta property=\"og:title\" content=\"BMW M50 mootori juhtmestik - TuunerStuudio\" \/>\n<meta property=\"og:description\" content=\"EST  Juhtmestik on valmistatud programmeeritavatele juhtajudele mis teeb paigalduse lihtsaks ja kiireks.  Juhtmestiku informatsioon  6x Vag-i punased s\u00fc\u00fctepoolid (S\u00fc\u00fctepool)  6x pihustid  2x Knock sensor (Andur)  IAT (IAT andur)  CLT (CLT andur)  VVT  TPS (v\u00f5imalik tellida ka DBW) (TPS andur)  Lambda LSU 4.2 (v\u00f5imalik tellida ka 4.9) (Lambda LSU 4.2)  \u00d5lisurve\/temperatuuri anduri v\u00f5imalus ( Andur)  K\u00fctusesurve\/temperatuuri anduri v\u00f5imalus (Andur)  Nukkv\u00f5lli asendi andur  V\u00e4ntv\u00f5lli andur  Kui soov tellida koos juhtaju paigaldusega siis v\u00f5tke \u00fchendust info@tuunerstuudio.ee .\" \/>\n<meta property=\"og:url\" content=\"https:\/\/tuunerstuudio.ee\/ru\/toode\/bmw-m50-mootori-juhtmestik\/\" \/>\n<meta property=\"og:site_name\" content=\"TuunerStuudio\" \/>\n<meta property=\"article:modified_time\" content=\"2024-11-01T12:43:34+00:00\" \/>\n<meta property=\"og:image\" content=\"https:\/\/tuunerstuudio.ee\/wp-content\/uploads\/2024\/10\/M50-juhtmestik-scaled-1.jpeg\" \/>\n\t<meta property=\"og:image:width\" content=\"2560\" \/>\n\t<meta property=\"og:image:height\" content=\"1920\" \/>\n\t<meta property=\"og:image:type\" content=\"image\/jpeg\" \/>\n<meta name=\"twitter:card\" content=\"summary_large_image\" \/>\n<meta name=\"twitter:label1\" content=\"\u041f\u0440\u0438\u043c\u0435\u0440\u043d\u043e\u0435 \u0432\u0440\u0435\u043c\u044f \u0434\u043b\u044f \u0447\u0442\u0435\u043d\u0438\u044f\" \/>\n\t<meta name=\"twitter:data1\" content=\"2 \u043c\u0438\u043d\u0443\u0442\u044b\" \/>\n<script type=\"application\/ld+json\" class=\"yoast-schema-graph\">{\"@context\":\"https:\/\/schema.org\",\"@graph\":[{\"@type\":\"WebPage\",\"@id\":\"https:\/\/tuunerstuudio.ee\/ru\/toode\/bmw-m50-mootori-juhtmestik\/\",\"url\":\"https:\/\/tuunerstuudio.ee\/ru\/toode\/bmw-m50-mootori-juhtmestik\/\",\"name\":\"BMW M50 mootori juhtmestik - TuunerStuudio\",\"isPartOf\":{\"@id\":\"https:\/\/tuunerstuudio.ee\/ru\/#website\"},\"primaryImageOfPage\":{\"@id\":\"https:\/\/tuunerstuudio.ee\/ru\/toode\/bmw-m50-mootori-juhtmestik\/#primaryimage\"},\"image\":{\"@id\":\"https:\/\/tuunerstuudio.ee\/toode\/bmw-m50-mootori-juhtmestik\/#primaryimage\"},\"thumbnailUrl\":\"https:\/\/tuunerstuudio.ee\/wp-content\/uploads\/2024\/10\/M50-juhtmestik-scaled-1.jpeg\",\"datePublished\":\"2024-10-11T12:23:06+00:00\",\"dateModified\":\"2024-11-01T12:43:34+00:00\",\"breadcrumb\":{\"@id\":\"https:\/\/tuunerstuudio.ee\/ru\/toode\/bmw-m50-mootori-juhtmestik\/#breadcrumb\"},\"inLanguage\":\"ru-RU\",\"potentialAction\":[{\"@type\":\"ReadAction\",\"target\":[[\"https:\/\/tuunerstuudio.ee\/ru\/toode\/bmw-m50-mootori-juhtmestik\/\"]]}]},{\"@type\":\"ImageObject\",\"inLanguage\":\"ru-RU\",\"@id\":\"https:\/\/tuunerstuudio.ee\/ru\/toode\/bmw-m50-mootori-juhtmestik\/#primaryimage\",\"url\":\"https:\/\/tuunerstuudio.ee\/wp-content\/uploads\/2024\/10\/M50-juhtmestik-scaled-1.jpeg\",\"contentUrl\":\"https:\/\/tuunerstuudio.ee\/wp-content\/uploads\/2024\/10\/M50-juhtmestik-scaled-1.jpeg\",\"width\":2560,\"height\":1920},{\"@type\":\"BreadcrumbList\",\"@id\":\"https:\/\/tuunerstuudio.ee\/ru\/toode\/bmw-m50-mootori-juhtmestik\/#breadcrumb\",\"itemListElement\":[{\"@type\":\"ListItem\",\"position\":1,\"name\":\"Home\",\"item\":\"https:\/\/tuunerstuudio.ee\/ru\/\"},{\"@type\":\"ListItem\",\"position\":2,\"name\":\"Tooted\",\"item\":\"https:\/\/www.tuunerstuudio.ee\/tooted\/\"},{\"@type\":\"ListItem\",\"position\":3,\"name\":\"BMW M50 mootori juhtmestik\"}]},{\"@type\":\"WebSite\",\"@id\":\"https:\/\/tuunerstuudio.ee\/ru\/#website\",\"url\":\"https:\/\/tuunerstuudio.ee\/ru\/\",\"name\":\"tuunerstuudio\",\"description\":\"\",\"potentialAction\":[{\"@type\":\"SearchAction\",\"target\":{\"@type\":\"EntryPoint\",\"urlTemplate\":\"https:\/\/tuunerstuudio.ee\/ru\/?s={search_term_string}\"},\"query-input\":{\"@type\":\"PropertyValueSpecification\",\"valueRequired\":true,\"valueName\":\"search_term_string\"}}],\"inLanguage\":\"ru-RU\"}]}<\/script>\n<!-- \/ Yoast SEO plugin. -->","yoast_head_json":{"title":"BMW M50 mootori juhtmestik - TuunerStuudio","robots":{"index":"index","follow":"follow","max-snippet":"max-snippet:-1","max-image-preview":"max-image-preview:large","max-video-preview":"max-video-preview:-1"},"canonical":"https:\/\/tuunerstuudio.ee\/ru\/toode\/bmw-m50-mootori-juhtmestik\/","og_locale":"ru_RU","og_type":"article","og_title":"BMW M50 mootori juhtmestik - TuunerStuudio","og_description":"EST  Juhtmestik on valmistatud programmeeritavatele juhtajudele mis teeb paigalduse lihtsaks ja kiireks.  Juhtmestiku informatsioon  6x Vag-i punased s\u00fc\u00fctepoolid (S\u00fc\u00fctepool)  6x pihustid  2x Knock sensor (Andur)  IAT (IAT andur)  CLT (CLT andur)  VVT  TPS (v\u00f5imalik tellida ka DBW) (TPS andur)  Lambda LSU 4.2 (v\u00f5imalik tellida ka 4.9) (Lambda LSU 4.2)  \u00d5lisurve\/temperatuuri anduri v\u00f5imalus ( Andur)  K\u00fctusesurve\/temperatuuri anduri v\u00f5imalus (Andur)  Nukkv\u00f5lli asendi andur  V\u00e4ntv\u00f5lli andur  Kui soov tellida koos juhtaju paigaldusega siis v\u00f5tke \u00fchendust info@tuunerstuudio.ee .","og_url":"https:\/\/tuunerstuudio.ee\/ru\/toode\/bmw-m50-mootori-juhtmestik\/","og_site_name":"TuunerStuudio","article_modified_time":"2024-11-01T12:43:34+00:00","og_image":[{"width":2560,"height":1920,"url":"https:\/\/tuunerstuudio.ee\/wp-content\/uploads\/2024\/10\/M50-juhtmestik-scaled-1.jpeg","type":"image\/jpeg"}],"twitter_card":"summary_large_image","twitter_misc":{"\u041f\u0440\u0438\u043c\u0435\u0440\u043d\u043e\u0435 \u0432\u0440\u0435\u043c\u044f \u0434\u043b\u044f \u0447\u0442\u0435\u043d\u0438\u044f":"2 \u043c\u0438\u043d\u0443\u0442\u044b"},"schema":{"@context":"https:\/\/schema.org","@graph":[{"@type":"WebPage","@id":"https:\/\/tuunerstuudio.ee\/ru\/toode\/bmw-m50-mootori-juhtmestik\/","url":"https:\/\/tuunerstuudio.ee\/ru\/toode\/bmw-m50-mootori-juhtmestik\/","name":"BMW M50 mootori juhtmestik - TuunerStuudio","isPartOf":{"@id":"https:\/\/tuunerstuudio.ee\/ru\/#website"},"primaryImageOfPage":{"@id":"https:\/\/tuunerstuudio.ee\/ru\/toode\/bmw-m50-mootori-juhtmestik\/#primaryimage"},"image":{"@id":"https:\/\/tuunerstuudio.ee\/toode\/bmw-m50-mootori-juhtmestik\/#primaryimage"},"thumbnailUrl":"https:\/\/tuunerstuudio.ee\/wp-content\/uploads\/2024\/10\/M50-juhtmestik-scaled-1.jpeg","datePublished":"2024-10-11T12:23:06+00:00","dateModified":"2024-11-01T12:43:34+00:00","breadcrumb":{"@id":"https:\/\/tuunerstuudio.ee\/ru\/toode\/bmw-m50-mootori-juhtmestik\/#breadcrumb"},"inLanguage":"ru-RU","potentialAction":[{"@type":"ReadAction","target":[["https:\/\/tuunerstuudio.ee\/ru\/toode\/bmw-m50-mootori-juhtmestik\/"]]}]},{"@type":"ImageObject","inLanguage":"ru-RU","@id":"https:\/\/tuunerstuudio.ee\/ru\/toode\/bmw-m50-mootori-juhtmestik\/#primaryimage","url":"https:\/\/tuunerstuudio.ee\/wp-content\/uploads\/2024\/10\/M50-juhtmestik-scaled-1.jpeg","contentUrl":"https:\/\/tuunerstuudio.ee\/wp-content\/uploads\/2024\/10\/M50-juhtmestik-scaled-1.jpeg","width":2560,"height":1920},{"@type":"BreadcrumbList","@id":"https:\/\/tuunerstuudio.ee\/ru\/toode\/bmw-m50-mootori-juhtmestik\/#breadcrumb","itemListElement":[{"@type":"ListItem","position":1,"name":"Home","item":"https:\/\/tuunerstuudio.ee\/ru\/"},{"@type":"ListItem","position":2,"name":"Tooted","item":"https:\/\/www.tuunerstuudio.ee\/tooted\/"},{"@type":"ListItem","position":3,"name":"BMW M50 mootori juhtmestik"}]},{"@type":"WebSite","@id":"https:\/\/tuunerstuudio.ee\/ru\/#website","url":"https:\/\/tuunerstuudio.ee\/ru\/","name":"tuunerstuudio","description":"","potentialAction":[{"@type":"SearchAction","target":{"@type":"EntryPoint","urlTemplate":"https:\/\/tuunerstuudio.ee\/ru\/?s={search_term_string}"},"query-input":{"@type":"PropertyValueSpecification","valueRequired":true,"valueName":"search_term_string"}}],"inLanguage":"ru-RU"}]}},"_links":{"self":[{"href":"https:\/\/tuunerstuudio.ee\/ru\/wp-json\/wp\/v2\/product\/13334","targetHints":{"allow":["GET"]}}],"collection":[{"href":"https:\/\/tuunerstuudio.ee\/ru\/wp-json\/wp\/v2\/product"}],"about":[{"href":"https:\/\/tuunerstuudio.ee\/ru\/wp-json\/wp\/v2\/types\/product"}],"replies":[{"embeddable":true,"href":"https:\/\/tuunerstuudio.ee\/ru\/wp-json\/wp\/v2\/comments?post=13334"}],"wp:featuredmedia":[{"embeddable":true,"href":"https:\/\/tuunerstuudio.ee\/ru\/wp-json\/wp\/v2\/media\/13362"}],"wp:attachment":[{"href":"https:\/\/tuunerstuudio.ee\/ru\/wp-json\/wp\/v2\/media?parent=13334"}],"wp:term":[{"taxonomy":"product_brand","embeddable":true,"href":"https:\/\/tuunerstuudio.ee\/ru\/wp-json\/wp\/v2\/product_brand?post=13334"},{"taxonomy":"product_cat","embeddable":true,"href":"https:\/\/tuunerstuudio.ee\/ru\/wp-json\/wp\/v2\/product_cat?post=13334"},{"taxonomy":"product_tag","embeddable":true,"href":"https:\/\/tuunerstuudio.ee\/ru\/wp-json\/wp\/v2\/product_tag?post=13334"}],"curies":[{"name":"wp","href":"https:\/\/api.w.org\/{rel}","templated":true}]}}