{"id":13275,"date":"2024-10-11T15:22:51","date_gmt":"2024-10-11T12:22:51","guid":{"rendered":"https:\/\/tuunerstuudio.ee\/uuswp\/?post_type=product&#038;p=13275"},"modified":"2024-10-11T15:22:55","modified_gmt":"2024-10-11T12:22:55","slug":"irp-hudrauliline-kasipidur-no2","status":"publish","type":"product","link":"https:\/\/tuunerstuudio.ee\/ru\/toode\/irp-hudrauliline-kasipidur-no2\/","title":{"rendered":"IRP h\u00fcdrauliline k\u00e4sipidur (No2)"},"content":{"rendered":"","protected":false},"excerpt":{"rendered":"<ul>\n<li>Raam on valmistatud tsingitud terasest<\/li>\n<li>Komplekti kuulub: 1x H\u00fcdrauliline k\u00e4sipur ja 1x Wilwood 0,625 silinder<\/li>\n<\/ul>\n","protected":false},"featured_media":13297,"comment_status":"closed","ping_status":"closed","template":"","meta":[],"product_brand":[],"product_cat":[47,154,777],"product_tag":[],"class_list":{"0":"post-13275","1":"product","2":"type-product","3":"status-publish","4":"has-post-thumbnail","6":"product_cat-pidurid","7":"product_cat-hudraulilised-kasipidurid","8":"product_cat-irp-individual-racing-parts","10":"first","11":"onbackorder","12":"taxable","13":"shipping-taxable","14":"purchasable","15":"product-type-simple"},"yoast_head":"<!-- This site is optimized with the Yoast SEO plugin v26.9 - https:\/\/yoast.com\/product\/yoast-seo-wordpress\/ -->\n<title>IRP h\u00fcdrauliline k\u00e4sipidur (No2) - TuunerStuudio<\/title>\n<meta name=\"robots\" content=\"index, follow, max-snippet:-1, max-image-preview:large, max-video-preview:-1\" \/>\n<link rel=\"canonical\" href=\"https:\/\/tuunerstuudio.ee\/ru\/toode\/irp-hudrauliline-kasipidur-no2\/\" \/>\n<meta property=\"og:locale\" content=\"ru_RU\" \/>\n<meta property=\"og:type\" content=\"article\" \/>\n<meta property=\"og:title\" content=\"IRP h\u00fcdrauliline k\u00e4sipidur (No2) - TuunerStuudio\" \/>\n<meta property=\"og:description\" content=\"Raam on valmistatud tsingitud terasest  Komplekti kuulub: 1x H\u00fcdrauliline k\u00e4sipur ja 1x Wilwood 0,625 silinder\" \/>\n<meta property=\"og:url\" content=\"https:\/\/tuunerstuudio.ee\/ru\/toode\/irp-hudrauliline-kasipidur-no2\/\" \/>\n<meta property=\"og:site_name\" content=\"TuunerStuudio\" \/>\n<meta property=\"article:modified_time\" content=\"2024-10-11T12:22:55+00:00\" \/>\n<meta property=\"og:image\" content=\"https:\/\/tuunerstuudio.ee\/wp-content\/uploads\/2024\/10\/IRP-Hydraulic-handbrake-No2.webp\" \/>\n\t<meta property=\"og:image:width\" content=\"640\" \/>\n\t<meta property=\"og:image:height\" content=\"428\" \/>\n\t<meta property=\"og:image:type\" content=\"image\/webp\" \/>\n<meta name=\"twitter:card\" content=\"summary_large_image\" \/>\n<meta name=\"twitter:label1\" content=\"\u041f\u0440\u0438\u043c\u0435\u0440\u043d\u043e\u0435 \u0432\u0440\u0435\u043c\u044f \u0434\u043b\u044f \u0447\u0442\u0435\u043d\u0438\u044f\" \/>\n\t<meta name=\"twitter:data1\" content=\"1 \u043c\u0438\u043d\u0443\u0442\u0430\" \/>\n<script type=\"application\/ld+json\" class=\"yoast-schema-graph\">{\"@context\":\"https:\/\/schema.org\",\"@graph\":[{\"@type\":\"WebPage\",\"@id\":\"https:\/\/tuunerstuudio.ee\/ru\/toode\/irp-hudrauliline-kasipidur-no2\/\",\"url\":\"https:\/\/tuunerstuudio.ee\/ru\/toode\/irp-hudrauliline-kasipidur-no2\/\",\"name\":\"IRP h\u00fcdrauliline k\u00e4sipidur (No2) - TuunerStuudio\",\"isPartOf\":{\"@id\":\"https:\/\/tuunerstuudio.ee\/ru\/#website\"},\"primaryImageOfPage\":{\"@id\":\"https:\/\/tuunerstuudio.ee\/ru\/toode\/irp-hudrauliline-kasipidur-no2\/#primaryimage\"},\"image\":{\"@id\":\"https:\/\/tuunerstuudio.ee\/toode\/irp-hudrauliline-kasipidur-no2\/#primaryimage\"},\"thumbnailUrl\":\"https:\/\/tuunerstuudio.ee\/wp-content\/uploads\/2024\/10\/IRP-Hydraulic-handbrake-No2.webp\",\"datePublished\":\"2024-10-11T12:22:51+00:00\",\"dateModified\":\"2024-10-11T12:22:55+00:00\",\"breadcrumb\":{\"@id\":\"https:\/\/tuunerstuudio.ee\/ru\/toode\/irp-hudrauliline-kasipidur-no2\/#breadcrumb\"},\"inLanguage\":\"ru-RU\",\"potentialAction\":[{\"@type\":\"ReadAction\",\"target\":[[\"https:\/\/tuunerstuudio.ee\/ru\/toode\/irp-hudrauliline-kasipidur-no2\/\"]]}]},{\"@type\":\"ImageObject\",\"inLanguage\":\"ru-RU\",\"@id\":\"https:\/\/tuunerstuudio.ee\/ru\/toode\/irp-hudrauliline-kasipidur-no2\/#primaryimage\",\"url\":\"https:\/\/tuunerstuudio.ee\/wp-content\/uploads\/2024\/10\/IRP-Hydraulic-handbrake-No2.webp\",\"contentUrl\":\"https:\/\/tuunerstuudio.ee\/wp-content\/uploads\/2024\/10\/IRP-Hydraulic-handbrake-No2.webp\",\"width\":640,\"height\":428},{\"@type\":\"BreadcrumbList\",\"@id\":\"https:\/\/tuunerstuudio.ee\/ru\/toode\/irp-hudrauliline-kasipidur-no2\/#breadcrumb\",\"itemListElement\":[{\"@type\":\"ListItem\",\"position\":1,\"name\":\"Home\",\"item\":\"https:\/\/tuunerstuudio.ee\/ru\/\"},{\"@type\":\"ListItem\",\"position\":2,\"name\":\"Tooted\",\"item\":\"https:\/\/www.tuunerstuudio.ee\/tooted\/\"},{\"@type\":\"ListItem\",\"position\":3,\"name\":\"IRP h\u00fcdrauliline k\u00e4sipidur (No2)\"}]},{\"@type\":\"WebSite\",\"@id\":\"https:\/\/tuunerstuudio.ee\/ru\/#website\",\"url\":\"https:\/\/tuunerstuudio.ee\/ru\/\",\"name\":\"tuunerstuudio\",\"description\":\"\",\"potentialAction\":[{\"@type\":\"SearchAction\",\"target\":{\"@type\":\"EntryPoint\",\"urlTemplate\":\"https:\/\/tuunerstuudio.ee\/ru\/?s={search_term_string}\"},\"query-input\":{\"@type\":\"PropertyValueSpecification\",\"valueRequired\":true,\"valueName\":\"search_term_string\"}}],\"inLanguage\":\"ru-RU\"}]}<\/script>\n<!-- \/ Yoast SEO plugin. -->","yoast_head_json":{"title":"IRP h\u00fcdrauliline k\u00e4sipidur (No2) - TuunerStuudio","robots":{"index":"index","follow":"follow","max-snippet":"max-snippet:-1","max-image-preview":"max-image-preview:large","max-video-preview":"max-video-preview:-1"},"canonical":"https:\/\/tuunerstuudio.ee\/ru\/toode\/irp-hudrauliline-kasipidur-no2\/","og_locale":"ru_RU","og_type":"article","og_title":"IRP h\u00fcdrauliline k\u00e4sipidur (No2) - TuunerStuudio","og_description":"Raam on valmistatud tsingitud terasest  Komplekti kuulub: 1x H\u00fcdrauliline k\u00e4sipur ja 1x Wilwood 0,625 silinder","og_url":"https:\/\/tuunerstuudio.ee\/ru\/toode\/irp-hudrauliline-kasipidur-no2\/","og_site_name":"TuunerStuudio","article_modified_time":"2024-10-11T12:22:55+00:00","og_image":[{"width":640,"height":428,"url":"https:\/\/tuunerstuudio.ee\/wp-content\/uploads\/2024\/10\/IRP-Hydraulic-handbrake-No2.webp","type":"image\/webp"}],"twitter_card":"summary_large_image","twitter_misc":{"\u041f\u0440\u0438\u043c\u0435\u0440\u043d\u043e\u0435 \u0432\u0440\u0435\u043c\u044f \u0434\u043b\u044f \u0447\u0442\u0435\u043d\u0438\u044f":"1 \u043c\u0438\u043d\u0443\u0442\u0430"},"schema":{"@context":"https:\/\/schema.org","@graph":[{"@type":"WebPage","@id":"https:\/\/tuunerstuudio.ee\/ru\/toode\/irp-hudrauliline-kasipidur-no2\/","url":"https:\/\/tuunerstuudio.ee\/ru\/toode\/irp-hudrauliline-kasipidur-no2\/","name":"IRP h\u00fcdrauliline k\u00e4sipidur (No2) - TuunerStuudio","isPartOf":{"@id":"https:\/\/tuunerstuudio.ee\/ru\/#website"},"primaryImageOfPage":{"@id":"https:\/\/tuunerstuudio.ee\/ru\/toode\/irp-hudrauliline-kasipidur-no2\/#primaryimage"},"image":{"@id":"https:\/\/tuunerstuudio.ee\/toode\/irp-hudrauliline-kasipidur-no2\/#primaryimage"},"thumbnailUrl":"https:\/\/tuunerstuudio.ee\/wp-content\/uploads\/2024\/10\/IRP-Hydraulic-handbrake-No2.webp","datePublished":"2024-10-11T12:22:51+00:00","dateModified":"2024-10-11T12:22:55+00:00","breadcrumb":{"@id":"https:\/\/tuunerstuudio.ee\/ru\/toode\/irp-hudrauliline-kasipidur-no2\/#breadcrumb"},"inLanguage":"ru-RU","potentialAction":[{"@type":"ReadAction","target":[["https:\/\/tuunerstuudio.ee\/ru\/toode\/irp-hudrauliline-kasipidur-no2\/"]]}]},{"@type":"ImageObject","inLanguage":"ru-RU","@id":"https:\/\/tuunerstuudio.ee\/ru\/toode\/irp-hudrauliline-kasipidur-no2\/#primaryimage","url":"https:\/\/tuunerstuudio.ee\/wp-content\/uploads\/2024\/10\/IRP-Hydraulic-handbrake-No2.webp","contentUrl":"https:\/\/tuunerstuudio.ee\/wp-content\/uploads\/2024\/10\/IRP-Hydraulic-handbrake-No2.webp","width":640,"height":428},{"@type":"BreadcrumbList","@id":"https:\/\/tuunerstuudio.ee\/ru\/toode\/irp-hudrauliline-kasipidur-no2\/#breadcrumb","itemListElement":[{"@type":"ListItem","position":1,"name":"Home","item":"https:\/\/tuunerstuudio.ee\/ru\/"},{"@type":"ListItem","position":2,"name":"Tooted","item":"https:\/\/www.tuunerstuudio.ee\/tooted\/"},{"@type":"ListItem","position":3,"name":"IRP h\u00fcdrauliline k\u00e4sipidur (No2)"}]},{"@type":"WebSite","@id":"https:\/\/tuunerstuudio.ee\/ru\/#website","url":"https:\/\/tuunerstuudio.ee\/ru\/","name":"tuunerstuudio","description":"","potentialAction":[{"@type":"SearchAction","target":{"@type":"EntryPoint","urlTemplate":"https:\/\/tuunerstuudio.ee\/ru\/?s={search_term_string}"},"query-input":{"@type":"PropertyValueSpecification","valueRequired":true,"valueName":"search_term_string"}}],"inLanguage":"ru-RU"}]}},"_links":{"self":[{"href":"https:\/\/tuunerstuudio.ee\/ru\/wp-json\/wp\/v2\/product\/13275","targetHints":{"allow":["GET"]}}],"collection":[{"href":"https:\/\/tuunerstuudio.ee\/ru\/wp-json\/wp\/v2\/product"}],"about":[{"href":"https:\/\/tuunerstuudio.ee\/ru\/wp-json\/wp\/v2\/types\/product"}],"replies":[{"embeddable":true,"href":"https:\/\/tuunerstuudio.ee\/ru\/wp-json\/wp\/v2\/comments?post=13275"}],"wp:featuredmedia":[{"embeddable":true,"href":"https:\/\/tuunerstuudio.ee\/ru\/wp-json\/wp\/v2\/media\/13297"}],"wp:attachment":[{"href":"https:\/\/tuunerstuudio.ee\/ru\/wp-json\/wp\/v2\/media?parent=13275"}],"wp:term":[{"taxonomy":"product_brand","embeddable":true,"href":"https:\/\/tuunerstuudio.ee\/ru\/wp-json\/wp\/v2\/product_brand?post=13275"},{"taxonomy":"product_cat","embeddable":true,"href":"https:\/\/tuunerstuudio.ee\/ru\/wp-json\/wp\/v2\/product_cat?post=13275"},{"taxonomy":"product_tag","embeddable":true,"href":"https:\/\/tuunerstuudio.ee\/ru\/wp-json\/wp\/v2\/product_tag?post=13275"}],"curies":[{"name":"wp","href":"https:\/\/api.w.org\/{rel}","templated":true}]}}