{"id":13129,"date":"2024-10-11T15:22:05","date_gmt":"2024-10-11T12:22:05","guid":{"rendered":"https:\/\/tuunerstuudio.ee\/uuswp\/?post_type=product&#038;p=13129"},"modified":"2024-10-11T15:22:10","modified_gmt":"2024-10-11T12:22:10","slug":"phormula-ks-4-knock-monitori-seade","status":"publish","type":"product","link":"https:\/\/tuunerstuudio.ee\/ru\/toode\/phormula-ks-4-knock-monitori-seade\/","title":{"rendered":"Phormula KS-4 Knock monitori seade"},"content":{"rendered":"","protected":false},"excerpt":{"rendered":"<p id=\"tw-target-text\" class=\"tw-data-text tw-text-large tw-ta\" dir=\"ltr\" data-placeholder=\"T\u00f5lge\" aria-label=\"T\u00f5lgitud tekst\" data-ved=\"2ahUKEwj2mKnIwKiHAxUGDRAIHZKhCtQQ3ewLegQIBRAU\"><span class=\"Y2IQFc\" lang=\"et\">Revolutsiooniline Phormula KS-4 knocki j\u00e4lgimise seade on meie k\u00f5ige arenenum knocki tuvastamise s\u00fcsteem. Pakub k\u00f5iki KS-3 suurep\u00e4raseid funktsioone lisaks t\u00e4ielikult konfigureeritavale 0-5v v\u00e4ljundile ja kaugh\u00e4irefunktsioonile, mis v\u00f5imaldab KS-4-l k\u00e4ivitada v\u00e4lise hoiatuss\u00fcsteemi. <\/span><\/p>\n<ul>\n<li class=\"tw-data-text tw-text-large tw-ta\" dir=\"ltr\" data-placeholder=\"T\u00f5lge\" aria-label=\"T\u00f5lgitud tekst\" data-ved=\"2ahUKEwj2mKnIwKiHAxUGDRAIHZKhCtQQ3ewLegQIBRAU\"><span class=\"Y2IQFc\" lang=\"et\">Komplekt sisaldab: andurit ja 3-meetrist andurikaablit.<\/span><\/li>\n<li id=\"tw-target-text\" class=\"tw-data-text tw-text-large tw-ta\" dir=\"ltr\" data-placeholder=\"T\u00f5lge\" aria-label=\"T\u00f5lgitud tekst\" data-ved=\"2ahUKEwj2mKnIwKiHAxUGDRAIHZKhCtQQ3ewLegQIBRAU\"><span class=\"Y2IQFc\" lang=\"et\">LCD ekraan<\/span><\/li>\n<li class=\"tw-data-text tw-text-large tw-ta\" dir=\"ltr\" data-placeholder=\"T\u00f5lge\" aria-label=\"T\u00f5lgitud tekst\" data-ved=\"2ahUKEwj2mKnIwKiHAxUGDRAIHZKhCtQQ3ewLegQIBRAU\"><span class=\"Y2IQFc\" lang=\"et\">Visuaalsed ja helilised hoiatused<\/span><\/li>\n<li class=\"tw-data-text tw-text-large tw-ta\" dir=\"ltr\" data-placeholder=\"T\u00f5lge\" aria-label=\"T\u00f5lgitud tekst\" data-ved=\"2ahUKEwj2mKnIwKiHAxUGDRAIHZKhCtQQ3ewLegQIBRAU\"><span class=\"Y2IQFc\" lang=\"et\">Tulpdiagramm ja numbriline ekraan<\/span><\/li>\n<li class=\"tw-data-text tw-text-large tw-ta\" dir=\"ltr\" data-placeholder=\"T\u00f5lge\" aria-label=\"T\u00f5lgitud tekst\" data-ved=\"2ahUKEwj2mKnIwKiHAxUGDRAIHZKhCtQQ3ewLegQIBRAU\"><span class=\"Y2IQFc\" lang=\"et\">Kvaliteetne anodeeritud alumiiniumist korpus <\/span><\/li>\n<li class=\"tw-data-text tw-text-large tw-ta\" dir=\"ltr\" data-placeholder=\"T\u00f5lge\" aria-label=\"T\u00f5lgitud tekst\" data-ved=\"2ahUKEwj2mKnIwKiHAxUGDRAIHZKhCtQQ3ewLegQIBRAU\"><span class=\"Y2IQFc\" lang=\"et\">0-5v andmev\u00e4ljund andmelogimiseks <\/span><\/li>\n<\/ul>\n","protected":false},"featured_media":13159,"comment_status":"closed","ping_status":"closed","template":"","meta":[],"product_brand":[],"product_cat":[51,745],"product_tag":[],"class_list":{"0":"post-13129","1":"product","2":"type-product","3":"status-publish","4":"has-post-thumbnail","6":"product_cat-juhtajud","7":"product_cat-knock-tuvastus-susteemid","9":"first","10":"onbackorder","11":"taxable","12":"shipping-taxable","13":"purchasable","14":"product-type-simple"},"yoast_head":"<!-- This site is optimized with the Yoast SEO plugin v26.9 - https:\/\/yoast.com\/product\/yoast-seo-wordpress\/ -->\n<title>Phormula KS-4 Knock monitori seade - TuunerStuudio<\/title>\n<meta name=\"robots\" content=\"index, follow, max-snippet:-1, max-image-preview:large, max-video-preview:-1\" \/>\n<link rel=\"canonical\" href=\"https:\/\/tuunerstuudio.ee\/ru\/toode\/phormula-ks-4-knock-monitori-seade\/\" \/>\n<meta property=\"og:locale\" content=\"ru_RU\" \/>\n<meta property=\"og:type\" content=\"article\" \/>\n<meta property=\"og:title\" content=\"Phormula KS-4 Knock monitori seade - TuunerStuudio\" \/>\n<meta property=\"og:description\" content=\"Revolutsiooniline Phormula KS-4 knocki j\u00e4lgimise seade on meie k\u00f5ige arenenum knocki tuvastamise s\u00fcsteem. Pakub k\u00f5iki KS-3 suurep\u00e4raseid funktsioone lisaks t\u00e4ielikult konfigureeritavale 0-5v v\u00e4ljundile ja kaugh\u00e4irefunktsioonile, mis v\u00f5imaldab KS-4-l k\u00e4ivitada v\u00e4lise hoiatuss\u00fcsteemi.     Komplekt sisaldab: andurit ja 3-meetrist andurikaablit.  LCD ekraan  Visuaalsed ja helilised hoiatused  Tulpdiagramm ja numbriline ekraan  Kvaliteetne anodeeritud alumiiniumist korpus   0-5v andmev\u00e4ljund andmelogimiseks\" \/>\n<meta property=\"og:url\" content=\"https:\/\/tuunerstuudio.ee\/ru\/toode\/phormula-ks-4-knock-monitori-seade\/\" \/>\n<meta property=\"og:site_name\" content=\"TuunerStuudio\" \/>\n<meta property=\"article:modified_time\" content=\"2024-10-11T12:22:10+00:00\" \/>\n<meta property=\"og:image\" content=\"https:\/\/tuunerstuudio.ee\/wp-content\/uploads\/2024\/10\/Phormula-KS4-Knock-Detection.webp\" \/>\n\t<meta property=\"og:image:width\" content=\"600\" \/>\n\t<meta property=\"og:image:height\" content=\"600\" \/>\n\t<meta property=\"og:image:type\" content=\"image\/webp\" \/>\n<meta name=\"twitter:card\" content=\"summary_large_image\" \/>\n<meta name=\"twitter:label1\" content=\"\u041f\u0440\u0438\u043c\u0435\u0440\u043d\u043e\u0435 \u0432\u0440\u0435\u043c\u044f \u0434\u043b\u044f \u0447\u0442\u0435\u043d\u0438\u044f\" \/>\n\t<meta name=\"twitter:data1\" content=\"1 \u043c\u0438\u043d\u0443\u0442\u0430\" \/>\n<script type=\"application\/ld+json\" class=\"yoast-schema-graph\">{\"@context\":\"https:\/\/schema.org\",\"@graph\":[{\"@type\":\"WebPage\",\"@id\":\"https:\/\/tuunerstuudio.ee\/ru\/toode\/phormula-ks-4-knock-monitori-seade\/\",\"url\":\"https:\/\/tuunerstuudio.ee\/ru\/toode\/phormula-ks-4-knock-monitori-seade\/\",\"name\":\"Phormula KS-4 Knock monitori seade - TuunerStuudio\",\"isPartOf\":{\"@id\":\"https:\/\/tuunerstuudio.ee\/ru\/#website\"},\"primaryImageOfPage\":{\"@id\":\"https:\/\/tuunerstuudio.ee\/ru\/toode\/phormula-ks-4-knock-monitori-seade\/#primaryimage\"},\"image\":{\"@id\":\"https:\/\/tuunerstuudio.ee\/toode\/phormula-ks-4-knock-monitori-seade\/#primaryimage\"},\"thumbnailUrl\":\"https:\/\/tuunerstuudio.ee\/wp-content\/uploads\/2024\/10\/Phormula-KS4-Knock-Detection.webp\",\"datePublished\":\"2024-10-11T12:22:05+00:00\",\"dateModified\":\"2024-10-11T12:22:10+00:00\",\"breadcrumb\":{\"@id\":\"https:\/\/tuunerstuudio.ee\/ru\/toode\/phormula-ks-4-knock-monitori-seade\/#breadcrumb\"},\"inLanguage\":\"ru-RU\",\"potentialAction\":[{\"@type\":\"ReadAction\",\"target\":[[\"https:\/\/tuunerstuudio.ee\/ru\/toode\/phormula-ks-4-knock-monitori-seade\/\"]]}]},{\"@type\":\"ImageObject\",\"inLanguage\":\"ru-RU\",\"@id\":\"https:\/\/tuunerstuudio.ee\/ru\/toode\/phormula-ks-4-knock-monitori-seade\/#primaryimage\",\"url\":\"https:\/\/tuunerstuudio.ee\/wp-content\/uploads\/2024\/10\/Phormula-KS4-Knock-Detection.webp\",\"contentUrl\":\"https:\/\/tuunerstuudio.ee\/wp-content\/uploads\/2024\/10\/Phormula-KS4-Knock-Detection.webp\",\"width\":600,\"height\":600},{\"@type\":\"BreadcrumbList\",\"@id\":\"https:\/\/tuunerstuudio.ee\/ru\/toode\/phormula-ks-4-knock-monitori-seade\/#breadcrumb\",\"itemListElement\":[{\"@type\":\"ListItem\",\"position\":1,\"name\":\"Home\",\"item\":\"https:\/\/tuunerstuudio.ee\/ru\/\"},{\"@type\":\"ListItem\",\"position\":2,\"name\":\"Tooted\",\"item\":\"https:\/\/www.tuunerstuudio.ee\/tooted\/\"},{\"@type\":\"ListItem\",\"position\":3,\"name\":\"Phormula KS-4 Knock monitori seade\"}]},{\"@type\":\"WebSite\",\"@id\":\"https:\/\/tuunerstuudio.ee\/ru\/#website\",\"url\":\"https:\/\/tuunerstuudio.ee\/ru\/\",\"name\":\"tuunerstuudio\",\"description\":\"\",\"potentialAction\":[{\"@type\":\"SearchAction\",\"target\":{\"@type\":\"EntryPoint\",\"urlTemplate\":\"https:\/\/tuunerstuudio.ee\/ru\/?s={search_term_string}\"},\"query-input\":{\"@type\":\"PropertyValueSpecification\",\"valueRequired\":true,\"valueName\":\"search_term_string\"}}],\"inLanguage\":\"ru-RU\"}]}<\/script>\n<!-- \/ Yoast SEO plugin. -->","yoast_head_json":{"title":"Phormula KS-4 Knock monitori seade - TuunerStuudio","robots":{"index":"index","follow":"follow","max-snippet":"max-snippet:-1","max-image-preview":"max-image-preview:large","max-video-preview":"max-video-preview:-1"},"canonical":"https:\/\/tuunerstuudio.ee\/ru\/toode\/phormula-ks-4-knock-monitori-seade\/","og_locale":"ru_RU","og_type":"article","og_title":"Phormula KS-4 Knock monitori seade - TuunerStuudio","og_description":"Revolutsiooniline Phormula KS-4 knocki j\u00e4lgimise seade on meie k\u00f5ige arenenum knocki tuvastamise s\u00fcsteem. Pakub k\u00f5iki KS-3 suurep\u00e4raseid funktsioone lisaks t\u00e4ielikult konfigureeritavale 0-5v v\u00e4ljundile ja kaugh\u00e4irefunktsioonile, mis v\u00f5imaldab KS-4-l k\u00e4ivitada v\u00e4lise hoiatuss\u00fcsteemi.     Komplekt sisaldab: andurit ja 3-meetrist andurikaablit.  LCD ekraan  Visuaalsed ja helilised hoiatused  Tulpdiagramm ja numbriline ekraan  Kvaliteetne anodeeritud alumiiniumist korpus   0-5v andmev\u00e4ljund andmelogimiseks","og_url":"https:\/\/tuunerstuudio.ee\/ru\/toode\/phormula-ks-4-knock-monitori-seade\/","og_site_name":"TuunerStuudio","article_modified_time":"2024-10-11T12:22:10+00:00","og_image":[{"width":600,"height":600,"url":"https:\/\/tuunerstuudio.ee\/wp-content\/uploads\/2024\/10\/Phormula-KS4-Knock-Detection.webp","type":"image\/webp"}],"twitter_card":"summary_large_image","twitter_misc":{"\u041f\u0440\u0438\u043c\u0435\u0440\u043d\u043e\u0435 \u0432\u0440\u0435\u043c\u044f \u0434\u043b\u044f \u0447\u0442\u0435\u043d\u0438\u044f":"1 \u043c\u0438\u043d\u0443\u0442\u0430"},"schema":{"@context":"https:\/\/schema.org","@graph":[{"@type":"WebPage","@id":"https:\/\/tuunerstuudio.ee\/ru\/toode\/phormula-ks-4-knock-monitori-seade\/","url":"https:\/\/tuunerstuudio.ee\/ru\/toode\/phormula-ks-4-knock-monitori-seade\/","name":"Phormula KS-4 Knock monitori seade - TuunerStuudio","isPartOf":{"@id":"https:\/\/tuunerstuudio.ee\/ru\/#website"},"primaryImageOfPage":{"@id":"https:\/\/tuunerstuudio.ee\/ru\/toode\/phormula-ks-4-knock-monitori-seade\/#primaryimage"},"image":{"@id":"https:\/\/tuunerstuudio.ee\/toode\/phormula-ks-4-knock-monitori-seade\/#primaryimage"},"thumbnailUrl":"https:\/\/tuunerstuudio.ee\/wp-content\/uploads\/2024\/10\/Phormula-KS4-Knock-Detection.webp","datePublished":"2024-10-11T12:22:05+00:00","dateModified":"2024-10-11T12:22:10+00:00","breadcrumb":{"@id":"https:\/\/tuunerstuudio.ee\/ru\/toode\/phormula-ks-4-knock-monitori-seade\/#breadcrumb"},"inLanguage":"ru-RU","potentialAction":[{"@type":"ReadAction","target":[["https:\/\/tuunerstuudio.ee\/ru\/toode\/phormula-ks-4-knock-monitori-seade\/"]]}]},{"@type":"ImageObject","inLanguage":"ru-RU","@id":"https:\/\/tuunerstuudio.ee\/ru\/toode\/phormula-ks-4-knock-monitori-seade\/#primaryimage","url":"https:\/\/tuunerstuudio.ee\/wp-content\/uploads\/2024\/10\/Phormula-KS4-Knock-Detection.webp","contentUrl":"https:\/\/tuunerstuudio.ee\/wp-content\/uploads\/2024\/10\/Phormula-KS4-Knock-Detection.webp","width":600,"height":600},{"@type":"BreadcrumbList","@id":"https:\/\/tuunerstuudio.ee\/ru\/toode\/phormula-ks-4-knock-monitori-seade\/#breadcrumb","itemListElement":[{"@type":"ListItem","position":1,"name":"Home","item":"https:\/\/tuunerstuudio.ee\/ru\/"},{"@type":"ListItem","position":2,"name":"Tooted","item":"https:\/\/www.tuunerstuudio.ee\/tooted\/"},{"@type":"ListItem","position":3,"name":"Phormula KS-4 Knock monitori seade"}]},{"@type":"WebSite","@id":"https:\/\/tuunerstuudio.ee\/ru\/#website","url":"https:\/\/tuunerstuudio.ee\/ru\/","name":"tuunerstuudio","description":"","potentialAction":[{"@type":"SearchAction","target":{"@type":"EntryPoint","urlTemplate":"https:\/\/tuunerstuudio.ee\/ru\/?s={search_term_string}"},"query-input":{"@type":"PropertyValueSpecification","valueRequired":true,"valueName":"search_term_string"}}],"inLanguage":"ru-RU"}]}},"_links":{"self":[{"href":"https:\/\/tuunerstuudio.ee\/ru\/wp-json\/wp\/v2\/product\/13129","targetHints":{"allow":["GET"]}}],"collection":[{"href":"https:\/\/tuunerstuudio.ee\/ru\/wp-json\/wp\/v2\/product"}],"about":[{"href":"https:\/\/tuunerstuudio.ee\/ru\/wp-json\/wp\/v2\/types\/product"}],"replies":[{"embeddable":true,"href":"https:\/\/tuunerstuudio.ee\/ru\/wp-json\/wp\/v2\/comments?post=13129"}],"wp:featuredmedia":[{"embeddable":true,"href":"https:\/\/tuunerstuudio.ee\/ru\/wp-json\/wp\/v2\/media\/13159"}],"wp:attachment":[{"href":"https:\/\/tuunerstuudio.ee\/ru\/wp-json\/wp\/v2\/media?parent=13129"}],"wp:term":[{"taxonomy":"product_brand","embeddable":true,"href":"https:\/\/tuunerstuudio.ee\/ru\/wp-json\/wp\/v2\/product_brand?post=13129"},{"taxonomy":"product_cat","embeddable":true,"href":"https:\/\/tuunerstuudio.ee\/ru\/wp-json\/wp\/v2\/product_cat?post=13129"},{"taxonomy":"product_tag","embeddable":true,"href":"https:\/\/tuunerstuudio.ee\/ru\/wp-json\/wp\/v2\/product_tag?post=13129"}],"curies":[{"name":"wp","href":"https:\/\/api.w.org\/{rel}","templated":true}]}}