{"id":12151,"date":"2024-10-11T15:17:28","date_gmt":"2024-10-11T12:17:28","guid":{"rendered":"https:\/\/tuunerstuudio.ee\/uuswp\/?post_type=product&#038;p=12151"},"modified":"2025-03-05T14:11:01","modified_gmt":"2025-03-05T12:11:01","slug":"turbo-g30-900-g-series-v-band","status":"publish","type":"product","link":"https:\/\/tuunerstuudio.ee\/ru\/toode\/turbo-g30-900-g-series-v-band\/","title":{"rendered":"Turbo G30-900 G Series (V-band)"},"content":{"rendered":"<p><a href=\"https:\/\/tuunerstuudio.ee\/wp-content\/uploads\/2024\/05\/Messenger_creation_38d535e0-7da0-48c1-b452-cff7325d699d.jpeg\"><img loading=\"lazy\" decoding=\"async\" class=\" wd-lazy-fade alignnone size-medium wp-image-26507\" src=\"https:\/\/tuunerstuudio.ee\/wp-content\/themes\/tuunerstuudio5\/images\/lazy.svg\" data-src=\"https:\/\/tuunerstuudio.ee\/wp-content\/uploads\/2024\/05\/Messenger_creation_38d535e0-7da0-48c1-b452-cff7325d699d-225x300.jpeg\" alt=\"\" width=\"225\" height=\"300\" \/><\/a><a href=\"https:\/\/tuunerstuudio.ee\/wp-content\/uploads\/2024\/05\/Messenger_creation_55d1d62e-ad03-4af2-8d65-0198eb714660.jpeg\"><img loading=\"lazy\" decoding=\"async\" class=\" wd-lazy-fade alignnone size-medium wp-image-26508\" src=\"https:\/\/tuunerstuudio.ee\/wp-content\/themes\/tuunerstuudio5\/images\/lazy.svg\" data-src=\"https:\/\/tuunerstuudio.ee\/wp-content\/uploads\/2024\/05\/Messenger_creation_55d1d62e-ad03-4af2-8d65-0198eb714660-225x300.jpeg\" alt=\"\" width=\"225\" height=\"300\" \/><\/a><\/p>\n","protected":false},"excerpt":{"rendered":"<p id=\"tw-target-text\" class=\"tw-data-text tw-text-large tw-ta\" dir=\"ltr\" data-placeholder=\"T\u00f5lge\" data-ved=\"2ahUKEwi04-H937SEAxVPAxAIHcAmCoQQ3ewLegQIDhAU\"><strong><span class=\"Y2IQFc\" lang=\"et\">TOOTE SPETSIFIKATSIOONID:<\/span><\/strong><\/p>\n<ul>\n<li class=\"tw-data-text tw-text-large tw-ta\" dir=\"ltr\" data-placeholder=\"T\u00f5lge\" data-ved=\"2ahUKEwi04-H937SEAxVPAxAIHcAmCoQQ3ewLegQIDhAU\"><span class=\"Y2IQFc\" lang=\"et\">Kompressori ratta sisend: 62 mm<\/span><\/li>\n<li class=\"tw-data-text tw-text-large tw-ta\" dir=\"ltr\" data-placeholder=\"T\u00f5lge\" data-ved=\"2ahUKEwi04-H937SEAxVPAxAIHcAmCoQQ3ewLegQIDhAU\"><span class=\"Y2IQFc\" lang=\"et\">Kompressori ratta v\u00e4ljund: 76 mm<\/span><\/li>\n<li class=\"tw-data-text tw-text-large tw-ta\" dir=\"ltr\" data-placeholder=\"T\u00f5lge\" data-ved=\"2ahUKEwi04-H937SEAxVPAxAIHcAmCoQQ3ewLegQIDhAU\"><span class=\"Y2IQFc\" lang=\"et\">Kompressori k\u00fclmakoja sisselaskeava: l\u00e4bim\u00f5\u00f5t 3 tolli\u00a0<\/span><\/li>\n<li class=\"tw-data-text tw-text-large tw-ta\" dir=\"ltr\" data-placeholder=\"T\u00f5lge\" data-ved=\"2ahUKEwi04-H937SEAxVPAxAIHcAmCoQQ3ewLegQIDhAU\"><span class=\"Y2IQFc\" lang=\"et\">Kompressori k\u00fclmakoja v\u00e4ljund: l\u00e4bim\u00f5\u00f5t 2 tolli<\/span><\/li>\n<li class=\"tw-data-text tw-text-large tw-ta\" dir=\"ltr\" data-placeholder=\"T\u00f5lge\" data-ved=\"2ahUKEwi04-H937SEAxVPAxAIHcAmCoQQ3ewLegQIDhAU\"><span class=\"Y2IQFc\" lang=\"et\">Kompressori korpus A\/R: ,83<\/span><\/li>\n<li class=\"tw-data-text tw-text-large tw-ta\" dir=\"ltr\" data-placeholder=\"T\u00f5lge\" data-ved=\"2ahUKEwi04-H937SEAxVPAxAIHcAmCoQQ3ewLegQIDhAU\"><span class=\"Y2IQFc\" lang=\"et\">Turbiini ratta sisend: 68 mm<\/span><\/li>\n<li class=\"tw-data-text tw-text-large tw-ta\" dir=\"ltr\" data-placeholder=\"T\u00f5lge\" data-ved=\"2ahUKEwi04-H937SEAxVPAxAIHcAmCoQQ3ewLegQIDhAU\"><span class=\"Y2IQFc\" lang=\"et\">Turbiini v\u00e4ljund: 62 mm<\/span><\/li>\n<li class=\"tw-data-text tw-text-large tw-ta\" dir=\"ltr\" data-placeholder=\"T\u00f5lge\" data-ved=\"2ahUKEwi04-H937SEAxVPAxAIHcAmCoQQ3ewLegQIDhAU\"><span class=\"Y2IQFc\" lang=\"et\">Turbiini korpuse sisselaskeava: 3 tolli O.D. V-Band<\/span><\/li>\n<li class=\"tw-data-text tw-text-large tw-ta\" dir=\"ltr\" data-placeholder=\"T\u00f5lge\" data-ved=\"2ahUKEwi04-H937SEAxVPAxAIHcAmCoQQ3ewLegQIDhAU\"><span class=\"Y2IQFc\" lang=\"et\">Turbiini korpuse v\u00e4ljalaskeava: 3,55 tolli O.D. V-Band<\/span><\/li>\n<li class=\"tw-data-text tw-text-large tw-ta\" dir=\"ltr\" data-placeholder=\"T\u00f5lge\" data-ved=\"2ahUKEwi04-H937SEAxVPAxAIHcAmCoQQ3ewLegQIDhAU\"><span class=\"Y2IQFc\" lang=\"et\">Sisaldab \u00f5li etteande (1 mm) piirajat \u2013 AN4<\/span><\/li>\n<li class=\"tw-data-text tw-text-large tw-ta\" dir=\"ltr\" data-placeholder=\"T\u00f5lge\" data-ved=\"2ahUKEwi04-H937SEAxVPAxAIHcAmCoQQ3ewLegQIDhAU\"><span class=\"Y2IQFc\" lang=\"et\">Sisaldab kahte jahutusvedeliku liitmikku \u00a0\u2013 AN6<\/span><\/li>\n<li dir=\"ltr\" data-placeholder=\"T\u00f5lge\" data-ved=\"2ahUKEwi04-H937SEAxVPAxAIHcAmCoQQ3ewLegQIDhAU\">Sisaldab kuumakoja roostevaba flantse ja klambreid<\/li>\n<li dir=\"ltr\" data-placeholder=\"T\u00f5lge\" data-ved=\"2ahUKEwi04-H937SEAxVPAxAIHcAmCoQQ3ewLegQIDhAU\">Sisaldab tihendeid<\/li>\n<\/ul>\n<p><strong>NB! Meie poolne garantii kehtib 12 kuud mis hakkab kehtima sellest hetkest kui klient on oma toote k\u00e4tte saanud.\u00a0<\/strong><\/p>\n<p><strong>Tarneaeg 2-3n\u00e4dalat<\/strong><\/p>\n","protected":false},"featured_media":12179,"comment_status":"closed","ping_status":"closed","template":"","meta":[],"product_brand":[],"product_cat":[49,283,284],"product_tag":[],"class_list":{"0":"post-12151","1":"product","2":"type-product","3":"status-publish","4":"has-post-thumbnail","6":"product_cat-turbod-ja-tarvikud","7":"product_cat-turbo","8":"product_cat-universaalsed-turbod","10":"first","11":"onbackorder","12":"taxable","13":"shipping-taxable","14":"purchasable","15":"product-type-simple"},"yoast_head":"<!-- This site is optimized with the Yoast SEO plugin v26.9 - https:\/\/yoast.com\/product\/yoast-seo-wordpress\/ -->\n<title>Turbo G30-900 G Series (V-band) - TuunerStuudio<\/title>\n<meta name=\"robots\" content=\"index, follow, max-snippet:-1, max-image-preview:large, max-video-preview:-1\" \/>\n<link rel=\"canonical\" href=\"https:\/\/tuunerstuudio.ee\/ru\/toode\/turbo-g30-900-g-series-v-band\/\" \/>\n<meta property=\"og:locale\" content=\"ru_RU\" \/>\n<meta property=\"og:type\" content=\"article\" \/>\n<meta property=\"og:title\" content=\"Turbo G30-900 G Series (V-band) - TuunerStuudio\" \/>\n<meta property=\"og:description\" content=\"TOOTE SPETSIFIKATSIOONID:    Kompressori ratta sisend: 62 mm  Kompressori ratta v\u00e4ljund: 76 mm  Kompressori k\u00fclmakoja sisselaskeava: l\u00e4bim\u00f5\u00f5t 3 tolli\u00a0  Kompressori k\u00fclmakoja v\u00e4ljund: l\u00e4bim\u00f5\u00f5t 2 tolli  Kompressori korpus A\/R: ,83  Turbiini ratta sisend: 68 mm  Turbiini v\u00e4ljund: 62 mm  Turbiini korpuse sisselaskeava: 3 tolli O.D. V-Band  Turbiini korpuse v\u00e4ljalaskeava: 3,55 tolli O.D. V-Band  Sisaldab \u00f5li etteande (1 mm) piirajat \u2013 AN4  Sisaldab kahte jahutusvedeliku liitmikku \u00a0\u2013 AN6  Sisaldab kuumakoja roostevaba flantse ja klambreid  Sisaldab tihendeid  NB! Meie poolne garantii kehtib 12 kuud mis hakkab kehtima sellest hetkest kui klient on oma toote k\u00e4tte saanud.\u00a0  Tarneaeg 2-3n\u00e4dalat\" \/>\n<meta property=\"og:url\" content=\"https:\/\/tuunerstuudio.ee\/ru\/toode\/turbo-g30-900-g-series-v-band\/\" \/>\n<meta property=\"og:site_name\" content=\"TuunerStuudio\" \/>\n<meta property=\"article:modified_time\" content=\"2025-03-05T12:11:01+00:00\" \/>\n<meta property=\"og:image\" content=\"https:\/\/tuunerstuudio.ee\/wp-content\/uploads\/2024\/10\/Messenger_creation_09154357-f5ba-4e44-bc35-db7f9b10b083.jpeg\" \/>\n\t<meta property=\"og:image:width\" content=\"768\" \/>\n\t<meta property=\"og:image:height\" content=\"1024\" \/>\n\t<meta property=\"og:image:type\" content=\"image\/jpeg\" \/>\n<meta name=\"twitter:card\" content=\"summary_large_image\" \/>\n<meta name=\"twitter:label1\" content=\"\u041f\u0440\u0438\u043c\u0435\u0440\u043d\u043e\u0435 \u0432\u0440\u0435\u043c\u044f \u0434\u043b\u044f \u0447\u0442\u0435\u043d\u0438\u044f\" \/>\n\t<meta name=\"twitter:data1\" content=\"1 \u043c\u0438\u043d\u0443\u0442\u0430\" \/>\n<script type=\"application\/ld+json\" class=\"yoast-schema-graph\">{\"@context\":\"https:\/\/schema.org\",\"@graph\":[{\"@type\":\"WebPage\",\"@id\":\"https:\/\/tuunerstuudio.ee\/ru\/toode\/turbo-g30-900-g-series-v-band\/\",\"url\":\"https:\/\/tuunerstuudio.ee\/ru\/toode\/turbo-g30-900-g-series-v-band\/\",\"name\":\"Turbo G30-900 G Series (V-band) - TuunerStuudio\",\"isPartOf\":{\"@id\":\"https:\/\/tuunerstuudio.ee\/ru\/#website\"},\"primaryImageOfPage\":{\"@id\":\"https:\/\/tuunerstuudio.ee\/ru\/toode\/turbo-g30-900-g-series-v-band\/#primaryimage\"},\"image\":{\"@id\":\"https:\/\/tuunerstuudio.ee\/toode\/turbo-g30-900-g-series-v-band\/#primaryimage\"},\"thumbnailUrl\":\"https:\/\/tuunerstuudio.ee\/wp-content\/uploads\/2024\/10\/Messenger_creation_09154357-f5ba-4e44-bc35-db7f9b10b083.jpeg\",\"datePublished\":\"2024-10-11T12:17:28+00:00\",\"dateModified\":\"2025-03-05T12:11:01+00:00\",\"breadcrumb\":{\"@id\":\"https:\/\/tuunerstuudio.ee\/ru\/toode\/turbo-g30-900-g-series-v-band\/#breadcrumb\"},\"inLanguage\":\"ru-RU\",\"potentialAction\":[{\"@type\":\"ReadAction\",\"target\":[[\"https:\/\/tuunerstuudio.ee\/ru\/toode\/turbo-g30-900-g-series-v-band\/\"]]}]},{\"@type\":\"ImageObject\",\"inLanguage\":\"ru-RU\",\"@id\":\"https:\/\/tuunerstuudio.ee\/ru\/toode\/turbo-g30-900-g-series-v-band\/#primaryimage\",\"url\":\"https:\/\/tuunerstuudio.ee\/wp-content\/uploads\/2024\/10\/Messenger_creation_09154357-f5ba-4e44-bc35-db7f9b10b083.jpeg\",\"contentUrl\":\"https:\/\/tuunerstuudio.ee\/wp-content\/uploads\/2024\/10\/Messenger_creation_09154357-f5ba-4e44-bc35-db7f9b10b083.jpeg\",\"width\":768,\"height\":1024},{\"@type\":\"BreadcrumbList\",\"@id\":\"https:\/\/tuunerstuudio.ee\/ru\/toode\/turbo-g30-900-g-series-v-band\/#breadcrumb\",\"itemListElement\":[{\"@type\":\"ListItem\",\"position\":1,\"name\":\"Home\",\"item\":\"https:\/\/tuunerstuudio.ee\/ru\/\"},{\"@type\":\"ListItem\",\"position\":2,\"name\":\"Tooted\",\"item\":\"https:\/\/www.tuunerstuudio.ee\/tooted\/\"},{\"@type\":\"ListItem\",\"position\":3,\"name\":\"Turbo G30-900 G Series (V-band)\"}]},{\"@type\":\"WebSite\",\"@id\":\"https:\/\/tuunerstuudio.ee\/ru\/#website\",\"url\":\"https:\/\/tuunerstuudio.ee\/ru\/\",\"name\":\"tuunerstuudio\",\"description\":\"\",\"potentialAction\":[{\"@type\":\"SearchAction\",\"target\":{\"@type\":\"EntryPoint\",\"urlTemplate\":\"https:\/\/tuunerstuudio.ee\/ru\/?s={search_term_string}\"},\"query-input\":{\"@type\":\"PropertyValueSpecification\",\"valueRequired\":true,\"valueName\":\"search_term_string\"}}],\"inLanguage\":\"ru-RU\"}]}<\/script>\n<!-- \/ Yoast SEO plugin. -->","yoast_head_json":{"title":"Turbo G30-900 G Series (V-band) - TuunerStuudio","robots":{"index":"index","follow":"follow","max-snippet":"max-snippet:-1","max-image-preview":"max-image-preview:large","max-video-preview":"max-video-preview:-1"},"canonical":"https:\/\/tuunerstuudio.ee\/ru\/toode\/turbo-g30-900-g-series-v-band\/","og_locale":"ru_RU","og_type":"article","og_title":"Turbo G30-900 G Series (V-band) - TuunerStuudio","og_description":"TOOTE SPETSIFIKATSIOONID:    Kompressori ratta sisend: 62 mm  Kompressori ratta v\u00e4ljund: 76 mm  Kompressori k\u00fclmakoja sisselaskeava: l\u00e4bim\u00f5\u00f5t 3 tolli\u00a0  Kompressori k\u00fclmakoja v\u00e4ljund: l\u00e4bim\u00f5\u00f5t 2 tolli  Kompressori korpus A\/R: ,83  Turbiini ratta sisend: 68 mm  Turbiini v\u00e4ljund: 62 mm  Turbiini korpuse sisselaskeava: 3 tolli O.D. V-Band  Turbiini korpuse v\u00e4ljalaskeava: 3,55 tolli O.D. V-Band  Sisaldab \u00f5li etteande (1 mm) piirajat \u2013 AN4  Sisaldab kahte jahutusvedeliku liitmikku \u00a0\u2013 AN6  Sisaldab kuumakoja roostevaba flantse ja klambreid  Sisaldab tihendeid  NB! Meie poolne garantii kehtib 12 kuud mis hakkab kehtima sellest hetkest kui klient on oma toote k\u00e4tte saanud.\u00a0  Tarneaeg 2-3n\u00e4dalat","og_url":"https:\/\/tuunerstuudio.ee\/ru\/toode\/turbo-g30-900-g-series-v-band\/","og_site_name":"TuunerStuudio","article_modified_time":"2025-03-05T12:11:01+00:00","og_image":[{"width":768,"height":1024,"url":"https:\/\/tuunerstuudio.ee\/wp-content\/uploads\/2024\/10\/Messenger_creation_09154357-f5ba-4e44-bc35-db7f9b10b083.jpeg","type":"image\/jpeg"}],"twitter_card":"summary_large_image","twitter_misc":{"\u041f\u0440\u0438\u043c\u0435\u0440\u043d\u043e\u0435 \u0432\u0440\u0435\u043c\u044f \u0434\u043b\u044f \u0447\u0442\u0435\u043d\u0438\u044f":"1 \u043c\u0438\u043d\u0443\u0442\u0430"},"schema":{"@context":"https:\/\/schema.org","@graph":[{"@type":"WebPage","@id":"https:\/\/tuunerstuudio.ee\/ru\/toode\/turbo-g30-900-g-series-v-band\/","url":"https:\/\/tuunerstuudio.ee\/ru\/toode\/turbo-g30-900-g-series-v-band\/","name":"Turbo G30-900 G Series (V-band) - TuunerStuudio","isPartOf":{"@id":"https:\/\/tuunerstuudio.ee\/ru\/#website"},"primaryImageOfPage":{"@id":"https:\/\/tuunerstuudio.ee\/ru\/toode\/turbo-g30-900-g-series-v-band\/#primaryimage"},"image":{"@id":"https:\/\/tuunerstuudio.ee\/toode\/turbo-g30-900-g-series-v-band\/#primaryimage"},"thumbnailUrl":"https:\/\/tuunerstuudio.ee\/wp-content\/uploads\/2024\/10\/Messenger_creation_09154357-f5ba-4e44-bc35-db7f9b10b083.jpeg","datePublished":"2024-10-11T12:17:28+00:00","dateModified":"2025-03-05T12:11:01+00:00","breadcrumb":{"@id":"https:\/\/tuunerstuudio.ee\/ru\/toode\/turbo-g30-900-g-series-v-band\/#breadcrumb"},"inLanguage":"ru-RU","potentialAction":[{"@type":"ReadAction","target":[["https:\/\/tuunerstuudio.ee\/ru\/toode\/turbo-g30-900-g-series-v-band\/"]]}]},{"@type":"ImageObject","inLanguage":"ru-RU","@id":"https:\/\/tuunerstuudio.ee\/ru\/toode\/turbo-g30-900-g-series-v-band\/#primaryimage","url":"https:\/\/tuunerstuudio.ee\/wp-content\/uploads\/2024\/10\/Messenger_creation_09154357-f5ba-4e44-bc35-db7f9b10b083.jpeg","contentUrl":"https:\/\/tuunerstuudio.ee\/wp-content\/uploads\/2024\/10\/Messenger_creation_09154357-f5ba-4e44-bc35-db7f9b10b083.jpeg","width":768,"height":1024},{"@type":"BreadcrumbList","@id":"https:\/\/tuunerstuudio.ee\/ru\/toode\/turbo-g30-900-g-series-v-band\/#breadcrumb","itemListElement":[{"@type":"ListItem","position":1,"name":"Home","item":"https:\/\/tuunerstuudio.ee\/ru\/"},{"@type":"ListItem","position":2,"name":"Tooted","item":"https:\/\/www.tuunerstuudio.ee\/tooted\/"},{"@type":"ListItem","position":3,"name":"Turbo G30-900 G Series (V-band)"}]},{"@type":"WebSite","@id":"https:\/\/tuunerstuudio.ee\/ru\/#website","url":"https:\/\/tuunerstuudio.ee\/ru\/","name":"tuunerstuudio","description":"","potentialAction":[{"@type":"SearchAction","target":{"@type":"EntryPoint","urlTemplate":"https:\/\/tuunerstuudio.ee\/ru\/?s={search_term_string}"},"query-input":{"@type":"PropertyValueSpecification","valueRequired":true,"valueName":"search_term_string"}}],"inLanguage":"ru-RU"}]}},"_links":{"self":[{"href":"https:\/\/tuunerstuudio.ee\/ru\/wp-json\/wp\/v2\/product\/12151","targetHints":{"allow":["GET"]}}],"collection":[{"href":"https:\/\/tuunerstuudio.ee\/ru\/wp-json\/wp\/v2\/product"}],"about":[{"href":"https:\/\/tuunerstuudio.ee\/ru\/wp-json\/wp\/v2\/types\/product"}],"replies":[{"embeddable":true,"href":"https:\/\/tuunerstuudio.ee\/ru\/wp-json\/wp\/v2\/comments?post=12151"}],"wp:featuredmedia":[{"embeddable":true,"href":"https:\/\/tuunerstuudio.ee\/ru\/wp-json\/wp\/v2\/media\/12179"}],"wp:attachment":[{"href":"https:\/\/tuunerstuudio.ee\/ru\/wp-json\/wp\/v2\/media?parent=12151"}],"wp:term":[{"taxonomy":"product_brand","embeddable":true,"href":"https:\/\/tuunerstuudio.ee\/ru\/wp-json\/wp\/v2\/product_brand?post=12151"},{"taxonomy":"product_cat","embeddable":true,"href":"https:\/\/tuunerstuudio.ee\/ru\/wp-json\/wp\/v2\/product_cat?post=12151"},{"taxonomy":"product_tag","embeddable":true,"href":"https:\/\/tuunerstuudio.ee\/ru\/wp-json\/wp\/v2\/product_tag?post=12151"}],"curies":[{"name":"wp","href":"https:\/\/api.w.org\/{rel}","templated":true}]}}