{"id":11247,"date":"2024-10-11T15:13:07","date_gmt":"2024-10-11T12:13:07","guid":{"rendered":"https:\/\/tuunerstuudio.ee\/uuswp\/?post_type=product&#038;p=11247"},"modified":"2024-10-11T15:13:14","modified_gmt":"2024-10-11T12:13:14","slug":"hurricane-i-profiiliga-kepsud-m20-m50-m52-m54","status":"publish","type":"product","link":"https:\/\/tuunerstuudio.ee\/ru\/toode\/hurricane-i-profiiliga-kepsud-m20-m50-m52-m54\/","title":{"rendered":"Hurricane I-profiiliga kepsud (M20, M50, M52, M54)"},"content":{"rendered":"<p><a href=\"https:\/\/tuunerstuudio.ee\/wp-content\/uploads\/2024\/02\/Hurricane-rods-4-set-straight-engine.webp\"><img loading=\"lazy\" decoding=\"async\" class=\" wd-lazy-fade alignnone size-medium wp-image-24989\" src=\"https:\/\/tuunerstuudio.ee\/wp-content\/themes\/tuunerstuudio5\/images\/lazy.svg\" data-src=\"https:\/\/tuunerstuudio.ee\/wp-content\/uploads\/2024\/02\/Hurricane-rods-4-set-straight-engine-300x200.webp\" alt=\"\" width=\"300\" height=\"200\" \/><\/a> <a href=\"https:\/\/tuunerstuudio.ee\/wp-content\/uploads\/2024\/02\/ARP-vevstaksbult.webp\"><img loading=\"lazy\" decoding=\"async\" class=\" wd-lazy-fade alignnone size-medium wp-image-24988\" src=\"https:\/\/tuunerstuudio.ee\/wp-content\/themes\/tuunerstuudio5\/images\/lazy.svg\" data-src=\"https:\/\/tuunerstuudio.ee\/wp-content\/uploads\/2024\/02\/ARP-vevstaksbult-300x300.webp\" alt=\"\" width=\"300\" height=\"300\" \/><\/a><\/p>\n","protected":false},"excerpt":{"rendered":"<p>Hurricane Motorsport I-profiiliga kepsud kannatavad rohkem kui 200 hj silindri kohta.<\/p>\n<ul>\n<li id=\"tw-target-text\" class=\"tw-data-text tw-text-large tw-ta\" dir=\"ltr\" data-placeholder=\"T\u00f5lge\" data-ved=\"2ahUKEwi04-H937SEAxVPAxAIHcAmCoQQ3ewLegQIDhAU\"><span class=\"Y2IQFc\" lang=\"et\">K\u00f5ik kepsud on CNC-t\u00f6\u00f6deldud.<\/span><\/li>\n<li class=\"tw-data-text tw-text-large tw-ta\" dir=\"ltr\" data-placeholder=\"T\u00f5lge\" data-ved=\"2ahUKEwi04-H937SEAxVPAxAIHcAmCoQQ3ewLegQIDhAU\"><span class=\"Y2IQFc\" lang=\"et\">Maksimaalne tolerantsi pikkus 0,001 mm<\/span><\/li>\n<li class=\"tw-data-text tw-text-large tw-ta\" dir=\"ltr\" data-placeholder=\"T\u00f5lge\" data-ved=\"2ahUKEwi04-H937SEAxVPAxAIHcAmCoQQ3ewLegQIDhAU\"><span class=\"Y2IQFc\" lang=\"et\">Maksimaalne tolerants laagrikorpuse 0,0001mm.<\/span><\/li>\n<\/ul>\n<p id=\"tw-target-text\" class=\"tw-data-text tw-text-large tw-ta\" dir=\"ltr\" data-placeholder=\"T\u00f5lge\" data-ved=\"2ahUKEwi04-H937SEAxVPAxAIHcAmCoQQ3ewLegQIDhAU\"><strong><span class=\"Y2IQFc\" lang=\"et\">Pingutusmoment:<\/span><\/strong><\/p>\n<ul>\n<li class=\"tw-data-text tw-text-large tw-ta\" dir=\"ltr\" data-placeholder=\"T\u00f5lge\" data-ved=\"2ahUKEwi04-H937SEAxVPAxAIHcAmCoQQ3ewLegQIDhAU\"><span class=\"Y2IQFc\" lang=\"et\">ARP 2000 3\/8 &#171;= 61 Nm <\/span><\/li>\n<li class=\"tw-data-text tw-text-large tw-ta\" dir=\"ltr\" data-placeholder=\"T\u00f5lge\" data-ved=\"2ahUKEwi04-H937SEAxVPAxAIHcAmCoQQ3ewLegQIDhAU\"><span class=\"Y2IQFc\" lang=\"et\">ARP L19 3\/8&#8243; = 81 Nm <\/span><\/li>\n<li class=\"tw-data-text tw-text-large tw-ta\" dir=\"ltr\" data-placeholder=\"T\u00f5lge\" data-ved=\"2ahUKEwi04-H937SEAxVPAxAIHcAmCoQQ3ewLegQIDhAU\"><span class=\"Y2IQFc\" lang=\"et\">ARP 625+ 3\/8 &#171;= T\u00e4psemalt rakenduse kohta<\/span><\/li>\n<\/ul>\n<p id=\"tw-target-text\" class=\"tw-data-text tw-text-large tw-ta\" dir=\"ltr\" data-placeholder=\"T\u00f5lge\" data-ved=\"2ahUKEwi04-H937SEAxVPAxAIHcAmCoQQ3ewLegQIDhAU\"><span class=\"Y2IQFc\" lang=\"et\">Tehnilised andmed:<\/span><\/p>\n<ul>\n<li class=\"tw-data-text tw-text-large tw-ta\" dir=\"ltr\" data-placeholder=\"T\u00f5lge\" data-ved=\"2ahUKEwi04-H937SEAxVPAxAIHcAmCoQQ3ewLegQIDhAU\"><span class=\"Y2IQFc\" lang=\"et\"> Pikkus: 135mm<\/span><\/li>\n<li dir=\"ltr\" data-placeholder=\"T\u00f5lge\" data-ved=\"2ahUKEwi04-H937SEAxVPAxAIHcAmCoQQ3ewLegQIDhAU\">135mm x 22mm<\/li>\n<li class=\"tw-data-text tw-text-large tw-ta\" dir=\"ltr\" data-placeholder=\"T\u00f5lge\" data-ved=\"2ahUKEwi04-H937SEAxVPAxAIHcAmCoQQ3ewLegQIDhAU\"><span class=\"Y2IQFc\" lang=\"et\">Poldi suurus: 3\/8&#8243;<\/span><\/li>\n<li class=\"tw-data-text tw-text-large tw-ta\" dir=\"ltr\" data-placeholder=\"T\u00f5lge\" data-ved=\"2ahUKEwi04-H937SEAxVPAxAIHcAmCoQQ3ewLegQIDhAU\"><span class=\"Y2IQFc\" lang=\"et\">Kuju: I-Beam<\/span><\/li>\n<\/ul>\n<p>Maksimaalne kaaluerinevus partii kohta on 1g.<\/p>\n<p id=\"tw-target-text\" class=\"tw-data-text tw-text-large tw-ta\" dir=\"ltr\" data-placeholder=\"T\u00f5lge\" data-ved=\"2ahUKEwi04-H937SEAxVPAxAIHcAmCoQQ3ewLegQIDhAU\"><strong><span class=\"Y2IQFc\" lang=\"et\">Kepsud on komplektis koos ARP2000 poltidega.<\/span><\/strong><\/p>\n<p id=\"tw-target-text\" class=\"tw-data-text tw-text-large tw-ta\" dir=\"ltr\" data-placeholder=\"T\u00f5lge\" data-ved=\"2ahUKEwi04-H937SEAxVPAxAIHcAmCoQQ3ewLegQIDhAU\"><strong><span class=\"Y2IQFc\" lang=\"et\">Hind terve komplekti kohta.<\/span><\/strong><\/p>\n<p dir=\"ltr\" data-placeholder=\"T\u00f5lge\" data-ved=\"2ahUKEwi04-H937SEAxVPAxAIHcAmCoQQ3ewLegQIDhAU\"><strong>NB! Pildid on illustratiivsed<\/strong><\/p>\n","protected":false},"featured_media":11267,"comment_status":"closed","ping_status":"closed","template":"","meta":[],"product_brand":[],"product_cat":[62,528],"product_tag":[],"class_list":{"0":"post-11247","1":"product","2":"type-product","3":"status-publish","4":"has-post-thumbnail","6":"product_cat-mootor","7":"product_cat-kepsud","9":"first","10":"onbackorder","11":"taxable","12":"shipping-taxable","13":"purchasable","14":"product-type-simple"},"yoast_head":"<!-- This site is optimized with the Yoast SEO plugin v26.9 - https:\/\/yoast.com\/product\/yoast-seo-wordpress\/ -->\n<title>Hurricane I-profiiliga kepsud (M20, M50, M52, M54) - TuunerStuudio<\/title>\n<meta name=\"robots\" content=\"index, follow, max-snippet:-1, max-image-preview:large, max-video-preview:-1\" \/>\n<link rel=\"canonical\" href=\"https:\/\/tuunerstuudio.ee\/ru\/toode\/hurricane-i-profiiliga-kepsud-m20-m50-m52-m54\/\" \/>\n<meta property=\"og:locale\" content=\"ru_RU\" \/>\n<meta property=\"og:type\" content=\"article\" \/>\n<meta property=\"og:title\" content=\"Hurricane I-profiiliga kepsud (M20, M50, M52, M54) - TuunerStuudio\" \/>\n<meta property=\"og:description\" content=\"Hurricane Motorsport I-profiiliga kepsud kannatavad rohkem kui 200 hj silindri kohta.   K\u00f5ik kepsud on CNC-t\u00f6\u00f6deldud.  Maksimaalne tolerantsi pikkus 0,001 mm  Maksimaalne tolerants laagrikorpuse 0,0001mm.  Pingutusmoment:    ARP 2000 3\/8 &quot;= 61 Nm   ARP L19 3\/8&quot; = 81 Nm   ARP 625+ 3\/8 &quot;= T\u00e4psemalt rakenduse kohta  Tehnilised andmed:     Pikkus: 135mm  135mm x 22mm  Poldi suurus: 3\/8&quot;  Kuju: I-Beam  Maksimaalne kaaluerinevus partii kohta on 1g. Kepsud on komplektis koos ARP2000 poltidega. Hind terve komplekti kohta. NB! Pildid on illustratiivsed\" \/>\n<meta property=\"og:url\" content=\"https:\/\/tuunerstuudio.ee\/ru\/toode\/hurricane-i-profiiliga-kepsud-m20-m50-m52-m54\/\" \/>\n<meta property=\"og:site_name\" content=\"TuunerStuudio\" \/>\n<meta property=\"article:modified_time\" content=\"2024-10-11T12:13:14+00:00\" \/>\n<meta property=\"og:image\" content=\"https:\/\/tuunerstuudio.ee\/wp-content\/uploads\/2024\/10\/Hurricane-rods-4-setl-engine.webp\" \/>\n\t<meta property=\"og:image:width\" content=\"1024\" \/>\n\t<meta property=\"og:image:height\" content=\"683\" \/>\n\t<meta property=\"og:image:type\" content=\"image\/webp\" \/>\n<meta name=\"twitter:card\" content=\"summary_large_image\" \/>\n<meta name=\"twitter:label1\" content=\"\u041f\u0440\u0438\u043c\u0435\u0440\u043d\u043e\u0435 \u0432\u0440\u0435\u043c\u044f \u0434\u043b\u044f \u0447\u0442\u0435\u043d\u0438\u044f\" \/>\n\t<meta name=\"twitter:data1\" content=\"1 \u043c\u0438\u043d\u0443\u0442\u0430\" \/>\n<script type=\"application\/ld+json\" class=\"yoast-schema-graph\">{\"@context\":\"https:\/\/schema.org\",\"@graph\":[{\"@type\":\"WebPage\",\"@id\":\"https:\/\/tuunerstuudio.ee\/ru\/toode\/hurricane-i-profiiliga-kepsud-m20-m50-m52-m54\/\",\"url\":\"https:\/\/tuunerstuudio.ee\/ru\/toode\/hurricane-i-profiiliga-kepsud-m20-m50-m52-m54\/\",\"name\":\"Hurricane I-profiiliga kepsud (M20, M50, M52, M54) - TuunerStuudio\",\"isPartOf\":{\"@id\":\"https:\/\/tuunerstuudio.ee\/ru\/#website\"},\"primaryImageOfPage\":{\"@id\":\"https:\/\/tuunerstuudio.ee\/ru\/toode\/hurricane-i-profiiliga-kepsud-m20-m50-m52-m54\/#primaryimage\"},\"image\":{\"@id\":\"https:\/\/tuunerstuudio.ee\/toode\/hurricane-i-profiiliga-kepsud-m20-m50-m52-m54\/#primaryimage\"},\"thumbnailUrl\":\"https:\/\/tuunerstuudio.ee\/wp-content\/uploads\/2024\/10\/Hurricane-rods-4-setl-engine.webp\",\"datePublished\":\"2024-10-11T12:13:07+00:00\",\"dateModified\":\"2024-10-11T12:13:14+00:00\",\"breadcrumb\":{\"@id\":\"https:\/\/tuunerstuudio.ee\/ru\/toode\/hurricane-i-profiiliga-kepsud-m20-m50-m52-m54\/#breadcrumb\"},\"inLanguage\":\"ru-RU\",\"potentialAction\":[{\"@type\":\"ReadAction\",\"target\":[[\"https:\/\/tuunerstuudio.ee\/ru\/toode\/hurricane-i-profiiliga-kepsud-m20-m50-m52-m54\/\"]]}]},{\"@type\":\"ImageObject\",\"inLanguage\":\"ru-RU\",\"@id\":\"https:\/\/tuunerstuudio.ee\/ru\/toode\/hurricane-i-profiiliga-kepsud-m20-m50-m52-m54\/#primaryimage\",\"url\":\"https:\/\/tuunerstuudio.ee\/wp-content\/uploads\/2024\/10\/Hurricane-rods-4-setl-engine.webp\",\"contentUrl\":\"https:\/\/tuunerstuudio.ee\/wp-content\/uploads\/2024\/10\/Hurricane-rods-4-setl-engine.webp\",\"width\":1024,\"height\":683},{\"@type\":\"BreadcrumbList\",\"@id\":\"https:\/\/tuunerstuudio.ee\/ru\/toode\/hurricane-i-profiiliga-kepsud-m20-m50-m52-m54\/#breadcrumb\",\"itemListElement\":[{\"@type\":\"ListItem\",\"position\":1,\"name\":\"Home\",\"item\":\"https:\/\/tuunerstuudio.ee\/ru\/\"},{\"@type\":\"ListItem\",\"position\":2,\"name\":\"Tooted\",\"item\":\"https:\/\/www.tuunerstuudio.ee\/tooted\/\"},{\"@type\":\"ListItem\",\"position\":3,\"name\":\"Hurricane I-profiiliga kepsud (M20, M50, M52, M54)\"}]},{\"@type\":\"WebSite\",\"@id\":\"https:\/\/tuunerstuudio.ee\/ru\/#website\",\"url\":\"https:\/\/tuunerstuudio.ee\/ru\/\",\"name\":\"tuunerstuudio\",\"description\":\"\",\"potentialAction\":[{\"@type\":\"SearchAction\",\"target\":{\"@type\":\"EntryPoint\",\"urlTemplate\":\"https:\/\/tuunerstuudio.ee\/ru\/?s={search_term_string}\"},\"query-input\":{\"@type\":\"PropertyValueSpecification\",\"valueRequired\":true,\"valueName\":\"search_term_string\"}}],\"inLanguage\":\"ru-RU\"}]}<\/script>\n<!-- \/ Yoast SEO plugin. -->","yoast_head_json":{"title":"Hurricane I-profiiliga kepsud (M20, M50, M52, M54) - TuunerStuudio","robots":{"index":"index","follow":"follow","max-snippet":"max-snippet:-1","max-image-preview":"max-image-preview:large","max-video-preview":"max-video-preview:-1"},"canonical":"https:\/\/tuunerstuudio.ee\/ru\/toode\/hurricane-i-profiiliga-kepsud-m20-m50-m52-m54\/","og_locale":"ru_RU","og_type":"article","og_title":"Hurricane I-profiiliga kepsud (M20, M50, M52, M54) - TuunerStuudio","og_description":"Hurricane Motorsport I-profiiliga kepsud kannatavad rohkem kui 200 hj silindri kohta.   K\u00f5ik kepsud on CNC-t\u00f6\u00f6deldud.  Maksimaalne tolerantsi pikkus 0,001 mm  Maksimaalne tolerants laagrikorpuse 0,0001mm.  Pingutusmoment:    ARP 2000 3\/8 \"= 61 Nm   ARP L19 3\/8\" = 81 Nm   ARP 625+ 3\/8 \"= T\u00e4psemalt rakenduse kohta  Tehnilised andmed:     Pikkus: 135mm  135mm x 22mm  Poldi suurus: 3\/8\"  Kuju: I-Beam  Maksimaalne kaaluerinevus partii kohta on 1g. Kepsud on komplektis koos ARP2000 poltidega. Hind terve komplekti kohta. NB! Pildid on illustratiivsed","og_url":"https:\/\/tuunerstuudio.ee\/ru\/toode\/hurricane-i-profiiliga-kepsud-m20-m50-m52-m54\/","og_site_name":"TuunerStuudio","article_modified_time":"2024-10-11T12:13:14+00:00","og_image":[{"width":1024,"height":683,"url":"https:\/\/tuunerstuudio.ee\/wp-content\/uploads\/2024\/10\/Hurricane-rods-4-setl-engine.webp","type":"image\/webp"}],"twitter_card":"summary_large_image","twitter_misc":{"\u041f\u0440\u0438\u043c\u0435\u0440\u043d\u043e\u0435 \u0432\u0440\u0435\u043c\u044f \u0434\u043b\u044f \u0447\u0442\u0435\u043d\u0438\u044f":"1 \u043c\u0438\u043d\u0443\u0442\u0430"},"schema":{"@context":"https:\/\/schema.org","@graph":[{"@type":"WebPage","@id":"https:\/\/tuunerstuudio.ee\/ru\/toode\/hurricane-i-profiiliga-kepsud-m20-m50-m52-m54\/","url":"https:\/\/tuunerstuudio.ee\/ru\/toode\/hurricane-i-profiiliga-kepsud-m20-m50-m52-m54\/","name":"Hurricane I-profiiliga kepsud (M20, M50, M52, M54) - TuunerStuudio","isPartOf":{"@id":"https:\/\/tuunerstuudio.ee\/ru\/#website"},"primaryImageOfPage":{"@id":"https:\/\/tuunerstuudio.ee\/ru\/toode\/hurricane-i-profiiliga-kepsud-m20-m50-m52-m54\/#primaryimage"},"image":{"@id":"https:\/\/tuunerstuudio.ee\/toode\/hurricane-i-profiiliga-kepsud-m20-m50-m52-m54\/#primaryimage"},"thumbnailUrl":"https:\/\/tuunerstuudio.ee\/wp-content\/uploads\/2024\/10\/Hurricane-rods-4-setl-engine.webp","datePublished":"2024-10-11T12:13:07+00:00","dateModified":"2024-10-11T12:13:14+00:00","breadcrumb":{"@id":"https:\/\/tuunerstuudio.ee\/ru\/toode\/hurricane-i-profiiliga-kepsud-m20-m50-m52-m54\/#breadcrumb"},"inLanguage":"ru-RU","potentialAction":[{"@type":"ReadAction","target":[["https:\/\/tuunerstuudio.ee\/ru\/toode\/hurricane-i-profiiliga-kepsud-m20-m50-m52-m54\/"]]}]},{"@type":"ImageObject","inLanguage":"ru-RU","@id":"https:\/\/tuunerstuudio.ee\/ru\/toode\/hurricane-i-profiiliga-kepsud-m20-m50-m52-m54\/#primaryimage","url":"https:\/\/tuunerstuudio.ee\/wp-content\/uploads\/2024\/10\/Hurricane-rods-4-setl-engine.webp","contentUrl":"https:\/\/tuunerstuudio.ee\/wp-content\/uploads\/2024\/10\/Hurricane-rods-4-setl-engine.webp","width":1024,"height":683},{"@type":"BreadcrumbList","@id":"https:\/\/tuunerstuudio.ee\/ru\/toode\/hurricane-i-profiiliga-kepsud-m20-m50-m52-m54\/#breadcrumb","itemListElement":[{"@type":"ListItem","position":1,"name":"Home","item":"https:\/\/tuunerstuudio.ee\/ru\/"},{"@type":"ListItem","position":2,"name":"Tooted","item":"https:\/\/www.tuunerstuudio.ee\/tooted\/"},{"@type":"ListItem","position":3,"name":"Hurricane I-profiiliga kepsud (M20, M50, M52, M54)"}]},{"@type":"WebSite","@id":"https:\/\/tuunerstuudio.ee\/ru\/#website","url":"https:\/\/tuunerstuudio.ee\/ru\/","name":"tuunerstuudio","description":"","potentialAction":[{"@type":"SearchAction","target":{"@type":"EntryPoint","urlTemplate":"https:\/\/tuunerstuudio.ee\/ru\/?s={search_term_string}"},"query-input":{"@type":"PropertyValueSpecification","valueRequired":true,"valueName":"search_term_string"}}],"inLanguage":"ru-RU"}]}},"_links":{"self":[{"href":"https:\/\/tuunerstuudio.ee\/ru\/wp-json\/wp\/v2\/product\/11247","targetHints":{"allow":["GET"]}}],"collection":[{"href":"https:\/\/tuunerstuudio.ee\/ru\/wp-json\/wp\/v2\/product"}],"about":[{"href":"https:\/\/tuunerstuudio.ee\/ru\/wp-json\/wp\/v2\/types\/product"}],"replies":[{"embeddable":true,"href":"https:\/\/tuunerstuudio.ee\/ru\/wp-json\/wp\/v2\/comments?post=11247"}],"wp:featuredmedia":[{"embeddable":true,"href":"https:\/\/tuunerstuudio.ee\/ru\/wp-json\/wp\/v2\/media\/11267"}],"wp:attachment":[{"href":"https:\/\/tuunerstuudio.ee\/ru\/wp-json\/wp\/v2\/media?parent=11247"}],"wp:term":[{"taxonomy":"product_brand","embeddable":true,"href":"https:\/\/tuunerstuudio.ee\/ru\/wp-json\/wp\/v2\/product_brand?post=11247"},{"taxonomy":"product_cat","embeddable":true,"href":"https:\/\/tuunerstuudio.ee\/ru\/wp-json\/wp\/v2\/product_cat?post=11247"},{"taxonomy":"product_tag","embeddable":true,"href":"https:\/\/tuunerstuudio.ee\/ru\/wp-json\/wp\/v2\/product_tag?post=11247"}],"curies":[{"name":"wp","href":"https:\/\/api.w.org\/{rel}","templated":true}]}}