{"id":9915,"date":"2024-10-11T15:08:25","date_gmt":"2024-10-11T12:08:25","guid":{"rendered":"https:\/\/tuunerstuudio.ee\/uuswp\/?post_type=product&#038;p=9915"},"modified":"2024-10-11T15:08:29","modified_gmt":"2024-10-11T12:08:29","slug":"clutch-kit-xtreme-performance-heavy-duty-sprung-ceramic-430nm-650kg-50-inc","status":"publish","type":"product","link":"https:\/\/tuunerstuudio.ee\/en\/toode\/clutch-kit-xtreme-performance-heavy-duty-sprung-ceramic-430nm-650kg-50-inc\/","title":{"rendered":"Clutch Kit &#8211; Xtreme Performance Heavy Duty Sprung Ceramic 430Nm 650kg (50% inc.)"},"content":{"rendered":"<ul data-v-7bd42a7a=\"\">\n<li data-v-7bd42a7a=\"\">\n<div data-v-7bd42a7a=\"\">Clutch Disc Diameter (mm): 215<\/div>\n<\/li>\n<li data-v-7bd42a7a=\"\">\n<div data-v-7bd42a7a=\"\">Clutch Disc Spline Count: 10<\/div>\n<\/li>\n<li data-v-7bd42a7a=\"\">\n<div data-v-7bd42a7a=\"\">Clutch Disc Spline Diameter (mm): 29<\/div>\n<\/li>\n<li data-v-7bd42a7a=\"\">\n<div data-v-7bd42a7a=\"\">Torque (Nm):\u00a0430<\/div>\n<\/li>\n<li data-v-7bd42a7a=\"\">\n<div data-v-7bd42a7a=\"\">Flywheel Step:\u00a0+.4mm\/.015&#8243;&#8221;<\/div>\n<\/li>\n<li data-v-7bd42a7a=\"\">\n<div data-v-7bd42a7a=\"\">Design:\u00a0Single Plate<\/div>\n<\/li>\n<li data-v-7bd42a7a=\"\">\n<div data-v-7bd42a7a=\"\">Stage:\u00a0Stage 2<\/div>\n<\/li>\n<li data-v-7bd42a7a=\"\">\n<div data-v-7bd42a7a=\"\">Tech Bulletins<\/div>\n<\/li>\n<li data-v-7bd42a7a=\"\">\n<div data-v-7bd42a7a=\"\">Clamp Load: 650Kg (50% inc.)<\/div>\n<\/li>\n<li data-v-7bd42a7a=\"\">\n<div data-v-7bd42a7a=\"\">Recommended for:\u00a0Track &#8211; Stage 2<\/div>\n<\/li>\n<li data-v-7bd42a7a=\"\">\n<div data-v-7bd42a7a=\"\">Ring Gear Tooth count<\/div>\n<\/li>\n<li data-v-7bd42a7a=\"\">\n<div data-v-7bd42a7a=\"\">Additional infotmation<\/div>\n<\/li>\n<li data-v-7bd42a7a=\"\">\n<div data-v-7bd42a7a=\"\">Weight [KG]: 8.83<\/div>\n<\/li>\n<\/ul>\n<table id=\"__BVID__838\" class=\"table b-table applications-table table-striped table-hover b-table-fixed b-table-selectable b-table-select-single\" role=\"table\" data-v-6b2d1286=\"\" aria-busy=\"false\" aria-colcount=\"7\" aria-multiselectable=\"false\">\n<tbody role=\"rowgroup\">\n<tr class=\"\" role=\"row\">\n<th class=\"\" role=\"columnheader\" scope=\"col\" aria-colindex=\"1\">\n<div>Make<\/div>\n<\/th>\n<th class=\"\" role=\"columnheader\" scope=\"col\" aria-colindex=\"2\">\n<div>Model<\/div>\n<\/th>\n<th class=\"\" role=\"columnheader\" scope=\"col\" aria-colindex=\"3\">\n<div>Year<\/div>\n<\/th>\n<th class=\"\" role=\"columnheader\" scope=\"col\" aria-colindex=\"4\">\n<div>Variant<\/div>\n<\/th>\n<th class=\"\" role=\"columnheader\" scope=\"col\" aria-colindex=\"5\">\n<div>Engine<\/div>\n<\/th>\n<th class=\"\" role=\"columnheader\" scope=\"col\" aria-colindex=\"6\">\n<div>Note<\/div>\n<\/th>\n<th class=\"\" role=\"columnheader\" scope=\"col\" aria-colindex=\"7\">\n<div>Details<\/div>\n<\/th>\n<\/tr>\n<tr class=\"\" tabindex=\"0\" role=\"row\" aria-selected=\"false\">\n<td class=\"\" role=\"cell\" aria-colindex=\"1\">BMW<\/td>\n<td class=\"\" role=\"cell\" aria-colindex=\"2\">3-Series<\/td>\n<td class=\"\" role=\"cell\" aria-colindex=\"3\">1975-1979<\/td>\n<td class=\"\" role=\"cell\" aria-colindex=\"4\">320 E21<\/td>\n<td class=\"\" role=\"cell\" aria-colindex=\"5\">1990cc | 80KW | 109HP | M10 B20 (1975-1979)<\/td>\n<td class=\"\" role=\"cell\" aria-colindex=\"6\">4-Speed Manual Transmission<\/td>\n<td class=\"\" role=\"cell\" aria-colindex=\"7\"><\/td>\n<\/tr>\n<tr class=\"\" tabindex=\"0\" role=\"row\" aria-selected=\"false\">\n<td class=\"\" role=\"cell\" aria-colindex=\"1\">BMW<\/td>\n<td class=\"\" role=\"cell\" aria-colindex=\"2\">3-Series<\/td>\n<td class=\"\" role=\"cell\" aria-colindex=\"3\">1975-1980<\/td>\n<td class=\"\" role=\"cell\" aria-colindex=\"4\">316 E21<\/td>\n<td class=\"\" role=\"cell\" aria-colindex=\"5\">1573cc | 66KW | 90HP | M10 B16 (164VA) (1975-1980)<\/td>\n<td class=\"\" role=\"cell\" aria-colindex=\"6\"><\/td>\n<td class=\"\" role=\"cell\" aria-colindex=\"7\"><\/td>\n<\/tr>\n<tr class=\"\" tabindex=\"0\" role=\"row\" aria-selected=\"false\">\n<td class=\"\" role=\"cell\" aria-colindex=\"1\">BMW<\/td>\n<td class=\"\" role=\"cell\" aria-colindex=\"2\">3-Series<\/td>\n<td class=\"\" role=\"cell\" aria-colindex=\"3\">1975-1980<\/td>\n<td class=\"\" role=\"cell\" aria-colindex=\"4\">318 E21<\/td>\n<td class=\"\" role=\"cell\" aria-colindex=\"5\">1766cc | 72KW | 98HP | M10 B18 (184VA) (1975-1980)<\/td>\n<td class=\"\" role=\"cell\" aria-colindex=\"6\"><\/td>\n<td class=\"\" role=\"cell\" aria-colindex=\"7\"><\/td>\n<\/tr>\n<tr class=\"\" tabindex=\"0\" role=\"row\" aria-selected=\"false\">\n<td class=\"\" role=\"cell\" aria-colindex=\"1\">BMW<\/td>\n<td class=\"\" role=\"cell\" aria-colindex=\"2\">3-Series<\/td>\n<td class=\"\" role=\"cell\" aria-colindex=\"3\">1975-1982<\/td>\n<td class=\"\" role=\"cell\" aria-colindex=\"4\">320 i E21<\/td>\n<td class=\"\" role=\"cell\" aria-colindex=\"5\">1990cc | 92KW | 125HP | M10 B20 (1975-1982)<\/td>\n<td class=\"\" role=\"cell\" aria-colindex=\"6\">4-Speed Manual Transmission<\/td>\n<td class=\"\" role=\"cell\" aria-colindex=\"7\"><\/td>\n<\/tr>\n<tr class=\"\" tabindex=\"0\" role=\"row\" aria-selected=\"false\">\n<td class=\"\" role=\"cell\" aria-colindex=\"1\">BMW<\/td>\n<td class=\"\" role=\"cell\" aria-colindex=\"2\">3-Series<\/td>\n<td class=\"\" role=\"cell\" aria-colindex=\"3\">1977-1982<\/td>\n<td class=\"\" role=\"cell\" aria-colindex=\"4\">320\/6 E21<\/td>\n<td class=\"\" role=\"cell\" aria-colindex=\"5\">1990cc | 90KW | 122HP | M20 B20 (206VA) (1977-1982)<\/td>\n<td class=\"\" role=\"cell\" aria-colindex=\"6\">4-Speed Manual Transmission<\/td>\n<td class=\"\" role=\"cell\" aria-colindex=\"7\"><\/td>\n<\/tr>\n<tr class=\"\" tabindex=\"0\" role=\"row\" aria-selected=\"false\">\n<td class=\"\" role=\"cell\" aria-colindex=\"1\">BMW<\/td>\n<td class=\"\" role=\"cell\" aria-colindex=\"2\">3-Series<\/td>\n<td class=\"\" role=\"cell\" aria-colindex=\"3\">1979-1982<\/td>\n<td class=\"\" role=\"cell\" aria-colindex=\"4\">318 i E21<\/td>\n<td class=\"\" role=\"cell\" aria-colindex=\"5\">1766cc | 77KW | 105HP | M10 B18 (184VA) (1979-1982)<\/td>\n<td class=\"\" role=\"cell\" aria-colindex=\"6\"><\/td>\n<td class=\"\" role=\"cell\" aria-colindex=\"7\"><\/td>\n<\/tr>\n<tr class=\"\" tabindex=\"0\" role=\"row\" aria-selected=\"false\">\n<td class=\"\" role=\"cell\" aria-colindex=\"1\">BMW<\/td>\n<td class=\"\" role=\"cell\" aria-colindex=\"2\">3-Series<\/td>\n<td class=\"\" role=\"cell\" aria-colindex=\"3\">1980-1982<\/td>\n<td class=\"\" role=\"cell\" aria-colindex=\"4\">316 E21<\/td>\n<td class=\"\" role=\"cell\" aria-colindex=\"5\">1766cc | 66KW | 90HP | M10 B18 (184VC) (1980-1982)<\/td>\n<td class=\"\" role=\"cell\" aria-colindex=\"6\"><\/td>\n<td class=\"\" role=\"cell\" aria-colindex=\"7\"><\/td>\n<\/tr>\n<tr class=\"\" tabindex=\"0\" role=\"row\" aria-selected=\"false\">\n<td class=\"\" role=\"cell\" aria-colindex=\"1\">BMW<\/td>\n<td class=\"\" role=\"cell\" aria-colindex=\"2\">3-Series<\/td>\n<td class=\"\" role=\"cell\" aria-colindex=\"3\">1981-1984<\/td>\n<td class=\"\" role=\"cell\" aria-colindex=\"4\">315 E21<\/td>\n<td class=\"\" role=\"cell\" aria-colindex=\"5\">1573cc | 55KW | 75HP | M10 B16 (164VB) (1981-1984)<\/td>\n<td class=\"\" role=\"cell\" aria-colindex=\"6\"><\/td>\n<td class=\"\" role=\"cell\" aria-colindex=\"7\"><\/td>\n<\/tr>\n<tr class=\"\" tabindex=\"0\" role=\"row\" aria-selected=\"false\">\n<td class=\"\" role=\"cell\" aria-colindex=\"1\">BMW<\/td>\n<td class=\"\" role=\"cell\" aria-colindex=\"2\">3-Series<\/td>\n<td class=\"\" role=\"cell\" aria-colindex=\"3\">1982-1987<\/td>\n<td class=\"\" role=\"cell\" aria-colindex=\"4\">318 i E30<\/td>\n<td class=\"\" role=\"cell\" aria-colindex=\"5\">1766cc | 77KW | 105HP | M10 B18 (184EA);M10 B18 (184EB);M10 B18 (184EZ) (1982-1987)<\/td>\n<td class=\"\" role=\"cell\" aria-colindex=\"6\"><\/td>\n<td class=\"\" role=\"cell\" aria-colindex=\"7\"><\/td>\n<\/tr>\n<tr class=\"\" tabindex=\"0\" role=\"row\" aria-selected=\"false\">\n<td class=\"\" role=\"cell\" aria-colindex=\"1\">BMW<\/td>\n<td class=\"\" role=\"cell\" aria-colindex=\"2\">3-Series<\/td>\n<td class=\"\" role=\"cell\" aria-colindex=\"3\">1982-1990<\/td>\n<td class=\"\" role=\"cell\" aria-colindex=\"4\">318 i Baur TC E30<\/td>\n<td class=\"\" role=\"cell\" aria-colindex=\"5\">1766cc | 77KW | 105HP | M10 B18 (184EA), M10 B18 (184EB), M10 B18 (184EZ) (1982-1990)<\/td>\n<td class=\"\" role=\"cell\" aria-colindex=\"6\">Production date: until 08\/1987<\/td>\n<td class=\"\" role=\"cell\" aria-colindex=\"7\"><\/td>\n<\/tr>\n<tr class=\"\" tabindex=\"0\" role=\"row\" aria-selected=\"false\">\n<td class=\"\" role=\"cell\" aria-colindex=\"1\">BMW<\/td>\n<td class=\"\" role=\"cell\" aria-colindex=\"2\">3-Series<\/td>\n<td class=\"\" role=\"cell\" aria-colindex=\"3\">1983-1988<\/td>\n<td class=\"\" role=\"cell\" aria-colindex=\"4\">316 (Ecotronic) E30<\/td>\n<td class=\"\" role=\"cell\" aria-colindex=\"5\">1766cc | 66KW | 90HP | M10 B18 (184VD) (1983-1988)<\/td>\n<td class=\"\" role=\"cell\" aria-colindex=\"6\"><\/td>\n<td class=\"\" role=\"cell\" aria-colindex=\"7\"><\/td>\n<\/tr>\n<tr class=\"\" tabindex=\"0\" role=\"row\" aria-selected=\"false\">\n<td class=\"\" role=\"cell\" aria-colindex=\"1\">BMW<\/td>\n<td class=\"\" role=\"cell\" aria-colindex=\"2\">3-Series<\/td>\n<td class=\"\" role=\"cell\" aria-colindex=\"3\">1983-1988<\/td>\n<td class=\"\" role=\"cell\" aria-colindex=\"4\">316 E30<\/td>\n<td class=\"\" role=\"cell\" aria-colindex=\"5\">1766cc | 66KW | 90HP | M10 B18 (184VD) (1983-1988)<\/td>\n<td class=\"\" role=\"cell\" aria-colindex=\"6\"><\/td>\n<td class=\"\" role=\"cell\" aria-colindex=\"7\"><\/td>\n<\/tr>\n<tr class=\"\" tabindex=\"0\" role=\"row\" aria-selected=\"false\">\n<td class=\"\" role=\"cell\" aria-colindex=\"1\">BMW<\/td>\n<td class=\"\" role=\"cell\" aria-colindex=\"2\">3-Series<\/td>\n<td class=\"\" role=\"cell\" aria-colindex=\"3\">1984-1988<\/td>\n<td class=\"\" role=\"cell\" aria-colindex=\"4\">318 i E30<\/td>\n<td class=\"\" role=\"cell\" aria-colindex=\"5\">1766cc | 75KW | 102HP | M10 B18 (184KA) (1984-1988)<\/td>\n<td class=\"\" role=\"cell\" aria-colindex=\"6\">Production date: until 08\/1987<\/td>\n<td class=\"\" role=\"cell\" aria-colindex=\"7\"><\/td>\n<\/tr>\n<tr class=\"\" tabindex=\"0\" role=\"row\" aria-selected=\"false\">\n<td class=\"\" role=\"cell\" aria-colindex=\"1\">BMW<\/td>\n<td class=\"\" role=\"cell\" aria-colindex=\"2\">3-Series<\/td>\n<td class=\"\" role=\"cell\" aria-colindex=\"3\">1987-1988<\/td>\n<td class=\"\" role=\"cell\" aria-colindex=\"4\">316 i E30<\/td>\n<td class=\"\" role=\"cell\" aria-colindex=\"5\">1766cc | 75KW | 102HP | M10 B18 (184KA) (1987-1988)<\/td>\n<td class=\"\" role=\"cell\" aria-colindex=\"6\"><\/td>\n<td class=\"\" role=\"cell\" aria-colindex=\"7\"><\/td>\n<\/tr>\n<tr class=\"\" tabindex=\"0\" role=\"row\" aria-selected=\"false\">\n<td class=\"\" role=\"cell\" aria-colindex=\"1\">BMW<\/td>\n<td class=\"\" role=\"cell\" aria-colindex=\"2\">5-Series<\/td>\n<td class=\"\" role=\"cell\" aria-colindex=\"3\">1974-1981<\/td>\n<td class=\"\" role=\"cell\" aria-colindex=\"4\">518 E12<\/td>\n<td class=\"\" role=\"cell\" aria-colindex=\"5\">1766cc | 66KW | 90HP | M10 B18 (184VB) (1974-1981)<\/td>\n<td class=\"\" role=\"cell\" aria-colindex=\"6\">4-Speed Manual Transmission<\/td>\n<td class=\"\" role=\"cell\" aria-colindex=\"7\"><\/td>\n<\/tr>\n<tr class=\"\" tabindex=\"0\" role=\"row\" aria-selected=\"false\">\n<td class=\"\" role=\"cell\" aria-colindex=\"1\">BMW<\/td>\n<td class=\"\" role=\"cell\" aria-colindex=\"2\">5-Series<\/td>\n<td class=\"\" role=\"cell\" aria-colindex=\"3\">1979-1981<\/td>\n<td class=\"\" role=\"cell\" aria-colindex=\"4\">518 i E12<\/td>\n<td class=\"\" role=\"cell\" aria-colindex=\"5\">1766cc | 75KW | 102HP | M10 B18 (184EB) (1979-1981)<\/td>\n<td class=\"\" role=\"cell\" aria-colindex=\"6\"><\/td>\n<td class=\"\" role=\"cell\" aria-colindex=\"7\"><\/td>\n<\/tr>\n<tr class=\"\" tabindex=\"0\" role=\"row\" aria-selected=\"false\">\n<td class=\"\" role=\"cell\" aria-colindex=\"1\">BMW<\/td>\n<td class=\"\" role=\"cell\" aria-colindex=\"2\">5-Series<\/td>\n<td class=\"\" role=\"cell\" aria-colindex=\"3\">1981-1984<\/td>\n<td class=\"\" role=\"cell\" aria-colindex=\"4\">518 E28<\/td>\n<td class=\"\" role=\"cell\" aria-colindex=\"5\">1766cc | 66KW | 90HP | M10 B18 (184VC);M10 B18 (184VD) (1981-1984)<\/td>\n<td class=\"\" role=\"cell\" aria-colindex=\"6\"><\/td>\n<td class=\"\" role=\"cell\" aria-colindex=\"7\"><\/td>\n<\/tr>\n<tr class=\"\" tabindex=\"0\" role=\"row\" aria-selected=\"false\">\n<td class=\"\" role=\"cell\" aria-colindex=\"1\">BMW<\/td>\n<td class=\"\" role=\"cell\" aria-colindex=\"2\">5-Series<\/td>\n<td class=\"\" role=\"cell\" aria-colindex=\"3\">1981-1987<\/td>\n<td class=\"\" role=\"cell\" aria-colindex=\"4\">518 i E28<\/td>\n<td class=\"\" role=\"cell\" aria-colindex=\"5\">1766cc | 77KW | 105HP | M10 B18 (184EB) (1981-1987)<\/td>\n<td class=\"\" role=\"cell\" aria-colindex=\"6\"><\/td>\n<td class=\"\" role=\"cell\" aria-colindex=\"7\"><\/td>\n<\/tr>\n<tr class=\"\" tabindex=\"0\" role=\"row\" aria-selected=\"false\">\n<td class=\"\" role=\"cell\" aria-colindex=\"1\">BMW<\/td>\n<td class=\"\" role=\"cell\" aria-colindex=\"2\">5-Series<\/td>\n<td class=\"\" role=\"cell\" aria-colindex=\"3\">1981-1987<\/td>\n<td class=\"\" role=\"cell\" aria-colindex=\"4\">518 i E28<\/td>\n<td class=\"\" role=\"cell\" aria-colindex=\"5\">1766cc | 75KW | 102HP | M10 B18 (184EB) (1981-1987)<\/td>\n<\/tr>\n<\/tbody>\n<\/table>\n","protected":false},"excerpt":{"rendered":"<p id=\"tw-target-text\" class=\"tw-data-text tw-text-large tw-ta\" dir=\"ltr\" data-placeholder=\"T\u00f5lge\" data-ved=\"2ahUKEwiKj4rrmv2DAxVZAxAIHfm7C_4Q3ewLegQIDhAQ\"><span class=\"Y2IQFc\" lang=\"et\"><strong>Tehnilised andmed:<\/strong><\/span><\/p>\n<ul>\n<li class=\"tw-data-text tw-text-large tw-ta\" dir=\"ltr\" data-placeholder=\"T\u00f5lge\" data-ved=\"2ahUKEwiKj4rrmv2DAxVZAxAIHfm7C_4Q3ewLegQIDhAQ\"><span class=\"Y2IQFc\" lang=\"et\"> P\u00f6\u00f6rdemoment 430 Nm <\/span><\/li>\n<li class=\"tw-data-text tw-text-large tw-ta\" dir=\"ltr\" data-placeholder=\"T\u00f5lge\" data-ved=\"2ahUKEwiKj4rrmv2DAxVZAxAIHfm7C_4Q3ewLegQIDhAQ\"><span class=\"Y2IQFc\" lang=\"et\">Klambri koormus 650 kg 50% standardiga v\u00f5rreldes suurem<\/span><\/li>\n<li class=\"tw-data-text tw-text-large tw-ta\" dir=\"ltr\" data-placeholder=\"T\u00f5lge\" data-ved=\"2ahUKEwiKj4rrmv2DAxVZAxAIHfm7C_4Q3ewLegQIDhAQ\"><span class=\"Y2IQFc\" lang=\"et\">Vedrustatud keraamiline h\u00f5\u00f5rdketas<\/span><\/li>\n<li class=\"tw-data-text tw-text-large tw-ta\" dir=\"ltr\" data-placeholder=\"T\u00f5lge\" data-ved=\"2ahUKEwiKj4rrmv2DAxVZAxAIHfm7C_4Q3ewLegQIDhAQ\"><span class=\"Y2IQFc\" lang=\"et\">Tugeva t\u00f6\u00f6v\u00f5imega surveplaat<\/span><\/li>\n<li class=\"tw-data-text tw-text-large tw-ta\" dir=\"ltr\" data-placeholder=\"T\u00f5lge\" data-ved=\"2ahUKEwiKj4rrmv2DAxVZAxAIHfm7C_4Q3ewLegQIDhAQ\"><span class=\"Y2IQFc\" lang=\"et\">Komplekt sisaldab k\u00f5ike, mida vajate edukaks paigaldamiseks + tarvikuid<\/span><\/li>\n<\/ul>\n","protected":false},"featured_media":9942,"comment_status":"closed","ping_status":"closed","template":"","meta":[],"product_brand":[],"product_cat":[364,365,366,367,369,371],"product_tag":[],"class_list":{"0":"post-9915","1":"product","2":"type-product","3":"status-publish","4":"has-post-thumbnail","6":"product_cat-jouulekanne","7":"product_cat-sidur-hooratas","8":"product_cat-xtreme-clutch","9":"product_cat-bmw-xtreme-clutch","10":"product_cat-bmw-3-seeria","11":"product_cat-bmw-5-seeria","13":"first","14":"onbackorder","15":"taxable","16":"shipping-taxable","17":"purchasable","18":"product-type-simple"},"yoast_head":"<!-- This site is optimized with the Yoast SEO plugin v26.9 - https:\/\/yoast.com\/product\/yoast-seo-wordpress\/ -->\n<title>Clutch Kit - Xtreme Performance Heavy Duty Sprung Ceramic 430Nm 650kg (50% inc.) - TuunerStuudio<\/title>\n<meta name=\"robots\" content=\"index, follow, max-snippet:-1, max-image-preview:large, max-video-preview:-1\" \/>\n<link rel=\"canonical\" href=\"https:\/\/tuunerstuudio.ee\/en\/toode\/clutch-kit-xtreme-performance-heavy-duty-sprung-ceramic-430nm-650kg-50-inc\/\" \/>\n<meta property=\"og:locale\" content=\"en_US\" \/>\n<meta property=\"og:type\" content=\"article\" \/>\n<meta property=\"og:title\" content=\"Clutch Kit - Xtreme Performance Heavy Duty Sprung Ceramic 430Nm 650kg (50% inc.) - TuunerStuudio\" \/>\n<meta property=\"og:description\" content=\"Tehnilised andmed:     P\u00f6\u00f6rdemoment 430 Nm   Klambri koormus 650 kg 50% standardiga v\u00f5rreldes suurem  Vedrustatud keraamiline h\u00f5\u00f5rdketas  Tugeva t\u00f6\u00f6v\u00f5imega surveplaat  Komplekt sisaldab k\u00f5ike, mida vajate edukaks paigaldamiseks + tarvikuid\" \/>\n<meta property=\"og:url\" content=\"https:\/\/tuunerstuudio.ee\/en\/toode\/clutch-kit-xtreme-performance-heavy-duty-sprung-ceramic-430nm-650kg-50-inc\/\" \/>\n<meta property=\"og:site_name\" content=\"TuunerStuudio\" \/>\n<meta property=\"article:modified_time\" content=\"2024-10-11T12:08:29+00:00\" \/>\n<meta property=\"og:image\" content=\"https:\/\/tuunerstuudio.ee\/wp-content\/uploads\/2024\/10\/whatsinthebox_XtremePerformance-1.jpg\" \/>\n\t<meta property=\"og:image:width\" content=\"800\" \/>\n\t<meta property=\"og:image:height\" content=\"662\" \/>\n\t<meta property=\"og:image:type\" content=\"image\/jpeg\" \/>\n<meta name=\"twitter:card\" content=\"summary_large_image\" \/>\n<meta name=\"twitter:label1\" content=\"Est. reading time\" \/>\n\t<meta name=\"twitter:data1\" content=\"3 minutes\" \/>\n<script type=\"application\/ld+json\" class=\"yoast-schema-graph\">{\"@context\":\"https:\/\/schema.org\",\"@graph\":[{\"@type\":\"WebPage\",\"@id\":\"https:\/\/tuunerstuudio.ee\/en\/toode\/clutch-kit-xtreme-performance-heavy-duty-sprung-ceramic-430nm-650kg-50-inc\/\",\"url\":\"https:\/\/tuunerstuudio.ee\/en\/toode\/clutch-kit-xtreme-performance-heavy-duty-sprung-ceramic-430nm-650kg-50-inc\/\",\"name\":\"Clutch Kit - Xtreme Performance Heavy Duty Sprung Ceramic 430Nm 650kg (50% inc.) - TuunerStuudio\",\"isPartOf\":{\"@id\":\"https:\/\/tuunerstuudio.ee\/en\/#website\"},\"primaryImageOfPage\":{\"@id\":\"https:\/\/tuunerstuudio.ee\/en\/toode\/clutch-kit-xtreme-performance-heavy-duty-sprung-ceramic-430nm-650kg-50-inc\/#primaryimage\"},\"image\":{\"@id\":\"https:\/\/tuunerstuudio.ee\/toode\/clutch-kit-xtreme-performance-heavy-duty-sprung-ceramic-430nm-650kg-50-inc\/#primaryimage\"},\"thumbnailUrl\":\"https:\/\/tuunerstuudio.ee\/wp-content\/uploads\/2024\/10\/whatsinthebox_XtremePerformance-1.jpg\",\"datePublished\":\"2024-10-11T12:08:25+00:00\",\"dateModified\":\"2024-10-11T12:08:29+00:00\",\"breadcrumb\":{\"@id\":\"https:\/\/tuunerstuudio.ee\/en\/toode\/clutch-kit-xtreme-performance-heavy-duty-sprung-ceramic-430nm-650kg-50-inc\/#breadcrumb\"},\"inLanguage\":\"en-US\",\"potentialAction\":[{\"@type\":\"ReadAction\",\"target\":[[\"https:\/\/tuunerstuudio.ee\/en\/toode\/clutch-kit-xtreme-performance-heavy-duty-sprung-ceramic-430nm-650kg-50-inc\/\"]]}]},{\"@type\":\"ImageObject\",\"inLanguage\":\"en-US\",\"@id\":\"https:\/\/tuunerstuudio.ee\/en\/toode\/clutch-kit-xtreme-performance-heavy-duty-sprung-ceramic-430nm-650kg-50-inc\/#primaryimage\",\"url\":\"https:\/\/tuunerstuudio.ee\/wp-content\/uploads\/2024\/10\/whatsinthebox_XtremePerformance-1.jpg\",\"contentUrl\":\"https:\/\/tuunerstuudio.ee\/wp-content\/uploads\/2024\/10\/whatsinthebox_XtremePerformance-1.jpg\",\"width\":800,\"height\":662},{\"@type\":\"BreadcrumbList\",\"@id\":\"https:\/\/tuunerstuudio.ee\/en\/toode\/clutch-kit-xtreme-performance-heavy-duty-sprung-ceramic-430nm-650kg-50-inc\/#breadcrumb\",\"itemListElement\":[{\"@type\":\"ListItem\",\"position\":1,\"name\":\"Home\",\"item\":\"https:\/\/tuunerstuudio.ee\/en\/\"},{\"@type\":\"ListItem\",\"position\":2,\"name\":\"Tooted\",\"item\":\"https:\/\/www.tuunerstuudio.ee\/tooted\/\"},{\"@type\":\"ListItem\",\"position\":3,\"name\":\"Clutch Kit &#8211; Xtreme Performance Heavy Duty Sprung Ceramic 430Nm 650kg (50% inc.)\"}]},{\"@type\":\"WebSite\",\"@id\":\"https:\/\/tuunerstuudio.ee\/en\/#website\",\"url\":\"https:\/\/tuunerstuudio.ee\/en\/\",\"name\":\"tuunerstuudio\",\"description\":\"\",\"potentialAction\":[{\"@type\":\"SearchAction\",\"target\":{\"@type\":\"EntryPoint\",\"urlTemplate\":\"https:\/\/tuunerstuudio.ee\/en\/?s={search_term_string}\"},\"query-input\":{\"@type\":\"PropertyValueSpecification\",\"valueRequired\":true,\"valueName\":\"search_term_string\"}}],\"inLanguage\":\"en-US\"}]}<\/script>\n<!-- \/ Yoast SEO plugin. -->","yoast_head_json":{"title":"Clutch Kit - Xtreme Performance Heavy Duty Sprung Ceramic 430Nm 650kg (50% inc.) - TuunerStuudio","robots":{"index":"index","follow":"follow","max-snippet":"max-snippet:-1","max-image-preview":"max-image-preview:large","max-video-preview":"max-video-preview:-1"},"canonical":"https:\/\/tuunerstuudio.ee\/en\/toode\/clutch-kit-xtreme-performance-heavy-duty-sprung-ceramic-430nm-650kg-50-inc\/","og_locale":"en_US","og_type":"article","og_title":"Clutch Kit - Xtreme Performance Heavy Duty Sprung Ceramic 430Nm 650kg (50% inc.) - TuunerStuudio","og_description":"Tehnilised andmed:     P\u00f6\u00f6rdemoment 430 Nm   Klambri koormus 650 kg 50% standardiga v\u00f5rreldes suurem  Vedrustatud keraamiline h\u00f5\u00f5rdketas  Tugeva t\u00f6\u00f6v\u00f5imega surveplaat  Komplekt sisaldab k\u00f5ike, mida vajate edukaks paigaldamiseks + tarvikuid","og_url":"https:\/\/tuunerstuudio.ee\/en\/toode\/clutch-kit-xtreme-performance-heavy-duty-sprung-ceramic-430nm-650kg-50-inc\/","og_site_name":"TuunerStuudio","article_modified_time":"2024-10-11T12:08:29+00:00","og_image":[{"width":800,"height":662,"url":"https:\/\/tuunerstuudio.ee\/wp-content\/uploads\/2024\/10\/whatsinthebox_XtremePerformance-1.jpg","type":"image\/jpeg"}],"twitter_card":"summary_large_image","twitter_misc":{"Est. reading time":"3 minutes"},"schema":{"@context":"https:\/\/schema.org","@graph":[{"@type":"WebPage","@id":"https:\/\/tuunerstuudio.ee\/en\/toode\/clutch-kit-xtreme-performance-heavy-duty-sprung-ceramic-430nm-650kg-50-inc\/","url":"https:\/\/tuunerstuudio.ee\/en\/toode\/clutch-kit-xtreme-performance-heavy-duty-sprung-ceramic-430nm-650kg-50-inc\/","name":"Clutch Kit - Xtreme Performance Heavy Duty Sprung Ceramic 430Nm 650kg (50% inc.) - TuunerStuudio","isPartOf":{"@id":"https:\/\/tuunerstuudio.ee\/en\/#website"},"primaryImageOfPage":{"@id":"https:\/\/tuunerstuudio.ee\/en\/toode\/clutch-kit-xtreme-performance-heavy-duty-sprung-ceramic-430nm-650kg-50-inc\/#primaryimage"},"image":{"@id":"https:\/\/tuunerstuudio.ee\/toode\/clutch-kit-xtreme-performance-heavy-duty-sprung-ceramic-430nm-650kg-50-inc\/#primaryimage"},"thumbnailUrl":"https:\/\/tuunerstuudio.ee\/wp-content\/uploads\/2024\/10\/whatsinthebox_XtremePerformance-1.jpg","datePublished":"2024-10-11T12:08:25+00:00","dateModified":"2024-10-11T12:08:29+00:00","breadcrumb":{"@id":"https:\/\/tuunerstuudio.ee\/en\/toode\/clutch-kit-xtreme-performance-heavy-duty-sprung-ceramic-430nm-650kg-50-inc\/#breadcrumb"},"inLanguage":"en-US","potentialAction":[{"@type":"ReadAction","target":[["https:\/\/tuunerstuudio.ee\/en\/toode\/clutch-kit-xtreme-performance-heavy-duty-sprung-ceramic-430nm-650kg-50-inc\/"]]}]},{"@type":"ImageObject","inLanguage":"en-US","@id":"https:\/\/tuunerstuudio.ee\/en\/toode\/clutch-kit-xtreme-performance-heavy-duty-sprung-ceramic-430nm-650kg-50-inc\/#primaryimage","url":"https:\/\/tuunerstuudio.ee\/wp-content\/uploads\/2024\/10\/whatsinthebox_XtremePerformance-1.jpg","contentUrl":"https:\/\/tuunerstuudio.ee\/wp-content\/uploads\/2024\/10\/whatsinthebox_XtremePerformance-1.jpg","width":800,"height":662},{"@type":"BreadcrumbList","@id":"https:\/\/tuunerstuudio.ee\/en\/toode\/clutch-kit-xtreme-performance-heavy-duty-sprung-ceramic-430nm-650kg-50-inc\/#breadcrumb","itemListElement":[{"@type":"ListItem","position":1,"name":"Home","item":"https:\/\/tuunerstuudio.ee\/en\/"},{"@type":"ListItem","position":2,"name":"Tooted","item":"https:\/\/www.tuunerstuudio.ee\/tooted\/"},{"@type":"ListItem","position":3,"name":"Clutch Kit &#8211; Xtreme Performance Heavy Duty Sprung Ceramic 430Nm 650kg (50% inc.)"}]},{"@type":"WebSite","@id":"https:\/\/tuunerstuudio.ee\/en\/#website","url":"https:\/\/tuunerstuudio.ee\/en\/","name":"tuunerstuudio","description":"","potentialAction":[{"@type":"SearchAction","target":{"@type":"EntryPoint","urlTemplate":"https:\/\/tuunerstuudio.ee\/en\/?s={search_term_string}"},"query-input":{"@type":"PropertyValueSpecification","valueRequired":true,"valueName":"search_term_string"}}],"inLanguage":"en-US"}]}},"_links":{"self":[{"href":"https:\/\/tuunerstuudio.ee\/en\/wp-json\/wp\/v2\/product\/9915","targetHints":{"allow":["GET"]}}],"collection":[{"href":"https:\/\/tuunerstuudio.ee\/en\/wp-json\/wp\/v2\/product"}],"about":[{"href":"https:\/\/tuunerstuudio.ee\/en\/wp-json\/wp\/v2\/types\/product"}],"replies":[{"embeddable":true,"href":"https:\/\/tuunerstuudio.ee\/en\/wp-json\/wp\/v2\/comments?post=9915"}],"wp:featuredmedia":[{"embeddable":true,"href":"https:\/\/tuunerstuudio.ee\/en\/wp-json\/wp\/v2\/media\/9942"}],"wp:attachment":[{"href":"https:\/\/tuunerstuudio.ee\/en\/wp-json\/wp\/v2\/media?parent=9915"}],"wp:term":[{"taxonomy":"product_brand","embeddable":true,"href":"https:\/\/tuunerstuudio.ee\/en\/wp-json\/wp\/v2\/product_brand?post=9915"},{"taxonomy":"product_cat","embeddable":true,"href":"https:\/\/tuunerstuudio.ee\/en\/wp-json\/wp\/v2\/product_cat?post=9915"},{"taxonomy":"product_tag","embeddable":true,"href":"https:\/\/tuunerstuudio.ee\/en\/wp-json\/wp\/v2\/product_tag?post=9915"}],"curies":[{"name":"wp","href":"https:\/\/api.w.org\/{rel}","templated":true}]}}