{"id":9912,"date":"2024-10-11T15:08:24","date_gmt":"2024-10-11T12:08:24","guid":{"rendered":"https:\/\/tuunerstuudio.ee\/uuswp\/?post_type=product&#038;p=9912"},"modified":"2024-10-11T15:08:29","modified_gmt":"2024-10-11T12:08:29","slug":"xtreme-performance-sprung-organic-kit-1a-bmw-1973-1987-e12-e28","status":"publish","type":"product","link":"https:\/\/tuunerstuudio.ee\/en\/toode\/xtreme-performance-sprung-organic-kit-1a-bmw-1973-1987-e12-e28\/","title":{"rendered":"Xtreme Performance &#8211; sprung organic kit \/-1A (BMW 1973-1987 E12\/E28)"},"content":{"rendered":"<table id=\"__BVID__4793\" class=\"table b-table applications-table table-striped table-hover b-table-fixed b-table-selectable b-table-select-single\" role=\"table\" data-v-6b2d1286=\"\" aria-busy=\"false\" aria-colcount=\"7\" aria-multiselectable=\"false\">\n<tbody role=\"rowgroup\">\n<tr class=\"\" tabindex=\"0\" role=\"row\" aria-selected=\"false\">\n<td class=\"\" role=\"cell\" aria-colindex=\"1\">BMW<\/td>\n<td class=\"\" role=\"cell\" aria-colindex=\"2\">5-Series<\/td>\n<td class=\"\" role=\"cell\" aria-colindex=\"3\">1973-1976<\/td>\n<td class=\"\" role=\"cell\" aria-colindex=\"4\">525 E12<\/td>\n<td class=\"\" role=\"cell\" aria-colindex=\"5\">2494cc | 107KW | 145HP | M30 B25 A (1973-1976)<\/td>\n<td class=\"\" role=\"cell\" aria-colindex=\"6\"><\/td>\n<td class=\"\" role=\"cell\" aria-colindex=\"7\"><\/td>\n<\/tr>\n<tr class=\"\" tabindex=\"0\" role=\"row\" aria-selected=\"false\">\n<td class=\"\" role=\"cell\" aria-colindex=\"1\">BMW<\/td>\n<td class=\"\" role=\"cell\" aria-colindex=\"2\">5-Series<\/td>\n<td class=\"\" role=\"cell\" aria-colindex=\"3\">1975-1981<\/td>\n<td class=\"\" role=\"cell\" aria-colindex=\"4\">525 E12<\/td>\n<td class=\"\" role=\"cell\" aria-colindex=\"5\">2494cc | 110KW | 150HP | M30 B25 (256VA) (1975-1981)<\/td>\n<td class=\"\" role=\"cell\" aria-colindex=\"6\"><\/td>\n<td class=\"\" role=\"cell\" aria-colindex=\"7\"><\/td>\n<\/tr>\n<tr class=\"\" tabindex=\"0\" role=\"row\" aria-selected=\"false\">\n<td class=\"\" role=\"cell\" aria-colindex=\"1\">BMW<\/td>\n<td class=\"\" role=\"cell\" aria-colindex=\"2\">5-Series<\/td>\n<td class=\"\" role=\"cell\" aria-colindex=\"3\">1980-1981<\/td>\n<td class=\"\" role=\"cell\" aria-colindex=\"4\">M535 i E12<\/td>\n<td class=\"\" role=\"cell\" aria-colindex=\"5\">3453cc | 160KW | 218HP | M30 B35 (356EA) (1980-1981)<\/td>\n<td class=\"\" role=\"cell\" aria-colindex=\"6\"><\/td>\n<td class=\"\" role=\"cell\" aria-colindex=\"7\"><\/td>\n<\/tr>\n<tr class=\"\" tabindex=\"0\" role=\"row\" aria-selected=\"false\">\n<td class=\"\" role=\"cell\" aria-colindex=\"1\">BMW<\/td>\n<td class=\"\" role=\"cell\" aria-colindex=\"2\">5-Series<\/td>\n<td class=\"\" role=\"cell\" aria-colindex=\"3\">1981-1987<\/td>\n<td class=\"\" role=\"cell\" aria-colindex=\"4\">528 i E28<\/td>\n<td class=\"\" role=\"cell\" aria-colindex=\"5\">2788cc | 135KW | 184HP | M30 B28 (286EA) (1981-1987)<\/td>\n<td class=\"\" role=\"cell\" aria-colindex=\"6\"><\/td>\n<td class=\"\" role=\"cell\" aria-colindex=\"7\"><\/td>\n<\/tr>\n<tr class=\"\" tabindex=\"0\" role=\"row\" aria-selected=\"false\">\n<td class=\"\" role=\"cell\" aria-colindex=\"1\">BMW<\/td>\n<td class=\"\" role=\"cell\" aria-colindex=\"2\">5-Series<\/td>\n<td class=\"\" role=\"cell\" aria-colindex=\"3\">1985-1987<\/td>\n<td class=\"\" role=\"cell\" aria-colindex=\"4\">535 i E28<\/td>\n<td class=\"\" role=\"cell\" aria-colindex=\"5\">3430cc | 160KW | 218HP | M30 B34 (346EC) (1985-1987)<\/td>\n<td class=\"\" role=\"cell\" aria-colindex=\"6\"><\/td>\n<td class=\"\" role=\"cell\" aria-colindex=\"7\"><\/td>\n<\/tr>\n<tr class=\"\" tabindex=\"0\" role=\"row\" aria-selected=\"false\">\n<td class=\"\" role=\"cell\" aria-colindex=\"1\">BMW<\/td>\n<td class=\"\" role=\"cell\" aria-colindex=\"2\">5-Series<\/td>\n<td class=\"\" role=\"cell\" aria-colindex=\"3\">1985-1987<\/td>\n<td class=\"\" role=\"cell\" aria-colindex=\"4\">535 i, M 535 i E28<\/td>\n<td class=\"\" role=\"cell\" aria-colindex=\"5\">3430cc | 136KW | 185HP | M30 B34 (346KA) (1985-1987)<\/td>\n<\/tr>\n<\/tbody>\n<\/table>\n<p>&nbsp;<\/p>\n<ul data-v-7bd42a7a=\"\">\n<li data-v-7bd42a7a=\"\">\n<div data-v-7bd42a7a=\"\">Clutch Disc Diameter (mm): 240<\/div>\n<\/li>\n<li data-v-7bd42a7a=\"\">\n<div data-v-7bd42a7a=\"\">Clutch Disc Spline Count: 10<\/div>\n<\/li>\n<li data-v-7bd42a7a=\"\">\n<div data-v-7bd42a7a=\"\">Clutch Disc Spline Diameter (mm):\u00a029<\/div>\n<\/li>\n<li data-v-7bd42a7a=\"\">\n<div data-v-7bd42a7a=\"\">Torque (Nm):\u00a0350<\/div>\n<\/li>\n<li data-v-7bd42a7a=\"\">\n<div data-v-7bd42a7a=\"\">Flywheel Step<\/div>\n<\/li>\n<li data-v-7bd42a7a=\"\">\n<div data-v-7bd42a7a=\"\">Design:\u00a0Single Plate<\/div>\n<\/li>\n<li data-v-7bd42a7a=\"\">\n<div data-v-7bd42a7a=\"\">Stage:\u00a0Stage 1<\/div>\n<\/li>\n<li data-v-7bd42a7a=\"\">\n<div data-v-7bd42a7a=\"\">Tech Bulletins<\/div>\n<\/li>\n<li data-v-7bd42a7a=\"\">\n<div data-v-7bd42a7a=\"\">Clamp Load<\/div>\n<\/li>\n<li data-v-7bd42a7a=\"\">\n<div data-v-7bd42a7a=\"\">Recommended for:\u00a0Street Performance &amp; Towing &#8211; Stage 1<\/div>\n<\/li>\n<li data-v-7bd42a7a=\"\">\n<div data-v-7bd42a7a=\"\">Ring Gear Tooth count<\/div>\n<\/li>\n<li data-v-7bd42a7a=\"\">\n<div data-v-7bd42a7a=\"\">Additional infotmation<\/div>\n<\/li>\n<li data-v-7bd42a7a=\"\">\n<div data-v-7bd42a7a=\"\">Weight [KG]: 8<\/div>\n<\/li>\n<\/ul>\n","protected":false},"excerpt":{"rendered":"<p><strong>Tehnilised andmed: <\/strong><\/p>\n<ul>\n<li>P\u00f6\u00f6rdemoment 350 Nm<\/li>\n<li>Klambri koormus Standardiga v\u00f5rreldes suurem<\/li>\n<li>Orgaanilised h\u00f5\u00f5rdkettad<\/li>\n<li>Tugeva t\u00f6\u00f6v\u00f5imega surveplaat<\/li>\n<li>Komplekt sisaldab k\u00f5ike, mida vajate edukaks paigaldamiseks + tarvikuid<\/li>\n<\/ul>\n","protected":false},"featured_media":9942,"comment_status":"closed","ping_status":"closed","template":"","meta":[],"product_brand":[],"product_cat":[364,365,366,367,371],"product_tag":[],"class_list":{"0":"post-9912","1":"product","2":"type-product","3":"status-publish","4":"has-post-thumbnail","6":"product_cat-jouulekanne","7":"product_cat-sidur-hooratas","8":"product_cat-xtreme-clutch","9":"product_cat-bmw-xtreme-clutch","10":"product_cat-bmw-5-seeria","12":"first","13":"onbackorder","14":"taxable","15":"shipping-taxable","16":"purchasable","17":"product-type-simple"},"yoast_head":"<!-- This site is optimized with the Yoast SEO plugin v26.9 - https:\/\/yoast.com\/product\/yoast-seo-wordpress\/ -->\n<title>Xtreme Performance - sprung organic kit \/-1A (BMW 1973-1987 E12\/E28) - TuunerStuudio<\/title>\n<meta name=\"robots\" content=\"index, follow, max-snippet:-1, max-image-preview:large, max-video-preview:-1\" \/>\n<link rel=\"canonical\" href=\"https:\/\/tuunerstuudio.ee\/en\/toode\/xtreme-performance-sprung-organic-kit-1a-bmw-1973-1987-e12-e28\/\" \/>\n<meta property=\"og:locale\" content=\"en_US\" \/>\n<meta property=\"og:type\" content=\"article\" \/>\n<meta property=\"og:title\" content=\"Xtreme Performance - sprung organic kit \/-1A (BMW 1973-1987 E12\/E28) - TuunerStuudio\" \/>\n<meta property=\"og:description\" content=\"Tehnilised andmed:    P\u00f6\u00f6rdemoment 350 Nm  Klambri koormus Standardiga v\u00f5rreldes suurem  Orgaanilised h\u00f5\u00f5rdkettad  Tugeva t\u00f6\u00f6v\u00f5imega surveplaat  Komplekt sisaldab k\u00f5ike, mida vajate edukaks paigaldamiseks + tarvikuid\" \/>\n<meta property=\"og:url\" content=\"https:\/\/tuunerstuudio.ee\/en\/toode\/xtreme-performance-sprung-organic-kit-1a-bmw-1973-1987-e12-e28\/\" \/>\n<meta property=\"og:site_name\" content=\"TuunerStuudio\" \/>\n<meta property=\"article:modified_time\" content=\"2024-10-11T12:08:29+00:00\" \/>\n<meta property=\"og:image\" content=\"https:\/\/tuunerstuudio.ee\/wp-content\/uploads\/2024\/10\/whatsinthebox_XtremePerformance-1.jpg\" \/>\n\t<meta property=\"og:image:width\" content=\"800\" \/>\n\t<meta property=\"og:image:height\" content=\"662\" \/>\n\t<meta property=\"og:image:type\" content=\"image\/jpeg\" \/>\n<meta name=\"twitter:card\" content=\"summary_large_image\" \/>\n<meta name=\"twitter:label1\" content=\"Est. reading time\" \/>\n\t<meta name=\"twitter:data1\" content=\"1 minute\" \/>\n<script type=\"application\/ld+json\" class=\"yoast-schema-graph\">{\"@context\":\"https:\/\/schema.org\",\"@graph\":[{\"@type\":\"WebPage\",\"@id\":\"https:\/\/tuunerstuudio.ee\/en\/toode\/xtreme-performance-sprung-organic-kit-1a-bmw-1973-1987-e12-e28\/\",\"url\":\"https:\/\/tuunerstuudio.ee\/en\/toode\/xtreme-performance-sprung-organic-kit-1a-bmw-1973-1987-e12-e28\/\",\"name\":\"Xtreme Performance - sprung organic kit \/-1A (BMW 1973-1987 E12\/E28) - TuunerStuudio\",\"isPartOf\":{\"@id\":\"https:\/\/tuunerstuudio.ee\/en\/#website\"},\"primaryImageOfPage\":{\"@id\":\"https:\/\/tuunerstuudio.ee\/en\/toode\/xtreme-performance-sprung-organic-kit-1a-bmw-1973-1987-e12-e28\/#primaryimage\"},\"image\":{\"@id\":\"https:\/\/tuunerstuudio.ee\/toode\/xtreme-performance-sprung-organic-kit-1a-bmw-1973-1987-e12-e28\/#primaryimage\"},\"thumbnailUrl\":\"https:\/\/tuunerstuudio.ee\/wp-content\/uploads\/2024\/10\/whatsinthebox_XtremePerformance-1.jpg\",\"datePublished\":\"2024-10-11T12:08:24+00:00\",\"dateModified\":\"2024-10-11T12:08:29+00:00\",\"breadcrumb\":{\"@id\":\"https:\/\/tuunerstuudio.ee\/en\/toode\/xtreme-performance-sprung-organic-kit-1a-bmw-1973-1987-e12-e28\/#breadcrumb\"},\"inLanguage\":\"en-US\",\"potentialAction\":[{\"@type\":\"ReadAction\",\"target\":[[\"https:\/\/tuunerstuudio.ee\/en\/toode\/xtreme-performance-sprung-organic-kit-1a-bmw-1973-1987-e12-e28\/\"]]}]},{\"@type\":\"ImageObject\",\"inLanguage\":\"en-US\",\"@id\":\"https:\/\/tuunerstuudio.ee\/en\/toode\/xtreme-performance-sprung-organic-kit-1a-bmw-1973-1987-e12-e28\/#primaryimage\",\"url\":\"https:\/\/tuunerstuudio.ee\/wp-content\/uploads\/2024\/10\/whatsinthebox_XtremePerformance-1.jpg\",\"contentUrl\":\"https:\/\/tuunerstuudio.ee\/wp-content\/uploads\/2024\/10\/whatsinthebox_XtremePerformance-1.jpg\",\"width\":800,\"height\":662},{\"@type\":\"BreadcrumbList\",\"@id\":\"https:\/\/tuunerstuudio.ee\/en\/toode\/xtreme-performance-sprung-organic-kit-1a-bmw-1973-1987-e12-e28\/#breadcrumb\",\"itemListElement\":[{\"@type\":\"ListItem\",\"position\":1,\"name\":\"Home\",\"item\":\"https:\/\/tuunerstuudio.ee\/en\/\"},{\"@type\":\"ListItem\",\"position\":2,\"name\":\"Tooted\",\"item\":\"https:\/\/www.tuunerstuudio.ee\/tooted\/\"},{\"@type\":\"ListItem\",\"position\":3,\"name\":\"Xtreme Performance &#8211; sprung organic kit \/-1A (BMW 1973-1987 E12\/E28)\"}]},{\"@type\":\"WebSite\",\"@id\":\"https:\/\/tuunerstuudio.ee\/en\/#website\",\"url\":\"https:\/\/tuunerstuudio.ee\/en\/\",\"name\":\"tuunerstuudio\",\"description\":\"\",\"potentialAction\":[{\"@type\":\"SearchAction\",\"target\":{\"@type\":\"EntryPoint\",\"urlTemplate\":\"https:\/\/tuunerstuudio.ee\/en\/?s={search_term_string}\"},\"query-input\":{\"@type\":\"PropertyValueSpecification\",\"valueRequired\":true,\"valueName\":\"search_term_string\"}}],\"inLanguage\":\"en-US\"}]}<\/script>\n<!-- \/ Yoast SEO plugin. -->","yoast_head_json":{"title":"Xtreme Performance - sprung organic kit \/-1A (BMW 1973-1987 E12\/E28) - TuunerStuudio","robots":{"index":"index","follow":"follow","max-snippet":"max-snippet:-1","max-image-preview":"max-image-preview:large","max-video-preview":"max-video-preview:-1"},"canonical":"https:\/\/tuunerstuudio.ee\/en\/toode\/xtreme-performance-sprung-organic-kit-1a-bmw-1973-1987-e12-e28\/","og_locale":"en_US","og_type":"article","og_title":"Xtreme Performance - sprung organic kit \/-1A (BMW 1973-1987 E12\/E28) - TuunerStuudio","og_description":"Tehnilised andmed:    P\u00f6\u00f6rdemoment 350 Nm  Klambri koormus Standardiga v\u00f5rreldes suurem  Orgaanilised h\u00f5\u00f5rdkettad  Tugeva t\u00f6\u00f6v\u00f5imega surveplaat  Komplekt sisaldab k\u00f5ike, mida vajate edukaks paigaldamiseks + tarvikuid","og_url":"https:\/\/tuunerstuudio.ee\/en\/toode\/xtreme-performance-sprung-organic-kit-1a-bmw-1973-1987-e12-e28\/","og_site_name":"TuunerStuudio","article_modified_time":"2024-10-11T12:08:29+00:00","og_image":[{"width":800,"height":662,"url":"https:\/\/tuunerstuudio.ee\/wp-content\/uploads\/2024\/10\/whatsinthebox_XtremePerformance-1.jpg","type":"image\/jpeg"}],"twitter_card":"summary_large_image","twitter_misc":{"Est. reading time":"1 minute"},"schema":{"@context":"https:\/\/schema.org","@graph":[{"@type":"WebPage","@id":"https:\/\/tuunerstuudio.ee\/en\/toode\/xtreme-performance-sprung-organic-kit-1a-bmw-1973-1987-e12-e28\/","url":"https:\/\/tuunerstuudio.ee\/en\/toode\/xtreme-performance-sprung-organic-kit-1a-bmw-1973-1987-e12-e28\/","name":"Xtreme Performance - sprung organic kit \/-1A (BMW 1973-1987 E12\/E28) - TuunerStuudio","isPartOf":{"@id":"https:\/\/tuunerstuudio.ee\/en\/#website"},"primaryImageOfPage":{"@id":"https:\/\/tuunerstuudio.ee\/en\/toode\/xtreme-performance-sprung-organic-kit-1a-bmw-1973-1987-e12-e28\/#primaryimage"},"image":{"@id":"https:\/\/tuunerstuudio.ee\/toode\/xtreme-performance-sprung-organic-kit-1a-bmw-1973-1987-e12-e28\/#primaryimage"},"thumbnailUrl":"https:\/\/tuunerstuudio.ee\/wp-content\/uploads\/2024\/10\/whatsinthebox_XtremePerformance-1.jpg","datePublished":"2024-10-11T12:08:24+00:00","dateModified":"2024-10-11T12:08:29+00:00","breadcrumb":{"@id":"https:\/\/tuunerstuudio.ee\/en\/toode\/xtreme-performance-sprung-organic-kit-1a-bmw-1973-1987-e12-e28\/#breadcrumb"},"inLanguage":"en-US","potentialAction":[{"@type":"ReadAction","target":[["https:\/\/tuunerstuudio.ee\/en\/toode\/xtreme-performance-sprung-organic-kit-1a-bmw-1973-1987-e12-e28\/"]]}]},{"@type":"ImageObject","inLanguage":"en-US","@id":"https:\/\/tuunerstuudio.ee\/en\/toode\/xtreme-performance-sprung-organic-kit-1a-bmw-1973-1987-e12-e28\/#primaryimage","url":"https:\/\/tuunerstuudio.ee\/wp-content\/uploads\/2024\/10\/whatsinthebox_XtremePerformance-1.jpg","contentUrl":"https:\/\/tuunerstuudio.ee\/wp-content\/uploads\/2024\/10\/whatsinthebox_XtremePerformance-1.jpg","width":800,"height":662},{"@type":"BreadcrumbList","@id":"https:\/\/tuunerstuudio.ee\/en\/toode\/xtreme-performance-sprung-organic-kit-1a-bmw-1973-1987-e12-e28\/#breadcrumb","itemListElement":[{"@type":"ListItem","position":1,"name":"Home","item":"https:\/\/tuunerstuudio.ee\/en\/"},{"@type":"ListItem","position":2,"name":"Tooted","item":"https:\/\/www.tuunerstuudio.ee\/tooted\/"},{"@type":"ListItem","position":3,"name":"Xtreme Performance &#8211; sprung organic kit \/-1A (BMW 1973-1987 E12\/E28)"}]},{"@type":"WebSite","@id":"https:\/\/tuunerstuudio.ee\/en\/#website","url":"https:\/\/tuunerstuudio.ee\/en\/","name":"tuunerstuudio","description":"","potentialAction":[{"@type":"SearchAction","target":{"@type":"EntryPoint","urlTemplate":"https:\/\/tuunerstuudio.ee\/en\/?s={search_term_string}"},"query-input":{"@type":"PropertyValueSpecification","valueRequired":true,"valueName":"search_term_string"}}],"inLanguage":"en-US"}]}},"_links":{"self":[{"href":"https:\/\/tuunerstuudio.ee\/en\/wp-json\/wp\/v2\/product\/9912","targetHints":{"allow":["GET"]}}],"collection":[{"href":"https:\/\/tuunerstuudio.ee\/en\/wp-json\/wp\/v2\/product"}],"about":[{"href":"https:\/\/tuunerstuudio.ee\/en\/wp-json\/wp\/v2\/types\/product"}],"replies":[{"embeddable":true,"href":"https:\/\/tuunerstuudio.ee\/en\/wp-json\/wp\/v2\/comments?post=9912"}],"wp:featuredmedia":[{"embeddable":true,"href":"https:\/\/tuunerstuudio.ee\/en\/wp-json\/wp\/v2\/media\/9942"}],"wp:attachment":[{"href":"https:\/\/tuunerstuudio.ee\/en\/wp-json\/wp\/v2\/media?parent=9912"}],"wp:term":[{"taxonomy":"product_brand","embeddable":true,"href":"https:\/\/tuunerstuudio.ee\/en\/wp-json\/wp\/v2\/product_brand?post=9912"},{"taxonomy":"product_cat","embeddable":true,"href":"https:\/\/tuunerstuudio.ee\/en\/wp-json\/wp\/v2\/product_cat?post=9912"},{"taxonomy":"product_tag","embeddable":true,"href":"https:\/\/tuunerstuudio.ee\/en\/wp-json\/wp\/v2\/product_tag?post=9912"}],"curies":[{"name":"wp","href":"https:\/\/api.w.org\/{rel}","templated":true}]}}