{"id":9911,"date":"2024-10-11T15:08:24","date_gmt":"2024-10-11T12:08:24","guid":{"rendered":"https:\/\/tuunerstuudio.ee\/uuswp\/?post_type=product&#038;p=9911"},"modified":"2024-10-11T15:08:28","modified_gmt":"2024-10-11T12:08:28","slug":"xtreme-performance-heavy-duty-organic-290nm-bmw-1502-2002-e10","status":"publish","type":"product","link":"https:\/\/tuunerstuudio.ee\/en\/toode\/xtreme-performance-heavy-duty-organic-290nm-bmw-1502-2002-e10\/","title":{"rendered":"Xtreme Performance Heavy Duty Organic 290Nm &#8211; BMW 1502-2002 (E10)"},"content":{"rendered":"<table id=\"__BVID__4258\" class=\"table b-table applications-table table-striped table-hover b-table-fixed b-table-selectable b-table-select-single\" role=\"table\" data-v-6b2d1286=\"\" aria-busy=\"false\" aria-colcount=\"7\" aria-multiselectable=\"false\">\n<tbody role=\"rowgroup\">\n<tr class=\"\" tabindex=\"0\" role=\"row\" aria-selected=\"false\">\n<td class=\"\" role=\"cell\" aria-colindex=\"1\">BMW<\/td>\n<td class=\"\" role=\"cell\" aria-colindex=\"2\">1502-2002 (E10)<\/td>\n<td class=\"\" role=\"cell\" aria-colindex=\"3\">1968.02-1975.07<\/td>\n<td class=\"\" role=\"cell\" aria-colindex=\"4\">2002<\/td>\n<td class=\"\" role=\"cell\" aria-colindex=\"5\">M10 B20 A 1990 Petrol 74 kW 100 BHP (1968.02 &#8211; 1975.07)<\/td>\n<td class=\"\" role=\"cell\" aria-colindex=\"6\"><\/td>\n<td class=\"\" role=\"cell\" aria-colindex=\"7\"><\/td>\n<\/tr>\n<tr class=\"\" tabindex=\"0\" role=\"row\" aria-selected=\"false\">\n<td class=\"\" role=\"cell\" aria-colindex=\"1\">BMW<\/td>\n<td class=\"\" role=\"cell\" aria-colindex=\"2\">1502-2002 (E10)<\/td>\n<td class=\"\" role=\"cell\" aria-colindex=\"3\">1971.04-1975.06<\/td>\n<td class=\"\" role=\"cell\" aria-colindex=\"4\">2002 Tii<\/td>\n<td class=\"\" role=\"cell\" aria-colindex=\"5\">M10 B20 (23EA) 1990 Petrol 96 kW 130 BHP (1971.04 &#8211; 1975.06)<\/td>\n<\/tr>\n<\/tbody>\n<\/table>\n<ul data-v-7bd42a7a=\"\">\n<li data-v-7bd42a7a=\"\">\n<div data-v-7bd42a7a=\"\">Clutch Disc Diameter (mm): 215<\/div>\n<\/li>\n<li data-v-7bd42a7a=\"\">\n<div data-v-7bd42a7a=\"\">Clutch Disc Spline Count: 10<\/div>\n<\/li>\n<li data-v-7bd42a7a=\"\">\n<div data-v-7bd42a7a=\"\">Clutch Disc Spline Diameter (mm): 29<\/div>\n<\/li>\n<li data-v-7bd42a7a=\"\">\n<div data-v-7bd42a7a=\"\">Torque (Nm): 290<\/div>\n<\/li>\n<li data-v-7bd42a7a=\"\">\n<div data-v-7bd42a7a=\"\">Flywheel Step<\/div>\n<\/li>\n<li data-v-7bd42a7a=\"\">\n<div data-v-7bd42a7a=\"\">Design: Single Plate<\/div>\n<\/li>\n<li data-v-7bd42a7a=\"\">\n<div data-v-7bd42a7a=\"\">Stage: Stage 1<\/div>\n<\/li>\n<li data-v-7bd42a7a=\"\">\n<div data-v-7bd42a7a=\"\">Tech Bulletins<\/div>\n<\/li>\n<li data-v-7bd42a7a=\"\">\n<div data-v-7bd42a7a=\"\">Clamp Load<\/div>\n<\/li>\n<li data-v-7bd42a7a=\"\">\n<div data-v-7bd42a7a=\"\">Recommended for: Street Performance &amp; Towing &#8211; Stage 1<\/div>\n<\/li>\n<li data-v-7bd42a7a=\"\">\n<div data-v-7bd42a7a=\"\">Ring Gear Tooth count<\/div>\n<\/li>\n<li data-v-7bd42a7a=\"\">\n<div data-v-7bd42a7a=\"\">Additional infotmation<\/div>\n<\/li>\n<li data-v-7bd42a7a=\"\">\n<div data-v-7bd42a7a=\"\">Weight [KG]: 6.92<\/div>\n<\/li>\n<\/ul>\n","protected":false},"excerpt":{"rendered":"<p><span class=\"Y2IQFc\" lang=\"et\"><strong>Tehnilised andmed:<\/strong><\/span><\/p>\n<ul>\n<li><span class=\"Y2IQFc\" lang=\"et\">P\u00f6\u00f6rdemoment 290 Nm <\/span><\/li>\n<li><span class=\"Y2IQFc\" lang=\"et\">Klambri koormus Standardiga v\u00f5rreldes suurem <\/span><\/li>\n<li><span class=\"Y2IQFc\" lang=\"et\">Orgaanilised h\u00f5\u00f5rdkettad<\/span><\/li>\n<li><span class=\"Y2IQFc\" lang=\"et\">Tugeva t\u00f6\u00f6v\u00f5imega surveplaat<\/span><\/li>\n<li><span class=\"Y2IQFc\" lang=\"et\">Komplekt sisaldab k\u00f5ike, mida vajate edukaks paigaldamiseks + tarvikuid<\/span><\/li>\n<\/ul>\n","protected":false},"featured_media":9941,"comment_status":"closed","ping_status":"closed","template":"","meta":[],"product_brand":[],"product_cat":[364,365,366,367,372],"product_tag":[],"class_list":{"0":"post-9911","1":"product","2":"type-product","3":"status-publish","4":"has-post-thumbnail","6":"product_cat-jouulekanne","7":"product_cat-sidur-hooratas","8":"product_cat-xtreme-clutch","9":"product_cat-bmw-xtreme-clutch","10":"product_cat-bmw-2-seeria","12":"first","13":"onbackorder","14":"taxable","15":"shipping-taxable","16":"purchasable","17":"product-type-simple"},"yoast_head":"<!-- This site is optimized with the Yoast SEO plugin v26.9 - https:\/\/yoast.com\/product\/yoast-seo-wordpress\/ -->\n<title>Xtreme Performance Heavy Duty Organic 290Nm - BMW 1502-2002 (E10) - TuunerStuudio<\/title>\n<meta name=\"robots\" content=\"index, follow, max-snippet:-1, max-image-preview:large, max-video-preview:-1\" \/>\n<link rel=\"canonical\" href=\"https:\/\/tuunerstuudio.ee\/en\/toode\/xtreme-performance-heavy-duty-organic-290nm-bmw-1502-2002-e10\/\" \/>\n<meta property=\"og:locale\" content=\"en_US\" \/>\n<meta property=\"og:type\" content=\"article\" \/>\n<meta property=\"og:title\" content=\"Xtreme Performance Heavy Duty Organic 290Nm - BMW 1502-2002 (E10) - TuunerStuudio\" \/>\n<meta property=\"og:description\" content=\"Tehnilised andmed:   P\u00f6\u00f6rdemoment 290 Nm   Klambri koormus Standardiga v\u00f5rreldes suurem   Orgaanilised h\u00f5\u00f5rdkettad  Tugeva t\u00f6\u00f6v\u00f5imega surveplaat  Komplekt sisaldab k\u00f5ike, mida vajate edukaks paigaldamiseks + tarvikuid\" \/>\n<meta property=\"og:url\" content=\"https:\/\/tuunerstuudio.ee\/en\/toode\/xtreme-performance-heavy-duty-organic-290nm-bmw-1502-2002-e10\/\" \/>\n<meta property=\"og:site_name\" content=\"TuunerStuudio\" \/>\n<meta property=\"article:modified_time\" content=\"2024-10-11T12:08:28+00:00\" \/>\n<meta property=\"og:image\" content=\"https:\/\/tuunerstuudio.ee\/wp-content\/uploads\/2024\/10\/whatsinthebox_XtremePerformance.jpg\" \/>\n\t<meta property=\"og:image:width\" content=\"800\" \/>\n\t<meta property=\"og:image:height\" content=\"662\" \/>\n\t<meta property=\"og:image:type\" content=\"image\/jpeg\" \/>\n<meta name=\"twitter:card\" content=\"summary_large_image\" \/>\n<meta name=\"twitter:label1\" content=\"Est. reading time\" \/>\n\t<meta name=\"twitter:data1\" content=\"1 minute\" \/>\n<script type=\"application\/ld+json\" class=\"yoast-schema-graph\">{\"@context\":\"https:\/\/schema.org\",\"@graph\":[{\"@type\":\"WebPage\",\"@id\":\"https:\/\/tuunerstuudio.ee\/en\/toode\/xtreme-performance-heavy-duty-organic-290nm-bmw-1502-2002-e10\/\",\"url\":\"https:\/\/tuunerstuudio.ee\/en\/toode\/xtreme-performance-heavy-duty-organic-290nm-bmw-1502-2002-e10\/\",\"name\":\"Xtreme Performance Heavy Duty Organic 290Nm - BMW 1502-2002 (E10) - TuunerStuudio\",\"isPartOf\":{\"@id\":\"https:\/\/tuunerstuudio.ee\/en\/#website\"},\"primaryImageOfPage\":{\"@id\":\"https:\/\/tuunerstuudio.ee\/en\/toode\/xtreme-performance-heavy-duty-organic-290nm-bmw-1502-2002-e10\/#primaryimage\"},\"image\":{\"@id\":\"https:\/\/tuunerstuudio.ee\/toode\/xtreme-performance-heavy-duty-organic-290nm-bmw-1502-2002-e10\/#primaryimage\"},\"thumbnailUrl\":\"https:\/\/tuunerstuudio.ee\/wp-content\/uploads\/2024\/10\/whatsinthebox_XtremePerformance.jpg\",\"datePublished\":\"2024-10-11T12:08:24+00:00\",\"dateModified\":\"2024-10-11T12:08:28+00:00\",\"breadcrumb\":{\"@id\":\"https:\/\/tuunerstuudio.ee\/en\/toode\/xtreme-performance-heavy-duty-organic-290nm-bmw-1502-2002-e10\/#breadcrumb\"},\"inLanguage\":\"en-US\",\"potentialAction\":[{\"@type\":\"ReadAction\",\"target\":[[\"https:\/\/tuunerstuudio.ee\/en\/toode\/xtreme-performance-heavy-duty-organic-290nm-bmw-1502-2002-e10\/\"]]}]},{\"@type\":\"ImageObject\",\"inLanguage\":\"en-US\",\"@id\":\"https:\/\/tuunerstuudio.ee\/en\/toode\/xtreme-performance-heavy-duty-organic-290nm-bmw-1502-2002-e10\/#primaryimage\",\"url\":\"https:\/\/tuunerstuudio.ee\/wp-content\/uploads\/2024\/10\/whatsinthebox_XtremePerformance.jpg\",\"contentUrl\":\"https:\/\/tuunerstuudio.ee\/wp-content\/uploads\/2024\/10\/whatsinthebox_XtremePerformance.jpg\",\"width\":800,\"height\":662},{\"@type\":\"BreadcrumbList\",\"@id\":\"https:\/\/tuunerstuudio.ee\/en\/toode\/xtreme-performance-heavy-duty-organic-290nm-bmw-1502-2002-e10\/#breadcrumb\",\"itemListElement\":[{\"@type\":\"ListItem\",\"position\":1,\"name\":\"Home\",\"item\":\"https:\/\/tuunerstuudio.ee\/en\/\"},{\"@type\":\"ListItem\",\"position\":2,\"name\":\"Tooted\",\"item\":\"https:\/\/www.tuunerstuudio.ee\/tooted\/\"},{\"@type\":\"ListItem\",\"position\":3,\"name\":\"Xtreme Performance Heavy Duty Organic 290Nm &#8211; BMW 1502-2002 (E10)\"}]},{\"@type\":\"WebSite\",\"@id\":\"https:\/\/tuunerstuudio.ee\/en\/#website\",\"url\":\"https:\/\/tuunerstuudio.ee\/en\/\",\"name\":\"tuunerstuudio\",\"description\":\"\",\"potentialAction\":[{\"@type\":\"SearchAction\",\"target\":{\"@type\":\"EntryPoint\",\"urlTemplate\":\"https:\/\/tuunerstuudio.ee\/en\/?s={search_term_string}\"},\"query-input\":{\"@type\":\"PropertyValueSpecification\",\"valueRequired\":true,\"valueName\":\"search_term_string\"}}],\"inLanguage\":\"en-US\"}]}<\/script>\n<!-- \/ Yoast SEO plugin. -->","yoast_head_json":{"title":"Xtreme Performance Heavy Duty Organic 290Nm - BMW 1502-2002 (E10) - TuunerStuudio","robots":{"index":"index","follow":"follow","max-snippet":"max-snippet:-1","max-image-preview":"max-image-preview:large","max-video-preview":"max-video-preview:-1"},"canonical":"https:\/\/tuunerstuudio.ee\/en\/toode\/xtreme-performance-heavy-duty-organic-290nm-bmw-1502-2002-e10\/","og_locale":"en_US","og_type":"article","og_title":"Xtreme Performance Heavy Duty Organic 290Nm - BMW 1502-2002 (E10) - TuunerStuudio","og_description":"Tehnilised andmed:   P\u00f6\u00f6rdemoment 290 Nm   Klambri koormus Standardiga v\u00f5rreldes suurem   Orgaanilised h\u00f5\u00f5rdkettad  Tugeva t\u00f6\u00f6v\u00f5imega surveplaat  Komplekt sisaldab k\u00f5ike, mida vajate edukaks paigaldamiseks + tarvikuid","og_url":"https:\/\/tuunerstuudio.ee\/en\/toode\/xtreme-performance-heavy-duty-organic-290nm-bmw-1502-2002-e10\/","og_site_name":"TuunerStuudio","article_modified_time":"2024-10-11T12:08:28+00:00","og_image":[{"width":800,"height":662,"url":"https:\/\/tuunerstuudio.ee\/wp-content\/uploads\/2024\/10\/whatsinthebox_XtremePerformance.jpg","type":"image\/jpeg"}],"twitter_card":"summary_large_image","twitter_misc":{"Est. reading time":"1 minute"},"schema":{"@context":"https:\/\/schema.org","@graph":[{"@type":"WebPage","@id":"https:\/\/tuunerstuudio.ee\/en\/toode\/xtreme-performance-heavy-duty-organic-290nm-bmw-1502-2002-e10\/","url":"https:\/\/tuunerstuudio.ee\/en\/toode\/xtreme-performance-heavy-duty-organic-290nm-bmw-1502-2002-e10\/","name":"Xtreme Performance Heavy Duty Organic 290Nm - BMW 1502-2002 (E10) - TuunerStuudio","isPartOf":{"@id":"https:\/\/tuunerstuudio.ee\/en\/#website"},"primaryImageOfPage":{"@id":"https:\/\/tuunerstuudio.ee\/en\/toode\/xtreme-performance-heavy-duty-organic-290nm-bmw-1502-2002-e10\/#primaryimage"},"image":{"@id":"https:\/\/tuunerstuudio.ee\/toode\/xtreme-performance-heavy-duty-organic-290nm-bmw-1502-2002-e10\/#primaryimage"},"thumbnailUrl":"https:\/\/tuunerstuudio.ee\/wp-content\/uploads\/2024\/10\/whatsinthebox_XtremePerformance.jpg","datePublished":"2024-10-11T12:08:24+00:00","dateModified":"2024-10-11T12:08:28+00:00","breadcrumb":{"@id":"https:\/\/tuunerstuudio.ee\/en\/toode\/xtreme-performance-heavy-duty-organic-290nm-bmw-1502-2002-e10\/#breadcrumb"},"inLanguage":"en-US","potentialAction":[{"@type":"ReadAction","target":[["https:\/\/tuunerstuudio.ee\/en\/toode\/xtreme-performance-heavy-duty-organic-290nm-bmw-1502-2002-e10\/"]]}]},{"@type":"ImageObject","inLanguage":"en-US","@id":"https:\/\/tuunerstuudio.ee\/en\/toode\/xtreme-performance-heavy-duty-organic-290nm-bmw-1502-2002-e10\/#primaryimage","url":"https:\/\/tuunerstuudio.ee\/wp-content\/uploads\/2024\/10\/whatsinthebox_XtremePerformance.jpg","contentUrl":"https:\/\/tuunerstuudio.ee\/wp-content\/uploads\/2024\/10\/whatsinthebox_XtremePerformance.jpg","width":800,"height":662},{"@type":"BreadcrumbList","@id":"https:\/\/tuunerstuudio.ee\/en\/toode\/xtreme-performance-heavy-duty-organic-290nm-bmw-1502-2002-e10\/#breadcrumb","itemListElement":[{"@type":"ListItem","position":1,"name":"Home","item":"https:\/\/tuunerstuudio.ee\/en\/"},{"@type":"ListItem","position":2,"name":"Tooted","item":"https:\/\/www.tuunerstuudio.ee\/tooted\/"},{"@type":"ListItem","position":3,"name":"Xtreme Performance Heavy Duty Organic 290Nm &#8211; BMW 1502-2002 (E10)"}]},{"@type":"WebSite","@id":"https:\/\/tuunerstuudio.ee\/en\/#website","url":"https:\/\/tuunerstuudio.ee\/en\/","name":"tuunerstuudio","description":"","potentialAction":[{"@type":"SearchAction","target":{"@type":"EntryPoint","urlTemplate":"https:\/\/tuunerstuudio.ee\/en\/?s={search_term_string}"},"query-input":{"@type":"PropertyValueSpecification","valueRequired":true,"valueName":"search_term_string"}}],"inLanguage":"en-US"}]}},"_links":{"self":[{"href":"https:\/\/tuunerstuudio.ee\/en\/wp-json\/wp\/v2\/product\/9911","targetHints":{"allow":["GET"]}}],"collection":[{"href":"https:\/\/tuunerstuudio.ee\/en\/wp-json\/wp\/v2\/product"}],"about":[{"href":"https:\/\/tuunerstuudio.ee\/en\/wp-json\/wp\/v2\/types\/product"}],"replies":[{"embeddable":true,"href":"https:\/\/tuunerstuudio.ee\/en\/wp-json\/wp\/v2\/comments?post=9911"}],"wp:featuredmedia":[{"embeddable":true,"href":"https:\/\/tuunerstuudio.ee\/en\/wp-json\/wp\/v2\/media\/9941"}],"wp:attachment":[{"href":"https:\/\/tuunerstuudio.ee\/en\/wp-json\/wp\/v2\/media?parent=9911"}],"wp:term":[{"taxonomy":"product_brand","embeddable":true,"href":"https:\/\/tuunerstuudio.ee\/en\/wp-json\/wp\/v2\/product_brand?post=9911"},{"taxonomy":"product_cat","embeddable":true,"href":"https:\/\/tuunerstuudio.ee\/en\/wp-json\/wp\/v2\/product_cat?post=9911"},{"taxonomy":"product_tag","embeddable":true,"href":"https:\/\/tuunerstuudio.ee\/en\/wp-json\/wp\/v2\/product_tag?post=9911"}],"curies":[{"name":"wp","href":"https:\/\/api.w.org\/{rel}","templated":true}]}}