{"id":81,"date":"2024-10-11T13:52:24","date_gmt":"2024-10-11T10:52:24","guid":{"rendered":"https:\/\/tuunerstuudio.ee\/uuswp\/?post_type=product&#038;p=81"},"modified":"2026-03-03T19:19:45","modified_gmt":"2026-03-03T17:19:45","slug":"spd-billet-double-bracket-60mm-black","status":"publish","type":"product","link":"https:\/\/tuunerstuudio.ee\/en\/toode\/spd-billet-double-bracket-60mm-black\/","title":{"rendered":"SPD billet double bracket 60mm black"},"content":{"rendered":"","protected":false},"excerpt":{"rendered":"<p>SPD must alumiiniumist kolmeosaline klamber. Ainuke alumiiniumist klamber turul, mis kasutab o-r\u00f5ngaid. V\u00e4hendab k\u00fctusepumpadest tulenevat resonantsi ja m\u00fcra. Kena paigalduse jaoks on sisse l\u00f5igatud poldiaugud.<\/p>\n<p>V\u00e4ga k\u00f5rge kvaliteedi ja viimistlusega!<\/p>\n<p>Sobib k\u00fctusepumpadele, k\u00fctusefilteritele jne, mille v\u00e4limine l\u00e4bim\u00f5\u00f5t on umbes 60mm.<\/p>\n<p>Sobib n\u00e4iteks Bosch -044, AEM 380L ja SPD2000 k\u00fctusefiltrile.<\/p>\n","protected":false},"featured_media":34238,"comment_status":"closed","ping_status":"closed","template":"","meta":[],"product_brand":[],"product_cat":[1923,16,19],"product_tag":[44],"class_list":{"0":"post-81","1":"product","2":"type-product","3":"status-publish","4":"has-post-thumbnail","6":"product_cat-spd-","7":"product_cat-kutusesusteem","8":"product_cat-19","9":"product_tag-spd-performance-parts","11":"first","12":"onbackorder","13":"taxable","14":"shipping-taxable","15":"purchasable","16":"product-type-simple"},"yoast_head":"<!-- This site is optimized with the Yoast SEO plugin v26.9 - https:\/\/yoast.com\/product\/yoast-seo-wordpress\/ -->\n<title>SPD billet double bracket 60mm black - TuunerStuudio<\/title>\n<meta name=\"robots\" content=\"index, follow, max-snippet:-1, max-image-preview:large, max-video-preview:-1\" \/>\n<link rel=\"canonical\" href=\"https:\/\/tuunerstuudio.ee\/en\/toode\/spd-billet-double-bracket-60mm-black\/\" \/>\n<meta property=\"og:locale\" content=\"en_US\" \/>\n<meta property=\"og:type\" content=\"article\" \/>\n<meta property=\"og:title\" content=\"SPD billet double bracket 60mm black - TuunerStuudio\" \/>\n<meta property=\"og:description\" content=\"SPD must alumiiniumist kolmeosaline klamber. Ainuke alumiiniumist klamber turul, mis kasutab o-r\u00f5ngaid. V\u00e4hendab k\u00fctusepumpadest tulenevat resonantsi ja m\u00fcra. Kena paigalduse jaoks on sisse l\u00f5igatud poldiaugud.  V\u00e4ga k\u00f5rge kvaliteedi ja viimistlusega!  Sobib k\u00fctusepumpadele, k\u00fctusefilteritele jne, mille v\u00e4limine l\u00e4bim\u00f5\u00f5t on umbes 60mm.  Sobib n\u00e4iteks Bosch -044, AEM 380L ja SPD2000 k\u00fctusefiltrile.\" \/>\n<meta property=\"og:url\" content=\"https:\/\/tuunerstuudio.ee\/en\/toode\/spd-billet-double-bracket-60mm-black\/\" \/>\n<meta property=\"og:site_name\" content=\"TuunerStuudio\" \/>\n<meta property=\"article:modified_time\" content=\"2026-03-03T17:19:45+00:00\" \/>\n<meta property=\"og:image\" content=\"https:\/\/tuunerstuudio.ee\/wp-content\/uploads\/2024\/10\/SPD-billet-double-bracket-60mm-black.webp\" \/>\n\t<meta property=\"og:image:width\" content=\"1280\" \/>\n\t<meta property=\"og:image:height\" content=\"1280\" \/>\n\t<meta property=\"og:image:type\" content=\"image\/webp\" \/>\n<meta name=\"twitter:card\" content=\"summary_large_image\" \/>\n<meta name=\"twitter:label1\" content=\"Est. reading time\" \/>\n\t<meta name=\"twitter:data1\" content=\"1 minute\" \/>\n<script type=\"application\/ld+json\" class=\"yoast-schema-graph\">{\"@context\":\"https:\/\/schema.org\",\"@graph\":[{\"@type\":\"WebPage\",\"@id\":\"https:\/\/tuunerstuudio.ee\/en\/toode\/spd-billet-double-bracket-60mm-black\/\",\"url\":\"https:\/\/tuunerstuudio.ee\/en\/toode\/spd-billet-double-bracket-60mm-black\/\",\"name\":\"SPD billet double bracket 60mm black - TuunerStuudio\",\"isPartOf\":{\"@id\":\"https:\/\/tuunerstuudio.ee\/en\/#website\"},\"primaryImageOfPage\":{\"@id\":\"https:\/\/tuunerstuudio.ee\/en\/toode\/spd-billet-double-bracket-60mm-black\/#primaryimage\"},\"image\":{\"@id\":\"https:\/\/tuunerstuudio.ee\/toode\/spd-billet-double-bracket-60mm-black\/#primaryimage\"},\"thumbnailUrl\":\"https:\/\/tuunerstuudio.ee\/wp-content\/uploads\/2024\/10\/SPD-billet-double-bracket-60mm-black.webp\",\"datePublished\":\"2024-10-11T10:52:24+00:00\",\"dateModified\":\"2026-03-03T17:19:45+00:00\",\"breadcrumb\":{\"@id\":\"https:\/\/tuunerstuudio.ee\/en\/toode\/spd-billet-double-bracket-60mm-black\/#breadcrumb\"},\"inLanguage\":\"en-US\",\"potentialAction\":[{\"@type\":\"ReadAction\",\"target\":[[\"https:\/\/tuunerstuudio.ee\/en\/toode\/spd-billet-double-bracket-60mm-black\/\"]]}]},{\"@type\":\"ImageObject\",\"inLanguage\":\"en-US\",\"@id\":\"https:\/\/tuunerstuudio.ee\/en\/toode\/spd-billet-double-bracket-60mm-black\/#primaryimage\",\"url\":\"https:\/\/tuunerstuudio.ee\/wp-content\/uploads\/2024\/10\/SPD-billet-double-bracket-60mm-black.webp\",\"contentUrl\":\"https:\/\/tuunerstuudio.ee\/wp-content\/uploads\/2024\/10\/SPD-billet-double-bracket-60mm-black.webp\",\"width\":1280,\"height\":1280},{\"@type\":\"BreadcrumbList\",\"@id\":\"https:\/\/tuunerstuudio.ee\/en\/toode\/spd-billet-double-bracket-60mm-black\/#breadcrumb\",\"itemListElement\":[{\"@type\":\"ListItem\",\"position\":1,\"name\":\"Home\",\"item\":\"https:\/\/tuunerstuudio.ee\/en\/\"},{\"@type\":\"ListItem\",\"position\":2,\"name\":\"Tooted\",\"item\":\"https:\/\/www.tuunerstuudio.ee\/tooted\/\"},{\"@type\":\"ListItem\",\"position\":3,\"name\":\"SPD alumiiniumist kaheosaline klamber 60mm must\"}]},{\"@type\":\"WebSite\",\"@id\":\"https:\/\/tuunerstuudio.ee\/en\/#website\",\"url\":\"https:\/\/tuunerstuudio.ee\/en\/\",\"name\":\"tuunerstuudio\",\"description\":\"\",\"potentialAction\":[{\"@type\":\"SearchAction\",\"target\":{\"@type\":\"EntryPoint\",\"urlTemplate\":\"https:\/\/tuunerstuudio.ee\/en\/?s={search_term_string}\"},\"query-input\":{\"@type\":\"PropertyValueSpecification\",\"valueRequired\":true,\"valueName\":\"search_term_string\"}}],\"inLanguage\":\"en-US\"}]}<\/script>\n<!-- \/ Yoast SEO plugin. -->","yoast_head_json":{"title":"SPD billet double bracket 60mm black - TuunerStuudio","robots":{"index":"index","follow":"follow","max-snippet":"max-snippet:-1","max-image-preview":"max-image-preview:large","max-video-preview":"max-video-preview:-1"},"canonical":"https:\/\/tuunerstuudio.ee\/en\/toode\/spd-billet-double-bracket-60mm-black\/","og_locale":"en_US","og_type":"article","og_title":"SPD billet double bracket 60mm black - TuunerStuudio","og_description":"SPD must alumiiniumist kolmeosaline klamber. Ainuke alumiiniumist klamber turul, mis kasutab o-r\u00f5ngaid. V\u00e4hendab k\u00fctusepumpadest tulenevat resonantsi ja m\u00fcra. Kena paigalduse jaoks on sisse l\u00f5igatud poldiaugud.  V\u00e4ga k\u00f5rge kvaliteedi ja viimistlusega!  Sobib k\u00fctusepumpadele, k\u00fctusefilteritele jne, mille v\u00e4limine l\u00e4bim\u00f5\u00f5t on umbes 60mm.  Sobib n\u00e4iteks Bosch -044, AEM 380L ja SPD2000 k\u00fctusefiltrile.","og_url":"https:\/\/tuunerstuudio.ee\/en\/toode\/spd-billet-double-bracket-60mm-black\/","og_site_name":"TuunerStuudio","article_modified_time":"2026-03-03T17:19:45+00:00","og_image":[{"width":1280,"height":1280,"url":"https:\/\/tuunerstuudio.ee\/wp-content\/uploads\/2024\/10\/SPD-billet-double-bracket-60mm-black.webp","type":"image\/webp"}],"twitter_card":"summary_large_image","twitter_misc":{"Est. reading time":"1 minute"},"schema":{"@context":"https:\/\/schema.org","@graph":[{"@type":"WebPage","@id":"https:\/\/tuunerstuudio.ee\/en\/toode\/spd-billet-double-bracket-60mm-black\/","url":"https:\/\/tuunerstuudio.ee\/en\/toode\/spd-billet-double-bracket-60mm-black\/","name":"SPD billet double bracket 60mm black - TuunerStuudio","isPartOf":{"@id":"https:\/\/tuunerstuudio.ee\/en\/#website"},"primaryImageOfPage":{"@id":"https:\/\/tuunerstuudio.ee\/en\/toode\/spd-billet-double-bracket-60mm-black\/#primaryimage"},"image":{"@id":"https:\/\/tuunerstuudio.ee\/toode\/spd-billet-double-bracket-60mm-black\/#primaryimage"},"thumbnailUrl":"https:\/\/tuunerstuudio.ee\/wp-content\/uploads\/2024\/10\/SPD-billet-double-bracket-60mm-black.webp","datePublished":"2024-10-11T10:52:24+00:00","dateModified":"2026-03-03T17:19:45+00:00","breadcrumb":{"@id":"https:\/\/tuunerstuudio.ee\/en\/toode\/spd-billet-double-bracket-60mm-black\/#breadcrumb"},"inLanguage":"en-US","potentialAction":[{"@type":"ReadAction","target":[["https:\/\/tuunerstuudio.ee\/en\/toode\/spd-billet-double-bracket-60mm-black\/"]]}]},{"@type":"ImageObject","inLanguage":"en-US","@id":"https:\/\/tuunerstuudio.ee\/en\/toode\/spd-billet-double-bracket-60mm-black\/#primaryimage","url":"https:\/\/tuunerstuudio.ee\/wp-content\/uploads\/2024\/10\/SPD-billet-double-bracket-60mm-black.webp","contentUrl":"https:\/\/tuunerstuudio.ee\/wp-content\/uploads\/2024\/10\/SPD-billet-double-bracket-60mm-black.webp","width":1280,"height":1280},{"@type":"BreadcrumbList","@id":"https:\/\/tuunerstuudio.ee\/en\/toode\/spd-billet-double-bracket-60mm-black\/#breadcrumb","itemListElement":[{"@type":"ListItem","position":1,"name":"Home","item":"https:\/\/tuunerstuudio.ee\/en\/"},{"@type":"ListItem","position":2,"name":"Tooted","item":"https:\/\/www.tuunerstuudio.ee\/tooted\/"},{"@type":"ListItem","position":3,"name":"SPD alumiiniumist kaheosaline klamber 60mm must"}]},{"@type":"WebSite","@id":"https:\/\/tuunerstuudio.ee\/en\/#website","url":"https:\/\/tuunerstuudio.ee\/en\/","name":"tuunerstuudio","description":"","potentialAction":[{"@type":"SearchAction","target":{"@type":"EntryPoint","urlTemplate":"https:\/\/tuunerstuudio.ee\/en\/?s={search_term_string}"},"query-input":{"@type":"PropertyValueSpecification","valueRequired":true,"valueName":"search_term_string"}}],"inLanguage":"en-US"}]}},"_links":{"self":[{"href":"https:\/\/tuunerstuudio.ee\/en\/wp-json\/wp\/v2\/product\/81","targetHints":{"allow":["GET"]}}],"collection":[{"href":"https:\/\/tuunerstuudio.ee\/en\/wp-json\/wp\/v2\/product"}],"about":[{"href":"https:\/\/tuunerstuudio.ee\/en\/wp-json\/wp\/v2\/types\/product"}],"replies":[{"embeddable":true,"href":"https:\/\/tuunerstuudio.ee\/en\/wp-json\/wp\/v2\/comments?post=81"}],"wp:featuredmedia":[{"embeddable":true,"href":"https:\/\/tuunerstuudio.ee\/en\/wp-json\/wp\/v2\/media\/34238"}],"wp:attachment":[{"href":"https:\/\/tuunerstuudio.ee\/en\/wp-json\/wp\/v2\/media?parent=81"}],"wp:term":[{"taxonomy":"product_brand","embeddable":true,"href":"https:\/\/tuunerstuudio.ee\/en\/wp-json\/wp\/v2\/product_brand?post=81"},{"taxonomy":"product_cat","embeddable":true,"href":"https:\/\/tuunerstuudio.ee\/en\/wp-json\/wp\/v2\/product_cat?post=81"},{"taxonomy":"product_tag","embeddable":true,"href":"https:\/\/tuunerstuudio.ee\/en\/wp-json\/wp\/v2\/product_tag?post=81"}],"curies":[{"name":"wp","href":"https:\/\/api.w.org\/{rel}","templated":true}]}}