{"id":7741,"date":"2024-10-11T15:01:07","date_gmt":"2024-10-11T12:01:07","guid":{"rendered":"https:\/\/tuunerstuudio.ee\/uuswp\/?post_type=product&#038;p=7741"},"modified":"2025-02-25T19:09:59","modified_gmt":"2025-02-25T17:09:59","slug":"ford-focus-rs-st-2009-2010-maxxecu-race-h2o-plugin-standard","status":"publish","type":"product","link":"https:\/\/tuunerstuudio.ee\/en\/toode\/ford-focus-rs-st-2009-2010-maxxecu-race-h2o-plugin-standard\/","title":{"rendered":"Ford Focus RS\/ST (2009-2010 MaxxECU RACE H2O Plugin STANDARD"},"content":{"rendered":"<p><a href=\"https:\/\/tuunerstuudio.ee\/wp-content\/uploads\/2023\/12\/1903-maxxecu_plugin_ford_rs_raceh20-03.jpg\"><img loading=\"lazy\" decoding=\"async\" class=\" wd-lazy-fade alignnone size-medium wp-image-20304\" src=\"https:\/\/tuunerstuudio.ee\/wp-content\/themes\/tuunerstuudio5\/images\/lazy.svg\" data-src=\"https:\/\/tuunerstuudio.ee\/wp-content\/uploads\/2023\/12\/1903-maxxecu_plugin_ford_rs_raceh20-03-300x225.jpg\" alt=\"\" width=\"300\" height=\"225\" \/><\/a> <a href=\"https:\/\/tuunerstuudio.ee\/wp-content\/uploads\/2023\/12\/1903-maxxecu_plugin_ford_rs_raceh20-02.jpg\"><img loading=\"lazy\" decoding=\"async\" class=\" wd-lazy-fade alignnone size-medium wp-image-20305\" src=\"https:\/\/tuunerstuudio.ee\/wp-content\/themes\/tuunerstuudio5\/images\/lazy.svg\" data-src=\"https:\/\/tuunerstuudio.ee\/wp-content\/uploads\/2023\/12\/1903-maxxecu_plugin_ford_rs_raceh20-02-300x225.jpg\" alt=\"\" width=\"300\" height=\"225\" \/><\/a><\/p>\n","protected":false},"excerpt":{"rendered":"<p id=\"tw-target-text\" class=\"tw-data-text tw-text-large tw-ta\" dir=\"ltr\" data-placeholder=\"T\u00f5lge\" data-ved=\"2ahUKEwjbjb7Hh6WDAxVG6AIHHcafDbAQ3ewLegQIChAQ\"><strong><span class=\"Y2IQFc\" lang=\"et\">MaxxECU RACE on usaldusv\u00e4\u00e4rne ja kiire. MaxxECU annab teile t\u00e4ieliku mootori juhtimise!<\/span><\/strong><\/p>\n<ul>\n<li class=\"tw-data-text tw-text-large tw-ta\" dir=\"ltr\" data-placeholder=\"T\u00f5lge\" data-ved=\"2ahUKEwjbjb7Hh6WDAxVG6AIHHcafDbAQ3ewLegQIChAQ\"><span class=\"Y2IQFc\" lang=\"et\">Sisseehitatud v\u00e4ljalasketemperatuuri (t\u00fc\u00fcp-K)\u00a0<\/span><\/li>\n<li class=\"tw-data-text tw-text-large tw-ta\" dir=\"ltr\" data-placeholder=\"T\u00f5lge\" data-ved=\"2ahUKEwjbjb7Hh6WDAxVG6AIHHcafDbAQ3ewLegQIChAQ\"><span class=\"Y2IQFc\" lang=\"et\">Kasutab s\u00f5iduki detonatsiooniandureid<\/span><\/li>\n<li class=\"tw-data-text tw-text-large tw-ta\" dir=\"ltr\" data-placeholder=\"T\u00f5lge\" data-ved=\"2ahUKEwjbjb7Hh6WDAxVG6AIHHcafDbAQ3ewLegQIChAQ\"><span class=\"Y2IQFc\" lang=\"et\">Sisseehitatud 400kPa (3bar boost) MAP-andur<\/span><\/li>\n<li class=\"tw-data-text tw-text-large tw-ta\" dir=\"ltr\" data-placeholder=\"T\u00f5lge\" data-ved=\"2ahUKEwjbjb7Hh6WDAxVG6AIHHcafDbAQ3ewLegQIChAQ\"><span class=\"Y2IQFc\" lang=\"et\">Kiire ja t\u00f6\u00f6kindel USB-arvuti side<\/span><\/li>\n<li class=\"tw-data-text tw-text-large tw-ta\" dir=\"ltr\" data-placeholder=\"T\u00f5lge\" data-ved=\"2ahUKEwjbjb7Hh6WDAxVG6AIHHcafDbAQ3ewLegQIChAQ\"><span class=\"Y2IQFc\" lang=\"et\">Android MDash rakendus juhtmevaba BT-side<\/span><\/li>\n<li class=\"tw-data-text tw-text-large tw-ta\" dir=\"ltr\" data-placeholder=\"T\u00f5lge\" data-ved=\"2ahUKEwjbjb7Hh6WDAxVG6AIHHcafDbAQ3ewLegQIChAQ\"><span class=\"Y2IQFc\" lang=\"et\">Varu MAF-anduri saab eemaldada (kui on olemas) ja asendada MaxxECU sisemise MAP-anduriga<\/span><\/li>\n<li class=\"tw-data-text tw-text-large tw-ta\" dir=\"ltr\" data-placeholder=\"T\u00f5lge\" data-ved=\"2ahUKEwjbjb7Hh6WDAxVG6AIHHcafDbAQ3ewLegQIChAQ\"><span class=\"Y2IQFc\" lang=\"et\">Juhtige algset t\u00fchik\u00e4igu solenoidi, tahhomeetrit ja muud originaalvarustust<\/span><\/li>\n<li class=\"tw-data-text tw-text-large tw-ta\" dir=\"ltr\" data-placeholder=\"T\u00f5lge\" data-ved=\"2ahUKEwjbjb7Hh6WDAxVG6AIHHcafDbAQ3ewLegQIChAQ\"><span class=\"Y2IQFc\" lang=\"et\">K\u00fctusepihustid saab asendada valikulise k\u00f5rge v\u00f5i madala oomiga<\/span><\/li>\n<li class=\"tw-data-text tw-text-large tw-ta\" dir=\"ltr\" data-placeholder=\"T\u00f5lge\" data-ved=\"2ahUKEwjbjb7Hh6WDAxVG6AIHHcafDbAQ3ewLegQIChAQ\"><span class=\"Y2IQFc\" lang=\"et\">S\u00f5iduki algs\u00fcsteemis ei ole vaja muudatusi teha<\/span><\/li>\n<li class=\"tw-data-text tw-text-large tw-ta\" dir=\"ltr\" data-placeholder=\"T\u00f5lge\" data-ved=\"2ahUKEwjbjb7Hh6WDAxVG6AIHHcafDbAQ3ewLegQIChAQ\"><span class=\"Y2IQFc\" lang=\"et\">MaxxECU H2O (veekaitsega), kuna ECU on paigutatud mootoriruumi.<\/span><\/li>\n<\/ul>\n","protected":false},"featured_media":7771,"comment_status":"closed","ping_status":"closed","template":"","meta":[],"product_brand":[],"product_cat":[51,52,329,332,335],"product_tag":[1425],"class_list":{"0":"post-7741","1":"product","2":"type-product","3":"status-publish","4":"has-post-thumbnail","6":"product_cat-juhtajud","7":"product_cat-maxxecu","8":"product_cat-plugin-ecu-tarvikud","9":"product_cat-plugin-ecu","10":"product_cat-ford-plugin-ecu","11":"product_tag-maxxecu","13":"first","14":"outofstock","15":"taxable","16":"shipping-taxable","17":"purchasable","18":"product-type-simple"},"yoast_head":"<!-- This site is optimized with the Yoast SEO plugin v26.9 - https:\/\/yoast.com\/product\/yoast-seo-wordpress\/ -->\n<title>Ford Focus RS\/ST (2009-2010 MaxxECU RACE H2O Plugin STANDARD - TuunerStuudio<\/title>\n<meta name=\"robots\" content=\"index, follow, max-snippet:-1, max-image-preview:large, max-video-preview:-1\" \/>\n<link rel=\"canonical\" href=\"https:\/\/tuunerstuudio.ee\/en\/toode\/ford-focus-rs-st-2009-2010-maxxecu-race-h2o-plugin-standard\/\" \/>\n<meta property=\"og:locale\" content=\"en_US\" \/>\n<meta property=\"og:type\" content=\"article\" \/>\n<meta property=\"og:title\" content=\"Ford Focus RS\/ST (2009-2010 MaxxECU RACE H2O Plugin STANDARD - TuunerStuudio\" \/>\n<meta property=\"og:description\" content=\"MaxxECU RACE on usaldusv\u00e4\u00e4rne ja kiire. MaxxECU annab teile t\u00e4ieliku mootori juhtimise!    Sisseehitatud v\u00e4ljalasketemperatuuri (t\u00fc\u00fcp-K)\u00a0  Kasutab s\u00f5iduki detonatsiooniandureid  Sisseehitatud 400kPa (3bar boost) MAP-andur  Kiire ja t\u00f6\u00f6kindel USB-arvuti side  Android MDash rakendus juhtmevaba BT-side  Varu MAF-anduri saab eemaldada (kui on olemas) ja asendada MaxxECU sisemise MAP-anduriga  Juhtige algset t\u00fchik\u00e4igu solenoidi, tahhomeetrit ja muud originaalvarustust  K\u00fctusepihustid saab asendada valikulise k\u00f5rge v\u00f5i madala oomiga  S\u00f5iduki algs\u00fcsteemis ei ole vaja muudatusi teha  MaxxECU H2O (veekaitsega), kuna ECU on paigutatud mootoriruumi.\" \/>\n<meta property=\"og:url\" content=\"https:\/\/tuunerstuudio.ee\/en\/toode\/ford-focus-rs-st-2009-2010-maxxecu-race-h2o-plugin-standard\/\" \/>\n<meta property=\"og:site_name\" content=\"TuunerStuudio\" \/>\n<meta property=\"article:modified_time\" content=\"2025-02-25T17:09:59+00:00\" \/>\n<meta property=\"og:image\" content=\"https:\/\/tuunerstuudio.ee\/wp-content\/uploads\/2024\/10\/1903-maxxecu_plugin_ford_rs_raceh20-01.jpg\" \/>\n\t<meta property=\"og:image:width\" content=\"800\" \/>\n\t<meta property=\"og:image:height\" content=\"600\" \/>\n\t<meta property=\"og:image:type\" content=\"image\/jpeg\" \/>\n<meta name=\"twitter:card\" content=\"summary_large_image\" \/>\n<meta name=\"twitter:label1\" content=\"Est. reading time\" \/>\n\t<meta name=\"twitter:data1\" content=\"1 minute\" \/>\n<script type=\"application\/ld+json\" class=\"yoast-schema-graph\">{\"@context\":\"https:\/\/schema.org\",\"@graph\":[{\"@type\":\"WebPage\",\"@id\":\"https:\/\/tuunerstuudio.ee\/en\/toode\/ford-focus-rs-st-2009-2010-maxxecu-race-h2o-plugin-standard\/\",\"url\":\"https:\/\/tuunerstuudio.ee\/en\/toode\/ford-focus-rs-st-2009-2010-maxxecu-race-h2o-plugin-standard\/\",\"name\":\"Ford Focus RS\/ST (2009-2010 MaxxECU RACE H2O Plugin STANDARD - TuunerStuudio\",\"isPartOf\":{\"@id\":\"https:\/\/tuunerstuudio.ee\/en\/#website\"},\"primaryImageOfPage\":{\"@id\":\"https:\/\/tuunerstuudio.ee\/en\/toode\/ford-focus-rs-st-2009-2010-maxxecu-race-h2o-plugin-standard\/#primaryimage\"},\"image\":{\"@id\":\"https:\/\/tuunerstuudio.ee\/toode\/ford-focus-rs-st-2009-2010-maxxecu-race-h2o-plugin-standard\/#primaryimage\"},\"thumbnailUrl\":\"https:\/\/tuunerstuudio.ee\/wp-content\/uploads\/2024\/10\/1903-maxxecu_plugin_ford_rs_raceh20-01.jpg\",\"datePublished\":\"2024-10-11T12:01:07+00:00\",\"dateModified\":\"2025-02-25T17:09:59+00:00\",\"breadcrumb\":{\"@id\":\"https:\/\/tuunerstuudio.ee\/en\/toode\/ford-focus-rs-st-2009-2010-maxxecu-race-h2o-plugin-standard\/#breadcrumb\"},\"inLanguage\":\"en-US\",\"potentialAction\":[{\"@type\":\"ReadAction\",\"target\":[[\"https:\/\/tuunerstuudio.ee\/en\/toode\/ford-focus-rs-st-2009-2010-maxxecu-race-h2o-plugin-standard\/\"]]}]},{\"@type\":\"ImageObject\",\"inLanguage\":\"en-US\",\"@id\":\"https:\/\/tuunerstuudio.ee\/en\/toode\/ford-focus-rs-st-2009-2010-maxxecu-race-h2o-plugin-standard\/#primaryimage\",\"url\":\"https:\/\/tuunerstuudio.ee\/wp-content\/uploads\/2024\/10\/1903-maxxecu_plugin_ford_rs_raceh20-01.jpg\",\"contentUrl\":\"https:\/\/tuunerstuudio.ee\/wp-content\/uploads\/2024\/10\/1903-maxxecu_plugin_ford_rs_raceh20-01.jpg\",\"width\":800,\"height\":600},{\"@type\":\"BreadcrumbList\",\"@id\":\"https:\/\/tuunerstuudio.ee\/en\/toode\/ford-focus-rs-st-2009-2010-maxxecu-race-h2o-plugin-standard\/#breadcrumb\",\"itemListElement\":[{\"@type\":\"ListItem\",\"position\":1,\"name\":\"Home\",\"item\":\"https:\/\/tuunerstuudio.ee\/en\/\"},{\"@type\":\"ListItem\",\"position\":2,\"name\":\"Tooted\",\"item\":\"https:\/\/www.tuunerstuudio.ee\/tooted\/\"},{\"@type\":\"ListItem\",\"position\":3,\"name\":\"Ford Focus RS\/ST (2009-2010 MaxxECU RACE H2O Plugin STANDARD\"}]},{\"@type\":\"WebSite\",\"@id\":\"https:\/\/tuunerstuudio.ee\/en\/#website\",\"url\":\"https:\/\/tuunerstuudio.ee\/en\/\",\"name\":\"tuunerstuudio\",\"description\":\"\",\"potentialAction\":[{\"@type\":\"SearchAction\",\"target\":{\"@type\":\"EntryPoint\",\"urlTemplate\":\"https:\/\/tuunerstuudio.ee\/en\/?s={search_term_string}\"},\"query-input\":{\"@type\":\"PropertyValueSpecification\",\"valueRequired\":true,\"valueName\":\"search_term_string\"}}],\"inLanguage\":\"en-US\"}]}<\/script>\n<!-- \/ Yoast SEO plugin. -->","yoast_head_json":{"title":"Ford Focus RS\/ST (2009-2010 MaxxECU RACE H2O Plugin STANDARD - TuunerStuudio","robots":{"index":"index","follow":"follow","max-snippet":"max-snippet:-1","max-image-preview":"max-image-preview:large","max-video-preview":"max-video-preview:-1"},"canonical":"https:\/\/tuunerstuudio.ee\/en\/toode\/ford-focus-rs-st-2009-2010-maxxecu-race-h2o-plugin-standard\/","og_locale":"en_US","og_type":"article","og_title":"Ford Focus RS\/ST (2009-2010 MaxxECU RACE H2O Plugin STANDARD - TuunerStuudio","og_description":"MaxxECU RACE on usaldusv\u00e4\u00e4rne ja kiire. MaxxECU annab teile t\u00e4ieliku mootori juhtimise!    Sisseehitatud v\u00e4ljalasketemperatuuri (t\u00fc\u00fcp-K)\u00a0  Kasutab s\u00f5iduki detonatsiooniandureid  Sisseehitatud 400kPa (3bar boost) MAP-andur  Kiire ja t\u00f6\u00f6kindel USB-arvuti side  Android MDash rakendus juhtmevaba BT-side  Varu MAF-anduri saab eemaldada (kui on olemas) ja asendada MaxxECU sisemise MAP-anduriga  Juhtige algset t\u00fchik\u00e4igu solenoidi, tahhomeetrit ja muud originaalvarustust  K\u00fctusepihustid saab asendada valikulise k\u00f5rge v\u00f5i madala oomiga  S\u00f5iduki algs\u00fcsteemis ei ole vaja muudatusi teha  MaxxECU H2O (veekaitsega), kuna ECU on paigutatud mootoriruumi.","og_url":"https:\/\/tuunerstuudio.ee\/en\/toode\/ford-focus-rs-st-2009-2010-maxxecu-race-h2o-plugin-standard\/","og_site_name":"TuunerStuudio","article_modified_time":"2025-02-25T17:09:59+00:00","og_image":[{"width":800,"height":600,"url":"https:\/\/tuunerstuudio.ee\/wp-content\/uploads\/2024\/10\/1903-maxxecu_plugin_ford_rs_raceh20-01.jpg","type":"image\/jpeg"}],"twitter_card":"summary_large_image","twitter_misc":{"Est. reading time":"1 minute"},"schema":{"@context":"https:\/\/schema.org","@graph":[{"@type":"WebPage","@id":"https:\/\/tuunerstuudio.ee\/en\/toode\/ford-focus-rs-st-2009-2010-maxxecu-race-h2o-plugin-standard\/","url":"https:\/\/tuunerstuudio.ee\/en\/toode\/ford-focus-rs-st-2009-2010-maxxecu-race-h2o-plugin-standard\/","name":"Ford Focus RS\/ST (2009-2010 MaxxECU RACE H2O Plugin STANDARD - TuunerStuudio","isPartOf":{"@id":"https:\/\/tuunerstuudio.ee\/en\/#website"},"primaryImageOfPage":{"@id":"https:\/\/tuunerstuudio.ee\/en\/toode\/ford-focus-rs-st-2009-2010-maxxecu-race-h2o-plugin-standard\/#primaryimage"},"image":{"@id":"https:\/\/tuunerstuudio.ee\/toode\/ford-focus-rs-st-2009-2010-maxxecu-race-h2o-plugin-standard\/#primaryimage"},"thumbnailUrl":"https:\/\/tuunerstuudio.ee\/wp-content\/uploads\/2024\/10\/1903-maxxecu_plugin_ford_rs_raceh20-01.jpg","datePublished":"2024-10-11T12:01:07+00:00","dateModified":"2025-02-25T17:09:59+00:00","breadcrumb":{"@id":"https:\/\/tuunerstuudio.ee\/en\/toode\/ford-focus-rs-st-2009-2010-maxxecu-race-h2o-plugin-standard\/#breadcrumb"},"inLanguage":"en-US","potentialAction":[{"@type":"ReadAction","target":[["https:\/\/tuunerstuudio.ee\/en\/toode\/ford-focus-rs-st-2009-2010-maxxecu-race-h2o-plugin-standard\/"]]}]},{"@type":"ImageObject","inLanguage":"en-US","@id":"https:\/\/tuunerstuudio.ee\/en\/toode\/ford-focus-rs-st-2009-2010-maxxecu-race-h2o-plugin-standard\/#primaryimage","url":"https:\/\/tuunerstuudio.ee\/wp-content\/uploads\/2024\/10\/1903-maxxecu_plugin_ford_rs_raceh20-01.jpg","contentUrl":"https:\/\/tuunerstuudio.ee\/wp-content\/uploads\/2024\/10\/1903-maxxecu_plugin_ford_rs_raceh20-01.jpg","width":800,"height":600},{"@type":"BreadcrumbList","@id":"https:\/\/tuunerstuudio.ee\/en\/toode\/ford-focus-rs-st-2009-2010-maxxecu-race-h2o-plugin-standard\/#breadcrumb","itemListElement":[{"@type":"ListItem","position":1,"name":"Home","item":"https:\/\/tuunerstuudio.ee\/en\/"},{"@type":"ListItem","position":2,"name":"Tooted","item":"https:\/\/www.tuunerstuudio.ee\/tooted\/"},{"@type":"ListItem","position":3,"name":"Ford Focus RS\/ST (2009-2010 MaxxECU RACE H2O Plugin STANDARD"}]},{"@type":"WebSite","@id":"https:\/\/tuunerstuudio.ee\/en\/#website","url":"https:\/\/tuunerstuudio.ee\/en\/","name":"tuunerstuudio","description":"","potentialAction":[{"@type":"SearchAction","target":{"@type":"EntryPoint","urlTemplate":"https:\/\/tuunerstuudio.ee\/en\/?s={search_term_string}"},"query-input":{"@type":"PropertyValueSpecification","valueRequired":true,"valueName":"search_term_string"}}],"inLanguage":"en-US"}]}},"_links":{"self":[{"href":"https:\/\/tuunerstuudio.ee\/en\/wp-json\/wp\/v2\/product\/7741","targetHints":{"allow":["GET"]}}],"collection":[{"href":"https:\/\/tuunerstuudio.ee\/en\/wp-json\/wp\/v2\/product"}],"about":[{"href":"https:\/\/tuunerstuudio.ee\/en\/wp-json\/wp\/v2\/types\/product"}],"replies":[{"embeddable":true,"href":"https:\/\/tuunerstuudio.ee\/en\/wp-json\/wp\/v2\/comments?post=7741"}],"wp:featuredmedia":[{"embeddable":true,"href":"https:\/\/tuunerstuudio.ee\/en\/wp-json\/wp\/v2\/media\/7771"}],"wp:attachment":[{"href":"https:\/\/tuunerstuudio.ee\/en\/wp-json\/wp\/v2\/media?parent=7741"}],"wp:term":[{"taxonomy":"product_brand","embeddable":true,"href":"https:\/\/tuunerstuudio.ee\/en\/wp-json\/wp\/v2\/product_brand?post=7741"},{"taxonomy":"product_cat","embeddable":true,"href":"https:\/\/tuunerstuudio.ee\/en\/wp-json\/wp\/v2\/product_cat?post=7741"},{"taxonomy":"product_tag","embeddable":true,"href":"https:\/\/tuunerstuudio.ee\/en\/wp-json\/wp\/v2\/product_tag?post=7741"}],"curies":[{"name":"wp","href":"https:\/\/api.w.org\/{rel}","templated":true}]}}