{"id":7705,"date":"2024-10-11T15:00:50","date_gmt":"2024-10-11T12:00:50","guid":{"rendered":"https:\/\/tuunerstuudio.ee\/uuswp\/?post_type=product&#038;p=7705"},"modified":"2025-01-14T11:22:36","modified_gmt":"2025-01-14T09:22:36","slug":"audi-s3-a4-1-8t-me-7-5-maxxecu-race-h20-plugin-extra","status":"publish","type":"product","link":"https:\/\/tuunerstuudio.ee\/en\/toode\/audi-s3-a4-1-8t-me-7-5-maxxecu-race-h20-plugin-extra\/","title":{"rendered":"Audi S3\/A4 1.8T (ME 7.5) MaxxECU RACE H20 Plugin EXTRA"},"content":{"rendered":"","protected":false},"excerpt":{"rendered":"<p id=\"tw-target-text\" class=\"tw-data-text tw-text-large tw-ta\" dir=\"ltr\" data-placeholder=\"T\u00f5lge\" data-ved=\"2ahUKEwjbjb7Hh6WDAxVG6AIHHcafDbAQ3ewLegQIChAQ\"><span class=\"Y2IQFc\" lang=\"et\">MaxxECU RACE on paindlik, usaldusv\u00e4\u00e4rne ja kiire. MaxxECU annab teile t\u00e4ieliku mootori juhtimise! <\/span><\/p>\n<ul>\n<li class=\"tw-data-text tw-text-large tw-ta\" dir=\"ltr\" data-placeholder=\"T\u00f5lge\" data-ved=\"2ahUKEwjbjb7Hh6WDAxVG6AIHHcafDbAQ3ewLegQIChAQ\"><span class=\"Y2IQFc\" lang=\"et\">Sisseehitatud v\u00e4ljalasketemperatuuri (t\u00fc\u00fcp-K) v\u00f5imendid juhtmestikus<\/span><\/li>\n<li class=\"tw-data-text tw-text-large tw-ta\" dir=\"ltr\" data-placeholder=\"T\u00f5lge\" data-ved=\"2ahUKEwjbjb7Hh6WDAxVG6AIHHcafDbAQ3ewLegQIChAQ\"><span class=\"Y2IQFc\" lang=\"et\">Kasutab s\u00f5iduki detonatsiooniandurit(eid)<\/span><\/li>\n<li class=\"tw-data-text tw-text-large tw-ta\" dir=\"ltr\" data-placeholder=\"T\u00f5lge\" data-ved=\"2ahUKEwjbjb7Hh6WDAxVG6AIHHcafDbAQ3ewLegQIChAQ\"><span class=\"Y2IQFc\" lang=\"et\">Sisseehitatud 400kPa (3bar boost) MAP-andur <\/span><\/li>\n<li class=\"tw-data-text tw-text-large tw-ta\" dir=\"ltr\" data-placeholder=\"T\u00f5lge\" data-ved=\"2ahUKEwjbjb7Hh6WDAxVG6AIHHcafDbAQ3ewLegQIChAQ\"><span class=\"Y2IQFc\" lang=\"et\">Kiire ja t\u00f6\u00f6kindel USB-arvuti side<\/span><\/li>\n<li class=\"tw-data-text tw-text-large tw-ta\" dir=\"ltr\" data-placeholder=\"T\u00f5lge\" data-ved=\"2ahUKEwjbjb7Hh6WDAxVG6AIHHcafDbAQ3ewLegQIChAQ\"><span class=\"Y2IQFc\" lang=\"et\">Android MDash rakendus juhtmevaba BT-side\u00a0<\/span><\/li>\n<li class=\"tw-data-text tw-text-large tw-ta\" dir=\"ltr\" data-placeholder=\"T\u00f5lge\" data-ved=\"2ahUKEwjbjb7Hh6WDAxVG6AIHHcafDbAQ3ewLegQIChAQ\"><span class=\"Y2IQFc\" lang=\"et\">Varu MAF-anduri saab eemaldada (kui on olemas) ja asendada MaxxECU sisemise MAP-anduriga<\/span><\/li>\n<li class=\"tw-data-text tw-text-large tw-ta\" dir=\"ltr\" data-placeholder=\"T\u00f5lge\" data-ved=\"2ahUKEwjbjb7Hh6WDAxVG6AIHHcafDbAQ3ewLegQIChAQ\"><span class=\"Y2IQFc\" lang=\"et\">Juhtige algset t\u00fchik\u00e4igu solenoidi, kliimat, tahhomeetrit ja muud originaalvarustust<\/span><\/li>\n<li class=\"tw-data-text tw-text-large tw-ta\" dir=\"ltr\" data-placeholder=\"T\u00f5lge\" data-ved=\"2ahUKEwjbjb7Hh6WDAxVG6AIHHcafDbAQ3ewLegQIChAQ\"><span class=\"Y2IQFc\" lang=\"et\">K\u00fctusepihustid saab asendada valikulise k\u00f5rge v\u00f5i madala oomiga <\/span><\/li>\n<li class=\"tw-data-text tw-text-large tw-ta\" dir=\"ltr\" data-placeholder=\"T\u00f5lge\" data-ved=\"2ahUKEwjbjb7Hh6WDAxVG6AIHHcafDbAQ3ewLegQIChAQ\"><span class=\"Y2IQFc\" lang=\"et\">Kasutatakse varu LSU 4.2 lairiba lambdaandurit<\/span><\/li>\n<li class=\"tw-data-text tw-text-large tw-ta\" dir=\"ltr\" data-placeholder=\"T\u00f5lge\" data-ved=\"2ahUKEwjbjb7Hh6WDAxVG6AIHHcafDbAQ3ewLegQIChAQ\"><span class=\"Y2IQFc\" lang=\"et\">S\u00f5iduki algs\u00fcsteemis ei ole vaja muudatusi teha<\/span><\/li>\n<li class=\"tw-data-text tw-text-large tw-ta\" dir=\"ltr\" data-placeholder=\"T\u00f5lge\" data-ved=\"2ahUKEwjbjb7Hh6WDAxVG6AIHHcafDbAQ3ewLegQIChAQ\"><span class=\"Y2IQFc\" lang=\"et\">MaxxECU H2O (veekindel), kuna ECU on paigutatud mootoriruumi.<\/span><\/li>\n<\/ul>\n","protected":false},"featured_media":7735,"comment_status":"closed","ping_status":"closed","template":"","meta":[],"product_brand":[],"product_cat":[51,52,329,332,333],"product_tag":[],"class_list":{"0":"post-7705","1":"product","2":"type-product","3":"status-publish","4":"has-post-thumbnail","6":"product_cat-juhtajud","7":"product_cat-maxxecu","8":"product_cat-plugin-ecu-tarvikud","9":"product_cat-plugin-ecu","10":"product_cat-audi-plugin-ecu","12":"first","13":"outofstock","14":"taxable","15":"shipping-taxable","16":"purchasable","17":"product-type-simple"},"yoast_head":"<!-- This site is optimized with the Yoast SEO plugin v26.9 - https:\/\/yoast.com\/product\/yoast-seo-wordpress\/ -->\n<title>Audi S3\/A4 1.8T (ME 7.5) MaxxECU RACE H20 Plugin EXTRA - TuunerStuudio<\/title>\n<meta name=\"robots\" content=\"index, follow, max-snippet:-1, max-image-preview:large, max-video-preview:-1\" \/>\n<link rel=\"canonical\" href=\"https:\/\/tuunerstuudio.ee\/en\/toode\/audi-s3-a4-1-8t-me-7-5-maxxecu-race-h20-plugin-extra\/\" \/>\n<meta property=\"og:locale\" content=\"en_US\" \/>\n<meta property=\"og:type\" content=\"article\" \/>\n<meta property=\"og:title\" content=\"Audi S3\/A4 1.8T (ME 7.5) MaxxECU RACE H20 Plugin EXTRA - TuunerStuudio\" \/>\n<meta property=\"og:description\" content=\"MaxxECU RACE on paindlik, usaldusv\u00e4\u00e4rne ja kiire. MaxxECU annab teile t\u00e4ieliku mootori juhtimise!     Sisseehitatud v\u00e4ljalasketemperatuuri (t\u00fc\u00fcp-K) v\u00f5imendid juhtmestikus  Kasutab s\u00f5iduki detonatsiooniandurit(eid)  Sisseehitatud 400kPa (3bar boost) MAP-andur   Kiire ja t\u00f6\u00f6kindel USB-arvuti side  Android MDash rakendus juhtmevaba BT-side\u00a0  Varu MAF-anduri saab eemaldada (kui on olemas) ja asendada MaxxECU sisemise MAP-anduriga  Juhtige algset t\u00fchik\u00e4igu solenoidi, kliimat, tahhomeetrit ja muud originaalvarustust  K\u00fctusepihustid saab asendada valikulise k\u00f5rge v\u00f5i madala oomiga   Kasutatakse varu LSU 4.2 lairiba lambdaandurit  S\u00f5iduki algs\u00fcsteemis ei ole vaja muudatusi teha  MaxxECU H2O (veekindel), kuna ECU on paigutatud mootoriruumi.\" \/>\n<meta property=\"og:url\" content=\"https:\/\/tuunerstuudio.ee\/en\/toode\/audi-s3-a4-1-8t-me-7-5-maxxecu-race-h20-plugin-extra\/\" \/>\n<meta property=\"og:site_name\" content=\"TuunerStuudio\" \/>\n<meta property=\"article:modified_time\" content=\"2025-01-14T09:22:36+00:00\" \/>\n<meta property=\"og:image\" content=\"https:\/\/tuunerstuudio.ee\/wp-content\/uploads\/2024\/10\/NA.jpg\" \/>\n\t<meta property=\"og:image:width\" content=\"800\" \/>\n\t<meta property=\"og:image:height\" content=\"600\" \/>\n\t<meta property=\"og:image:type\" content=\"image\/jpeg\" \/>\n<meta name=\"twitter:card\" content=\"summary_large_image\" \/>\n<meta name=\"twitter:label1\" content=\"Est. reading time\" \/>\n\t<meta name=\"twitter:data1\" content=\"1 minute\" \/>\n<script type=\"application\/ld+json\" class=\"yoast-schema-graph\">{\"@context\":\"https:\/\/schema.org\",\"@graph\":[{\"@type\":\"WebPage\",\"@id\":\"https:\/\/tuunerstuudio.ee\/en\/toode\/audi-s3-a4-1-8t-me-7-5-maxxecu-race-h20-plugin-extra\/\",\"url\":\"https:\/\/tuunerstuudio.ee\/en\/toode\/audi-s3-a4-1-8t-me-7-5-maxxecu-race-h20-plugin-extra\/\",\"name\":\"Audi S3\/A4 1.8T (ME 7.5) MaxxECU RACE H20 Plugin EXTRA - TuunerStuudio\",\"isPartOf\":{\"@id\":\"https:\/\/tuunerstuudio.ee\/en\/#website\"},\"primaryImageOfPage\":{\"@id\":\"https:\/\/tuunerstuudio.ee\/en\/toode\/audi-s3-a4-1-8t-me-7-5-maxxecu-race-h20-plugin-extra\/#primaryimage\"},\"image\":{\"@id\":\"https:\/\/tuunerstuudio.ee\/toode\/audi-s3-a4-1-8t-me-7-5-maxxecu-race-h20-plugin-extra\/#primaryimage\"},\"thumbnailUrl\":\"https:\/\/tuunerstuudio.ee\/wp-content\/uploads\/2024\/10\/NA.jpg\",\"datePublished\":\"2024-10-11T12:00:50+00:00\",\"dateModified\":\"2025-01-14T09:22:36+00:00\",\"breadcrumb\":{\"@id\":\"https:\/\/tuunerstuudio.ee\/en\/toode\/audi-s3-a4-1-8t-me-7-5-maxxecu-race-h20-plugin-extra\/#breadcrumb\"},\"inLanguage\":\"en-US\",\"potentialAction\":[{\"@type\":\"ReadAction\",\"target\":[[\"https:\/\/tuunerstuudio.ee\/en\/toode\/audi-s3-a4-1-8t-me-7-5-maxxecu-race-h20-plugin-extra\/\"]]}]},{\"@type\":\"ImageObject\",\"inLanguage\":\"en-US\",\"@id\":\"https:\/\/tuunerstuudio.ee\/en\/toode\/audi-s3-a4-1-8t-me-7-5-maxxecu-race-h20-plugin-extra\/#primaryimage\",\"url\":\"https:\/\/tuunerstuudio.ee\/wp-content\/uploads\/2024\/10\/NA.jpg\",\"contentUrl\":\"https:\/\/tuunerstuudio.ee\/wp-content\/uploads\/2024\/10\/NA.jpg\",\"width\":800,\"height\":600},{\"@type\":\"BreadcrumbList\",\"@id\":\"https:\/\/tuunerstuudio.ee\/en\/toode\/audi-s3-a4-1-8t-me-7-5-maxxecu-race-h20-plugin-extra\/#breadcrumb\",\"itemListElement\":[{\"@type\":\"ListItem\",\"position\":1,\"name\":\"Home\",\"item\":\"https:\/\/tuunerstuudio.ee\/en\/\"},{\"@type\":\"ListItem\",\"position\":2,\"name\":\"Tooted\",\"item\":\"https:\/\/www.tuunerstuudio.ee\/tooted\/\"},{\"@type\":\"ListItem\",\"position\":3,\"name\":\"Audi S3\/A4 1.8T (ME 7.5) MaxxECU RACE H20 Plugin EXTRA\"}]},{\"@type\":\"WebSite\",\"@id\":\"https:\/\/tuunerstuudio.ee\/en\/#website\",\"url\":\"https:\/\/tuunerstuudio.ee\/en\/\",\"name\":\"tuunerstuudio\",\"description\":\"\",\"potentialAction\":[{\"@type\":\"SearchAction\",\"target\":{\"@type\":\"EntryPoint\",\"urlTemplate\":\"https:\/\/tuunerstuudio.ee\/en\/?s={search_term_string}\"},\"query-input\":{\"@type\":\"PropertyValueSpecification\",\"valueRequired\":true,\"valueName\":\"search_term_string\"}}],\"inLanguage\":\"en-US\"}]}<\/script>\n<!-- \/ Yoast SEO plugin. -->","yoast_head_json":{"title":"Audi S3\/A4 1.8T (ME 7.5) MaxxECU RACE H20 Plugin EXTRA - TuunerStuudio","robots":{"index":"index","follow":"follow","max-snippet":"max-snippet:-1","max-image-preview":"max-image-preview:large","max-video-preview":"max-video-preview:-1"},"canonical":"https:\/\/tuunerstuudio.ee\/en\/toode\/audi-s3-a4-1-8t-me-7-5-maxxecu-race-h20-plugin-extra\/","og_locale":"en_US","og_type":"article","og_title":"Audi S3\/A4 1.8T (ME 7.5) MaxxECU RACE H20 Plugin EXTRA - TuunerStuudio","og_description":"MaxxECU RACE on paindlik, usaldusv\u00e4\u00e4rne ja kiire. MaxxECU annab teile t\u00e4ieliku mootori juhtimise!     Sisseehitatud v\u00e4ljalasketemperatuuri (t\u00fc\u00fcp-K) v\u00f5imendid juhtmestikus  Kasutab s\u00f5iduki detonatsiooniandurit(eid)  Sisseehitatud 400kPa (3bar boost) MAP-andur   Kiire ja t\u00f6\u00f6kindel USB-arvuti side  Android MDash rakendus juhtmevaba BT-side\u00a0  Varu MAF-anduri saab eemaldada (kui on olemas) ja asendada MaxxECU sisemise MAP-anduriga  Juhtige algset t\u00fchik\u00e4igu solenoidi, kliimat, tahhomeetrit ja muud originaalvarustust  K\u00fctusepihustid saab asendada valikulise k\u00f5rge v\u00f5i madala oomiga   Kasutatakse varu LSU 4.2 lairiba lambdaandurit  S\u00f5iduki algs\u00fcsteemis ei ole vaja muudatusi teha  MaxxECU H2O (veekindel), kuna ECU on paigutatud mootoriruumi.","og_url":"https:\/\/tuunerstuudio.ee\/en\/toode\/audi-s3-a4-1-8t-me-7-5-maxxecu-race-h20-plugin-extra\/","og_site_name":"TuunerStuudio","article_modified_time":"2025-01-14T09:22:36+00:00","og_image":[{"width":800,"height":600,"url":"https:\/\/tuunerstuudio.ee\/wp-content\/uploads\/2024\/10\/NA.jpg","type":"image\/jpeg"}],"twitter_card":"summary_large_image","twitter_misc":{"Est. reading time":"1 minute"},"schema":{"@context":"https:\/\/schema.org","@graph":[{"@type":"WebPage","@id":"https:\/\/tuunerstuudio.ee\/en\/toode\/audi-s3-a4-1-8t-me-7-5-maxxecu-race-h20-plugin-extra\/","url":"https:\/\/tuunerstuudio.ee\/en\/toode\/audi-s3-a4-1-8t-me-7-5-maxxecu-race-h20-plugin-extra\/","name":"Audi S3\/A4 1.8T (ME 7.5) MaxxECU RACE H20 Plugin EXTRA - TuunerStuudio","isPartOf":{"@id":"https:\/\/tuunerstuudio.ee\/en\/#website"},"primaryImageOfPage":{"@id":"https:\/\/tuunerstuudio.ee\/en\/toode\/audi-s3-a4-1-8t-me-7-5-maxxecu-race-h20-plugin-extra\/#primaryimage"},"image":{"@id":"https:\/\/tuunerstuudio.ee\/toode\/audi-s3-a4-1-8t-me-7-5-maxxecu-race-h20-plugin-extra\/#primaryimage"},"thumbnailUrl":"https:\/\/tuunerstuudio.ee\/wp-content\/uploads\/2024\/10\/NA.jpg","datePublished":"2024-10-11T12:00:50+00:00","dateModified":"2025-01-14T09:22:36+00:00","breadcrumb":{"@id":"https:\/\/tuunerstuudio.ee\/en\/toode\/audi-s3-a4-1-8t-me-7-5-maxxecu-race-h20-plugin-extra\/#breadcrumb"},"inLanguage":"en-US","potentialAction":[{"@type":"ReadAction","target":[["https:\/\/tuunerstuudio.ee\/en\/toode\/audi-s3-a4-1-8t-me-7-5-maxxecu-race-h20-plugin-extra\/"]]}]},{"@type":"ImageObject","inLanguage":"en-US","@id":"https:\/\/tuunerstuudio.ee\/en\/toode\/audi-s3-a4-1-8t-me-7-5-maxxecu-race-h20-plugin-extra\/#primaryimage","url":"https:\/\/tuunerstuudio.ee\/wp-content\/uploads\/2024\/10\/NA.jpg","contentUrl":"https:\/\/tuunerstuudio.ee\/wp-content\/uploads\/2024\/10\/NA.jpg","width":800,"height":600},{"@type":"BreadcrumbList","@id":"https:\/\/tuunerstuudio.ee\/en\/toode\/audi-s3-a4-1-8t-me-7-5-maxxecu-race-h20-plugin-extra\/#breadcrumb","itemListElement":[{"@type":"ListItem","position":1,"name":"Home","item":"https:\/\/tuunerstuudio.ee\/en\/"},{"@type":"ListItem","position":2,"name":"Tooted","item":"https:\/\/www.tuunerstuudio.ee\/tooted\/"},{"@type":"ListItem","position":3,"name":"Audi S3\/A4 1.8T (ME 7.5) MaxxECU RACE H20 Plugin EXTRA"}]},{"@type":"WebSite","@id":"https:\/\/tuunerstuudio.ee\/en\/#website","url":"https:\/\/tuunerstuudio.ee\/en\/","name":"tuunerstuudio","description":"","potentialAction":[{"@type":"SearchAction","target":{"@type":"EntryPoint","urlTemplate":"https:\/\/tuunerstuudio.ee\/en\/?s={search_term_string}"},"query-input":{"@type":"PropertyValueSpecification","valueRequired":true,"valueName":"search_term_string"}}],"inLanguage":"en-US"}]}},"_links":{"self":[{"href":"https:\/\/tuunerstuudio.ee\/en\/wp-json\/wp\/v2\/product\/7705","targetHints":{"allow":["GET"]}}],"collection":[{"href":"https:\/\/tuunerstuudio.ee\/en\/wp-json\/wp\/v2\/product"}],"about":[{"href":"https:\/\/tuunerstuudio.ee\/en\/wp-json\/wp\/v2\/types\/product"}],"replies":[{"embeddable":true,"href":"https:\/\/tuunerstuudio.ee\/en\/wp-json\/wp\/v2\/comments?post=7705"}],"wp:featuredmedia":[{"embeddable":true,"href":"https:\/\/tuunerstuudio.ee\/en\/wp-json\/wp\/v2\/media\/7735"}],"wp:attachment":[{"href":"https:\/\/tuunerstuudio.ee\/en\/wp-json\/wp\/v2\/media?parent=7705"}],"wp:term":[{"taxonomy":"product_brand","embeddable":true,"href":"https:\/\/tuunerstuudio.ee\/en\/wp-json\/wp\/v2\/product_brand?post=7705"},{"taxonomy":"product_cat","embeddable":true,"href":"https:\/\/tuunerstuudio.ee\/en\/wp-json\/wp\/v2\/product_cat?post=7705"},{"taxonomy":"product_tag","embeddable":true,"href":"https:\/\/tuunerstuudio.ee\/en\/wp-json\/wp\/v2\/product_tag?post=7705"}],"curies":[{"name":"wp","href":"https:\/\/api.w.org\/{rel}","templated":true}]}}