{"id":7639,"date":"2024-10-11T15:00:33","date_gmt":"2024-10-11T12:00:33","guid":{"rendered":"https:\/\/tuunerstuudio.ee\/uuswp\/?post_type=product&#038;p=7639"},"modified":"2024-10-11T15:00:38","modified_gmt":"2024-10-11T12:00:38","slug":"w-light-thunderbolt","status":"publish","type":"product","link":"https:\/\/tuunerstuudio.ee\/en\/toode\/w-light-thunderbolt\/","title":{"rendered":"W-LIGHT Thunderbolt"},"content":{"rendered":"<p><a href=\"https:\/\/tuunerstuudio.ee\/wp-content\/uploads\/2023\/12\/1605-NS3837_004.jpg\"><img loading=\"lazy\" decoding=\"async\" class=\" wd-lazy-fade alignnone size-medium wp-image-20143\" src=\"https:\/\/tuunerstuudio.ee\/wp-content\/themes\/tuunerstuudio5\/images\/lazy.svg\" data-src=\"https:\/\/tuunerstuudio.ee\/wp-content\/uploads\/2023\/12\/1605-NS3837_004-300x225.jpg\" alt=\"\" width=\"300\" height=\"225\" \/><\/a> <a href=\"https:\/\/tuunerstuudio.ee\/wp-content\/uploads\/2023\/12\/1605-NS3837_005.jpg\"><img loading=\"lazy\" decoding=\"async\" class=\" wd-lazy-fade alignnone size-medium wp-image-20142\" src=\"https:\/\/tuunerstuudio.ee\/wp-content\/themes\/tuunerstuudio5\/images\/lazy.svg\" data-src=\"https:\/\/tuunerstuudio.ee\/wp-content\/uploads\/2023\/12\/1605-NS3837_005-300x225.jpg\" alt=\"\" width=\"300\" height=\"225\" \/><\/a> <a href=\"https:\/\/tuunerstuudio.ee\/wp-content\/uploads\/2023\/12\/1605-NS3837_006.jpg\"><img loading=\"lazy\" decoding=\"async\" class=\" wd-lazy-fade alignnone size-medium wp-image-20141\" src=\"https:\/\/tuunerstuudio.ee\/wp-content\/themes\/tuunerstuudio5\/images\/lazy.svg\" data-src=\"https:\/\/tuunerstuudio.ee\/wp-content\/uploads\/2023\/12\/1605-NS3837_006-300x225.jpg\" alt=\"\" width=\"300\" height=\"225\" \/><\/a><\/p>\n","protected":false},"excerpt":{"rendered":"<p><strong>Pakendi suurus<\/strong>: 1\/6<br \/>\n<strong>M\u00f5\u00f5tmed<\/strong>: 553.00 x 67.00 x 74.00mm<br \/>\n<strong>Pinge<\/strong>: 11-32V<br \/>\n<strong>Lumenid (m\u00f5\u00f5detud)<\/strong>: 9423 lm<br \/>\n<strong>Reference value<\/strong>: 50<br \/>\n<strong>V\u00e4rv<\/strong>: Hall<br \/>\n<strong>Vorm<\/strong>: Riba<br \/>\n<strong>V\u00e4rvitemperatuur<\/strong>: 6000 K<br \/>\n<strong>Pistiku t\u00fc\u00fcp<\/strong>: 2-pin DT<br \/>\n<strong>Korpuse materjal<\/strong>: Alumiinium<br \/>\n<strong>L\u00e4\u00e4tse materjal<\/strong>: Pol\u00fckarbonaat<br \/>\n<strong>Mudeli nimi<\/strong>: Thunderbolt<br \/>\n<strong>Kirjeldus<\/strong>: Thunderbolt, 20 x Osram LED, 6000K, testitud 9423lm, 404m@1lx, hall alumiiniumraam, integreeritud DT-pistik, 7,4A @ 12V<br \/>\n<strong>Garantii (kuudes)<\/strong>: 12<\/p>\n","protected":false},"featured_media":7664,"comment_status":"closed","ping_status":"closed","template":"","meta":[],"product_brand":[],"product_cat":[70,268,269],"product_tag":[],"class_list":{"0":"post-7639","1":"product","2":"type-product","3":"status-publish","4":"has-post-thumbnail","6":"product_cat-muud-tooted","7":"product_cat-lisatuled","8":"product_cat-w-light","10":"first","11":"instock","12":"taxable","13":"shipping-taxable","14":"purchasable","15":"product-type-simple"},"yoast_head":"<!-- This site is optimized with the Yoast SEO plugin v26.9 - https:\/\/yoast.com\/product\/yoast-seo-wordpress\/ -->\n<title>W-LIGHT Thunderbolt - TuunerStuudio<\/title>\n<meta name=\"robots\" content=\"index, follow, max-snippet:-1, max-image-preview:large, max-video-preview:-1\" \/>\n<link rel=\"canonical\" href=\"https:\/\/tuunerstuudio.ee\/en\/toode\/w-light-thunderbolt\/\" \/>\n<meta property=\"og:locale\" content=\"en_US\" \/>\n<meta property=\"og:type\" content=\"article\" \/>\n<meta property=\"og:title\" content=\"W-LIGHT Thunderbolt - TuunerStuudio\" \/>\n<meta property=\"og:description\" content=\"Pakendi suurus: 1\/6 M\u00f5\u00f5tmed: 553.00 x 67.00 x 74.00mm Pinge: 11-32V Lumenid (m\u00f5\u00f5detud): 9423 lm Reference value: 50 V\u00e4rv: Hall Vorm: Riba V\u00e4rvitemperatuur: 6000 K Pistiku t\u00fc\u00fcp: 2-pin DT Korpuse materjal: Alumiinium L\u00e4\u00e4tse materjal: Pol\u00fckarbonaat Mudeli nimi: Thunderbolt Kirjeldus: Thunderbolt, 20 x Osram LED, 6000K, testitud 9423lm, 404m@1lx, hall alumiiniumraam, integreeritud DT-pistik, 7,4A @ 12V Garantii (kuudes): 12\" \/>\n<meta property=\"og:url\" content=\"https:\/\/tuunerstuudio.ee\/en\/toode\/w-light-thunderbolt\/\" \/>\n<meta property=\"og:site_name\" content=\"TuunerStuudio\" \/>\n<meta property=\"article:modified_time\" content=\"2024-10-11T12:00:38+00:00\" \/>\n<meta property=\"og:image\" content=\"https:\/\/tuunerstuudio.ee\/wp-content\/uploads\/2024\/10\/1605-NS3837.jpg\" \/>\n\t<meta property=\"og:image:width\" content=\"400\" \/>\n\t<meta property=\"og:image:height\" content=\"300\" \/>\n\t<meta property=\"og:image:type\" content=\"image\/jpeg\" \/>\n<meta name=\"twitter:card\" content=\"summary_large_image\" \/>\n<meta name=\"twitter:label1\" content=\"Est. reading time\" \/>\n\t<meta name=\"twitter:data1\" content=\"1 minute\" \/>\n<script type=\"application\/ld+json\" class=\"yoast-schema-graph\">{\"@context\":\"https:\/\/schema.org\",\"@graph\":[{\"@type\":\"WebPage\",\"@id\":\"https:\/\/tuunerstuudio.ee\/en\/toode\/w-light-thunderbolt\/\",\"url\":\"https:\/\/tuunerstuudio.ee\/en\/toode\/w-light-thunderbolt\/\",\"name\":\"W-LIGHT Thunderbolt - TuunerStuudio\",\"isPartOf\":{\"@id\":\"https:\/\/tuunerstuudio.ee\/en\/#website\"},\"primaryImageOfPage\":{\"@id\":\"https:\/\/tuunerstuudio.ee\/en\/toode\/w-light-thunderbolt\/#primaryimage\"},\"image\":{\"@id\":\"https:\/\/tuunerstuudio.ee\/toode\/w-light-thunderbolt\/#primaryimage\"},\"thumbnailUrl\":\"https:\/\/tuunerstuudio.ee\/wp-content\/uploads\/2024\/10\/1605-NS3837.jpg\",\"datePublished\":\"2024-10-11T12:00:33+00:00\",\"dateModified\":\"2024-10-11T12:00:38+00:00\",\"breadcrumb\":{\"@id\":\"https:\/\/tuunerstuudio.ee\/en\/toode\/w-light-thunderbolt\/#breadcrumb\"},\"inLanguage\":\"en-US\",\"potentialAction\":[{\"@type\":\"ReadAction\",\"target\":[[\"https:\/\/tuunerstuudio.ee\/en\/toode\/w-light-thunderbolt\/\"]]}]},{\"@type\":\"ImageObject\",\"inLanguage\":\"en-US\",\"@id\":\"https:\/\/tuunerstuudio.ee\/en\/toode\/w-light-thunderbolt\/#primaryimage\",\"url\":\"https:\/\/tuunerstuudio.ee\/wp-content\/uploads\/2024\/10\/1605-NS3837.jpg\",\"contentUrl\":\"https:\/\/tuunerstuudio.ee\/wp-content\/uploads\/2024\/10\/1605-NS3837.jpg\",\"width\":400,\"height\":300},{\"@type\":\"BreadcrumbList\",\"@id\":\"https:\/\/tuunerstuudio.ee\/en\/toode\/w-light-thunderbolt\/#breadcrumb\",\"itemListElement\":[{\"@type\":\"ListItem\",\"position\":1,\"name\":\"Home\",\"item\":\"https:\/\/tuunerstuudio.ee\/en\/\"},{\"@type\":\"ListItem\",\"position\":2,\"name\":\"Tooted\",\"item\":\"https:\/\/www.tuunerstuudio.ee\/tooted\/\"},{\"@type\":\"ListItem\",\"position\":3,\"name\":\"W-LIGHT Thunderbolt\"}]},{\"@type\":\"WebSite\",\"@id\":\"https:\/\/tuunerstuudio.ee\/en\/#website\",\"url\":\"https:\/\/tuunerstuudio.ee\/en\/\",\"name\":\"tuunerstuudio\",\"description\":\"\",\"potentialAction\":[{\"@type\":\"SearchAction\",\"target\":{\"@type\":\"EntryPoint\",\"urlTemplate\":\"https:\/\/tuunerstuudio.ee\/en\/?s={search_term_string}\"},\"query-input\":{\"@type\":\"PropertyValueSpecification\",\"valueRequired\":true,\"valueName\":\"search_term_string\"}}],\"inLanguage\":\"en-US\"}]}<\/script>\n<!-- \/ Yoast SEO plugin. -->","yoast_head_json":{"title":"W-LIGHT Thunderbolt - TuunerStuudio","robots":{"index":"index","follow":"follow","max-snippet":"max-snippet:-1","max-image-preview":"max-image-preview:large","max-video-preview":"max-video-preview:-1"},"canonical":"https:\/\/tuunerstuudio.ee\/en\/toode\/w-light-thunderbolt\/","og_locale":"en_US","og_type":"article","og_title":"W-LIGHT Thunderbolt - TuunerStuudio","og_description":"Pakendi suurus: 1\/6 M\u00f5\u00f5tmed: 553.00 x 67.00 x 74.00mm Pinge: 11-32V Lumenid (m\u00f5\u00f5detud): 9423 lm Reference value: 50 V\u00e4rv: Hall Vorm: Riba V\u00e4rvitemperatuur: 6000 K Pistiku t\u00fc\u00fcp: 2-pin DT Korpuse materjal: Alumiinium L\u00e4\u00e4tse materjal: Pol\u00fckarbonaat Mudeli nimi: Thunderbolt Kirjeldus: Thunderbolt, 20 x Osram LED, 6000K, testitud 9423lm, 404m@1lx, hall alumiiniumraam, integreeritud DT-pistik, 7,4A @ 12V Garantii (kuudes): 12","og_url":"https:\/\/tuunerstuudio.ee\/en\/toode\/w-light-thunderbolt\/","og_site_name":"TuunerStuudio","article_modified_time":"2024-10-11T12:00:38+00:00","og_image":[{"width":400,"height":300,"url":"https:\/\/tuunerstuudio.ee\/wp-content\/uploads\/2024\/10\/1605-NS3837.jpg","type":"image\/jpeg"}],"twitter_card":"summary_large_image","twitter_misc":{"Est. reading time":"1 minute"},"schema":{"@context":"https:\/\/schema.org","@graph":[{"@type":"WebPage","@id":"https:\/\/tuunerstuudio.ee\/en\/toode\/w-light-thunderbolt\/","url":"https:\/\/tuunerstuudio.ee\/en\/toode\/w-light-thunderbolt\/","name":"W-LIGHT Thunderbolt - TuunerStuudio","isPartOf":{"@id":"https:\/\/tuunerstuudio.ee\/en\/#website"},"primaryImageOfPage":{"@id":"https:\/\/tuunerstuudio.ee\/en\/toode\/w-light-thunderbolt\/#primaryimage"},"image":{"@id":"https:\/\/tuunerstuudio.ee\/toode\/w-light-thunderbolt\/#primaryimage"},"thumbnailUrl":"https:\/\/tuunerstuudio.ee\/wp-content\/uploads\/2024\/10\/1605-NS3837.jpg","datePublished":"2024-10-11T12:00:33+00:00","dateModified":"2024-10-11T12:00:38+00:00","breadcrumb":{"@id":"https:\/\/tuunerstuudio.ee\/en\/toode\/w-light-thunderbolt\/#breadcrumb"},"inLanguage":"en-US","potentialAction":[{"@type":"ReadAction","target":[["https:\/\/tuunerstuudio.ee\/en\/toode\/w-light-thunderbolt\/"]]}]},{"@type":"ImageObject","inLanguage":"en-US","@id":"https:\/\/tuunerstuudio.ee\/en\/toode\/w-light-thunderbolt\/#primaryimage","url":"https:\/\/tuunerstuudio.ee\/wp-content\/uploads\/2024\/10\/1605-NS3837.jpg","contentUrl":"https:\/\/tuunerstuudio.ee\/wp-content\/uploads\/2024\/10\/1605-NS3837.jpg","width":400,"height":300},{"@type":"BreadcrumbList","@id":"https:\/\/tuunerstuudio.ee\/en\/toode\/w-light-thunderbolt\/#breadcrumb","itemListElement":[{"@type":"ListItem","position":1,"name":"Home","item":"https:\/\/tuunerstuudio.ee\/en\/"},{"@type":"ListItem","position":2,"name":"Tooted","item":"https:\/\/www.tuunerstuudio.ee\/tooted\/"},{"@type":"ListItem","position":3,"name":"W-LIGHT Thunderbolt"}]},{"@type":"WebSite","@id":"https:\/\/tuunerstuudio.ee\/en\/#website","url":"https:\/\/tuunerstuudio.ee\/en\/","name":"tuunerstuudio","description":"","potentialAction":[{"@type":"SearchAction","target":{"@type":"EntryPoint","urlTemplate":"https:\/\/tuunerstuudio.ee\/en\/?s={search_term_string}"},"query-input":{"@type":"PropertyValueSpecification","valueRequired":true,"valueName":"search_term_string"}}],"inLanguage":"en-US"}]}},"_links":{"self":[{"href":"https:\/\/tuunerstuudio.ee\/en\/wp-json\/wp\/v2\/product\/7639","targetHints":{"allow":["GET"]}}],"collection":[{"href":"https:\/\/tuunerstuudio.ee\/en\/wp-json\/wp\/v2\/product"}],"about":[{"href":"https:\/\/tuunerstuudio.ee\/en\/wp-json\/wp\/v2\/types\/product"}],"replies":[{"embeddable":true,"href":"https:\/\/tuunerstuudio.ee\/en\/wp-json\/wp\/v2\/comments?post=7639"}],"wp:featuredmedia":[{"embeddable":true,"href":"https:\/\/tuunerstuudio.ee\/en\/wp-json\/wp\/v2\/media\/7664"}],"wp:attachment":[{"href":"https:\/\/tuunerstuudio.ee\/en\/wp-json\/wp\/v2\/media?parent=7639"}],"wp:term":[{"taxonomy":"product_brand","embeddable":true,"href":"https:\/\/tuunerstuudio.ee\/en\/wp-json\/wp\/v2\/product_brand?post=7639"},{"taxonomy":"product_cat","embeddable":true,"href":"https:\/\/tuunerstuudio.ee\/en\/wp-json\/wp\/v2\/product_cat?post=7639"},{"taxonomy":"product_tag","embeddable":true,"href":"https:\/\/tuunerstuudio.ee\/en\/wp-json\/wp\/v2\/product_tag?post=7639"}],"curies":[{"name":"wp","href":"https:\/\/api.w.org\/{rel}","templated":true}]}}