{"id":7458,"date":"2024-10-11T14:59:03","date_gmt":"2024-10-11T11:59:03","guid":{"rendered":"https:\/\/tuunerstuudio.ee\/uuswp\/?post_type=product&#038;p=7458"},"modified":"2025-08-28T22:28:50","modified_gmt":"2025-08-28T19:28:50","slug":"fuel-pressure-gauge-7-bar-100-psi","status":"publish","type":"product","link":"https:\/\/tuunerstuudio.ee\/en\/toode\/fuel-pressure-gauge-7-bar-100-psi\/","title":{"rendered":"Fuel Pressure Gauge 7 BAR \/ 100 PSI"},"content":{"rendered":"","protected":false},"excerpt":{"rendered":"<ul>\n<li id=\"tw-target-text\" class=\"tw-data-text tw-text-large tw-ta\" dir=\"ltr\" data-placeholder=\"T\u00f5lge\" data-ved=\"2ahUKEwjGlISV1omDAxWkBxAIHfY1D7oQ3ewLegQIAhAQ\">Shows 0-100 PSI and 0-7 BAR<\/li>\n<li class=\"tw-data-text tw-text-large tw-ta\" dir=\"ltr\" data-placeholder=\"T\u00f5lge\" data-ved=\"2ahUKEwjGlISV1omDAxWkBxAIHfY1D7oQ3ewLegQIAhAQ\">Dual scale black-and-white design<\/li>\n<li class=\"tw-data-text tw-text-large tw-ta\" dir=\"ltr\" data-placeholder=\"T\u00f5lge\" data-ved=\"2ahUKEwjGlISV1omDAxWkBxAIHfY1D7oQ3ewLegQIAhAQ\">Waterproof casing and durable glass lens<\/li>\n<li class=\"tw-data-text tw-text-large tw-ta\" dir=\"ltr\" data-placeholder=\"T\u00f5lge\" data-ved=\"2ahUKEwjGlISV1omDAxWkBxAIHfY1D7oQ3ewLegQIAhAQ\">E85 fuel resistant \u2013 safe for alcohol-based fuels<\/li>\n<li class=\"tw-data-text tw-text-large tw-ta\" dir=\"ltr\" data-placeholder=\"T\u00f5lge\" data-ved=\"2ahUKEwjGlISV1omDAxWkBxAIHfY1D7oQ3ewLegQIAhAQ\">1\/8 NPT thread<\/li>\n<\/ul>\n","protected":false},"featured_media":7487,"comment_status":"closed","ping_status":"closed","template":"","meta":[],"product_brand":[],"product_cat":[16,123,303],"product_tag":[],"class_list":{"0":"post-7458","1":"product","2":"type-product","3":"status-publish","4":"has-post-thumbnail","6":"product_cat-kutusesusteem","7":"product_cat-regulaatorid-kellad","8":"product_cat-nuke-performance-regulaatorid-kellad","10":"first","11":"onbackorder","12":"taxable","13":"shipping-taxable","14":"purchasable","15":"product-type-simple"},"yoast_head":"<!-- This site is optimized with the Yoast SEO plugin v26.9 - https:\/\/yoast.com\/product\/yoast-seo-wordpress\/ -->\n<title>Fuel Pressure Gauge 7 BAR \/ 100 PSI - TuunerStuudio<\/title>\n<meta name=\"robots\" content=\"index, follow, max-snippet:-1, max-image-preview:large, max-video-preview:-1\" \/>\n<link rel=\"canonical\" href=\"https:\/\/tuunerstuudio.ee\/en\/toode\/fuel-pressure-gauge-7-bar-100-psi\/\" \/>\n<meta property=\"og:locale\" content=\"en_US\" \/>\n<meta property=\"og:type\" content=\"article\" \/>\n<meta property=\"og:title\" content=\"Fuel Pressure Gauge 7 BAR \/ 100 PSI - TuunerStuudio\" \/>\n<meta property=\"og:description\" content=\"Shows 0-100 PSI and 0-7 BAR  Dual scale black-and-white design  Waterproof casing and durable glass lens  E85 fuel resistant \u2013 safe for alcohol-based fuels  1\/8 NPT thread\" \/>\n<meta property=\"og:url\" content=\"https:\/\/tuunerstuudio.ee\/en\/toode\/fuel-pressure-gauge-7-bar-100-psi\/\" \/>\n<meta property=\"og:site_name\" content=\"TuunerStuudio\" \/>\n<meta property=\"article:modified_time\" content=\"2025-08-28T19:28:50+00:00\" \/>\n<meta property=\"og:image\" content=\"https:\/\/tuunerstuudio.ee\/wp-content\/uploads\/2024\/10\/1430-82-fuelpressuregauge.jpg\" \/>\n\t<meta property=\"og:image:width\" content=\"780\" \/>\n\t<meta property=\"og:image:height\" content=\"780\" \/>\n\t<meta property=\"og:image:type\" content=\"image\/jpeg\" \/>\n<meta name=\"twitter:card\" content=\"summary_large_image\" \/>\n<meta name=\"twitter:label1\" content=\"Est. reading time\" \/>\n\t<meta name=\"twitter:data1\" content=\"1 minute\" \/>\n<script type=\"application\/ld+json\" class=\"yoast-schema-graph\">{\"@context\":\"https:\/\/schema.org\",\"@graph\":[{\"@type\":\"WebPage\",\"@id\":\"https:\/\/tuunerstuudio.ee\/en\/toode\/fuel-pressure-gauge-7-bar-100-psi\/\",\"url\":\"https:\/\/tuunerstuudio.ee\/en\/toode\/fuel-pressure-gauge-7-bar-100-psi\/\",\"name\":\"Fuel Pressure Gauge 7 BAR \/ 100 PSI - TuunerStuudio\",\"isPartOf\":{\"@id\":\"https:\/\/tuunerstuudio.ee\/en\/#website\"},\"primaryImageOfPage\":{\"@id\":\"https:\/\/tuunerstuudio.ee\/en\/toode\/fuel-pressure-gauge-7-bar-100-psi\/#primaryimage\"},\"image\":{\"@id\":\"https:\/\/tuunerstuudio.ee\/toode\/fuel-pressure-gauge-7-bar-100-psi\/#primaryimage\"},\"thumbnailUrl\":\"https:\/\/tuunerstuudio.ee\/wp-content\/uploads\/2024\/10\/1430-82-fuelpressuregauge.jpg\",\"datePublished\":\"2024-10-11T11:59:03+00:00\",\"dateModified\":\"2025-08-28T19:28:50+00:00\",\"breadcrumb\":{\"@id\":\"https:\/\/tuunerstuudio.ee\/en\/toode\/fuel-pressure-gauge-7-bar-100-psi\/#breadcrumb\"},\"inLanguage\":\"en-US\",\"potentialAction\":[{\"@type\":\"ReadAction\",\"target\":[[\"https:\/\/tuunerstuudio.ee\/en\/toode\/fuel-pressure-gauge-7-bar-100-psi\/\"]]}]},{\"@type\":\"ImageObject\",\"inLanguage\":\"en-US\",\"@id\":\"https:\/\/tuunerstuudio.ee\/en\/toode\/fuel-pressure-gauge-7-bar-100-psi\/#primaryimage\",\"url\":\"https:\/\/tuunerstuudio.ee\/wp-content\/uploads\/2024\/10\/1430-82-fuelpressuregauge.jpg\",\"contentUrl\":\"https:\/\/tuunerstuudio.ee\/wp-content\/uploads\/2024\/10\/1430-82-fuelpressuregauge.jpg\",\"width\":780,\"height\":780},{\"@type\":\"BreadcrumbList\",\"@id\":\"https:\/\/tuunerstuudio.ee\/en\/toode\/fuel-pressure-gauge-7-bar-100-psi\/#breadcrumb\",\"itemListElement\":[{\"@type\":\"ListItem\",\"position\":1,\"name\":\"Home\",\"item\":\"https:\/\/tuunerstuudio.ee\/en\/\"},{\"@type\":\"ListItem\",\"position\":2,\"name\":\"Tooted\",\"item\":\"https:\/\/www.tuunerstuudio.ee\/tooted\/\"},{\"@type\":\"ListItem\",\"position\":3,\"name\":\"K\u00fctuser\u00f5hu n\u00e4idik 7 BAR \/ 100 PSI\"}]},{\"@type\":\"WebSite\",\"@id\":\"https:\/\/tuunerstuudio.ee\/en\/#website\",\"url\":\"https:\/\/tuunerstuudio.ee\/en\/\",\"name\":\"tuunerstuudio\",\"description\":\"\",\"potentialAction\":[{\"@type\":\"SearchAction\",\"target\":{\"@type\":\"EntryPoint\",\"urlTemplate\":\"https:\/\/tuunerstuudio.ee\/en\/?s={search_term_string}\"},\"query-input\":{\"@type\":\"PropertyValueSpecification\",\"valueRequired\":true,\"valueName\":\"search_term_string\"}}],\"inLanguage\":\"en-US\"}]}<\/script>\n<!-- \/ Yoast SEO plugin. -->","yoast_head_json":{"title":"Fuel Pressure Gauge 7 BAR \/ 100 PSI - TuunerStuudio","robots":{"index":"index","follow":"follow","max-snippet":"max-snippet:-1","max-image-preview":"max-image-preview:large","max-video-preview":"max-video-preview:-1"},"canonical":"https:\/\/tuunerstuudio.ee\/en\/toode\/fuel-pressure-gauge-7-bar-100-psi\/","og_locale":"en_US","og_type":"article","og_title":"Fuel Pressure Gauge 7 BAR \/ 100 PSI - TuunerStuudio","og_description":"Shows 0-100 PSI and 0-7 BAR  Dual scale black-and-white design  Waterproof casing and durable glass lens  E85 fuel resistant \u2013 safe for alcohol-based fuels  1\/8 NPT thread","og_url":"https:\/\/tuunerstuudio.ee\/en\/toode\/fuel-pressure-gauge-7-bar-100-psi\/","og_site_name":"TuunerStuudio","article_modified_time":"2025-08-28T19:28:50+00:00","og_image":[{"width":780,"height":780,"url":"https:\/\/tuunerstuudio.ee\/wp-content\/uploads\/2024\/10\/1430-82-fuelpressuregauge.jpg","type":"image\/jpeg"}],"twitter_card":"summary_large_image","twitter_misc":{"Est. reading time":"1 minute"},"schema":{"@context":"https:\/\/schema.org","@graph":[{"@type":"WebPage","@id":"https:\/\/tuunerstuudio.ee\/en\/toode\/fuel-pressure-gauge-7-bar-100-psi\/","url":"https:\/\/tuunerstuudio.ee\/en\/toode\/fuel-pressure-gauge-7-bar-100-psi\/","name":"Fuel Pressure Gauge 7 BAR \/ 100 PSI - TuunerStuudio","isPartOf":{"@id":"https:\/\/tuunerstuudio.ee\/en\/#website"},"primaryImageOfPage":{"@id":"https:\/\/tuunerstuudio.ee\/en\/toode\/fuel-pressure-gauge-7-bar-100-psi\/#primaryimage"},"image":{"@id":"https:\/\/tuunerstuudio.ee\/toode\/fuel-pressure-gauge-7-bar-100-psi\/#primaryimage"},"thumbnailUrl":"https:\/\/tuunerstuudio.ee\/wp-content\/uploads\/2024\/10\/1430-82-fuelpressuregauge.jpg","datePublished":"2024-10-11T11:59:03+00:00","dateModified":"2025-08-28T19:28:50+00:00","breadcrumb":{"@id":"https:\/\/tuunerstuudio.ee\/en\/toode\/fuel-pressure-gauge-7-bar-100-psi\/#breadcrumb"},"inLanguage":"en-US","potentialAction":[{"@type":"ReadAction","target":[["https:\/\/tuunerstuudio.ee\/en\/toode\/fuel-pressure-gauge-7-bar-100-psi\/"]]}]},{"@type":"ImageObject","inLanguage":"en-US","@id":"https:\/\/tuunerstuudio.ee\/en\/toode\/fuel-pressure-gauge-7-bar-100-psi\/#primaryimage","url":"https:\/\/tuunerstuudio.ee\/wp-content\/uploads\/2024\/10\/1430-82-fuelpressuregauge.jpg","contentUrl":"https:\/\/tuunerstuudio.ee\/wp-content\/uploads\/2024\/10\/1430-82-fuelpressuregauge.jpg","width":780,"height":780},{"@type":"BreadcrumbList","@id":"https:\/\/tuunerstuudio.ee\/en\/toode\/fuel-pressure-gauge-7-bar-100-psi\/#breadcrumb","itemListElement":[{"@type":"ListItem","position":1,"name":"Home","item":"https:\/\/tuunerstuudio.ee\/en\/"},{"@type":"ListItem","position":2,"name":"Tooted","item":"https:\/\/www.tuunerstuudio.ee\/tooted\/"},{"@type":"ListItem","position":3,"name":"K\u00fctuser\u00f5hu n\u00e4idik 7 BAR \/ 100 PSI"}]},{"@type":"WebSite","@id":"https:\/\/tuunerstuudio.ee\/en\/#website","url":"https:\/\/tuunerstuudio.ee\/en\/","name":"tuunerstuudio","description":"","potentialAction":[{"@type":"SearchAction","target":{"@type":"EntryPoint","urlTemplate":"https:\/\/tuunerstuudio.ee\/en\/?s={search_term_string}"},"query-input":{"@type":"PropertyValueSpecification","valueRequired":true,"valueName":"search_term_string"}}],"inLanguage":"en-US"}]}},"_links":{"self":[{"href":"https:\/\/tuunerstuudio.ee\/en\/wp-json\/wp\/v2\/product\/7458","targetHints":{"allow":["GET"]}}],"collection":[{"href":"https:\/\/tuunerstuudio.ee\/en\/wp-json\/wp\/v2\/product"}],"about":[{"href":"https:\/\/tuunerstuudio.ee\/en\/wp-json\/wp\/v2\/types\/product"}],"replies":[{"embeddable":true,"href":"https:\/\/tuunerstuudio.ee\/en\/wp-json\/wp\/v2\/comments?post=7458"}],"wp:featuredmedia":[{"embeddable":true,"href":"https:\/\/tuunerstuudio.ee\/en\/wp-json\/wp\/v2\/media\/7487"}],"wp:attachment":[{"href":"https:\/\/tuunerstuudio.ee\/en\/wp-json\/wp\/v2\/media?parent=7458"}],"wp:term":[{"taxonomy":"product_brand","embeddable":true,"href":"https:\/\/tuunerstuudio.ee\/en\/wp-json\/wp\/v2\/product_brand?post=7458"},{"taxonomy":"product_cat","embeddable":true,"href":"https:\/\/tuunerstuudio.ee\/en\/wp-json\/wp\/v2\/product_cat?post=7458"},{"taxonomy":"product_tag","embeddable":true,"href":"https:\/\/tuunerstuudio.ee\/en\/wp-json\/wp\/v2\/product_tag?post=7458"}],"curies":[{"name":"wp","href":"https:\/\/api.w.org\/{rel}","templated":true}]}}