{"id":7449,"date":"2024-10-11T14:59:03","date_gmt":"2024-10-11T11:59:03","guid":{"rendered":"https:\/\/tuunerstuudio.ee\/uuswp\/?post_type=product&#038;p=7449"},"modified":"2026-02-09T08:33:40","modified_gmt":"2026-02-09T06:33:40","slug":"d525-d524-eelsuutekuunalde-juhtmestik","status":"publish","type":"product","link":"https:\/\/tuunerstuudio.ee\/en\/toode\/d525-d524-eelsuutekuunalde-juhtmestik\/","title":{"rendered":"D525\/D524 eels\u00fc\u00fctek\u00fc\u00fcnalde juhtmestik"},"content":{"rendered":"<p>Variant 1: <img loading=\"lazy\" decoding=\"async\" class=\" wd-lazy-fade alignnone size-medium wp-image-19886\" src=\"https:\/\/tuunerstuudio.ee\/wp-content\/themes\/tuunerstuudio5\/images\/lazy.svg\" data-src=\"https:\/\/tuunerstuudio.ee\/wp-content\/uploads\/2023\/11\/D5-eelsuutekunlad-225x300.jpg\" alt=\"\" width=\"225\" height=\"300\" \/> Variant 2:<a href=\"https:\/\/tuunerstuudio.ee\/wp-content\/uploads\/2023\/12\/405303047_1023292355573926_8009323340128601780_n.jpg\"><img loading=\"lazy\" decoding=\"async\" class=\" wd-lazy-fade alignnone size-medium wp-image-19910\" src=\"https:\/\/tuunerstuudio.ee\/wp-content\/themes\/tuunerstuudio5\/images\/lazy.svg\" data-src=\"https:\/\/tuunerstuudio.ee\/wp-content\/uploads\/2023\/12\/405303047_1023292355573926_8009323340128601780_n-225x300.jpg\" alt=\"\" width=\"225\" height=\"300\" \/><\/a><\/p>\n","protected":false},"excerpt":{"rendered":"<p>Volvo 850, S\/V 70, S80 jne omanikud.<br \/>\nKui teil on eels\u00fc\u00fctek\u00fc\u00fcnlad vahetatud, aga ikkagi k\u00e4ivitades m\u00f5ned silindrid ei taha j\u00e4rgi tulla, on teil kindlasti see probleem:<\/p>\n<p><strong>Variant 1:<\/strong><\/p>\n<p>T\u00fc\u00fcpveana ei anna need originaalpistikud tavaliselt kontakti (kl\u00f5psavad kinni k\u00fcll- plastosa fikseerub aga metallosa liigub loksuga sees).<br \/>\nLahendusena m\u00fc\u00fcme isetehtud juhtmekimpu mis hargneb 4mm2 sisendotsast igasse k\u00fc\u00fcnlasse 1,5mm2 juhtmega ja joodetud tuugalt k\u00fc\u00fcnla otsa mineva pistikuga. \u00dchendused kaetud paksude termokahanevatega.<br \/>\nPaigaldusel soovitav joota originaaljuhtme otsa, vana tuleb l\u00e4bi l\u00f5igata sobiva koha pealt. (nt m\u00f5nes t\u00f6\u00f6kojas lasta otsa joota) v\u00f5i siis pressida \u00fcksteisega kokku korraliku \u00fchendusmuhviga, mille kaasa annan. Piibud l\u00e4hevad otsa tuugalt. Juhtmed soovitame ka kinnitada kaabli sidemetega, et diisli vibratsioon kaablit vastu mootorit l\u00e4bi ei h\u00f5\u00f5ruks.<\/p>\n<p>Kaasas on:<br \/>\n1) Harukimp 4mm2 sisendkaabel ~100mm pikkusega -&gt; igale k\u00fc\u00fcnlale minev kaabel 1,5mm2+ pressitud pistik otsas, \u00fchenduskohad ja otsaklemm kaetud isolatsiooniga<br \/>\n2) Termokahanev torujupp (paksuseinaline liimsisuga) selle \u00fcheduskoha katteks, t\u00f6\u00f6 mis tuleb teha v\u00f5i lasta teha autoomanikul endal.<br \/>\n3) Pressh\u00fclss \u00fchenduse tegemiseks<\/p>\n<p><strong>Variant 2:\u00a0<\/strong><\/p>\n<p>Komplekt koosneb 5 erinevast kaablist mis asendatakse siis originaal kaabliotstega, igasse k\u00fc\u00fcnlasse 1.5mm juhtmega.<\/p>\n<p>&nbsp;<\/p>\n<p><strong>VIN koodi p\u00f5hiselt on v\u00f5imalik tuvastada DPF-i\u00a0 olemasolu. Kui soovid sellega abi siis v\u00f5ta meiega \u00fchendust !<\/strong><\/p>\n<p><strong>Tel nr: +372 56623315<\/strong><\/p>\n<p><strong>Email: sales@tuunerstuudio.ee<\/strong><\/p>\n<p><strong>Garantii 1 aasta!<\/strong><\/p>\n<p>Garantii ei laiene mehhaanilistele vigastustele ja sellele \u00fchendusele mille teostab klient.<\/p>\n","protected":false},"featured_media":7479,"comment_status":"closed","ping_status":"closed","template":"","meta":[],"product_brand":[],"product_cat":[77,138],"product_tag":[],"class_list":{"0":"post-7449","1":"product","2":"type-product","3":"status-publish","4":"has-post-thumbnail","6":"product_cat-tuunerstuudio-tooted","7":"product_cat-engine-management","9":"first","10":"instock","11":"taxable","12":"shipping-taxable","13":"purchasable","14":"product-type-variable"},"yoast_head":"<!-- This site is optimized with the Yoast SEO plugin v26.9 - https:\/\/yoast.com\/product\/yoast-seo-wordpress\/ -->\n<title>D525\/D524 eels\u00fc\u00fctek\u00fc\u00fcnalde juhtmestik - TuunerStuudio<\/title>\n<meta name=\"robots\" content=\"index, follow, max-snippet:-1, max-image-preview:large, max-video-preview:-1\" \/>\n<link rel=\"canonical\" href=\"https:\/\/tuunerstuudio.ee\/en\/toode\/d525-d524-eelsuutekuunalde-juhtmestik\/\" \/>\n<meta property=\"og:locale\" content=\"en_US\" \/>\n<meta property=\"og:type\" content=\"article\" \/>\n<meta property=\"og:title\" content=\"D525\/D524 eels\u00fc\u00fctek\u00fc\u00fcnalde juhtmestik - TuunerStuudio\" \/>\n<meta property=\"og:description\" content=\"Volvo 850, S\/V 70, S80 jne omanikud. Kui teil on eels\u00fc\u00fctek\u00fc\u00fcnlad vahetatud, aga ikkagi k\u00e4ivitades m\u00f5ned silindrid ei taha j\u00e4rgi tulla, on teil kindlasti see probleem:  Variant 1:  T\u00fc\u00fcpveana ei anna need originaalpistikud tavaliselt kontakti (kl\u00f5psavad kinni k\u00fcll- plastosa fikseerub aga metallosa liigub loksuga sees). Lahendusena m\u00fc\u00fcme isetehtud juhtmekimpu mis hargneb 4mm2 sisendotsast igasse k\u00fc\u00fcnlasse 1,5mm2 juhtmega ja joodetud tuugalt k\u00fc\u00fcnla otsa mineva pistikuga. \u00dchendused kaetud paksude termokahanevatega. Paigaldusel soovitav joota originaaljuhtme otsa, vana tuleb l\u00e4bi l\u00f5igata sobiva koha pealt. (nt m\u00f5nes t\u00f6\u00f6kojas lasta otsa joota) v\u00f5i siis pressida \u00fcksteisega kokku korraliku \u00fchendusmuhviga, mille kaasa annan. Piibud l\u00e4hevad otsa tuugalt. Juhtmed soovitame ka kinnitada kaabli sidemetega, et diisli vibratsioon kaablit vastu mootorit l\u00e4bi ei h\u00f5\u00f5ruks.  Kaasas on: 1) Harukimp 4mm2 sisendkaabel ~100mm pikkusega -&gt; igale k\u00fc\u00fcnlale minev kaabel 1,5mm2+ pressitud pistik otsas, \u00fchenduskohad ja otsaklemm kaetud isolatsiooniga 2) Termokahanev torujupp (paksuseinaline liimsisuga) selle \u00fcheduskoha katteks, t\u00f6\u00f6 mis tuleb teha v\u00f5i lasta teha autoomanikul endal. 3) Pressh\u00fclss \u00fchenduse tegemiseks  Variant 2:\u00a0  Komplekt koosneb 5 erinevast kaablist mis asendatakse siis originaal kaabliotstega, igasse k\u00fc\u00fcnlasse 1.5mm juhtmega.  &nbsp;  VIN koodi p\u00f5hiselt on v\u00f5imalik tuvastada DPF-i\u00a0 olemasolu. Kui soovid sellega abi siis v\u00f5ta meiega \u00fchendust !  Tel nr: +372 56623315  Email: sales@tuunerstuudio.ee  Garantii 1 aasta!  Garantii ei laiene mehhaanilistele vigastustele ja sellele \u00fchendusele mille teostab klient.\" \/>\n<meta property=\"og:url\" content=\"https:\/\/tuunerstuudio.ee\/en\/toode\/d525-d524-eelsuutekuunalde-juhtmestik\/\" \/>\n<meta property=\"og:site_name\" content=\"TuunerStuudio\" \/>\n<meta property=\"article:modified_time\" content=\"2026-02-09T06:33:40+00:00\" \/>\n<meta property=\"og:image\" content=\"https:\/\/tuunerstuudio.ee\/wp-content\/uploads\/2024\/10\/D5-eelsuutekunlad.jpg\" \/>\n\t<meta property=\"og:image:width\" content=\"1536\" \/>\n\t<meta property=\"og:image:height\" content=\"2048\" \/>\n\t<meta property=\"og:image:type\" content=\"image\/jpeg\" \/>\n<meta name=\"twitter:card\" content=\"summary_large_image\" \/>\n<meta name=\"twitter:label1\" content=\"Est. reading time\" \/>\n\t<meta name=\"twitter:data1\" content=\"1 minute\" \/>\n<script type=\"application\/ld+json\" class=\"yoast-schema-graph\">{\"@context\":\"https:\/\/schema.org\",\"@graph\":[{\"@type\":\"WebPage\",\"@id\":\"https:\/\/tuunerstuudio.ee\/en\/toode\/d525-d524-eelsuutekuunalde-juhtmestik\/\",\"url\":\"https:\/\/tuunerstuudio.ee\/en\/toode\/d525-d524-eelsuutekuunalde-juhtmestik\/\",\"name\":\"D525\/D524 eels\u00fc\u00fctek\u00fc\u00fcnalde juhtmestik - TuunerStuudio\",\"isPartOf\":{\"@id\":\"https:\/\/tuunerstuudio.ee\/en\/#website\"},\"primaryImageOfPage\":{\"@id\":\"https:\/\/tuunerstuudio.ee\/en\/toode\/d525-d524-eelsuutekuunalde-juhtmestik\/#primaryimage\"},\"image\":{\"@id\":\"https:\/\/tuunerstuudio.ee\/toode\/d525-d524-eelsuutekuunalde-juhtmestik\/#primaryimage\"},\"thumbnailUrl\":\"https:\/\/tuunerstuudio.ee\/wp-content\/uploads\/2024\/10\/D5-eelsuutekunlad.jpg\",\"datePublished\":\"2024-10-11T11:59:03+00:00\",\"dateModified\":\"2026-02-09T06:33:40+00:00\",\"breadcrumb\":{\"@id\":\"https:\/\/tuunerstuudio.ee\/en\/toode\/d525-d524-eelsuutekuunalde-juhtmestik\/#breadcrumb\"},\"inLanguage\":\"en-US\",\"potentialAction\":[{\"@type\":\"ReadAction\",\"target\":[[\"https:\/\/tuunerstuudio.ee\/en\/toode\/d525-d524-eelsuutekuunalde-juhtmestik\/\"]]}]},{\"@type\":\"ImageObject\",\"inLanguage\":\"en-US\",\"@id\":\"https:\/\/tuunerstuudio.ee\/en\/toode\/d525-d524-eelsuutekuunalde-juhtmestik\/#primaryimage\",\"url\":\"https:\/\/tuunerstuudio.ee\/wp-content\/uploads\/2024\/10\/D5-eelsuutekunlad.jpg\",\"contentUrl\":\"https:\/\/tuunerstuudio.ee\/wp-content\/uploads\/2024\/10\/D5-eelsuutekunlad.jpg\",\"width\":1536,\"height\":2048},{\"@type\":\"BreadcrumbList\",\"@id\":\"https:\/\/tuunerstuudio.ee\/en\/toode\/d525-d524-eelsuutekuunalde-juhtmestik\/#breadcrumb\",\"itemListElement\":[{\"@type\":\"ListItem\",\"position\":1,\"name\":\"Home\",\"item\":\"https:\/\/tuunerstuudio.ee\/en\/\"},{\"@type\":\"ListItem\",\"position\":2,\"name\":\"Tooted\",\"item\":\"https:\/\/www.tuunerstuudio.ee\/tooted\/\"},{\"@type\":\"ListItem\",\"position\":3,\"name\":\"D525\/D524 eels\u00fc\u00fctek\u00fc\u00fcnalde juhtmestik\"}]},{\"@type\":\"WebSite\",\"@id\":\"https:\/\/tuunerstuudio.ee\/en\/#website\",\"url\":\"https:\/\/tuunerstuudio.ee\/en\/\",\"name\":\"tuunerstuudio\",\"description\":\"\",\"potentialAction\":[{\"@type\":\"SearchAction\",\"target\":{\"@type\":\"EntryPoint\",\"urlTemplate\":\"https:\/\/tuunerstuudio.ee\/en\/?s={search_term_string}\"},\"query-input\":{\"@type\":\"PropertyValueSpecification\",\"valueRequired\":true,\"valueName\":\"search_term_string\"}}],\"inLanguage\":\"en-US\"}]}<\/script>\n<!-- \/ Yoast SEO plugin. -->","yoast_head_json":{"title":"D525\/D524 eels\u00fc\u00fctek\u00fc\u00fcnalde juhtmestik - TuunerStuudio","robots":{"index":"index","follow":"follow","max-snippet":"max-snippet:-1","max-image-preview":"max-image-preview:large","max-video-preview":"max-video-preview:-1"},"canonical":"https:\/\/tuunerstuudio.ee\/en\/toode\/d525-d524-eelsuutekuunalde-juhtmestik\/","og_locale":"en_US","og_type":"article","og_title":"D525\/D524 eels\u00fc\u00fctek\u00fc\u00fcnalde juhtmestik - TuunerStuudio","og_description":"Volvo 850, S\/V 70, S80 jne omanikud. Kui teil on eels\u00fc\u00fctek\u00fc\u00fcnlad vahetatud, aga ikkagi k\u00e4ivitades m\u00f5ned silindrid ei taha j\u00e4rgi tulla, on teil kindlasti see probleem:  Variant 1:  T\u00fc\u00fcpveana ei anna need originaalpistikud tavaliselt kontakti (kl\u00f5psavad kinni k\u00fcll- plastosa fikseerub aga metallosa liigub loksuga sees). Lahendusena m\u00fc\u00fcme isetehtud juhtmekimpu mis hargneb 4mm2 sisendotsast igasse k\u00fc\u00fcnlasse 1,5mm2 juhtmega ja joodetud tuugalt k\u00fc\u00fcnla otsa mineva pistikuga. \u00dchendused kaetud paksude termokahanevatega. Paigaldusel soovitav joota originaaljuhtme otsa, vana tuleb l\u00e4bi l\u00f5igata sobiva koha pealt. (nt m\u00f5nes t\u00f6\u00f6kojas lasta otsa joota) v\u00f5i siis pressida \u00fcksteisega kokku korraliku \u00fchendusmuhviga, mille kaasa annan. Piibud l\u00e4hevad otsa tuugalt. Juhtmed soovitame ka kinnitada kaabli sidemetega, et diisli vibratsioon kaablit vastu mootorit l\u00e4bi ei h\u00f5\u00f5ruks.  Kaasas on: 1) Harukimp 4mm2 sisendkaabel ~100mm pikkusega -&gt; igale k\u00fc\u00fcnlale minev kaabel 1,5mm2+ pressitud pistik otsas, \u00fchenduskohad ja otsaklemm kaetud isolatsiooniga 2) Termokahanev torujupp (paksuseinaline liimsisuga) selle \u00fcheduskoha katteks, t\u00f6\u00f6 mis tuleb teha v\u00f5i lasta teha autoomanikul endal. 3) Pressh\u00fclss \u00fchenduse tegemiseks  Variant 2:\u00a0  Komplekt koosneb 5 erinevast kaablist mis asendatakse siis originaal kaabliotstega, igasse k\u00fc\u00fcnlasse 1.5mm juhtmega.  &nbsp;  VIN koodi p\u00f5hiselt on v\u00f5imalik tuvastada DPF-i\u00a0 olemasolu. Kui soovid sellega abi siis v\u00f5ta meiega \u00fchendust !  Tel nr: +372 56623315  Email: sales@tuunerstuudio.ee  Garantii 1 aasta!  Garantii ei laiene mehhaanilistele vigastustele ja sellele \u00fchendusele mille teostab klient.","og_url":"https:\/\/tuunerstuudio.ee\/en\/toode\/d525-d524-eelsuutekuunalde-juhtmestik\/","og_site_name":"TuunerStuudio","article_modified_time":"2026-02-09T06:33:40+00:00","og_image":[{"width":1536,"height":2048,"url":"https:\/\/tuunerstuudio.ee\/wp-content\/uploads\/2024\/10\/D5-eelsuutekunlad.jpg","type":"image\/jpeg"}],"twitter_card":"summary_large_image","twitter_misc":{"Est. reading time":"1 minute"},"schema":{"@context":"https:\/\/schema.org","@graph":[{"@type":"WebPage","@id":"https:\/\/tuunerstuudio.ee\/en\/toode\/d525-d524-eelsuutekuunalde-juhtmestik\/","url":"https:\/\/tuunerstuudio.ee\/en\/toode\/d525-d524-eelsuutekuunalde-juhtmestik\/","name":"D525\/D524 eels\u00fc\u00fctek\u00fc\u00fcnalde juhtmestik - TuunerStuudio","isPartOf":{"@id":"https:\/\/tuunerstuudio.ee\/en\/#website"},"primaryImageOfPage":{"@id":"https:\/\/tuunerstuudio.ee\/en\/toode\/d525-d524-eelsuutekuunalde-juhtmestik\/#primaryimage"},"image":{"@id":"https:\/\/tuunerstuudio.ee\/toode\/d525-d524-eelsuutekuunalde-juhtmestik\/#primaryimage"},"thumbnailUrl":"https:\/\/tuunerstuudio.ee\/wp-content\/uploads\/2024\/10\/D5-eelsuutekunlad.jpg","datePublished":"2024-10-11T11:59:03+00:00","dateModified":"2026-02-09T06:33:40+00:00","breadcrumb":{"@id":"https:\/\/tuunerstuudio.ee\/en\/toode\/d525-d524-eelsuutekuunalde-juhtmestik\/#breadcrumb"},"inLanguage":"en-US","potentialAction":[{"@type":"ReadAction","target":[["https:\/\/tuunerstuudio.ee\/en\/toode\/d525-d524-eelsuutekuunalde-juhtmestik\/"]]}]},{"@type":"ImageObject","inLanguage":"en-US","@id":"https:\/\/tuunerstuudio.ee\/en\/toode\/d525-d524-eelsuutekuunalde-juhtmestik\/#primaryimage","url":"https:\/\/tuunerstuudio.ee\/wp-content\/uploads\/2024\/10\/D5-eelsuutekunlad.jpg","contentUrl":"https:\/\/tuunerstuudio.ee\/wp-content\/uploads\/2024\/10\/D5-eelsuutekunlad.jpg","width":1536,"height":2048},{"@type":"BreadcrumbList","@id":"https:\/\/tuunerstuudio.ee\/en\/toode\/d525-d524-eelsuutekuunalde-juhtmestik\/#breadcrumb","itemListElement":[{"@type":"ListItem","position":1,"name":"Home","item":"https:\/\/tuunerstuudio.ee\/en\/"},{"@type":"ListItem","position":2,"name":"Tooted","item":"https:\/\/www.tuunerstuudio.ee\/tooted\/"},{"@type":"ListItem","position":3,"name":"D525\/D524 eels\u00fc\u00fctek\u00fc\u00fcnalde juhtmestik"}]},{"@type":"WebSite","@id":"https:\/\/tuunerstuudio.ee\/en\/#website","url":"https:\/\/tuunerstuudio.ee\/en\/","name":"tuunerstuudio","description":"","potentialAction":[{"@type":"SearchAction","target":{"@type":"EntryPoint","urlTemplate":"https:\/\/tuunerstuudio.ee\/en\/?s={search_term_string}"},"query-input":{"@type":"PropertyValueSpecification","valueRequired":true,"valueName":"search_term_string"}}],"inLanguage":"en-US"}]}},"_links":{"self":[{"href":"https:\/\/tuunerstuudio.ee\/en\/wp-json\/wp\/v2\/product\/7449","targetHints":{"allow":["GET"]}}],"collection":[{"href":"https:\/\/tuunerstuudio.ee\/en\/wp-json\/wp\/v2\/product"}],"about":[{"href":"https:\/\/tuunerstuudio.ee\/en\/wp-json\/wp\/v2\/types\/product"}],"replies":[{"embeddable":true,"href":"https:\/\/tuunerstuudio.ee\/en\/wp-json\/wp\/v2\/comments?post=7449"}],"wp:featuredmedia":[{"embeddable":true,"href":"https:\/\/tuunerstuudio.ee\/en\/wp-json\/wp\/v2\/media\/7479"}],"wp:attachment":[{"href":"https:\/\/tuunerstuudio.ee\/en\/wp-json\/wp\/v2\/media?parent=7449"}],"wp:term":[{"taxonomy":"product_brand","embeddable":true,"href":"https:\/\/tuunerstuudio.ee\/en\/wp-json\/wp\/v2\/product_brand?post=7449"},{"taxonomy":"product_cat","embeddable":true,"href":"https:\/\/tuunerstuudio.ee\/en\/wp-json\/wp\/v2\/product_cat?post=7449"},{"taxonomy":"product_tag","embeddable":true,"href":"https:\/\/tuunerstuudio.ee\/en\/wp-json\/wp\/v2\/product_tag?post=7449"}],"curies":[{"name":"wp","href":"https:\/\/api.w.org\/{rel}","templated":true}]}}