{"id":7412,"date":"2024-10-11T14:58:54","date_gmt":"2024-10-11T11:58:54","guid":{"rendered":"https:\/\/tuunerstuudio.ee\/uuswp\/?post_type=product&#038;p=7412"},"modified":"2025-03-25T06:11:26","modified_gmt":"2025-03-25T04:11:26","slug":"g5-voodoo-pro","status":"publish","type":"product","link":"https:\/\/tuunerstuudio.ee\/en\/toode\/g5-voodoo-pro\/","title":{"rendered":"G5 Voodoo Pro"},"content":{"rendered":"<ul>\n<li>Built-in WiFi, with real-time PC Link connection<\/li>\n<li>Built-in Global Positioning System (GPS) up to 50Hz<\/li>\n<li>Dual onboard Digital Wideband Lambda controllers<\/li>\n<li>Dual onboard E-throttle (Drive by Wire)<\/li>\n<li>12 Injection, 8 Ignition and 4 multi-purpose (inj, ign, aux) drives (24 total)<\/li>\n<li>Dual microcontrollers<\/li>\n<li>Direct Injection (DI) on up to 12 injection drives (using an external OEM or aftermarket driver box &#8211; more info on working with DI\u00a0<a href=\"https:\/\/linkecu.com\/g5\/working-with-di\/\">here<\/a>)<\/li>\n<li>Link CAN Files &#8211; Create your own separate CAN files with additional streams and channels, which can be saved, locked and shared<\/li>\n<li>Runs on the same highly acclaimed PC Link software as G4X, meaning you don\u2019t need to learn a new software package. You can open both G4X and G5 log and map files in the same software (G4X Map can also be loaded into a G5 Voodoo Pro)<\/li>\n<li>Flexible mounting options &#8211; Fix to a face using the three top-down through-holes with M5 or 3\/16 socket screws, or hang the ECU from a dash bar or similar using custom brackets and the four M4 side mounting points.<\/li>\n<\/ul>\n<h3>Inputs\/Outputs<\/h3>\n<p>&nbsp;<\/p>\n<ul>\n<li>Control any engine with 2 cylinders, all the way up to 12 cylinders, thanks to:\n<ul>\n<li>12 injector pins<\/li>\n<li>8 ignition pins<\/li>\n<li>4 injector\/ignition dual role pins<\/li>\n<\/ul>\n<\/li>\n<li>Access up to 30 auxilary pins (when setup for a 4-cylinder sequential engine):\n<ul>\n<li>8 dedicated auxiliary pins<\/li>\n<li>4 shared e-throttle\/H-Bridge pins<\/li>\n<li>2 shared wideband heater pins<\/li>\n<li>Up to 16 from spare injector and ignition drives<\/li>\n<\/ul>\n<\/li>\n<li>Any unused injector\/ignition pins can be used as an auxiliary pin<\/li>\n<li>All ignition and auxiliary pins are back feed protected.<\/li>\n<li>14 analog inputs<\/li>\n<li>10 digital inputs<\/li>\n<li>4 temperature inputs<\/li>\n<li>Dual knock inputs<\/li>\n<li>2 trigger inputs<\/li>\n<li>Dedicated ignition switch pin<\/li>\n<li>2 x internal wideband lambda controllers<\/li>\n<li>Dual e-throttle, with internal solid state throttle disconnect relays<\/li>\n<li>5v sensor supply<\/li>\n<li>CAN 1 input now supported via CAN connector<\/li>\n<\/ul>\n<p>&nbsp;<\/p>\n<h3>Communications<\/h3>\n<ul>\n<li>USB-C (cable included)<\/li>\n<li>Connect directly to the ECU via built-in Wifi Access Point, or add it to an existing network (Antenna Included)<\/li>\n<li>Dual CAN (CAN 1 on CAN connector, CAN 2 on header E)<\/li>\n<li>GPS (antenna included)<\/li>\n<\/ul>\n<p>&nbsp;<\/p>\n<h3>Size &amp; Weight<\/h3>\n<ul>\n<li>Length: 177.1mm (6.97 inches)<\/li>\n<li>Width: 137.3mm (5.40 inches)<\/li>\n<li>Min side height: 15.5mm (0.61 inches)<\/li>\n<li>Max side height: 40.2mm (1.58 inches)<\/li>\n<li>Weight: 795g (28 ounces)<\/li>\n<\/ul>\n<p>&nbsp;<\/p>\n<h3>Connectivity<\/h3>\n<p>The G5 Voodoo Pro supports the following comms standards:<\/p>\n<ul>\n<li>USB-C<\/li>\n<li>Wi-Fi<\/li>\n<li>CAN<\/li>\n<li>GPS<\/li>\n<\/ul>\n<p>&nbsp;<\/p>\n<p>It is now possible to connect to your ECU using a standard USB-C cable, or alternatively by using WiFi.<\/p>\n<p>You can now access CANBUS 2 via its own dedicated pins in Header E freeing up two Digital Inputs.<\/p>\n<p>GPS connectivity can be initialised by simply adding a GPS antenna.<\/p>\n","protected":false},"excerpt":{"rendered":"<h3>Suure n\u00f5udluse t\u00f5ttu piiratud laoseis. Toote tarneaeg on muutlik, k\u00fcsi enne tellimist kindlasti \u00fcle!<\/h3>\n<h3><\/h3>\n<h3>New G5 Voodoo Pro<\/h3>\n<p>&nbsp;<\/p>\n<p>G5 Voodoo Pro puts real magic in your hands and opens a new world of possibilities with the ability to control port plus direct injection, more injector and ignition drives, advanced communications and many more features.<\/p>\n<p>&nbsp;<\/p>\n<p>With 12 Injection, 8 Ignition and 4 multi-purpose (inj, ign, aux) drives (24 total) the G5 Voodoo Pro can run up to:<\/p>\n<ul>\n<li>twelve cylinders or six rotors with sequential injection and direct spark, or<\/li>\n<li>eight cylinders with staged injection and direct spark.<\/li>\n<\/ul>\n<p>&nbsp;<\/p>\n<p>The G5 Voodoo Pro is the perfect choice for professional level motorsport.<\/p>\n<p>For more information please see the Features and Specifications tab or view our Product Introduction page\u00a0<a href=\"https:\/\/linkecu.com\/g5\/\">here<\/a>.<\/p>\n<p>&nbsp;<\/p>\n<p><b>In the box:<\/b><\/p>\n<p>&nbsp;<\/p>\n<ul>\n<li>G5 Voodoo Pro ECU<\/li>\n<li>USB-C Connection Cable<\/li>\n<li>WiFi Antenna<\/li>\n<li>4m GPS Antenna (Magnetic or Adhesive Mount)<\/li>\n<li>USB-C and SMA Dust Covers<\/li>\n<li>QuickStart Guide (A5)<\/li>\n<li>Installer I\/O table (A3)<\/li>\n<li>Link stickers<\/li>\n<\/ul>\n","protected":false},"featured_media":7440,"comment_status":"closed","ping_status":"closed","template":"","meta":[],"product_brand":[],"product_cat":[51,949,185],"product_tag":[],"class_list":{"0":"post-7412","1":"product","2":"type-product","3":"status-publish","4":"has-post-thumbnail","6":"product_cat-juhtajud","7":"product_cat-link","8":"product_cat-ecus","10":"first","11":"onbackorder","12":"taxable","13":"shipping-taxable","14":"purchasable","15":"product-type-simple"},"yoast_head":"<!-- This site is optimized with the Yoast SEO plugin v26.9 - https:\/\/yoast.com\/product\/yoast-seo-wordpress\/ -->\n<title>G5 Voodoo Pro - TuunerStuudio<\/title>\n<meta name=\"robots\" content=\"index, follow, max-snippet:-1, max-image-preview:large, max-video-preview:-1\" \/>\n<link rel=\"canonical\" href=\"https:\/\/tuunerstuudio.ee\/en\/toode\/g5-voodoo-pro\/\" \/>\n<meta property=\"og:locale\" content=\"en_US\" \/>\n<meta property=\"og:type\" content=\"article\" \/>\n<meta property=\"og:title\" content=\"G5 Voodoo Pro - TuunerStuudio\" \/>\n<meta property=\"og:description\" content=\"Suure n\u00f5udluse t\u00f5ttu piiratud laoseis. Toote tarneaeg on muutlik, k\u00fcsi enne tellimist kindlasti \u00fcle!  New G5 Voodoo Pro &nbsp;  G5 Voodoo Pro puts real magic in your hands and opens a new world of possibilities with the ability to control port plus direct injection, more injector and ignition drives, advanced communications and many more features.  &nbsp;  With 12 Injection, 8 Ignition and 4 multi-purpose (inj, ign, aux) drives (24 total) the G5 Voodoo Pro can run up to:   twelve cylinders or six rotors with sequential injection and direct spark, or  eight cylinders with staged injection and direct spark.  &nbsp;  The G5 Voodoo Pro is the perfect choice for professional level motorsport.  For more information please see the Features and Specifications tab or view our Product Introduction page\u00a0here.  &nbsp;  In the box:  &nbsp;   G5 Voodoo Pro ECU  USB-C Connection Cable  WiFi Antenna  4m GPS Antenna (Magnetic or Adhesive Mount)  USB-C and SMA Dust Covers  QuickStart Guide (A5)  Installer I\/O table (A3)  Link stickers\" \/>\n<meta property=\"og:url\" content=\"https:\/\/tuunerstuudio.ee\/en\/toode\/g5-voodoo-pro\/\" \/>\n<meta property=\"og:site_name\" content=\"TuunerStuudio\" \/>\n<meta property=\"article:modified_time\" content=\"2025-03-25T04:11:26+00:00\" \/>\n<meta property=\"og:image\" content=\"https:\/\/tuunerstuudio.ee\/wp-content\/uploads\/2024\/10\/152-5000.0.jpg\" \/>\n\t<meta property=\"og:image:width\" content=\"1200\" \/>\n\t<meta property=\"og:image:height\" content=\"1200\" \/>\n\t<meta property=\"og:image:type\" content=\"image\/jpeg\" \/>\n<meta name=\"twitter:card\" content=\"summary_large_image\" \/>\n<meta name=\"twitter:label1\" content=\"Est. reading time\" \/>\n\t<meta name=\"twitter:data1\" content=\"3 minutes\" \/>\n<script type=\"application\/ld+json\" class=\"yoast-schema-graph\">{\"@context\":\"https:\/\/schema.org\",\"@graph\":[{\"@type\":\"WebPage\",\"@id\":\"https:\/\/tuunerstuudio.ee\/en\/toode\/g5-voodoo-pro\/\",\"url\":\"https:\/\/tuunerstuudio.ee\/en\/toode\/g5-voodoo-pro\/\",\"name\":\"G5 Voodoo Pro - TuunerStuudio\",\"isPartOf\":{\"@id\":\"https:\/\/tuunerstuudio.ee\/en\/#website\"},\"primaryImageOfPage\":{\"@id\":\"https:\/\/tuunerstuudio.ee\/en\/toode\/g5-voodoo-pro\/#primaryimage\"},\"image\":{\"@id\":\"https:\/\/tuunerstuudio.ee\/toode\/g5-voodoo-pro\/#primaryimage\"},\"thumbnailUrl\":\"https:\/\/tuunerstuudio.ee\/wp-content\/uploads\/2024\/10\/152-5000.0.jpg\",\"datePublished\":\"2024-10-11T11:58:54+00:00\",\"dateModified\":\"2025-03-25T04:11:26+00:00\",\"breadcrumb\":{\"@id\":\"https:\/\/tuunerstuudio.ee\/en\/toode\/g5-voodoo-pro\/#breadcrumb\"},\"inLanguage\":\"en-US\",\"potentialAction\":[{\"@type\":\"ReadAction\",\"target\":[[\"https:\/\/tuunerstuudio.ee\/en\/toode\/g5-voodoo-pro\/\"]]}]},{\"@type\":\"ImageObject\",\"inLanguage\":\"en-US\",\"@id\":\"https:\/\/tuunerstuudio.ee\/en\/toode\/g5-voodoo-pro\/#primaryimage\",\"url\":\"https:\/\/tuunerstuudio.ee\/wp-content\/uploads\/2024\/10\/152-5000.0.jpg\",\"contentUrl\":\"https:\/\/tuunerstuudio.ee\/wp-content\/uploads\/2024\/10\/152-5000.0.jpg\",\"width\":1200,\"height\":1200},{\"@type\":\"BreadcrumbList\",\"@id\":\"https:\/\/tuunerstuudio.ee\/en\/toode\/g5-voodoo-pro\/#breadcrumb\",\"itemListElement\":[{\"@type\":\"ListItem\",\"position\":1,\"name\":\"Home\",\"item\":\"https:\/\/tuunerstuudio.ee\/en\/\"},{\"@type\":\"ListItem\",\"position\":2,\"name\":\"Tooted\",\"item\":\"https:\/\/www.tuunerstuudio.ee\/tooted\/\"},{\"@type\":\"ListItem\",\"position\":3,\"name\":\"G5 Voodoo Pro\"}]},{\"@type\":\"WebSite\",\"@id\":\"https:\/\/tuunerstuudio.ee\/en\/#website\",\"url\":\"https:\/\/tuunerstuudio.ee\/en\/\",\"name\":\"tuunerstuudio\",\"description\":\"\",\"potentialAction\":[{\"@type\":\"SearchAction\",\"target\":{\"@type\":\"EntryPoint\",\"urlTemplate\":\"https:\/\/tuunerstuudio.ee\/en\/?s={search_term_string}\"},\"query-input\":{\"@type\":\"PropertyValueSpecification\",\"valueRequired\":true,\"valueName\":\"search_term_string\"}}],\"inLanguage\":\"en-US\"}]}<\/script>\n<!-- \/ Yoast SEO plugin. -->","yoast_head_json":{"title":"G5 Voodoo Pro - TuunerStuudio","robots":{"index":"index","follow":"follow","max-snippet":"max-snippet:-1","max-image-preview":"max-image-preview:large","max-video-preview":"max-video-preview:-1"},"canonical":"https:\/\/tuunerstuudio.ee\/en\/toode\/g5-voodoo-pro\/","og_locale":"en_US","og_type":"article","og_title":"G5 Voodoo Pro - TuunerStuudio","og_description":"Suure n\u00f5udluse t\u00f5ttu piiratud laoseis. Toote tarneaeg on muutlik, k\u00fcsi enne tellimist kindlasti \u00fcle!  New G5 Voodoo Pro &nbsp;  G5 Voodoo Pro puts real magic in your hands and opens a new world of possibilities with the ability to control port plus direct injection, more injector and ignition drives, advanced communications and many more features.  &nbsp;  With 12 Injection, 8 Ignition and 4 multi-purpose (inj, ign, aux) drives (24 total) the G5 Voodoo Pro can run up to:   twelve cylinders or six rotors with sequential injection and direct spark, or  eight cylinders with staged injection and direct spark.  &nbsp;  The G5 Voodoo Pro is the perfect choice for professional level motorsport.  For more information please see the Features and Specifications tab or view our Product Introduction page\u00a0here.  &nbsp;  In the box:  &nbsp;   G5 Voodoo Pro ECU  USB-C Connection Cable  WiFi Antenna  4m GPS Antenna (Magnetic or Adhesive Mount)  USB-C and SMA Dust Covers  QuickStart Guide (A5)  Installer I\/O table (A3)  Link stickers","og_url":"https:\/\/tuunerstuudio.ee\/en\/toode\/g5-voodoo-pro\/","og_site_name":"TuunerStuudio","article_modified_time":"2025-03-25T04:11:26+00:00","og_image":[{"width":1200,"height":1200,"url":"https:\/\/tuunerstuudio.ee\/wp-content\/uploads\/2024\/10\/152-5000.0.jpg","type":"image\/jpeg"}],"twitter_card":"summary_large_image","twitter_misc":{"Est. reading time":"3 minutes"},"schema":{"@context":"https:\/\/schema.org","@graph":[{"@type":"WebPage","@id":"https:\/\/tuunerstuudio.ee\/en\/toode\/g5-voodoo-pro\/","url":"https:\/\/tuunerstuudio.ee\/en\/toode\/g5-voodoo-pro\/","name":"G5 Voodoo Pro - TuunerStuudio","isPartOf":{"@id":"https:\/\/tuunerstuudio.ee\/en\/#website"},"primaryImageOfPage":{"@id":"https:\/\/tuunerstuudio.ee\/en\/toode\/g5-voodoo-pro\/#primaryimage"},"image":{"@id":"https:\/\/tuunerstuudio.ee\/toode\/g5-voodoo-pro\/#primaryimage"},"thumbnailUrl":"https:\/\/tuunerstuudio.ee\/wp-content\/uploads\/2024\/10\/152-5000.0.jpg","datePublished":"2024-10-11T11:58:54+00:00","dateModified":"2025-03-25T04:11:26+00:00","breadcrumb":{"@id":"https:\/\/tuunerstuudio.ee\/en\/toode\/g5-voodoo-pro\/#breadcrumb"},"inLanguage":"en-US","potentialAction":[{"@type":"ReadAction","target":[["https:\/\/tuunerstuudio.ee\/en\/toode\/g5-voodoo-pro\/"]]}]},{"@type":"ImageObject","inLanguage":"en-US","@id":"https:\/\/tuunerstuudio.ee\/en\/toode\/g5-voodoo-pro\/#primaryimage","url":"https:\/\/tuunerstuudio.ee\/wp-content\/uploads\/2024\/10\/152-5000.0.jpg","contentUrl":"https:\/\/tuunerstuudio.ee\/wp-content\/uploads\/2024\/10\/152-5000.0.jpg","width":1200,"height":1200},{"@type":"BreadcrumbList","@id":"https:\/\/tuunerstuudio.ee\/en\/toode\/g5-voodoo-pro\/#breadcrumb","itemListElement":[{"@type":"ListItem","position":1,"name":"Home","item":"https:\/\/tuunerstuudio.ee\/en\/"},{"@type":"ListItem","position":2,"name":"Tooted","item":"https:\/\/www.tuunerstuudio.ee\/tooted\/"},{"@type":"ListItem","position":3,"name":"G5 Voodoo Pro"}]},{"@type":"WebSite","@id":"https:\/\/tuunerstuudio.ee\/en\/#website","url":"https:\/\/tuunerstuudio.ee\/en\/","name":"tuunerstuudio","description":"","potentialAction":[{"@type":"SearchAction","target":{"@type":"EntryPoint","urlTemplate":"https:\/\/tuunerstuudio.ee\/en\/?s={search_term_string}"},"query-input":{"@type":"PropertyValueSpecification","valueRequired":true,"valueName":"search_term_string"}}],"inLanguage":"en-US"}]}},"_links":{"self":[{"href":"https:\/\/tuunerstuudio.ee\/en\/wp-json\/wp\/v2\/product\/7412","targetHints":{"allow":["GET"]}}],"collection":[{"href":"https:\/\/tuunerstuudio.ee\/en\/wp-json\/wp\/v2\/product"}],"about":[{"href":"https:\/\/tuunerstuudio.ee\/en\/wp-json\/wp\/v2\/types\/product"}],"replies":[{"embeddable":true,"href":"https:\/\/tuunerstuudio.ee\/en\/wp-json\/wp\/v2\/comments?post=7412"}],"wp:featuredmedia":[{"embeddable":true,"href":"https:\/\/tuunerstuudio.ee\/en\/wp-json\/wp\/v2\/media\/7440"}],"wp:attachment":[{"href":"https:\/\/tuunerstuudio.ee\/en\/wp-json\/wp\/v2\/media?parent=7412"}],"wp:term":[{"taxonomy":"product_brand","embeddable":true,"href":"https:\/\/tuunerstuudio.ee\/en\/wp-json\/wp\/v2\/product_brand?post=7412"},{"taxonomy":"product_cat","embeddable":true,"href":"https:\/\/tuunerstuudio.ee\/en\/wp-json\/wp\/v2\/product_cat?post=7412"},{"taxonomy":"product_tag","embeddable":true,"href":"https:\/\/tuunerstuudio.ee\/en\/wp-json\/wp\/v2\/product_tag?post=7412"}],"curies":[{"name":"wp","href":"https:\/\/api.w.org\/{rel}","templated":true}]}}