{"id":7371,"date":"2024-10-11T14:58:46","date_gmt":"2024-10-11T11:58:46","guid":{"rendered":"https:\/\/tuunerstuudio.ee\/uuswp\/?post_type=product&#038;p=7371"},"modified":"2024-10-11T14:58:50","modified_gmt":"2024-10-11T11:58:50","slug":"holset-sisemine-wastegate-universaalne-komplekt-17-27bar","status":"publish","type":"product","link":"https:\/\/tuunerstuudio.ee\/en\/toode\/holset-sisemine-wastegate-universaalne-komplekt-17-27bar\/","title":{"rendered":"Holset sisemine wastegate (Universaalne komplekt, 1,7-2,7bar)"},"content":{"rendered":"","protected":false},"excerpt":{"rendered":"<p>Sisemine wastegate, mis on reguleeritav vahemikus 1,7-2,7 baari neile, kes soovivad kompaktse wastegate abil suuremat laadimisr\u00f5hku. See sobib enamikule sisemise wastegate turbo\u00fclelaaduritele, mida soovite uuendada. Ideaalne kitsastesse kohtadesse, kuhu suurem j\u00e4relturu wastegate ei mahu.<\/p>\n","protected":false},"featured_media":7399,"comment_status":"closed","ping_status":"closed","template":"","meta":[],"product_brand":[],"product_cat":[49,287,288,291],"product_tag":[],"class_list":{"0":"post-7371","1":"product","2":"type-product","3":"status-publish","4":"has-post-thumbnail","6":"product_cat-turbod-ja-tarvikud","7":"product_cat-sisemine-wastegate","8":"product_cat-universaalsed-wastegate","9":"product_cat-universaalsed","11":"first","12":"onbackorder","13":"taxable","14":"shipping-taxable","15":"purchasable","16":"product-type-simple"},"yoast_head":"<!-- This site is optimized with the Yoast SEO plugin v26.9 - https:\/\/yoast.com\/product\/yoast-seo-wordpress\/ -->\n<title>Holset sisemine wastegate (Universaalne komplekt, 1,7-2,7bar) - TuunerStuudio<\/title>\n<meta name=\"robots\" content=\"index, follow, max-snippet:-1, max-image-preview:large, max-video-preview:-1\" \/>\n<link rel=\"canonical\" href=\"https:\/\/tuunerstuudio.ee\/en\/toode\/holset-sisemine-wastegate-universaalne-komplekt-17-27bar\/\" \/>\n<meta property=\"og:locale\" content=\"en_US\" \/>\n<meta property=\"og:type\" content=\"article\" \/>\n<meta property=\"og:title\" content=\"Holset sisemine wastegate (Universaalne komplekt, 1,7-2,7bar) - TuunerStuudio\" \/>\n<meta property=\"og:description\" content=\"Sisemine wastegate, mis on reguleeritav vahemikus 1,7-2,7 baari neile, kes soovivad kompaktse wastegate abil suuremat laadimisr\u00f5hku. See sobib enamikule sisemise wastegate turbo\u00fclelaaduritele, mida soovite uuendada. Ideaalne kitsastesse kohtadesse, kuhu suurem j\u00e4relturu wastegate ei mahu.\" \/>\n<meta property=\"og:url\" content=\"https:\/\/tuunerstuudio.ee\/en\/toode\/holset-sisemine-wastegate-universaalne-komplekt-17-27bar\/\" \/>\n<meta property=\"og:site_name\" content=\"TuunerStuudio\" \/>\n<meta property=\"article:modified_time\" content=\"2024-10-11T11:58:50+00:00\" \/>\n<meta property=\"og:image\" content=\"https:\/\/tuunerstuudio.ee\/wp-content\/uploads\/2024\/10\/Holset-intern-wastegate-universal-kit.webp\" \/>\n\t<meta property=\"og:image:width\" content=\"501\" \/>\n\t<meta property=\"og:image:height\" content=\"348\" \/>\n\t<meta property=\"og:image:type\" content=\"image\/webp\" \/>\n<meta name=\"twitter:card\" content=\"summary_large_image\" \/>\n<script type=\"application\/ld+json\" class=\"yoast-schema-graph\">{\"@context\":\"https:\/\/schema.org\",\"@graph\":[{\"@type\":\"WebPage\",\"@id\":\"https:\/\/tuunerstuudio.ee\/en\/toode\/holset-sisemine-wastegate-universaalne-komplekt-17-27bar\/\",\"url\":\"https:\/\/tuunerstuudio.ee\/en\/toode\/holset-sisemine-wastegate-universaalne-komplekt-17-27bar\/\",\"name\":\"Holset sisemine wastegate (Universaalne komplekt, 1,7-2,7bar) - TuunerStuudio\",\"isPartOf\":{\"@id\":\"https:\/\/tuunerstuudio.ee\/en\/#website\"},\"primaryImageOfPage\":{\"@id\":\"https:\/\/tuunerstuudio.ee\/en\/toode\/holset-sisemine-wastegate-universaalne-komplekt-17-27bar\/#primaryimage\"},\"image\":{\"@id\":\"https:\/\/tuunerstuudio.ee\/toode\/holset-sisemine-wastegate-universaalne-komplekt-17-27bar\/#primaryimage\"},\"thumbnailUrl\":\"https:\/\/tuunerstuudio.ee\/wp-content\/uploads\/2024\/10\/Holset-intern-wastegate-universal-kit.webp\",\"datePublished\":\"2024-10-11T11:58:46+00:00\",\"dateModified\":\"2024-10-11T11:58:50+00:00\",\"breadcrumb\":{\"@id\":\"https:\/\/tuunerstuudio.ee\/en\/toode\/holset-sisemine-wastegate-universaalne-komplekt-17-27bar\/#breadcrumb\"},\"inLanguage\":\"en-US\",\"potentialAction\":[{\"@type\":\"ReadAction\",\"target\":[[\"https:\/\/tuunerstuudio.ee\/en\/toode\/holset-sisemine-wastegate-universaalne-komplekt-17-27bar\/\"]]}]},{\"@type\":\"ImageObject\",\"inLanguage\":\"en-US\",\"@id\":\"https:\/\/tuunerstuudio.ee\/en\/toode\/holset-sisemine-wastegate-universaalne-komplekt-17-27bar\/#primaryimage\",\"url\":\"https:\/\/tuunerstuudio.ee\/wp-content\/uploads\/2024\/10\/Holset-intern-wastegate-universal-kit.webp\",\"contentUrl\":\"https:\/\/tuunerstuudio.ee\/wp-content\/uploads\/2024\/10\/Holset-intern-wastegate-universal-kit.webp\",\"width\":501,\"height\":348},{\"@type\":\"BreadcrumbList\",\"@id\":\"https:\/\/tuunerstuudio.ee\/en\/toode\/holset-sisemine-wastegate-universaalne-komplekt-17-27bar\/#breadcrumb\",\"itemListElement\":[{\"@type\":\"ListItem\",\"position\":1,\"name\":\"Home\",\"item\":\"https:\/\/tuunerstuudio.ee\/en\/\"},{\"@type\":\"ListItem\",\"position\":2,\"name\":\"Tooted\",\"item\":\"https:\/\/www.tuunerstuudio.ee\/tooted\/\"},{\"@type\":\"ListItem\",\"position\":3,\"name\":\"Holset sisemine wastegate (Universaalne komplekt, 1,7-2,7bar)\"}]},{\"@type\":\"WebSite\",\"@id\":\"https:\/\/tuunerstuudio.ee\/en\/#website\",\"url\":\"https:\/\/tuunerstuudio.ee\/en\/\",\"name\":\"tuunerstuudio\",\"description\":\"\",\"potentialAction\":[{\"@type\":\"SearchAction\",\"target\":{\"@type\":\"EntryPoint\",\"urlTemplate\":\"https:\/\/tuunerstuudio.ee\/en\/?s={search_term_string}\"},\"query-input\":{\"@type\":\"PropertyValueSpecification\",\"valueRequired\":true,\"valueName\":\"search_term_string\"}}],\"inLanguage\":\"en-US\"}]}<\/script>\n<!-- \/ Yoast SEO plugin. -->","yoast_head_json":{"title":"Holset sisemine wastegate (Universaalne komplekt, 1,7-2,7bar) - TuunerStuudio","robots":{"index":"index","follow":"follow","max-snippet":"max-snippet:-1","max-image-preview":"max-image-preview:large","max-video-preview":"max-video-preview:-1"},"canonical":"https:\/\/tuunerstuudio.ee\/en\/toode\/holset-sisemine-wastegate-universaalne-komplekt-17-27bar\/","og_locale":"en_US","og_type":"article","og_title":"Holset sisemine wastegate (Universaalne komplekt, 1,7-2,7bar) - TuunerStuudio","og_description":"Sisemine wastegate, mis on reguleeritav vahemikus 1,7-2,7 baari neile, kes soovivad kompaktse wastegate abil suuremat laadimisr\u00f5hku. See sobib enamikule sisemise wastegate turbo\u00fclelaaduritele, mida soovite uuendada. Ideaalne kitsastesse kohtadesse, kuhu suurem j\u00e4relturu wastegate ei mahu.","og_url":"https:\/\/tuunerstuudio.ee\/en\/toode\/holset-sisemine-wastegate-universaalne-komplekt-17-27bar\/","og_site_name":"TuunerStuudio","article_modified_time":"2024-10-11T11:58:50+00:00","og_image":[{"width":501,"height":348,"url":"https:\/\/tuunerstuudio.ee\/wp-content\/uploads\/2024\/10\/Holset-intern-wastegate-universal-kit.webp","type":"image\/webp"}],"twitter_card":"summary_large_image","schema":{"@context":"https:\/\/schema.org","@graph":[{"@type":"WebPage","@id":"https:\/\/tuunerstuudio.ee\/en\/toode\/holset-sisemine-wastegate-universaalne-komplekt-17-27bar\/","url":"https:\/\/tuunerstuudio.ee\/en\/toode\/holset-sisemine-wastegate-universaalne-komplekt-17-27bar\/","name":"Holset sisemine wastegate (Universaalne komplekt, 1,7-2,7bar) - TuunerStuudio","isPartOf":{"@id":"https:\/\/tuunerstuudio.ee\/en\/#website"},"primaryImageOfPage":{"@id":"https:\/\/tuunerstuudio.ee\/en\/toode\/holset-sisemine-wastegate-universaalne-komplekt-17-27bar\/#primaryimage"},"image":{"@id":"https:\/\/tuunerstuudio.ee\/toode\/holset-sisemine-wastegate-universaalne-komplekt-17-27bar\/#primaryimage"},"thumbnailUrl":"https:\/\/tuunerstuudio.ee\/wp-content\/uploads\/2024\/10\/Holset-intern-wastegate-universal-kit.webp","datePublished":"2024-10-11T11:58:46+00:00","dateModified":"2024-10-11T11:58:50+00:00","breadcrumb":{"@id":"https:\/\/tuunerstuudio.ee\/en\/toode\/holset-sisemine-wastegate-universaalne-komplekt-17-27bar\/#breadcrumb"},"inLanguage":"en-US","potentialAction":[{"@type":"ReadAction","target":[["https:\/\/tuunerstuudio.ee\/en\/toode\/holset-sisemine-wastegate-universaalne-komplekt-17-27bar\/"]]}]},{"@type":"ImageObject","inLanguage":"en-US","@id":"https:\/\/tuunerstuudio.ee\/en\/toode\/holset-sisemine-wastegate-universaalne-komplekt-17-27bar\/#primaryimage","url":"https:\/\/tuunerstuudio.ee\/wp-content\/uploads\/2024\/10\/Holset-intern-wastegate-universal-kit.webp","contentUrl":"https:\/\/tuunerstuudio.ee\/wp-content\/uploads\/2024\/10\/Holset-intern-wastegate-universal-kit.webp","width":501,"height":348},{"@type":"BreadcrumbList","@id":"https:\/\/tuunerstuudio.ee\/en\/toode\/holset-sisemine-wastegate-universaalne-komplekt-17-27bar\/#breadcrumb","itemListElement":[{"@type":"ListItem","position":1,"name":"Home","item":"https:\/\/tuunerstuudio.ee\/en\/"},{"@type":"ListItem","position":2,"name":"Tooted","item":"https:\/\/www.tuunerstuudio.ee\/tooted\/"},{"@type":"ListItem","position":3,"name":"Holset sisemine wastegate (Universaalne komplekt, 1,7-2,7bar)"}]},{"@type":"WebSite","@id":"https:\/\/tuunerstuudio.ee\/en\/#website","url":"https:\/\/tuunerstuudio.ee\/en\/","name":"tuunerstuudio","description":"","potentialAction":[{"@type":"SearchAction","target":{"@type":"EntryPoint","urlTemplate":"https:\/\/tuunerstuudio.ee\/en\/?s={search_term_string}"},"query-input":{"@type":"PropertyValueSpecification","valueRequired":true,"valueName":"search_term_string"}}],"inLanguage":"en-US"}]}},"_links":{"self":[{"href":"https:\/\/tuunerstuudio.ee\/en\/wp-json\/wp\/v2\/product\/7371","targetHints":{"allow":["GET"]}}],"collection":[{"href":"https:\/\/tuunerstuudio.ee\/en\/wp-json\/wp\/v2\/product"}],"about":[{"href":"https:\/\/tuunerstuudio.ee\/en\/wp-json\/wp\/v2\/types\/product"}],"replies":[{"embeddable":true,"href":"https:\/\/tuunerstuudio.ee\/en\/wp-json\/wp\/v2\/comments?post=7371"}],"wp:featuredmedia":[{"embeddable":true,"href":"https:\/\/tuunerstuudio.ee\/en\/wp-json\/wp\/v2\/media\/7399"}],"wp:attachment":[{"href":"https:\/\/tuunerstuudio.ee\/en\/wp-json\/wp\/v2\/media?parent=7371"}],"wp:term":[{"taxonomy":"product_brand","embeddable":true,"href":"https:\/\/tuunerstuudio.ee\/en\/wp-json\/wp\/v2\/product_brand?post=7371"},{"taxonomy":"product_cat","embeddable":true,"href":"https:\/\/tuunerstuudio.ee\/en\/wp-json\/wp\/v2\/product_cat?post=7371"},{"taxonomy":"product_tag","embeddable":true,"href":"https:\/\/tuunerstuudio.ee\/en\/wp-json\/wp\/v2\/product_tag?post=7371"}],"curies":[{"name":"wp","href":"https:\/\/api.w.org\/{rel}","templated":true}]}}