{"id":7369,"date":"2024-10-11T14:58:46","date_gmt":"2024-10-11T11:58:46","guid":{"rendered":"https:\/\/tuunerstuudio.ee\/uuswp\/?post_type=product&#038;p=7369"},"modified":"2024-10-11T14:58:50","modified_gmt":"2024-10-11T11:58:50","slug":"turbosmart-sisemine-wastegate-must","status":"publish","type":"product","link":"https:\/\/tuunerstuudio.ee\/en\/toode\/turbosmart-sisemine-wastegate-must\/","title":{"rendered":"Turbosmart sisemine wastegate (Must)"},"content":{"rendered":"<p><a href=\"https:\/\/tuunerstuudio.ee\/wp-content\/uploads\/2023\/11\/IWG-38mm-40mm-45mm-wastegate-fjader-1.webp\"><img loading=\"lazy\" decoding=\"async\" class=\" wd-lazy-fade aligncenter wp-image-19715 size-full\" src=\"https:\/\/tuunerstuudio.ee\/wp-content\/themes\/tuunerstuudio5\/images\/lazy.svg\" data-src=\"https:\/\/tuunerstuudio.ee\/wp-content\/uploads\/2023\/11\/IWG-38mm-40mm-45mm-wastegate-fjader-1.webp\" alt=\"\" width=\"1024\" height=\"791\" \/><\/a><\/p>\n","protected":false},"excerpt":{"rendered":"<p id=\"tw-target-text\" class=\"tw-data-text tw-text-large tw-ta\" dir=\"ltr\" data-placeholder=\"T\u00f5lge\" data-ved=\"2ahUKEwiao7CO0rGCAxUZSfEDHV6UASIQ3ewLegQIDhAQ\"><span class=\"Y2IQFc\" lang=\"et\">Turbosmarti sisemine wastegate. Tagab kiirema turboreaktsiooni ja sujuvama reguleerimise. See wastegate hoiab v\u00e4ga k\u00f5rget kvaliteeti.<\/span><\/p>\n<p id=\"tw-target-text\" class=\"tw-data-text tw-text-large tw-ta\" dir=\"ltr\" data-placeholder=\"T\u00f5lge\" data-ved=\"2ahUKEwiao7CO0rGCAxUZSfEDHV6UASIQ3ewLegQIDhAQ\"><span class=\"Y2IQFc\" lang=\"et\">1 bar vedru p\u00f5hir\u00f5hk.<\/span><\/p>\n","protected":false},"featured_media":7397,"comment_status":"closed","ping_status":"closed","template":"","meta":[],"product_brand":[],"product_cat":[49,287,288,290],"product_tag":[],"class_list":{"0":"post-7369","1":"product","2":"type-product","3":"status-publish","4":"has-post-thumbnail","6":"product_cat-turbod-ja-tarvikud","7":"product_cat-sisemine-wastegate","8":"product_cat-universaalsed-wastegate","9":"product_cat-turbosmart-universaalsed-wastegate","11":"first","12":"onbackorder","13":"taxable","14":"shipping-taxable","15":"purchasable","16":"product-type-simple"},"yoast_head":"<!-- This site is optimized with the Yoast SEO plugin v26.9 - https:\/\/yoast.com\/product\/yoast-seo-wordpress\/ -->\n<title>Turbosmart sisemine wastegate (Must) - TuunerStuudio<\/title>\n<meta name=\"robots\" content=\"index, follow, max-snippet:-1, max-image-preview:large, max-video-preview:-1\" \/>\n<link rel=\"canonical\" href=\"https:\/\/tuunerstuudio.ee\/en\/toode\/turbosmart-sisemine-wastegate-must\/\" \/>\n<meta property=\"og:locale\" content=\"en_US\" \/>\n<meta property=\"og:type\" content=\"article\" \/>\n<meta property=\"og:title\" content=\"Turbosmart sisemine wastegate (Must) - TuunerStuudio\" \/>\n<meta property=\"og:description\" content=\"Turbosmarti sisemine wastegate. Tagab kiirema turboreaktsiooni ja sujuvama reguleerimise. See wastegate hoiab v\u00e4ga k\u00f5rget kvaliteeti. 1 bar vedru p\u00f5hir\u00f5hk.\" \/>\n<meta property=\"og:url\" content=\"https:\/\/tuunerstuudio.ee\/en\/toode\/turbosmart-sisemine-wastegate-must\/\" \/>\n<meta property=\"og:site_name\" content=\"TuunerStuudio\" \/>\n<meta property=\"article:modified_time\" content=\"2024-10-11T11:58:50+00:00\" \/>\n<meta property=\"og:image\" content=\"https:\/\/tuunerstuudio.ee\/wp-content\/uploads\/2024\/10\/Turbosmart-intern-wastegate-ny.webp\" \/>\n\t<meta property=\"og:image:width\" content=\"680\" \/>\n\t<meta property=\"og:image:height\" content=\"395\" \/>\n\t<meta property=\"og:image:type\" content=\"image\/webp\" \/>\n<meta name=\"twitter:card\" content=\"summary_large_image\" \/>\n<meta name=\"twitter:label1\" content=\"Est. reading time\" \/>\n\t<meta name=\"twitter:data1\" content=\"1 minute\" \/>\n<script type=\"application\/ld+json\" class=\"yoast-schema-graph\">{\"@context\":\"https:\/\/schema.org\",\"@graph\":[{\"@type\":\"WebPage\",\"@id\":\"https:\/\/tuunerstuudio.ee\/en\/toode\/turbosmart-sisemine-wastegate-must\/\",\"url\":\"https:\/\/tuunerstuudio.ee\/en\/toode\/turbosmart-sisemine-wastegate-must\/\",\"name\":\"Turbosmart sisemine wastegate (Must) - TuunerStuudio\",\"isPartOf\":{\"@id\":\"https:\/\/tuunerstuudio.ee\/en\/#website\"},\"primaryImageOfPage\":{\"@id\":\"https:\/\/tuunerstuudio.ee\/en\/toode\/turbosmart-sisemine-wastegate-must\/#primaryimage\"},\"image\":{\"@id\":\"https:\/\/tuunerstuudio.ee\/toode\/turbosmart-sisemine-wastegate-must\/#primaryimage\"},\"thumbnailUrl\":\"https:\/\/tuunerstuudio.ee\/wp-content\/uploads\/2024\/10\/Turbosmart-intern-wastegate-ny.webp\",\"datePublished\":\"2024-10-11T11:58:46+00:00\",\"dateModified\":\"2024-10-11T11:58:50+00:00\",\"breadcrumb\":{\"@id\":\"https:\/\/tuunerstuudio.ee\/en\/toode\/turbosmart-sisemine-wastegate-must\/#breadcrumb\"},\"inLanguage\":\"en-US\",\"potentialAction\":[{\"@type\":\"ReadAction\",\"target\":[[\"https:\/\/tuunerstuudio.ee\/en\/toode\/turbosmart-sisemine-wastegate-must\/\"]]}]},{\"@type\":\"ImageObject\",\"inLanguage\":\"en-US\",\"@id\":\"https:\/\/tuunerstuudio.ee\/en\/toode\/turbosmart-sisemine-wastegate-must\/#primaryimage\",\"url\":\"https:\/\/tuunerstuudio.ee\/wp-content\/uploads\/2024\/10\/Turbosmart-intern-wastegate-ny.webp\",\"contentUrl\":\"https:\/\/tuunerstuudio.ee\/wp-content\/uploads\/2024\/10\/Turbosmart-intern-wastegate-ny.webp\",\"width\":680,\"height\":395},{\"@type\":\"BreadcrumbList\",\"@id\":\"https:\/\/tuunerstuudio.ee\/en\/toode\/turbosmart-sisemine-wastegate-must\/#breadcrumb\",\"itemListElement\":[{\"@type\":\"ListItem\",\"position\":1,\"name\":\"Home\",\"item\":\"https:\/\/tuunerstuudio.ee\/en\/\"},{\"@type\":\"ListItem\",\"position\":2,\"name\":\"Tooted\",\"item\":\"https:\/\/www.tuunerstuudio.ee\/tooted\/\"},{\"@type\":\"ListItem\",\"position\":3,\"name\":\"Turbosmart sisemine wastegate (Must)\"}]},{\"@type\":\"WebSite\",\"@id\":\"https:\/\/tuunerstuudio.ee\/en\/#website\",\"url\":\"https:\/\/tuunerstuudio.ee\/en\/\",\"name\":\"tuunerstuudio\",\"description\":\"\",\"potentialAction\":[{\"@type\":\"SearchAction\",\"target\":{\"@type\":\"EntryPoint\",\"urlTemplate\":\"https:\/\/tuunerstuudio.ee\/en\/?s={search_term_string}\"},\"query-input\":{\"@type\":\"PropertyValueSpecification\",\"valueRequired\":true,\"valueName\":\"search_term_string\"}}],\"inLanguage\":\"en-US\"}]}<\/script>\n<!-- \/ Yoast SEO plugin. -->","yoast_head_json":{"title":"Turbosmart sisemine wastegate (Must) - TuunerStuudio","robots":{"index":"index","follow":"follow","max-snippet":"max-snippet:-1","max-image-preview":"max-image-preview:large","max-video-preview":"max-video-preview:-1"},"canonical":"https:\/\/tuunerstuudio.ee\/en\/toode\/turbosmart-sisemine-wastegate-must\/","og_locale":"en_US","og_type":"article","og_title":"Turbosmart sisemine wastegate (Must) - TuunerStuudio","og_description":"Turbosmarti sisemine wastegate. Tagab kiirema turboreaktsiooni ja sujuvama reguleerimise. See wastegate hoiab v\u00e4ga k\u00f5rget kvaliteeti. 1 bar vedru p\u00f5hir\u00f5hk.","og_url":"https:\/\/tuunerstuudio.ee\/en\/toode\/turbosmart-sisemine-wastegate-must\/","og_site_name":"TuunerStuudio","article_modified_time":"2024-10-11T11:58:50+00:00","og_image":[{"width":680,"height":395,"url":"https:\/\/tuunerstuudio.ee\/wp-content\/uploads\/2024\/10\/Turbosmart-intern-wastegate-ny.webp","type":"image\/webp"}],"twitter_card":"summary_large_image","twitter_misc":{"Est. reading time":"1 minute"},"schema":{"@context":"https:\/\/schema.org","@graph":[{"@type":"WebPage","@id":"https:\/\/tuunerstuudio.ee\/en\/toode\/turbosmart-sisemine-wastegate-must\/","url":"https:\/\/tuunerstuudio.ee\/en\/toode\/turbosmart-sisemine-wastegate-must\/","name":"Turbosmart sisemine wastegate (Must) - TuunerStuudio","isPartOf":{"@id":"https:\/\/tuunerstuudio.ee\/en\/#website"},"primaryImageOfPage":{"@id":"https:\/\/tuunerstuudio.ee\/en\/toode\/turbosmart-sisemine-wastegate-must\/#primaryimage"},"image":{"@id":"https:\/\/tuunerstuudio.ee\/toode\/turbosmart-sisemine-wastegate-must\/#primaryimage"},"thumbnailUrl":"https:\/\/tuunerstuudio.ee\/wp-content\/uploads\/2024\/10\/Turbosmart-intern-wastegate-ny.webp","datePublished":"2024-10-11T11:58:46+00:00","dateModified":"2024-10-11T11:58:50+00:00","breadcrumb":{"@id":"https:\/\/tuunerstuudio.ee\/en\/toode\/turbosmart-sisemine-wastegate-must\/#breadcrumb"},"inLanguage":"en-US","potentialAction":[{"@type":"ReadAction","target":[["https:\/\/tuunerstuudio.ee\/en\/toode\/turbosmart-sisemine-wastegate-must\/"]]}]},{"@type":"ImageObject","inLanguage":"en-US","@id":"https:\/\/tuunerstuudio.ee\/en\/toode\/turbosmart-sisemine-wastegate-must\/#primaryimage","url":"https:\/\/tuunerstuudio.ee\/wp-content\/uploads\/2024\/10\/Turbosmart-intern-wastegate-ny.webp","contentUrl":"https:\/\/tuunerstuudio.ee\/wp-content\/uploads\/2024\/10\/Turbosmart-intern-wastegate-ny.webp","width":680,"height":395},{"@type":"BreadcrumbList","@id":"https:\/\/tuunerstuudio.ee\/en\/toode\/turbosmart-sisemine-wastegate-must\/#breadcrumb","itemListElement":[{"@type":"ListItem","position":1,"name":"Home","item":"https:\/\/tuunerstuudio.ee\/en\/"},{"@type":"ListItem","position":2,"name":"Tooted","item":"https:\/\/www.tuunerstuudio.ee\/tooted\/"},{"@type":"ListItem","position":3,"name":"Turbosmart sisemine wastegate (Must)"}]},{"@type":"WebSite","@id":"https:\/\/tuunerstuudio.ee\/en\/#website","url":"https:\/\/tuunerstuudio.ee\/en\/","name":"tuunerstuudio","description":"","potentialAction":[{"@type":"SearchAction","target":{"@type":"EntryPoint","urlTemplate":"https:\/\/tuunerstuudio.ee\/en\/?s={search_term_string}"},"query-input":{"@type":"PropertyValueSpecification","valueRequired":true,"valueName":"search_term_string"}}],"inLanguage":"en-US"}]}},"_links":{"self":[{"href":"https:\/\/tuunerstuudio.ee\/en\/wp-json\/wp\/v2\/product\/7369","targetHints":{"allow":["GET"]}}],"collection":[{"href":"https:\/\/tuunerstuudio.ee\/en\/wp-json\/wp\/v2\/product"}],"about":[{"href":"https:\/\/tuunerstuudio.ee\/en\/wp-json\/wp\/v2\/types\/product"}],"replies":[{"embeddable":true,"href":"https:\/\/tuunerstuudio.ee\/en\/wp-json\/wp\/v2\/comments?post=7369"}],"wp:featuredmedia":[{"embeddable":true,"href":"https:\/\/tuunerstuudio.ee\/en\/wp-json\/wp\/v2\/media\/7397"}],"wp:attachment":[{"href":"https:\/\/tuunerstuudio.ee\/en\/wp-json\/wp\/v2\/media?parent=7369"}],"wp:term":[{"taxonomy":"product_brand","embeddable":true,"href":"https:\/\/tuunerstuudio.ee\/en\/wp-json\/wp\/v2\/product_brand?post=7369"},{"taxonomy":"product_cat","embeddable":true,"href":"https:\/\/tuunerstuudio.ee\/en\/wp-json\/wp\/v2\/product_cat?post=7369"},{"taxonomy":"product_tag","embeddable":true,"href":"https:\/\/tuunerstuudio.ee\/en\/wp-json\/wp\/v2\/product_tag?post=7369"}],"curies":[{"name":"wp","href":"https:\/\/api.w.org\/{rel}","templated":true}]}}