{"id":7281,"date":"2024-10-11T14:58:30","date_gmt":"2024-10-11T11:58:30","guid":{"rendered":"https:\/\/tuunerstuudio.ee\/uuswp\/?post_type=product&#038;p=7281"},"modified":"2024-10-11T14:58:33","modified_gmt":"2024-10-11T11:58:33","slug":"wastegate-vedru-44-60mm-roheline","status":"publish","type":"product","link":"https:\/\/tuunerstuudio.ee\/en\/toode\/wastegate-vedru-44-60mm-roheline\/","title":{"rendered":"Wastegate vedru 44\/60mm (Roheline)"},"content":{"rendered":"","protected":false},"excerpt":{"rendered":"<p id=\"tw-target-text\" class=\"tw-data-text tw-text-large tw-ta\" dir=\"ltr\" data-placeholder=\"T\u00f5lge\" data-ved=\"2ahUKEwiao7CO0rGCAxUZSfEDHV6UASIQ3ewLegQIDhAQ\"><span class=\"Y2IQFc\" lang=\"et\">V\u00e4lisl\u00e4bim\u00f5\u00f5t: 58,7 mm <\/span><\/p>\n<p class=\"tw-data-text tw-text-large tw-ta\" dir=\"ltr\" data-placeholder=\"T\u00f5lge\" data-ved=\"2ahUKEwiao7CO0rGCAxUZSfEDHV6UASIQ3ewLegQIDhAQ\"><span class=\"Y2IQFc\" lang=\"et\">V\u00e4limine vedru <\/span><\/p>\n<p class=\"tw-data-text tw-text-large tw-ta\" dir=\"ltr\" data-placeholder=\"T\u00f5lge\" data-ved=\"2ahUKEwiao7CO0rGCAxUZSfEDHV6UASIQ3ewLegQIDhAQ\"><span class=\"Y2IQFc\" lang=\"et\">60 mm WG: 0,63 baari \/ 9,10 PSI<\/span><\/p>\n","protected":false},"featured_media":7306,"comment_status":"closed","ping_status":"closed","template":"","meta":[],"product_brand":[],"product_cat":[49,270,277,279],"product_tag":[],"class_list":{"0":"post-7281","1":"product","2":"type-product","3":"status-publish","4":"has-post-thumbnail","6":"product_cat-turbod-ja-tarvikud","7":"product_cat-valine-wastegate","8":"product_cat-hurricane-motorsport","9":"product_cat-tarvikud","11":"first","12":"onbackorder","13":"taxable","14":"shipping-taxable","15":"purchasable","16":"product-type-simple"},"yoast_head":"<!-- This site is optimized with the Yoast SEO plugin v26.9 - https:\/\/yoast.com\/product\/yoast-seo-wordpress\/ -->\n<title>Wastegate vedru 44\/60mm (Roheline) - TuunerStuudio<\/title>\n<meta name=\"robots\" content=\"index, follow, max-snippet:-1, max-image-preview:large, max-video-preview:-1\" \/>\n<link rel=\"canonical\" href=\"https:\/\/tuunerstuudio.ee\/en\/toode\/wastegate-vedru-44-60mm-roheline\/\" \/>\n<meta property=\"og:locale\" content=\"en_US\" \/>\n<meta property=\"og:type\" content=\"article\" \/>\n<meta property=\"og:title\" content=\"Wastegate vedru 44\/60mm (Roheline) - TuunerStuudio\" \/>\n<meta property=\"og:description\" content=\"V\u00e4lisl\u00e4bim\u00f5\u00f5t: 58,7 mm  V\u00e4limine vedru  60 mm WG: 0,63 baari \/ 9,10 PSI\" \/>\n<meta property=\"og:url\" content=\"https:\/\/tuunerstuudio.ee\/en\/toode\/wastegate-vedru-44-60mm-roheline\/\" \/>\n<meta property=\"og:site_name\" content=\"TuunerStuudio\" \/>\n<meta property=\"article:modified_time\" content=\"2024-10-11T11:58:33+00:00\" \/>\n<meta property=\"og:image\" content=\"https:\/\/tuunerstuudio.ee\/wp-content\/uploads\/2024\/10\/Hurricane-Wastegate-Spring-Green.webp\" \/>\n\t<meta property=\"og:image:width\" content=\"640\" \/>\n\t<meta property=\"og:image:height\" content=\"640\" \/>\n\t<meta property=\"og:image:type\" content=\"image\/webp\" \/>\n<meta name=\"twitter:card\" content=\"summary_large_image\" \/>\n<script type=\"application\/ld+json\" class=\"yoast-schema-graph\">{\"@context\":\"https:\/\/schema.org\",\"@graph\":[{\"@type\":\"WebPage\",\"@id\":\"https:\/\/tuunerstuudio.ee\/en\/toode\/wastegate-vedru-44-60mm-roheline\/\",\"url\":\"https:\/\/tuunerstuudio.ee\/en\/toode\/wastegate-vedru-44-60mm-roheline\/\",\"name\":\"Wastegate vedru 44\/60mm (Roheline) - TuunerStuudio\",\"isPartOf\":{\"@id\":\"https:\/\/tuunerstuudio.ee\/en\/#website\"},\"primaryImageOfPage\":{\"@id\":\"https:\/\/tuunerstuudio.ee\/en\/toode\/wastegate-vedru-44-60mm-roheline\/#primaryimage\"},\"image\":{\"@id\":\"https:\/\/tuunerstuudio.ee\/toode\/wastegate-vedru-44-60mm-roheline\/#primaryimage\"},\"thumbnailUrl\":\"https:\/\/tuunerstuudio.ee\/wp-content\/uploads\/2024\/10\/Hurricane-Wastegate-Spring-Green.webp\",\"datePublished\":\"2024-10-11T11:58:30+00:00\",\"dateModified\":\"2024-10-11T11:58:33+00:00\",\"breadcrumb\":{\"@id\":\"https:\/\/tuunerstuudio.ee\/en\/toode\/wastegate-vedru-44-60mm-roheline\/#breadcrumb\"},\"inLanguage\":\"en-US\",\"potentialAction\":[{\"@type\":\"ReadAction\",\"target\":[[\"https:\/\/tuunerstuudio.ee\/en\/toode\/wastegate-vedru-44-60mm-roheline\/\"]]}]},{\"@type\":\"ImageObject\",\"inLanguage\":\"en-US\",\"@id\":\"https:\/\/tuunerstuudio.ee\/en\/toode\/wastegate-vedru-44-60mm-roheline\/#primaryimage\",\"url\":\"https:\/\/tuunerstuudio.ee\/wp-content\/uploads\/2024\/10\/Hurricane-Wastegate-Spring-Green.webp\",\"contentUrl\":\"https:\/\/tuunerstuudio.ee\/wp-content\/uploads\/2024\/10\/Hurricane-Wastegate-Spring-Green.webp\",\"width\":640,\"height\":640},{\"@type\":\"BreadcrumbList\",\"@id\":\"https:\/\/tuunerstuudio.ee\/en\/toode\/wastegate-vedru-44-60mm-roheline\/#breadcrumb\",\"itemListElement\":[{\"@type\":\"ListItem\",\"position\":1,\"name\":\"Home\",\"item\":\"https:\/\/tuunerstuudio.ee\/en\/\"},{\"@type\":\"ListItem\",\"position\":2,\"name\":\"Tooted\",\"item\":\"https:\/\/www.tuunerstuudio.ee\/tooted\/\"},{\"@type\":\"ListItem\",\"position\":3,\"name\":\"Wastegate vedru 44\/60mm (Roheline)\"}]},{\"@type\":\"WebSite\",\"@id\":\"https:\/\/tuunerstuudio.ee\/en\/#website\",\"url\":\"https:\/\/tuunerstuudio.ee\/en\/\",\"name\":\"tuunerstuudio\",\"description\":\"\",\"potentialAction\":[{\"@type\":\"SearchAction\",\"target\":{\"@type\":\"EntryPoint\",\"urlTemplate\":\"https:\/\/tuunerstuudio.ee\/en\/?s={search_term_string}\"},\"query-input\":{\"@type\":\"PropertyValueSpecification\",\"valueRequired\":true,\"valueName\":\"search_term_string\"}}],\"inLanguage\":\"en-US\"}]}<\/script>\n<!-- \/ Yoast SEO plugin. -->","yoast_head_json":{"title":"Wastegate vedru 44\/60mm (Roheline) - TuunerStuudio","robots":{"index":"index","follow":"follow","max-snippet":"max-snippet:-1","max-image-preview":"max-image-preview:large","max-video-preview":"max-video-preview:-1"},"canonical":"https:\/\/tuunerstuudio.ee\/en\/toode\/wastegate-vedru-44-60mm-roheline\/","og_locale":"en_US","og_type":"article","og_title":"Wastegate vedru 44\/60mm (Roheline) - TuunerStuudio","og_description":"V\u00e4lisl\u00e4bim\u00f5\u00f5t: 58,7 mm  V\u00e4limine vedru  60 mm WG: 0,63 baari \/ 9,10 PSI","og_url":"https:\/\/tuunerstuudio.ee\/en\/toode\/wastegate-vedru-44-60mm-roheline\/","og_site_name":"TuunerStuudio","article_modified_time":"2024-10-11T11:58:33+00:00","og_image":[{"width":640,"height":640,"url":"https:\/\/tuunerstuudio.ee\/wp-content\/uploads\/2024\/10\/Hurricane-Wastegate-Spring-Green.webp","type":"image\/webp"}],"twitter_card":"summary_large_image","schema":{"@context":"https:\/\/schema.org","@graph":[{"@type":"WebPage","@id":"https:\/\/tuunerstuudio.ee\/en\/toode\/wastegate-vedru-44-60mm-roheline\/","url":"https:\/\/tuunerstuudio.ee\/en\/toode\/wastegate-vedru-44-60mm-roheline\/","name":"Wastegate vedru 44\/60mm (Roheline) - TuunerStuudio","isPartOf":{"@id":"https:\/\/tuunerstuudio.ee\/en\/#website"},"primaryImageOfPage":{"@id":"https:\/\/tuunerstuudio.ee\/en\/toode\/wastegate-vedru-44-60mm-roheline\/#primaryimage"},"image":{"@id":"https:\/\/tuunerstuudio.ee\/toode\/wastegate-vedru-44-60mm-roheline\/#primaryimage"},"thumbnailUrl":"https:\/\/tuunerstuudio.ee\/wp-content\/uploads\/2024\/10\/Hurricane-Wastegate-Spring-Green.webp","datePublished":"2024-10-11T11:58:30+00:00","dateModified":"2024-10-11T11:58:33+00:00","breadcrumb":{"@id":"https:\/\/tuunerstuudio.ee\/en\/toode\/wastegate-vedru-44-60mm-roheline\/#breadcrumb"},"inLanguage":"en-US","potentialAction":[{"@type":"ReadAction","target":[["https:\/\/tuunerstuudio.ee\/en\/toode\/wastegate-vedru-44-60mm-roheline\/"]]}]},{"@type":"ImageObject","inLanguage":"en-US","@id":"https:\/\/tuunerstuudio.ee\/en\/toode\/wastegate-vedru-44-60mm-roheline\/#primaryimage","url":"https:\/\/tuunerstuudio.ee\/wp-content\/uploads\/2024\/10\/Hurricane-Wastegate-Spring-Green.webp","contentUrl":"https:\/\/tuunerstuudio.ee\/wp-content\/uploads\/2024\/10\/Hurricane-Wastegate-Spring-Green.webp","width":640,"height":640},{"@type":"BreadcrumbList","@id":"https:\/\/tuunerstuudio.ee\/en\/toode\/wastegate-vedru-44-60mm-roheline\/#breadcrumb","itemListElement":[{"@type":"ListItem","position":1,"name":"Home","item":"https:\/\/tuunerstuudio.ee\/en\/"},{"@type":"ListItem","position":2,"name":"Tooted","item":"https:\/\/www.tuunerstuudio.ee\/tooted\/"},{"@type":"ListItem","position":3,"name":"Wastegate vedru 44\/60mm (Roheline)"}]},{"@type":"WebSite","@id":"https:\/\/tuunerstuudio.ee\/en\/#website","url":"https:\/\/tuunerstuudio.ee\/en\/","name":"tuunerstuudio","description":"","potentialAction":[{"@type":"SearchAction","target":{"@type":"EntryPoint","urlTemplate":"https:\/\/tuunerstuudio.ee\/en\/?s={search_term_string}"},"query-input":{"@type":"PropertyValueSpecification","valueRequired":true,"valueName":"search_term_string"}}],"inLanguage":"en-US"}]}},"_links":{"self":[{"href":"https:\/\/tuunerstuudio.ee\/en\/wp-json\/wp\/v2\/product\/7281","targetHints":{"allow":["GET"]}}],"collection":[{"href":"https:\/\/tuunerstuudio.ee\/en\/wp-json\/wp\/v2\/product"}],"about":[{"href":"https:\/\/tuunerstuudio.ee\/en\/wp-json\/wp\/v2\/types\/product"}],"replies":[{"embeddable":true,"href":"https:\/\/tuunerstuudio.ee\/en\/wp-json\/wp\/v2\/comments?post=7281"}],"wp:featuredmedia":[{"embeddable":true,"href":"https:\/\/tuunerstuudio.ee\/en\/wp-json\/wp\/v2\/media\/7306"}],"wp:attachment":[{"href":"https:\/\/tuunerstuudio.ee\/en\/wp-json\/wp\/v2\/media?parent=7281"}],"wp:term":[{"taxonomy":"product_brand","embeddable":true,"href":"https:\/\/tuunerstuudio.ee\/en\/wp-json\/wp\/v2\/product_brand?post=7281"},{"taxonomy":"product_cat","embeddable":true,"href":"https:\/\/tuunerstuudio.ee\/en\/wp-json\/wp\/v2\/product_cat?post=7281"},{"taxonomy":"product_tag","embeddable":true,"href":"https:\/\/tuunerstuudio.ee\/en\/wp-json\/wp\/v2\/product_tag?post=7281"}],"curies":[{"name":"wp","href":"https:\/\/api.w.org\/{rel}","templated":true}]}}