{"id":7256,"date":"2024-10-11T14:58:19","date_gmt":"2024-10-11T11:58:19","guid":{"rendered":"https:\/\/tuunerstuudio.ee\/uuswp\/?post_type=product&#038;p=7256"},"modified":"2024-10-11T14:58:28","modified_gmt":"2024-10-11T11:58:28","slug":"hks-style-wastegate-50mm","status":"publish","type":"product","link":"https:\/\/tuunerstuudio.ee\/en\/toode\/hks-style-wastegate-50mm\/","title":{"rendered":"HKS-style wastegate 50mm"},"content":{"rendered":"","protected":false},"excerpt":{"rendered":"<p>HKS style wastegate.<br \/>\nSuurus: 50mm.<\/p>\n<p>Pikkus: 175mm<\/p>\n<p><span style=\"font-size: 16px;\">Membraani laius: 97 mm<\/span><\/p>\n<p id=\"tw-target-text\" class=\"tw-data-text tw-text-large tw-ta\" dir=\"ltr\" data-placeholder=\"T\u00f5lge\" data-ved=\"2ahUKEwiao7CO0rGCAxUZSfEDHV6UASIQ3ewLegQIDhAQ\"><span class=\"Y2IQFc\" lang=\"et\">Wastegate\u00b4iga on kaasas \u00fcks \u00f5hunippel. Kui tahad s\u00f5ita vastur\u00f5huga, tuleb \u00fcks lisa\u00f5hunippel eraldi juurde osta. <\/span><\/p>\n<p class=\"tw-data-text tw-text-large tw-ta\" dir=\"ltr\" data-placeholder=\"T\u00f5lge\" data-ved=\"2ahUKEwiao7CO0rGCAxUZSfEDHV6UASIQ3ewLegQIDhAQ\"><span class=\"Y2IQFc\" lang=\"et\">Kaasas flants, tihendid,\u00a0 0,5 bar vedru.<\/span><\/p>\n","protected":false},"featured_media":7270,"comment_status":"closed","ping_status":"closed","template":"","meta":[],"product_brand":[],"product_cat":[49,270,275,276],"product_tag":[],"class_list":{"0":"post-7256","1":"product","2":"type-product","3":"status-publish","4":"has-post-thumbnail","6":"product_cat-turbod-ja-tarvikud","7":"product_cat-valine-wastegate","8":"product_cat-universaalne","9":"product_cat-wastegate-universaalne","11":"first","12":"onbackorder","13":"taxable","14":"shipping-taxable","15":"purchasable","16":"product-type-simple"},"yoast_head":"<!-- This site is optimized with the Yoast SEO plugin v26.9 - https:\/\/yoast.com\/product\/yoast-seo-wordpress\/ -->\n<title>HKS-style wastegate 50mm - TuunerStuudio<\/title>\n<meta name=\"robots\" content=\"index, follow, max-snippet:-1, max-image-preview:large, max-video-preview:-1\" \/>\n<link rel=\"canonical\" href=\"https:\/\/tuunerstuudio.ee\/en\/toode\/hks-style-wastegate-50mm\/\" \/>\n<meta property=\"og:locale\" content=\"en_US\" \/>\n<meta property=\"og:type\" content=\"article\" \/>\n<meta property=\"og:title\" content=\"HKS-style wastegate 50mm - TuunerStuudio\" \/>\n<meta property=\"og:description\" content=\"HKS style wastegate. Suurus: 50mm.  Pikkus: 175mm  Membraani laius: 97 mm Wastegate\u00b4iga on kaasas \u00fcks \u00f5hunippel. Kui tahad s\u00f5ita vastur\u00f5huga, tuleb \u00fcks lisa\u00f5hunippel eraldi juurde osta.  Kaasas flants, tihendid,\u00a0 0,5 bar vedru.\" \/>\n<meta property=\"og:url\" content=\"https:\/\/tuunerstuudio.ee\/en\/toode\/hks-style-wastegate-50mm\/\" \/>\n<meta property=\"og:site_name\" content=\"TuunerStuudio\" \/>\n<meta property=\"article:modified_time\" content=\"2024-10-11T11:58:28+00:00\" \/>\n<meta property=\"og:image\" content=\"https:\/\/tuunerstuudio.ee\/wp-content\/uploads\/2024\/10\/HKS-style-wastegate-50mm.jpg\" \/>\n\t<meta property=\"og:image:width\" content=\"800\" \/>\n\t<meta property=\"og:image:height\" content=\"801\" \/>\n\t<meta property=\"og:image:type\" content=\"image\/jpeg\" \/>\n<meta name=\"twitter:card\" content=\"summary_large_image\" \/>\n<meta name=\"twitter:label1\" content=\"Est. reading time\" \/>\n\t<meta name=\"twitter:data1\" content=\"1 minute\" \/>\n<script type=\"application\/ld+json\" class=\"yoast-schema-graph\">{\"@context\":\"https:\/\/schema.org\",\"@graph\":[{\"@type\":\"WebPage\",\"@id\":\"https:\/\/tuunerstuudio.ee\/en\/toode\/hks-style-wastegate-50mm\/\",\"url\":\"https:\/\/tuunerstuudio.ee\/en\/toode\/hks-style-wastegate-50mm\/\",\"name\":\"HKS-style wastegate 50mm - TuunerStuudio\",\"isPartOf\":{\"@id\":\"https:\/\/tuunerstuudio.ee\/en\/#website\"},\"primaryImageOfPage\":{\"@id\":\"https:\/\/tuunerstuudio.ee\/en\/toode\/hks-style-wastegate-50mm\/#primaryimage\"},\"image\":{\"@id\":\"https:\/\/tuunerstuudio.ee\/toode\/hks-style-wastegate-50mm\/#primaryimage\"},\"thumbnailUrl\":\"https:\/\/tuunerstuudio.ee\/wp-content\/uploads\/2024\/10\/HKS-style-wastegate-50mm.jpg\",\"datePublished\":\"2024-10-11T11:58:19+00:00\",\"dateModified\":\"2024-10-11T11:58:28+00:00\",\"breadcrumb\":{\"@id\":\"https:\/\/tuunerstuudio.ee\/en\/toode\/hks-style-wastegate-50mm\/#breadcrumb\"},\"inLanguage\":\"en-US\",\"potentialAction\":[{\"@type\":\"ReadAction\",\"target\":[[\"https:\/\/tuunerstuudio.ee\/en\/toode\/hks-style-wastegate-50mm\/\"]]}]},{\"@type\":\"ImageObject\",\"inLanguage\":\"en-US\",\"@id\":\"https:\/\/tuunerstuudio.ee\/en\/toode\/hks-style-wastegate-50mm\/#primaryimage\",\"url\":\"https:\/\/tuunerstuudio.ee\/wp-content\/uploads\/2024\/10\/HKS-style-wastegate-50mm.jpg\",\"contentUrl\":\"https:\/\/tuunerstuudio.ee\/wp-content\/uploads\/2024\/10\/HKS-style-wastegate-50mm.jpg\",\"width\":800,\"height\":801},{\"@type\":\"BreadcrumbList\",\"@id\":\"https:\/\/tuunerstuudio.ee\/en\/toode\/hks-style-wastegate-50mm\/#breadcrumb\",\"itemListElement\":[{\"@type\":\"ListItem\",\"position\":1,\"name\":\"Home\",\"item\":\"https:\/\/tuunerstuudio.ee\/en\/\"},{\"@type\":\"ListItem\",\"position\":2,\"name\":\"Tooted\",\"item\":\"https:\/\/www.tuunerstuudio.ee\/tooted\/\"},{\"@type\":\"ListItem\",\"position\":3,\"name\":\"HKS-style wastegate 50mm\"}]},{\"@type\":\"WebSite\",\"@id\":\"https:\/\/tuunerstuudio.ee\/en\/#website\",\"url\":\"https:\/\/tuunerstuudio.ee\/en\/\",\"name\":\"tuunerstuudio\",\"description\":\"\",\"potentialAction\":[{\"@type\":\"SearchAction\",\"target\":{\"@type\":\"EntryPoint\",\"urlTemplate\":\"https:\/\/tuunerstuudio.ee\/en\/?s={search_term_string}\"},\"query-input\":{\"@type\":\"PropertyValueSpecification\",\"valueRequired\":true,\"valueName\":\"search_term_string\"}}],\"inLanguage\":\"en-US\"}]}<\/script>\n<!-- \/ Yoast SEO plugin. -->","yoast_head_json":{"title":"HKS-style wastegate 50mm - TuunerStuudio","robots":{"index":"index","follow":"follow","max-snippet":"max-snippet:-1","max-image-preview":"max-image-preview:large","max-video-preview":"max-video-preview:-1"},"canonical":"https:\/\/tuunerstuudio.ee\/en\/toode\/hks-style-wastegate-50mm\/","og_locale":"en_US","og_type":"article","og_title":"HKS-style wastegate 50mm - TuunerStuudio","og_description":"HKS style wastegate. Suurus: 50mm.  Pikkus: 175mm  Membraani laius: 97 mm Wastegate\u00b4iga on kaasas \u00fcks \u00f5hunippel. Kui tahad s\u00f5ita vastur\u00f5huga, tuleb \u00fcks lisa\u00f5hunippel eraldi juurde osta.  Kaasas flants, tihendid,\u00a0 0,5 bar vedru.","og_url":"https:\/\/tuunerstuudio.ee\/en\/toode\/hks-style-wastegate-50mm\/","og_site_name":"TuunerStuudio","article_modified_time":"2024-10-11T11:58:28+00:00","og_image":[{"width":800,"height":801,"url":"https:\/\/tuunerstuudio.ee\/wp-content\/uploads\/2024\/10\/HKS-style-wastegate-50mm.jpg","type":"image\/jpeg"}],"twitter_card":"summary_large_image","twitter_misc":{"Est. reading time":"1 minute"},"schema":{"@context":"https:\/\/schema.org","@graph":[{"@type":"WebPage","@id":"https:\/\/tuunerstuudio.ee\/en\/toode\/hks-style-wastegate-50mm\/","url":"https:\/\/tuunerstuudio.ee\/en\/toode\/hks-style-wastegate-50mm\/","name":"HKS-style wastegate 50mm - TuunerStuudio","isPartOf":{"@id":"https:\/\/tuunerstuudio.ee\/en\/#website"},"primaryImageOfPage":{"@id":"https:\/\/tuunerstuudio.ee\/en\/toode\/hks-style-wastegate-50mm\/#primaryimage"},"image":{"@id":"https:\/\/tuunerstuudio.ee\/toode\/hks-style-wastegate-50mm\/#primaryimage"},"thumbnailUrl":"https:\/\/tuunerstuudio.ee\/wp-content\/uploads\/2024\/10\/HKS-style-wastegate-50mm.jpg","datePublished":"2024-10-11T11:58:19+00:00","dateModified":"2024-10-11T11:58:28+00:00","breadcrumb":{"@id":"https:\/\/tuunerstuudio.ee\/en\/toode\/hks-style-wastegate-50mm\/#breadcrumb"},"inLanguage":"en-US","potentialAction":[{"@type":"ReadAction","target":[["https:\/\/tuunerstuudio.ee\/en\/toode\/hks-style-wastegate-50mm\/"]]}]},{"@type":"ImageObject","inLanguage":"en-US","@id":"https:\/\/tuunerstuudio.ee\/en\/toode\/hks-style-wastegate-50mm\/#primaryimage","url":"https:\/\/tuunerstuudio.ee\/wp-content\/uploads\/2024\/10\/HKS-style-wastegate-50mm.jpg","contentUrl":"https:\/\/tuunerstuudio.ee\/wp-content\/uploads\/2024\/10\/HKS-style-wastegate-50mm.jpg","width":800,"height":801},{"@type":"BreadcrumbList","@id":"https:\/\/tuunerstuudio.ee\/en\/toode\/hks-style-wastegate-50mm\/#breadcrumb","itemListElement":[{"@type":"ListItem","position":1,"name":"Home","item":"https:\/\/tuunerstuudio.ee\/en\/"},{"@type":"ListItem","position":2,"name":"Tooted","item":"https:\/\/www.tuunerstuudio.ee\/tooted\/"},{"@type":"ListItem","position":3,"name":"HKS-style wastegate 50mm"}]},{"@type":"WebSite","@id":"https:\/\/tuunerstuudio.ee\/en\/#website","url":"https:\/\/tuunerstuudio.ee\/en\/","name":"tuunerstuudio","description":"","potentialAction":[{"@type":"SearchAction","target":{"@type":"EntryPoint","urlTemplate":"https:\/\/tuunerstuudio.ee\/en\/?s={search_term_string}"},"query-input":{"@type":"PropertyValueSpecification","valueRequired":true,"valueName":"search_term_string"}}],"inLanguage":"en-US"}]}},"_links":{"self":[{"href":"https:\/\/tuunerstuudio.ee\/en\/wp-json\/wp\/v2\/product\/7256","targetHints":{"allow":["GET"]}}],"collection":[{"href":"https:\/\/tuunerstuudio.ee\/en\/wp-json\/wp\/v2\/product"}],"about":[{"href":"https:\/\/tuunerstuudio.ee\/en\/wp-json\/wp\/v2\/types\/product"}],"replies":[{"embeddable":true,"href":"https:\/\/tuunerstuudio.ee\/en\/wp-json\/wp\/v2\/comments?post=7256"}],"wp:featuredmedia":[{"embeddable":true,"href":"https:\/\/tuunerstuudio.ee\/en\/wp-json\/wp\/v2\/media\/7270"}],"wp:attachment":[{"href":"https:\/\/tuunerstuudio.ee\/en\/wp-json\/wp\/v2\/media?parent=7256"}],"wp:term":[{"taxonomy":"product_brand","embeddable":true,"href":"https:\/\/tuunerstuudio.ee\/en\/wp-json\/wp\/v2\/product_brand?post=7256"},{"taxonomy":"product_cat","embeddable":true,"href":"https:\/\/tuunerstuudio.ee\/en\/wp-json\/wp\/v2\/product_cat?post=7256"},{"taxonomy":"product_tag","embeddable":true,"href":"https:\/\/tuunerstuudio.ee\/en\/wp-json\/wp\/v2\/product_tag?post=7256"}],"curies":[{"name":"wp","href":"https:\/\/api.w.org\/{rel}","templated":true}]}}