{"id":6988,"date":"2024-10-11T14:57:44","date_gmt":"2024-10-11T11:57:44","guid":{"rendered":"https:\/\/tuunerstuudio.ee\/uuswp\/?post_type=product&#038;p=6988"},"modified":"2024-10-11T14:57:47","modified_gmt":"2024-10-11T11:57:47","slug":"w-light-impulse-iii","status":"publish","type":"product","link":"https:\/\/tuunerstuudio.ee\/en\/toode\/w-light-impulse-iii\/","title":{"rendered":"W-LIGHT Impulse III"},"content":{"rendered":"<p><a href=\"https:\/\/tuunerstuudio.ee\/wp-content\/uploads\/2023\/11\/W-LIGHT-Impulse-III-2.jpg\"><img loading=\"lazy\" decoding=\"async\" class=\" wd-lazy-fade alignnone wp-image-19251 size-medium\" src=\"https:\/\/tuunerstuudio.ee\/wp-content\/themes\/tuunerstuudio5\/images\/lazy.svg\" data-src=\"https:\/\/tuunerstuudio.ee\/wp-content\/uploads\/2023\/11\/W-LIGHT-Impulse-III-2-300x225.jpg\" alt=\"\" width=\"300\" height=\"225\" \/><\/a> <a href=\"https:\/\/tuunerstuudio.ee\/wp-content\/uploads\/2023\/11\/W-LIGHT-Impulse-III-3.jpg\"><img loading=\"lazy\" decoding=\"async\" class=\" wd-lazy-fade alignnone wp-image-19250 size-medium\" src=\"https:\/\/tuunerstuudio.ee\/wp-content\/themes\/tuunerstuudio5\/images\/lazy.svg\" data-src=\"https:\/\/tuunerstuudio.ee\/wp-content\/uploads\/2023\/11\/W-LIGHT-Impulse-III-3-300x225.jpg\" alt=\"\" width=\"300\" height=\"225\" \/><\/a><\/p>\n","protected":false},"excerpt":{"rendered":"<ul>\n<li>M\u00f5\u00f5tmed: 527.00 x 57.00 x 75.00mm<\/li>\n<li>Kaal: 2.35kg<\/li>\n<li>T\u00fc\u00fcp: Ref. 2 x 40<\/li>\n<li>Pinge: 10-32V<\/li>\n<li>Lumenid: 15120 lm<\/li>\n<li>Lumenid (m\u00f5\u00f5detud): 11400 lm<\/li>\n<li>Vorm: Riba<\/li>\n<li>V\u00e4rvitemperatuur: 5000 K<\/li>\n<li>Pistiku t\u00fc\u00fcp: 2-pin DT<\/li>\n<li>Juhtme pikkus: 2,20 m<\/li>\n<li>Korpuse materjal: Alumiinium<\/li>\n<li>L\u00e4\u00e4tse materjal: Pol\u00fckarbonaat<\/li>\n<li>Sertifikaadid: R10, R112<\/li>\n<li>Garantii (kuudes): 12<\/li>\n<\/ul>\n<p>Kirjeldus: W-Light Impulse III, W-Light Impulse III on \u00e4\u00e4rmiselt v\u00f5imas kaugtule paneel. Kompaktne, kuid valgusk\u00fcllane lisatuli v\u00f5imaldab optimaalset, \u00fchtlast valgusvihku. 1Lux kilomeetri pealt teeb selle tule oma kategooria v\u00f5imsaimaks. Tulel on suurep\u00e4rane v\u00e4rviindeks ja v\u00e4rvitemperatuur, mis teevad tule valguse silmale meeldivaks.Tulel on erinevad paigaldamisv\u00f5imalused ning pikk voolukaabel v\u00f5imaldab panna pistiku ohutusse kohta.&#8221;Plug&amp;Drive&#8221; juhtmestikuga (1605-WK031) on paigaldamine imelihtne. V\u00f5imalikud paigaldused: k\u00fclg, alumine, \u00fclemine. 36 x Osram LED, 15120lm teoreetiline\/ 11400lm testitud, 5000K, 1 lux @ 549m, voolutarve: 9,6A @ 13.7V, 220cm juhe, 2-p. DT-pistik, R112, ref. 2&#215;40, R10<\/p>\n<div>\n<p id=\"tw-target-text\" class=\"tw-data-text tw-text-large tw-ta\" dir=\"ltr\" data-placeholder=\"T\u00f5lge\" data-ved=\"2ahUKEwiE0Yaix6WCAxXp2AIHHTehB_cQ3ewLegQICRAQ\"><span class=\"Y2IQFc\" lang=\"et\">Pakendi m\u00f5\u00f5tmed: 100 x 130 x 595 mm (laius x k\u00f5rgus x s\u00fcgavus)<\/span><\/p>\n<\/div>\n","protected":false},"featured_media":7018,"comment_status":"closed","ping_status":"closed","template":"","meta":[],"product_brand":[],"product_cat":[70,268,269],"product_tag":[],"class_list":{"0":"post-6988","1":"product","2":"type-product","3":"status-publish","4":"has-post-thumbnail","6":"product_cat-muud-tooted","7":"product_cat-lisatuled","8":"product_cat-w-light","10":"first","11":"instock","12":"taxable","13":"shipping-taxable","14":"purchasable","15":"product-type-simple"},"yoast_head":"<!-- This site is optimized with the Yoast SEO plugin v26.9 - https:\/\/yoast.com\/product\/yoast-seo-wordpress\/ -->\n<title>W-LIGHT Impulse III - TuunerStuudio<\/title>\n<meta name=\"robots\" content=\"index, follow, max-snippet:-1, max-image-preview:large, max-video-preview:-1\" \/>\n<link rel=\"canonical\" href=\"https:\/\/tuunerstuudio.ee\/en\/toode\/w-light-impulse-iii\/\" \/>\n<meta property=\"og:locale\" content=\"en_US\" \/>\n<meta property=\"og:type\" content=\"article\" \/>\n<meta property=\"og:title\" content=\"W-LIGHT Impulse III - TuunerStuudio\" \/>\n<meta property=\"og:description\" content=\"M\u00f5\u00f5tmed: 527.00 x 57.00 x 75.00mm  Kaal: 2.35kg  T\u00fc\u00fcp: Ref. 2 x 40  Pinge: 10-32V  Lumenid: 15120 lm  Lumenid (m\u00f5\u00f5detud): 11400 lm  Vorm: Riba  V\u00e4rvitemperatuur: 5000 K  Pistiku t\u00fc\u00fcp: 2-pin DT  Juhtme pikkus: 2,20 m  Korpuse materjal: Alumiinium  L\u00e4\u00e4tse materjal: Pol\u00fckarbonaat  Sertifikaadid: R10, R112  Garantii (kuudes): 12  Kirjeldus: W-Light Impulse III, W-Light Impulse III on \u00e4\u00e4rmiselt v\u00f5imas kaugtule paneel. Kompaktne, kuid valgusk\u00fcllane lisatuli v\u00f5imaldab optimaalset, \u00fchtlast valgusvihku. 1Lux kilomeetri pealt teeb selle tule oma kategooria v\u00f5imsaimaks. Tulel on suurep\u00e4rane v\u00e4rviindeks ja v\u00e4rvitemperatuur, mis teevad tule valguse silmale meeldivaks.Tulel on erinevad paigaldamisv\u00f5imalused ning pikk voolukaabel v\u00f5imaldab panna pistiku ohutusse kohta.&quot;Plug&amp;Drive&quot; juhtmestikuga (1605-WK031) on paigaldamine imelihtne. V\u00f5imalikud paigaldused: k\u00fclg, alumine, \u00fclemine. 36 x Osram LED, 15120lm teoreetiline\/ 11400lm testitud, 5000K, 1 lux @ 549m, voolutarve: 9,6A @ 13.7V, 220cm juhe, 2-p. DT-pistik, R112, ref. 2x40, R10  Pakendi m\u00f5\u00f5tmed: 100 x 130 x 595 mm (laius x k\u00f5rgus x s\u00fcgavus)\" \/>\n<meta property=\"og:url\" content=\"https:\/\/tuunerstuudio.ee\/en\/toode\/w-light-impulse-iii\/\" \/>\n<meta property=\"og:site_name\" content=\"TuunerStuudio\" \/>\n<meta property=\"article:modified_time\" content=\"2024-10-11T11:57:47+00:00\" \/>\n<meta property=\"og:image\" content=\"https:\/\/tuunerstuudio.ee\/wp-content\/uploads\/2024\/10\/W-LIGHT-Impulse-III.jpg\" \/>\n\t<meta property=\"og:image:width\" content=\"400\" \/>\n\t<meta property=\"og:image:height\" content=\"300\" \/>\n\t<meta property=\"og:image:type\" content=\"image\/jpeg\" \/>\n<meta name=\"twitter:card\" content=\"summary_large_image\" \/>\n<meta name=\"twitter:label1\" content=\"Est. reading time\" \/>\n\t<meta name=\"twitter:data1\" content=\"1 minute\" \/>\n<script type=\"application\/ld+json\" class=\"yoast-schema-graph\">{\"@context\":\"https:\/\/schema.org\",\"@graph\":[{\"@type\":\"WebPage\",\"@id\":\"https:\/\/tuunerstuudio.ee\/en\/toode\/w-light-impulse-iii\/\",\"url\":\"https:\/\/tuunerstuudio.ee\/en\/toode\/w-light-impulse-iii\/\",\"name\":\"W-LIGHT Impulse III - TuunerStuudio\",\"isPartOf\":{\"@id\":\"https:\/\/tuunerstuudio.ee\/en\/#website\"},\"primaryImageOfPage\":{\"@id\":\"https:\/\/tuunerstuudio.ee\/en\/toode\/w-light-impulse-iii\/#primaryimage\"},\"image\":{\"@id\":\"https:\/\/tuunerstuudio.ee\/toode\/w-light-impulse-iii\/#primaryimage\"},\"thumbnailUrl\":\"https:\/\/tuunerstuudio.ee\/wp-content\/uploads\/2024\/10\/W-LIGHT-Impulse-III.jpg\",\"datePublished\":\"2024-10-11T11:57:44+00:00\",\"dateModified\":\"2024-10-11T11:57:47+00:00\",\"breadcrumb\":{\"@id\":\"https:\/\/tuunerstuudio.ee\/en\/toode\/w-light-impulse-iii\/#breadcrumb\"},\"inLanguage\":\"en-US\",\"potentialAction\":[{\"@type\":\"ReadAction\",\"target\":[[\"https:\/\/tuunerstuudio.ee\/en\/toode\/w-light-impulse-iii\/\"]]}]},{\"@type\":\"ImageObject\",\"inLanguage\":\"en-US\",\"@id\":\"https:\/\/tuunerstuudio.ee\/en\/toode\/w-light-impulse-iii\/#primaryimage\",\"url\":\"https:\/\/tuunerstuudio.ee\/wp-content\/uploads\/2024\/10\/W-LIGHT-Impulse-III.jpg\",\"contentUrl\":\"https:\/\/tuunerstuudio.ee\/wp-content\/uploads\/2024\/10\/W-LIGHT-Impulse-III.jpg\",\"width\":400,\"height\":300},{\"@type\":\"BreadcrumbList\",\"@id\":\"https:\/\/tuunerstuudio.ee\/en\/toode\/w-light-impulse-iii\/#breadcrumb\",\"itemListElement\":[{\"@type\":\"ListItem\",\"position\":1,\"name\":\"Home\",\"item\":\"https:\/\/tuunerstuudio.ee\/en\/\"},{\"@type\":\"ListItem\",\"position\":2,\"name\":\"Tooted\",\"item\":\"https:\/\/www.tuunerstuudio.ee\/tooted\/\"},{\"@type\":\"ListItem\",\"position\":3,\"name\":\"W-LIGHT Impulse III\"}]},{\"@type\":\"WebSite\",\"@id\":\"https:\/\/tuunerstuudio.ee\/en\/#website\",\"url\":\"https:\/\/tuunerstuudio.ee\/en\/\",\"name\":\"tuunerstuudio\",\"description\":\"\",\"potentialAction\":[{\"@type\":\"SearchAction\",\"target\":{\"@type\":\"EntryPoint\",\"urlTemplate\":\"https:\/\/tuunerstuudio.ee\/en\/?s={search_term_string}\"},\"query-input\":{\"@type\":\"PropertyValueSpecification\",\"valueRequired\":true,\"valueName\":\"search_term_string\"}}],\"inLanguage\":\"en-US\"}]}<\/script>\n<!-- \/ Yoast SEO plugin. -->","yoast_head_json":{"title":"W-LIGHT Impulse III - TuunerStuudio","robots":{"index":"index","follow":"follow","max-snippet":"max-snippet:-1","max-image-preview":"max-image-preview:large","max-video-preview":"max-video-preview:-1"},"canonical":"https:\/\/tuunerstuudio.ee\/en\/toode\/w-light-impulse-iii\/","og_locale":"en_US","og_type":"article","og_title":"W-LIGHT Impulse III - TuunerStuudio","og_description":"M\u00f5\u00f5tmed: 527.00 x 57.00 x 75.00mm  Kaal: 2.35kg  T\u00fc\u00fcp: Ref. 2 x 40  Pinge: 10-32V  Lumenid: 15120 lm  Lumenid (m\u00f5\u00f5detud): 11400 lm  Vorm: Riba  V\u00e4rvitemperatuur: 5000 K  Pistiku t\u00fc\u00fcp: 2-pin DT  Juhtme pikkus: 2,20 m  Korpuse materjal: Alumiinium  L\u00e4\u00e4tse materjal: Pol\u00fckarbonaat  Sertifikaadid: R10, R112  Garantii (kuudes): 12  Kirjeldus: W-Light Impulse III, W-Light Impulse III on \u00e4\u00e4rmiselt v\u00f5imas kaugtule paneel. Kompaktne, kuid valgusk\u00fcllane lisatuli v\u00f5imaldab optimaalset, \u00fchtlast valgusvihku. 1Lux kilomeetri pealt teeb selle tule oma kategooria v\u00f5imsaimaks. Tulel on suurep\u00e4rane v\u00e4rviindeks ja v\u00e4rvitemperatuur, mis teevad tule valguse silmale meeldivaks.Tulel on erinevad paigaldamisv\u00f5imalused ning pikk voolukaabel v\u00f5imaldab panna pistiku ohutusse kohta.\"Plug&amp;Drive\" juhtmestikuga (1605-WK031) on paigaldamine imelihtne. V\u00f5imalikud paigaldused: k\u00fclg, alumine, \u00fclemine. 36 x Osram LED, 15120lm teoreetiline\/ 11400lm testitud, 5000K, 1 lux @ 549m, voolutarve: 9,6A @ 13.7V, 220cm juhe, 2-p. DT-pistik, R112, ref. 2x40, R10  Pakendi m\u00f5\u00f5tmed: 100 x 130 x 595 mm (laius x k\u00f5rgus x s\u00fcgavus)","og_url":"https:\/\/tuunerstuudio.ee\/en\/toode\/w-light-impulse-iii\/","og_site_name":"TuunerStuudio","article_modified_time":"2024-10-11T11:57:47+00:00","og_image":[{"width":400,"height":300,"url":"https:\/\/tuunerstuudio.ee\/wp-content\/uploads\/2024\/10\/W-LIGHT-Impulse-III.jpg","type":"image\/jpeg"}],"twitter_card":"summary_large_image","twitter_misc":{"Est. reading time":"1 minute"},"schema":{"@context":"https:\/\/schema.org","@graph":[{"@type":"WebPage","@id":"https:\/\/tuunerstuudio.ee\/en\/toode\/w-light-impulse-iii\/","url":"https:\/\/tuunerstuudio.ee\/en\/toode\/w-light-impulse-iii\/","name":"W-LIGHT Impulse III - TuunerStuudio","isPartOf":{"@id":"https:\/\/tuunerstuudio.ee\/en\/#website"},"primaryImageOfPage":{"@id":"https:\/\/tuunerstuudio.ee\/en\/toode\/w-light-impulse-iii\/#primaryimage"},"image":{"@id":"https:\/\/tuunerstuudio.ee\/toode\/w-light-impulse-iii\/#primaryimage"},"thumbnailUrl":"https:\/\/tuunerstuudio.ee\/wp-content\/uploads\/2024\/10\/W-LIGHT-Impulse-III.jpg","datePublished":"2024-10-11T11:57:44+00:00","dateModified":"2024-10-11T11:57:47+00:00","breadcrumb":{"@id":"https:\/\/tuunerstuudio.ee\/en\/toode\/w-light-impulse-iii\/#breadcrumb"},"inLanguage":"en-US","potentialAction":[{"@type":"ReadAction","target":[["https:\/\/tuunerstuudio.ee\/en\/toode\/w-light-impulse-iii\/"]]}]},{"@type":"ImageObject","inLanguage":"en-US","@id":"https:\/\/tuunerstuudio.ee\/en\/toode\/w-light-impulse-iii\/#primaryimage","url":"https:\/\/tuunerstuudio.ee\/wp-content\/uploads\/2024\/10\/W-LIGHT-Impulse-III.jpg","contentUrl":"https:\/\/tuunerstuudio.ee\/wp-content\/uploads\/2024\/10\/W-LIGHT-Impulse-III.jpg","width":400,"height":300},{"@type":"BreadcrumbList","@id":"https:\/\/tuunerstuudio.ee\/en\/toode\/w-light-impulse-iii\/#breadcrumb","itemListElement":[{"@type":"ListItem","position":1,"name":"Home","item":"https:\/\/tuunerstuudio.ee\/en\/"},{"@type":"ListItem","position":2,"name":"Tooted","item":"https:\/\/www.tuunerstuudio.ee\/tooted\/"},{"@type":"ListItem","position":3,"name":"W-LIGHT Impulse III"}]},{"@type":"WebSite","@id":"https:\/\/tuunerstuudio.ee\/en\/#website","url":"https:\/\/tuunerstuudio.ee\/en\/","name":"tuunerstuudio","description":"","potentialAction":[{"@type":"SearchAction","target":{"@type":"EntryPoint","urlTemplate":"https:\/\/tuunerstuudio.ee\/en\/?s={search_term_string}"},"query-input":{"@type":"PropertyValueSpecification","valueRequired":true,"valueName":"search_term_string"}}],"inLanguage":"en-US"}]}},"_links":{"self":[{"href":"https:\/\/tuunerstuudio.ee\/en\/wp-json\/wp\/v2\/product\/6988","targetHints":{"allow":["GET"]}}],"collection":[{"href":"https:\/\/tuunerstuudio.ee\/en\/wp-json\/wp\/v2\/product"}],"about":[{"href":"https:\/\/tuunerstuudio.ee\/en\/wp-json\/wp\/v2\/types\/product"}],"replies":[{"embeddable":true,"href":"https:\/\/tuunerstuudio.ee\/en\/wp-json\/wp\/v2\/comments?post=6988"}],"wp:featuredmedia":[{"embeddable":true,"href":"https:\/\/tuunerstuudio.ee\/en\/wp-json\/wp\/v2\/media\/7018"}],"wp:attachment":[{"href":"https:\/\/tuunerstuudio.ee\/en\/wp-json\/wp\/v2\/media?parent=6988"}],"wp:term":[{"taxonomy":"product_brand","embeddable":true,"href":"https:\/\/tuunerstuudio.ee\/en\/wp-json\/wp\/v2\/product_brand?post=6988"},{"taxonomy":"product_cat","embeddable":true,"href":"https:\/\/tuunerstuudio.ee\/en\/wp-json\/wp\/v2\/product_cat?post=6988"},{"taxonomy":"product_tag","embeddable":true,"href":"https:\/\/tuunerstuudio.ee\/en\/wp-json\/wp\/v2\/product_tag?post=6988"}],"curies":[{"name":"wp","href":"https:\/\/api.w.org\/{rel}","templated":true}]}}