{"id":6983,"date":"2024-10-11T14:57:43","date_gmt":"2024-10-11T11:57:43","guid":{"rendered":"https:\/\/tuunerstuudio.ee\/uuswp\/?post_type=product&#038;p=6983"},"modified":"2024-10-11T14:57:45","modified_gmt":"2024-10-11T11:57:45","slug":"w-light-atv-sideshooter","status":"publish","type":"product","link":"https:\/\/tuunerstuudio.ee\/en\/toode\/w-light-atv-sideshooter\/","title":{"rendered":"W-LIGHT ATV Sideshooter"},"content":{"rendered":"<p><a href=\"https:\/\/tuunerstuudio.ee\/wp-content\/uploads\/2023\/11\/W-LIGHT-ATV-Sideshooter-2.jpg\"><img loading=\"lazy\" decoding=\"async\" class=\" wd-lazy-fade aligncenter wp-image-19229 size-full\" src=\"https:\/\/tuunerstuudio.ee\/wp-content\/themes\/tuunerstuudio5\/images\/lazy.svg\" data-src=\"https:\/\/tuunerstuudio.ee\/wp-content\/uploads\/2023\/11\/W-LIGHT-ATV-Sideshooter-2.jpg\" alt=\"\" width=\"400\" height=\"300\" \/><\/a><\/p>\n","protected":false},"excerpt":{"rendered":"<ul>\n<li>M\u00f5\u00f5tmed: 253.00 x 79.00 x 63.00mm<\/li>\n<li>Kaal: 1.70kg<\/li>\n<li>Pinge: 10-30V<\/li>\n<li>Lumenid: 7200 lm<\/li>\n<li>Vorm: Riba<\/li>\n<li>V\u00e4rvitemperatuur: 5700 K<\/li>\n<li>Pistiku t\u00fc\u00fcp: 2-pin DT<\/li>\n<li>Korpuse materjal: Alumiinium<\/li>\n<li>L\u00e4\u00e4tse materjal: Pol\u00fckarbonaat<\/li>\n<li>IP klassifikatsioon: IP67, IP69K<\/li>\n<li>Sertifikaadid: R10<\/li>\n<li>Garantii (kuudes): 12<\/li>\n<li>Mudeli nimi: ATV Sideshooter<\/li>\n<\/ul>\n<p>Kirjeldus: 12 x Osram + sideshooter 8 x Osram, kombinatsioonvihk + k\u00fcljetuled, 7200lm (teor.), 248lx @10m, 5700K, soojendusega PC klaas, alumiiniumkorpus ja kinnitus, kummikaabel Deutsch DT -pistikuga, IP67, R10, 12V 5.2A \u2013 24V 2.7A. Spetsiaalselt disainitud mootorsaanidele ja ATV-dele, soojendusega klaas hoiab valgusti lumest ja j\u00e4\u00e4st puhtana, v\u00f5imas kombinatsioonvihk valgustab kaugele. Reguleeritavad kinnitusjalad tagavad lihtsa paigalduse ja DT pistik tagab kindla \u00fchenduse. Valgustit tohib kinnitada autodele (ECE R10 sertifikaat), kuid ei sobi (ECE R112) liikluses kasutamiseks.<\/p>\n<p>Pakendi m\u00f5\u00f5dud: <span title=\"width x height x depth\">355 x 115 x 125 mm (<span class=\"Y2IQFc\" lang=\"et\">laius x k\u00f5rgus x s\u00fcgavus)<\/span><\/span><\/p>\n<p>&nbsp;<\/p>\n","protected":false},"featured_media":7013,"comment_status":"closed","ping_status":"closed","template":"","meta":[],"product_brand":[],"product_cat":[70,268,269],"product_tag":[],"class_list":{"0":"post-6983","1":"product","2":"type-product","3":"status-publish","4":"has-post-thumbnail","6":"product_cat-muud-tooted","7":"product_cat-lisatuled","8":"product_cat-w-light","10":"first","11":"onbackorder","12":"taxable","13":"shipping-taxable","14":"purchasable","15":"product-type-simple"},"yoast_head":"<!-- This site is optimized with the Yoast SEO plugin v26.9 - https:\/\/yoast.com\/product\/yoast-seo-wordpress\/ -->\n<title>W-LIGHT ATV Sideshooter - TuunerStuudio<\/title>\n<meta name=\"robots\" content=\"index, follow, max-snippet:-1, max-image-preview:large, max-video-preview:-1\" \/>\n<link rel=\"canonical\" href=\"https:\/\/tuunerstuudio.ee\/en\/toode\/w-light-atv-sideshooter\/\" \/>\n<meta property=\"og:locale\" content=\"en_US\" \/>\n<meta property=\"og:type\" content=\"article\" \/>\n<meta property=\"og:title\" content=\"W-LIGHT ATV Sideshooter - TuunerStuudio\" \/>\n<meta property=\"og:description\" content=\"M\u00f5\u00f5tmed: 253.00 x 79.00 x 63.00mm  Kaal: 1.70kg  Pinge: 10-30V  Lumenid: 7200 lm  Vorm: Riba  V\u00e4rvitemperatuur: 5700 K  Pistiku t\u00fc\u00fcp: 2-pin DT  Korpuse materjal: Alumiinium  L\u00e4\u00e4tse materjal: Pol\u00fckarbonaat  IP klassifikatsioon: IP67, IP69K  Sertifikaadid: R10  Garantii (kuudes): 12  Mudeli nimi: ATV Sideshooter  Kirjeldus: 12 x Osram + sideshooter 8 x Osram, kombinatsioonvihk + k\u00fcljetuled, 7200lm (teor.), 248lx @10m, 5700K, soojendusega PC klaas, alumiiniumkorpus ja kinnitus, kummikaabel Deutsch DT -pistikuga, IP67, R10, 12V 5.2A \u2013 24V 2.7A. Spetsiaalselt disainitud mootorsaanidele ja ATV-dele, soojendusega klaas hoiab valgusti lumest ja j\u00e4\u00e4st puhtana, v\u00f5imas kombinatsioonvihk valgustab kaugele. Reguleeritavad kinnitusjalad tagavad lihtsa paigalduse ja DT pistik tagab kindla \u00fchenduse. Valgustit tohib kinnitada autodele (ECE R10 sertifikaat), kuid ei sobi (ECE R112) liikluses kasutamiseks.  Pakendi m\u00f5\u00f5dud: 355 x 115 x 125 mm (laius x k\u00f5rgus x s\u00fcgavus)  &nbsp;\" \/>\n<meta property=\"og:url\" content=\"https:\/\/tuunerstuudio.ee\/en\/toode\/w-light-atv-sideshooter\/\" \/>\n<meta property=\"og:site_name\" content=\"TuunerStuudio\" \/>\n<meta property=\"article:modified_time\" content=\"2024-10-11T11:57:45+00:00\" \/>\n<meta property=\"og:image\" content=\"https:\/\/tuunerstuudio.ee\/wp-content\/uploads\/2024\/10\/W-LIGHT-ATV-Sideshooter.jpg\" \/>\n\t<meta property=\"og:image:width\" content=\"400\" \/>\n\t<meta property=\"og:image:height\" content=\"300\" \/>\n\t<meta property=\"og:image:type\" content=\"image\/jpeg\" \/>\n<meta name=\"twitter:card\" content=\"summary_large_image\" \/>\n<meta name=\"twitter:label1\" content=\"Est. reading time\" \/>\n\t<meta name=\"twitter:data1\" content=\"1 minute\" \/>\n<script type=\"application\/ld+json\" class=\"yoast-schema-graph\">{\"@context\":\"https:\/\/schema.org\",\"@graph\":[{\"@type\":\"WebPage\",\"@id\":\"https:\/\/tuunerstuudio.ee\/en\/toode\/w-light-atv-sideshooter\/\",\"url\":\"https:\/\/tuunerstuudio.ee\/en\/toode\/w-light-atv-sideshooter\/\",\"name\":\"W-LIGHT ATV Sideshooter - TuunerStuudio\",\"isPartOf\":{\"@id\":\"https:\/\/tuunerstuudio.ee\/en\/#website\"},\"primaryImageOfPage\":{\"@id\":\"https:\/\/tuunerstuudio.ee\/en\/toode\/w-light-atv-sideshooter\/#primaryimage\"},\"image\":{\"@id\":\"https:\/\/tuunerstuudio.ee\/toode\/w-light-atv-sideshooter\/#primaryimage\"},\"thumbnailUrl\":\"https:\/\/tuunerstuudio.ee\/wp-content\/uploads\/2024\/10\/W-LIGHT-ATV-Sideshooter.jpg\",\"datePublished\":\"2024-10-11T11:57:43+00:00\",\"dateModified\":\"2024-10-11T11:57:45+00:00\",\"breadcrumb\":{\"@id\":\"https:\/\/tuunerstuudio.ee\/en\/toode\/w-light-atv-sideshooter\/#breadcrumb\"},\"inLanguage\":\"en-US\",\"potentialAction\":[{\"@type\":\"ReadAction\",\"target\":[[\"https:\/\/tuunerstuudio.ee\/en\/toode\/w-light-atv-sideshooter\/\"]]}]},{\"@type\":\"ImageObject\",\"inLanguage\":\"en-US\",\"@id\":\"https:\/\/tuunerstuudio.ee\/en\/toode\/w-light-atv-sideshooter\/#primaryimage\",\"url\":\"https:\/\/tuunerstuudio.ee\/wp-content\/uploads\/2024\/10\/W-LIGHT-ATV-Sideshooter.jpg\",\"contentUrl\":\"https:\/\/tuunerstuudio.ee\/wp-content\/uploads\/2024\/10\/W-LIGHT-ATV-Sideshooter.jpg\",\"width\":400,\"height\":300},{\"@type\":\"BreadcrumbList\",\"@id\":\"https:\/\/tuunerstuudio.ee\/en\/toode\/w-light-atv-sideshooter\/#breadcrumb\",\"itemListElement\":[{\"@type\":\"ListItem\",\"position\":1,\"name\":\"Home\",\"item\":\"https:\/\/tuunerstuudio.ee\/en\/\"},{\"@type\":\"ListItem\",\"position\":2,\"name\":\"Tooted\",\"item\":\"https:\/\/www.tuunerstuudio.ee\/tooted\/\"},{\"@type\":\"ListItem\",\"position\":3,\"name\":\"W-LIGHT ATV Sideshooter\"}]},{\"@type\":\"WebSite\",\"@id\":\"https:\/\/tuunerstuudio.ee\/en\/#website\",\"url\":\"https:\/\/tuunerstuudio.ee\/en\/\",\"name\":\"tuunerstuudio\",\"description\":\"\",\"potentialAction\":[{\"@type\":\"SearchAction\",\"target\":{\"@type\":\"EntryPoint\",\"urlTemplate\":\"https:\/\/tuunerstuudio.ee\/en\/?s={search_term_string}\"},\"query-input\":{\"@type\":\"PropertyValueSpecification\",\"valueRequired\":true,\"valueName\":\"search_term_string\"}}],\"inLanguage\":\"en-US\"}]}<\/script>\n<!-- \/ Yoast SEO plugin. -->","yoast_head_json":{"title":"W-LIGHT ATV Sideshooter - TuunerStuudio","robots":{"index":"index","follow":"follow","max-snippet":"max-snippet:-1","max-image-preview":"max-image-preview:large","max-video-preview":"max-video-preview:-1"},"canonical":"https:\/\/tuunerstuudio.ee\/en\/toode\/w-light-atv-sideshooter\/","og_locale":"en_US","og_type":"article","og_title":"W-LIGHT ATV Sideshooter - TuunerStuudio","og_description":"M\u00f5\u00f5tmed: 253.00 x 79.00 x 63.00mm  Kaal: 1.70kg  Pinge: 10-30V  Lumenid: 7200 lm  Vorm: Riba  V\u00e4rvitemperatuur: 5700 K  Pistiku t\u00fc\u00fcp: 2-pin DT  Korpuse materjal: Alumiinium  L\u00e4\u00e4tse materjal: Pol\u00fckarbonaat  IP klassifikatsioon: IP67, IP69K  Sertifikaadid: R10  Garantii (kuudes): 12  Mudeli nimi: ATV Sideshooter  Kirjeldus: 12 x Osram + sideshooter 8 x Osram, kombinatsioonvihk + k\u00fcljetuled, 7200lm (teor.), 248lx @10m, 5700K, soojendusega PC klaas, alumiiniumkorpus ja kinnitus, kummikaabel Deutsch DT -pistikuga, IP67, R10, 12V 5.2A \u2013 24V 2.7A. Spetsiaalselt disainitud mootorsaanidele ja ATV-dele, soojendusega klaas hoiab valgusti lumest ja j\u00e4\u00e4st puhtana, v\u00f5imas kombinatsioonvihk valgustab kaugele. Reguleeritavad kinnitusjalad tagavad lihtsa paigalduse ja DT pistik tagab kindla \u00fchenduse. Valgustit tohib kinnitada autodele (ECE R10 sertifikaat), kuid ei sobi (ECE R112) liikluses kasutamiseks.  Pakendi m\u00f5\u00f5dud: 355 x 115 x 125 mm (laius x k\u00f5rgus x s\u00fcgavus)  &nbsp;","og_url":"https:\/\/tuunerstuudio.ee\/en\/toode\/w-light-atv-sideshooter\/","og_site_name":"TuunerStuudio","article_modified_time":"2024-10-11T11:57:45+00:00","og_image":[{"width":400,"height":300,"url":"https:\/\/tuunerstuudio.ee\/wp-content\/uploads\/2024\/10\/W-LIGHT-ATV-Sideshooter.jpg","type":"image\/jpeg"}],"twitter_card":"summary_large_image","twitter_misc":{"Est. reading time":"1 minute"},"schema":{"@context":"https:\/\/schema.org","@graph":[{"@type":"WebPage","@id":"https:\/\/tuunerstuudio.ee\/en\/toode\/w-light-atv-sideshooter\/","url":"https:\/\/tuunerstuudio.ee\/en\/toode\/w-light-atv-sideshooter\/","name":"W-LIGHT ATV Sideshooter - TuunerStuudio","isPartOf":{"@id":"https:\/\/tuunerstuudio.ee\/en\/#website"},"primaryImageOfPage":{"@id":"https:\/\/tuunerstuudio.ee\/en\/toode\/w-light-atv-sideshooter\/#primaryimage"},"image":{"@id":"https:\/\/tuunerstuudio.ee\/toode\/w-light-atv-sideshooter\/#primaryimage"},"thumbnailUrl":"https:\/\/tuunerstuudio.ee\/wp-content\/uploads\/2024\/10\/W-LIGHT-ATV-Sideshooter.jpg","datePublished":"2024-10-11T11:57:43+00:00","dateModified":"2024-10-11T11:57:45+00:00","breadcrumb":{"@id":"https:\/\/tuunerstuudio.ee\/en\/toode\/w-light-atv-sideshooter\/#breadcrumb"},"inLanguage":"en-US","potentialAction":[{"@type":"ReadAction","target":[["https:\/\/tuunerstuudio.ee\/en\/toode\/w-light-atv-sideshooter\/"]]}]},{"@type":"ImageObject","inLanguage":"en-US","@id":"https:\/\/tuunerstuudio.ee\/en\/toode\/w-light-atv-sideshooter\/#primaryimage","url":"https:\/\/tuunerstuudio.ee\/wp-content\/uploads\/2024\/10\/W-LIGHT-ATV-Sideshooter.jpg","contentUrl":"https:\/\/tuunerstuudio.ee\/wp-content\/uploads\/2024\/10\/W-LIGHT-ATV-Sideshooter.jpg","width":400,"height":300},{"@type":"BreadcrumbList","@id":"https:\/\/tuunerstuudio.ee\/en\/toode\/w-light-atv-sideshooter\/#breadcrumb","itemListElement":[{"@type":"ListItem","position":1,"name":"Home","item":"https:\/\/tuunerstuudio.ee\/en\/"},{"@type":"ListItem","position":2,"name":"Tooted","item":"https:\/\/www.tuunerstuudio.ee\/tooted\/"},{"@type":"ListItem","position":3,"name":"W-LIGHT ATV Sideshooter"}]},{"@type":"WebSite","@id":"https:\/\/tuunerstuudio.ee\/en\/#website","url":"https:\/\/tuunerstuudio.ee\/en\/","name":"tuunerstuudio","description":"","potentialAction":[{"@type":"SearchAction","target":{"@type":"EntryPoint","urlTemplate":"https:\/\/tuunerstuudio.ee\/en\/?s={search_term_string}"},"query-input":{"@type":"PropertyValueSpecification","valueRequired":true,"valueName":"search_term_string"}}],"inLanguage":"en-US"}]}},"_links":{"self":[{"href":"https:\/\/tuunerstuudio.ee\/en\/wp-json\/wp\/v2\/product\/6983","targetHints":{"allow":["GET"]}}],"collection":[{"href":"https:\/\/tuunerstuudio.ee\/en\/wp-json\/wp\/v2\/product"}],"about":[{"href":"https:\/\/tuunerstuudio.ee\/en\/wp-json\/wp\/v2\/types\/product"}],"replies":[{"embeddable":true,"href":"https:\/\/tuunerstuudio.ee\/en\/wp-json\/wp\/v2\/comments?post=6983"}],"wp:featuredmedia":[{"embeddable":true,"href":"https:\/\/tuunerstuudio.ee\/en\/wp-json\/wp\/v2\/media\/7013"}],"wp:attachment":[{"href":"https:\/\/tuunerstuudio.ee\/en\/wp-json\/wp\/v2\/media?parent=6983"}],"wp:term":[{"taxonomy":"product_brand","embeddable":true,"href":"https:\/\/tuunerstuudio.ee\/en\/wp-json\/wp\/v2\/product_brand?post=6983"},{"taxonomy":"product_cat","embeddable":true,"href":"https:\/\/tuunerstuudio.ee\/en\/wp-json\/wp\/v2\/product_cat?post=6983"},{"taxonomy":"product_tag","embeddable":true,"href":"https:\/\/tuunerstuudio.ee\/en\/wp-json\/wp\/v2\/product_tag?post=6983"}],"curies":[{"name":"wp","href":"https:\/\/api.w.org\/{rel}","templated":true}]}}