{"id":6388,"date":"2024-10-11T14:55:04","date_gmt":"2024-10-11T11:55:04","guid":{"rendered":"https:\/\/tuunerstuudio.ee\/uuswp\/?post_type=product&#038;p=6388"},"modified":"2025-01-23T09:53:18","modified_gmt":"2025-01-23T07:53:18","slug":"surveandur-oli-kutus-m12-10bar-5v","status":"publish","type":"product","link":"https:\/\/tuunerstuudio.ee\/en\/toode\/surveandur-oli-kutus-m12-10bar-5v\/","title":{"rendered":"Surveandur (\u00d5li, K\u00fctus) M12, 10Bar, 5V"},"content":{"rendered":"<p><a href=\"https:\/\/tuunerstuudio.ee\/wp-content\/uploads\/2023\/06\/Olisurveandur-3.jpg\"><img loading=\"lazy\" decoding=\"async\" class=\" wd-lazy-fade aligncenter wp-image-18109 size-full\" src=\"https:\/\/tuunerstuudio.ee\/wp-content\/themes\/tuunerstuudio5\/images\/lazy.svg\" data-src=\"https:\/\/tuunerstuudio.ee\/wp-content\/uploads\/2023\/06\/Olisurveandur-3.jpg\" alt=\"\" width=\"800\" height=\"533\" \/><\/a><\/p>\n","protected":false},"excerpt":{"rendered":"<ul>\n<li>Surveandur mis sobib nii \u00f5lile kui ka k\u00fctusele<\/li>\n<li>Keerme m\u00f5\u00f5t: M12x1.5<\/li>\n<li>Klemmide arv: 3<\/li>\n<li>Surve: 0,5-10,5 bar<\/li>\n<\/ul>\n","protected":false},"featured_media":6525,"comment_status":"closed","ping_status":"closed","template":"","meta":[],"product_brand":[],"product_cat":[73,955,70],"product_tag":[],"class_list":{"0":"post-6388","1":"product","2":"type-product","3":"status-publish","4":"has-post-thumbnail","6":"product_cat-andurid","7":"product_cat-andurid-andurid","8":"product_cat-muud-tooted","10":"first","11":"onbackorder","12":"taxable","13":"shipping-taxable","14":"purchasable","15":"product-type-simple"},"yoast_head":"<!-- This site is optimized with the Yoast SEO plugin v26.9 - https:\/\/yoast.com\/product\/yoast-seo-wordpress\/ -->\n<title>Surveandur (\u00d5li, K\u00fctus) M12, 10Bar, 5V - TuunerStuudio<\/title>\n<meta name=\"robots\" content=\"index, follow, max-snippet:-1, max-image-preview:large, max-video-preview:-1\" \/>\n<link rel=\"canonical\" href=\"https:\/\/tuunerstuudio.ee\/en\/toode\/surveandur-oli-kutus-m12-10bar-5v\/\" \/>\n<meta property=\"og:locale\" content=\"en_US\" \/>\n<meta property=\"og:type\" content=\"article\" \/>\n<meta property=\"og:title\" content=\"Surveandur (\u00d5li, K\u00fctus) M12, 10Bar, 5V - TuunerStuudio\" \/>\n<meta property=\"og:description\" content=\"Surveandur mis sobib nii \u00f5lile kui ka k\u00fctusele  Keerme m\u00f5\u00f5t: M12x1.5  Klemmide arv: 3  Surve: 0,5-10,5 bar\" \/>\n<meta property=\"og:url\" content=\"https:\/\/tuunerstuudio.ee\/en\/toode\/surveandur-oli-kutus-m12-10bar-5v\/\" \/>\n<meta property=\"og:site_name\" content=\"TuunerStuudio\" \/>\n<meta property=\"article:modified_time\" content=\"2025-01-23T07:53:18+00:00\" \/>\n<meta property=\"og:image\" content=\"https:\/\/tuunerstuudio.ee\/wp-content\/uploads\/2024\/10\/Olisurveandur-2.jpg\" \/>\n\t<meta property=\"og:image:width\" content=\"800\" \/>\n\t<meta property=\"og:image:height\" content=\"533\" \/>\n\t<meta property=\"og:image:type\" content=\"image\/jpeg\" \/>\n<meta name=\"twitter:card\" content=\"summary_large_image\" \/>\n<meta name=\"twitter:label1\" content=\"Est. reading time\" \/>\n\t<meta name=\"twitter:data1\" content=\"1 minute\" \/>\n<script type=\"application\/ld+json\" class=\"yoast-schema-graph\">{\"@context\":\"https:\/\/schema.org\",\"@graph\":[{\"@type\":\"WebPage\",\"@id\":\"https:\/\/tuunerstuudio.ee\/en\/toode\/surveandur-oli-kutus-m12-10bar-5v\/\",\"url\":\"https:\/\/tuunerstuudio.ee\/en\/toode\/surveandur-oli-kutus-m12-10bar-5v\/\",\"name\":\"Surveandur (\u00d5li, K\u00fctus) M12, 10Bar, 5V - TuunerStuudio\",\"isPartOf\":{\"@id\":\"https:\/\/tuunerstuudio.ee\/en\/#website\"},\"primaryImageOfPage\":{\"@id\":\"https:\/\/tuunerstuudio.ee\/en\/toode\/surveandur-oli-kutus-m12-10bar-5v\/#primaryimage\"},\"image\":{\"@id\":\"https:\/\/tuunerstuudio.ee\/toode\/surveandur-oli-kutus-m12-10bar-5v\/#primaryimage\"},\"thumbnailUrl\":\"https:\/\/tuunerstuudio.ee\/wp-content\/uploads\/2024\/10\/Olisurveandur-2.jpg\",\"datePublished\":\"2024-10-11T11:55:04+00:00\",\"dateModified\":\"2025-01-23T07:53:18+00:00\",\"breadcrumb\":{\"@id\":\"https:\/\/tuunerstuudio.ee\/en\/toode\/surveandur-oli-kutus-m12-10bar-5v\/#breadcrumb\"},\"inLanguage\":\"en-US\",\"potentialAction\":[{\"@type\":\"ReadAction\",\"target\":[[\"https:\/\/tuunerstuudio.ee\/en\/toode\/surveandur-oli-kutus-m12-10bar-5v\/\"]]}]},{\"@type\":\"ImageObject\",\"inLanguage\":\"en-US\",\"@id\":\"https:\/\/tuunerstuudio.ee\/en\/toode\/surveandur-oli-kutus-m12-10bar-5v\/#primaryimage\",\"url\":\"https:\/\/tuunerstuudio.ee\/wp-content\/uploads\/2024\/10\/Olisurveandur-2.jpg\",\"contentUrl\":\"https:\/\/tuunerstuudio.ee\/wp-content\/uploads\/2024\/10\/Olisurveandur-2.jpg\",\"width\":800,\"height\":533},{\"@type\":\"BreadcrumbList\",\"@id\":\"https:\/\/tuunerstuudio.ee\/en\/toode\/surveandur-oli-kutus-m12-10bar-5v\/#breadcrumb\",\"itemListElement\":[{\"@type\":\"ListItem\",\"position\":1,\"name\":\"Home\",\"item\":\"https:\/\/tuunerstuudio.ee\/en\/\"},{\"@type\":\"ListItem\",\"position\":2,\"name\":\"Tooted\",\"item\":\"https:\/\/www.tuunerstuudio.ee\/tooted\/\"},{\"@type\":\"ListItem\",\"position\":3,\"name\":\"Surveandur (\u00d5li, K\u00fctus) M12, 10Bar, 5V\"}]},{\"@type\":\"WebSite\",\"@id\":\"https:\/\/tuunerstuudio.ee\/en\/#website\",\"url\":\"https:\/\/tuunerstuudio.ee\/en\/\",\"name\":\"tuunerstuudio\",\"description\":\"\",\"potentialAction\":[{\"@type\":\"SearchAction\",\"target\":{\"@type\":\"EntryPoint\",\"urlTemplate\":\"https:\/\/tuunerstuudio.ee\/en\/?s={search_term_string}\"},\"query-input\":{\"@type\":\"PropertyValueSpecification\",\"valueRequired\":true,\"valueName\":\"search_term_string\"}}],\"inLanguage\":\"en-US\"}]}<\/script>\n<!-- \/ Yoast SEO plugin. -->","yoast_head_json":{"title":"Surveandur (\u00d5li, K\u00fctus) M12, 10Bar, 5V - TuunerStuudio","robots":{"index":"index","follow":"follow","max-snippet":"max-snippet:-1","max-image-preview":"max-image-preview:large","max-video-preview":"max-video-preview:-1"},"canonical":"https:\/\/tuunerstuudio.ee\/en\/toode\/surveandur-oli-kutus-m12-10bar-5v\/","og_locale":"en_US","og_type":"article","og_title":"Surveandur (\u00d5li, K\u00fctus) M12, 10Bar, 5V - TuunerStuudio","og_description":"Surveandur mis sobib nii \u00f5lile kui ka k\u00fctusele  Keerme m\u00f5\u00f5t: M12x1.5  Klemmide arv: 3  Surve: 0,5-10,5 bar","og_url":"https:\/\/tuunerstuudio.ee\/en\/toode\/surveandur-oli-kutus-m12-10bar-5v\/","og_site_name":"TuunerStuudio","article_modified_time":"2025-01-23T07:53:18+00:00","og_image":[{"width":800,"height":533,"url":"https:\/\/tuunerstuudio.ee\/wp-content\/uploads\/2024\/10\/Olisurveandur-2.jpg","type":"image\/jpeg"}],"twitter_card":"summary_large_image","twitter_misc":{"Est. reading time":"1 minute"},"schema":{"@context":"https:\/\/schema.org","@graph":[{"@type":"WebPage","@id":"https:\/\/tuunerstuudio.ee\/en\/toode\/surveandur-oli-kutus-m12-10bar-5v\/","url":"https:\/\/tuunerstuudio.ee\/en\/toode\/surveandur-oli-kutus-m12-10bar-5v\/","name":"Surveandur (\u00d5li, K\u00fctus) M12, 10Bar, 5V - TuunerStuudio","isPartOf":{"@id":"https:\/\/tuunerstuudio.ee\/en\/#website"},"primaryImageOfPage":{"@id":"https:\/\/tuunerstuudio.ee\/en\/toode\/surveandur-oli-kutus-m12-10bar-5v\/#primaryimage"},"image":{"@id":"https:\/\/tuunerstuudio.ee\/toode\/surveandur-oli-kutus-m12-10bar-5v\/#primaryimage"},"thumbnailUrl":"https:\/\/tuunerstuudio.ee\/wp-content\/uploads\/2024\/10\/Olisurveandur-2.jpg","datePublished":"2024-10-11T11:55:04+00:00","dateModified":"2025-01-23T07:53:18+00:00","breadcrumb":{"@id":"https:\/\/tuunerstuudio.ee\/en\/toode\/surveandur-oli-kutus-m12-10bar-5v\/#breadcrumb"},"inLanguage":"en-US","potentialAction":[{"@type":"ReadAction","target":[["https:\/\/tuunerstuudio.ee\/en\/toode\/surveandur-oli-kutus-m12-10bar-5v\/"]]}]},{"@type":"ImageObject","inLanguage":"en-US","@id":"https:\/\/tuunerstuudio.ee\/en\/toode\/surveandur-oli-kutus-m12-10bar-5v\/#primaryimage","url":"https:\/\/tuunerstuudio.ee\/wp-content\/uploads\/2024\/10\/Olisurveandur-2.jpg","contentUrl":"https:\/\/tuunerstuudio.ee\/wp-content\/uploads\/2024\/10\/Olisurveandur-2.jpg","width":800,"height":533},{"@type":"BreadcrumbList","@id":"https:\/\/tuunerstuudio.ee\/en\/toode\/surveandur-oli-kutus-m12-10bar-5v\/#breadcrumb","itemListElement":[{"@type":"ListItem","position":1,"name":"Home","item":"https:\/\/tuunerstuudio.ee\/en\/"},{"@type":"ListItem","position":2,"name":"Tooted","item":"https:\/\/www.tuunerstuudio.ee\/tooted\/"},{"@type":"ListItem","position":3,"name":"Surveandur (\u00d5li, K\u00fctus) M12, 10Bar, 5V"}]},{"@type":"WebSite","@id":"https:\/\/tuunerstuudio.ee\/en\/#website","url":"https:\/\/tuunerstuudio.ee\/en\/","name":"tuunerstuudio","description":"","potentialAction":[{"@type":"SearchAction","target":{"@type":"EntryPoint","urlTemplate":"https:\/\/tuunerstuudio.ee\/en\/?s={search_term_string}"},"query-input":{"@type":"PropertyValueSpecification","valueRequired":true,"valueName":"search_term_string"}}],"inLanguage":"en-US"}]}},"_links":{"self":[{"href":"https:\/\/tuunerstuudio.ee\/en\/wp-json\/wp\/v2\/product\/6388","targetHints":{"allow":["GET"]}}],"collection":[{"href":"https:\/\/tuunerstuudio.ee\/en\/wp-json\/wp\/v2\/product"}],"about":[{"href":"https:\/\/tuunerstuudio.ee\/en\/wp-json\/wp\/v2\/types\/product"}],"replies":[{"embeddable":true,"href":"https:\/\/tuunerstuudio.ee\/en\/wp-json\/wp\/v2\/comments?post=6388"}],"wp:featuredmedia":[{"embeddable":true,"href":"https:\/\/tuunerstuudio.ee\/en\/wp-json\/wp\/v2\/media\/6525"}],"wp:attachment":[{"href":"https:\/\/tuunerstuudio.ee\/en\/wp-json\/wp\/v2\/media?parent=6388"}],"wp:term":[{"taxonomy":"product_brand","embeddable":true,"href":"https:\/\/tuunerstuudio.ee\/en\/wp-json\/wp\/v2\/product_brand?post=6388"},{"taxonomy":"product_cat","embeddable":true,"href":"https:\/\/tuunerstuudio.ee\/en\/wp-json\/wp\/v2\/product_cat?post=6388"},{"taxonomy":"product_tag","embeddable":true,"href":"https:\/\/tuunerstuudio.ee\/en\/wp-json\/wp\/v2\/product_tag?post=6388"}],"curies":[{"name":"wp","href":"https:\/\/api.w.org\/{rel}","templated":true}]}}