{"id":34316,"date":"2026-03-07T16:26:25","date_gmt":"2026-03-07T14:26:25","guid":{"rendered":"https:\/\/tuunerstuudio.ee\/?post_type=product&#038;p=34316"},"modified":"2026-03-07T16:29:11","modified_gmt":"2026-03-07T14:29:11","slug":"turbosmart-kompaktne-madalrohu-kutuserohu-regulaator-karburaator-sleeper","status":"publish","type":"product","link":"https:\/\/tuunerstuudio.ee\/en\/toode\/turbosmart-kompaktne-madalrohu-kutuserohu-regulaator-karburaator-sleeper\/","title":{"rendered":"Turbosmart Fuel Pressure Regulator Compact Low Pressure (Carburetor) \u2013 Sleeper"},"content":{"rendered":"","protected":false},"excerpt":{"rendered":"<p>An all black upgrade kit for OE fuel regulators and mild upgrades to around 800hp. The FPR Kompact range includes Universal (1\/8NPT) fuel fittings and Bolt-ON direct replacements for rail-style Bosch regulators fitted to VAG (Volkswagen Audi Group) vehicles and the Ford &#8216;Barra&#8217; engine found in Australia Delivered Ford XR6 turbos. They provide class-leading fuel control and responsiveness with a small footprint.<\/p>\n<p>Characteristics<br \/>\nStainless steel valve seat<br \/>\nSuitable for all fuel types<br \/>\n1:1 Class-leading ratio and response<br \/>\nAdjustable pressure<br \/>\n1\/8 NPT gauge \/ pressure sensor port<br \/>\nUnique design with locking collar<br \/>\nMilspec diaphragm<br \/>\n3-20psi<\/p>\n","protected":false},"featured_media":34300,"comment_status":"closed","ping_status":"closed","template":"","meta":[],"product_brand":[],"product_cat":[16,123,304],"product_tag":[],"class_list":{"0":"post-34316","1":"product","2":"type-product","3":"status-publish","4":"has-post-thumbnail","6":"product_cat-kutusesusteem","7":"product_cat-regulaatorid-kellad","8":"product_cat-turbosmart-regulaatorid-kellad","10":"first","11":"onbackorder","12":"taxable","13":"shipping-taxable","14":"purchasable","15":"product-type-simple"},"yoast_head":"<!-- This site is optimized with the Yoast SEO plugin v26.9 - https:\/\/yoast.com\/product\/yoast-seo-wordpress\/ -->\n<title>Turbosmart Fuel Pressure Regulator Compact Low Pressure (Carburetor) \u2013 Sleeper - TuunerStuudio<\/title>\n<meta name=\"robots\" content=\"index, follow, max-snippet:-1, max-image-preview:large, max-video-preview:-1\" \/>\n<link rel=\"canonical\" href=\"https:\/\/tuunerstuudio.ee\/en\/toode\/turbosmart-kompaktne-madalrohu-kutuserohu-regulaator-karburaator-sleeper\/\" \/>\n<meta property=\"og:locale\" content=\"en_US\" \/>\n<meta property=\"og:type\" content=\"article\" \/>\n<meta property=\"og:title\" content=\"Turbosmart Fuel Pressure Regulator Compact Low Pressure (Carburetor) \u2013 Sleeper - TuunerStuudio\" \/>\n<meta property=\"og:description\" content=\"An all black upgrade kit for OE fuel regulators and mild upgrades to around 800hp. The FPR Kompact range includes Universal (1\/8NPT) fuel fittings and Bolt-ON direct replacements for rail-style Bosch regulators fitted to VAG (Volkswagen Audi Group) vehicles and the Ford &#039;Barra&#039; engine found in Australia Delivered Ford XR6 turbos. They provide class-leading fuel control and responsiveness with a small footprint.  Characteristics Stainless steel valve seat Suitable for all fuel types 1:1 Class-leading ratio and response Adjustable pressure 1\/8 NPT gauge \/ pressure sensor port Unique design with locking collar Milspec diaphragm 3-20psi\" \/>\n<meta property=\"og:url\" content=\"https:\/\/tuunerstuudio.ee\/en\/toode\/turbosmart-kompaktne-madalrohu-kutuserohu-regulaator-karburaator-sleeper\/\" \/>\n<meta property=\"og:site_name\" content=\"TuunerStuudio\" \/>\n<meta property=\"article:modified_time\" content=\"2026-03-07T14:29:11+00:00\" \/>\n<meta property=\"og:image\" content=\"https:\/\/tuunerstuudio.ee\/wp-content\/uploads\/2026\/03\/Turbosmart-Fuel-pressure-regulator-AN10-Sleeper.webp\" \/>\n\t<meta property=\"og:image:width\" content=\"1280\" \/>\n\t<meta property=\"og:image:height\" content=\"854\" \/>\n\t<meta property=\"og:image:type\" content=\"image\/webp\" \/>\n<meta name=\"twitter:card\" content=\"summary_large_image\" \/>\n<meta name=\"twitter:label1\" content=\"Est. reading time\" \/>\n\t<meta name=\"twitter:data1\" content=\"1 minute\" \/>\n<script type=\"application\/ld+json\" class=\"yoast-schema-graph\">{\"@context\":\"https:\/\/schema.org\",\"@graph\":[{\"@type\":\"WebPage\",\"@id\":\"https:\/\/tuunerstuudio.ee\/en\/toode\/turbosmart-kompaktne-madalrohu-kutuserohu-regulaator-karburaator-sleeper\/\",\"url\":\"https:\/\/tuunerstuudio.ee\/en\/toode\/turbosmart-kompaktne-madalrohu-kutuserohu-regulaator-karburaator-sleeper\/\",\"name\":\"Turbosmart Fuel Pressure Regulator Compact Low Pressure (Carburetor) \u2013 Sleeper - TuunerStuudio\",\"isPartOf\":{\"@id\":\"https:\/\/tuunerstuudio.ee\/en\/#website\"},\"primaryImageOfPage\":{\"@id\":\"https:\/\/tuunerstuudio.ee\/en\/toode\/turbosmart-kompaktne-madalrohu-kutuserohu-regulaator-karburaator-sleeper\/#primaryimage\"},\"image\":{\"@id\":\"https:\/\/tuunerstuudio.ee\/toode\/turbosmart-kompaktne-madalrohu-kutuserohu-regulaator-karburaator-sleeper\/#primaryimage\"},\"thumbnailUrl\":\"https:\/\/tuunerstuudio.ee\/wp-content\/uploads\/2026\/03\/Turbosmart-Fuel-pressure-regulator-AN10-Sleeper.webp\",\"datePublished\":\"2026-03-07T14:26:25+00:00\",\"dateModified\":\"2026-03-07T14:29:11+00:00\",\"breadcrumb\":{\"@id\":\"https:\/\/tuunerstuudio.ee\/en\/toode\/turbosmart-kompaktne-madalrohu-kutuserohu-regulaator-karburaator-sleeper\/#breadcrumb\"},\"inLanguage\":\"en-US\",\"potentialAction\":[{\"@type\":\"ReadAction\",\"target\":[[\"https:\/\/tuunerstuudio.ee\/en\/toode\/turbosmart-kompaktne-madalrohu-kutuserohu-regulaator-karburaator-sleeper\/\"]]}]},{\"@type\":\"ImageObject\",\"inLanguage\":\"en-US\",\"@id\":\"https:\/\/tuunerstuudio.ee\/en\/toode\/turbosmart-kompaktne-madalrohu-kutuserohu-regulaator-karburaator-sleeper\/#primaryimage\",\"url\":\"https:\/\/tuunerstuudio.ee\/wp-content\/uploads\/2026\/03\/Turbosmart-Fuel-pressure-regulator-AN10-Sleeper.webp\",\"contentUrl\":\"https:\/\/tuunerstuudio.ee\/wp-content\/uploads\/2026\/03\/Turbosmart-Fuel-pressure-regulator-AN10-Sleeper.webp\",\"width\":1280,\"height\":854},{\"@type\":\"BreadcrumbList\",\"@id\":\"https:\/\/tuunerstuudio.ee\/en\/toode\/turbosmart-kompaktne-madalrohu-kutuserohu-regulaator-karburaator-sleeper\/#breadcrumb\",\"itemListElement\":[{\"@type\":\"ListItem\",\"position\":1,\"name\":\"Home\",\"item\":\"https:\/\/tuunerstuudio.ee\/en\/\"},{\"@type\":\"ListItem\",\"position\":2,\"name\":\"Tooted\",\"item\":\"https:\/\/www.tuunerstuudio.ee\/tooted\/\"},{\"@type\":\"ListItem\",\"position\":3,\"name\":\"Turbosmart kompaktne madalr\u00f5hu k\u00fctuser\u00f5hu regulaator (karburaator) \u2013 Sleeper\"}]},{\"@type\":\"WebSite\",\"@id\":\"https:\/\/tuunerstuudio.ee\/en\/#website\",\"url\":\"https:\/\/tuunerstuudio.ee\/en\/\",\"name\":\"tuunerstuudio\",\"description\":\"\",\"potentialAction\":[{\"@type\":\"SearchAction\",\"target\":{\"@type\":\"EntryPoint\",\"urlTemplate\":\"https:\/\/tuunerstuudio.ee\/en\/?s={search_term_string}\"},\"query-input\":{\"@type\":\"PropertyValueSpecification\",\"valueRequired\":true,\"valueName\":\"search_term_string\"}}],\"inLanguage\":\"en-US\"}]}<\/script>\n<!-- \/ Yoast SEO plugin. -->","yoast_head_json":{"title":"Turbosmart Fuel Pressure Regulator Compact Low Pressure (Carburetor) \u2013 Sleeper - TuunerStuudio","robots":{"index":"index","follow":"follow","max-snippet":"max-snippet:-1","max-image-preview":"max-image-preview:large","max-video-preview":"max-video-preview:-1"},"canonical":"https:\/\/tuunerstuudio.ee\/en\/toode\/turbosmart-kompaktne-madalrohu-kutuserohu-regulaator-karburaator-sleeper\/","og_locale":"en_US","og_type":"article","og_title":"Turbosmart Fuel Pressure Regulator Compact Low Pressure (Carburetor) \u2013 Sleeper - TuunerStuudio","og_description":"An all black upgrade kit for OE fuel regulators and mild upgrades to around 800hp. The FPR Kompact range includes Universal (1\/8NPT) fuel fittings and Bolt-ON direct replacements for rail-style Bosch regulators fitted to VAG (Volkswagen Audi Group) vehicles and the Ford 'Barra' engine found in Australia Delivered Ford XR6 turbos. They provide class-leading fuel control and responsiveness with a small footprint.  Characteristics Stainless steel valve seat Suitable for all fuel types 1:1 Class-leading ratio and response Adjustable pressure 1\/8 NPT gauge \/ pressure sensor port Unique design with locking collar Milspec diaphragm 3-20psi","og_url":"https:\/\/tuunerstuudio.ee\/en\/toode\/turbosmart-kompaktne-madalrohu-kutuserohu-regulaator-karburaator-sleeper\/","og_site_name":"TuunerStuudio","article_modified_time":"2026-03-07T14:29:11+00:00","og_image":[{"width":1280,"height":854,"url":"https:\/\/tuunerstuudio.ee\/wp-content\/uploads\/2026\/03\/Turbosmart-Fuel-pressure-regulator-AN10-Sleeper.webp","type":"image\/webp"}],"twitter_card":"summary_large_image","twitter_misc":{"Est. reading time":"1 minute"},"schema":{"@context":"https:\/\/schema.org","@graph":[{"@type":"WebPage","@id":"https:\/\/tuunerstuudio.ee\/en\/toode\/turbosmart-kompaktne-madalrohu-kutuserohu-regulaator-karburaator-sleeper\/","url":"https:\/\/tuunerstuudio.ee\/en\/toode\/turbosmart-kompaktne-madalrohu-kutuserohu-regulaator-karburaator-sleeper\/","name":"Turbosmart Fuel Pressure Regulator Compact Low Pressure (Carburetor) \u2013 Sleeper - TuunerStuudio","isPartOf":{"@id":"https:\/\/tuunerstuudio.ee\/en\/#website"},"primaryImageOfPage":{"@id":"https:\/\/tuunerstuudio.ee\/en\/toode\/turbosmart-kompaktne-madalrohu-kutuserohu-regulaator-karburaator-sleeper\/#primaryimage"},"image":{"@id":"https:\/\/tuunerstuudio.ee\/toode\/turbosmart-kompaktne-madalrohu-kutuserohu-regulaator-karburaator-sleeper\/#primaryimage"},"thumbnailUrl":"https:\/\/tuunerstuudio.ee\/wp-content\/uploads\/2026\/03\/Turbosmart-Fuel-pressure-regulator-AN10-Sleeper.webp","datePublished":"2026-03-07T14:26:25+00:00","dateModified":"2026-03-07T14:29:11+00:00","breadcrumb":{"@id":"https:\/\/tuunerstuudio.ee\/en\/toode\/turbosmart-kompaktne-madalrohu-kutuserohu-regulaator-karburaator-sleeper\/#breadcrumb"},"inLanguage":"en-US","potentialAction":[{"@type":"ReadAction","target":[["https:\/\/tuunerstuudio.ee\/en\/toode\/turbosmart-kompaktne-madalrohu-kutuserohu-regulaator-karburaator-sleeper\/"]]}]},{"@type":"ImageObject","inLanguage":"en-US","@id":"https:\/\/tuunerstuudio.ee\/en\/toode\/turbosmart-kompaktne-madalrohu-kutuserohu-regulaator-karburaator-sleeper\/#primaryimage","url":"https:\/\/tuunerstuudio.ee\/wp-content\/uploads\/2026\/03\/Turbosmart-Fuel-pressure-regulator-AN10-Sleeper.webp","contentUrl":"https:\/\/tuunerstuudio.ee\/wp-content\/uploads\/2026\/03\/Turbosmart-Fuel-pressure-regulator-AN10-Sleeper.webp","width":1280,"height":854},{"@type":"BreadcrumbList","@id":"https:\/\/tuunerstuudio.ee\/en\/toode\/turbosmart-kompaktne-madalrohu-kutuserohu-regulaator-karburaator-sleeper\/#breadcrumb","itemListElement":[{"@type":"ListItem","position":1,"name":"Home","item":"https:\/\/tuunerstuudio.ee\/en\/"},{"@type":"ListItem","position":2,"name":"Tooted","item":"https:\/\/www.tuunerstuudio.ee\/tooted\/"},{"@type":"ListItem","position":3,"name":"Turbosmart kompaktne madalr\u00f5hu k\u00fctuser\u00f5hu regulaator (karburaator) \u2013 Sleeper"}]},{"@type":"WebSite","@id":"https:\/\/tuunerstuudio.ee\/en\/#website","url":"https:\/\/tuunerstuudio.ee\/en\/","name":"tuunerstuudio","description":"","potentialAction":[{"@type":"SearchAction","target":{"@type":"EntryPoint","urlTemplate":"https:\/\/tuunerstuudio.ee\/en\/?s={search_term_string}"},"query-input":{"@type":"PropertyValueSpecification","valueRequired":true,"valueName":"search_term_string"}}],"inLanguage":"en-US"}]}},"_links":{"self":[{"href":"https:\/\/tuunerstuudio.ee\/en\/wp-json\/wp\/v2\/product\/34316","targetHints":{"allow":["GET"]}}],"collection":[{"href":"https:\/\/tuunerstuudio.ee\/en\/wp-json\/wp\/v2\/product"}],"about":[{"href":"https:\/\/tuunerstuudio.ee\/en\/wp-json\/wp\/v2\/types\/product"}],"replies":[{"embeddable":true,"href":"https:\/\/tuunerstuudio.ee\/en\/wp-json\/wp\/v2\/comments?post=34316"}],"wp:featuredmedia":[{"embeddable":true,"href":"https:\/\/tuunerstuudio.ee\/en\/wp-json\/wp\/v2\/media\/34300"}],"wp:attachment":[{"href":"https:\/\/tuunerstuudio.ee\/en\/wp-json\/wp\/v2\/media?parent=34316"}],"wp:term":[{"taxonomy":"product_brand","embeddable":true,"href":"https:\/\/tuunerstuudio.ee\/en\/wp-json\/wp\/v2\/product_brand?post=34316"},{"taxonomy":"product_cat","embeddable":true,"href":"https:\/\/tuunerstuudio.ee\/en\/wp-json\/wp\/v2\/product_cat?post=34316"},{"taxonomy":"product_tag","embeddable":true,"href":"https:\/\/tuunerstuudio.ee\/en\/wp-json\/wp\/v2\/product_tag?post=34316"}],"curies":[{"name":"wp","href":"https:\/\/api.w.org\/{rel}","templated":true}]}}