{"id":34255,"date":"2026-03-03T20:17:11","date_gmt":"2026-03-03T18:17:11","guid":{"rendered":"https:\/\/tuunerstuudio.ee\/?post_type=product&#038;p=34255"},"modified":"2026-03-03T20:21:36","modified_gmt":"2026-03-03T18:21:36","slug":"spd-kutusepaak-30l-valimiste-kutusepumpade-jaoks","status":"publish","type":"product","link":"https:\/\/tuunerstuudio.ee\/en\/toode\/spd-kutusepaak-30l-valimiste-kutusepumpade-jaoks\/","title":{"rendered":"SPD Fuel Tank (30L) (For external fuel pumps)"},"content":{"rendered":"","protected":false},"excerpt":{"rendered":"<p data-start=\"558\" data-end=\"666\">Supplied accessories:<br data-start=\"589\" data-end=\"592\" \/>Fuel cap.<br data-start=\"601\" data-end=\"604\" \/>Cover plates.<br data-start=\"617\" data-end=\"620\" \/>Spacers for lifting the tank from the floor.<\/p>\n<p data-start=\"558\" data-end=\"666\">Specifications:<\/p>\n<ul>\n<li data-start=\"688\" data-end=\"724\">Strong construction, 3mm material.<\/li>\n<li data-start=\"727\" data-end=\"762\">Anodized both outside and inside.<\/li>\n<li data-start=\"765\" data-end=\"804\">Rebuild-able for internal fuel pumps.<\/li>\n<li data-start=\"807\" data-end=\"838\">Built-in catch tank function.<\/li>\n<li data-start=\"841\" data-end=\"857\">No messy foam.<\/li>\n<li data-start=\"860\" data-end=\"873\">Volume 30L.<\/li>\n<li data-start=\"876\" data-end=\"903\">Measurement with spacers:<\/li>\n<li data-start=\"906\" data-end=\"936\">Measurement without spacers:<\/li>\n<li data-start=\"939\" data-end=\"979\">External fuel pump connections 2xAN12.<\/li>\n<li data-start=\"982\" data-end=\"1010\">2xAN12 connections on top.<\/li>\n<li data-start=\"1013\" data-end=\"1058\">Internal roll over valve on top (optional).<\/li>\n<li data-start=\"1061\" data-end=\"1084\">29.8L (399x294x254mm)<\/li>\n<\/ul>\n","protected":false},"featured_media":34259,"comment_status":"closed","ping_status":"closed","template":"","meta":[],"product_brand":[],"product_cat":[16,79,88,246],"product_tag":[],"class_list":{"0":"post-34255","1":"product","2":"type-product","3":"status-publish","4":"has-post-thumbnail","6":"product_cat-kutusesusteem","7":"product_cat-paagid","8":"product_cat-kutusepaagid","9":"product_cat-speeding","11":"first","12":"onbackorder","13":"taxable","14":"shipping-taxable","15":"purchasable","16":"product-type-variable"},"yoast_head":"<!-- This site is optimized with the Yoast SEO plugin v26.9 - https:\/\/yoast.com\/product\/yoast-seo-wordpress\/ -->\n<title>SPD Fuel Tank (30L) (For external fuel pumps) - TuunerStuudio<\/title>\n<meta name=\"robots\" content=\"index, follow, max-snippet:-1, max-image-preview:large, max-video-preview:-1\" \/>\n<link rel=\"canonical\" href=\"https:\/\/tuunerstuudio.ee\/en\/toode\/spd-kutusepaak-30l-valimiste-kutusepumpade-jaoks\/\" \/>\n<meta property=\"og:locale\" content=\"en_US\" \/>\n<meta property=\"og:type\" content=\"article\" \/>\n<meta property=\"og:title\" content=\"SPD Fuel Tank (30L) (For external fuel pumps) - TuunerStuudio\" \/>\n<meta property=\"og:description\" content=\"Supplied accessories:Fuel cap.Cover plates.Spacers for lifting the tank from the floor. Specifications:    Strong construction, 3mm material.  Anodized both outside and inside.  Rebuild-able for internal fuel pumps.  Built-in catch tank function.  No messy foam.  Volume 30L.  Measurement with spacers:  Measurement without spacers:  External fuel pump connections 2xAN12.  2xAN12 connections on top.  Internal roll over valve on top (optional).  29.8L (399x294x254mm)\" \/>\n<meta property=\"og:url\" content=\"https:\/\/tuunerstuudio.ee\/en\/toode\/spd-kutusepaak-30l-valimiste-kutusepumpade-jaoks\/\" \/>\n<meta property=\"og:site_name\" content=\"TuunerStuudio\" \/>\n<meta property=\"article:modified_time\" content=\"2026-03-03T18:21:36+00:00\" \/>\n<meta property=\"og:image\" content=\"https:\/\/tuunerstuudio.ee\/wp-content\/uploads\/2026\/03\/SPD02FC30E_bild01.webp\" \/>\n\t<meta property=\"og:image:width\" content=\"1280\" \/>\n\t<meta property=\"og:image:height\" content=\"1177\" \/>\n\t<meta property=\"og:image:type\" content=\"image\/webp\" \/>\n<meta name=\"twitter:card\" content=\"summary_large_image\" \/>\n<meta name=\"twitter:label1\" content=\"Est. reading time\" \/>\n\t<meta name=\"twitter:data1\" content=\"1 minute\" \/>\n<script type=\"application\/ld+json\" class=\"yoast-schema-graph\">{\"@context\":\"https:\/\/schema.org\",\"@graph\":[{\"@type\":\"WebPage\",\"@id\":\"https:\/\/tuunerstuudio.ee\/en\/toode\/spd-kutusepaak-30l-valimiste-kutusepumpade-jaoks\/\",\"url\":\"https:\/\/tuunerstuudio.ee\/en\/toode\/spd-kutusepaak-30l-valimiste-kutusepumpade-jaoks\/\",\"name\":\"SPD Fuel Tank (30L) (For external fuel pumps) - TuunerStuudio\",\"isPartOf\":{\"@id\":\"https:\/\/tuunerstuudio.ee\/en\/#website\"},\"primaryImageOfPage\":{\"@id\":\"https:\/\/tuunerstuudio.ee\/en\/toode\/spd-kutusepaak-30l-valimiste-kutusepumpade-jaoks\/#primaryimage\"},\"image\":{\"@id\":\"https:\/\/tuunerstuudio.ee\/toode\/spd-kutusepaak-30l-valimiste-kutusepumpade-jaoks\/#primaryimage\"},\"thumbnailUrl\":\"https:\/\/tuunerstuudio.ee\/wp-content\/uploads\/2026\/03\/SPD02FC30E_bild01.webp\",\"datePublished\":\"2026-03-03T18:17:11+00:00\",\"dateModified\":\"2026-03-03T18:21:36+00:00\",\"breadcrumb\":{\"@id\":\"https:\/\/tuunerstuudio.ee\/en\/toode\/spd-kutusepaak-30l-valimiste-kutusepumpade-jaoks\/#breadcrumb\"},\"inLanguage\":\"en-US\",\"potentialAction\":[{\"@type\":\"ReadAction\",\"target\":[[\"https:\/\/tuunerstuudio.ee\/en\/toode\/spd-kutusepaak-30l-valimiste-kutusepumpade-jaoks\/\"]]}]},{\"@type\":\"ImageObject\",\"inLanguage\":\"en-US\",\"@id\":\"https:\/\/tuunerstuudio.ee\/en\/toode\/spd-kutusepaak-30l-valimiste-kutusepumpade-jaoks\/#primaryimage\",\"url\":\"https:\/\/tuunerstuudio.ee\/wp-content\/uploads\/2026\/03\/SPD02FC30E_bild01.webp\",\"contentUrl\":\"https:\/\/tuunerstuudio.ee\/wp-content\/uploads\/2026\/03\/SPD02FC30E_bild01.webp\",\"width\":1280,\"height\":1177},{\"@type\":\"BreadcrumbList\",\"@id\":\"https:\/\/tuunerstuudio.ee\/en\/toode\/spd-kutusepaak-30l-valimiste-kutusepumpade-jaoks\/#breadcrumb\",\"itemListElement\":[{\"@type\":\"ListItem\",\"position\":1,\"name\":\"Home\",\"item\":\"https:\/\/tuunerstuudio.ee\/en\/\"},{\"@type\":\"ListItem\",\"position\":2,\"name\":\"Tooted\",\"item\":\"https:\/\/www.tuunerstuudio.ee\/tooted\/\"},{\"@type\":\"ListItem\",\"position\":3,\"name\":\"SPD K\u00fctusepaak (30L) (V\u00e4limiste k\u00fctusepumpade jaoks)\"}]},{\"@type\":\"WebSite\",\"@id\":\"https:\/\/tuunerstuudio.ee\/en\/#website\",\"url\":\"https:\/\/tuunerstuudio.ee\/en\/\",\"name\":\"tuunerstuudio\",\"description\":\"\",\"potentialAction\":[{\"@type\":\"SearchAction\",\"target\":{\"@type\":\"EntryPoint\",\"urlTemplate\":\"https:\/\/tuunerstuudio.ee\/en\/?s={search_term_string}\"},\"query-input\":{\"@type\":\"PropertyValueSpecification\",\"valueRequired\":true,\"valueName\":\"search_term_string\"}}],\"inLanguage\":\"en-US\"}]}<\/script>\n<!-- \/ Yoast SEO plugin. -->","yoast_head_json":{"title":"SPD Fuel Tank (30L) (For external fuel pumps) - TuunerStuudio","robots":{"index":"index","follow":"follow","max-snippet":"max-snippet:-1","max-image-preview":"max-image-preview:large","max-video-preview":"max-video-preview:-1"},"canonical":"https:\/\/tuunerstuudio.ee\/en\/toode\/spd-kutusepaak-30l-valimiste-kutusepumpade-jaoks\/","og_locale":"en_US","og_type":"article","og_title":"SPD Fuel Tank (30L) (For external fuel pumps) - TuunerStuudio","og_description":"Supplied accessories:Fuel cap.Cover plates.Spacers for lifting the tank from the floor. Specifications:    Strong construction, 3mm material.  Anodized both outside and inside.  Rebuild-able for internal fuel pumps.  Built-in catch tank function.  No messy foam.  Volume 30L.  Measurement with spacers:  Measurement without spacers:  External fuel pump connections 2xAN12.  2xAN12 connections on top.  Internal roll over valve on top (optional).  29.8L (399x294x254mm)","og_url":"https:\/\/tuunerstuudio.ee\/en\/toode\/spd-kutusepaak-30l-valimiste-kutusepumpade-jaoks\/","og_site_name":"TuunerStuudio","article_modified_time":"2026-03-03T18:21:36+00:00","og_image":[{"width":1280,"height":1177,"url":"https:\/\/tuunerstuudio.ee\/wp-content\/uploads\/2026\/03\/SPD02FC30E_bild01.webp","type":"image\/webp"}],"twitter_card":"summary_large_image","twitter_misc":{"Est. reading time":"1 minute"},"schema":{"@context":"https:\/\/schema.org","@graph":[{"@type":"WebPage","@id":"https:\/\/tuunerstuudio.ee\/en\/toode\/spd-kutusepaak-30l-valimiste-kutusepumpade-jaoks\/","url":"https:\/\/tuunerstuudio.ee\/en\/toode\/spd-kutusepaak-30l-valimiste-kutusepumpade-jaoks\/","name":"SPD Fuel Tank (30L) (For external fuel pumps) - TuunerStuudio","isPartOf":{"@id":"https:\/\/tuunerstuudio.ee\/en\/#website"},"primaryImageOfPage":{"@id":"https:\/\/tuunerstuudio.ee\/en\/toode\/spd-kutusepaak-30l-valimiste-kutusepumpade-jaoks\/#primaryimage"},"image":{"@id":"https:\/\/tuunerstuudio.ee\/toode\/spd-kutusepaak-30l-valimiste-kutusepumpade-jaoks\/#primaryimage"},"thumbnailUrl":"https:\/\/tuunerstuudio.ee\/wp-content\/uploads\/2026\/03\/SPD02FC30E_bild01.webp","datePublished":"2026-03-03T18:17:11+00:00","dateModified":"2026-03-03T18:21:36+00:00","breadcrumb":{"@id":"https:\/\/tuunerstuudio.ee\/en\/toode\/spd-kutusepaak-30l-valimiste-kutusepumpade-jaoks\/#breadcrumb"},"inLanguage":"en-US","potentialAction":[{"@type":"ReadAction","target":[["https:\/\/tuunerstuudio.ee\/en\/toode\/spd-kutusepaak-30l-valimiste-kutusepumpade-jaoks\/"]]}]},{"@type":"ImageObject","inLanguage":"en-US","@id":"https:\/\/tuunerstuudio.ee\/en\/toode\/spd-kutusepaak-30l-valimiste-kutusepumpade-jaoks\/#primaryimage","url":"https:\/\/tuunerstuudio.ee\/wp-content\/uploads\/2026\/03\/SPD02FC30E_bild01.webp","contentUrl":"https:\/\/tuunerstuudio.ee\/wp-content\/uploads\/2026\/03\/SPD02FC30E_bild01.webp","width":1280,"height":1177},{"@type":"BreadcrumbList","@id":"https:\/\/tuunerstuudio.ee\/en\/toode\/spd-kutusepaak-30l-valimiste-kutusepumpade-jaoks\/#breadcrumb","itemListElement":[{"@type":"ListItem","position":1,"name":"Home","item":"https:\/\/tuunerstuudio.ee\/en\/"},{"@type":"ListItem","position":2,"name":"Tooted","item":"https:\/\/www.tuunerstuudio.ee\/tooted\/"},{"@type":"ListItem","position":3,"name":"SPD K\u00fctusepaak (30L) (V\u00e4limiste k\u00fctusepumpade jaoks)"}]},{"@type":"WebSite","@id":"https:\/\/tuunerstuudio.ee\/en\/#website","url":"https:\/\/tuunerstuudio.ee\/en\/","name":"tuunerstuudio","description":"","potentialAction":[{"@type":"SearchAction","target":{"@type":"EntryPoint","urlTemplate":"https:\/\/tuunerstuudio.ee\/en\/?s={search_term_string}"},"query-input":{"@type":"PropertyValueSpecification","valueRequired":true,"valueName":"search_term_string"}}],"inLanguage":"en-US"}]}},"_links":{"self":[{"href":"https:\/\/tuunerstuudio.ee\/en\/wp-json\/wp\/v2\/product\/34255","targetHints":{"allow":["GET"]}}],"collection":[{"href":"https:\/\/tuunerstuudio.ee\/en\/wp-json\/wp\/v2\/product"}],"about":[{"href":"https:\/\/tuunerstuudio.ee\/en\/wp-json\/wp\/v2\/types\/product"}],"replies":[{"embeddable":true,"href":"https:\/\/tuunerstuudio.ee\/en\/wp-json\/wp\/v2\/comments?post=34255"}],"wp:featuredmedia":[{"embeddable":true,"href":"https:\/\/tuunerstuudio.ee\/en\/wp-json\/wp\/v2\/media\/34259"}],"wp:attachment":[{"href":"https:\/\/tuunerstuudio.ee\/en\/wp-json\/wp\/v2\/media?parent=34255"}],"wp:term":[{"taxonomy":"product_brand","embeddable":true,"href":"https:\/\/tuunerstuudio.ee\/en\/wp-json\/wp\/v2\/product_brand?post=34255"},{"taxonomy":"product_cat","embeddable":true,"href":"https:\/\/tuunerstuudio.ee\/en\/wp-json\/wp\/v2\/product_cat?post=34255"},{"taxonomy":"product_tag","embeddable":true,"href":"https:\/\/tuunerstuudio.ee\/en\/wp-json\/wp\/v2\/product_tag?post=34255"}],"curies":[{"name":"wp","href":"https:\/\/api.w.org\/{rel}","templated":true}]}}