{"id":34250,"date":"2026-03-03T20:01:54","date_gmt":"2026-03-03T18:01:54","guid":{"rendered":"https:\/\/tuunerstuudio.ee\/?post_type=product&#038;p=34250"},"modified":"2026-03-03T20:22:25","modified_gmt":"2026-03-03T18:22:25","slug":"spd-kutusepaak-60l-valimiste-kutusepumpade-jaoks","status":"publish","type":"product","link":"https:\/\/tuunerstuudio.ee\/en\/toode\/spd-kutusepaak-60l-valimiste-kutusepumpade-jaoks\/","title":{"rendered":"SPD Fuel Tank (60L) (For external fuel pumps)"},"content":{"rendered":"","protected":false},"excerpt":{"rendered":"<ul data-start=\"113\" data-end=\"612\">\n<li data-start=\"459\" data-end=\"612\">\n<p data-start=\"461\" data-end=\"612\">Supplied accessories:<br data-start=\"535\" data-end=\"538\" \/>Fuel cap.<br data-start=\"547\" data-end=\"550\" \/>Cover plates.<br data-start=\"563\" data-end=\"566\" \/>Spacers for lifting the tank from the floor.<\/p>\n<\/li>\n<\/ul>\n<p data-start=\"614\" data-end=\"631\">Specifications:<\/p>\n<ul>\n<li data-start=\"634\" data-end=\"670\">Strong construction, 3mm material.<\/li>\n<li data-start=\"673\" data-end=\"708\">Anodized both outside and inside.<\/li>\n<li data-start=\"711\" data-end=\"750\">Rebuild-able for internal fuel pumps.<\/li>\n<li data-start=\"753\" data-end=\"784\">Built-in catch tank function.<\/li>\n<li data-start=\"787\" data-end=\"803\">No messy foam.<\/li>\n<li data-start=\"806\" data-end=\"819\">Volume 60L.<\/li>\n<li data-start=\"822\" data-end=\"879\">Dimensions: 510x460x265mm (510x460x320mm with spacers).<\/li>\n<li data-start=\"882\" data-end=\"922\">External fuel pump connections 2xAN12.<\/li>\n<li data-start=\"925\" data-end=\"953\">2xAN12 connections on top.<\/li>\n<li data-start=\"956\" data-end=\"1093\">Internal roll over valve on top (optional).<\/li>\n<\/ul>\n","protected":false},"featured_media":34254,"comment_status":"closed","ping_status":"closed","template":"","meta":[],"product_brand":[],"product_cat":[16,79,88,246],"product_tag":[],"class_list":{"0":"post-34250","1":"product","2":"type-product","3":"status-publish","4":"has-post-thumbnail","6":"product_cat-kutusesusteem","7":"product_cat-paagid","8":"product_cat-kutusepaagid","9":"product_cat-speeding","11":"first","12":"onbackorder","13":"taxable","14":"shipping-taxable","15":"purchasable","16":"product-type-variable"},"yoast_head":"<!-- This site is optimized with the Yoast SEO plugin v26.9 - https:\/\/yoast.com\/product\/yoast-seo-wordpress\/ -->\n<title>SPD Fuel Tank (60L) (For external fuel pumps) - TuunerStuudio<\/title>\n<meta name=\"robots\" content=\"index, follow, max-snippet:-1, max-image-preview:large, max-video-preview:-1\" \/>\n<link rel=\"canonical\" href=\"https:\/\/tuunerstuudio.ee\/en\/toode\/spd-kutusepaak-60l-valimiste-kutusepumpade-jaoks\/\" \/>\n<meta property=\"og:locale\" content=\"en_US\" \/>\n<meta property=\"og:type\" content=\"article\" \/>\n<meta property=\"og:title\" content=\"SPD Fuel Tank (60L) (For external fuel pumps) - TuunerStuudio\" \/>\n<meta property=\"og:description\" content=\"Supplied accessories:Fuel cap.Cover plates.Spacers for lifting the tank from the floor.   Specifications:    Strong construction, 3mm material.  Anodized both outside and inside.  Rebuild-able for internal fuel pumps.  Built-in catch tank function.  No messy foam.  Volume 60L.  Dimensions: 510x460x265mm (510x460x320mm with spacers).  External fuel pump connections 2xAN12.  2xAN12 connections on top.  Internal roll over valve on top (optional).\" \/>\n<meta property=\"og:url\" content=\"https:\/\/tuunerstuudio.ee\/en\/toode\/spd-kutusepaak-60l-valimiste-kutusepumpade-jaoks\/\" \/>\n<meta property=\"og:site_name\" content=\"TuunerStuudio\" \/>\n<meta property=\"article:modified_time\" content=\"2026-03-03T18:22:25+00:00\" \/>\n<meta property=\"og:image\" content=\"https:\/\/tuunerstuudio.ee\/wp-content\/uploads\/2026\/03\/SPD-fuel-cell-60L-intern-branslepumpar-2-1.jpg\" \/>\n\t<meta property=\"og:image:width\" content=\"860\" \/>\n\t<meta property=\"og:image:height\" content=\"715\" \/>\n\t<meta property=\"og:image:type\" content=\"image\/jpeg\" \/>\n<meta name=\"twitter:card\" content=\"summary_large_image\" \/>\n<meta name=\"twitter:label1\" content=\"Est. reading time\" \/>\n\t<meta name=\"twitter:data1\" content=\"1 minute\" \/>\n<script type=\"application\/ld+json\" class=\"yoast-schema-graph\">{\"@context\":\"https:\/\/schema.org\",\"@graph\":[{\"@type\":\"WebPage\",\"@id\":\"https:\/\/tuunerstuudio.ee\/en\/toode\/spd-kutusepaak-60l-valimiste-kutusepumpade-jaoks\/\",\"url\":\"https:\/\/tuunerstuudio.ee\/en\/toode\/spd-kutusepaak-60l-valimiste-kutusepumpade-jaoks\/\",\"name\":\"SPD Fuel Tank (60L) (For external fuel pumps) - TuunerStuudio\",\"isPartOf\":{\"@id\":\"https:\/\/tuunerstuudio.ee\/en\/#website\"},\"primaryImageOfPage\":{\"@id\":\"https:\/\/tuunerstuudio.ee\/en\/toode\/spd-kutusepaak-60l-valimiste-kutusepumpade-jaoks\/#primaryimage\"},\"image\":{\"@id\":\"https:\/\/tuunerstuudio.ee\/toode\/spd-kutusepaak-60l-valimiste-kutusepumpade-jaoks\/#primaryimage\"},\"thumbnailUrl\":\"https:\/\/tuunerstuudio.ee\/wp-content\/uploads\/2026\/03\/SPD-fuel-cell-60L-intern-branslepumpar-2-1.jpg\",\"datePublished\":\"2026-03-03T18:01:54+00:00\",\"dateModified\":\"2026-03-03T18:22:25+00:00\",\"breadcrumb\":{\"@id\":\"https:\/\/tuunerstuudio.ee\/en\/toode\/spd-kutusepaak-60l-valimiste-kutusepumpade-jaoks\/#breadcrumb\"},\"inLanguage\":\"en-US\",\"potentialAction\":[{\"@type\":\"ReadAction\",\"target\":[[\"https:\/\/tuunerstuudio.ee\/en\/toode\/spd-kutusepaak-60l-valimiste-kutusepumpade-jaoks\/\"]]}]},{\"@type\":\"ImageObject\",\"inLanguage\":\"en-US\",\"@id\":\"https:\/\/tuunerstuudio.ee\/en\/toode\/spd-kutusepaak-60l-valimiste-kutusepumpade-jaoks\/#primaryimage\",\"url\":\"https:\/\/tuunerstuudio.ee\/wp-content\/uploads\/2026\/03\/SPD-fuel-cell-60L-intern-branslepumpar-2-1.jpg\",\"contentUrl\":\"https:\/\/tuunerstuudio.ee\/wp-content\/uploads\/2026\/03\/SPD-fuel-cell-60L-intern-branslepumpar-2-1.jpg\",\"width\":860,\"height\":715},{\"@type\":\"BreadcrumbList\",\"@id\":\"https:\/\/tuunerstuudio.ee\/en\/toode\/spd-kutusepaak-60l-valimiste-kutusepumpade-jaoks\/#breadcrumb\",\"itemListElement\":[{\"@type\":\"ListItem\",\"position\":1,\"name\":\"Home\",\"item\":\"https:\/\/tuunerstuudio.ee\/en\/\"},{\"@type\":\"ListItem\",\"position\":2,\"name\":\"Tooted\",\"item\":\"https:\/\/www.tuunerstuudio.ee\/tooted\/\"},{\"@type\":\"ListItem\",\"position\":3,\"name\":\"SPD K\u00fctusepaak (60L) (V\u00e4limiste k\u00fctusepumpade jaoks)\"}]},{\"@type\":\"WebSite\",\"@id\":\"https:\/\/tuunerstuudio.ee\/en\/#website\",\"url\":\"https:\/\/tuunerstuudio.ee\/en\/\",\"name\":\"tuunerstuudio\",\"description\":\"\",\"potentialAction\":[{\"@type\":\"SearchAction\",\"target\":{\"@type\":\"EntryPoint\",\"urlTemplate\":\"https:\/\/tuunerstuudio.ee\/en\/?s={search_term_string}\"},\"query-input\":{\"@type\":\"PropertyValueSpecification\",\"valueRequired\":true,\"valueName\":\"search_term_string\"}}],\"inLanguage\":\"en-US\"}]}<\/script>\n<!-- \/ Yoast SEO plugin. -->","yoast_head_json":{"title":"SPD Fuel Tank (60L) (For external fuel pumps) - TuunerStuudio","robots":{"index":"index","follow":"follow","max-snippet":"max-snippet:-1","max-image-preview":"max-image-preview:large","max-video-preview":"max-video-preview:-1"},"canonical":"https:\/\/tuunerstuudio.ee\/en\/toode\/spd-kutusepaak-60l-valimiste-kutusepumpade-jaoks\/","og_locale":"en_US","og_type":"article","og_title":"SPD Fuel Tank (60L) (For external fuel pumps) - TuunerStuudio","og_description":"Supplied accessories:Fuel cap.Cover plates.Spacers for lifting the tank from the floor.   Specifications:    Strong construction, 3mm material.  Anodized both outside and inside.  Rebuild-able for internal fuel pumps.  Built-in catch tank function.  No messy foam.  Volume 60L.  Dimensions: 510x460x265mm (510x460x320mm with spacers).  External fuel pump connections 2xAN12.  2xAN12 connections on top.  Internal roll over valve on top (optional).","og_url":"https:\/\/tuunerstuudio.ee\/en\/toode\/spd-kutusepaak-60l-valimiste-kutusepumpade-jaoks\/","og_site_name":"TuunerStuudio","article_modified_time":"2026-03-03T18:22:25+00:00","og_image":[{"width":860,"height":715,"url":"https:\/\/tuunerstuudio.ee\/wp-content\/uploads\/2026\/03\/SPD-fuel-cell-60L-intern-branslepumpar-2-1.jpg","type":"image\/jpeg"}],"twitter_card":"summary_large_image","twitter_misc":{"Est. reading time":"1 minute"},"schema":{"@context":"https:\/\/schema.org","@graph":[{"@type":"WebPage","@id":"https:\/\/tuunerstuudio.ee\/en\/toode\/spd-kutusepaak-60l-valimiste-kutusepumpade-jaoks\/","url":"https:\/\/tuunerstuudio.ee\/en\/toode\/spd-kutusepaak-60l-valimiste-kutusepumpade-jaoks\/","name":"SPD Fuel Tank (60L) (For external fuel pumps) - TuunerStuudio","isPartOf":{"@id":"https:\/\/tuunerstuudio.ee\/en\/#website"},"primaryImageOfPage":{"@id":"https:\/\/tuunerstuudio.ee\/en\/toode\/spd-kutusepaak-60l-valimiste-kutusepumpade-jaoks\/#primaryimage"},"image":{"@id":"https:\/\/tuunerstuudio.ee\/toode\/spd-kutusepaak-60l-valimiste-kutusepumpade-jaoks\/#primaryimage"},"thumbnailUrl":"https:\/\/tuunerstuudio.ee\/wp-content\/uploads\/2026\/03\/SPD-fuel-cell-60L-intern-branslepumpar-2-1.jpg","datePublished":"2026-03-03T18:01:54+00:00","dateModified":"2026-03-03T18:22:25+00:00","breadcrumb":{"@id":"https:\/\/tuunerstuudio.ee\/en\/toode\/spd-kutusepaak-60l-valimiste-kutusepumpade-jaoks\/#breadcrumb"},"inLanguage":"en-US","potentialAction":[{"@type":"ReadAction","target":[["https:\/\/tuunerstuudio.ee\/en\/toode\/spd-kutusepaak-60l-valimiste-kutusepumpade-jaoks\/"]]}]},{"@type":"ImageObject","inLanguage":"en-US","@id":"https:\/\/tuunerstuudio.ee\/en\/toode\/spd-kutusepaak-60l-valimiste-kutusepumpade-jaoks\/#primaryimage","url":"https:\/\/tuunerstuudio.ee\/wp-content\/uploads\/2026\/03\/SPD-fuel-cell-60L-intern-branslepumpar-2-1.jpg","contentUrl":"https:\/\/tuunerstuudio.ee\/wp-content\/uploads\/2026\/03\/SPD-fuel-cell-60L-intern-branslepumpar-2-1.jpg","width":860,"height":715},{"@type":"BreadcrumbList","@id":"https:\/\/tuunerstuudio.ee\/en\/toode\/spd-kutusepaak-60l-valimiste-kutusepumpade-jaoks\/#breadcrumb","itemListElement":[{"@type":"ListItem","position":1,"name":"Home","item":"https:\/\/tuunerstuudio.ee\/en\/"},{"@type":"ListItem","position":2,"name":"Tooted","item":"https:\/\/www.tuunerstuudio.ee\/tooted\/"},{"@type":"ListItem","position":3,"name":"SPD K\u00fctusepaak (60L) (V\u00e4limiste k\u00fctusepumpade jaoks)"}]},{"@type":"WebSite","@id":"https:\/\/tuunerstuudio.ee\/en\/#website","url":"https:\/\/tuunerstuudio.ee\/en\/","name":"tuunerstuudio","description":"","potentialAction":[{"@type":"SearchAction","target":{"@type":"EntryPoint","urlTemplate":"https:\/\/tuunerstuudio.ee\/en\/?s={search_term_string}"},"query-input":{"@type":"PropertyValueSpecification","valueRequired":true,"valueName":"search_term_string"}}],"inLanguage":"en-US"}]}},"_links":{"self":[{"href":"https:\/\/tuunerstuudio.ee\/en\/wp-json\/wp\/v2\/product\/34250","targetHints":{"allow":["GET"]}}],"collection":[{"href":"https:\/\/tuunerstuudio.ee\/en\/wp-json\/wp\/v2\/product"}],"about":[{"href":"https:\/\/tuunerstuudio.ee\/en\/wp-json\/wp\/v2\/types\/product"}],"replies":[{"embeddable":true,"href":"https:\/\/tuunerstuudio.ee\/en\/wp-json\/wp\/v2\/comments?post=34250"}],"wp:featuredmedia":[{"embeddable":true,"href":"https:\/\/tuunerstuudio.ee\/en\/wp-json\/wp\/v2\/media\/34254"}],"wp:attachment":[{"href":"https:\/\/tuunerstuudio.ee\/en\/wp-json\/wp\/v2\/media?parent=34250"}],"wp:term":[{"taxonomy":"product_brand","embeddable":true,"href":"https:\/\/tuunerstuudio.ee\/en\/wp-json\/wp\/v2\/product_brand?post=34250"},{"taxonomy":"product_cat","embeddable":true,"href":"https:\/\/tuunerstuudio.ee\/en\/wp-json\/wp\/v2\/product_cat?post=34250"},{"taxonomy":"product_tag","embeddable":true,"href":"https:\/\/tuunerstuudio.ee\/en\/wp-json\/wp\/v2\/product_tag?post=34250"}],"curies":[{"name":"wp","href":"https:\/\/api.w.org\/{rel}","templated":true}]}}