{"id":34031,"date":"2026-02-28T14:31:30","date_gmt":"2026-02-28T12:31:30","guid":{"rendered":"https:\/\/tuunerstuudio.ee\/?post_type=product&#038;p=34031"},"modified":"2026-03-15T20:16:40","modified_gmt":"2026-03-15T18:16:40","slug":"kutusevoolik-paagisisene-uhilduv-8-mm-siselabimoot","status":"publish","type":"product","link":"https:\/\/tuunerstuudio.ee\/en\/toode\/kutusevoolik-paagisisene-uhilduv-8-mm-siselabimoot\/","title":{"rendered":"Fuel hose (in-tank compatible) 8mm ID"},"content":{"rendered":"","protected":false},"excerpt":{"rendered":"<p>This is the only &#8220;rubber&#8221; hose that works with in-tank use, E85 or flexifuel.<br \/>\n8mm fuel lines are standard in most cars.<\/p>\n<p>Specification:<br \/>\n8mm ID<br \/>\nIn-tank hose<br \/>\nCan be used both with hose clamps and Push-on AN5 fittings<\/p>\n<p>Sold per meter<\/p>\n<p>This product is cut to order. No right of return.<\/p>\n","protected":false},"featured_media":34029,"comment_status":"closed","ping_status":"closed","template":"","meta":[],"product_brand":[],"product_cat":[1942,1899,1900,1978,1929,1945,83,614,623,16,79,88,93,80],"product_tag":[],"class_list":{"0":"post-34031","1":"product","2":"type-product","3":"status-publish","4":"has-post-thumbnail","6":"product_cat-kutusepumba-komplekt","7":"product_cat-kutusevoolik-paagisisene","8":"product_cat-spd-kutusevoolik-paagisisene","9":"product_cat-spd-vahepaak","10":"product_cat-spd-performance","11":"product_cat-spd-performance-parts-kutusepumba-komplekt","12":"product_cat-an-liited","13":"product_cat-speeding-an-liited","14":"product_cat-an-liitmikud-voolikud","15":"product_cat-kutusesusteem","16":"product_cat-paagid","17":"product_cat-kutusepaagid","18":"product_cat-lisatarvikud-paagid","19":"product_cat-vahepaak","21":"first","22":"onbackorder","23":"taxable","24":"shipping-taxable","25":"purchasable","26":"product-type-simple"},"yoast_head":"<!-- This site is optimized with the Yoast SEO plugin v26.9 - https:\/\/yoast.com\/product\/yoast-seo-wordpress\/ -->\n<title>Fuel hose (in-tank compatible) 8mm ID - TuunerStuudio<\/title>\n<meta name=\"robots\" content=\"index, follow, max-snippet:-1, max-image-preview:large, max-video-preview:-1\" \/>\n<link rel=\"canonical\" href=\"https:\/\/tuunerstuudio.ee\/en\/toode\/kutusevoolik-paagisisene-uhilduv-8-mm-siselabimoot\/\" \/>\n<meta property=\"og:locale\" content=\"en_US\" \/>\n<meta property=\"og:type\" content=\"article\" \/>\n<meta property=\"og:title\" content=\"Fuel hose (in-tank compatible) 8mm ID - TuunerStuudio\" \/>\n<meta property=\"og:description\" content=\"This is the only &quot;rubber&quot; hose that works with in-tank use, E85 or flexifuel. 8mm fuel lines are standard in most cars.  Specification: 8mm ID In-tank hose Can be used both with hose clamps and Push-on AN5 fittings  Sold per meter  This product is cut to order. No right of return.\" \/>\n<meta property=\"og:url\" content=\"https:\/\/tuunerstuudio.ee\/en\/toode\/kutusevoolik-paagisisene-uhilduv-8-mm-siselabimoot\/\" \/>\n<meta property=\"og:site_name\" content=\"TuunerStuudio\" \/>\n<meta property=\"article:modified_time\" content=\"2026-03-15T18:16:40+00:00\" \/>\n<meta property=\"og:image\" content=\"https:\/\/tuunerstuudio.ee\/wp-content\/uploads\/2026\/02\/SPDSINTANK10-fuelhose-intank.webp\" \/>\n\t<meta property=\"og:image:width\" content=\"1280\" \/>\n\t<meta property=\"og:image:height\" content=\"1280\" \/>\n\t<meta property=\"og:image:type\" content=\"image\/webp\" \/>\n<meta name=\"twitter:card\" content=\"summary_large_image\" \/>\n<meta name=\"twitter:label1\" content=\"Est. reading time\" \/>\n\t<meta name=\"twitter:data1\" content=\"1 minute\" \/>\n<script type=\"application\/ld+json\" class=\"yoast-schema-graph\">{\"@context\":\"https:\/\/schema.org\",\"@graph\":[{\"@type\":\"WebPage\",\"@id\":\"https:\/\/tuunerstuudio.ee\/en\/toode\/kutusevoolik-paagisisene-uhilduv-8-mm-siselabimoot\/\",\"url\":\"https:\/\/tuunerstuudio.ee\/en\/toode\/kutusevoolik-paagisisene-uhilduv-8-mm-siselabimoot\/\",\"name\":\"Fuel hose (in-tank compatible) 8mm ID - TuunerStuudio\",\"isPartOf\":{\"@id\":\"https:\/\/tuunerstuudio.ee\/en\/#website\"},\"primaryImageOfPage\":{\"@id\":\"https:\/\/tuunerstuudio.ee\/en\/toode\/kutusevoolik-paagisisene-uhilduv-8-mm-siselabimoot\/#primaryimage\"},\"image\":{\"@id\":\"https:\/\/tuunerstuudio.ee\/toode\/kutusevoolik-paagisisene-uhilduv-8-mm-siselabimoot\/#primaryimage\"},\"thumbnailUrl\":\"https:\/\/tuunerstuudio.ee\/wp-content\/uploads\/2026\/02\/SPDSINTANK10-fuelhose-intank.webp\",\"datePublished\":\"2026-02-28T12:31:30+00:00\",\"dateModified\":\"2026-03-15T18:16:40+00:00\",\"breadcrumb\":{\"@id\":\"https:\/\/tuunerstuudio.ee\/en\/toode\/kutusevoolik-paagisisene-uhilduv-8-mm-siselabimoot\/#breadcrumb\"},\"inLanguage\":\"en-US\",\"potentialAction\":[{\"@type\":\"ReadAction\",\"target\":[[\"https:\/\/tuunerstuudio.ee\/en\/toode\/kutusevoolik-paagisisene-uhilduv-8-mm-siselabimoot\/\"]]}]},{\"@type\":\"ImageObject\",\"inLanguage\":\"en-US\",\"@id\":\"https:\/\/tuunerstuudio.ee\/en\/toode\/kutusevoolik-paagisisene-uhilduv-8-mm-siselabimoot\/#primaryimage\",\"url\":\"https:\/\/tuunerstuudio.ee\/wp-content\/uploads\/2026\/02\/SPDSINTANK10-fuelhose-intank.webp\",\"contentUrl\":\"https:\/\/tuunerstuudio.ee\/wp-content\/uploads\/2026\/02\/SPDSINTANK10-fuelhose-intank.webp\",\"width\":1280,\"height\":1280},{\"@type\":\"BreadcrumbList\",\"@id\":\"https:\/\/tuunerstuudio.ee\/en\/toode\/kutusevoolik-paagisisene-uhilduv-8-mm-siselabimoot\/#breadcrumb\",\"itemListElement\":[{\"@type\":\"ListItem\",\"position\":1,\"name\":\"Home\",\"item\":\"https:\/\/tuunerstuudio.ee\/en\/\"},{\"@type\":\"ListItem\",\"position\":2,\"name\":\"Tooted\",\"item\":\"https:\/\/www.tuunerstuudio.ee\/tooted\/\"},{\"@type\":\"ListItem\",\"position\":3,\"name\":\"K\u00fctusevoolik (paagisisene \u00fchilduv) 8 mm sisel\u00e4bim\u00f5\u00f5t\"}]},{\"@type\":\"WebSite\",\"@id\":\"https:\/\/tuunerstuudio.ee\/en\/#website\",\"url\":\"https:\/\/tuunerstuudio.ee\/en\/\",\"name\":\"tuunerstuudio\",\"description\":\"\",\"potentialAction\":[{\"@type\":\"SearchAction\",\"target\":{\"@type\":\"EntryPoint\",\"urlTemplate\":\"https:\/\/tuunerstuudio.ee\/en\/?s={search_term_string}\"},\"query-input\":{\"@type\":\"PropertyValueSpecification\",\"valueRequired\":true,\"valueName\":\"search_term_string\"}}],\"inLanguage\":\"en-US\"}]}<\/script>\n<!-- \/ Yoast SEO plugin. -->","yoast_head_json":{"title":"Fuel hose (in-tank compatible) 8mm ID - TuunerStuudio","robots":{"index":"index","follow":"follow","max-snippet":"max-snippet:-1","max-image-preview":"max-image-preview:large","max-video-preview":"max-video-preview:-1"},"canonical":"https:\/\/tuunerstuudio.ee\/en\/toode\/kutusevoolik-paagisisene-uhilduv-8-mm-siselabimoot\/","og_locale":"en_US","og_type":"article","og_title":"Fuel hose (in-tank compatible) 8mm ID - TuunerStuudio","og_description":"This is the only \"rubber\" hose that works with in-tank use, E85 or flexifuel. 8mm fuel lines are standard in most cars.  Specification: 8mm ID In-tank hose Can be used both with hose clamps and Push-on AN5 fittings  Sold per meter  This product is cut to order. No right of return.","og_url":"https:\/\/tuunerstuudio.ee\/en\/toode\/kutusevoolik-paagisisene-uhilduv-8-mm-siselabimoot\/","og_site_name":"TuunerStuudio","article_modified_time":"2026-03-15T18:16:40+00:00","og_image":[{"width":1280,"height":1280,"url":"https:\/\/tuunerstuudio.ee\/wp-content\/uploads\/2026\/02\/SPDSINTANK10-fuelhose-intank.webp","type":"image\/webp"}],"twitter_card":"summary_large_image","twitter_misc":{"Est. reading time":"1 minute"},"schema":{"@context":"https:\/\/schema.org","@graph":[{"@type":"WebPage","@id":"https:\/\/tuunerstuudio.ee\/en\/toode\/kutusevoolik-paagisisene-uhilduv-8-mm-siselabimoot\/","url":"https:\/\/tuunerstuudio.ee\/en\/toode\/kutusevoolik-paagisisene-uhilduv-8-mm-siselabimoot\/","name":"Fuel hose (in-tank compatible) 8mm ID - TuunerStuudio","isPartOf":{"@id":"https:\/\/tuunerstuudio.ee\/en\/#website"},"primaryImageOfPage":{"@id":"https:\/\/tuunerstuudio.ee\/en\/toode\/kutusevoolik-paagisisene-uhilduv-8-mm-siselabimoot\/#primaryimage"},"image":{"@id":"https:\/\/tuunerstuudio.ee\/toode\/kutusevoolik-paagisisene-uhilduv-8-mm-siselabimoot\/#primaryimage"},"thumbnailUrl":"https:\/\/tuunerstuudio.ee\/wp-content\/uploads\/2026\/02\/SPDSINTANK10-fuelhose-intank.webp","datePublished":"2026-02-28T12:31:30+00:00","dateModified":"2026-03-15T18:16:40+00:00","breadcrumb":{"@id":"https:\/\/tuunerstuudio.ee\/en\/toode\/kutusevoolik-paagisisene-uhilduv-8-mm-siselabimoot\/#breadcrumb"},"inLanguage":"en-US","potentialAction":[{"@type":"ReadAction","target":[["https:\/\/tuunerstuudio.ee\/en\/toode\/kutusevoolik-paagisisene-uhilduv-8-mm-siselabimoot\/"]]}]},{"@type":"ImageObject","inLanguage":"en-US","@id":"https:\/\/tuunerstuudio.ee\/en\/toode\/kutusevoolik-paagisisene-uhilduv-8-mm-siselabimoot\/#primaryimage","url":"https:\/\/tuunerstuudio.ee\/wp-content\/uploads\/2026\/02\/SPDSINTANK10-fuelhose-intank.webp","contentUrl":"https:\/\/tuunerstuudio.ee\/wp-content\/uploads\/2026\/02\/SPDSINTANK10-fuelhose-intank.webp","width":1280,"height":1280},{"@type":"BreadcrumbList","@id":"https:\/\/tuunerstuudio.ee\/en\/toode\/kutusevoolik-paagisisene-uhilduv-8-mm-siselabimoot\/#breadcrumb","itemListElement":[{"@type":"ListItem","position":1,"name":"Home","item":"https:\/\/tuunerstuudio.ee\/en\/"},{"@type":"ListItem","position":2,"name":"Tooted","item":"https:\/\/www.tuunerstuudio.ee\/tooted\/"},{"@type":"ListItem","position":3,"name":"K\u00fctusevoolik (paagisisene \u00fchilduv) 8 mm sisel\u00e4bim\u00f5\u00f5t"}]},{"@type":"WebSite","@id":"https:\/\/tuunerstuudio.ee\/en\/#website","url":"https:\/\/tuunerstuudio.ee\/en\/","name":"tuunerstuudio","description":"","potentialAction":[{"@type":"SearchAction","target":{"@type":"EntryPoint","urlTemplate":"https:\/\/tuunerstuudio.ee\/en\/?s={search_term_string}"},"query-input":{"@type":"PropertyValueSpecification","valueRequired":true,"valueName":"search_term_string"}}],"inLanguage":"en-US"}]}},"_links":{"self":[{"href":"https:\/\/tuunerstuudio.ee\/en\/wp-json\/wp\/v2\/product\/34031","targetHints":{"allow":["GET"]}}],"collection":[{"href":"https:\/\/tuunerstuudio.ee\/en\/wp-json\/wp\/v2\/product"}],"about":[{"href":"https:\/\/tuunerstuudio.ee\/en\/wp-json\/wp\/v2\/types\/product"}],"replies":[{"embeddable":true,"href":"https:\/\/tuunerstuudio.ee\/en\/wp-json\/wp\/v2\/comments?post=34031"}],"wp:featuredmedia":[{"embeddable":true,"href":"https:\/\/tuunerstuudio.ee\/en\/wp-json\/wp\/v2\/media\/34029"}],"wp:attachment":[{"href":"https:\/\/tuunerstuudio.ee\/en\/wp-json\/wp\/v2\/media?parent=34031"}],"wp:term":[{"taxonomy":"product_brand","embeddable":true,"href":"https:\/\/tuunerstuudio.ee\/en\/wp-json\/wp\/v2\/product_brand?post=34031"},{"taxonomy":"product_cat","embeddable":true,"href":"https:\/\/tuunerstuudio.ee\/en\/wp-json\/wp\/v2\/product_cat?post=34031"},{"taxonomy":"product_tag","embeddable":true,"href":"https:\/\/tuunerstuudio.ee\/en\/wp-json\/wp\/v2\/product_tag?post=34031"}],"curies":[{"name":"wp","href":"https:\/\/api.w.org\/{rel}","templated":true}]}}