{"id":33267,"date":"2026-02-10T21:11:54","date_gmt":"2026-02-10T19:11:54","guid":{"rendered":"https:\/\/tuunerstuudio.ee\/?post_type=product&#038;p=33267"},"modified":"2026-03-04T15:12:24","modified_gmt":"2026-03-04T13:12:24","slug":"tagasiloogiklapp-an10-v2-valine-keere","status":"publish","type":"product","link":"https:\/\/tuunerstuudio.ee\/en\/toode\/tagasiloogiklapp-an10-v2-valine-keere\/","title":{"rendered":"Rollover valve AN10 V2 (external thread)"},"content":{"rendered":"","protected":false},"excerpt":{"rendered":"<p>Rollover valve V2 is used to stop fuel from exiting the fuel tank through the breather if the car flips upside down.<\/p>\n<p>This rollover valve has an external thread to be mounted directly into a female thread (O-ring sealed). This allows a direct fit to the SPD fuel cell, which has AN12 external female threads.<\/p>\n<p>Connection: AN10<br \/>\nThread on O-ring side: AN12<br \/>\nO-ring sealed<\/p>\n<p>Weld nut not included.<\/p>\n","protected":false},"featured_media":33270,"comment_status":"closed","ping_status":"closed","template":"","meta":[],"product_brand":[],"product_cat":[1929,1830,83,614,623,624,16,79,93],"product_tag":[],"class_list":{"0":"post-33267","1":"product","2":"type-product","3":"status-publish","4":"has-post-thumbnail","6":"product_cat-spd-performance","7":"product_cat-tagasiloogiklapp","8":"product_cat-an-liited","9":"product_cat-speeding-an-liited","10":"product_cat-an-liitmikud-voolikud","11":"product_cat-an-liitmikud","12":"product_cat-kutusesusteem","13":"product_cat-paagid","14":"product_cat-lisatarvikud-paagid","16":"first","17":"onbackorder","18":"taxable","19":"shipping-taxable","20":"purchasable","21":"product-type-simple"},"yoast_head":"<!-- This site is optimized with the Yoast SEO plugin v26.9 - https:\/\/yoast.com\/product\/yoast-seo-wordpress\/ -->\n<title>Rollover valve AN10 V2 (external thread) - TuunerStuudio<\/title>\n<meta name=\"robots\" content=\"index, follow, max-snippet:-1, max-image-preview:large, max-video-preview:-1\" \/>\n<link rel=\"canonical\" href=\"https:\/\/tuunerstuudio.ee\/en\/toode\/tagasiloogiklapp-an10-v2-valine-keere\/\" \/>\n<meta property=\"og:locale\" content=\"en_US\" \/>\n<meta property=\"og:type\" content=\"article\" \/>\n<meta property=\"og:title\" content=\"Rollover valve AN10 V2 (external thread) - TuunerStuudio\" \/>\n<meta property=\"og:description\" content=\"Rollover valve V2 is used to stop fuel from exiting the fuel tank through the breather if the car flips upside down.  This rollover valve has an external thread to be mounted directly into a female thread (O-ring sealed). This allows a direct fit to the SPD fuel cell, which has AN12 external female threads.  Connection: AN10 Thread on O-ring side: AN12 O-ring sealed  Weld nut not included.\" \/>\n<meta property=\"og:url\" content=\"https:\/\/tuunerstuudio.ee\/en\/toode\/tagasiloogiklapp-an10-v2-valine-keere\/\" \/>\n<meta property=\"og:site_name\" content=\"TuunerStuudio\" \/>\n<meta property=\"article:modified_time\" content=\"2026-03-04T13:12:24+00:00\" \/>\n<meta property=\"og:image\" content=\"https:\/\/tuunerstuudio.ee\/wp-content\/uploads\/2026\/02\/roll-over-ventil-utvandig-ganga.jpg\" \/>\n\t<meta property=\"og:image:width\" content=\"680\" \/>\n\t<meta property=\"og:image:height\" content=\"480\" \/>\n\t<meta property=\"og:image:type\" content=\"image\/jpeg\" \/>\n<meta name=\"twitter:card\" content=\"summary_large_image\" \/>\n<meta name=\"twitter:label1\" content=\"Est. reading time\" \/>\n\t<meta name=\"twitter:data1\" content=\"1 minute\" \/>\n<script type=\"application\/ld+json\" class=\"yoast-schema-graph\">{\"@context\":\"https:\/\/schema.org\",\"@graph\":[{\"@type\":\"WebPage\",\"@id\":\"https:\/\/tuunerstuudio.ee\/en\/toode\/tagasiloogiklapp-an10-v2-valine-keere\/\",\"url\":\"https:\/\/tuunerstuudio.ee\/en\/toode\/tagasiloogiklapp-an10-v2-valine-keere\/\",\"name\":\"Rollover valve AN10 V2 (external thread) - TuunerStuudio\",\"isPartOf\":{\"@id\":\"https:\/\/tuunerstuudio.ee\/en\/#website\"},\"primaryImageOfPage\":{\"@id\":\"https:\/\/tuunerstuudio.ee\/en\/toode\/tagasiloogiklapp-an10-v2-valine-keere\/#primaryimage\"},\"image\":{\"@id\":\"https:\/\/tuunerstuudio.ee\/toode\/tagasiloogiklapp-an10-v2-valine-keere\/#primaryimage\"},\"thumbnailUrl\":\"https:\/\/tuunerstuudio.ee\/wp-content\/uploads\/2026\/02\/roll-over-ventil-utvandig-ganga.jpg\",\"datePublished\":\"2026-02-10T19:11:54+00:00\",\"dateModified\":\"2026-03-04T13:12:24+00:00\",\"breadcrumb\":{\"@id\":\"https:\/\/tuunerstuudio.ee\/en\/toode\/tagasiloogiklapp-an10-v2-valine-keere\/#breadcrumb\"},\"inLanguage\":\"en-US\",\"potentialAction\":[{\"@type\":\"ReadAction\",\"target\":[[\"https:\/\/tuunerstuudio.ee\/en\/toode\/tagasiloogiklapp-an10-v2-valine-keere\/\"]]}]},{\"@type\":\"ImageObject\",\"inLanguage\":\"en-US\",\"@id\":\"https:\/\/tuunerstuudio.ee\/en\/toode\/tagasiloogiklapp-an10-v2-valine-keere\/#primaryimage\",\"url\":\"https:\/\/tuunerstuudio.ee\/wp-content\/uploads\/2026\/02\/roll-over-ventil-utvandig-ganga.jpg\",\"contentUrl\":\"https:\/\/tuunerstuudio.ee\/wp-content\/uploads\/2026\/02\/roll-over-ventil-utvandig-ganga.jpg\",\"width\":680,\"height\":480},{\"@type\":\"BreadcrumbList\",\"@id\":\"https:\/\/tuunerstuudio.ee\/en\/toode\/tagasiloogiklapp-an10-v2-valine-keere\/#breadcrumb\",\"itemListElement\":[{\"@type\":\"ListItem\",\"position\":1,\"name\":\"Home\",\"item\":\"https:\/\/tuunerstuudio.ee\/en\/\"},{\"@type\":\"ListItem\",\"position\":2,\"name\":\"Tooted\",\"item\":\"https:\/\/www.tuunerstuudio.ee\/tooted\/\"},{\"@type\":\"ListItem\",\"position\":3,\"name\":\"Tagasil\u00f6\u00f6giklapp AN10 V2 (v\u00e4line keere)\"}]},{\"@type\":\"WebSite\",\"@id\":\"https:\/\/tuunerstuudio.ee\/en\/#website\",\"url\":\"https:\/\/tuunerstuudio.ee\/en\/\",\"name\":\"tuunerstuudio\",\"description\":\"\",\"potentialAction\":[{\"@type\":\"SearchAction\",\"target\":{\"@type\":\"EntryPoint\",\"urlTemplate\":\"https:\/\/tuunerstuudio.ee\/en\/?s={search_term_string}\"},\"query-input\":{\"@type\":\"PropertyValueSpecification\",\"valueRequired\":true,\"valueName\":\"search_term_string\"}}],\"inLanguage\":\"en-US\"}]}<\/script>\n<!-- \/ Yoast SEO plugin. -->","yoast_head_json":{"title":"Rollover valve AN10 V2 (external thread) - TuunerStuudio","robots":{"index":"index","follow":"follow","max-snippet":"max-snippet:-1","max-image-preview":"max-image-preview:large","max-video-preview":"max-video-preview:-1"},"canonical":"https:\/\/tuunerstuudio.ee\/en\/toode\/tagasiloogiklapp-an10-v2-valine-keere\/","og_locale":"en_US","og_type":"article","og_title":"Rollover valve AN10 V2 (external thread) - TuunerStuudio","og_description":"Rollover valve V2 is used to stop fuel from exiting the fuel tank through the breather if the car flips upside down.  This rollover valve has an external thread to be mounted directly into a female thread (O-ring sealed). This allows a direct fit to the SPD fuel cell, which has AN12 external female threads.  Connection: AN10 Thread on O-ring side: AN12 O-ring sealed  Weld nut not included.","og_url":"https:\/\/tuunerstuudio.ee\/en\/toode\/tagasiloogiklapp-an10-v2-valine-keere\/","og_site_name":"TuunerStuudio","article_modified_time":"2026-03-04T13:12:24+00:00","og_image":[{"width":680,"height":480,"url":"https:\/\/tuunerstuudio.ee\/wp-content\/uploads\/2026\/02\/roll-over-ventil-utvandig-ganga.jpg","type":"image\/jpeg"}],"twitter_card":"summary_large_image","twitter_misc":{"Est. reading time":"1 minute"},"schema":{"@context":"https:\/\/schema.org","@graph":[{"@type":"WebPage","@id":"https:\/\/tuunerstuudio.ee\/en\/toode\/tagasiloogiklapp-an10-v2-valine-keere\/","url":"https:\/\/tuunerstuudio.ee\/en\/toode\/tagasiloogiklapp-an10-v2-valine-keere\/","name":"Rollover valve AN10 V2 (external thread) - TuunerStuudio","isPartOf":{"@id":"https:\/\/tuunerstuudio.ee\/en\/#website"},"primaryImageOfPage":{"@id":"https:\/\/tuunerstuudio.ee\/en\/toode\/tagasiloogiklapp-an10-v2-valine-keere\/#primaryimage"},"image":{"@id":"https:\/\/tuunerstuudio.ee\/toode\/tagasiloogiklapp-an10-v2-valine-keere\/#primaryimage"},"thumbnailUrl":"https:\/\/tuunerstuudio.ee\/wp-content\/uploads\/2026\/02\/roll-over-ventil-utvandig-ganga.jpg","datePublished":"2026-02-10T19:11:54+00:00","dateModified":"2026-03-04T13:12:24+00:00","breadcrumb":{"@id":"https:\/\/tuunerstuudio.ee\/en\/toode\/tagasiloogiklapp-an10-v2-valine-keere\/#breadcrumb"},"inLanguage":"en-US","potentialAction":[{"@type":"ReadAction","target":[["https:\/\/tuunerstuudio.ee\/en\/toode\/tagasiloogiklapp-an10-v2-valine-keere\/"]]}]},{"@type":"ImageObject","inLanguage":"en-US","@id":"https:\/\/tuunerstuudio.ee\/en\/toode\/tagasiloogiklapp-an10-v2-valine-keere\/#primaryimage","url":"https:\/\/tuunerstuudio.ee\/wp-content\/uploads\/2026\/02\/roll-over-ventil-utvandig-ganga.jpg","contentUrl":"https:\/\/tuunerstuudio.ee\/wp-content\/uploads\/2026\/02\/roll-over-ventil-utvandig-ganga.jpg","width":680,"height":480},{"@type":"BreadcrumbList","@id":"https:\/\/tuunerstuudio.ee\/en\/toode\/tagasiloogiklapp-an10-v2-valine-keere\/#breadcrumb","itemListElement":[{"@type":"ListItem","position":1,"name":"Home","item":"https:\/\/tuunerstuudio.ee\/en\/"},{"@type":"ListItem","position":2,"name":"Tooted","item":"https:\/\/www.tuunerstuudio.ee\/tooted\/"},{"@type":"ListItem","position":3,"name":"Tagasil\u00f6\u00f6giklapp AN10 V2 (v\u00e4line keere)"}]},{"@type":"WebSite","@id":"https:\/\/tuunerstuudio.ee\/en\/#website","url":"https:\/\/tuunerstuudio.ee\/en\/","name":"tuunerstuudio","description":"","potentialAction":[{"@type":"SearchAction","target":{"@type":"EntryPoint","urlTemplate":"https:\/\/tuunerstuudio.ee\/en\/?s={search_term_string}"},"query-input":{"@type":"PropertyValueSpecification","valueRequired":true,"valueName":"search_term_string"}}],"inLanguage":"en-US"}]}},"_links":{"self":[{"href":"https:\/\/tuunerstuudio.ee\/en\/wp-json\/wp\/v2\/product\/33267","targetHints":{"allow":["GET"]}}],"collection":[{"href":"https:\/\/tuunerstuudio.ee\/en\/wp-json\/wp\/v2\/product"}],"about":[{"href":"https:\/\/tuunerstuudio.ee\/en\/wp-json\/wp\/v2\/types\/product"}],"replies":[{"embeddable":true,"href":"https:\/\/tuunerstuudio.ee\/en\/wp-json\/wp\/v2\/comments?post=33267"}],"wp:featuredmedia":[{"embeddable":true,"href":"https:\/\/tuunerstuudio.ee\/en\/wp-json\/wp\/v2\/media\/33270"}],"wp:attachment":[{"href":"https:\/\/tuunerstuudio.ee\/en\/wp-json\/wp\/v2\/media?parent=33267"}],"wp:term":[{"taxonomy":"product_brand","embeddable":true,"href":"https:\/\/tuunerstuudio.ee\/en\/wp-json\/wp\/v2\/product_brand?post=33267"},{"taxonomy":"product_cat","embeddable":true,"href":"https:\/\/tuunerstuudio.ee\/en\/wp-json\/wp\/v2\/product_cat?post=33267"},{"taxonomy":"product_tag","embeddable":true,"href":"https:\/\/tuunerstuudio.ee\/en\/wp-json\/wp\/v2\/product_tag?post=33267"}],"curies":[{"name":"wp","href":"https:\/\/api.w.org\/{rel}","templated":true}]}}