{"id":33185,"date":"2026-02-08T18:33:51","date_gmt":"2026-02-08T16:33:51","guid":{"rendered":"https:\/\/tuunerstuudio.ee\/?post_type=product&#038;p=33185"},"modified":"2026-02-08T18:33:51","modified_gmt":"2026-02-08T16:33:51","slug":"kutusepaagi-labiviiguhendus-10-mm-10-mm","status":"publish","type":"product","link":"https:\/\/tuunerstuudio.ee\/en\/toode\/kutusepaagi-labiviiguhendus-10-mm-10-mm\/","title":{"rendered":"Fuel cell bulkhead fitting 10mm \u2013 10mm"},"content":{"rendered":"","protected":false},"excerpt":{"rendered":"<p>Fuel cell bulkhead fitting with hose connection gives you an opportunity to use the original pipe\/hose with a different type of fuel pump in the tank.<br \/>\nIn a compact form, it takes up very little space upwards to be used on most original tanks.<\/p>\n<p>Included:<br \/>\n1x Tank penetration<br \/>\n1x Metal tray<br \/>\n1x PTFE Plastic washer<br \/>\n1x Nut<\/p>\n<p>Measure:<br \/>\nHeight: 65mm overall (33mm~ above trays\/tank)<br \/>\nWidth: 22mm<br \/>\nLength from spout to back of head: 50mm<br \/>\nPipe into tank: 16mm~<br \/>\nThrough Hole Diameter: 24mm~<\/p>\n","protected":false},"featured_media":33186,"comment_status":"closed","ping_status":"closed","template":"","meta":[],"product_brand":[],"product_cat":[1822,83,614,623,624],"product_tag":[],"class_list":{"0":"post-33185","1":"product","2":"type-product","3":"status-publish","4":"has-post-thumbnail","6":"product_cat-labiviiguhendus-paak","7":"product_cat-an-liited","8":"product_cat-speeding-an-liited","9":"product_cat-an-liitmikud-voolikud","10":"product_cat-an-liitmikud","12":"first","13":"onbackorder","14":"taxable","15":"shipping-taxable","16":"purchasable","17":"product-type-simple"},"yoast_head":"<!-- This site is optimized with the Yoast SEO plugin v26.9 - https:\/\/yoast.com\/product\/yoast-seo-wordpress\/ -->\n<title>Fuel cell bulkhead fitting 10mm \u2013 10mm - TuunerStuudio<\/title>\n<meta name=\"robots\" content=\"index, follow, max-snippet:-1, max-image-preview:large, max-video-preview:-1\" \/>\n<link rel=\"canonical\" href=\"https:\/\/tuunerstuudio.ee\/en\/toode\/kutusepaagi-labiviiguhendus-10-mm-10-mm\/\" \/>\n<meta property=\"og:locale\" content=\"en_US\" \/>\n<meta property=\"og:type\" content=\"article\" \/>\n<meta property=\"og:title\" content=\"Fuel cell bulkhead fitting 10mm \u2013 10mm - TuunerStuudio\" \/>\n<meta property=\"og:description\" content=\"Fuel cell bulkhead fitting with hose connection gives you an opportunity to use the original pipe\/hose with a different type of fuel pump in the tank. In a compact form, it takes up very little space upwards to be used on most original tanks.  Included: 1x Tank penetration 1x Metal tray 1x PTFE Plastic washer 1x Nut  Measure: Height: 65mm overall (33mm~ above trays\/tank) Width: 22mm Length from spout to back of head: 50mm Pipe into tank: 16mm~ Through Hole Diameter: 24mm~\" \/>\n<meta property=\"og:url\" content=\"https:\/\/tuunerstuudio.ee\/en\/toode\/kutusepaagi-labiviiguhendus-10-mm-10-mm\/\" \/>\n<meta property=\"og:site_name\" content=\"TuunerStuudio\" \/>\n<meta property=\"og:image\" content=\"https:\/\/tuunerstuudio.ee\/wp-content\/uploads\/2026\/02\/Produkt_05.webp\" \/>\n\t<meta property=\"og:image:width\" content=\"1024\" \/>\n\t<meta property=\"og:image:height\" content=\"844\" \/>\n\t<meta property=\"og:image:type\" content=\"image\/webp\" \/>\n<meta name=\"twitter:card\" content=\"summary_large_image\" \/>\n<meta name=\"twitter:label1\" content=\"Est. reading time\" \/>\n\t<meta name=\"twitter:data1\" content=\"1 minute\" \/>\n<script type=\"application\/ld+json\" class=\"yoast-schema-graph\">{\"@context\":\"https:\/\/schema.org\",\"@graph\":[{\"@type\":\"WebPage\",\"@id\":\"https:\/\/tuunerstuudio.ee\/en\/toode\/kutusepaagi-labiviiguhendus-10-mm-10-mm\/\",\"url\":\"https:\/\/tuunerstuudio.ee\/en\/toode\/kutusepaagi-labiviiguhendus-10-mm-10-mm\/\",\"name\":\"Fuel cell bulkhead fitting 10mm \u2013 10mm - TuunerStuudio\",\"isPartOf\":{\"@id\":\"https:\/\/tuunerstuudio.ee\/en\/#website\"},\"primaryImageOfPage\":{\"@id\":\"https:\/\/tuunerstuudio.ee\/en\/toode\/kutusepaagi-labiviiguhendus-10-mm-10-mm\/#primaryimage\"},\"image\":{\"@id\":\"https:\/\/tuunerstuudio.ee\/toode\/kutusepaagi-labiviiguhendus-10-mm-10-mm\/#primaryimage\"},\"thumbnailUrl\":\"https:\/\/tuunerstuudio.ee\/wp-content\/uploads\/2026\/02\/Produkt_05.webp\",\"datePublished\":\"2026-02-08T16:33:51+00:00\",\"breadcrumb\":{\"@id\":\"https:\/\/tuunerstuudio.ee\/en\/toode\/kutusepaagi-labiviiguhendus-10-mm-10-mm\/#breadcrumb\"},\"inLanguage\":\"en-US\",\"potentialAction\":[{\"@type\":\"ReadAction\",\"target\":[[\"https:\/\/tuunerstuudio.ee\/en\/toode\/kutusepaagi-labiviiguhendus-10-mm-10-mm\/\"]]}]},{\"@type\":\"ImageObject\",\"inLanguage\":\"en-US\",\"@id\":\"https:\/\/tuunerstuudio.ee\/en\/toode\/kutusepaagi-labiviiguhendus-10-mm-10-mm\/#primaryimage\",\"url\":\"https:\/\/tuunerstuudio.ee\/wp-content\/uploads\/2026\/02\/Produkt_05.webp\",\"contentUrl\":\"https:\/\/tuunerstuudio.ee\/wp-content\/uploads\/2026\/02\/Produkt_05.webp\",\"width\":1024,\"height\":844},{\"@type\":\"BreadcrumbList\",\"@id\":\"https:\/\/tuunerstuudio.ee\/en\/toode\/kutusepaagi-labiviiguhendus-10-mm-10-mm\/#breadcrumb\",\"itemListElement\":[{\"@type\":\"ListItem\",\"position\":1,\"name\":\"Home\",\"item\":\"https:\/\/tuunerstuudio.ee\/en\/\"},{\"@type\":\"ListItem\",\"position\":2,\"name\":\"Tooted\",\"item\":\"https:\/\/www.tuunerstuudio.ee\/tooted\/\"},{\"@type\":\"ListItem\",\"position\":3,\"name\":\"K\u00fctusepaagi l\u00e4biviig\u00fchendus 10 mm \u2013 10 mm\"}]},{\"@type\":\"WebSite\",\"@id\":\"https:\/\/tuunerstuudio.ee\/en\/#website\",\"url\":\"https:\/\/tuunerstuudio.ee\/en\/\",\"name\":\"tuunerstuudio\",\"description\":\"\",\"potentialAction\":[{\"@type\":\"SearchAction\",\"target\":{\"@type\":\"EntryPoint\",\"urlTemplate\":\"https:\/\/tuunerstuudio.ee\/en\/?s={search_term_string}\"},\"query-input\":{\"@type\":\"PropertyValueSpecification\",\"valueRequired\":true,\"valueName\":\"search_term_string\"}}],\"inLanguage\":\"en-US\"}]}<\/script>\n<!-- \/ Yoast SEO plugin. -->","yoast_head_json":{"title":"Fuel cell bulkhead fitting 10mm \u2013 10mm - TuunerStuudio","robots":{"index":"index","follow":"follow","max-snippet":"max-snippet:-1","max-image-preview":"max-image-preview:large","max-video-preview":"max-video-preview:-1"},"canonical":"https:\/\/tuunerstuudio.ee\/en\/toode\/kutusepaagi-labiviiguhendus-10-mm-10-mm\/","og_locale":"en_US","og_type":"article","og_title":"Fuel cell bulkhead fitting 10mm \u2013 10mm - TuunerStuudio","og_description":"Fuel cell bulkhead fitting with hose connection gives you an opportunity to use the original pipe\/hose with a different type of fuel pump in the tank. In a compact form, it takes up very little space upwards to be used on most original tanks.  Included: 1x Tank penetration 1x Metal tray 1x PTFE Plastic washer 1x Nut  Measure: Height: 65mm overall (33mm~ above trays\/tank) Width: 22mm Length from spout to back of head: 50mm Pipe into tank: 16mm~ Through Hole Diameter: 24mm~","og_url":"https:\/\/tuunerstuudio.ee\/en\/toode\/kutusepaagi-labiviiguhendus-10-mm-10-mm\/","og_site_name":"TuunerStuudio","og_image":[{"width":1024,"height":844,"url":"https:\/\/tuunerstuudio.ee\/wp-content\/uploads\/2026\/02\/Produkt_05.webp","type":"image\/webp"}],"twitter_card":"summary_large_image","twitter_misc":{"Est. reading time":"1 minute"},"schema":{"@context":"https:\/\/schema.org","@graph":[{"@type":"WebPage","@id":"https:\/\/tuunerstuudio.ee\/en\/toode\/kutusepaagi-labiviiguhendus-10-mm-10-mm\/","url":"https:\/\/tuunerstuudio.ee\/en\/toode\/kutusepaagi-labiviiguhendus-10-mm-10-mm\/","name":"Fuel cell bulkhead fitting 10mm \u2013 10mm - TuunerStuudio","isPartOf":{"@id":"https:\/\/tuunerstuudio.ee\/en\/#website"},"primaryImageOfPage":{"@id":"https:\/\/tuunerstuudio.ee\/en\/toode\/kutusepaagi-labiviiguhendus-10-mm-10-mm\/#primaryimage"},"image":{"@id":"https:\/\/tuunerstuudio.ee\/toode\/kutusepaagi-labiviiguhendus-10-mm-10-mm\/#primaryimage"},"thumbnailUrl":"https:\/\/tuunerstuudio.ee\/wp-content\/uploads\/2026\/02\/Produkt_05.webp","datePublished":"2026-02-08T16:33:51+00:00","breadcrumb":{"@id":"https:\/\/tuunerstuudio.ee\/en\/toode\/kutusepaagi-labiviiguhendus-10-mm-10-mm\/#breadcrumb"},"inLanguage":"en-US","potentialAction":[{"@type":"ReadAction","target":[["https:\/\/tuunerstuudio.ee\/en\/toode\/kutusepaagi-labiviiguhendus-10-mm-10-mm\/"]]}]},{"@type":"ImageObject","inLanguage":"en-US","@id":"https:\/\/tuunerstuudio.ee\/en\/toode\/kutusepaagi-labiviiguhendus-10-mm-10-mm\/#primaryimage","url":"https:\/\/tuunerstuudio.ee\/wp-content\/uploads\/2026\/02\/Produkt_05.webp","contentUrl":"https:\/\/tuunerstuudio.ee\/wp-content\/uploads\/2026\/02\/Produkt_05.webp","width":1024,"height":844},{"@type":"BreadcrumbList","@id":"https:\/\/tuunerstuudio.ee\/en\/toode\/kutusepaagi-labiviiguhendus-10-mm-10-mm\/#breadcrumb","itemListElement":[{"@type":"ListItem","position":1,"name":"Home","item":"https:\/\/tuunerstuudio.ee\/en\/"},{"@type":"ListItem","position":2,"name":"Tooted","item":"https:\/\/www.tuunerstuudio.ee\/tooted\/"},{"@type":"ListItem","position":3,"name":"K\u00fctusepaagi l\u00e4biviig\u00fchendus 10 mm \u2013 10 mm"}]},{"@type":"WebSite","@id":"https:\/\/tuunerstuudio.ee\/en\/#website","url":"https:\/\/tuunerstuudio.ee\/en\/","name":"tuunerstuudio","description":"","potentialAction":[{"@type":"SearchAction","target":{"@type":"EntryPoint","urlTemplate":"https:\/\/tuunerstuudio.ee\/en\/?s={search_term_string}"},"query-input":{"@type":"PropertyValueSpecification","valueRequired":true,"valueName":"search_term_string"}}],"inLanguage":"en-US"}]}},"_links":{"self":[{"href":"https:\/\/tuunerstuudio.ee\/en\/wp-json\/wp\/v2\/product\/33185","targetHints":{"allow":["GET"]}}],"collection":[{"href":"https:\/\/tuunerstuudio.ee\/en\/wp-json\/wp\/v2\/product"}],"about":[{"href":"https:\/\/tuunerstuudio.ee\/en\/wp-json\/wp\/v2\/types\/product"}],"replies":[{"embeddable":true,"href":"https:\/\/tuunerstuudio.ee\/en\/wp-json\/wp\/v2\/comments?post=33185"}],"wp:featuredmedia":[{"embeddable":true,"href":"https:\/\/tuunerstuudio.ee\/en\/wp-json\/wp\/v2\/media\/33186"}],"wp:attachment":[{"href":"https:\/\/tuunerstuudio.ee\/en\/wp-json\/wp\/v2\/media?parent=33185"}],"wp:term":[{"taxonomy":"product_brand","embeddable":true,"href":"https:\/\/tuunerstuudio.ee\/en\/wp-json\/wp\/v2\/product_brand?post=33185"},{"taxonomy":"product_cat","embeddable":true,"href":"https:\/\/tuunerstuudio.ee\/en\/wp-json\/wp\/v2\/product_cat?post=33185"},{"taxonomy":"product_tag","embeddable":true,"href":"https:\/\/tuunerstuudio.ee\/en\/wp-json\/wp\/v2\/product_tag?post=33185"}],"curies":[{"name":"wp","href":"https:\/\/api.w.org\/{rel}","templated":true}]}}