{"id":33178,"date":"2026-02-08T18:20:23","date_gmt":"2026-02-08T16:20:23","guid":{"rendered":"https:\/\/tuunerstuudio.ee\/?post_type=product&#038;p=33178"},"modified":"2026-02-08T18:20:23","modified_gmt":"2026-02-08T16:20:23","slug":"an10-kutusepaagi-labiviiguhendus","status":"publish","type":"product","link":"https:\/\/tuunerstuudio.ee\/en\/toode\/an10-kutusepaagi-labiviiguhendus\/","title":{"rendered":"AN10 Fuel cell bulkhead fitting"},"content":{"rendered":"","protected":false},"excerpt":{"rendered":"<p>AN10 Fuel cell bulkhead fitting matte black. Used to get outlet or inlet from fuel cell, valve cover, breather tank, etc. Plastic washers included.<br \/>\nThe AN fittings can be used with all available fuels such as gasoline, methanol, ethanol, and diesel. They are also suitable for use in water, air, and oil systems.<\/p>\n","protected":false},"featured_media":33176,"comment_status":"closed","ping_status":"closed","template":"","meta":[],"product_brand":[],"product_cat":[1822,83,614,623,624],"product_tag":[],"class_list":{"0":"post-33178","1":"product","2":"type-product","3":"status-publish","4":"has-post-thumbnail","6":"product_cat-labiviiguhendus-paak","7":"product_cat-an-liited","8":"product_cat-speeding-an-liited","9":"product_cat-an-liitmikud-voolikud","10":"product_cat-an-liitmikud","12":"first","13":"onbackorder","14":"taxable","15":"shipping-taxable","16":"purchasable","17":"product-type-simple"},"yoast_head":"<!-- This site is optimized with the Yoast SEO plugin v26.9 - https:\/\/yoast.com\/product\/yoast-seo-wordpress\/ -->\n<title>AN10 Fuel cell bulkhead fitting - TuunerStuudio<\/title>\n<meta name=\"robots\" content=\"index, follow, max-snippet:-1, max-image-preview:large, max-video-preview:-1\" \/>\n<link rel=\"canonical\" href=\"https:\/\/tuunerstuudio.ee\/en\/toode\/an10-kutusepaagi-labiviiguhendus\/\" \/>\n<meta property=\"og:locale\" content=\"en_US\" \/>\n<meta property=\"og:type\" content=\"article\" \/>\n<meta property=\"og:title\" content=\"AN10 Fuel cell bulkhead fitting - TuunerStuudio\" \/>\n<meta property=\"og:description\" content=\"AN10 Fuel cell bulkhead fitting matte black. Used to get outlet or inlet from fuel cell, valve cover, breather tank, etc. Plastic washers included. The AN fittings can be used with all available fuels such as gasoline, methanol, ethanol, and diesel. They are also suitable for use in water, air, and oil systems.\" \/>\n<meta property=\"og:url\" content=\"https:\/\/tuunerstuudio.ee\/en\/toode\/an10-kutusepaagi-labiviiguhendus\/\" \/>\n<meta property=\"og:site_name\" content=\"TuunerStuudio\" \/>\n<meta property=\"og:image\" content=\"https:\/\/tuunerstuudio.ee\/wp-content\/uploads\/2026\/02\/AN-fuel-tank-bulk-head-1.webp\" \/>\n\t<meta property=\"og:image:width\" content=\"1024\" \/>\n\t<meta property=\"og:image:height\" content=\"1024\" \/>\n\t<meta property=\"og:image:type\" content=\"image\/webp\" \/>\n<meta name=\"twitter:card\" content=\"summary_large_image\" \/>\n<meta name=\"twitter:label1\" content=\"Est. reading time\" \/>\n\t<meta name=\"twitter:data1\" content=\"1 minute\" \/>\n<script type=\"application\/ld+json\" class=\"yoast-schema-graph\">{\"@context\":\"https:\/\/schema.org\",\"@graph\":[{\"@type\":\"WebPage\",\"@id\":\"https:\/\/tuunerstuudio.ee\/en\/toode\/an10-kutusepaagi-labiviiguhendus\/\",\"url\":\"https:\/\/tuunerstuudio.ee\/en\/toode\/an10-kutusepaagi-labiviiguhendus\/\",\"name\":\"AN10 Fuel cell bulkhead fitting - TuunerStuudio\",\"isPartOf\":{\"@id\":\"https:\/\/tuunerstuudio.ee\/en\/#website\"},\"primaryImageOfPage\":{\"@id\":\"https:\/\/tuunerstuudio.ee\/en\/toode\/an10-kutusepaagi-labiviiguhendus\/#primaryimage\"},\"image\":{\"@id\":\"https:\/\/tuunerstuudio.ee\/toode\/an10-kutusepaagi-labiviiguhendus\/#primaryimage\"},\"thumbnailUrl\":\"https:\/\/tuunerstuudio.ee\/wp-content\/uploads\/2026\/02\/AN-fuel-tank-bulk-head-1.webp\",\"datePublished\":\"2026-02-08T16:20:23+00:00\",\"breadcrumb\":{\"@id\":\"https:\/\/tuunerstuudio.ee\/en\/toode\/an10-kutusepaagi-labiviiguhendus\/#breadcrumb\"},\"inLanguage\":\"en-US\",\"potentialAction\":[{\"@type\":\"ReadAction\",\"target\":[[\"https:\/\/tuunerstuudio.ee\/en\/toode\/an10-kutusepaagi-labiviiguhendus\/\"]]}]},{\"@type\":\"ImageObject\",\"inLanguage\":\"en-US\",\"@id\":\"https:\/\/tuunerstuudio.ee\/en\/toode\/an10-kutusepaagi-labiviiguhendus\/#primaryimage\",\"url\":\"https:\/\/tuunerstuudio.ee\/wp-content\/uploads\/2026\/02\/AN-fuel-tank-bulk-head-1.webp\",\"contentUrl\":\"https:\/\/tuunerstuudio.ee\/wp-content\/uploads\/2026\/02\/AN-fuel-tank-bulk-head-1.webp\",\"width\":1024,\"height\":1024},{\"@type\":\"BreadcrumbList\",\"@id\":\"https:\/\/tuunerstuudio.ee\/en\/toode\/an10-kutusepaagi-labiviiguhendus\/#breadcrumb\",\"itemListElement\":[{\"@type\":\"ListItem\",\"position\":1,\"name\":\"Home\",\"item\":\"https:\/\/tuunerstuudio.ee\/en\/\"},{\"@type\":\"ListItem\",\"position\":2,\"name\":\"Tooted\",\"item\":\"https:\/\/www.tuunerstuudio.ee\/tooted\/\"},{\"@type\":\"ListItem\",\"position\":3,\"name\":\"AN10 k\u00fctusepaagi l\u00e4biviig\u00fchendus\"}]},{\"@type\":\"WebSite\",\"@id\":\"https:\/\/tuunerstuudio.ee\/en\/#website\",\"url\":\"https:\/\/tuunerstuudio.ee\/en\/\",\"name\":\"tuunerstuudio\",\"description\":\"\",\"potentialAction\":[{\"@type\":\"SearchAction\",\"target\":{\"@type\":\"EntryPoint\",\"urlTemplate\":\"https:\/\/tuunerstuudio.ee\/en\/?s={search_term_string}\"},\"query-input\":{\"@type\":\"PropertyValueSpecification\",\"valueRequired\":true,\"valueName\":\"search_term_string\"}}],\"inLanguage\":\"en-US\"}]}<\/script>\n<!-- \/ Yoast SEO plugin. -->","yoast_head_json":{"title":"AN10 Fuel cell bulkhead fitting - TuunerStuudio","robots":{"index":"index","follow":"follow","max-snippet":"max-snippet:-1","max-image-preview":"max-image-preview:large","max-video-preview":"max-video-preview:-1"},"canonical":"https:\/\/tuunerstuudio.ee\/en\/toode\/an10-kutusepaagi-labiviiguhendus\/","og_locale":"en_US","og_type":"article","og_title":"AN10 Fuel cell bulkhead fitting - TuunerStuudio","og_description":"AN10 Fuel cell bulkhead fitting matte black. Used to get outlet or inlet from fuel cell, valve cover, breather tank, etc. Plastic washers included. The AN fittings can be used with all available fuels such as gasoline, methanol, ethanol, and diesel. They are also suitable for use in water, air, and oil systems.","og_url":"https:\/\/tuunerstuudio.ee\/en\/toode\/an10-kutusepaagi-labiviiguhendus\/","og_site_name":"TuunerStuudio","og_image":[{"width":1024,"height":1024,"url":"https:\/\/tuunerstuudio.ee\/wp-content\/uploads\/2026\/02\/AN-fuel-tank-bulk-head-1.webp","type":"image\/webp"}],"twitter_card":"summary_large_image","twitter_misc":{"Est. reading time":"1 minute"},"schema":{"@context":"https:\/\/schema.org","@graph":[{"@type":"WebPage","@id":"https:\/\/tuunerstuudio.ee\/en\/toode\/an10-kutusepaagi-labiviiguhendus\/","url":"https:\/\/tuunerstuudio.ee\/en\/toode\/an10-kutusepaagi-labiviiguhendus\/","name":"AN10 Fuel cell bulkhead fitting - TuunerStuudio","isPartOf":{"@id":"https:\/\/tuunerstuudio.ee\/en\/#website"},"primaryImageOfPage":{"@id":"https:\/\/tuunerstuudio.ee\/en\/toode\/an10-kutusepaagi-labiviiguhendus\/#primaryimage"},"image":{"@id":"https:\/\/tuunerstuudio.ee\/toode\/an10-kutusepaagi-labiviiguhendus\/#primaryimage"},"thumbnailUrl":"https:\/\/tuunerstuudio.ee\/wp-content\/uploads\/2026\/02\/AN-fuel-tank-bulk-head-1.webp","datePublished":"2026-02-08T16:20:23+00:00","breadcrumb":{"@id":"https:\/\/tuunerstuudio.ee\/en\/toode\/an10-kutusepaagi-labiviiguhendus\/#breadcrumb"},"inLanguage":"en-US","potentialAction":[{"@type":"ReadAction","target":[["https:\/\/tuunerstuudio.ee\/en\/toode\/an10-kutusepaagi-labiviiguhendus\/"]]}]},{"@type":"ImageObject","inLanguage":"en-US","@id":"https:\/\/tuunerstuudio.ee\/en\/toode\/an10-kutusepaagi-labiviiguhendus\/#primaryimage","url":"https:\/\/tuunerstuudio.ee\/wp-content\/uploads\/2026\/02\/AN-fuel-tank-bulk-head-1.webp","contentUrl":"https:\/\/tuunerstuudio.ee\/wp-content\/uploads\/2026\/02\/AN-fuel-tank-bulk-head-1.webp","width":1024,"height":1024},{"@type":"BreadcrumbList","@id":"https:\/\/tuunerstuudio.ee\/en\/toode\/an10-kutusepaagi-labiviiguhendus\/#breadcrumb","itemListElement":[{"@type":"ListItem","position":1,"name":"Home","item":"https:\/\/tuunerstuudio.ee\/en\/"},{"@type":"ListItem","position":2,"name":"Tooted","item":"https:\/\/www.tuunerstuudio.ee\/tooted\/"},{"@type":"ListItem","position":3,"name":"AN10 k\u00fctusepaagi l\u00e4biviig\u00fchendus"}]},{"@type":"WebSite","@id":"https:\/\/tuunerstuudio.ee\/en\/#website","url":"https:\/\/tuunerstuudio.ee\/en\/","name":"tuunerstuudio","description":"","potentialAction":[{"@type":"SearchAction","target":{"@type":"EntryPoint","urlTemplate":"https:\/\/tuunerstuudio.ee\/en\/?s={search_term_string}"},"query-input":{"@type":"PropertyValueSpecification","valueRequired":true,"valueName":"search_term_string"}}],"inLanguage":"en-US"}]}},"_links":{"self":[{"href":"https:\/\/tuunerstuudio.ee\/en\/wp-json\/wp\/v2\/product\/33178","targetHints":{"allow":["GET"]}}],"collection":[{"href":"https:\/\/tuunerstuudio.ee\/en\/wp-json\/wp\/v2\/product"}],"about":[{"href":"https:\/\/tuunerstuudio.ee\/en\/wp-json\/wp\/v2\/types\/product"}],"replies":[{"embeddable":true,"href":"https:\/\/tuunerstuudio.ee\/en\/wp-json\/wp\/v2\/comments?post=33178"}],"wp:featuredmedia":[{"embeddable":true,"href":"https:\/\/tuunerstuudio.ee\/en\/wp-json\/wp\/v2\/media\/33176"}],"wp:attachment":[{"href":"https:\/\/tuunerstuudio.ee\/en\/wp-json\/wp\/v2\/media?parent=33178"}],"wp:term":[{"taxonomy":"product_brand","embeddable":true,"href":"https:\/\/tuunerstuudio.ee\/en\/wp-json\/wp\/v2\/product_brand?post=33178"},{"taxonomy":"product_cat","embeddable":true,"href":"https:\/\/tuunerstuudio.ee\/en\/wp-json\/wp\/v2\/product_cat?post=33178"},{"taxonomy":"product_tag","embeddable":true,"href":"https:\/\/tuunerstuudio.ee\/en\/wp-json\/wp\/v2\/product_tag?post=33178"}],"curies":[{"name":"wp","href":"https:\/\/api.w.org\/{rel}","templated":true}]}}