{"id":33077,"date":"2026-02-07T19:21:24","date_gmt":"2026-02-07T17:21:24","guid":{"rendered":"https:\/\/tuunerstuudio.ee\/?post_type=product&#038;p=33077"},"modified":"2026-03-16T21:40:31","modified_gmt":"2026-03-16T19:40:31","slug":"kutusevoolik-ptfe-sobib-paagi-sisse-10-mm-siselabimoot-30-cm","status":"publish","type":"product","link":"https:\/\/tuunerstuudio.ee\/en\/toode\/kutusevoolik-ptfe-sobib-paagi-sisse-10-mm-siselabimoot-30-cm\/","title":{"rendered":"Fuel hose PTFE (in tank compatible) 10mm ID &#8211; 30cm"},"content":{"rendered":"","protected":false},"excerpt":{"rendered":"<p>This PTFE fuel hose is specifically designed for in tank usage where you have in tank fuel pumps.<\/p>\n<p>The hose is completely made of PTFE so it can handle all fuels available on the market without any problems. The flexible design makes the hose soft and flexible. Therefore, you can buy a longer hose than you need, so you can easily spin the hose to make it shorter when needed.<\/p>\n<p>Specification:<br \/>\nID: 10mm inside<br \/>\nMaterial: PTFE hose<br \/>\nLength: 30cm<br \/>\nNormal working pressure: 0-7bar (0-101 psi)<br \/>\nMaximum pressure: 10bar (145 psi)<br \/>\nWorking temperature: -70 &#8211; 250 degrees<\/p>\n<p>Hose clamps must be used and is included<\/p>\n","protected":false},"featured_media":33076,"comment_status":"closed","ping_status":"closed","template":"","meta":[],"product_brand":[],"product_cat":[1803,1942,1899,1978,1900,1929,1945,83,614,623,624,16,79,93,80],"product_tag":[],"class_list":{"0":"post-33077","1":"product","2":"type-product","3":"status-publish","4":"has-post-thumbnail","6":"product_cat-an-kiiruhendus","7":"product_cat-kutusepumba-komplekt","8":"product_cat-kutusevoolik-paagisisene","9":"product_cat-spd-vahepaak","10":"product_cat-spd-kutusevoolik-paagisisene","11":"product_cat-spd-performance","12":"product_cat-spd-performance-parts-kutusepumba-komplekt","13":"product_cat-an-liited","14":"product_cat-speeding-an-liited","15":"product_cat-an-liitmikud-voolikud","16":"product_cat-an-liitmikud","17":"product_cat-kutusesusteem","18":"product_cat-paagid","19":"product_cat-lisatarvikud-paagid","20":"product_cat-vahepaak","22":"first","23":"onbackorder","24":"taxable","25":"shipping-taxable","26":"purchasable","27":"product-type-simple"},"yoast_head":"<!-- This site is optimized with the Yoast SEO plugin v26.9 - https:\/\/yoast.com\/product\/yoast-seo-wordpress\/ -->\n<title>Fuel hose PTFE (in tank compatible) 10mm ID - 30cm - TuunerStuudio<\/title>\n<meta name=\"robots\" content=\"index, follow, max-snippet:-1, max-image-preview:large, max-video-preview:-1\" \/>\n<link rel=\"canonical\" href=\"https:\/\/tuunerstuudio.ee\/en\/toode\/kutusevoolik-ptfe-sobib-paagi-sisse-10-mm-siselabimoot-30-cm\/\" \/>\n<meta property=\"og:locale\" content=\"en_US\" \/>\n<meta property=\"og:type\" content=\"article\" \/>\n<meta property=\"og:title\" content=\"Fuel hose PTFE (in tank compatible) 10mm ID - 30cm - TuunerStuudio\" \/>\n<meta property=\"og:description\" content=\"This PTFE fuel hose is specifically designed for in tank usage where you have in tank fuel pumps.  The hose is completely made of PTFE so it can handle all fuels available on the market without any problems. The flexible design makes the hose soft and flexible. Therefore, you can buy a longer hose than you need, so you can easily spin the hose to make it shorter when needed.  Specification: ID: 10mm inside Material: PTFE hose Length: 30cm Normal working pressure: 0-7bar (0-101 psi) Maximum pressure: 10bar (145 psi) Working temperature: -70 - 250 degrees  Hose clamps must be used and is included\" \/>\n<meta property=\"og:url\" content=\"https:\/\/tuunerstuudio.ee\/en\/toode\/kutusevoolik-ptfe-sobib-paagi-sisse-10-mm-siselabimoot-30-cm\/\" \/>\n<meta property=\"og:site_name\" content=\"TuunerStuudio\" \/>\n<meta property=\"article:modified_time\" content=\"2026-03-16T19:40:31+00:00\" \/>\n<meta property=\"og:image\" content=\"https:\/\/tuunerstuudio.ee\/wp-content\/uploads\/2026\/02\/Fuel-hose-PTFE-in-tank-compatible-1.webp\" \/>\n\t<meta property=\"og:image:width\" content=\"1024\" \/>\n\t<meta property=\"og:image:height\" content=\"1024\" \/>\n\t<meta property=\"og:image:type\" content=\"image\/webp\" \/>\n<meta name=\"twitter:card\" content=\"summary_large_image\" \/>\n<meta name=\"twitter:label1\" content=\"Est. reading time\" \/>\n\t<meta name=\"twitter:data1\" content=\"1 minute\" \/>\n<script type=\"application\/ld+json\" class=\"yoast-schema-graph\">{\"@context\":\"https:\/\/schema.org\",\"@graph\":[{\"@type\":\"WebPage\",\"@id\":\"https:\/\/tuunerstuudio.ee\/en\/toode\/kutusevoolik-ptfe-sobib-paagi-sisse-10-mm-siselabimoot-30-cm\/\",\"url\":\"https:\/\/tuunerstuudio.ee\/en\/toode\/kutusevoolik-ptfe-sobib-paagi-sisse-10-mm-siselabimoot-30-cm\/\",\"name\":\"Fuel hose PTFE (in tank compatible) 10mm ID - 30cm - TuunerStuudio\",\"isPartOf\":{\"@id\":\"https:\/\/tuunerstuudio.ee\/en\/#website\"},\"primaryImageOfPage\":{\"@id\":\"https:\/\/tuunerstuudio.ee\/en\/toode\/kutusevoolik-ptfe-sobib-paagi-sisse-10-mm-siselabimoot-30-cm\/#primaryimage\"},\"image\":{\"@id\":\"https:\/\/tuunerstuudio.ee\/toode\/kutusevoolik-ptfe-sobib-paagi-sisse-10-mm-siselabimoot-30-cm\/#primaryimage\"},\"thumbnailUrl\":\"https:\/\/tuunerstuudio.ee\/wp-content\/uploads\/2026\/02\/Fuel-hose-PTFE-in-tank-compatible-1.webp\",\"datePublished\":\"2026-02-07T17:21:24+00:00\",\"dateModified\":\"2026-03-16T19:40:31+00:00\",\"breadcrumb\":{\"@id\":\"https:\/\/tuunerstuudio.ee\/en\/toode\/kutusevoolik-ptfe-sobib-paagi-sisse-10-mm-siselabimoot-30-cm\/#breadcrumb\"},\"inLanguage\":\"en-US\",\"potentialAction\":[{\"@type\":\"ReadAction\",\"target\":[[\"https:\/\/tuunerstuudio.ee\/en\/toode\/kutusevoolik-ptfe-sobib-paagi-sisse-10-mm-siselabimoot-30-cm\/\"]]}]},{\"@type\":\"ImageObject\",\"inLanguage\":\"en-US\",\"@id\":\"https:\/\/tuunerstuudio.ee\/en\/toode\/kutusevoolik-ptfe-sobib-paagi-sisse-10-mm-siselabimoot-30-cm\/#primaryimage\",\"url\":\"https:\/\/tuunerstuudio.ee\/wp-content\/uploads\/2026\/02\/Fuel-hose-PTFE-in-tank-compatible-1.webp\",\"contentUrl\":\"https:\/\/tuunerstuudio.ee\/wp-content\/uploads\/2026\/02\/Fuel-hose-PTFE-in-tank-compatible-1.webp\",\"width\":1024,\"height\":1024},{\"@type\":\"BreadcrumbList\",\"@id\":\"https:\/\/tuunerstuudio.ee\/en\/toode\/kutusevoolik-ptfe-sobib-paagi-sisse-10-mm-siselabimoot-30-cm\/#breadcrumb\",\"itemListElement\":[{\"@type\":\"ListItem\",\"position\":1,\"name\":\"Home\",\"item\":\"https:\/\/tuunerstuudio.ee\/en\/\"},{\"@type\":\"ListItem\",\"position\":2,\"name\":\"Tooted\",\"item\":\"https:\/\/www.tuunerstuudio.ee\/tooted\/\"},{\"@type\":\"ListItem\",\"position\":3,\"name\":\"K\u00fctusevoolik PTFE (sobib paagi sisse) 10 mm sisel\u00e4bim\u00f5\u00f5t &#8211; 30 cm\"}]},{\"@type\":\"WebSite\",\"@id\":\"https:\/\/tuunerstuudio.ee\/en\/#website\",\"url\":\"https:\/\/tuunerstuudio.ee\/en\/\",\"name\":\"tuunerstuudio\",\"description\":\"\",\"potentialAction\":[{\"@type\":\"SearchAction\",\"target\":{\"@type\":\"EntryPoint\",\"urlTemplate\":\"https:\/\/tuunerstuudio.ee\/en\/?s={search_term_string}\"},\"query-input\":{\"@type\":\"PropertyValueSpecification\",\"valueRequired\":true,\"valueName\":\"search_term_string\"}}],\"inLanguage\":\"en-US\"}]}<\/script>\n<!-- \/ Yoast SEO plugin. -->","yoast_head_json":{"title":"Fuel hose PTFE (in tank compatible) 10mm ID - 30cm - TuunerStuudio","robots":{"index":"index","follow":"follow","max-snippet":"max-snippet:-1","max-image-preview":"max-image-preview:large","max-video-preview":"max-video-preview:-1"},"canonical":"https:\/\/tuunerstuudio.ee\/en\/toode\/kutusevoolik-ptfe-sobib-paagi-sisse-10-mm-siselabimoot-30-cm\/","og_locale":"en_US","og_type":"article","og_title":"Fuel hose PTFE (in tank compatible) 10mm ID - 30cm - TuunerStuudio","og_description":"This PTFE fuel hose is specifically designed for in tank usage where you have in tank fuel pumps.  The hose is completely made of PTFE so it can handle all fuels available on the market without any problems. The flexible design makes the hose soft and flexible. Therefore, you can buy a longer hose than you need, so you can easily spin the hose to make it shorter when needed.  Specification: ID: 10mm inside Material: PTFE hose Length: 30cm Normal working pressure: 0-7bar (0-101 psi) Maximum pressure: 10bar (145 psi) Working temperature: -70 - 250 degrees  Hose clamps must be used and is included","og_url":"https:\/\/tuunerstuudio.ee\/en\/toode\/kutusevoolik-ptfe-sobib-paagi-sisse-10-mm-siselabimoot-30-cm\/","og_site_name":"TuunerStuudio","article_modified_time":"2026-03-16T19:40:31+00:00","og_image":[{"width":1024,"height":1024,"url":"https:\/\/tuunerstuudio.ee\/wp-content\/uploads\/2026\/02\/Fuel-hose-PTFE-in-tank-compatible-1.webp","type":"image\/webp"}],"twitter_card":"summary_large_image","twitter_misc":{"Est. reading time":"1 minute"},"schema":{"@context":"https:\/\/schema.org","@graph":[{"@type":"WebPage","@id":"https:\/\/tuunerstuudio.ee\/en\/toode\/kutusevoolik-ptfe-sobib-paagi-sisse-10-mm-siselabimoot-30-cm\/","url":"https:\/\/tuunerstuudio.ee\/en\/toode\/kutusevoolik-ptfe-sobib-paagi-sisse-10-mm-siselabimoot-30-cm\/","name":"Fuel hose PTFE (in tank compatible) 10mm ID - 30cm - TuunerStuudio","isPartOf":{"@id":"https:\/\/tuunerstuudio.ee\/en\/#website"},"primaryImageOfPage":{"@id":"https:\/\/tuunerstuudio.ee\/en\/toode\/kutusevoolik-ptfe-sobib-paagi-sisse-10-mm-siselabimoot-30-cm\/#primaryimage"},"image":{"@id":"https:\/\/tuunerstuudio.ee\/toode\/kutusevoolik-ptfe-sobib-paagi-sisse-10-mm-siselabimoot-30-cm\/#primaryimage"},"thumbnailUrl":"https:\/\/tuunerstuudio.ee\/wp-content\/uploads\/2026\/02\/Fuel-hose-PTFE-in-tank-compatible-1.webp","datePublished":"2026-02-07T17:21:24+00:00","dateModified":"2026-03-16T19:40:31+00:00","breadcrumb":{"@id":"https:\/\/tuunerstuudio.ee\/en\/toode\/kutusevoolik-ptfe-sobib-paagi-sisse-10-mm-siselabimoot-30-cm\/#breadcrumb"},"inLanguage":"en-US","potentialAction":[{"@type":"ReadAction","target":[["https:\/\/tuunerstuudio.ee\/en\/toode\/kutusevoolik-ptfe-sobib-paagi-sisse-10-mm-siselabimoot-30-cm\/"]]}]},{"@type":"ImageObject","inLanguage":"en-US","@id":"https:\/\/tuunerstuudio.ee\/en\/toode\/kutusevoolik-ptfe-sobib-paagi-sisse-10-mm-siselabimoot-30-cm\/#primaryimage","url":"https:\/\/tuunerstuudio.ee\/wp-content\/uploads\/2026\/02\/Fuel-hose-PTFE-in-tank-compatible-1.webp","contentUrl":"https:\/\/tuunerstuudio.ee\/wp-content\/uploads\/2026\/02\/Fuel-hose-PTFE-in-tank-compatible-1.webp","width":1024,"height":1024},{"@type":"BreadcrumbList","@id":"https:\/\/tuunerstuudio.ee\/en\/toode\/kutusevoolik-ptfe-sobib-paagi-sisse-10-mm-siselabimoot-30-cm\/#breadcrumb","itemListElement":[{"@type":"ListItem","position":1,"name":"Home","item":"https:\/\/tuunerstuudio.ee\/en\/"},{"@type":"ListItem","position":2,"name":"Tooted","item":"https:\/\/www.tuunerstuudio.ee\/tooted\/"},{"@type":"ListItem","position":3,"name":"K\u00fctusevoolik PTFE (sobib paagi sisse) 10 mm sisel\u00e4bim\u00f5\u00f5t &#8211; 30 cm"}]},{"@type":"WebSite","@id":"https:\/\/tuunerstuudio.ee\/en\/#website","url":"https:\/\/tuunerstuudio.ee\/en\/","name":"tuunerstuudio","description":"","potentialAction":[{"@type":"SearchAction","target":{"@type":"EntryPoint","urlTemplate":"https:\/\/tuunerstuudio.ee\/en\/?s={search_term_string}"},"query-input":{"@type":"PropertyValueSpecification","valueRequired":true,"valueName":"search_term_string"}}],"inLanguage":"en-US"}]}},"_links":{"self":[{"href":"https:\/\/tuunerstuudio.ee\/en\/wp-json\/wp\/v2\/product\/33077","targetHints":{"allow":["GET"]}}],"collection":[{"href":"https:\/\/tuunerstuudio.ee\/en\/wp-json\/wp\/v2\/product"}],"about":[{"href":"https:\/\/tuunerstuudio.ee\/en\/wp-json\/wp\/v2\/types\/product"}],"replies":[{"embeddable":true,"href":"https:\/\/tuunerstuudio.ee\/en\/wp-json\/wp\/v2\/comments?post=33077"}],"wp:featuredmedia":[{"embeddable":true,"href":"https:\/\/tuunerstuudio.ee\/en\/wp-json\/wp\/v2\/media\/33076"}],"wp:attachment":[{"href":"https:\/\/tuunerstuudio.ee\/en\/wp-json\/wp\/v2\/media?parent=33077"}],"wp:term":[{"taxonomy":"product_brand","embeddable":true,"href":"https:\/\/tuunerstuudio.ee\/en\/wp-json\/wp\/v2\/product_brand?post=33077"},{"taxonomy":"product_cat","embeddable":true,"href":"https:\/\/tuunerstuudio.ee\/en\/wp-json\/wp\/v2\/product_cat?post=33077"},{"taxonomy":"product_tag","embeddable":true,"href":"https:\/\/tuunerstuudio.ee\/en\/wp-json\/wp\/v2\/product_tag?post=33077"}],"curies":[{"name":"wp","href":"https:\/\/api.w.org\/{rel}","templated":true}]}}