{"id":32729,"date":"2026-01-30T18:24:54","date_gmt":"2026-01-30T16:24:54","guid":{"rendered":"https:\/\/tuunerstuudio.ee\/?post_type=product&#038;p=32729"},"modified":"2026-01-30T18:24:55","modified_gmt":"2026-01-30T16:24:55","slug":"m16x1-5-1-8-npt-reduktor","status":"publish","type":"product","link":"https:\/\/tuunerstuudio.ee\/en\/toode\/m16x1-5-1-8-npt-reduktor\/","title":{"rendered":"M16x1.5 \u2013 1\/8&#8243; NPT reduction"},"content":{"rendered":"","protected":false},"excerpt":{"rendered":"<p>Male thread: M16x1.5<br \/>\nInternal thread: 1\/8&#8243;<\/p>\n<p>SPD AN-liitmikud on absoluutse tipptasemega kvaliteediga. K\u00f5ik AN-liitmikud on k\u00f5vaanodeeritud, mis muudab need v\u00e4ga kulumiskindlaks. AN-liitmikud sobivad kasutamiseks k\u00f5igi levinud k\u00fctustega, nagu bensiin, metanool, etanool ja diisel. Samuti sobivad need vee-, \u00f5hu- ja \u00f5lis\u00fcsteemidesse.<\/p>\n","protected":false},"featured_media":32719,"comment_status":"closed","ping_status":"closed","template":"","meta":[],"product_brand":[],"product_cat":[1771,83,614,623,624],"product_tag":[],"class_list":{"0":"post-32729","1":"product","2":"type-product","3":"status-publish","4":"has-post-thumbnail","6":"product_cat-mm-npt-npt-reduktor","7":"product_cat-an-liited","8":"product_cat-speeding-an-liited","9":"product_cat-an-liitmikud-voolikud","10":"product_cat-an-liitmikud","12":"first","13":"onbackorder","14":"taxable","15":"shipping-taxable","16":"purchasable","17":"product-type-simple"},"yoast_head":"<!-- This site is optimized with the Yoast SEO plugin v26.9 - https:\/\/yoast.com\/product\/yoast-seo-wordpress\/ -->\n<title>M16x1.5 \u2013 1\/8&quot; NPT reduction - TuunerStuudio<\/title>\n<meta name=\"robots\" content=\"index, follow, max-snippet:-1, max-image-preview:large, max-video-preview:-1\" \/>\n<link rel=\"canonical\" href=\"https:\/\/tuunerstuudio.ee\/en\/toode\/m16x1-5-1-8-npt-reduktor\/\" \/>\n<meta property=\"og:locale\" content=\"en_US\" \/>\n<meta property=\"og:type\" content=\"article\" \/>\n<meta property=\"og:title\" content=\"M16x1.5 \u2013 1\/8&quot; NPT reduction - TuunerStuudio\" \/>\n<meta property=\"og:description\" content=\"Male thread: M16x1.5 Internal thread: 1\/8&quot;  SPD AN-liitmikud on absoluutse tipptasemega kvaliteediga. K\u00f5ik AN-liitmikud on k\u00f5vaanodeeritud, mis muudab need v\u00e4ga kulumiskindlaks. AN-liitmikud sobivad kasutamiseks k\u00f5igi levinud k\u00fctustega, nagu bensiin, metanool, etanool ja diisel. Samuti sobivad need vee-, \u00f5hu- ja \u00f5lis\u00fcsteemidesse.\" \/>\n<meta property=\"og:url\" content=\"https:\/\/tuunerstuudio.ee\/en\/toode\/m16x1-5-1-8-npt-reduktor\/\" \/>\n<meta property=\"og:site_name\" content=\"TuunerStuudio\" \/>\n<meta property=\"article:modified_time\" content=\"2026-01-30T16:24:55+00:00\" \/>\n<meta property=\"og:image\" content=\"https:\/\/tuunerstuudio.ee\/wp-content\/uploads\/2026\/01\/AN-plugg-NPT-uttag.webp\" \/>\n\t<meta property=\"og:image:width\" content=\"501\" \/>\n\t<meta property=\"og:image:height\" content=\"478\" \/>\n\t<meta property=\"og:image:type\" content=\"image\/webp\" \/>\n<meta name=\"twitter:card\" content=\"summary_large_image\" \/>\n<meta name=\"twitter:label1\" content=\"Est. reading time\" \/>\n\t<meta name=\"twitter:data1\" content=\"1 minute\" \/>\n<script type=\"application\/ld+json\" class=\"yoast-schema-graph\">{\"@context\":\"https:\/\/schema.org\",\"@graph\":[{\"@type\":\"WebPage\",\"@id\":\"https:\/\/tuunerstuudio.ee\/en\/toode\/m16x1-5-1-8-npt-reduktor\/\",\"url\":\"https:\/\/tuunerstuudio.ee\/en\/toode\/m16x1-5-1-8-npt-reduktor\/\",\"name\":\"M16x1.5 \u2013 1\/8\\\" NPT reduction - TuunerStuudio\",\"isPartOf\":{\"@id\":\"https:\/\/tuunerstuudio.ee\/en\/#website\"},\"primaryImageOfPage\":{\"@id\":\"https:\/\/tuunerstuudio.ee\/en\/toode\/m16x1-5-1-8-npt-reduktor\/#primaryimage\"},\"image\":{\"@id\":\"https:\/\/tuunerstuudio.ee\/toode\/m16x1-5-1-8-npt-reduktor\/#primaryimage\"},\"thumbnailUrl\":\"https:\/\/tuunerstuudio.ee\/wp-content\/uploads\/2026\/01\/AN-plugg-NPT-uttag.webp\",\"datePublished\":\"2026-01-30T16:24:54+00:00\",\"dateModified\":\"2026-01-30T16:24:55+00:00\",\"breadcrumb\":{\"@id\":\"https:\/\/tuunerstuudio.ee\/en\/toode\/m16x1-5-1-8-npt-reduktor\/#breadcrumb\"},\"inLanguage\":\"en-US\",\"potentialAction\":[{\"@type\":\"ReadAction\",\"target\":[[\"https:\/\/tuunerstuudio.ee\/en\/toode\/m16x1-5-1-8-npt-reduktor\/\"]]}]},{\"@type\":\"ImageObject\",\"inLanguage\":\"en-US\",\"@id\":\"https:\/\/tuunerstuudio.ee\/en\/toode\/m16x1-5-1-8-npt-reduktor\/#primaryimage\",\"url\":\"https:\/\/tuunerstuudio.ee\/wp-content\/uploads\/2026\/01\/AN-plugg-NPT-uttag.webp\",\"contentUrl\":\"https:\/\/tuunerstuudio.ee\/wp-content\/uploads\/2026\/01\/AN-plugg-NPT-uttag.webp\",\"width\":501,\"height\":478},{\"@type\":\"BreadcrumbList\",\"@id\":\"https:\/\/tuunerstuudio.ee\/en\/toode\/m16x1-5-1-8-npt-reduktor\/#breadcrumb\",\"itemListElement\":[{\"@type\":\"ListItem\",\"position\":1,\"name\":\"Home\",\"item\":\"https:\/\/tuunerstuudio.ee\/en\/\"},{\"@type\":\"ListItem\",\"position\":2,\"name\":\"Tooted\",\"item\":\"https:\/\/www.tuunerstuudio.ee\/tooted\/\"},{\"@type\":\"ListItem\",\"position\":3,\"name\":\"M16x1.5 \u2013 1\/8&#8243; NPT reduktor\"}]},{\"@type\":\"WebSite\",\"@id\":\"https:\/\/tuunerstuudio.ee\/en\/#website\",\"url\":\"https:\/\/tuunerstuudio.ee\/en\/\",\"name\":\"tuunerstuudio\",\"description\":\"\",\"potentialAction\":[{\"@type\":\"SearchAction\",\"target\":{\"@type\":\"EntryPoint\",\"urlTemplate\":\"https:\/\/tuunerstuudio.ee\/en\/?s={search_term_string}\"},\"query-input\":{\"@type\":\"PropertyValueSpecification\",\"valueRequired\":true,\"valueName\":\"search_term_string\"}}],\"inLanguage\":\"en-US\"}]}<\/script>\n<!-- \/ Yoast SEO plugin. -->","yoast_head_json":{"title":"M16x1.5 \u2013 1\/8\" NPT reduction - TuunerStuudio","robots":{"index":"index","follow":"follow","max-snippet":"max-snippet:-1","max-image-preview":"max-image-preview:large","max-video-preview":"max-video-preview:-1"},"canonical":"https:\/\/tuunerstuudio.ee\/en\/toode\/m16x1-5-1-8-npt-reduktor\/","og_locale":"en_US","og_type":"article","og_title":"M16x1.5 \u2013 1\/8\" NPT reduction - TuunerStuudio","og_description":"Male thread: M16x1.5 Internal thread: 1\/8\"  SPD AN-liitmikud on absoluutse tipptasemega kvaliteediga. K\u00f5ik AN-liitmikud on k\u00f5vaanodeeritud, mis muudab need v\u00e4ga kulumiskindlaks. AN-liitmikud sobivad kasutamiseks k\u00f5igi levinud k\u00fctustega, nagu bensiin, metanool, etanool ja diisel. Samuti sobivad need vee-, \u00f5hu- ja \u00f5lis\u00fcsteemidesse.","og_url":"https:\/\/tuunerstuudio.ee\/en\/toode\/m16x1-5-1-8-npt-reduktor\/","og_site_name":"TuunerStuudio","article_modified_time":"2026-01-30T16:24:55+00:00","og_image":[{"width":501,"height":478,"url":"https:\/\/tuunerstuudio.ee\/wp-content\/uploads\/2026\/01\/AN-plugg-NPT-uttag.webp","type":"image\/webp"}],"twitter_card":"summary_large_image","twitter_misc":{"Est. reading time":"1 minute"},"schema":{"@context":"https:\/\/schema.org","@graph":[{"@type":"WebPage","@id":"https:\/\/tuunerstuudio.ee\/en\/toode\/m16x1-5-1-8-npt-reduktor\/","url":"https:\/\/tuunerstuudio.ee\/en\/toode\/m16x1-5-1-8-npt-reduktor\/","name":"M16x1.5 \u2013 1\/8\" NPT reduction - TuunerStuudio","isPartOf":{"@id":"https:\/\/tuunerstuudio.ee\/en\/#website"},"primaryImageOfPage":{"@id":"https:\/\/tuunerstuudio.ee\/en\/toode\/m16x1-5-1-8-npt-reduktor\/#primaryimage"},"image":{"@id":"https:\/\/tuunerstuudio.ee\/toode\/m16x1-5-1-8-npt-reduktor\/#primaryimage"},"thumbnailUrl":"https:\/\/tuunerstuudio.ee\/wp-content\/uploads\/2026\/01\/AN-plugg-NPT-uttag.webp","datePublished":"2026-01-30T16:24:54+00:00","dateModified":"2026-01-30T16:24:55+00:00","breadcrumb":{"@id":"https:\/\/tuunerstuudio.ee\/en\/toode\/m16x1-5-1-8-npt-reduktor\/#breadcrumb"},"inLanguage":"en-US","potentialAction":[{"@type":"ReadAction","target":[["https:\/\/tuunerstuudio.ee\/en\/toode\/m16x1-5-1-8-npt-reduktor\/"]]}]},{"@type":"ImageObject","inLanguage":"en-US","@id":"https:\/\/tuunerstuudio.ee\/en\/toode\/m16x1-5-1-8-npt-reduktor\/#primaryimage","url":"https:\/\/tuunerstuudio.ee\/wp-content\/uploads\/2026\/01\/AN-plugg-NPT-uttag.webp","contentUrl":"https:\/\/tuunerstuudio.ee\/wp-content\/uploads\/2026\/01\/AN-plugg-NPT-uttag.webp","width":501,"height":478},{"@type":"BreadcrumbList","@id":"https:\/\/tuunerstuudio.ee\/en\/toode\/m16x1-5-1-8-npt-reduktor\/#breadcrumb","itemListElement":[{"@type":"ListItem","position":1,"name":"Home","item":"https:\/\/tuunerstuudio.ee\/en\/"},{"@type":"ListItem","position":2,"name":"Tooted","item":"https:\/\/www.tuunerstuudio.ee\/tooted\/"},{"@type":"ListItem","position":3,"name":"M16x1.5 \u2013 1\/8&#8243; NPT reduktor"}]},{"@type":"WebSite","@id":"https:\/\/tuunerstuudio.ee\/en\/#website","url":"https:\/\/tuunerstuudio.ee\/en\/","name":"tuunerstuudio","description":"","potentialAction":[{"@type":"SearchAction","target":{"@type":"EntryPoint","urlTemplate":"https:\/\/tuunerstuudio.ee\/en\/?s={search_term_string}"},"query-input":{"@type":"PropertyValueSpecification","valueRequired":true,"valueName":"search_term_string"}}],"inLanguage":"en-US"}]}},"_links":{"self":[{"href":"https:\/\/tuunerstuudio.ee\/en\/wp-json\/wp\/v2\/product\/32729","targetHints":{"allow":["GET"]}}],"collection":[{"href":"https:\/\/tuunerstuudio.ee\/en\/wp-json\/wp\/v2\/product"}],"about":[{"href":"https:\/\/tuunerstuudio.ee\/en\/wp-json\/wp\/v2\/types\/product"}],"replies":[{"embeddable":true,"href":"https:\/\/tuunerstuudio.ee\/en\/wp-json\/wp\/v2\/comments?post=32729"}],"wp:featuredmedia":[{"embeddable":true,"href":"https:\/\/tuunerstuudio.ee\/en\/wp-json\/wp\/v2\/media\/32719"}],"wp:attachment":[{"href":"https:\/\/tuunerstuudio.ee\/en\/wp-json\/wp\/v2\/media?parent=32729"}],"wp:term":[{"taxonomy":"product_brand","embeddable":true,"href":"https:\/\/tuunerstuudio.ee\/en\/wp-json\/wp\/v2\/product_brand?post=32729"},{"taxonomy":"product_cat","embeddable":true,"href":"https:\/\/tuunerstuudio.ee\/en\/wp-json\/wp\/v2\/product_cat?post=32729"},{"taxonomy":"product_tag","embeddable":true,"href":"https:\/\/tuunerstuudio.ee\/en\/wp-json\/wp\/v2\/product_tag?post=32729"}],"curies":[{"name":"wp","href":"https:\/\/api.w.org\/{rel}","templated":true}]}}