{"id":32497,"date":"2026-01-20T20:18:44","date_gmt":"2026-01-20T18:18:44","guid":{"rendered":"https:\/\/tuunerstuudio.ee\/?post_type=product&#038;p=32497"},"modified":"2026-01-20T20:18:44","modified_gmt":"2026-01-20T18:18:44","slug":"an3-1-8-28-bsp-adapter","status":"publish","type":"product","link":"https:\/\/tuunerstuudio.ee\/en\/toode\/an3-1-8-28-bsp-adapter\/","title":{"rendered":"AN3 \u2013 1\/8 \u00d7 28 BSP adapter"},"content":{"rendered":"","protected":false},"excerpt":{"rendered":"<p data-start=\"0\" data-end=\"36\">AN\u2013BSP keermestatud adapter.<\/p>\n<p data-start=\"38\" data-end=\"343\">SPD AN-liitmikud esindavad turu k\u00f5rgeimat saadaolevat kvaliteeti. K\u00f5ik \u00fchendused on k\u00f5vaanodeeritud, mis teeb need v\u00e4ga kulumiskindlaks. AN-liitmikud sobivad suurep\u00e4raselt kasutamiseks k\u00f5ikide k\u00fctustega, nagu bensiin, metanool, etanool ja diisel. Samuti sobivad need v\u00e4ga h\u00e4sti vee- ja \u00f5lis\u00fcsteemidesse.<\/p>\n","protected":false},"featured_media":32498,"comment_status":"closed","ping_status":"closed","template":"","meta":[],"product_brand":[],"product_cat":[1730,1731,83,614,623,624],"product_tag":[],"class_list":{"0":"post-32497","1":"product","2":"type-product","3":"status-publish","4":"has-post-thumbnail","6":"product_cat-an-bsp-adapter","7":"product_cat-an3-an-bsp-adapter","8":"product_cat-an-liited","9":"product_cat-speeding-an-liited","10":"product_cat-an-liitmikud-voolikud","11":"product_cat-an-liitmikud","13":"first","14":"onbackorder","15":"taxable","16":"shipping-taxable","17":"purchasable","18":"product-type-simple"},"yoast_head":"<!-- This site is optimized with the Yoast SEO plugin v26.9 - https:\/\/yoast.com\/product\/yoast-seo-wordpress\/ -->\n<title>AN3 \u2013 1\/8 \u00d7 28 BSP adapter - TuunerStuudio<\/title>\n<meta name=\"robots\" content=\"index, follow, max-snippet:-1, max-image-preview:large, max-video-preview:-1\" \/>\n<link rel=\"canonical\" href=\"https:\/\/tuunerstuudio.ee\/en\/toode\/an3-1-8-28-bsp-adapter\/\" \/>\n<meta property=\"og:locale\" content=\"en_US\" \/>\n<meta property=\"og:type\" content=\"article\" \/>\n<meta property=\"og:title\" content=\"AN3 \u2013 1\/8 \u00d7 28 BSP adapter - TuunerStuudio\" \/>\n<meta property=\"og:description\" content=\"AN\u2013BSP keermestatud adapter. SPD AN-liitmikud esindavad turu k\u00f5rgeimat saadaolevat kvaliteeti. K\u00f5ik \u00fchendused on k\u00f5vaanodeeritud, mis teeb need v\u00e4ga kulumiskindlaks. AN-liitmikud sobivad suurep\u00e4raselt kasutamiseks k\u00f5ikide k\u00fctustega, nagu bensiin, metanool, etanool ja diisel. Samuti sobivad need v\u00e4ga h\u00e4sti vee- ja \u00f5lis\u00fcsteemidesse.\" \/>\n<meta property=\"og:url\" content=\"https:\/\/tuunerstuudio.ee\/en\/toode\/an3-1-8-28-bsp-adapter\/\" \/>\n<meta property=\"og:site_name\" content=\"TuunerStuudio\" \/>\n<meta property=\"og:image\" content=\"https:\/\/tuunerstuudio.ee\/wp-content\/uploads\/2026\/01\/Adapter-BSP-thread-to-AN.webp\" \/>\n\t<meta property=\"og:image:width\" content=\"501\" \/>\n\t<meta property=\"og:image:height\" content=\"501\" \/>\n\t<meta property=\"og:image:type\" content=\"image\/webp\" \/>\n<meta name=\"twitter:card\" content=\"summary_large_image\" \/>\n<meta name=\"twitter:label1\" content=\"Est. reading time\" \/>\n\t<meta name=\"twitter:data1\" content=\"1 minute\" \/>\n<script type=\"application\/ld+json\" class=\"yoast-schema-graph\">{\"@context\":\"https:\/\/schema.org\",\"@graph\":[{\"@type\":\"WebPage\",\"@id\":\"https:\/\/tuunerstuudio.ee\/en\/toode\/an3-1-8-28-bsp-adapter\/\",\"url\":\"https:\/\/tuunerstuudio.ee\/en\/toode\/an3-1-8-28-bsp-adapter\/\",\"name\":\"AN3 \u2013 1\/8 \u00d7 28 BSP adapter - TuunerStuudio\",\"isPartOf\":{\"@id\":\"https:\/\/tuunerstuudio.ee\/en\/#website\"},\"primaryImageOfPage\":{\"@id\":\"https:\/\/tuunerstuudio.ee\/en\/toode\/an3-1-8-28-bsp-adapter\/#primaryimage\"},\"image\":{\"@id\":\"https:\/\/tuunerstuudio.ee\/toode\/an3-1-8-28-bsp-adapter\/#primaryimage\"},\"thumbnailUrl\":\"https:\/\/tuunerstuudio.ee\/wp-content\/uploads\/2026\/01\/Adapter-BSP-thread-to-AN.webp\",\"datePublished\":\"2026-01-20T18:18:44+00:00\",\"breadcrumb\":{\"@id\":\"https:\/\/tuunerstuudio.ee\/en\/toode\/an3-1-8-28-bsp-adapter\/#breadcrumb\"},\"inLanguage\":\"en-US\",\"potentialAction\":[{\"@type\":\"ReadAction\",\"target\":[[\"https:\/\/tuunerstuudio.ee\/en\/toode\/an3-1-8-28-bsp-adapter\/\"]]}]},{\"@type\":\"ImageObject\",\"inLanguage\":\"en-US\",\"@id\":\"https:\/\/tuunerstuudio.ee\/en\/toode\/an3-1-8-28-bsp-adapter\/#primaryimage\",\"url\":\"https:\/\/tuunerstuudio.ee\/wp-content\/uploads\/2026\/01\/Adapter-BSP-thread-to-AN.webp\",\"contentUrl\":\"https:\/\/tuunerstuudio.ee\/wp-content\/uploads\/2026\/01\/Adapter-BSP-thread-to-AN.webp\",\"width\":501,\"height\":501},{\"@type\":\"BreadcrumbList\",\"@id\":\"https:\/\/tuunerstuudio.ee\/en\/toode\/an3-1-8-28-bsp-adapter\/#breadcrumb\",\"itemListElement\":[{\"@type\":\"ListItem\",\"position\":1,\"name\":\"Home\",\"item\":\"https:\/\/tuunerstuudio.ee\/en\/\"},{\"@type\":\"ListItem\",\"position\":2,\"name\":\"Tooted\",\"item\":\"https:\/\/www.tuunerstuudio.ee\/tooted\/\"},{\"@type\":\"ListItem\",\"position\":3,\"name\":\"AN3 &#8211; 1\/8 * 28 BSP Adapter\"}]},{\"@type\":\"WebSite\",\"@id\":\"https:\/\/tuunerstuudio.ee\/en\/#website\",\"url\":\"https:\/\/tuunerstuudio.ee\/en\/\",\"name\":\"tuunerstuudio\",\"description\":\"\",\"potentialAction\":[{\"@type\":\"SearchAction\",\"target\":{\"@type\":\"EntryPoint\",\"urlTemplate\":\"https:\/\/tuunerstuudio.ee\/en\/?s={search_term_string}\"},\"query-input\":{\"@type\":\"PropertyValueSpecification\",\"valueRequired\":true,\"valueName\":\"search_term_string\"}}],\"inLanguage\":\"en-US\"}]}<\/script>\n<!-- \/ Yoast SEO plugin. -->","yoast_head_json":{"title":"AN3 \u2013 1\/8 \u00d7 28 BSP adapter - TuunerStuudio","robots":{"index":"index","follow":"follow","max-snippet":"max-snippet:-1","max-image-preview":"max-image-preview:large","max-video-preview":"max-video-preview:-1"},"canonical":"https:\/\/tuunerstuudio.ee\/en\/toode\/an3-1-8-28-bsp-adapter\/","og_locale":"en_US","og_type":"article","og_title":"AN3 \u2013 1\/8 \u00d7 28 BSP adapter - TuunerStuudio","og_description":"AN\u2013BSP keermestatud adapter. SPD AN-liitmikud esindavad turu k\u00f5rgeimat saadaolevat kvaliteeti. K\u00f5ik \u00fchendused on k\u00f5vaanodeeritud, mis teeb need v\u00e4ga kulumiskindlaks. AN-liitmikud sobivad suurep\u00e4raselt kasutamiseks k\u00f5ikide k\u00fctustega, nagu bensiin, metanool, etanool ja diisel. Samuti sobivad need v\u00e4ga h\u00e4sti vee- ja \u00f5lis\u00fcsteemidesse.","og_url":"https:\/\/tuunerstuudio.ee\/en\/toode\/an3-1-8-28-bsp-adapter\/","og_site_name":"TuunerStuudio","og_image":[{"width":501,"height":501,"url":"https:\/\/tuunerstuudio.ee\/wp-content\/uploads\/2026\/01\/Adapter-BSP-thread-to-AN.webp","type":"image\/webp"}],"twitter_card":"summary_large_image","twitter_misc":{"Est. reading time":"1 minute"},"schema":{"@context":"https:\/\/schema.org","@graph":[{"@type":"WebPage","@id":"https:\/\/tuunerstuudio.ee\/en\/toode\/an3-1-8-28-bsp-adapter\/","url":"https:\/\/tuunerstuudio.ee\/en\/toode\/an3-1-8-28-bsp-adapter\/","name":"AN3 \u2013 1\/8 \u00d7 28 BSP adapter - TuunerStuudio","isPartOf":{"@id":"https:\/\/tuunerstuudio.ee\/en\/#website"},"primaryImageOfPage":{"@id":"https:\/\/tuunerstuudio.ee\/en\/toode\/an3-1-8-28-bsp-adapter\/#primaryimage"},"image":{"@id":"https:\/\/tuunerstuudio.ee\/toode\/an3-1-8-28-bsp-adapter\/#primaryimage"},"thumbnailUrl":"https:\/\/tuunerstuudio.ee\/wp-content\/uploads\/2026\/01\/Adapter-BSP-thread-to-AN.webp","datePublished":"2026-01-20T18:18:44+00:00","breadcrumb":{"@id":"https:\/\/tuunerstuudio.ee\/en\/toode\/an3-1-8-28-bsp-adapter\/#breadcrumb"},"inLanguage":"en-US","potentialAction":[{"@type":"ReadAction","target":[["https:\/\/tuunerstuudio.ee\/en\/toode\/an3-1-8-28-bsp-adapter\/"]]}]},{"@type":"ImageObject","inLanguage":"en-US","@id":"https:\/\/tuunerstuudio.ee\/en\/toode\/an3-1-8-28-bsp-adapter\/#primaryimage","url":"https:\/\/tuunerstuudio.ee\/wp-content\/uploads\/2026\/01\/Adapter-BSP-thread-to-AN.webp","contentUrl":"https:\/\/tuunerstuudio.ee\/wp-content\/uploads\/2026\/01\/Adapter-BSP-thread-to-AN.webp","width":501,"height":501},{"@type":"BreadcrumbList","@id":"https:\/\/tuunerstuudio.ee\/en\/toode\/an3-1-8-28-bsp-adapter\/#breadcrumb","itemListElement":[{"@type":"ListItem","position":1,"name":"Home","item":"https:\/\/tuunerstuudio.ee\/en\/"},{"@type":"ListItem","position":2,"name":"Tooted","item":"https:\/\/www.tuunerstuudio.ee\/tooted\/"},{"@type":"ListItem","position":3,"name":"AN3 &#8211; 1\/8 * 28 BSP Adapter"}]},{"@type":"WebSite","@id":"https:\/\/tuunerstuudio.ee\/en\/#website","url":"https:\/\/tuunerstuudio.ee\/en\/","name":"tuunerstuudio","description":"","potentialAction":[{"@type":"SearchAction","target":{"@type":"EntryPoint","urlTemplate":"https:\/\/tuunerstuudio.ee\/en\/?s={search_term_string}"},"query-input":{"@type":"PropertyValueSpecification","valueRequired":true,"valueName":"search_term_string"}}],"inLanguage":"en-US"}]}},"_links":{"self":[{"href":"https:\/\/tuunerstuudio.ee\/en\/wp-json\/wp\/v2\/product\/32497","targetHints":{"allow":["GET"]}}],"collection":[{"href":"https:\/\/tuunerstuudio.ee\/en\/wp-json\/wp\/v2\/product"}],"about":[{"href":"https:\/\/tuunerstuudio.ee\/en\/wp-json\/wp\/v2\/types\/product"}],"replies":[{"embeddable":true,"href":"https:\/\/tuunerstuudio.ee\/en\/wp-json\/wp\/v2\/comments?post=32497"}],"wp:featuredmedia":[{"embeddable":true,"href":"https:\/\/tuunerstuudio.ee\/en\/wp-json\/wp\/v2\/media\/32498"}],"wp:attachment":[{"href":"https:\/\/tuunerstuudio.ee\/en\/wp-json\/wp\/v2\/media?parent=32497"}],"wp:term":[{"taxonomy":"product_brand","embeddable":true,"href":"https:\/\/tuunerstuudio.ee\/en\/wp-json\/wp\/v2\/product_brand?post=32497"},{"taxonomy":"product_cat","embeddable":true,"href":"https:\/\/tuunerstuudio.ee\/en\/wp-json\/wp\/v2\/product_cat?post=32497"},{"taxonomy":"product_tag","embeddable":true,"href":"https:\/\/tuunerstuudio.ee\/en\/wp-json\/wp\/v2\/product_tag?post=32497"}],"curies":[{"name":"wp","href":"https:\/\/api.w.org\/{rel}","templated":true}]}}