{"id":316,"date":"2024-10-11T13:53:07","date_gmt":"2024-10-11T10:53:07","guid":{"rendered":"https:\/\/tuunerstuudio.ee\/uuswp\/?post_type=product&#038;p=316"},"modified":"2024-10-11T13:53:54","modified_gmt":"2024-10-11T10:53:54","slug":"ecumaster-pmu-16-autosport-version","status":"publish","type":"product","link":"https:\/\/tuunerstuudio.ee\/en\/toode\/ecumaster-pmu-16-autosport-version\/","title":{"rendered":"Ecumaster PMU 16 Autosport Version"},"content":{"rendered":"","protected":false},"excerpt":{"rendered":"<p><strong>Omadused:<\/strong><\/p>\n<ul>\n<li>Sisendid \u2013 16 analoog, 0-5V. CAN-nupupaneelid \u2013 kuni 2, CAN-s\u00f5numid<\/li>\n<li>Suure voolu v\u00e4ljundid \u2013 14 x 25A (cont), 2 x 40A (cont). \u00dclekoormuse kaitse. Suurema voolu vajadusel v\u00f5ib v\u00e4ljundeid \u00fchendada kokku. V\u00e4ljundite voolu ja pinge andmete m\u00f5\u00f5tmine.<\/li>\n<li>Madala voolu v\u00e4ljundid \u2013 6 x 1A (13A peak). \u00dclekoormuse kaitse.<\/li>\n<li>Kojameeste eriv\u00e4ljund<\/li>\n<li>3D kiirenduse andur, 3D g\u00fcroskoop \u2013 andmete kogumiseks ja \u201cinertsl\u00fclitina\u201d \u00f5nnetuse korral<\/li>\n<li>+5V v\u00e4ljund v\u00e4liste andurite \u00fchendamiseks<\/li>\n<li>Staatuse ledid \u2013 2 v\u00e4rvilised, igale v\u00e4ljundile<\/li>\n<li>Loogika operaatorid<em>\u00a0\u2013\u00a0<\/em>100 funktsiooni, 250 operaatorit (AND, OR, NOT, XOR,\u00a0 &gt;, &lt;, =, &gt;=, &lt;=, !=, isTrue, isFalse, Toggle, Flash, Pulse)<\/li>\n<li>Kommunikatsioon \u2013 2x CAN-BUS. Ecumaster standard stream ning kasutaja poolt vabalt defineeritav CAN-stream. Seadme seadistus toimub samuti l\u00e4bi CANi.<\/li>\n<li>Datalogging. 256MB (3h max sagedusega logimisel). Logimise sagedus kuni 500Hz, igal kanalil eraldi m\u00e4\u00e4ratav. Lisaks PC logger.<\/li>\n<li>Nupupaneelid (CAN). Ecumaster 4\/6\/8\/12 nupuga paneelid (kuni 2tk korraga). Motec\/Racegrade, Grayhill nupupaneelid \u2013 1tk.<\/li>\n<li>Konfigureerimiseks vajalik\u00a0USB-CAN adapter.<\/li>\n<\/ul>\n","protected":false},"featured_media":411,"comment_status":"closed","ping_status":"closed","template":"","meta":[],"product_brand":[],"product_cat":[51,75],"product_tag":[],"class_list":{"0":"post-316","1":"product","2":"type-product","3":"status-publish","4":"has-post-thumbnail","6":"product_cat-juhtajud","7":"product_cat-ecumaster-pmu","9":"first","10":"onbackorder","11":"taxable","12":"shipping-taxable","13":"purchasable","14":"product-type-simple"},"yoast_head":"<!-- This site is optimized with the Yoast SEO plugin v26.9 - https:\/\/yoast.com\/product\/yoast-seo-wordpress\/ -->\n<title>Ecumaster PMU 16 Autosport Version - TuunerStuudio<\/title>\n<meta name=\"robots\" content=\"index, follow, max-snippet:-1, max-image-preview:large, max-video-preview:-1\" \/>\n<link rel=\"canonical\" href=\"https:\/\/tuunerstuudio.ee\/en\/toode\/ecumaster-pmu-16-autosport-version\/\" \/>\n<meta property=\"og:locale\" content=\"en_US\" \/>\n<meta property=\"og:type\" content=\"article\" \/>\n<meta property=\"og:title\" content=\"Ecumaster PMU 16 Autosport Version - TuunerStuudio\" \/>\n<meta property=\"og:description\" content=\"Omadused:   Sisendid \u2013 16 analoog, 0-5V. CAN-nupupaneelid \u2013 kuni 2, CAN-s\u00f5numid  Suure voolu v\u00e4ljundid \u2013 14 x 25A (cont), 2 x 40A (cont). \u00dclekoormuse kaitse. Suurema voolu vajadusel v\u00f5ib v\u00e4ljundeid \u00fchendada kokku. V\u00e4ljundite voolu ja pinge andmete m\u00f5\u00f5tmine.  Madala voolu v\u00e4ljundid \u2013 6 x 1A (13A peak). \u00dclekoormuse kaitse.  Kojameeste eriv\u00e4ljund  3D kiirenduse andur, 3D g\u00fcroskoop \u2013 andmete kogumiseks ja \u201cinertsl\u00fclitina\u201d \u00f5nnetuse korral  +5V v\u00e4ljund v\u00e4liste andurite \u00fchendamiseks  Staatuse ledid \u2013 2 v\u00e4rvilised, igale v\u00e4ljundile  Loogika operaatorid\u00a0\u2013\u00a0100 funktsiooni, 250 operaatorit (AND, OR, NOT, XOR,\u00a0 &gt;, &lt;, =, &gt;=, &lt;=, !=, isTrue, isFalse, Toggle, Flash, Pulse)  Kommunikatsioon \u2013 2x CAN-BUS. Ecumaster standard stream ning kasutaja poolt vabalt defineeritav CAN-stream. Seadme seadistus toimub samuti l\u00e4bi CANi.  Datalogging. 256MB (3h max sagedusega logimisel). Logimise sagedus kuni 500Hz, igal kanalil eraldi m\u00e4\u00e4ratav. Lisaks PC logger.  Nupupaneelid (CAN). Ecumaster 4\/6\/8\/12 nupuga paneelid (kuni 2tk korraga). Motec\/Racegrade, Grayhill nupupaneelid \u2013 1tk.  Konfigureerimiseks vajalik\u00a0USB-CAN adapter.\" \/>\n<meta property=\"og:url\" content=\"https:\/\/tuunerstuudio.ee\/en\/toode\/ecumaster-pmu-16-autosport-version\/\" \/>\n<meta property=\"og:site_name\" content=\"TuunerStuudio\" \/>\n<meta property=\"article:modified_time\" content=\"2024-10-11T10:53:54+00:00\" \/>\n<meta property=\"og:image\" content=\"https:\/\/tuunerstuudio.ee\/wp-content\/uploads\/2024\/10\/154221.jpg\" \/>\n\t<meta property=\"og:image:width\" content=\"768\" \/>\n\t<meta property=\"og:image:height\" content=\"512\" \/>\n\t<meta property=\"og:image:type\" content=\"image\/jpeg\" \/>\n<meta name=\"twitter:card\" content=\"summary_large_image\" \/>\n<meta name=\"twitter:label1\" content=\"Est. reading time\" \/>\n\t<meta name=\"twitter:data1\" content=\"1 minute\" \/>\n<script type=\"application\/ld+json\" class=\"yoast-schema-graph\">{\"@context\":\"https:\/\/schema.org\",\"@graph\":[{\"@type\":\"WebPage\",\"@id\":\"https:\/\/tuunerstuudio.ee\/en\/toode\/ecumaster-pmu-16-autosport-version\/\",\"url\":\"https:\/\/tuunerstuudio.ee\/en\/toode\/ecumaster-pmu-16-autosport-version\/\",\"name\":\"Ecumaster PMU 16 Autosport Version - TuunerStuudio\",\"isPartOf\":{\"@id\":\"https:\/\/tuunerstuudio.ee\/en\/#website\"},\"primaryImageOfPage\":{\"@id\":\"https:\/\/tuunerstuudio.ee\/en\/toode\/ecumaster-pmu-16-autosport-version\/#primaryimage\"},\"image\":{\"@id\":\"https:\/\/tuunerstuudio.ee\/toode\/ecumaster-pmu-16-autosport-version\/#primaryimage\"},\"thumbnailUrl\":\"https:\/\/tuunerstuudio.ee\/wp-content\/uploads\/2024\/10\/154221.jpg\",\"datePublished\":\"2024-10-11T10:53:07+00:00\",\"dateModified\":\"2024-10-11T10:53:54+00:00\",\"breadcrumb\":{\"@id\":\"https:\/\/tuunerstuudio.ee\/en\/toode\/ecumaster-pmu-16-autosport-version\/#breadcrumb\"},\"inLanguage\":\"en-US\",\"potentialAction\":[{\"@type\":\"ReadAction\",\"target\":[[\"https:\/\/tuunerstuudio.ee\/en\/toode\/ecumaster-pmu-16-autosport-version\/\"]]}]},{\"@type\":\"ImageObject\",\"inLanguage\":\"en-US\",\"@id\":\"https:\/\/tuunerstuudio.ee\/en\/toode\/ecumaster-pmu-16-autosport-version\/#primaryimage\",\"url\":\"https:\/\/tuunerstuudio.ee\/wp-content\/uploads\/2024\/10\/154221.jpg\",\"contentUrl\":\"https:\/\/tuunerstuudio.ee\/wp-content\/uploads\/2024\/10\/154221.jpg\",\"width\":768,\"height\":512},{\"@type\":\"BreadcrumbList\",\"@id\":\"https:\/\/tuunerstuudio.ee\/en\/toode\/ecumaster-pmu-16-autosport-version\/#breadcrumb\",\"itemListElement\":[{\"@type\":\"ListItem\",\"position\":1,\"name\":\"Home\",\"item\":\"https:\/\/tuunerstuudio.ee\/en\/\"},{\"@type\":\"ListItem\",\"position\":2,\"name\":\"Tooted\",\"item\":\"https:\/\/www.tuunerstuudio.ee\/tooted\/\"},{\"@type\":\"ListItem\",\"position\":3,\"name\":\"Ecumaster PMU 16 Autosport Version\"}]},{\"@type\":\"WebSite\",\"@id\":\"https:\/\/tuunerstuudio.ee\/en\/#website\",\"url\":\"https:\/\/tuunerstuudio.ee\/en\/\",\"name\":\"tuunerstuudio\",\"description\":\"\",\"potentialAction\":[{\"@type\":\"SearchAction\",\"target\":{\"@type\":\"EntryPoint\",\"urlTemplate\":\"https:\/\/tuunerstuudio.ee\/en\/?s={search_term_string}\"},\"query-input\":{\"@type\":\"PropertyValueSpecification\",\"valueRequired\":true,\"valueName\":\"search_term_string\"}}],\"inLanguage\":\"en-US\"}]}<\/script>\n<!-- \/ Yoast SEO plugin. -->","yoast_head_json":{"title":"Ecumaster PMU 16 Autosport Version - TuunerStuudio","robots":{"index":"index","follow":"follow","max-snippet":"max-snippet:-1","max-image-preview":"max-image-preview:large","max-video-preview":"max-video-preview:-1"},"canonical":"https:\/\/tuunerstuudio.ee\/en\/toode\/ecumaster-pmu-16-autosport-version\/","og_locale":"en_US","og_type":"article","og_title":"Ecumaster PMU 16 Autosport Version - TuunerStuudio","og_description":"Omadused:   Sisendid \u2013 16 analoog, 0-5V. CAN-nupupaneelid \u2013 kuni 2, CAN-s\u00f5numid  Suure voolu v\u00e4ljundid \u2013 14 x 25A (cont), 2 x 40A (cont). \u00dclekoormuse kaitse. Suurema voolu vajadusel v\u00f5ib v\u00e4ljundeid \u00fchendada kokku. V\u00e4ljundite voolu ja pinge andmete m\u00f5\u00f5tmine.  Madala voolu v\u00e4ljundid \u2013 6 x 1A (13A peak). \u00dclekoormuse kaitse.  Kojameeste eriv\u00e4ljund  3D kiirenduse andur, 3D g\u00fcroskoop \u2013 andmete kogumiseks ja \u201cinertsl\u00fclitina\u201d \u00f5nnetuse korral  +5V v\u00e4ljund v\u00e4liste andurite \u00fchendamiseks  Staatuse ledid \u2013 2 v\u00e4rvilised, igale v\u00e4ljundile  Loogika operaatorid\u00a0\u2013\u00a0100 funktsiooni, 250 operaatorit (AND, OR, NOT, XOR,\u00a0 &gt;, &lt;, =, &gt;=, &lt;=, !=, isTrue, isFalse, Toggle, Flash, Pulse)  Kommunikatsioon \u2013 2x CAN-BUS. Ecumaster standard stream ning kasutaja poolt vabalt defineeritav CAN-stream. Seadme seadistus toimub samuti l\u00e4bi CANi.  Datalogging. 256MB (3h max sagedusega logimisel). Logimise sagedus kuni 500Hz, igal kanalil eraldi m\u00e4\u00e4ratav. Lisaks PC logger.  Nupupaneelid (CAN). Ecumaster 4\/6\/8\/12 nupuga paneelid (kuni 2tk korraga). Motec\/Racegrade, Grayhill nupupaneelid \u2013 1tk.  Konfigureerimiseks vajalik\u00a0USB-CAN adapter.","og_url":"https:\/\/tuunerstuudio.ee\/en\/toode\/ecumaster-pmu-16-autosport-version\/","og_site_name":"TuunerStuudio","article_modified_time":"2024-10-11T10:53:54+00:00","og_image":[{"width":768,"height":512,"url":"https:\/\/tuunerstuudio.ee\/wp-content\/uploads\/2024\/10\/154221.jpg","type":"image\/jpeg"}],"twitter_card":"summary_large_image","twitter_misc":{"Est. reading time":"1 minute"},"schema":{"@context":"https:\/\/schema.org","@graph":[{"@type":"WebPage","@id":"https:\/\/tuunerstuudio.ee\/en\/toode\/ecumaster-pmu-16-autosport-version\/","url":"https:\/\/tuunerstuudio.ee\/en\/toode\/ecumaster-pmu-16-autosport-version\/","name":"Ecumaster PMU 16 Autosport Version - TuunerStuudio","isPartOf":{"@id":"https:\/\/tuunerstuudio.ee\/en\/#website"},"primaryImageOfPage":{"@id":"https:\/\/tuunerstuudio.ee\/en\/toode\/ecumaster-pmu-16-autosport-version\/#primaryimage"},"image":{"@id":"https:\/\/tuunerstuudio.ee\/toode\/ecumaster-pmu-16-autosport-version\/#primaryimage"},"thumbnailUrl":"https:\/\/tuunerstuudio.ee\/wp-content\/uploads\/2024\/10\/154221.jpg","datePublished":"2024-10-11T10:53:07+00:00","dateModified":"2024-10-11T10:53:54+00:00","breadcrumb":{"@id":"https:\/\/tuunerstuudio.ee\/en\/toode\/ecumaster-pmu-16-autosport-version\/#breadcrumb"},"inLanguage":"en-US","potentialAction":[{"@type":"ReadAction","target":[["https:\/\/tuunerstuudio.ee\/en\/toode\/ecumaster-pmu-16-autosport-version\/"]]}]},{"@type":"ImageObject","inLanguage":"en-US","@id":"https:\/\/tuunerstuudio.ee\/en\/toode\/ecumaster-pmu-16-autosport-version\/#primaryimage","url":"https:\/\/tuunerstuudio.ee\/wp-content\/uploads\/2024\/10\/154221.jpg","contentUrl":"https:\/\/tuunerstuudio.ee\/wp-content\/uploads\/2024\/10\/154221.jpg","width":768,"height":512},{"@type":"BreadcrumbList","@id":"https:\/\/tuunerstuudio.ee\/en\/toode\/ecumaster-pmu-16-autosport-version\/#breadcrumb","itemListElement":[{"@type":"ListItem","position":1,"name":"Home","item":"https:\/\/tuunerstuudio.ee\/en\/"},{"@type":"ListItem","position":2,"name":"Tooted","item":"https:\/\/www.tuunerstuudio.ee\/tooted\/"},{"@type":"ListItem","position":3,"name":"Ecumaster PMU 16 Autosport Version"}]},{"@type":"WebSite","@id":"https:\/\/tuunerstuudio.ee\/en\/#website","url":"https:\/\/tuunerstuudio.ee\/en\/","name":"tuunerstuudio","description":"","potentialAction":[{"@type":"SearchAction","target":{"@type":"EntryPoint","urlTemplate":"https:\/\/tuunerstuudio.ee\/en\/?s={search_term_string}"},"query-input":{"@type":"PropertyValueSpecification","valueRequired":true,"valueName":"search_term_string"}}],"inLanguage":"en-US"}]}},"_links":{"self":[{"href":"https:\/\/tuunerstuudio.ee\/en\/wp-json\/wp\/v2\/product\/316","targetHints":{"allow":["GET"]}}],"collection":[{"href":"https:\/\/tuunerstuudio.ee\/en\/wp-json\/wp\/v2\/product"}],"about":[{"href":"https:\/\/tuunerstuudio.ee\/en\/wp-json\/wp\/v2\/types\/product"}],"replies":[{"embeddable":true,"href":"https:\/\/tuunerstuudio.ee\/en\/wp-json\/wp\/v2\/comments?post=316"}],"wp:featuredmedia":[{"embeddable":true,"href":"https:\/\/tuunerstuudio.ee\/en\/wp-json\/wp\/v2\/media\/411"}],"wp:attachment":[{"href":"https:\/\/tuunerstuudio.ee\/en\/wp-json\/wp\/v2\/media?parent=316"}],"wp:term":[{"taxonomy":"product_brand","embeddable":true,"href":"https:\/\/tuunerstuudio.ee\/en\/wp-json\/wp\/v2\/product_brand?post=316"},{"taxonomy":"product_cat","embeddable":true,"href":"https:\/\/tuunerstuudio.ee\/en\/wp-json\/wp\/v2\/product_cat?post=316"},{"taxonomy":"product_tag","embeddable":true,"href":"https:\/\/tuunerstuudio.ee\/en\/wp-json\/wp\/v2\/product_tag?post=316"}],"curies":[{"name":"wp","href":"https:\/\/api.w.org\/{rel}","templated":true}]}}