{"id":31588,"date":"2025-12-19T14:45:07","date_gmt":"2025-12-19T12:45:07","guid":{"rendered":"https:\/\/tuunerstuudio.ee\/?post_type=product&#038;p=31588"},"modified":"2025-12-19T14:49:19","modified_gmt":"2025-12-19T12:49:19","slug":"honda-acura-integra-94-01-kutuselatt","status":"publish","type":"product","link":"https:\/\/tuunerstuudio.ee\/en\/toode\/honda-acura-integra-94-01-kutuselatt\/","title":{"rendered":"Honda &#038; Acura Integra 1994\u20132001 fuel rail"},"content":{"rendered":"","protected":false},"excerpt":{"rendered":"<ul>\n<li data-start=\"848\" data-end=\"912\">Sobib 1994\u20132001 Acura Integra mootoritele (ainult k\u00fctuselatid)<\/li>\n<li data-start=\"915\" data-end=\"979\">ORB-08 pordid kompaktsete \u00fchenduste ja lekkekindla tihendusega<\/li>\n<li data-start=\"982\" data-end=\"1031\">T\u00e4ielik 5\/8&#8243; sisel\u00e4bim\u00f5\u00f5t, toetab kuni 3 000 hj<\/li>\n<li data-start=\"1034\" data-end=\"1122\">T\u00e4ielikult \u00fchilduv -10 AN k\u00fctusetorudega, kasutades ORB-08\/AN-10 adapterit (P\/N 15641)<\/li>\n<li data-start=\"1125\" data-end=\"1227\">T\u00e4issuuruses pordid m\u00f5lemas otsas tagavad optimaalse pihustite varustuse ja minimaalse r\u00f5huk\u00f5ikumise<\/li>\n<li data-start=\"1230\" data-end=\"1297\">Lisasisendi ja -v\u00e4ljundi pordid lihtsamaks torustiku paigalduseks<\/li>\n<li data-start=\"1300\" data-end=\"1377\">CNC-t\u00f6\u00f6deldud alumiiniumist plokk tagab suurep\u00e4rase sobivuse ja viimistluse<\/li>\n<li data-start=\"1380\" data-end=\"1504\">Ei ole lubatud m\u00fc\u00fcgiks ega kasutamiseks heitgaaside kontrolliga s\u00f5idukitel, v\u00e4lja arvatud OEM-ile vastava asendusdetailina<\/li>\n<li data-start=\"1507\" data-end=\"1631\">Terasest kinnitusklambrid, spetsiaalselt iga rakenduse jaoks projekteeritud, tagavad tugeva kinnituse ja lihtsa paigalduse<\/li>\n<li data-start=\"1634\" data-end=\"1731\">Punane Type II anodeeritud viimistlus kaitseb korrosiooni eest ja annab esmaklassilise v\u00e4limuse<\/li>\n<li><\/li>\n<\/ul>\n","protected":false},"featured_media":31589,"comment_status":"closed","ping_status":"closed","template":"","meta":[],"product_brand":[],"product_cat":[1562,1605,16,314],"product_tag":[],"class_list":{"0":"post-31588","1":"product","2":"type-product","3":"status-publish","4":"has-post-thumbnail","6":"product_cat-aeromotive-kutuselatid","7":"product_cat-honda-aeromotive-kutuselatid","8":"product_cat-kutusesusteem","9":"product_cat-kutuselatid","11":"first","12":"onbackorder","13":"taxable","14":"shipping-taxable","15":"purchasable","16":"product-type-simple"},"yoast_head":"<!-- This site is optimized with the Yoast SEO plugin v26.9 - https:\/\/yoast.com\/product\/yoast-seo-wordpress\/ -->\n<title>Honda &amp; Acura Integra 1994\u20132001 fuel rail - TuunerStuudio<\/title>\n<meta name=\"robots\" content=\"index, follow, max-snippet:-1, max-image-preview:large, max-video-preview:-1\" \/>\n<link rel=\"canonical\" href=\"https:\/\/tuunerstuudio.ee\/en\/toode\/honda-acura-integra-94-01-kutuselatt\/\" \/>\n<meta property=\"og:locale\" content=\"en_US\" \/>\n<meta property=\"og:type\" content=\"article\" \/>\n<meta property=\"og:title\" content=\"Honda &amp; Acura Integra 1994\u20132001 fuel rail - TuunerStuudio\" \/>\n<meta property=\"og:description\" content=\"Sobib 1994\u20132001 Acura Integra mootoritele (ainult k\u00fctuselatid)  ORB-08 pordid kompaktsete \u00fchenduste ja lekkekindla tihendusega  T\u00e4ielik 5\/8&quot; sisel\u00e4bim\u00f5\u00f5t, toetab kuni 3 000 hj  T\u00e4ielikult \u00fchilduv -10 AN k\u00fctusetorudega, kasutades ORB-08\/AN-10 adapterit (P\/N 15641)  T\u00e4issuuruses pordid m\u00f5lemas otsas tagavad optimaalse pihustite varustuse ja minimaalse r\u00f5huk\u00f5ikumise  Lisasisendi ja -v\u00e4ljundi pordid lihtsamaks torustiku paigalduseks  CNC-t\u00f6\u00f6deldud alumiiniumist plokk tagab suurep\u00e4rase sobivuse ja viimistluse  Ei ole lubatud m\u00fc\u00fcgiks ega kasutamiseks heitgaaside kontrolliga s\u00f5idukitel, v\u00e4lja arvatud OEM-ile vastava asendusdetailina  Terasest kinnitusklambrid, spetsiaalselt iga rakenduse jaoks projekteeritud, tagavad tugeva kinnituse ja lihtsa paigalduse  Punane Type II anodeeritud viimistlus kaitseb korrosiooni eest ja annab esmaklassilise v\u00e4limuse\" \/>\n<meta property=\"og:url\" content=\"https:\/\/tuunerstuudio.ee\/en\/toode\/honda-acura-integra-94-01-kutuselatt\/\" \/>\n<meta property=\"og:site_name\" content=\"TuunerStuudio\" \/>\n<meta property=\"article:modified_time\" content=\"2025-12-19T12:49:19+00:00\" \/>\n<meta property=\"og:image\" content=\"https:\/\/tuunerstuudio.ee\/wp-content\/uploads\/2025\/12\/listwa-paliwowa-aeromotive-honda-acura-integra-94-01-1.jpg\" \/>\n\t<meta property=\"og:image:width\" content=\"700\" \/>\n\t<meta property=\"og:image:height\" content=\"700\" \/>\n\t<meta property=\"og:image:type\" content=\"image\/jpeg\" \/>\n<meta name=\"twitter:card\" content=\"summary_large_image\" \/>\n<meta name=\"twitter:label1\" content=\"Est. reading time\" \/>\n\t<meta name=\"twitter:data1\" content=\"1 minute\" \/>\n<script type=\"application\/ld+json\" class=\"yoast-schema-graph\">{\"@context\":\"https:\/\/schema.org\",\"@graph\":[{\"@type\":\"WebPage\",\"@id\":\"https:\/\/tuunerstuudio.ee\/en\/toode\/honda-acura-integra-94-01-kutuselatt\/\",\"url\":\"https:\/\/tuunerstuudio.ee\/en\/toode\/honda-acura-integra-94-01-kutuselatt\/\",\"name\":\"Honda & Acura Integra 1994\u20132001 fuel rail - TuunerStuudio\",\"isPartOf\":{\"@id\":\"https:\/\/tuunerstuudio.ee\/en\/#website\"},\"primaryImageOfPage\":{\"@id\":\"https:\/\/tuunerstuudio.ee\/en\/toode\/honda-acura-integra-94-01-kutuselatt\/#primaryimage\"},\"image\":{\"@id\":\"https:\/\/tuunerstuudio.ee\/toode\/honda-acura-integra-94-01-kutuselatt\/#primaryimage\"},\"thumbnailUrl\":\"https:\/\/tuunerstuudio.ee\/wp-content\/uploads\/2025\/12\/listwa-paliwowa-aeromotive-honda-acura-integra-94-01-1.jpg\",\"datePublished\":\"2025-12-19T12:45:07+00:00\",\"dateModified\":\"2025-12-19T12:49:19+00:00\",\"breadcrumb\":{\"@id\":\"https:\/\/tuunerstuudio.ee\/en\/toode\/honda-acura-integra-94-01-kutuselatt\/#breadcrumb\"},\"inLanguage\":\"en-US\",\"potentialAction\":[{\"@type\":\"ReadAction\",\"target\":[[\"https:\/\/tuunerstuudio.ee\/en\/toode\/honda-acura-integra-94-01-kutuselatt\/\"]]}]},{\"@type\":\"ImageObject\",\"inLanguage\":\"en-US\",\"@id\":\"https:\/\/tuunerstuudio.ee\/en\/toode\/honda-acura-integra-94-01-kutuselatt\/#primaryimage\",\"url\":\"https:\/\/tuunerstuudio.ee\/wp-content\/uploads\/2025\/12\/listwa-paliwowa-aeromotive-honda-acura-integra-94-01-1.jpg\",\"contentUrl\":\"https:\/\/tuunerstuudio.ee\/wp-content\/uploads\/2025\/12\/listwa-paliwowa-aeromotive-honda-acura-integra-94-01-1.jpg\",\"width\":700,\"height\":700},{\"@type\":\"BreadcrumbList\",\"@id\":\"https:\/\/tuunerstuudio.ee\/en\/toode\/honda-acura-integra-94-01-kutuselatt\/#breadcrumb\",\"itemListElement\":[{\"@type\":\"ListItem\",\"position\":1,\"name\":\"Home\",\"item\":\"https:\/\/tuunerstuudio.ee\/en\/\"},{\"@type\":\"ListItem\",\"position\":2,\"name\":\"Tooted\",\"item\":\"https:\/\/www.tuunerstuudio.ee\/tooted\/\"},{\"@type\":\"ListItem\",\"position\":3,\"name\":\"Honda &#038; Acura Integra 94-01 k\u00fctuselatt\"}]},{\"@type\":\"WebSite\",\"@id\":\"https:\/\/tuunerstuudio.ee\/en\/#website\",\"url\":\"https:\/\/tuunerstuudio.ee\/en\/\",\"name\":\"tuunerstuudio\",\"description\":\"\",\"potentialAction\":[{\"@type\":\"SearchAction\",\"target\":{\"@type\":\"EntryPoint\",\"urlTemplate\":\"https:\/\/tuunerstuudio.ee\/en\/?s={search_term_string}\"},\"query-input\":{\"@type\":\"PropertyValueSpecification\",\"valueRequired\":true,\"valueName\":\"search_term_string\"}}],\"inLanguage\":\"en-US\"}]}<\/script>\n<!-- \/ Yoast SEO plugin. -->","yoast_head_json":{"title":"Honda & Acura Integra 1994\u20132001 fuel rail - TuunerStuudio","robots":{"index":"index","follow":"follow","max-snippet":"max-snippet:-1","max-image-preview":"max-image-preview:large","max-video-preview":"max-video-preview:-1"},"canonical":"https:\/\/tuunerstuudio.ee\/en\/toode\/honda-acura-integra-94-01-kutuselatt\/","og_locale":"en_US","og_type":"article","og_title":"Honda & Acura Integra 1994\u20132001 fuel rail - TuunerStuudio","og_description":"Sobib 1994\u20132001 Acura Integra mootoritele (ainult k\u00fctuselatid)  ORB-08 pordid kompaktsete \u00fchenduste ja lekkekindla tihendusega  T\u00e4ielik 5\/8\" sisel\u00e4bim\u00f5\u00f5t, toetab kuni 3 000 hj  T\u00e4ielikult \u00fchilduv -10 AN k\u00fctusetorudega, kasutades ORB-08\/AN-10 adapterit (P\/N 15641)  T\u00e4issuuruses pordid m\u00f5lemas otsas tagavad optimaalse pihustite varustuse ja minimaalse r\u00f5huk\u00f5ikumise  Lisasisendi ja -v\u00e4ljundi pordid lihtsamaks torustiku paigalduseks  CNC-t\u00f6\u00f6deldud alumiiniumist plokk tagab suurep\u00e4rase sobivuse ja viimistluse  Ei ole lubatud m\u00fc\u00fcgiks ega kasutamiseks heitgaaside kontrolliga s\u00f5idukitel, v\u00e4lja arvatud OEM-ile vastava asendusdetailina  Terasest kinnitusklambrid, spetsiaalselt iga rakenduse jaoks projekteeritud, tagavad tugeva kinnituse ja lihtsa paigalduse  Punane Type II anodeeritud viimistlus kaitseb korrosiooni eest ja annab esmaklassilise v\u00e4limuse","og_url":"https:\/\/tuunerstuudio.ee\/en\/toode\/honda-acura-integra-94-01-kutuselatt\/","og_site_name":"TuunerStuudio","article_modified_time":"2025-12-19T12:49:19+00:00","og_image":[{"width":700,"height":700,"url":"https:\/\/tuunerstuudio.ee\/wp-content\/uploads\/2025\/12\/listwa-paliwowa-aeromotive-honda-acura-integra-94-01-1.jpg","type":"image\/jpeg"}],"twitter_card":"summary_large_image","twitter_misc":{"Est. reading time":"1 minute"},"schema":{"@context":"https:\/\/schema.org","@graph":[{"@type":"WebPage","@id":"https:\/\/tuunerstuudio.ee\/en\/toode\/honda-acura-integra-94-01-kutuselatt\/","url":"https:\/\/tuunerstuudio.ee\/en\/toode\/honda-acura-integra-94-01-kutuselatt\/","name":"Honda & Acura Integra 1994\u20132001 fuel rail - TuunerStuudio","isPartOf":{"@id":"https:\/\/tuunerstuudio.ee\/en\/#website"},"primaryImageOfPage":{"@id":"https:\/\/tuunerstuudio.ee\/en\/toode\/honda-acura-integra-94-01-kutuselatt\/#primaryimage"},"image":{"@id":"https:\/\/tuunerstuudio.ee\/toode\/honda-acura-integra-94-01-kutuselatt\/#primaryimage"},"thumbnailUrl":"https:\/\/tuunerstuudio.ee\/wp-content\/uploads\/2025\/12\/listwa-paliwowa-aeromotive-honda-acura-integra-94-01-1.jpg","datePublished":"2025-12-19T12:45:07+00:00","dateModified":"2025-12-19T12:49:19+00:00","breadcrumb":{"@id":"https:\/\/tuunerstuudio.ee\/en\/toode\/honda-acura-integra-94-01-kutuselatt\/#breadcrumb"},"inLanguage":"en-US","potentialAction":[{"@type":"ReadAction","target":[["https:\/\/tuunerstuudio.ee\/en\/toode\/honda-acura-integra-94-01-kutuselatt\/"]]}]},{"@type":"ImageObject","inLanguage":"en-US","@id":"https:\/\/tuunerstuudio.ee\/en\/toode\/honda-acura-integra-94-01-kutuselatt\/#primaryimage","url":"https:\/\/tuunerstuudio.ee\/wp-content\/uploads\/2025\/12\/listwa-paliwowa-aeromotive-honda-acura-integra-94-01-1.jpg","contentUrl":"https:\/\/tuunerstuudio.ee\/wp-content\/uploads\/2025\/12\/listwa-paliwowa-aeromotive-honda-acura-integra-94-01-1.jpg","width":700,"height":700},{"@type":"BreadcrumbList","@id":"https:\/\/tuunerstuudio.ee\/en\/toode\/honda-acura-integra-94-01-kutuselatt\/#breadcrumb","itemListElement":[{"@type":"ListItem","position":1,"name":"Home","item":"https:\/\/tuunerstuudio.ee\/en\/"},{"@type":"ListItem","position":2,"name":"Tooted","item":"https:\/\/www.tuunerstuudio.ee\/tooted\/"},{"@type":"ListItem","position":3,"name":"Honda &#038; Acura Integra 94-01 k\u00fctuselatt"}]},{"@type":"WebSite","@id":"https:\/\/tuunerstuudio.ee\/en\/#website","url":"https:\/\/tuunerstuudio.ee\/en\/","name":"tuunerstuudio","description":"","potentialAction":[{"@type":"SearchAction","target":{"@type":"EntryPoint","urlTemplate":"https:\/\/tuunerstuudio.ee\/en\/?s={search_term_string}"},"query-input":{"@type":"PropertyValueSpecification","valueRequired":true,"valueName":"search_term_string"}}],"inLanguage":"en-US"}]}},"_links":{"self":[{"href":"https:\/\/tuunerstuudio.ee\/en\/wp-json\/wp\/v2\/product\/31588","targetHints":{"allow":["GET"]}}],"collection":[{"href":"https:\/\/tuunerstuudio.ee\/en\/wp-json\/wp\/v2\/product"}],"about":[{"href":"https:\/\/tuunerstuudio.ee\/en\/wp-json\/wp\/v2\/types\/product"}],"replies":[{"embeddable":true,"href":"https:\/\/tuunerstuudio.ee\/en\/wp-json\/wp\/v2\/comments?post=31588"}],"wp:featuredmedia":[{"embeddable":true,"href":"https:\/\/tuunerstuudio.ee\/en\/wp-json\/wp\/v2\/media\/31589"}],"wp:attachment":[{"href":"https:\/\/tuunerstuudio.ee\/en\/wp-json\/wp\/v2\/media?parent=31588"}],"wp:term":[{"taxonomy":"product_brand","embeddable":true,"href":"https:\/\/tuunerstuudio.ee\/en\/wp-json\/wp\/v2\/product_brand?post=31588"},{"taxonomy":"product_cat","embeddable":true,"href":"https:\/\/tuunerstuudio.ee\/en\/wp-json\/wp\/v2\/product_cat?post=31588"},{"taxonomy":"product_tag","embeddable":true,"href":"https:\/\/tuunerstuudio.ee\/en\/wp-json\/wp\/v2\/product_tag?post=31588"}],"curies":[{"name":"wp","href":"https:\/\/api.w.org\/{rel}","templated":true}]}}