{"id":2792,"date":"2024-10-11T14:27:25","date_gmt":"2024-10-11T11:27:25","guid":{"rendered":"https:\/\/tuunerstuudio.ee\/uuswp\/?post_type=product&#038;p=2792"},"modified":"2024-11-12T19:54:54","modified_gmt":"2024-11-12T17:54:54","slug":"suvi-performance-pedalbox-evo","status":"publish","type":"product","link":"https:\/\/tuunerstuudio.ee\/en\/toode\/suvi-performance-pedalbox-evo\/","title":{"rendered":"Suvi Performance pedalbox &#8220;EVO&#8221;"},"content":{"rendered":"<p><a href=\"https:\/\/tuunerstuudio.ee\/wp-content\/uploads\/2023\/02\/331425248_860667898342788_3895287108375975941_n.png\"><img loading=\"lazy\" decoding=\"async\" class=\" wd-lazy-fade wp-image-11298 size-large aligncenter\" src=\"https:\/\/tuunerstuudio.ee\/wp-content\/themes\/tuunerstuudio5\/images\/lazy.svg\" data-src=\"https:\/\/tuunerstuudio.ee\/wp-content\/uploads\/2023\/02\/331425248_860667898342788_3895287108375975941_n-1024x831.png\" alt=\"\" width=\"1024\" height=\"831\" \/><\/a><\/p>\n<p>&nbsp;<\/p>\n<p><a href=\"https:\/\/tuunerstuudio.ee\/wp-content\/uploads\/2023\/02\/330819343_1363756344412728_113278373855325740_n.png\"><img loading=\"lazy\" decoding=\"async\" class=\" wd-lazy-fade wp-image-11301 size-large aligncenter\" src=\"https:\/\/tuunerstuudio.ee\/wp-content\/themes\/tuunerstuudio5\/images\/lazy.svg\" data-src=\"https:\/\/tuunerstuudio.ee\/wp-content\/uploads\/2023\/02\/330819343_1363756344412728_113278373855325740_n-1024x643.png\" alt=\"\" width=\"1024\" height=\"643\" \/><\/a><\/p>\n<p>&nbsp;<\/p>\n<p><a href=\"https:\/\/tuunerstuudio.ee\/wp-content\/uploads\/2023\/02\/331019965_720421216230209_8367396597819372821_n.png\"><img loading=\"lazy\" decoding=\"async\" class=\" wd-lazy-fade wp-image-11300 size-large aligncenter\" src=\"https:\/\/tuunerstuudio.ee\/wp-content\/themes\/tuunerstuudio5\/images\/lazy.svg\" data-src=\"https:\/\/tuunerstuudio.ee\/wp-content\/uploads\/2023\/02\/331019965_720421216230209_8367396597819372821_n-1024x832.png\" alt=\"\" width=\"1024\" height=\"832\" \/><\/a><\/p>\n<p>&nbsp;<\/p>\n<p>EST<\/p>\n<p>Strenx terasest raam<br \/>\nCNC freesitud 6082T6 alumiinium pedaalid<br \/>\nFEA optimeeritud disain<br \/>\nAlumiinium detailid anodeeritud<br \/>\nTerasraam kaetud musta tsingiga<br \/>\nSpetsiaalsed eelpingega ja m\u00e4\u00e4rdevabad puksid pedaalidel. Ei karda niiskust ega mustust<br \/>\nGaasitrossi ja elektroonilise segusiibri juhtimise v\u00f5imalus<br \/>\nRoostevabast terasest kannatugi<br \/>\nAlumiiniumist kannaplaat<br \/>\nValmistatud Eestis<\/p>\n<p>ENG<\/p>\n<p>Strenx steel main frame<br \/>\nCNC machined 6082T6 aluminium pedals<br \/>\nFEA optimized design<br \/>\nAluminium parts anodized<br \/>\nSteel frame coated with black zinc<br \/>\nPretensioned lubrication free bushings on pedals. Resistant to moisture and dirt<br \/>\nThrottle cable and DBW option<br \/>\nStainless steel heel support<br \/>\nAluminium heel plate<br \/>\nMade in Estonia<\/p>\n<p>SWE<\/p>\n<p>Strenx st\u00e5l ram<br \/>\nCNC bearbetade 6082T6 aluminium handtag<br \/>\nFEA optimerat design<br \/>\nAluminium detaljer eloxerade<br \/>\nSt\u00e5l ram ytbehandlad med svart zinc<br \/>\nF\u00f6rsp\u00e4nda sm\u00f6rjfria bussningar p\u00e5 handtaget. Motst\u00e5ndskraftig mot fukt och smuts<br \/>\nTillverkad Estland<\/p>","protected":false},"excerpt":{"rendered":"<p>The TPS sensor is included with the electric throttle pedal<\/p>\n<ul>\n<li>Strenx steel main frame<\/li>\n<li>CNC machined 6082T6 aluminium pedals<\/li>\n<li>FEA optimized design<\/li>\n<li>Aluminium parts anodized<\/li>\n<li>Steel frame coated with black zinc<\/li>\n<li>Pretensioned lubrication free bushings on pedals. Resistant to moisture and dirt<\/li>\n<li>Throttle cable and DBW option<\/li>\n<li>Stainless steel heel support<\/li>\n<li>Aluminium heel plate<\/li>\n<li>Made in Estonia<\/li>\n<\/ul>\n<p>&nbsp;<\/p>\n","protected":false},"featured_media":2814,"comment_status":"closed","ping_status":"closed","template":"","meta":[],"product_brand":[],"product_cat":[156,157],"product_tag":[],"class_list":{"0":"post-2792","1":"product","2":"type-product","3":"status-publish","4":"has-post-thumbnail","6":"product_cat-pedalboxid","7":"product_cat-suvi-performance-pedalboxid","9":"first","10":"onbackorder","11":"taxable","12":"shipping-taxable","13":"purchasable","14":"product-type-variable"},"yoast_head":"<!-- This site is optimized with the Yoast SEO plugin v26.9 - https:\/\/yoast.com\/product\/yoast-seo-wordpress\/ -->\n<title>Suvi Performance pedalbox &quot;EVO&quot; - TuunerStuudio<\/title>\n<meta name=\"robots\" content=\"index, follow, max-snippet:-1, max-image-preview:large, max-video-preview:-1\" \/>\n<link rel=\"canonical\" href=\"https:\/\/tuunerstuudio.ee\/en\/toode\/suvi-performance-pedalbox-evo\/\" \/>\n<meta property=\"og:locale\" content=\"en_US\" \/>\n<meta property=\"og:type\" content=\"article\" \/>\n<meta property=\"og:title\" content=\"Suvi Performance pedalbox &quot;EVO&quot; - TuunerStuudio\" \/>\n<meta property=\"og:description\" content=\"The TPS sensor is included with the electric throttle pedal   Strenx steel main frame  CNC machined 6082T6 aluminium pedals  FEA optimized design  Aluminium parts anodized  Steel frame coated with black zinc  Pretensioned lubrication free bushings on pedals. Resistant to moisture and dirt  Throttle cable and DBW option  Stainless steel heel support  Aluminium heel plate  Made in Estonia  &nbsp;\" \/>\n<meta property=\"og:url\" content=\"https:\/\/tuunerstuudio.ee\/en\/toode\/suvi-performance-pedalbox-evo\/\" \/>\n<meta property=\"og:site_name\" content=\"TuunerStuudio\" \/>\n<meta property=\"article:modified_time\" content=\"2024-11-12T17:54:54+00:00\" \/>\n<meta property=\"og:image\" content=\"https:\/\/tuunerstuudio.ee\/wp-content\/uploads\/2024\/10\/331045654_873252267234335_4554340165327004921_n.png\" \/>\n\t<meta property=\"og:image:width\" content=\"1371\" \/>\n\t<meta property=\"og:image:height\" content=\"953\" \/>\n\t<meta property=\"og:image:type\" content=\"image\/png\" \/>\n<meta name=\"twitter:card\" content=\"summary_large_image\" \/>\n<meta name=\"twitter:label1\" content=\"Est. reading time\" \/>\n\t<meta name=\"twitter:data1\" content=\"1 minute\" \/>\n<script type=\"application\/ld+json\" class=\"yoast-schema-graph\">{\"@context\":\"https:\/\/schema.org\",\"@graph\":[{\"@type\":\"WebPage\",\"@id\":\"https:\/\/tuunerstuudio.ee\/en\/toode\/suvi-performance-pedalbox-evo\/\",\"url\":\"https:\/\/tuunerstuudio.ee\/en\/toode\/suvi-performance-pedalbox-evo\/\",\"name\":\"Suvi Performance pedalbox \\\"EVO\\\" - TuunerStuudio\",\"isPartOf\":{\"@id\":\"https:\/\/tuunerstuudio.ee\/en\/#website\"},\"primaryImageOfPage\":{\"@id\":\"https:\/\/tuunerstuudio.ee\/en\/toode\/suvi-performance-pedalbox-evo\/#primaryimage\"},\"image\":{\"@id\":\"https:\/\/tuunerstuudio.ee\/toode\/suvi-performance-pedalbox-evo\/#primaryimage\"},\"thumbnailUrl\":\"https:\/\/tuunerstuudio.ee\/wp-content\/uploads\/2024\/10\/331045654_873252267234335_4554340165327004921_n.png\",\"datePublished\":\"2024-10-11T11:27:25+00:00\",\"dateModified\":\"2024-11-12T17:54:54+00:00\",\"breadcrumb\":{\"@id\":\"https:\/\/tuunerstuudio.ee\/en\/toode\/suvi-performance-pedalbox-evo\/#breadcrumb\"},\"inLanguage\":\"en-US\",\"potentialAction\":[{\"@type\":\"ReadAction\",\"target\":[[\"https:\/\/tuunerstuudio.ee\/en\/toode\/suvi-performance-pedalbox-evo\/\"]]}]},{\"@type\":\"ImageObject\",\"inLanguage\":\"en-US\",\"@id\":\"https:\/\/tuunerstuudio.ee\/en\/toode\/suvi-performance-pedalbox-evo\/#primaryimage\",\"url\":\"https:\/\/tuunerstuudio.ee\/wp-content\/uploads\/2024\/10\/331045654_873252267234335_4554340165327004921_n.png\",\"contentUrl\":\"https:\/\/tuunerstuudio.ee\/wp-content\/uploads\/2024\/10\/331045654_873252267234335_4554340165327004921_n.png\",\"width\":1371,\"height\":953},{\"@type\":\"BreadcrumbList\",\"@id\":\"https:\/\/tuunerstuudio.ee\/en\/toode\/suvi-performance-pedalbox-evo\/#breadcrumb\",\"itemListElement\":[{\"@type\":\"ListItem\",\"position\":1,\"name\":\"Home\",\"item\":\"https:\/\/tuunerstuudio.ee\/en\/\"},{\"@type\":\"ListItem\",\"position\":2,\"name\":\"Tooted\",\"item\":\"https:\/\/www.tuunerstuudio.ee\/tooted\/\"},{\"@type\":\"ListItem\",\"position\":3,\"name\":\"Suvi Performance pedalbox &#8220;EVO&#8221;\"}]},{\"@type\":\"WebSite\",\"@id\":\"https:\/\/tuunerstuudio.ee\/en\/#website\",\"url\":\"https:\/\/tuunerstuudio.ee\/en\/\",\"name\":\"tuunerstuudio\",\"description\":\"\",\"potentialAction\":[{\"@type\":\"SearchAction\",\"target\":{\"@type\":\"EntryPoint\",\"urlTemplate\":\"https:\/\/tuunerstuudio.ee\/en\/?s={search_term_string}\"},\"query-input\":{\"@type\":\"PropertyValueSpecification\",\"valueRequired\":true,\"valueName\":\"search_term_string\"}}],\"inLanguage\":\"en-US\"}]}<\/script>\n<!-- \/ Yoast SEO plugin. -->","yoast_head_json":{"title":"Suvi Performance pedalbox \"EVO\" - TuunerStuudio","robots":{"index":"index","follow":"follow","max-snippet":"max-snippet:-1","max-image-preview":"max-image-preview:large","max-video-preview":"max-video-preview:-1"},"canonical":"https:\/\/tuunerstuudio.ee\/en\/toode\/suvi-performance-pedalbox-evo\/","og_locale":"en_US","og_type":"article","og_title":"Suvi Performance pedalbox \"EVO\" - TuunerStuudio","og_description":"The TPS sensor is included with the electric throttle pedal   Strenx steel main frame  CNC machined 6082T6 aluminium pedals  FEA optimized design  Aluminium parts anodized  Steel frame coated with black zinc  Pretensioned lubrication free bushings on pedals. Resistant to moisture and dirt  Throttle cable and DBW option  Stainless steel heel support  Aluminium heel plate  Made in Estonia  &nbsp;","og_url":"https:\/\/tuunerstuudio.ee\/en\/toode\/suvi-performance-pedalbox-evo\/","og_site_name":"TuunerStuudio","article_modified_time":"2024-11-12T17:54:54+00:00","og_image":[{"width":1371,"height":953,"url":"https:\/\/tuunerstuudio.ee\/wp-content\/uploads\/2024\/10\/331045654_873252267234335_4554340165327004921_n.png","type":"image\/png"}],"twitter_card":"summary_large_image","twitter_misc":{"Est. reading time":"1 minute"},"schema":{"@context":"https:\/\/schema.org","@graph":[{"@type":"WebPage","@id":"https:\/\/tuunerstuudio.ee\/en\/toode\/suvi-performance-pedalbox-evo\/","url":"https:\/\/tuunerstuudio.ee\/en\/toode\/suvi-performance-pedalbox-evo\/","name":"Suvi Performance pedalbox \"EVO\" - TuunerStuudio","isPartOf":{"@id":"https:\/\/tuunerstuudio.ee\/en\/#website"},"primaryImageOfPage":{"@id":"https:\/\/tuunerstuudio.ee\/en\/toode\/suvi-performance-pedalbox-evo\/#primaryimage"},"image":{"@id":"https:\/\/tuunerstuudio.ee\/toode\/suvi-performance-pedalbox-evo\/#primaryimage"},"thumbnailUrl":"https:\/\/tuunerstuudio.ee\/wp-content\/uploads\/2024\/10\/331045654_873252267234335_4554340165327004921_n.png","datePublished":"2024-10-11T11:27:25+00:00","dateModified":"2024-11-12T17:54:54+00:00","breadcrumb":{"@id":"https:\/\/tuunerstuudio.ee\/en\/toode\/suvi-performance-pedalbox-evo\/#breadcrumb"},"inLanguage":"en-US","potentialAction":[{"@type":"ReadAction","target":[["https:\/\/tuunerstuudio.ee\/en\/toode\/suvi-performance-pedalbox-evo\/"]]}]},{"@type":"ImageObject","inLanguage":"en-US","@id":"https:\/\/tuunerstuudio.ee\/en\/toode\/suvi-performance-pedalbox-evo\/#primaryimage","url":"https:\/\/tuunerstuudio.ee\/wp-content\/uploads\/2024\/10\/331045654_873252267234335_4554340165327004921_n.png","contentUrl":"https:\/\/tuunerstuudio.ee\/wp-content\/uploads\/2024\/10\/331045654_873252267234335_4554340165327004921_n.png","width":1371,"height":953},{"@type":"BreadcrumbList","@id":"https:\/\/tuunerstuudio.ee\/en\/toode\/suvi-performance-pedalbox-evo\/#breadcrumb","itemListElement":[{"@type":"ListItem","position":1,"name":"Home","item":"https:\/\/tuunerstuudio.ee\/en\/"},{"@type":"ListItem","position":2,"name":"Tooted","item":"https:\/\/www.tuunerstuudio.ee\/tooted\/"},{"@type":"ListItem","position":3,"name":"Suvi Performance pedalbox &#8220;EVO&#8221;"}]},{"@type":"WebSite","@id":"https:\/\/tuunerstuudio.ee\/en\/#website","url":"https:\/\/tuunerstuudio.ee\/en\/","name":"tuunerstuudio","description":"","potentialAction":[{"@type":"SearchAction","target":{"@type":"EntryPoint","urlTemplate":"https:\/\/tuunerstuudio.ee\/en\/?s={search_term_string}"},"query-input":{"@type":"PropertyValueSpecification","valueRequired":true,"valueName":"search_term_string"}}],"inLanguage":"en-US"}]}},"_links":{"self":[{"href":"https:\/\/tuunerstuudio.ee\/en\/wp-json\/wp\/v2\/product\/2792","targetHints":{"allow":["GET"]}}],"collection":[{"href":"https:\/\/tuunerstuudio.ee\/en\/wp-json\/wp\/v2\/product"}],"about":[{"href":"https:\/\/tuunerstuudio.ee\/en\/wp-json\/wp\/v2\/types\/product"}],"replies":[{"embeddable":true,"href":"https:\/\/tuunerstuudio.ee\/en\/wp-json\/wp\/v2\/comments?post=2792"}],"wp:featuredmedia":[{"embeddable":true,"href":"https:\/\/tuunerstuudio.ee\/en\/wp-json\/wp\/v2\/media\/2814"}],"wp:attachment":[{"href":"https:\/\/tuunerstuudio.ee\/en\/wp-json\/wp\/v2\/media?parent=2792"}],"wp:term":[{"taxonomy":"product_brand","embeddable":true,"href":"https:\/\/tuunerstuudio.ee\/en\/wp-json\/wp\/v2\/product_brand?post=2792"},{"taxonomy":"product_cat","embeddable":true,"href":"https:\/\/tuunerstuudio.ee\/en\/wp-json\/wp\/v2\/product_cat?post=2792"},{"taxonomy":"product_tag","embeddable":true,"href":"https:\/\/tuunerstuudio.ee\/en\/wp-json\/wp\/v2\/product_tag?post=2792"}],"curies":[{"name":"wp","href":"https:\/\/api.w.org\/{rel}","templated":true}]}}