{"id":2791,"date":"2024-10-11T14:27:25","date_gmt":"2024-10-11T11:27:25","guid":{"rendered":"https:\/\/tuunerstuudio.ee\/uuswp\/?post_type=product&#038;p=2791"},"modified":"2025-10-29T14:51:13","modified_gmt":"2025-10-29T12:51:13","slug":"suvi-performance-hudrokasipidur-evo","status":"publish","type":"product","link":"https:\/\/tuunerstuudio.ee\/en\/toode\/suvi-performance-hudrokasipidur-evo\/","title":{"rendered":"Suvi Performance h\u00fcdrok\u00e4sipidur &#8220;EVO&#8221;"},"content":{"rendered":"<p>&nbsp;<\/p>\n<p><a href=\"https:\/\/tuunerstuudio.ee\/wp-content\/uploads\/2023\/02\/330980155_577158047420422_2028529019465626034_n.png\"><img loading=\"lazy\" decoding=\"async\" class=\" wd-lazy-fade size-full wp-image-11305 aligncenter\" src=\"https:\/\/tuunerstuudio.ee\/wp-content\/themes\/tuunerstuudio5\/images\/lazy.svg\" data-src=\"https:\/\/tuunerstuudio.ee\/wp-content\/uploads\/2023\/02\/330980155_577158047420422_2028529019465626034_n.png\" alt=\"\" width=\"1097\" height=\"964\" \/><\/a><\/p>\n<p><strong>ENG<\/strong><\/p>\n<p>Strenx steel frame<br \/>\nCNC machined 6082T6 aluminium handle<br \/>\nFEA optimized design<br \/>\nAluminium parts anodized<br \/>\nSteel frame rumbled and coated with black zinc<br \/>\nPretensioned lubrication free bushings on handle. Resistant to moisture and dirt<br \/>\nMade in Estonia<\/p>\n<p id=\"tw-target-text\" class=\"tw-data-text tw-text-large tw-ta\" dir=\"ltr\" data-placeholder=\"T\u00f5lge\" data-ved=\"2ahUKEwjvu-P09KyEAxVMIBAIHTg2B2gQ3ewLegQIBxAU\"><strong><span class=\"Y2IQFc\" lang=\"en\">The cylinder is not included!<\/span><\/strong><\/p>\n<p><strong>SWE<\/strong><\/p>\n<p>Strenx st\u00e5l ram<br \/>\nCNC bearbetade 6082T6 aluminium handtag<br \/>\nFEA optimerat design<br \/>\nAluminium detaljer eloxerade<br \/>\nSt\u00e5l ram ytbehandlad med svart zinc<br \/>\nF\u00f6rsp\u00e4nda sm\u00f6rjfria bussningar p\u00e5 handtaget. Motst\u00e5ndskraftig mot fukt och smuts<br \/>\nTillverkad Estland<\/p>\n<p id=\"tw-target-text\" class=\"tw-data-text tw-text-large tw-ta\" dir=\"ltr\" data-placeholder=\"T\u00f5lge\" data-ved=\"2ahUKEwjvu-P09KyEAxVMIBAIHTg2B2gQ3ewLegQIBxAU\"><strong><span class=\"Y2IQFc\" lang=\"sv\">Cylindern ing\u00e5r ej!<\/span><\/strong><\/p>\n<p>&nbsp;<\/p>\n<p>&nbsp;<\/p>\n<p>&nbsp;<\/p>\n","protected":false},"excerpt":{"rendered":"<p><strong>EST<\/strong><\/p>\n<p>Strenx terasest raam<br \/>\nCNC freesitud 6082T6 alumiinium hoob<br \/>\nFEA optimeeritud disain<br \/>\nAlumiinium detailid anodeeritud<br \/>\nTerasraam trummeldatud ja kaetud musta tsingiga<br \/>\nSpetsiaalsed eelpingega ja m\u00e4\u00e4rdevabad puksid pedaalidel. Ei karda niiskust ega mustust<br \/>\nValmistatud Eestis<\/p>\n<p><strong>Silinder ei kuulu komplekti!\u00a0<\/strong><\/p>\n","protected":false},"featured_media":2813,"comment_status":"closed","ping_status":"closed","template":"","meta":[],"product_brand":[],"product_cat":[154,155],"product_tag":[],"class_list":{"0":"post-2791","1":"product","2":"type-product","3":"status-publish","4":"has-post-thumbnail","6":"product_cat-hudraulilised-kasipidurid","7":"product_cat-suvi-performance","9":"first","10":"onbackorder","11":"taxable","12":"shipping-taxable","13":"purchasable","14":"product-type-simple"},"yoast_head":"<!-- This site is optimized with the Yoast SEO plugin v26.9 - https:\/\/yoast.com\/product\/yoast-seo-wordpress\/ -->\n<title>Suvi Performance h\u00fcdrok\u00e4sipidur &quot;EVO&quot; - TuunerStuudio<\/title>\n<meta name=\"robots\" content=\"index, follow, max-snippet:-1, max-image-preview:large, max-video-preview:-1\" \/>\n<link rel=\"canonical\" href=\"https:\/\/tuunerstuudio.ee\/en\/toode\/suvi-performance-hudrokasipidur-evo\/\" \/>\n<meta property=\"og:locale\" content=\"en_US\" \/>\n<meta property=\"og:type\" content=\"article\" \/>\n<meta property=\"og:title\" content=\"Suvi Performance h\u00fcdrok\u00e4sipidur &quot;EVO&quot; - TuunerStuudio\" \/>\n<meta property=\"og:description\" content=\"EST  Strenx terasest raam CNC freesitud 6082T6 alumiinium hoob FEA optimeeritud disain Alumiinium detailid anodeeritud Terasraam trummeldatud ja kaetud musta tsingiga Spetsiaalsed eelpingega ja m\u00e4\u00e4rdevabad puksid pedaalidel. Ei karda niiskust ega mustust Valmistatud Eestis  Silinder ei kuulu komplekti!\u00a0\" \/>\n<meta property=\"og:url\" content=\"https:\/\/tuunerstuudio.ee\/en\/toode\/suvi-performance-hudrokasipidur-evo\/\" \/>\n<meta property=\"og:site_name\" content=\"TuunerStuudio\" \/>\n<meta property=\"article:modified_time\" content=\"2025-10-29T12:51:13+00:00\" \/>\n<meta property=\"og:image\" content=\"https:\/\/tuunerstuudio.ee\/wp-content\/uploads\/2024\/10\/331475227_1627208234386847_7819524874126403213_n.png\" \/>\n\t<meta property=\"og:image:width\" content=\"1085\" \/>\n\t<meta property=\"og:image:height\" content=\"958\" \/>\n\t<meta property=\"og:image:type\" content=\"image\/png\" \/>\n<meta name=\"twitter:card\" content=\"summary_large_image\" \/>\n<meta name=\"twitter:label1\" content=\"Est. reading time\" \/>\n\t<meta name=\"twitter:data1\" content=\"1 minute\" \/>\n<script type=\"application\/ld+json\" class=\"yoast-schema-graph\">{\"@context\":\"https:\/\/schema.org\",\"@graph\":[{\"@type\":\"WebPage\",\"@id\":\"https:\/\/tuunerstuudio.ee\/en\/toode\/suvi-performance-hudrokasipidur-evo\/\",\"url\":\"https:\/\/tuunerstuudio.ee\/en\/toode\/suvi-performance-hudrokasipidur-evo\/\",\"name\":\"Suvi Performance h\u00fcdrok\u00e4sipidur \\\"EVO\\\" - TuunerStuudio\",\"isPartOf\":{\"@id\":\"https:\/\/tuunerstuudio.ee\/en\/#website\"},\"primaryImageOfPage\":{\"@id\":\"https:\/\/tuunerstuudio.ee\/en\/toode\/suvi-performance-hudrokasipidur-evo\/#primaryimage\"},\"image\":{\"@id\":\"https:\/\/tuunerstuudio.ee\/toode\/suvi-performance-hudrokasipidur-evo\/#primaryimage\"},\"thumbnailUrl\":\"https:\/\/tuunerstuudio.ee\/wp-content\/uploads\/2024\/10\/331475227_1627208234386847_7819524874126403213_n.png\",\"datePublished\":\"2024-10-11T11:27:25+00:00\",\"dateModified\":\"2025-10-29T12:51:13+00:00\",\"breadcrumb\":{\"@id\":\"https:\/\/tuunerstuudio.ee\/en\/toode\/suvi-performance-hudrokasipidur-evo\/#breadcrumb\"},\"inLanguage\":\"en-US\",\"potentialAction\":[{\"@type\":\"ReadAction\",\"target\":[[\"https:\/\/tuunerstuudio.ee\/en\/toode\/suvi-performance-hudrokasipidur-evo\/\"]]}]},{\"@type\":\"ImageObject\",\"inLanguage\":\"en-US\",\"@id\":\"https:\/\/tuunerstuudio.ee\/en\/toode\/suvi-performance-hudrokasipidur-evo\/#primaryimage\",\"url\":\"https:\/\/tuunerstuudio.ee\/wp-content\/uploads\/2024\/10\/331475227_1627208234386847_7819524874126403213_n.png\",\"contentUrl\":\"https:\/\/tuunerstuudio.ee\/wp-content\/uploads\/2024\/10\/331475227_1627208234386847_7819524874126403213_n.png\",\"width\":1085,\"height\":958},{\"@type\":\"BreadcrumbList\",\"@id\":\"https:\/\/tuunerstuudio.ee\/en\/toode\/suvi-performance-hudrokasipidur-evo\/#breadcrumb\",\"itemListElement\":[{\"@type\":\"ListItem\",\"position\":1,\"name\":\"Home\",\"item\":\"https:\/\/tuunerstuudio.ee\/en\/\"},{\"@type\":\"ListItem\",\"position\":2,\"name\":\"Tooted\",\"item\":\"https:\/\/www.tuunerstuudio.ee\/tooted\/\"},{\"@type\":\"ListItem\",\"position\":3,\"name\":\"Suvi Performance h\u00fcdrok\u00e4sipidur &#8220;EVO&#8221;\"}]},{\"@type\":\"WebSite\",\"@id\":\"https:\/\/tuunerstuudio.ee\/en\/#website\",\"url\":\"https:\/\/tuunerstuudio.ee\/en\/\",\"name\":\"tuunerstuudio\",\"description\":\"\",\"potentialAction\":[{\"@type\":\"SearchAction\",\"target\":{\"@type\":\"EntryPoint\",\"urlTemplate\":\"https:\/\/tuunerstuudio.ee\/en\/?s={search_term_string}\"},\"query-input\":{\"@type\":\"PropertyValueSpecification\",\"valueRequired\":true,\"valueName\":\"search_term_string\"}}],\"inLanguage\":\"en-US\"}]}<\/script>\n<!-- \/ Yoast SEO plugin. -->","yoast_head_json":{"title":"Suvi Performance h\u00fcdrok\u00e4sipidur \"EVO\" - TuunerStuudio","robots":{"index":"index","follow":"follow","max-snippet":"max-snippet:-1","max-image-preview":"max-image-preview:large","max-video-preview":"max-video-preview:-1"},"canonical":"https:\/\/tuunerstuudio.ee\/en\/toode\/suvi-performance-hudrokasipidur-evo\/","og_locale":"en_US","og_type":"article","og_title":"Suvi Performance h\u00fcdrok\u00e4sipidur \"EVO\" - TuunerStuudio","og_description":"EST  Strenx terasest raam CNC freesitud 6082T6 alumiinium hoob FEA optimeeritud disain Alumiinium detailid anodeeritud Terasraam trummeldatud ja kaetud musta tsingiga Spetsiaalsed eelpingega ja m\u00e4\u00e4rdevabad puksid pedaalidel. Ei karda niiskust ega mustust Valmistatud Eestis  Silinder ei kuulu komplekti!\u00a0","og_url":"https:\/\/tuunerstuudio.ee\/en\/toode\/suvi-performance-hudrokasipidur-evo\/","og_site_name":"TuunerStuudio","article_modified_time":"2025-10-29T12:51:13+00:00","og_image":[{"width":1085,"height":958,"url":"https:\/\/tuunerstuudio.ee\/wp-content\/uploads\/2024\/10\/331475227_1627208234386847_7819524874126403213_n.png","type":"image\/png"}],"twitter_card":"summary_large_image","twitter_misc":{"Est. reading time":"1 minute"},"schema":{"@context":"https:\/\/schema.org","@graph":[{"@type":"WebPage","@id":"https:\/\/tuunerstuudio.ee\/en\/toode\/suvi-performance-hudrokasipidur-evo\/","url":"https:\/\/tuunerstuudio.ee\/en\/toode\/suvi-performance-hudrokasipidur-evo\/","name":"Suvi Performance h\u00fcdrok\u00e4sipidur \"EVO\" - TuunerStuudio","isPartOf":{"@id":"https:\/\/tuunerstuudio.ee\/en\/#website"},"primaryImageOfPage":{"@id":"https:\/\/tuunerstuudio.ee\/en\/toode\/suvi-performance-hudrokasipidur-evo\/#primaryimage"},"image":{"@id":"https:\/\/tuunerstuudio.ee\/toode\/suvi-performance-hudrokasipidur-evo\/#primaryimage"},"thumbnailUrl":"https:\/\/tuunerstuudio.ee\/wp-content\/uploads\/2024\/10\/331475227_1627208234386847_7819524874126403213_n.png","datePublished":"2024-10-11T11:27:25+00:00","dateModified":"2025-10-29T12:51:13+00:00","breadcrumb":{"@id":"https:\/\/tuunerstuudio.ee\/en\/toode\/suvi-performance-hudrokasipidur-evo\/#breadcrumb"},"inLanguage":"en-US","potentialAction":[{"@type":"ReadAction","target":[["https:\/\/tuunerstuudio.ee\/en\/toode\/suvi-performance-hudrokasipidur-evo\/"]]}]},{"@type":"ImageObject","inLanguage":"en-US","@id":"https:\/\/tuunerstuudio.ee\/en\/toode\/suvi-performance-hudrokasipidur-evo\/#primaryimage","url":"https:\/\/tuunerstuudio.ee\/wp-content\/uploads\/2024\/10\/331475227_1627208234386847_7819524874126403213_n.png","contentUrl":"https:\/\/tuunerstuudio.ee\/wp-content\/uploads\/2024\/10\/331475227_1627208234386847_7819524874126403213_n.png","width":1085,"height":958},{"@type":"BreadcrumbList","@id":"https:\/\/tuunerstuudio.ee\/en\/toode\/suvi-performance-hudrokasipidur-evo\/#breadcrumb","itemListElement":[{"@type":"ListItem","position":1,"name":"Home","item":"https:\/\/tuunerstuudio.ee\/en\/"},{"@type":"ListItem","position":2,"name":"Tooted","item":"https:\/\/www.tuunerstuudio.ee\/tooted\/"},{"@type":"ListItem","position":3,"name":"Suvi Performance h\u00fcdrok\u00e4sipidur &#8220;EVO&#8221;"}]},{"@type":"WebSite","@id":"https:\/\/tuunerstuudio.ee\/en\/#website","url":"https:\/\/tuunerstuudio.ee\/en\/","name":"tuunerstuudio","description":"","potentialAction":[{"@type":"SearchAction","target":{"@type":"EntryPoint","urlTemplate":"https:\/\/tuunerstuudio.ee\/en\/?s={search_term_string}"},"query-input":{"@type":"PropertyValueSpecification","valueRequired":true,"valueName":"search_term_string"}}],"inLanguage":"en-US"}]}},"_links":{"self":[{"href":"https:\/\/tuunerstuudio.ee\/en\/wp-json\/wp\/v2\/product\/2791","targetHints":{"allow":["GET"]}}],"collection":[{"href":"https:\/\/tuunerstuudio.ee\/en\/wp-json\/wp\/v2\/product"}],"about":[{"href":"https:\/\/tuunerstuudio.ee\/en\/wp-json\/wp\/v2\/types\/product"}],"replies":[{"embeddable":true,"href":"https:\/\/tuunerstuudio.ee\/en\/wp-json\/wp\/v2\/comments?post=2791"}],"wp:featuredmedia":[{"embeddable":true,"href":"https:\/\/tuunerstuudio.ee\/en\/wp-json\/wp\/v2\/media\/2813"}],"wp:attachment":[{"href":"https:\/\/tuunerstuudio.ee\/en\/wp-json\/wp\/v2\/media?parent=2791"}],"wp:term":[{"taxonomy":"product_brand","embeddable":true,"href":"https:\/\/tuunerstuudio.ee\/en\/wp-json\/wp\/v2\/product_brand?post=2791"},{"taxonomy":"product_cat","embeddable":true,"href":"https:\/\/tuunerstuudio.ee\/en\/wp-json\/wp\/v2\/product_cat?post=2791"},{"taxonomy":"product_tag","embeddable":true,"href":"https:\/\/tuunerstuudio.ee\/en\/wp-json\/wp\/v2\/product_tag?post=2791"}],"curies":[{"name":"wp","href":"https:\/\/api.w.org\/{rel}","templated":true}]}}